{"id":17533,"date":"2024-03-06T12:40:34","date_gmt":"2024-03-06T11:40:34","guid":{"rendered":"https:\/\/www.lasoufflerie.com\/association-la-soufflerie\/"},"modified":"2024-04-02T11:48:04","modified_gmt":"2024-04-02T09:48:04","slug":"association-la-soufflerie","status":"publish","type":"page","link":"https:\/\/www.lasoufflerie.com\/fr\/association-la-soufflerie\/","title":{"rendered":"Association La Soufflerie"},"content":{"rendered":"\t\t<div data-elementor-type=\"wp-page\" data-elementor-id=\"17533\" class=\"elementor elementor-17533 elementor-16283\" data-elementor-post-type=\"page\">\n\t\t\t\t<div class=\"elementor-element elementor-element-428c0d7 e-flex e-con-boxed e-con e-parent\" data-id=\"428c0d7\" data-element_type=\"container\" data-e-type=\"container\">\n\t\t\t\t\t<div class=\"e-con-inner\">\n\t\t\t\t<div class=\"elementor-element elementor-element-acf41db elementor-widget elementor-widget-heading\" data-id=\"acf41db\" data-element_type=\"widget\" data-e-type=\"widget\" data-widget_type=\"heading.default\">\n\t\t\t\t<div class=\"elementor-widget-container\">\n\t\t\t\t\t<h2 class=\"elementor-heading-title elementor-size-default\">Association La Soufflerie<\/h2>\t\t\t\t<\/div>\n\t\t\t\t<\/div>\n\t\t\t\t\t<\/div>\n\t\t\t\t<\/div>\n\t\t<div class=\"elementor-element elementor-element-a546c33 e-flex e-con-boxed e-con e-parent\" data-id=\"a546c33\" data-element_type=\"container\" data-e-type=\"container\">\n\t\t\t\t\t<div class=\"e-con-inner\">\n\t\t\t\t<div class=\"elementor-element elementor-element-07228f0 elementor-widget elementor-widget-spacer\" data-id=\"07228f0\" data-element_type=\"widget\" data-e-type=\"widget\" data-widget_type=\"spacer.default\">\n\t\t\t\t<div class=\"elementor-widget-container\">\n\t\t\t\t\t\t\t<div class=\"elementor-spacer\">\n\t\t\t<div class=\"elementor-spacer-inner\"><\/div>\n\t\t<\/div>\n\t\t\t\t\t\t<\/div>\n\t\t\t\t<\/div>\n\t\t\t\t\t<\/div>\n\t\t\t\t<\/div>\n\t\t<div class=\"elementor-element elementor-element-44848fa e-flex e-con-boxed e-con e-parent\" data-id=\"44848fa\" data-element_type=\"container\" data-e-type=\"container\">\n\t\t\t\t\t<div class=\"e-con-inner\">\n\t\t\t\t<div class=\"elementor-element elementor-element-c305f8b elementor-widget__width-initial elementor-widget elementor-widget-text-editor\" data-id=\"c305f8b\" data-element_type=\"widget\" data-e-type=\"widget\" data-widget_type=\"text-editor.default\">\n\t\t\t\t<div class=\"elementor-widget-container\">\n\t\t\t\t\t\t\t\t\t<p>En tant que jeunes mari\u00e9s, S\u00e9bastien et Valentina ont parcouru le monde pour se familiariser avec ce m\u00e9tier tr\u00e8s ancien du souffleur de verre qu&rsquo;ils avaient commenc\u00e9 \u00e0 pratiquer \u00e0 Paris. Rapidement, ils se sont rendus compte qu&rsquo;il y avait moins de cinq souffleurs de verre professionnels dans la r\u00e9gion parisienne. La m\u00eame ann\u00e9e, les deux mentors et professeurs avec lesquels S\u00e9bastien avait \u00e9tudi\u00e9 le m\u00e9tier du soufflage du verre, sont d\u00e9c\u00e9d\u00e9s. La seule \u00e9cole de soufflage de verre de la r\u00e9gion parisienne ferme alors ses portes, mettant ainsi un terme \u00e0 l&rsquo;activit\u00e9 de soufflage de verre \u00e0 Paris.<\/p>\n\t\t\t\t\t\t\t\t<\/div>\n\t\t\t\t<\/div>\n\t\t\t\t<div class=\"elementor-element elementor-element-92b1533 elementor-widget elementor-widget-spacer\" data-id=\"92b1533\" data-element_type=\"widget\" data-e-type=\"widget\" data-widget_type=\"spacer.default\">\n\t\t\t\t<div class=\"elementor-widget-container\">\n\t\t\t\t\t\t\t<div class=\"elementor-spacer\">\n\t\t\t<div class=\"elementor-spacer-inner\"><\/div>\n\t\t<\/div>\n\t\t\t\t\t\t<\/div>\n\t\t\t\t<\/div>\n\t\t\t\t\t<\/div>\n\t\t\t\t<\/div>\n\t\t<div class=\"elementor-element elementor-element-2c054f71 e-con-full e-flex e-con e-parent\" data-id=\"2c054f71\" data-element_type=\"container\" data-e-type=\"container\">\n\t\t<div class=\"elementor-element elementor-element-63b10bbf e-flex e-con-boxed e-con e-child\" data-id=\"63b10bbf\" data-element_type=\"container\" data-e-type=\"container\" data-settings=\"{&quot;background_background&quot;:&quot;video&quot;,&quot;background_video_link&quot;:&quot;https:\\\/\\\/www.lasoufflerie.com\\\/wp-content\\\/uploads\\\/2024\\\/03\\\/video-output-BDC8A1DC-7A18-4218-A515-1DAB2AB9DB75.mp4&quot;,&quot;background_play_on_mobile&quot;:&quot;yes&quot;}\">\n\t\t\t\t\t<div class=\"e-con-inner\">\n\t\t<div class=\"elementor-background-video-container\">\n\t\t\t\t\t\t\t<video class=\"elementor-background-video-hosted\" role=\"presentation\" autoplay muted playsinline loop><\/video>\n\t\t\t\t\t<\/div>\t\t\t<\/div>\n\t\t\t\t<\/div>\n\t\t<div class=\"elementor-element elementor-element-f2627b8 e-flex e-con-boxed e-con e-child\" data-id=\"f2627b8\" data-element_type=\"container\" data-e-type=\"container\">\n\t\t\t\t\t<div class=\"e-con-inner\">\n\t\t\t\t<div class=\"elementor-element elementor-element-645772b0 elementor-widget elementor-widget-text-editor\" data-id=\"645772b0\" data-element_type=\"widget\" data-e-type=\"widget\" data-widget_type=\"text-editor.default\">\n\t\t\t\t<div class=\"elementor-widget-container\">\n\t\t\t\t\t\t\t\t\t<p>S\u00e9bastien et Valentina d\u00e9cident alors de cr\u00e9er La Soufflerie, une association \u00e0 but non lucratif qui aura pour r\u00f4le de faire vivre et perdurer l&rsquo;art du soufflage de verre. Ils cr\u00e9ent un premier atelier en 2009 destin\u00e9 aux souffleurs de verre qui peuvent venir y pr\u00e9senter leurs techniques et leur savoir-faire. Aujourd&rsquo;hui, La Soufflerie aide les ma\u00eetres verriers du monde entier en leur fournissant des outils \u00e0 la cr\u00e9ation du verre fabriqu\u00e9s \u00e0 Venise par des artisans experts italiens, et en finan\u00e7ant la construction de fours dans leurs propres ateliers.<\/p>\n\t\t\t\t\t\t\t\t<\/div>\n\t\t\t\t<\/div>\n\t\t\t\t<div class=\"elementor-element elementor-element-20ff124 elementor-button-info elementor-align-left elementor-widget elementor-widget-button\" data-id=\"20ff124\" data-element_type=\"widget\" data-e-type=\"widget\" data-widget_type=\"button.default\">\n\t\t\t\t<div class=\"elementor-widget-container\">\n\t\t\t\t\t\t\t\t\t<div class=\"elementor-button-wrapper\">\n\t\t\t\t\t<a class=\"elementor-button elementor-button-link elementor-size-md\" href=\"https:\/\/www.lasoufflerie.com\/fr\/savoir-faire\/\">\n\t\t\t\t\t\t<span class=\"elementor-button-content-wrapper\">\n\t\t\t\t\t\t\t\t\t<span class=\"elementor-button-text\">Le savoir-faire de La Soufflerie<\/span>\n\t\t\t\t\t<\/span>\n\t\t\t\t\t<\/a>\n\t\t\t\t<\/div>\n\t\t\t\t\t\t\t\t<\/div>\n\t\t\t\t<\/div>\n\t\t\t\t\t<\/div>\n\t\t\t\t<\/div>\n\t\t\t\t<\/div>\n\t\t<div class=\"elementor-element elementor-element-4b222a9 e-con-full e-flex e-con e-parent\" data-id=\"4b222a9\" data-element_type=\"container\" data-e-type=\"container\">\n\t\t\t\t<div class=\"elementor-element elementor-element-6676504 elementor-widget elementor-widget-spacer\" data-id=\"6676504\" data-element_type=\"widget\" data-e-type=\"widget\" data-widget_type=\"spacer.default\">\n\t\t\t\t<div class=\"elementor-widget-container\">\n\t\t\t\t\t\t\t<div class=\"elementor-spacer\">\n\t\t\t<div class=\"elementor-spacer-inner\"><\/div>\n\t\t<\/div>\n\t\t\t\t\t\t<\/div>\n\t\t\t\t<\/div>\n\t\t\t\t<\/div>\n\t\t<div class=\"elementor-element elementor-element-b3e0dff e-flex e-con-boxed e-con e-parent\" data-id=\"b3e0dff\" data-element_type=\"container\" data-e-type=\"container\">\n\t\t\t\t\t<div class=\"e-con-inner\">\n\t\t\t\t<div class=\"elementor-element elementor-element-3a9c2ad elementor-widget__width-initial elementor-widget elementor-widget-text-editor\" data-id=\"3a9c2ad\" data-element_type=\"widget\" data-e-type=\"widget\" data-widget_type=\"text-editor.default\">\n\t\t\t\t<div class=\"elementor-widget-container\">\n\t\t\t\t\t\t\t\t\t<p>L&rsquo;association La Soufflerie continue de reverser ses b\u00e9n\u00e9fices aux souffleurs de verre afin de maintenir cet art ancestral en vie. Elle s&rsquo;est \u00e9galement d\u00e9velopp\u00e9e en organisant des ateliers de formation \u00e0 la fabrication de bougies et au moulage en pl\u00e2tre \u00e0 travers le monde.<\/p>\n\t\t\t\t\t\t\t\t<\/div>\n\t\t\t\t<\/div>\n\t\t\t\t\t<\/div>\n\t\t\t\t<\/div>\n\t\t<div class=\"elementor-element elementor-element-3d3053b e-flex e-con-boxed e-con e-parent\" data-id=\"3d3053b\" data-element_type=\"container\" data-e-type=\"container\">\n\t\t\t\t\t<div class=\"e-con-inner\">\n\t\t\t\t<div class=\"elementor-element elementor-element-82f77b3 elementor-widget elementor-widget-spacer\" data-id=\"82f77b3\" data-element_type=\"widget\" data-e-type=\"widget\" data-widget_type=\"spacer.default\">\n\t\t\t\t<div class=\"elementor-widget-container\">\n\t\t\t\t\t\t\t<div class=\"elementor-spacer\">\n\t\t\t<div class=\"elementor-spacer-inner\"><\/div>\n\t\t<\/div>\n\t\t\t\t\t\t<\/div>\n\t\t\t\t<\/div>\n\t\t\t\t\t<\/div>\n\t\t\t\t<\/div>\n\t\t<div class=\"elementor-element elementor-element-3c777be e-con-full e-flex e-con e-parent\" data-id=\"3c777be\" data-element_type=\"container\" data-e-type=\"container\">\n\t\t<div class=\"elementor-element elementor-element-20d8377 e-con-full e-flex e-con e-child\" data-id=\"20d8377\" data-element_type=\"container\" data-e-type=\"container\">\n\t\t\t\t<div class=\"elementor-element elementor-element-b491035 elementor-widget elementor-widget-image\" data-id=\"b491035\" data-element_type=\"widget\" data-e-type=\"widget\" data-widget_type=\"image.default\">\n\t\t\t\t<div class=\"elementor-widget-container\">\n\t\t\t\t\t\t\t\t\t\t\t\t\t\t\t<img fetchpriority=\"high\" decoding=\"async\" width=\"800\" height=\"800\" src=\"https:\/\/www.lasoufflerie.com\/wp-content\/uploads\/2024\/03\/IMG_8783-2-1024x1024.jpg\" class=\"attachment-large size-large wp-image-16303\" alt=\"la-soufflerie-association-glass-blowing-mouth-blown-recycled-glass\" srcset=\"https:\/\/www.lasoufflerie.com\/wp-content\/uploads\/2024\/03\/IMG_8783-2-1024x1024.jpg 1024w, https:\/\/www.lasoufflerie.com\/wp-content\/uploads\/2024\/03\/IMG_8783-2-600x600.jpg 600w, https:\/\/www.lasoufflerie.com\/wp-content\/uploads\/2024\/03\/IMG_8783-2-500x500.jpg 500w, https:\/\/www.lasoufflerie.com\/wp-content\/uploads\/2024\/03\/IMG_8783-2-768x768.jpg 768w, https:\/\/www.lasoufflerie.com\/wp-content\/uploads\/2024\/03\/IMG_8783-2-1536x1536.jpg 1536w, https:\/\/www.lasoufflerie.com\/wp-content\/uploads\/2024\/03\/IMG_8783-2-2048x2048.jpg 2048w, https:\/\/www.lasoufflerie.com\/wp-content\/uploads\/2024\/03\/IMG_8783-2-1320x1320.jpg 1320w, https:\/\/www.lasoufflerie.com\/wp-content\/uploads\/2024\/03\/IMG_8783-2-100x100.jpg 100w\" sizes=\"(max-width: 800px) 100vw, 800px\" \/>\t\t\t\t\t\t\t\t\t\t\t\t\t\t\t<\/div>\n\t\t\t\t<\/div>\n\t\t\t\t<\/div>\n\t\t<div class=\"elementor-element elementor-element-ae59669 e-con-full e-flex e-con e-child\" data-id=\"ae59669\" data-element_type=\"container\" data-e-type=\"container\">\n\t\t\t\t<div class=\"elementor-element elementor-element-3f9ecb5 elementor-widget elementor-widget-image\" data-id=\"3f9ecb5\" data-element_type=\"widget\" data-e-type=\"widget\" data-widget_type=\"image.default\">\n\t\t\t\t<div class=\"elementor-widget-container\">\n\t\t\t\t\t\t\t\t\t\t\t\t\t\t\t<img decoding=\"async\" width=\"800\" height=\"800\" src=\"https:\/\/www.lasoufflerie.com\/wp-content\/uploads\/2024\/03\/IMG_0658-1024x1024.jpg\" class=\"attachment-large size-large wp-image-16301\" alt=\"la-soufflerie-association-glass-blowing-mouth-blown-recycled-glass\" srcset=\"https:\/\/www.lasoufflerie.com\/wp-content\/uploads\/2024\/03\/IMG_0658-1024x1024.jpg 1024w, https:\/\/www.lasoufflerie.com\/wp-content\/uploads\/2024\/03\/IMG_0658-600x600.jpg 600w, https:\/\/www.lasoufflerie.com\/wp-content\/uploads\/2024\/03\/IMG_0658-500x500.jpg 500w, https:\/\/www.lasoufflerie.com\/wp-content\/uploads\/2024\/03\/IMG_0658-768x768.jpg 768w, https:\/\/www.lasoufflerie.com\/wp-content\/uploads\/2024\/03\/IMG_0658-1536x1536.jpg 1536w, https:\/\/www.lasoufflerie.com\/wp-content\/uploads\/2024\/03\/IMG_0658-2048x2048.jpg 2048w, https:\/\/www.lasoufflerie.com\/wp-content\/uploads\/2024\/03\/IMG_0658-1320x1320.jpg 1320w, https:\/\/www.lasoufflerie.com\/wp-content\/uploads\/2024\/03\/IMG_0658-100x100.jpg 100w\" sizes=\"(max-width: 800px) 100vw, 800px\" \/>\t\t\t\t\t\t\t\t\t\t\t\t\t\t\t<\/div>\n\t\t\t\t<\/div>\n\t\t\t\t<\/div>\n\t\t<div class=\"elementor-element elementor-element-50617ee e-con-full e-flex e-con e-child\" data-id=\"50617ee\" data-element_type=\"container\" data-e-type=\"container\">\n\t\t\t\t<div class=\"elementor-element elementor-element-c974cfa elementor-widget elementor-widget-image\" data-id=\"c974cfa\" data-element_type=\"widget\" data-e-type=\"widget\" data-widget_type=\"image.default\">\n\t\t\t\t<div class=\"elementor-widget-container\">\n\t\t\t\t\t\t\t\t\t\t\t\t\t\t\t<img decoding=\"async\" width=\"800\" height=\"800\" src=\"https:\/\/www.lasoufflerie.com\/wp-content\/uploads\/2024\/03\/IMG_0657-1024x1024.jpg\" class=\"attachment-large size-large wp-image-16299\" alt=\"la-soufflerie-association-glass-blowing-mouth-blown-recycled-glass\" srcset=\"https:\/\/www.lasoufflerie.com\/wp-content\/uploads\/2024\/03\/IMG_0657-1024x1024.jpg 1024w, https:\/\/www.lasoufflerie.com\/wp-content\/uploads\/2024\/03\/IMG_0657-600x600.jpg 600w, https:\/\/www.lasoufflerie.com\/wp-content\/uploads\/2024\/03\/IMG_0657-500x500.jpg 500w, https:\/\/www.lasoufflerie.com\/wp-content\/uploads\/2024\/03\/IMG_0657-768x768.jpg 768w, https:\/\/www.lasoufflerie.com\/wp-content\/uploads\/2024\/03\/IMG_0657-1536x1536.jpg 1536w, https:\/\/www.lasoufflerie.com\/wp-content\/uploads\/2024\/03\/IMG_0657-2048x2048.jpg 2048w, https:\/\/www.lasoufflerie.com\/wp-content\/uploads\/2024\/03\/IMG_0657-1320x1320.jpg 1320w, https:\/\/www.lasoufflerie.com\/wp-content\/uploads\/2024\/03\/IMG_0657-100x100.jpg 100w\" sizes=\"(max-width: 800px) 100vw, 800px\" \/>\t\t\t\t\t\t\t\t\t\t\t\t\t\t\t<\/div>\n\t\t\t\t<\/div>\n\t\t\t\t<\/div>\n\t\t\t\t<\/div>\n\t\t\t\t<\/div>\n\t\t","protected":false},"excerpt":{"rendered":"<p>Association La Soufflerie En tant que jeunes mari\u00e9s, S\u00e9bastien et Valentina ont parcouru le monde pour se familiariser avec ce m\u00e9tier tr\u00e8s ancien du souffleur de verre qu&rsquo;ils avaient commenc\u00e9 \u00e0 pratiquer \u00e0 Paris. Rapidement, ils se sont rendus compte qu&rsquo;il y avait moins de cinq souffleurs de verre professionnels dans la r\u00e9gion parisienne. La [&hellip;]<\/p>\n","protected":false},"author":2,"featured_media":0,"parent":0,"menu_order":0,"comment_status":"closed","ping_status":"closed","template":"elementor_header_footer","meta":{"_acf_changed":false,"footnotes":""},"class_list":["post-17533","page","type-page","status-publish","hentry"],"acf":[],"yoast_head":"<!-- This site is optimized with the Yoast SEO plugin v27.1.1 - https:\/\/yoast.com\/product\/yoast-seo-wordpress\/ -->\n<title>Association La Soufflerie - La Soufflerie - Verre recycl\u00e9 souffl\u00e9 \u00e0 la bouche<\/title>\n<meta name=\"robots\" content=\"index, follow, max-snippet:-1, max-image-preview:large, max-video-preview:-1\" \/>\n<link rel=\"canonical\" href=\"https:\/\/www.lasoufflerie.com\/fr\/association-la-soufflerie\/\" \/>\n<meta property=\"og:locale\" content=\"fr_FR\" \/>\n<meta property=\"og:type\" content=\"article\" \/>\n<meta property=\"og:title\" content=\"Association La Soufflerie - La Soufflerie - Verre recycl\u00e9 souffl\u00e9 \u00e0 la bouche\" \/>\n<meta property=\"og:description\" content=\"Association La Soufflerie En tant que jeunes mari\u00e9s, S\u00e9bastien et Valentina ont parcouru le monde pour se familiariser avec ce m\u00e9tier tr\u00e8s ancien du souffleur de verre qu&rsquo;ils avaient commenc\u00e9 \u00e0 pratiquer \u00e0 Paris. Rapidement, ils se sont rendus compte qu&rsquo;il y avait moins de cinq souffleurs de verre professionnels dans la r\u00e9gion parisienne. La [&hellip;]\" \/>\n<meta property=\"og:url\" content=\"https:\/\/www.lasoufflerie.com\/fr\/association-la-soufflerie\/\" \/>\n<meta property=\"og:site_name\" content=\"La Soufflerie\" \/>\n<meta property=\"article:publisher\" content=\"https:\/\/facebook.com\/lasoufflerie\" \/>\n<meta property=\"article:modified_time\" content=\"2024-04-02T09:48:04+00:00\" \/>\n<meta property=\"og:image\" content=\"https:\/\/www.lasoufflerie.com\/wp-content\/uploads\/2024\/03\/IMG_8783-2-1024x1024.jpg\" \/>\n<meta name=\"twitter:card\" content=\"summary_large_image\" \/>\n<meta name=\"twitter:site\" content=\"@lasoufflerie\" \/>\n<meta name=\"twitter:label1\" content=\"Dur\u00e9e de lecture estim\u00e9e\" \/>\n\t<meta name=\"twitter:data1\" content=\"2 minutes\" \/>\n<script type=\"application\/ld+json\" class=\"yoast-schema-graph\">{\"@context\":\"https:\/\/schema.org\",\"@graph\":[{\"@type\":\"WebPage\",\"@id\":\"https:\/\/www.lasoufflerie.com\/fr\/association-la-soufflerie\/\",\"url\":\"https:\/\/www.lasoufflerie.com\/fr\/association-la-soufflerie\/\",\"name\":\"Association La Soufflerie - La Soufflerie - Verre recycl\u00e9 souffl\u00e9 \u00e0 la bouche\",\"isPartOf\":{\"@id\":\"https:\/\/www.lasoufflerie.com\/fr\/#website\"},\"primaryImageOfPage\":{\"@id\":\"https:\/\/www.lasoufflerie.com\/fr\/association-la-soufflerie\/#primaryimage\"},\"image\":{\"@id\":\"https:\/\/www.lasoufflerie.com\/fr\/association-la-soufflerie\/#primaryimage\"},\"thumbnailUrl\":\"https:\/\/www.lasoufflerie.com\/wp-content\/uploads\/2024\/03\/IMG_8783-2-1024x1024.jpg\",\"datePublished\":\"2024-03-06T11:40:34+00:00\",\"dateModified\":\"2024-04-02T09:48:04+00:00\",\"breadcrumb\":{\"@id\":\"https:\/\/www.lasoufflerie.com\/fr\/association-la-soufflerie\/#breadcrumb\"},\"inLanguage\":\"fr-FR\",\"potentialAction\":[{\"@type\":\"ReadAction\",\"target\":[\"https:\/\/www.lasoufflerie.com\/fr\/association-la-soufflerie\/\"]}]},{\"@type\":\"ImageObject\",\"inLanguage\":\"fr-FR\",\"@id\":\"https:\/\/www.lasoufflerie.com\/fr\/association-la-soufflerie\/#primaryimage\",\"url\":\"https:\/\/www.lasoufflerie.com\/wp-content\/uploads\/2024\/03\/IMG_8783-2-1024x1024.jpg\",\"contentUrl\":\"https:\/\/www.lasoufflerie.com\/wp-content\/uploads\/2024\/03\/IMG_8783-2-1024x1024.jpg\"},{\"@type\":\"BreadcrumbList\",\"@id\":\"https:\/\/www.lasoufflerie.com\/fr\/association-la-soufflerie\/#breadcrumb\",\"itemListElement\":[{\"@type\":\"ListItem\",\"position\":1,\"name\":\"Home\",\"item\":\"https:\/\/www.lasoufflerie.com\/fr\/\"},{\"@type\":\"ListItem\",\"position\":2,\"name\":\"Association La Soufflerie\"}]},{\"@type\":\"WebSite\",\"@id\":\"https:\/\/www.lasoufflerie.com\/fr\/#website\",\"url\":\"https:\/\/www.lasoufflerie.com\/fr\/\",\"name\":\"La Soufflerie\",\"description\":\"Glass blowing craft\",\"publisher\":{\"@id\":\"https:\/\/www.lasoufflerie.com\/fr\/#organization\"},\"potentialAction\":[{\"@type\":\"SearchAction\",\"target\":{\"@type\":\"EntryPoint\",\"urlTemplate\":\"https:\/\/www.lasoufflerie.com\/fr\/?s={search_term_string}\"},\"query-input\":{\"@type\":\"PropertyValueSpecification\",\"valueRequired\":true,\"valueName\":\"search_term_string\"}}],\"inLanguage\":\"fr-FR\"},{\"@type\":\"Organization\",\"@id\":\"https:\/\/www.lasoufflerie.com\/fr\/#organization\",\"name\":\"La Soufflerie\",\"url\":\"https:\/\/www.lasoufflerie.com\/fr\/\",\"logo\":{\"@type\":\"ImageObject\",\"inLanguage\":\"fr-FR\",\"@id\":\"https:\/\/www.lasoufflerie.com\/fr\/#\/schema\/logo\/image\/\",\"url\":\"https:\/\/www.lasoufflerie.com\/wp-content\/uploads\/2023\/11\/Logo-La-Soufflerie-black.png\",\"contentUrl\":\"https:\/\/www.lasoufflerie.com\/wp-content\/uploads\/2023\/11\/Logo-La-Soufflerie-black.png\",\"width\":2362,\"height\":2362,\"caption\":\"La Soufflerie\"},\"image\":{\"@id\":\"https:\/\/www.lasoufflerie.com\/fr\/#\/schema\/logo\/image\/\"},\"sameAs\":[\"https:\/\/facebook.com\/lasoufflerie\",\"https:\/\/x.com\/lasoufflerie\",\"https:\/\/instagram.com\/lasoufflerie\",\"https:\/\/www.linkedin.com\/company\/9327780?trk=tyah&amp;amp;amp;trkInfo=clickedVertical:company,clickedEntityId:9327780,idx:2-1-2,tarId:1458824308330,tas:lasouff\",\"https:\/\/pinterest.com\/lasoufflerie\"]}]}<\/script>\n<!-- \/ Yoast SEO plugin. -->","yoast_head_json":{"title":"Association La Soufflerie - La Soufflerie - Verre recycl\u00e9 souffl\u00e9 \u00e0 la bouche","robots":{"index":"index","follow":"follow","max-snippet":"max-snippet:-1","max-image-preview":"max-image-preview:large","max-video-preview":"max-video-preview:-1"},"canonical":"https:\/\/www.lasoufflerie.com\/fr\/association-la-soufflerie\/","og_locale":"fr_FR","og_type":"article","og_title":"Association La Soufflerie - La Soufflerie - Verre recycl\u00e9 souffl\u00e9 \u00e0 la bouche","og_description":"Association La Soufflerie En tant que jeunes mari\u00e9s, S\u00e9bastien et Valentina ont parcouru le monde pour se familiariser avec ce m\u00e9tier tr\u00e8s ancien du souffleur de verre qu&rsquo;ils avaient commenc\u00e9 \u00e0 pratiquer \u00e0 Paris. Rapidement, ils se sont rendus compte qu&rsquo;il y avait moins de cinq souffleurs de verre professionnels dans la r\u00e9gion parisienne. La [&hellip;]","og_url":"https:\/\/www.lasoufflerie.com\/fr\/association-la-soufflerie\/","og_site_name":"La Soufflerie","article_publisher":"https:\/\/facebook.com\/lasoufflerie","article_modified_time":"2024-04-02T09:48:04+00:00","og_image":[{"url":"https:\/\/www.lasoufflerie.com\/wp-content\/uploads\/2024\/03\/IMG_8783-2-1024x1024.jpg","type":"","width":"","height":""}],"twitter_card":"summary_large_image","twitter_site":"@lasoufflerie","twitter_misc":{"Dur\u00e9e de lecture estim\u00e9e":"2 minutes"},"schema":{"@context":"https:\/\/schema.org","@graph":[{"@type":"WebPage","@id":"https:\/\/www.lasoufflerie.com\/fr\/association-la-soufflerie\/","url":"https:\/\/www.lasoufflerie.com\/fr\/association-la-soufflerie\/","name":"Association La Soufflerie - La Soufflerie - Verre recycl\u00e9 souffl\u00e9 \u00e0 la bouche","isPartOf":{"@id":"https:\/\/www.lasoufflerie.com\/fr\/#website"},"primaryImageOfPage":{"@id":"https:\/\/www.lasoufflerie.com\/fr\/association-la-soufflerie\/#primaryimage"},"image":{"@id":"https:\/\/www.lasoufflerie.com\/fr\/association-la-soufflerie\/#primaryimage"},"thumbnailUrl":"https:\/\/www.lasoufflerie.com\/wp-content\/uploads\/2024\/03\/IMG_8783-2-1024x1024.jpg","datePublished":"2024-03-06T11:40:34+00:00","dateModified":"2024-04-02T09:48:04+00:00","breadcrumb":{"@id":"https:\/\/www.lasoufflerie.com\/fr\/association-la-soufflerie\/#breadcrumb"},"inLanguage":"fr-FR","potentialAction":[{"@type":"ReadAction","target":["https:\/\/www.lasoufflerie.com\/fr\/association-la-soufflerie\/"]}]},{"@type":"ImageObject","inLanguage":"fr-FR","@id":"https:\/\/www.lasoufflerie.com\/fr\/association-la-soufflerie\/#primaryimage","url":"https:\/\/www.lasoufflerie.com\/wp-content\/uploads\/2024\/03\/IMG_8783-2-1024x1024.jpg","contentUrl":"https:\/\/www.lasoufflerie.com\/wp-content\/uploads\/2024\/03\/IMG_8783-2-1024x1024.jpg"},{"@type":"BreadcrumbList","@id":"https:\/\/www.lasoufflerie.com\/fr\/association-la-soufflerie\/#breadcrumb","itemListElement":[{"@type":"ListItem","position":1,"name":"Home","item":"https:\/\/www.lasoufflerie.com\/fr\/"},{"@type":"ListItem","position":2,"name":"Association La Soufflerie"}]},{"@type":"WebSite","@id":"https:\/\/www.lasoufflerie.com\/fr\/#website","url":"https:\/\/www.lasoufflerie.com\/fr\/","name":"La Soufflerie","description":"Glass blowing craft","publisher":{"@id":"https:\/\/www.lasoufflerie.com\/fr\/#organization"},"potentialAction":[{"@type":"SearchAction","target":{"@type":"EntryPoint","urlTemplate":"https:\/\/www.lasoufflerie.com\/fr\/?s={search_term_string}"},"query-input":{"@type":"PropertyValueSpecification","valueRequired":true,"valueName":"search_term_string"}}],"inLanguage":"fr-FR"},{"@type":"Organization","@id":"https:\/\/www.lasoufflerie.com\/fr\/#organization","name":"La Soufflerie","url":"https:\/\/www.lasoufflerie.com\/fr\/","logo":{"@type":"ImageObject","inLanguage":"fr-FR","@id":"https:\/\/www.lasoufflerie.com\/fr\/#\/schema\/logo\/image\/","url":"https:\/\/www.lasoufflerie.com\/wp-content\/uploads\/2023\/11\/Logo-La-Soufflerie-black.png","contentUrl":"https:\/\/www.lasoufflerie.com\/wp-content\/uploads\/2023\/11\/Logo-La-Soufflerie-black.png","width":2362,"height":2362,"caption":"La Soufflerie"},"image":{"@id":"https:\/\/www.lasoufflerie.com\/fr\/#\/schema\/logo\/image\/"},"sameAs":["https:\/\/facebook.com\/lasoufflerie","https:\/\/x.com\/lasoufflerie","https:\/\/instagram.com\/lasoufflerie","https:\/\/www.linkedin.com\/company\/9327780?trk=tyah&amp;amp;amp;trkInfo=clickedVertical:company,clickedEntityId:9327780,idx:2-1-2,tarId:1458824308330,tas:lasouff","https:\/\/pinterest.com\/lasoufflerie"]}]}},"_links":{"self":[{"href":"https:\/\/www.lasoufflerie.com\/fr\/wp-json\/wp\/v2\/pages\/17533","targetHints":{"allow":["GET"]}}],"collection":[{"href":"https:\/\/www.lasoufflerie.com\/fr\/wp-json\/wp\/v2\/pages"}],"about":[{"href":"https:\/\/www.lasoufflerie.com\/fr\/wp-json\/wp\/v2\/types\/page"}],"author":[{"embeddable":true,"href":"https:\/\/www.lasoufflerie.com\/fr\/wp-json\/wp\/v2\/users\/2"}],"replies":[{"embeddable":true,"href":"https:\/\/www.lasoufflerie.com\/fr\/wp-json\/wp\/v2\/comments?post=17533"}],"version-history":[{"count":11,"href":"https:\/\/www.lasoufflerie.com\/fr\/wp-json\/wp\/v2\/pages\/17533\/revisions"}],"predecessor-version":[{"id":24410,"href":"https:\/\/www.lasoufflerie.com\/fr\/wp-json\/wp\/v2\/pages\/17533\/revisions\/24410"}],"wp:attachment":[{"href":"https:\/\/www.lasoufflerie.com\/fr\/wp-json\/wp\/v2\/media?parent=17533"}],"curies":[{"name":"wp","href":"https:\/\/api.w.org\/{rel}","templated":true}]}}