{"id":55197,"date":"2024-04-25T12:21:35","date_gmt":"2024-04-25T10:21:35","guid":{"rendered":"https:\/\/www.lasoufflerie.com\/bienvenue-dans-la-famille\/"},"modified":"2024-05-13T10:19:15","modified_gmt":"2024-05-13T08:19:15","slug":"bienvenue-dans-la-famille","status":"publish","type":"page","link":"https:\/\/www.lasoufflerie.com\/fr\/bienvenue-dans-la-famille\/","title":{"rendered":"Bienvenue dans la famille !"},"content":{"rendered":"\t\t<div data-elementor-type=\"wp-page\" data-elementor-id=\"55197\" class=\"elementor elementor-55197 elementor-55165\" data-elementor-post-type=\"page\">\n\t\t\t\t<div class=\"elementor-element elementor-element-a127c3b e-flex e-con-boxed e-con e-parent\" data-id=\"a127c3b\" data-element_type=\"container\" data-e-type=\"container\">\n\t\t\t\t\t<div class=\"e-con-inner\">\n\t\t<div class=\"elementor-element elementor-element-b504e2e e-con-full e-flex e-con e-child\" data-id=\"b504e2e\" data-element_type=\"container\" data-e-type=\"container\">\n\t\t\t\t<div class=\"elementor-element elementor-element-ba9dfc2 elementor-widget elementor-widget-image\" data-id=\"ba9dfc2\" data-element_type=\"widget\" data-e-type=\"widget\" data-widget_type=\"image.default\">\n\t\t\t\t<div class=\"elementor-widget-container\">\n\t\t\t\t\t\t\t\t\t\t\t\t\t\t\t<img fetchpriority=\"high\" decoding=\"async\" width=\"800\" height=\"534\" src=\"https:\/\/www.lasoufflerie.com\/wp-content\/uploads\/2024\/04\/Group-Shot_Banner-1024x683.jpg\" class=\"attachment-large size-large wp-image-55181\" alt=\"\" srcset=\"https:\/\/www.lasoufflerie.com\/wp-content\/uploads\/2024\/04\/Group-Shot_Banner-1024x683.jpg 1024w, https:\/\/www.lasoufflerie.com\/wp-content\/uploads\/2024\/04\/Group-Shot_Banner-600x400.jpg 600w, https:\/\/www.lasoufflerie.com\/wp-content\/uploads\/2024\/04\/Group-Shot_Banner-768x512.jpg 768w, https:\/\/www.lasoufflerie.com\/wp-content\/uploads\/2024\/04\/Group-Shot_Banner-1536x1024.jpg 1536w, https:\/\/www.lasoufflerie.com\/wp-content\/uploads\/2024\/04\/Group-Shot_Banner-2048x1365.jpg 2048w, https:\/\/www.lasoufflerie.com\/wp-content\/uploads\/2024\/04\/Group-Shot_Banner-1320x880.jpg 1320w\" sizes=\"(max-width: 800px) 100vw, 800px\" \/>\t\t\t\t\t\t\t\t\t\t\t\t\t\t\t<\/div>\n\t\t\t\t<\/div>\n\t\t\t\t<\/div>\n\t\t<div class=\"elementor-element elementor-element-1c600239 e-flex e-con-boxed e-con e-child\" data-id=\"1c600239\" data-element_type=\"container\" data-e-type=\"container\">\n\t\t\t\t\t<div class=\"e-con-inner\">\n\t\t\t\t<div class=\"elementor-element elementor-element-2898c536 elementor-widget elementor-widget-heading\" data-id=\"2898c536\" data-element_type=\"widget\" data-e-type=\"widget\" data-widget_type=\"heading.default\">\n\t\t\t\t<div class=\"elementor-widget-container\">\n\t\t\t\t\t<h2 class=\"elementor-heading-title elementor-size-default\">Merci de nous avoir rejoint !<\/h2>\t\t\t\t<\/div>\n\t\t\t\t<\/div>\n\t\t\t\t<div class=\"elementor-element elementor-element-4d08744 elementor-widget elementor-widget-text-editor\" data-id=\"4d08744\" data-element_type=\"widget\" data-e-type=\"widget\" data-widget_type=\"text-editor.default\">\n\t\t\t\t<div class=\"elementor-widget-container\">\n\t\t\t\t\t\t\t\t\t<p>Merci de vous inscrire pour faire partie de la famille La Soufflerie !<\/p>\n<p>Nous vous tiendrons au courant de tout ce qui se passe \u00e0 La Soufflerie, en ligne et dans notre boutique.<\/p>\n<p>Si vous ne l&rsquo;avez pas encore fait, n&rsquo;oubliez pas d&rsquo;utiliser le code<\/p>\n<p><strong>NEWSLETTER10<\/strong> pour <strong>10%<\/strong> de r\u00e9duction sur votre premier achat en ligne.<\/p>\n<p>*Non applicable avec d&rsquo;autres offres.<\/p>\n\t\t\t\t\t\t\t\t<\/div>\n\t\t\t\t<\/div>\n\t\t\t\t<div class=\"elementor-element elementor-element-496c960 elementor-button-info elementor-align-left elementor-widget elementor-widget-button\" data-id=\"496c960\" data-element_type=\"widget\" data-e-type=\"widget\" data-widget_type=\"button.default\">\n\t\t\t\t<div class=\"elementor-widget-container\">\n\t\t\t\t\t\t\t\t\t<div class=\"elementor-button-wrapper\">\n\t\t\t\t\t<a class=\"elementor-button elementor-button-link elementor-size-md\" href=\"https:\/\/www.lasoufflerie.com\/shop-all\/\">\n\t\t\t\t\t\t<span class=\"elementor-button-content-wrapper\">\n\t\t\t\t\t\t\t\t\t<span class=\"elementor-button-text\">Lancez-vous<\/span>\n\t\t\t\t\t<\/span>\n\t\t\t\t\t<\/a>\n\t\t\t\t<\/div>\n\t\t\t\t\t\t\t\t<\/div>\n\t\t\t\t<\/div>\n\t\t\t\t\t<\/div>\n\t\t\t\t<\/div>\n\t\t\t\t\t<\/div>\n\t\t\t\t<\/div>\n\t\t\t\t<\/div>\n\t\t","protected":false},"excerpt":{"rendered":"<p>Merci de nous avoir rejoint ! Merci de vous inscrire pour faire partie de la famille La Soufflerie ! Nous vous tiendrons au courant de tout ce qui se passe \u00e0 La Soufflerie, en ligne et dans notre boutique. Si vous ne l&rsquo;avez pas encore fait, n&rsquo;oubliez pas d&rsquo;utiliser le code NEWSLETTER10 pour 10% de [&hellip;]<\/p>\n","protected":false},"author":2,"featured_media":55181,"parent":0,"menu_order":0,"comment_status":"closed","ping_status":"closed","template":"","meta":{"_acf_changed":false,"footnotes":""},"class_list":["post-55197","page","type-page","status-publish","has-post-thumbnail","hentry"],"acf":[],"yoast_head":"<!-- This site is optimized with the Yoast SEO plugin v27.3 - https:\/\/yoast.com\/product\/yoast-seo-wordpress\/ -->\n<title>Bienvenue dans la famille ! - La Soufflerie Verre recycl\u00e9 souffl\u00e9 \u00e0 la bouche<\/title>\n<meta name=\"robots\" content=\"index, follow, max-snippet:-1, max-image-preview:large, max-video-preview:-1\" \/>\n<link rel=\"canonical\" href=\"https:\/\/www.lasoufflerie.com\/fr\/bienvenue-dans-la-famille\/\" \/>\n<meta property=\"og:locale\" content=\"fr_FR\" \/>\n<meta property=\"og:type\" content=\"article\" \/>\n<meta property=\"og:title\" content=\"Bienvenue dans la famille ! - La Soufflerie Verre recycl\u00e9 souffl\u00e9 \u00e0 la bouche\" \/>\n<meta property=\"og:description\" content=\"Merci de nous avoir rejoint ! Merci de vous inscrire pour faire partie de la famille La Soufflerie ! Nous vous tiendrons au courant de tout ce qui se passe \u00e0 La Soufflerie, en ligne et dans notre boutique. Si vous ne l&rsquo;avez pas encore fait, n&rsquo;oubliez pas d&rsquo;utiliser le code NEWSLETTER10 pour 10% de [&hellip;]\" \/>\n<meta property=\"og:url\" content=\"https:\/\/www.lasoufflerie.com\/fr\/bienvenue-dans-la-famille\/\" \/>\n<meta property=\"og:site_name\" content=\"La Soufflerie\" \/>\n<meta property=\"article:publisher\" content=\"https:\/\/facebook.com\/lasoufflerie\" \/>\n<meta property=\"article:modified_time\" content=\"2024-05-13T08:19:15+00:00\" \/>\n<meta property=\"og:image\" content=\"https:\/\/www.lasoufflerie.com\/wp-content\/uploads\/2024\/04\/Group-Shot_Banner-scaled-e1715337952145.jpg\" \/>\n\t<meta property=\"og:image:width\" content=\"2560\" \/>\n\t<meta property=\"og:image:height\" content=\"1707\" \/>\n\t<meta property=\"og:image:type\" content=\"image\/jpeg\" \/>\n<meta name=\"twitter:card\" content=\"summary_large_image\" \/>\n<meta name=\"twitter:site\" content=\"@lasoufflerie\" \/>\n<script type=\"application\/ld+json\" class=\"yoast-schema-graph\">{\"@context\":\"https:\\\/\\\/schema.org\",\"@graph\":[{\"@type\":\"WebPage\",\"@id\":\"https:\\\/\\\/www.lasoufflerie.com\\\/fr\\\/bienvenue-dans-la-famille\\\/\",\"url\":\"https:\\\/\\\/www.lasoufflerie.com\\\/fr\\\/bienvenue-dans-la-famille\\\/\",\"name\":\"Bienvenue dans la famille ! - La Soufflerie Verre recycl\u00e9 souffl\u00e9 \u00e0 la bouche\",\"isPartOf\":{\"@id\":\"https:\\\/\\\/www.lasoufflerie.com\\\/fr\\\/#website\"},\"primaryImageOfPage\":{\"@id\":\"https:\\\/\\\/www.lasoufflerie.com\\\/fr\\\/bienvenue-dans-la-famille\\\/#primaryimage\"},\"image\":{\"@id\":\"https:\\\/\\\/www.lasoufflerie.com\\\/fr\\\/bienvenue-dans-la-famille\\\/#primaryimage\"},\"thumbnailUrl\":\"https:\\\/\\\/www.lasoufflerie.com\\\/wp-content\\\/uploads\\\/2024\\\/04\\\/Group-Shot_Banner-scaled-e1715337952145.jpg\",\"datePublished\":\"2024-04-25T10:21:35+00:00\",\"dateModified\":\"2024-05-13T08:19:15+00:00\",\"breadcrumb\":{\"@id\":\"https:\\\/\\\/www.lasoufflerie.com\\\/fr\\\/bienvenue-dans-la-famille\\\/#breadcrumb\"},\"inLanguage\":\"fr-FR\",\"potentialAction\":[{\"@type\":\"ReadAction\",\"target\":[\"https:\\\/\\\/www.lasoufflerie.com\\\/fr\\\/bienvenue-dans-la-famille\\\/\"]}]},{\"@type\":\"ImageObject\",\"inLanguage\":\"fr-FR\",\"@id\":\"https:\\\/\\\/www.lasoufflerie.com\\\/fr\\\/bienvenue-dans-la-famille\\\/#primaryimage\",\"url\":\"https:\\\/\\\/www.lasoufflerie.com\\\/wp-content\\\/uploads\\\/2024\\\/04\\\/Group-Shot_Banner-scaled-e1715337952145.jpg\",\"contentUrl\":\"https:\\\/\\\/www.lasoufflerie.com\\\/wp-content\\\/uploads\\\/2024\\\/04\\\/Group-Shot_Banner-scaled-e1715337952145.jpg\",\"width\":2560,\"height\":1707},{\"@type\":\"BreadcrumbList\",\"@id\":\"https:\\\/\\\/www.lasoufflerie.com\\\/fr\\\/bienvenue-dans-la-famille\\\/#breadcrumb\",\"itemListElement\":[{\"@type\":\"ListItem\",\"position\":1,\"name\":\"Home\",\"item\":\"https:\\\/\\\/www.lasoufflerie.com\\\/fr\\\/\"},{\"@type\":\"ListItem\",\"position\":2,\"name\":\"Bienvenue dans la famille !\"}]},{\"@type\":\"WebSite\",\"@id\":\"https:\\\/\\\/www.lasoufflerie.com\\\/fr\\\/#website\",\"url\":\"https:\\\/\\\/www.lasoufflerie.com\\\/fr\\\/\",\"name\":\"La Soufflerie\",\"description\":\"Glass blowing craft\",\"publisher\":{\"@id\":\"https:\\\/\\\/www.lasoufflerie.com\\\/fr\\\/#organization\"},\"potentialAction\":[{\"@type\":\"SearchAction\",\"target\":{\"@type\":\"EntryPoint\",\"urlTemplate\":\"https:\\\/\\\/www.lasoufflerie.com\\\/fr\\\/?s={search_term_string}\"},\"query-input\":{\"@type\":\"PropertyValueSpecification\",\"valueRequired\":true,\"valueName\":\"search_term_string\"}}],\"inLanguage\":\"fr-FR\"},{\"@type\":\"Organization\",\"@id\":\"https:\\\/\\\/www.lasoufflerie.com\\\/fr\\\/#organization\",\"name\":\"La Soufflerie\",\"url\":\"https:\\\/\\\/www.lasoufflerie.com\\\/fr\\\/\",\"logo\":{\"@type\":\"ImageObject\",\"inLanguage\":\"fr-FR\",\"@id\":\"https:\\\/\\\/www.lasoufflerie.com\\\/fr\\\/#\\\/schema\\\/logo\\\/image\\\/\",\"url\":\"https:\\\/\\\/www.lasoufflerie.com\\\/wp-content\\\/uploads\\\/2023\\\/11\\\/Logo-La-Soufflerie-black.png\",\"contentUrl\":\"https:\\\/\\\/www.lasoufflerie.com\\\/wp-content\\\/uploads\\\/2023\\\/11\\\/Logo-La-Soufflerie-black.png\",\"width\":2362,\"height\":2362,\"caption\":\"La Soufflerie\"},\"image\":{\"@id\":\"https:\\\/\\\/www.lasoufflerie.com\\\/fr\\\/#\\\/schema\\\/logo\\\/image\\\/\"},\"sameAs\":[\"https:\\\/\\\/facebook.com\\\/lasoufflerie\",\"https:\\\/\\\/x.com\\\/lasoufflerie\",\"https:\\\/\\\/instagram.com\\\/lasoufflerie\",\"https:\\\/\\\/www.linkedin.com\\\/company\\\/9327780?trk=tyah&amp;amp;amp;trkInfo=clickedVertical:company,clickedEntityId:9327780,idx:2-1-2,tarId:1458824308330,tas:lasouff\",\"https:\\\/\\\/pinterest.com\\\/lasoufflerie\"]}]}<\/script>\n<!-- \/ Yoast SEO plugin. -->","yoast_head_json":{"title":"Bienvenue dans la famille ! - La Soufflerie Verre recycl\u00e9 souffl\u00e9 \u00e0 la bouche","robots":{"index":"index","follow":"follow","max-snippet":"max-snippet:-1","max-image-preview":"max-image-preview:large","max-video-preview":"max-video-preview:-1"},"canonical":"https:\/\/www.lasoufflerie.com\/fr\/bienvenue-dans-la-famille\/","og_locale":"fr_FR","og_type":"article","og_title":"Bienvenue dans la famille ! - La Soufflerie Verre recycl\u00e9 souffl\u00e9 \u00e0 la bouche","og_description":"Merci de nous avoir rejoint ! Merci de vous inscrire pour faire partie de la famille La Soufflerie ! Nous vous tiendrons au courant de tout ce qui se passe \u00e0 La Soufflerie, en ligne et dans notre boutique. Si vous ne l&rsquo;avez pas encore fait, n&rsquo;oubliez pas d&rsquo;utiliser le code NEWSLETTER10 pour 10% de [&hellip;]","og_url":"https:\/\/www.lasoufflerie.com\/fr\/bienvenue-dans-la-famille\/","og_site_name":"La Soufflerie","article_publisher":"https:\/\/facebook.com\/lasoufflerie","article_modified_time":"2024-05-13T08:19:15+00:00","og_image":[{"width":2560,"height":1707,"url":"https:\/\/www.lasoufflerie.com\/wp-content\/uploads\/2024\/04\/Group-Shot_Banner-scaled-e1715337952145.jpg","type":"image\/jpeg"}],"twitter_card":"summary_large_image","twitter_site":"@lasoufflerie","schema":{"@context":"https:\/\/schema.org","@graph":[{"@type":"WebPage","@id":"https:\/\/www.lasoufflerie.com\/fr\/bienvenue-dans-la-famille\/","url":"https:\/\/www.lasoufflerie.com\/fr\/bienvenue-dans-la-famille\/","name":"Bienvenue dans la famille ! - La Soufflerie Verre recycl\u00e9 souffl\u00e9 \u00e0 la bouche","isPartOf":{"@id":"https:\/\/www.lasoufflerie.com\/fr\/#website"},"primaryImageOfPage":{"@id":"https:\/\/www.lasoufflerie.com\/fr\/bienvenue-dans-la-famille\/#primaryimage"},"image":{"@id":"https:\/\/www.lasoufflerie.com\/fr\/bienvenue-dans-la-famille\/#primaryimage"},"thumbnailUrl":"https:\/\/www.lasoufflerie.com\/wp-content\/uploads\/2024\/04\/Group-Shot_Banner-scaled-e1715337952145.jpg","datePublished":"2024-04-25T10:21:35+00:00","dateModified":"2024-05-13T08:19:15+00:00","breadcrumb":{"@id":"https:\/\/www.lasoufflerie.com\/fr\/bienvenue-dans-la-famille\/#breadcrumb"},"inLanguage":"fr-FR","potentialAction":[{"@type":"ReadAction","target":["https:\/\/www.lasoufflerie.com\/fr\/bienvenue-dans-la-famille\/"]}]},{"@type":"ImageObject","inLanguage":"fr-FR","@id":"https:\/\/www.lasoufflerie.com\/fr\/bienvenue-dans-la-famille\/#primaryimage","url":"https:\/\/www.lasoufflerie.com\/wp-content\/uploads\/2024\/04\/Group-Shot_Banner-scaled-e1715337952145.jpg","contentUrl":"https:\/\/www.lasoufflerie.com\/wp-content\/uploads\/2024\/04\/Group-Shot_Banner-scaled-e1715337952145.jpg","width":2560,"height":1707},{"@type":"BreadcrumbList","@id":"https:\/\/www.lasoufflerie.com\/fr\/bienvenue-dans-la-famille\/#breadcrumb","itemListElement":[{"@type":"ListItem","position":1,"name":"Home","item":"https:\/\/www.lasoufflerie.com\/fr\/"},{"@type":"ListItem","position":2,"name":"Bienvenue dans la famille !"}]},{"@type":"WebSite","@id":"https:\/\/www.lasoufflerie.com\/fr\/#website","url":"https:\/\/www.lasoufflerie.com\/fr\/","name":"La Soufflerie","description":"Glass blowing craft","publisher":{"@id":"https:\/\/www.lasoufflerie.com\/fr\/#organization"},"potentialAction":[{"@type":"SearchAction","target":{"@type":"EntryPoint","urlTemplate":"https:\/\/www.lasoufflerie.com\/fr\/?s={search_term_string}"},"query-input":{"@type":"PropertyValueSpecification","valueRequired":true,"valueName":"search_term_string"}}],"inLanguage":"fr-FR"},{"@type":"Organization","@id":"https:\/\/www.lasoufflerie.com\/fr\/#organization","name":"La Soufflerie","url":"https:\/\/www.lasoufflerie.com\/fr\/","logo":{"@type":"ImageObject","inLanguage":"fr-FR","@id":"https:\/\/www.lasoufflerie.com\/fr\/#\/schema\/logo\/image\/","url":"https:\/\/www.lasoufflerie.com\/wp-content\/uploads\/2023\/11\/Logo-La-Soufflerie-black.png","contentUrl":"https:\/\/www.lasoufflerie.com\/wp-content\/uploads\/2023\/11\/Logo-La-Soufflerie-black.png","width":2362,"height":2362,"caption":"La Soufflerie"},"image":{"@id":"https:\/\/www.lasoufflerie.com\/fr\/#\/schema\/logo\/image\/"},"sameAs":["https:\/\/facebook.com\/lasoufflerie","https:\/\/x.com\/lasoufflerie","https:\/\/instagram.com\/lasoufflerie","https:\/\/www.linkedin.com\/company\/9327780?trk=tyah&amp;amp;amp;trkInfo=clickedVertical:company,clickedEntityId:9327780,idx:2-1-2,tarId:1458824308330,tas:lasouff","https:\/\/pinterest.com\/lasoufflerie"]}]}},"_links":{"self":[{"href":"https:\/\/www.lasoufflerie.com\/fr\/wp-json\/wp\/v2\/pages\/55197","targetHints":{"allow":["GET"]}}],"collection":[{"href":"https:\/\/www.lasoufflerie.com\/fr\/wp-json\/wp\/v2\/pages"}],"about":[{"href":"https:\/\/www.lasoufflerie.com\/fr\/wp-json\/wp\/v2\/types\/page"}],"author":[{"embeddable":true,"href":"https:\/\/www.lasoufflerie.com\/fr\/wp-json\/wp\/v2\/users\/2"}],"replies":[{"embeddable":true,"href":"https:\/\/www.lasoufflerie.com\/fr\/wp-json\/wp\/v2\/comments?post=55197"}],"version-history":[{"count":6,"href":"https:\/\/www.lasoufflerie.com\/fr\/wp-json\/wp\/v2\/pages\/55197\/revisions"}],"predecessor-version":[{"id":56933,"href":"https:\/\/www.lasoufflerie.com\/fr\/wp-json\/wp\/v2\/pages\/55197\/revisions\/56933"}],"wp:featuredmedia":[{"embeddable":true,"href":"https:\/\/www.lasoufflerie.com\/fr\/wp-json\/wp\/v2\/media\/55181"}],"wp:attachment":[{"href":"https:\/\/www.lasoufflerie.com\/fr\/wp-json\/wp\/v2\/media?parent=55197"}],"curies":[{"name":"wp","href":"https:\/\/api.w.org\/{rel}","templated":true}]}}