{"id":17653,"date":"2023-08-23T22:01:53","date_gmt":"2023-08-23T20:01:53","guid":{"rendered":"https:\/\/www.lasoufflerie.com\/product\/le-siffleur-terracotta-head-vase-face-vase-handmade-artisanal\/"},"modified":"2025-09-19T16:21:09","modified_gmt":"2025-09-19T14:21:09","slug":"le-siffleur-terracotta-terre-cuite-vase-tete-fait-main","status":"publish","type":"product","link":"https:\/\/www.lasoufflerie.com\/fr\/produit\/le-siffleur-terracotta-terre-cuite-vase-tete-fait-main\/","title":{"rendered":"Le Siffleur Terracotta"},"content":{"rendered":"<p><strong>Le Siffleur Terracotta<\/strong> est un vase unique qui viendra \u00e9gayer n\u2019importe quel espace gr\u00e2ce \u00e0 son design excentrique et amusant. Fabriqu\u00e9 \u00e0 la main par des artisans qualifi\u00e9s, chaque vase incarne la chaleur et la beaut\u00e9 intemporelle de la terre cuite. Sa teinte terreuse ajoute une touche de charme rustique et les traits du visage constituent le clou unique et amusant du spectacle. Nous aimons utiliser Le Siffleur Terracotta pour pr\u00e9senter nos fleurs s\u00e9ch\u00e9es pr\u00e9f\u00e9r\u00e9es ou dans notre cuisine pour contenir nos cuill\u00e8res en bois. Fabriqu\u00e9 \u00e0 la main avec amour et imagination, chaque vase est une \u0153uvre d\u2019art unique.<\/p>\n<p>Ne convient pas pour une utilisation avec de l&rsquo;eau.    <\/p>\n","protected":false},"excerpt":{"rendered":"<p>Le Siffleur Terracotta est un vase unique qui viendra \u00e9gayer n\u2019importe quel espace gr\u00e2ce \u00e0 son design excentrique et amusant. Fabriqu\u00e9 \u00e0 la main par des artisans qualifi\u00e9s, chaque vase incarne la chaleur et la beaut\u00e9 intemporelle de la terre cuite. Sa teinte terreuse ajoute une touche de charme rustique et les traits du visage [&hellip;]<\/p>\n","protected":false},"featured_media":13273,"template":"","meta":{"_acf_changed":false},"product_brand":[],"product_cat":[1636,1339,1623,1630,1314,1313,1343,1338,1309],"product_tag":[],"class_list":{"0":"post-17653","1":"product","2":"type-product","3":"status-publish","4":"has-post-thumbnail","6":"product_cat-cadeaux-a-plus-de-50e-idees-cadeaux","7":"product_cat-figuratif","8":"product_cat-la-boutique","9":"product_cat-terre-cuites","10":"product_cat-platres-terre-cuites","11":"product_cat-tetes","12":"product_cat-vases","13":"product_cat-vases-tete","14":"product_cat-a-la-maison","15":"product_shipping_class-produit-extra-large","16":"pa_a-gift-for-lhote","17":"pa_a-gift-for-plus-de-50e","18":"pa_made-of-terre-cuite","19":"pa_size-large-fr","21":"first","22":"instock","23":"taxable","24":"shipping-taxable","25":"purchasable","26":"product-type-simple"},"acf":[],"yoast_head":"<!-- This site is optimized with the Yoast SEO plugin v27.3 - https:\/\/yoast.com\/product\/yoast-seo-wordpress\/ -->\n<title>Le Siffleur Terracotta - La Soufflerie- Fabriqu\u00e9 \u00e0 la main en terre cuite<\/title>\n<meta name=\"description\" content=\"Achetez Le Siffleur de La Soufflerie. Fait \u00e0 la main en terre cuite par nos ma\u00eetres artisans et disponible pour une exp\u00e9dition \u00e0 la international.\" \/>\n<meta name=\"robots\" content=\"index, follow, max-snippet:-1, max-image-preview:large, max-video-preview:-1\" \/>\n<link rel=\"canonical\" href=\"https:\/\/www.lasoufflerie.com\/fr\/produit\/le-siffleur-terracotta-terre-cuite-vase-tete-fait-main\/\" \/>\n<meta property=\"og:locale\" content=\"fr_FR\" \/>\n<meta property=\"og:type\" content=\"article\" \/>\n<meta property=\"og:title\" content=\"Le Siffleur Terracotta - La Soufflerie- Fabriqu\u00e9 \u00e0 la main en terre cuite\" \/>\n<meta property=\"og:description\" content=\"Achetez Le Siffleur de La Soufflerie. Fait \u00e0 la main en terre cuite par nos ma\u00eetres artisans et disponible pour une exp\u00e9dition \u00e0 la international.\" \/>\n<meta property=\"og:url\" content=\"https:\/\/www.lasoufflerie.com\/fr\/produit\/le-siffleur-terracotta-terre-cuite-vase-tete-fait-main\/\" \/>\n<meta property=\"og:site_name\" content=\"La Soufflerie\" \/>\n<meta property=\"article:publisher\" content=\"https:\/\/facebook.com\/lasoufflerie\" \/>\n<meta property=\"article:modified_time\" content=\"2025-09-19T14:21:09+00:00\" \/>\n<meta property=\"og:image\" content=\"https:\/\/www.lasoufflerie.com\/wp-content\/uploads\/2023\/12\/Le-Siffleur-Terracotta-scaled-1.jpg\" \/>\n\t<meta property=\"og:image:width\" content=\"1536\" \/>\n\t<meta property=\"og:image:height\" content=\"2048\" \/>\n\t<meta property=\"og:image:type\" content=\"image\/jpeg\" \/>\n<meta name=\"twitter:card\" content=\"summary_large_image\" \/>\n<meta name=\"twitter:site\" content=\"@lasoufflerie\" \/>\n<meta name=\"twitter:label1\" content=\"Dur\u00e9e de lecture estim\u00e9e\" \/>\n\t<meta name=\"twitter:data1\" content=\"1 minute\" \/>\n<script type=\"application\/ld+json\" class=\"yoast-schema-graph\">{\"@context\":\"https:\\\/\\\/schema.org\",\"@graph\":[{\"@type\":\"WebPage\",\"@id\":\"https:\\\/\\\/www.lasoufflerie.com\\\/fr\\\/produit\\\/le-siffleur-terracotta-terre-cuite-vase-tete-fait-main\\\/\",\"url\":\"https:\\\/\\\/www.lasoufflerie.com\\\/fr\\\/produit\\\/le-siffleur-terracotta-terre-cuite-vase-tete-fait-main\\\/\",\"name\":\"Le Siffleur Terracotta - La Soufflerie- Fabriqu\u00e9 \u00e0 la main en terre cuite\",\"isPartOf\":{\"@id\":\"https:\\\/\\\/www.lasoufflerie.com\\\/fr\\\/#website\"},\"primaryImageOfPage\":{\"@id\":\"https:\\\/\\\/www.lasoufflerie.com\\\/fr\\\/produit\\\/le-siffleur-terracotta-terre-cuite-vase-tete-fait-main\\\/#primaryimage\"},\"image\":{\"@id\":\"https:\\\/\\\/www.lasoufflerie.com\\\/fr\\\/produit\\\/le-siffleur-terracotta-terre-cuite-vase-tete-fait-main\\\/#primaryimage\"},\"thumbnailUrl\":\"https:\\\/\\\/www.lasoufflerie.com\\\/wp-content\\\/uploads\\\/2023\\\/12\\\/Le-Siffleur-Terracotta-scaled-1.jpg\",\"datePublished\":\"2023-08-23T20:01:53+00:00\",\"dateModified\":\"2025-09-19T14:21:09+00:00\",\"description\":\"Achetez Le Siffleur de La Soufflerie. Fait \u00e0 la main en terre cuite par nos ma\u00eetres artisans et disponible pour une exp\u00e9dition \u00e0 la international.\",\"breadcrumb\":{\"@id\":\"https:\\\/\\\/www.lasoufflerie.com\\\/fr\\\/produit\\\/le-siffleur-terracotta-terre-cuite-vase-tete-fait-main\\\/#breadcrumb\"},\"inLanguage\":\"fr-FR\",\"potentialAction\":[{\"@type\":\"ReadAction\",\"target\":[\"https:\\\/\\\/www.lasoufflerie.com\\\/fr\\\/produit\\\/le-siffleur-terracotta-terre-cuite-vase-tete-fait-main\\\/\"]}]},{\"@type\":\"ImageObject\",\"inLanguage\":\"fr-FR\",\"@id\":\"https:\\\/\\\/www.lasoufflerie.com\\\/fr\\\/produit\\\/le-siffleur-terracotta-terre-cuite-vase-tete-fait-main\\\/#primaryimage\",\"url\":\"https:\\\/\\\/www.lasoufflerie.com\\\/wp-content\\\/uploads\\\/2023\\\/12\\\/Le-Siffleur-Terracotta-scaled-1.jpg\",\"contentUrl\":\"https:\\\/\\\/www.lasoufflerie.com\\\/wp-content\\\/uploads\\\/2023\\\/12\\\/Le-Siffleur-Terracotta-scaled-1.jpg\",\"width\":1536,\"height\":2048},{\"@type\":\"BreadcrumbList\",\"@id\":\"https:\\\/\\\/www.lasoufflerie.com\\\/fr\\\/produit\\\/le-siffleur-terracotta-terre-cuite-vase-tete-fait-main\\\/#breadcrumb\",\"itemListElement\":[{\"@type\":\"ListItem\",\"position\":1,\"name\":\"Home\",\"item\":\"https:\\\/\\\/www.lasoufflerie.com\\\/fr\\\/\"},{\"@type\":\"ListItem\",\"position\":2,\"name\":\"Shop all\",\"item\":\"https:\\\/\\\/www.lasoufflerie.com\\\/fr\\\/boutique\\\/\"},{\"@type\":\"ListItem\",\"position\":3,\"name\":\"Le Siffleur Terracotta\"}]},{\"@type\":\"WebSite\",\"@id\":\"https:\\\/\\\/www.lasoufflerie.com\\\/fr\\\/#website\",\"url\":\"https:\\\/\\\/www.lasoufflerie.com\\\/fr\\\/\",\"name\":\"La Soufflerie\",\"description\":\"Glass blowing craft\",\"publisher\":{\"@id\":\"https:\\\/\\\/www.lasoufflerie.com\\\/fr\\\/#organization\"},\"potentialAction\":[{\"@type\":\"SearchAction\",\"target\":{\"@type\":\"EntryPoint\",\"urlTemplate\":\"https:\\\/\\\/www.lasoufflerie.com\\\/fr\\\/?s={search_term_string}\"},\"query-input\":{\"@type\":\"PropertyValueSpecification\",\"valueRequired\":true,\"valueName\":\"search_term_string\"}}],\"inLanguage\":\"fr-FR\"},{\"@type\":\"Organization\",\"@id\":\"https:\\\/\\\/www.lasoufflerie.com\\\/fr\\\/#organization\",\"name\":\"La Soufflerie\",\"url\":\"https:\\\/\\\/www.lasoufflerie.com\\\/fr\\\/\",\"logo\":{\"@type\":\"ImageObject\",\"inLanguage\":\"fr-FR\",\"@id\":\"https:\\\/\\\/www.lasoufflerie.com\\\/fr\\\/#\\\/schema\\\/logo\\\/image\\\/\",\"url\":\"https:\\\/\\\/www.lasoufflerie.com\\\/wp-content\\\/uploads\\\/2023\\\/11\\\/Logo-La-Soufflerie-black.png\",\"contentUrl\":\"https:\\\/\\\/www.lasoufflerie.com\\\/wp-content\\\/uploads\\\/2023\\\/11\\\/Logo-La-Soufflerie-black.png\",\"width\":2362,\"height\":2362,\"caption\":\"La Soufflerie\"},\"image\":{\"@id\":\"https:\\\/\\\/www.lasoufflerie.com\\\/fr\\\/#\\\/schema\\\/logo\\\/image\\\/\"},\"sameAs\":[\"https:\\\/\\\/facebook.com\\\/lasoufflerie\",\"https:\\\/\\\/x.com\\\/lasoufflerie\",\"https:\\\/\\\/instagram.com\\\/lasoufflerie\",\"https:\\\/\\\/www.linkedin.com\\\/company\\\/9327780?trk=tyah&amp;amp;amp;trkInfo=clickedVertical:company,clickedEntityId:9327780,idx:2-1-2,tarId:1458824308330,tas:lasouff\",\"https:\\\/\\\/pinterest.com\\\/lasoufflerie\"]}]}<\/script>\n<!-- \/ Yoast SEO plugin. -->","yoast_head_json":{"title":"Le Siffleur Terracotta - La Soufflerie- Fabriqu\u00e9 \u00e0 la main en terre cuite","description":"Achetez Le Siffleur de La Soufflerie. Fait \u00e0 la main en terre cuite par nos ma\u00eetres artisans et disponible pour une exp\u00e9dition \u00e0 la international.","robots":{"index":"index","follow":"follow","max-snippet":"max-snippet:-1","max-image-preview":"max-image-preview:large","max-video-preview":"max-video-preview:-1"},"canonical":"https:\/\/www.lasoufflerie.com\/fr\/produit\/le-siffleur-terracotta-terre-cuite-vase-tete-fait-main\/","og_locale":"fr_FR","og_type":"article","og_title":"Le Siffleur Terracotta - La Soufflerie- Fabriqu\u00e9 \u00e0 la main en terre cuite","og_description":"Achetez Le Siffleur de La Soufflerie. Fait \u00e0 la main en terre cuite par nos ma\u00eetres artisans et disponible pour une exp\u00e9dition \u00e0 la international.","og_url":"https:\/\/www.lasoufflerie.com\/fr\/produit\/le-siffleur-terracotta-terre-cuite-vase-tete-fait-main\/","og_site_name":"La Soufflerie","article_publisher":"https:\/\/facebook.com\/lasoufflerie","article_modified_time":"2025-09-19T14:21:09+00:00","og_image":[{"width":1536,"height":2048,"url":"https:\/\/www.lasoufflerie.com\/wp-content\/uploads\/2023\/12\/Le-Siffleur-Terracotta-scaled-1.jpg","type":"image\/jpeg"}],"twitter_card":"summary_large_image","twitter_site":"@lasoufflerie","twitter_misc":{"Dur\u00e9e de lecture estim\u00e9e":"1 minute"},"schema":{"@context":"https:\/\/schema.org","@graph":[{"@type":"WebPage","@id":"https:\/\/www.lasoufflerie.com\/fr\/produit\/le-siffleur-terracotta-terre-cuite-vase-tete-fait-main\/","url":"https:\/\/www.lasoufflerie.com\/fr\/produit\/le-siffleur-terracotta-terre-cuite-vase-tete-fait-main\/","name":"Le Siffleur Terracotta - La Soufflerie- Fabriqu\u00e9 \u00e0 la main en terre cuite","isPartOf":{"@id":"https:\/\/www.lasoufflerie.com\/fr\/#website"},"primaryImageOfPage":{"@id":"https:\/\/www.lasoufflerie.com\/fr\/produit\/le-siffleur-terracotta-terre-cuite-vase-tete-fait-main\/#primaryimage"},"image":{"@id":"https:\/\/www.lasoufflerie.com\/fr\/produit\/le-siffleur-terracotta-terre-cuite-vase-tete-fait-main\/#primaryimage"},"thumbnailUrl":"https:\/\/www.lasoufflerie.com\/wp-content\/uploads\/2023\/12\/Le-Siffleur-Terracotta-scaled-1.jpg","datePublished":"2023-08-23T20:01:53+00:00","dateModified":"2025-09-19T14:21:09+00:00","description":"Achetez Le Siffleur de La Soufflerie. Fait \u00e0 la main en terre cuite par nos ma\u00eetres artisans et disponible pour une exp\u00e9dition \u00e0 la international.","breadcrumb":{"@id":"https:\/\/www.lasoufflerie.com\/fr\/produit\/le-siffleur-terracotta-terre-cuite-vase-tete-fait-main\/#breadcrumb"},"inLanguage":"fr-FR","potentialAction":[{"@type":"ReadAction","target":["https:\/\/www.lasoufflerie.com\/fr\/produit\/le-siffleur-terracotta-terre-cuite-vase-tete-fait-main\/"]}]},{"@type":"ImageObject","inLanguage":"fr-FR","@id":"https:\/\/www.lasoufflerie.com\/fr\/produit\/le-siffleur-terracotta-terre-cuite-vase-tete-fait-main\/#primaryimage","url":"https:\/\/www.lasoufflerie.com\/wp-content\/uploads\/2023\/12\/Le-Siffleur-Terracotta-scaled-1.jpg","contentUrl":"https:\/\/www.lasoufflerie.com\/wp-content\/uploads\/2023\/12\/Le-Siffleur-Terracotta-scaled-1.jpg","width":1536,"height":2048},{"@type":"BreadcrumbList","@id":"https:\/\/www.lasoufflerie.com\/fr\/produit\/le-siffleur-terracotta-terre-cuite-vase-tete-fait-main\/#breadcrumb","itemListElement":[{"@type":"ListItem","position":1,"name":"Home","item":"https:\/\/www.lasoufflerie.com\/fr\/"},{"@type":"ListItem","position":2,"name":"Shop all","item":"https:\/\/www.lasoufflerie.com\/fr\/boutique\/"},{"@type":"ListItem","position":3,"name":"Le Siffleur Terracotta"}]},{"@type":"WebSite","@id":"https:\/\/www.lasoufflerie.com\/fr\/#website","url":"https:\/\/www.lasoufflerie.com\/fr\/","name":"La Soufflerie","description":"Glass blowing craft","publisher":{"@id":"https:\/\/www.lasoufflerie.com\/fr\/#organization"},"potentialAction":[{"@type":"SearchAction","target":{"@type":"EntryPoint","urlTemplate":"https:\/\/www.lasoufflerie.com\/fr\/?s={search_term_string}"},"query-input":{"@type":"PropertyValueSpecification","valueRequired":true,"valueName":"search_term_string"}}],"inLanguage":"fr-FR"},{"@type":"Organization","@id":"https:\/\/www.lasoufflerie.com\/fr\/#organization","name":"La Soufflerie","url":"https:\/\/www.lasoufflerie.com\/fr\/","logo":{"@type":"ImageObject","inLanguage":"fr-FR","@id":"https:\/\/www.lasoufflerie.com\/fr\/#\/schema\/logo\/image\/","url":"https:\/\/www.lasoufflerie.com\/wp-content\/uploads\/2023\/11\/Logo-La-Soufflerie-black.png","contentUrl":"https:\/\/www.lasoufflerie.com\/wp-content\/uploads\/2023\/11\/Logo-La-Soufflerie-black.png","width":2362,"height":2362,"caption":"La Soufflerie"},"image":{"@id":"https:\/\/www.lasoufflerie.com\/fr\/#\/schema\/logo\/image\/"},"sameAs":["https:\/\/facebook.com\/lasoufflerie","https:\/\/x.com\/lasoufflerie","https:\/\/instagram.com\/lasoufflerie","https:\/\/www.linkedin.com\/company\/9327780?trk=tyah&amp;amp;amp;trkInfo=clickedVertical:company,clickedEntityId:9327780,idx:2-1-2,tarId:1458824308330,tas:lasouff","https:\/\/pinterest.com\/lasoufflerie"]}]}},"_links":{"self":[{"href":"https:\/\/www.lasoufflerie.com\/fr\/wp-json\/wp\/v2\/product\/17653","targetHints":{"allow":["GET"]}}],"collection":[{"href":"https:\/\/www.lasoufflerie.com\/fr\/wp-json\/wp\/v2\/product"}],"about":[{"href":"https:\/\/www.lasoufflerie.com\/fr\/wp-json\/wp\/v2\/types\/product"}],"version-history":[{"count":8,"href":"https:\/\/www.lasoufflerie.com\/fr\/wp-json\/wp\/v2\/product\/17653\/revisions"}],"predecessor-version":[{"id":65388,"href":"https:\/\/www.lasoufflerie.com\/fr\/wp-json\/wp\/v2\/product\/17653\/revisions\/65388"}],"wp:featuredmedia":[{"embeddable":true,"href":"https:\/\/www.lasoufflerie.com\/fr\/wp-json\/wp\/v2\/media\/13273"}],"wp:attachment":[{"href":"https:\/\/www.lasoufflerie.com\/fr\/wp-json\/wp\/v2\/media?parent=17653"}],"wp:term":[{"taxonomy":"product_brand","embeddable":true,"href":"https:\/\/www.lasoufflerie.com\/fr\/wp-json\/wp\/v2\/product_brand?post=17653"},{"taxonomy":"product_cat","embeddable":true,"href":"https:\/\/www.lasoufflerie.com\/fr\/wp-json\/wp\/v2\/product_cat?post=17653"},{"taxonomy":"product_tag","embeddable":true,"href":"https:\/\/www.lasoufflerie.com\/fr\/wp-json\/wp\/v2\/product_tag?post=17653"}],"curies":[{"name":"wp","href":"https:\/\/api.w.org\/{rel}","templated":true}]}}