{"id":17664,"date":"2023-08-23T22:01:36","date_gmt":"2023-08-23T20:01:36","guid":{"rendered":"https:\/\/www.lasoufflerie.com\/product\/la-soufflerie-incas-terracotta-xxl-vases-bud-vases-heads-decorative-pieces-handmade-traditional-artisans\/"},"modified":"2026-03-20T17:42:17","modified_gmt":"2026-03-20T16:42:17","slug":"incas-terracotta-xxl-vase-tete-terre-cuite-fait-main","status":"publish","type":"product","link":"https:\/\/www.lasoufflerie.com\/fr\/produit\/incas-terracotta-xxl-vase-tete-terre-cuite-fait-main\/","title":{"rendered":"Incas XXL"},"content":{"rendered":"<p>Le vase <strong>Incas XXL<\/strong> s&rsquo;inspire des dessins et motifs des anciens Incas. Ce vase original et amusant, orn\u00e9 d&rsquo;un visage, trouvera assur\u00e9ment sa place dans votre int\u00e9rieur. Nous l&rsquo;utilisons pour nos fleurs s\u00e9ch\u00e9es ou artificielles, et comme une sculpture d\u00e9corative unique \u00e0 exposer sur une \u00e9tag\u00e8re. L&rsquo;Incas XXL est fabriqu\u00e9 artisanalement en terre cuite par nos ma\u00eetres artisans.   <\/p>\n<p>Ne convient pas \u00e0 une utilisation avec de l&rsquo;eau.<\/p>\n","protected":false},"excerpt":{"rendered":"<p>Le vase Incas XXL s&rsquo;inspire des dessins et motifs des anciens Incas. Ce vase original et amusant, orn\u00e9 d&rsquo;un visage, trouvera assur\u00e9ment sa place dans votre int\u00e9rieur. Nous l&rsquo;utilisons pour nos fleurs s\u00e9ch\u00e9es ou artificielles, et comme une sculpture d\u00e9corative unique \u00e0 exposer sur une \u00e9tag\u00e8re. L&rsquo;Incas XXL est fabriqu\u00e9 artisanalement en terre cuite par [&hellip;]<\/p>\n","protected":false},"featured_media":12936,"template":"","meta":{"_acf_changed":false},"product_brand":[],"product_cat":[1636,1339,1623,1334,1637,1630,1314,1313,1343,1338,1309],"product_tag":[],"class_list":{"0":"post-17664","1":"product","2":"type-product","3":"status-publish","4":"has-post-thumbnail","6":"product_cat-cadeaux-a-plus-de-50e-idees-cadeaux","7":"product_cat-figuratif","8":"product_cat-la-boutique","9":"product_cat-pieces-decoratives","10":"product_cat-pour-mon-amour-idees-cadeaux","11":"product_cat-terre-cuites","12":"product_cat-platres-terre-cuites","13":"product_cat-tetes","14":"product_cat-vases","15":"product_cat-vases-tete","16":"product_cat-a-la-maison","17":"product_shipping_class-large-product-fr","18":"pa_a-gift-for-plus-de-50e","19":"pa_a-gift-for-your-lover-fr","20":"pa_made-of-terre-cuite","21":"pa_size-large-fr","23":"first","24":"instock","25":"taxable","26":"shipping-taxable","27":"purchasable","28":"product-type-simple"},"acf":[],"yoast_head":"<!-- This site is optimized with the Yoast SEO plugin v27.3 - https:\/\/yoast.com\/product\/yoast-seo-wordpress\/ -->\n<title>Incas XXL - La Soufflerie- Fabriqu\u00e9 \u00e0 la main en terre cuite<\/title>\n<meta name=\"description\" content=\"Achetez le vase Incas XXL. Fait \u00e0 la main en terre cuite par nos ma\u00eetres artisans et disponible pour une exp\u00e9dition \u00e0 la international.\" \/>\n<meta name=\"robots\" content=\"index, follow, max-snippet:-1, max-image-preview:large, max-video-preview:-1\" \/>\n<link rel=\"canonical\" href=\"https:\/\/www.lasoufflerie.com\/fr\/produit\/incas-terracotta-xxl-vase-tete-terre-cuite-fait-main\/\" \/>\n<meta property=\"og:locale\" content=\"fr_FR\" \/>\n<meta property=\"og:type\" content=\"article\" \/>\n<meta property=\"og:title\" content=\"Incas XXL - La Soufflerie- Fabriqu\u00e9 \u00e0 la main en terre cuite\" \/>\n<meta property=\"og:description\" content=\"Achetez le vase Incas XXL. Fait \u00e0 la main en terre cuite par nos ma\u00eetres artisans et disponible pour une exp\u00e9dition \u00e0 la international.\" \/>\n<meta property=\"og:url\" content=\"https:\/\/www.lasoufflerie.com\/fr\/produit\/incas-terracotta-xxl-vase-tete-terre-cuite-fait-main\/\" \/>\n<meta property=\"og:site_name\" content=\"La Soufflerie\" \/>\n<meta property=\"article:publisher\" content=\"https:\/\/facebook.com\/lasoufflerie\" \/>\n<meta property=\"article:modified_time\" content=\"2026-03-20T16:42:17+00:00\" \/>\n<meta property=\"og:image\" content=\"https:\/\/www.lasoufflerie.com\/wp-content\/uploads\/2023\/12\/Incas-Terracotta-XXL-scaled-1.jpg\" \/>\n\t<meta property=\"og:image:width\" content=\"1536\" \/>\n\t<meta property=\"og:image:height\" content=\"2048\" \/>\n\t<meta property=\"og:image:type\" content=\"image\/jpeg\" \/>\n<meta name=\"twitter:card\" content=\"summary_large_image\" \/>\n<meta name=\"twitter:site\" content=\"@lasoufflerie\" \/>\n<script type=\"application\/ld+json\" class=\"yoast-schema-graph\">{\"@context\":\"https:\\\/\\\/schema.org\",\"@graph\":[{\"@type\":\"WebPage\",\"@id\":\"https:\\\/\\\/www.lasoufflerie.com\\\/fr\\\/produit\\\/incas-terracotta-xxl-vase-tete-terre-cuite-fait-main\\\/\",\"url\":\"https:\\\/\\\/www.lasoufflerie.com\\\/fr\\\/produit\\\/incas-terracotta-xxl-vase-tete-terre-cuite-fait-main\\\/\",\"name\":\"Incas XXL - La Soufflerie- Fabriqu\u00e9 \u00e0 la main en terre cuite\",\"isPartOf\":{\"@id\":\"https:\\\/\\\/www.lasoufflerie.com\\\/fr\\\/#website\"},\"primaryImageOfPage\":{\"@id\":\"https:\\\/\\\/www.lasoufflerie.com\\\/fr\\\/produit\\\/incas-terracotta-xxl-vase-tete-terre-cuite-fait-main\\\/#primaryimage\"},\"image\":{\"@id\":\"https:\\\/\\\/www.lasoufflerie.com\\\/fr\\\/produit\\\/incas-terracotta-xxl-vase-tete-terre-cuite-fait-main\\\/#primaryimage\"},\"thumbnailUrl\":\"https:\\\/\\\/www.lasoufflerie.com\\\/wp-content\\\/uploads\\\/2023\\\/12\\\/Incas-Terracotta-XXL-scaled-1.jpg\",\"datePublished\":\"2023-08-23T20:01:36+00:00\",\"dateModified\":\"2026-03-20T16:42:17+00:00\",\"description\":\"Achetez le vase Incas XXL. Fait \u00e0 la main en terre cuite par nos ma\u00eetres artisans et disponible pour une exp\u00e9dition \u00e0 la international.\",\"breadcrumb\":{\"@id\":\"https:\\\/\\\/www.lasoufflerie.com\\\/fr\\\/produit\\\/incas-terracotta-xxl-vase-tete-terre-cuite-fait-main\\\/#breadcrumb\"},\"inLanguage\":\"fr-FR\",\"potentialAction\":[{\"@type\":\"ReadAction\",\"target\":[\"https:\\\/\\\/www.lasoufflerie.com\\\/fr\\\/produit\\\/incas-terracotta-xxl-vase-tete-terre-cuite-fait-main\\\/\"]}]},{\"@type\":\"ImageObject\",\"inLanguage\":\"fr-FR\",\"@id\":\"https:\\\/\\\/www.lasoufflerie.com\\\/fr\\\/produit\\\/incas-terracotta-xxl-vase-tete-terre-cuite-fait-main\\\/#primaryimage\",\"url\":\"https:\\\/\\\/www.lasoufflerie.com\\\/wp-content\\\/uploads\\\/2023\\\/12\\\/Incas-Terracotta-XXL-scaled-1.jpg\",\"contentUrl\":\"https:\\\/\\\/www.lasoufflerie.com\\\/wp-content\\\/uploads\\\/2023\\\/12\\\/Incas-Terracotta-XXL-scaled-1.jpg\",\"width\":1536,\"height\":2048,\"caption\":\"la-soufflerie-incas-xxl-terracotta-vase\"},{\"@type\":\"BreadcrumbList\",\"@id\":\"https:\\\/\\\/www.lasoufflerie.com\\\/fr\\\/produit\\\/incas-terracotta-xxl-vase-tete-terre-cuite-fait-main\\\/#breadcrumb\",\"itemListElement\":[{\"@type\":\"ListItem\",\"position\":1,\"name\":\"Home\",\"item\":\"https:\\\/\\\/www.lasoufflerie.com\\\/fr\\\/\"},{\"@type\":\"ListItem\",\"position\":2,\"name\":\"Shop all\",\"item\":\"https:\\\/\\\/www.lasoufflerie.com\\\/fr\\\/boutique\\\/\"},{\"@type\":\"ListItem\",\"position\":3,\"name\":\"Incas XXL\"}]},{\"@type\":\"WebSite\",\"@id\":\"https:\\\/\\\/www.lasoufflerie.com\\\/fr\\\/#website\",\"url\":\"https:\\\/\\\/www.lasoufflerie.com\\\/fr\\\/\",\"name\":\"La Soufflerie\",\"description\":\"Glass blowing craft\",\"publisher\":{\"@id\":\"https:\\\/\\\/www.lasoufflerie.com\\\/fr\\\/#organization\"},\"potentialAction\":[{\"@type\":\"SearchAction\",\"target\":{\"@type\":\"EntryPoint\",\"urlTemplate\":\"https:\\\/\\\/www.lasoufflerie.com\\\/fr\\\/?s={search_term_string}\"},\"query-input\":{\"@type\":\"PropertyValueSpecification\",\"valueRequired\":true,\"valueName\":\"search_term_string\"}}],\"inLanguage\":\"fr-FR\"},{\"@type\":\"Organization\",\"@id\":\"https:\\\/\\\/www.lasoufflerie.com\\\/fr\\\/#organization\",\"name\":\"La Soufflerie\",\"url\":\"https:\\\/\\\/www.lasoufflerie.com\\\/fr\\\/\",\"logo\":{\"@type\":\"ImageObject\",\"inLanguage\":\"fr-FR\",\"@id\":\"https:\\\/\\\/www.lasoufflerie.com\\\/fr\\\/#\\\/schema\\\/logo\\\/image\\\/\",\"url\":\"https:\\\/\\\/www.lasoufflerie.com\\\/wp-content\\\/uploads\\\/2023\\\/11\\\/Logo-La-Soufflerie-black.png\",\"contentUrl\":\"https:\\\/\\\/www.lasoufflerie.com\\\/wp-content\\\/uploads\\\/2023\\\/11\\\/Logo-La-Soufflerie-black.png\",\"width\":2362,\"height\":2362,\"caption\":\"La Soufflerie\"},\"image\":{\"@id\":\"https:\\\/\\\/www.lasoufflerie.com\\\/fr\\\/#\\\/schema\\\/logo\\\/image\\\/\"},\"sameAs\":[\"https:\\\/\\\/facebook.com\\\/lasoufflerie\",\"https:\\\/\\\/x.com\\\/lasoufflerie\",\"https:\\\/\\\/instagram.com\\\/lasoufflerie\",\"https:\\\/\\\/www.linkedin.com\\\/company\\\/9327780?trk=tyah&amp;amp;amp;trkInfo=clickedVertical:company,clickedEntityId:9327780,idx:2-1-2,tarId:1458824308330,tas:lasouff\",\"https:\\\/\\\/pinterest.com\\\/lasoufflerie\"]}]}<\/script>\n<!-- \/ Yoast SEO plugin. -->","yoast_head_json":{"title":"Incas XXL - La Soufflerie- Fabriqu\u00e9 \u00e0 la main en terre cuite","description":"Achetez le vase Incas XXL. Fait \u00e0 la main en terre cuite par nos ma\u00eetres artisans et disponible pour une exp\u00e9dition \u00e0 la international.","robots":{"index":"index","follow":"follow","max-snippet":"max-snippet:-1","max-image-preview":"max-image-preview:large","max-video-preview":"max-video-preview:-1"},"canonical":"https:\/\/www.lasoufflerie.com\/fr\/produit\/incas-terracotta-xxl-vase-tete-terre-cuite-fait-main\/","og_locale":"fr_FR","og_type":"article","og_title":"Incas XXL - La Soufflerie- Fabriqu\u00e9 \u00e0 la main en terre cuite","og_description":"Achetez le vase Incas XXL. Fait \u00e0 la main en terre cuite par nos ma\u00eetres artisans et disponible pour une exp\u00e9dition \u00e0 la international.","og_url":"https:\/\/www.lasoufflerie.com\/fr\/produit\/incas-terracotta-xxl-vase-tete-terre-cuite-fait-main\/","og_site_name":"La Soufflerie","article_publisher":"https:\/\/facebook.com\/lasoufflerie","article_modified_time":"2026-03-20T16:42:17+00:00","og_image":[{"width":1536,"height":2048,"url":"https:\/\/www.lasoufflerie.com\/wp-content\/uploads\/2023\/12\/Incas-Terracotta-XXL-scaled-1.jpg","type":"image\/jpeg"}],"twitter_card":"summary_large_image","twitter_site":"@lasoufflerie","schema":{"@context":"https:\/\/schema.org","@graph":[{"@type":"WebPage","@id":"https:\/\/www.lasoufflerie.com\/fr\/produit\/incas-terracotta-xxl-vase-tete-terre-cuite-fait-main\/","url":"https:\/\/www.lasoufflerie.com\/fr\/produit\/incas-terracotta-xxl-vase-tete-terre-cuite-fait-main\/","name":"Incas XXL - La Soufflerie- Fabriqu\u00e9 \u00e0 la main en terre cuite","isPartOf":{"@id":"https:\/\/www.lasoufflerie.com\/fr\/#website"},"primaryImageOfPage":{"@id":"https:\/\/www.lasoufflerie.com\/fr\/produit\/incas-terracotta-xxl-vase-tete-terre-cuite-fait-main\/#primaryimage"},"image":{"@id":"https:\/\/www.lasoufflerie.com\/fr\/produit\/incas-terracotta-xxl-vase-tete-terre-cuite-fait-main\/#primaryimage"},"thumbnailUrl":"https:\/\/www.lasoufflerie.com\/wp-content\/uploads\/2023\/12\/Incas-Terracotta-XXL-scaled-1.jpg","datePublished":"2023-08-23T20:01:36+00:00","dateModified":"2026-03-20T16:42:17+00:00","description":"Achetez le vase Incas XXL. Fait \u00e0 la main en terre cuite par nos ma\u00eetres artisans et disponible pour une exp\u00e9dition \u00e0 la international.","breadcrumb":{"@id":"https:\/\/www.lasoufflerie.com\/fr\/produit\/incas-terracotta-xxl-vase-tete-terre-cuite-fait-main\/#breadcrumb"},"inLanguage":"fr-FR","potentialAction":[{"@type":"ReadAction","target":["https:\/\/www.lasoufflerie.com\/fr\/produit\/incas-terracotta-xxl-vase-tete-terre-cuite-fait-main\/"]}]},{"@type":"ImageObject","inLanguage":"fr-FR","@id":"https:\/\/www.lasoufflerie.com\/fr\/produit\/incas-terracotta-xxl-vase-tete-terre-cuite-fait-main\/#primaryimage","url":"https:\/\/www.lasoufflerie.com\/wp-content\/uploads\/2023\/12\/Incas-Terracotta-XXL-scaled-1.jpg","contentUrl":"https:\/\/www.lasoufflerie.com\/wp-content\/uploads\/2023\/12\/Incas-Terracotta-XXL-scaled-1.jpg","width":1536,"height":2048,"caption":"la-soufflerie-incas-xxl-terracotta-vase"},{"@type":"BreadcrumbList","@id":"https:\/\/www.lasoufflerie.com\/fr\/produit\/incas-terracotta-xxl-vase-tete-terre-cuite-fait-main\/#breadcrumb","itemListElement":[{"@type":"ListItem","position":1,"name":"Home","item":"https:\/\/www.lasoufflerie.com\/fr\/"},{"@type":"ListItem","position":2,"name":"Shop all","item":"https:\/\/www.lasoufflerie.com\/fr\/boutique\/"},{"@type":"ListItem","position":3,"name":"Incas XXL"}]},{"@type":"WebSite","@id":"https:\/\/www.lasoufflerie.com\/fr\/#website","url":"https:\/\/www.lasoufflerie.com\/fr\/","name":"La Soufflerie","description":"Glass blowing craft","publisher":{"@id":"https:\/\/www.lasoufflerie.com\/fr\/#organization"},"potentialAction":[{"@type":"SearchAction","target":{"@type":"EntryPoint","urlTemplate":"https:\/\/www.lasoufflerie.com\/fr\/?s={search_term_string}"},"query-input":{"@type":"PropertyValueSpecification","valueRequired":true,"valueName":"search_term_string"}}],"inLanguage":"fr-FR"},{"@type":"Organization","@id":"https:\/\/www.lasoufflerie.com\/fr\/#organization","name":"La Soufflerie","url":"https:\/\/www.lasoufflerie.com\/fr\/","logo":{"@type":"ImageObject","inLanguage":"fr-FR","@id":"https:\/\/www.lasoufflerie.com\/fr\/#\/schema\/logo\/image\/","url":"https:\/\/www.lasoufflerie.com\/wp-content\/uploads\/2023\/11\/Logo-La-Soufflerie-black.png","contentUrl":"https:\/\/www.lasoufflerie.com\/wp-content\/uploads\/2023\/11\/Logo-La-Soufflerie-black.png","width":2362,"height":2362,"caption":"La Soufflerie"},"image":{"@id":"https:\/\/www.lasoufflerie.com\/fr\/#\/schema\/logo\/image\/"},"sameAs":["https:\/\/facebook.com\/lasoufflerie","https:\/\/x.com\/lasoufflerie","https:\/\/instagram.com\/lasoufflerie","https:\/\/www.linkedin.com\/company\/9327780?trk=tyah&amp;amp;amp;trkInfo=clickedVertical:company,clickedEntityId:9327780,idx:2-1-2,tarId:1458824308330,tas:lasouff","https:\/\/pinterest.com\/lasoufflerie"]}]}},"_links":{"self":[{"href":"https:\/\/www.lasoufflerie.com\/fr\/wp-json\/wp\/v2\/product\/17664","targetHints":{"allow":["GET"]}}],"collection":[{"href":"https:\/\/www.lasoufflerie.com\/fr\/wp-json\/wp\/v2\/product"}],"about":[{"href":"https:\/\/www.lasoufflerie.com\/fr\/wp-json\/wp\/v2\/types\/product"}],"version-history":[{"count":9,"href":"https:\/\/www.lasoufflerie.com\/fr\/wp-json\/wp\/v2\/product\/17664\/revisions"}],"predecessor-version":[{"id":75434,"href":"https:\/\/www.lasoufflerie.com\/fr\/wp-json\/wp\/v2\/product\/17664\/revisions\/75434"}],"wp:featuredmedia":[{"embeddable":true,"href":"https:\/\/www.lasoufflerie.com\/fr\/wp-json\/wp\/v2\/media\/12936"}],"wp:attachment":[{"href":"https:\/\/www.lasoufflerie.com\/fr\/wp-json\/wp\/v2\/media?parent=17664"}],"wp:term":[{"taxonomy":"product_brand","embeddable":true,"href":"https:\/\/www.lasoufflerie.com\/fr\/wp-json\/wp\/v2\/product_brand?post=17664"},{"taxonomy":"product_cat","embeddable":true,"href":"https:\/\/www.lasoufflerie.com\/fr\/wp-json\/wp\/v2\/product_cat?post=17664"},{"taxonomy":"product_tag","embeddable":true,"href":"https:\/\/www.lasoufflerie.com\/fr\/wp-json\/wp\/v2\/product_tag?post=17664"}],"curies":[{"name":"wp","href":"https:\/\/api.w.org\/{rel}","templated":true}]}}