{"id":17675,"date":"2023-08-23T22:01:27","date_gmt":"2023-08-23T20:01:27","guid":{"rendered":"https:\/\/www.lasoufflerie.com\/product\/rock-glass-framboise-drinking-glass-handmade-handblown-mouthblown-recycled-glass-raspberry\/"},"modified":"2025-12-15T15:14:55","modified_gmt":"2025-12-15T14:14:55","slug":"rock-glass-framboise-verre-boire-verre-recycle-souffle-bouche","status":"publish","type":"product","link":"https:\/\/www.lasoufflerie.com\/fr\/produit\/rock-glass-framboise-verre-boire-verre-recycle-souffle-bouche\/","title":{"rendered":"Rock Glass Framboise"},"content":{"rendered":"<p>Le <strong>Rock Glass Framboise<\/strong> est notre verre \u00e0 boire unique en forme de rocher. Il est soigneusement souffl\u00e9 \u00e0 la bouche \u00e0 partir de verre recycl\u00e9 pour imiter la forme et la texture d&rsquo;un rocher lisse, avec des cr\u00eates et des courbes d&rsquo;aspect naturel. La magnifique teinte framboise ajoute une touche de couleur profonde et sophistiqu\u00e9e \u00e0 votre boisson. Avec sa capacit\u00e9 g\u00e9n\u00e9reuse et sa structure durable, ce verre est id\u00e9al pour un usage quotidien et pour les occasions sp\u00e9ciales. Le verre The Rock Glass Framboise n&rsquo;est pas seulement esth\u00e9tique, il est \u00e9galement respectueux de l&rsquo;environnement. En utilisant du verre recycl\u00e9, nous r\u00e9duisons les d\u00e9chets et contribuons \u00e0 un avenir plus durable.<\/p>\n","protected":false},"excerpt":{"rendered":"<p>Le Rock Glass Framboise est notre verre \u00e0 boire unique en forme de rocher. Il est soigneusement souffl\u00e9 \u00e0 la bouche \u00e0 partir de verre recycl\u00e9 pour imiter la forme et la texture d&rsquo;un rocher lisse, avec des cr\u00eates et des courbes d&rsquo;aspect naturel. La magnifique teinte framboise ajoute une touche de couleur profonde et [&hellip;]<\/p>\n","protected":false},"featured_media":14546,"template":"","meta":{"_acf_changed":false},"product_brand":[],"product_cat":[1634,1317,1623,1310],"product_tag":[],"class_list":{"0":"post-17675","1":"product","2":"type-product","3":"status-publish","4":"has-post-thumbnail","6":"product_cat-cadeaux-a-moins-de-50e-idees-cadeaux","7":"product_cat-gobelets-et-verres-a-eau","8":"product_cat-la-boutique","9":"product_cat-verres-carafes","10":"product_shipping_class-small-product-fr","11":"pa_a-gift-for-her-fr","12":"pa_a-gift-for-under-50e-fr","13":"pa_colour-framboise","14":"pa_made-of-glass-fr","15":"pa_size-petit","17":"first","18":"instock","19":"taxable","20":"shipping-taxable","21":"purchasable","22":"product-type-simple"},"acf":[],"yoast_head":"<!-- This site is optimized with the Yoast SEO plugin v27.3 - https:\/\/yoast.com\/product\/yoast-seo-wordpress\/ -->\n<title>Rock Glass Framboise - La Soufflerie - Verre souffl\u00e9 \u00e0 la bouche<\/title>\n<meta name=\"description\" content=\"Achetez le Rock Glass Framboise de La Soufflerie. Souffl\u00e9 \u00e0 la bouche en utilisant uniquement du verre recycl\u00e9 par nos ma\u00eetres artisans et disponible pour une exp\u00e9dition \u00e0 l&#039;international.\" \/>\n<meta name=\"robots\" content=\"index, follow, max-snippet:-1, max-image-preview:large, max-video-preview:-1\" \/>\n<link rel=\"canonical\" href=\"https:\/\/www.lasoufflerie.com\/fr\/produit\/rock-glass-framboise-verre-boire-verre-recycle-souffle-bouche\/\" \/>\n<meta property=\"og:locale\" content=\"fr_FR\" \/>\n<meta property=\"og:type\" content=\"article\" \/>\n<meta property=\"og:title\" content=\"Rock Glass Framboise - La Soufflerie - Verre souffl\u00e9 \u00e0 la bouche\" \/>\n<meta property=\"og:description\" content=\"Achetez le Rock Glass Framboise de La Soufflerie. Souffl\u00e9 \u00e0 la bouche en utilisant uniquement du verre recycl\u00e9 par nos ma\u00eetres artisans et disponible pour une exp\u00e9dition \u00e0 l&#039;international.\" \/>\n<meta property=\"og:url\" content=\"https:\/\/www.lasoufflerie.com\/fr\/produit\/rock-glass-framboise-verre-boire-verre-recycle-souffle-bouche\/\" \/>\n<meta property=\"og:site_name\" content=\"La Soufflerie\" \/>\n<meta property=\"article:publisher\" content=\"https:\/\/facebook.com\/lasoufflerie\" \/>\n<meta property=\"article:modified_time\" content=\"2025-12-15T14:14:55+00:00\" \/>\n<meta property=\"og:image\" content=\"https:\/\/www.lasoufflerie.com\/wp-content\/uploads\/2023\/12\/The-Rock-Glass-2-scaled-e1688463807482.jpg\" \/>\n\t<meta property=\"og:image:width\" content=\"810\" \/>\n\t<meta property=\"og:image:height\" content=\"1080\" \/>\n\t<meta property=\"og:image:type\" content=\"image\/jpeg\" \/>\n<meta name=\"twitter:card\" content=\"summary_large_image\" \/>\n<meta name=\"twitter:site\" content=\"@lasoufflerie\" \/>\n<meta name=\"twitter:label1\" content=\"Dur\u00e9e de lecture estim\u00e9e\" \/>\n\t<meta name=\"twitter:data1\" content=\"1 minute\" \/>\n<script type=\"application\/ld+json\" class=\"yoast-schema-graph\">{\"@context\":\"https:\\\/\\\/schema.org\",\"@graph\":[{\"@type\":\"WebPage\",\"@id\":\"https:\\\/\\\/www.lasoufflerie.com\\\/fr\\\/produit\\\/rock-glass-framboise-verre-boire-verre-recycle-souffle-bouche\\\/\",\"url\":\"https:\\\/\\\/www.lasoufflerie.com\\\/fr\\\/produit\\\/rock-glass-framboise-verre-boire-verre-recycle-souffle-bouche\\\/\",\"name\":\"Rock Glass Framboise - La Soufflerie - Verre souffl\u00e9 \u00e0 la bouche\",\"isPartOf\":{\"@id\":\"https:\\\/\\\/www.lasoufflerie.com\\\/fr\\\/#website\"},\"primaryImageOfPage\":{\"@id\":\"https:\\\/\\\/www.lasoufflerie.com\\\/fr\\\/produit\\\/rock-glass-framboise-verre-boire-verre-recycle-souffle-bouche\\\/#primaryimage\"},\"image\":{\"@id\":\"https:\\\/\\\/www.lasoufflerie.com\\\/fr\\\/produit\\\/rock-glass-framboise-verre-boire-verre-recycle-souffle-bouche\\\/#primaryimage\"},\"thumbnailUrl\":\"https:\\\/\\\/www.lasoufflerie.com\\\/wp-content\\\/uploads\\\/2023\\\/12\\\/The-Rock-Glass-2-scaled-e1688463807482.jpg\",\"datePublished\":\"2023-08-23T20:01:27+00:00\",\"dateModified\":\"2025-12-15T14:14:55+00:00\",\"description\":\"Achetez le Rock Glass Framboise de La Soufflerie. Souffl\u00e9 \u00e0 la bouche en utilisant uniquement du verre recycl\u00e9 par nos ma\u00eetres artisans et disponible pour une exp\u00e9dition \u00e0 l'international.\",\"breadcrumb\":{\"@id\":\"https:\\\/\\\/www.lasoufflerie.com\\\/fr\\\/produit\\\/rock-glass-framboise-verre-boire-verre-recycle-souffle-bouche\\\/#breadcrumb\"},\"inLanguage\":\"fr-FR\",\"potentialAction\":[{\"@type\":\"ReadAction\",\"target\":[\"https:\\\/\\\/www.lasoufflerie.com\\\/fr\\\/produit\\\/rock-glass-framboise-verre-boire-verre-recycle-souffle-bouche\\\/\"]}]},{\"@type\":\"ImageObject\",\"inLanguage\":\"fr-FR\",\"@id\":\"https:\\\/\\\/www.lasoufflerie.com\\\/fr\\\/produit\\\/rock-glass-framboise-verre-boire-verre-recycle-souffle-bouche\\\/#primaryimage\",\"url\":\"https:\\\/\\\/www.lasoufflerie.com\\\/wp-content\\\/uploads\\\/2023\\\/12\\\/The-Rock-Glass-2-scaled-e1688463807482.jpg\",\"contentUrl\":\"https:\\\/\\\/www.lasoufflerie.com\\\/wp-content\\\/uploads\\\/2023\\\/12\\\/The-Rock-Glass-2-scaled-e1688463807482.jpg\",\"width\":810,\"height\":1080,\"caption\":\"la-soufflerie-rock-glass-framboise-drinkware-tumbler-water-glass-mouth-blown-recycled-glass\"},{\"@type\":\"BreadcrumbList\",\"@id\":\"https:\\\/\\\/www.lasoufflerie.com\\\/fr\\\/produit\\\/rock-glass-framboise-verre-boire-verre-recycle-souffle-bouche\\\/#breadcrumb\",\"itemListElement\":[{\"@type\":\"ListItem\",\"position\":1,\"name\":\"Home\",\"item\":\"https:\\\/\\\/www.lasoufflerie.com\\\/fr\\\/\"},{\"@type\":\"ListItem\",\"position\":2,\"name\":\"Shop all\",\"item\":\"https:\\\/\\\/www.lasoufflerie.com\\\/fr\\\/boutique\\\/\"},{\"@type\":\"ListItem\",\"position\":3,\"name\":\"Rock Glass Framboise\"}]},{\"@type\":\"WebSite\",\"@id\":\"https:\\\/\\\/www.lasoufflerie.com\\\/fr\\\/#website\",\"url\":\"https:\\\/\\\/www.lasoufflerie.com\\\/fr\\\/\",\"name\":\"La Soufflerie\",\"description\":\"Glass blowing craft\",\"publisher\":{\"@id\":\"https:\\\/\\\/www.lasoufflerie.com\\\/fr\\\/#organization\"},\"potentialAction\":[{\"@type\":\"SearchAction\",\"target\":{\"@type\":\"EntryPoint\",\"urlTemplate\":\"https:\\\/\\\/www.lasoufflerie.com\\\/fr\\\/?s={search_term_string}\"},\"query-input\":{\"@type\":\"PropertyValueSpecification\",\"valueRequired\":true,\"valueName\":\"search_term_string\"}}],\"inLanguage\":\"fr-FR\"},{\"@type\":\"Organization\",\"@id\":\"https:\\\/\\\/www.lasoufflerie.com\\\/fr\\\/#organization\",\"name\":\"La Soufflerie\",\"url\":\"https:\\\/\\\/www.lasoufflerie.com\\\/fr\\\/\",\"logo\":{\"@type\":\"ImageObject\",\"inLanguage\":\"fr-FR\",\"@id\":\"https:\\\/\\\/www.lasoufflerie.com\\\/fr\\\/#\\\/schema\\\/logo\\\/image\\\/\",\"url\":\"https:\\\/\\\/www.lasoufflerie.com\\\/wp-content\\\/uploads\\\/2023\\\/11\\\/Logo-La-Soufflerie-black.png\",\"contentUrl\":\"https:\\\/\\\/www.lasoufflerie.com\\\/wp-content\\\/uploads\\\/2023\\\/11\\\/Logo-La-Soufflerie-black.png\",\"width\":2362,\"height\":2362,\"caption\":\"La Soufflerie\"},\"image\":{\"@id\":\"https:\\\/\\\/www.lasoufflerie.com\\\/fr\\\/#\\\/schema\\\/logo\\\/image\\\/\"},\"sameAs\":[\"https:\\\/\\\/facebook.com\\\/lasoufflerie\",\"https:\\\/\\\/x.com\\\/lasoufflerie\",\"https:\\\/\\\/instagram.com\\\/lasoufflerie\",\"https:\\\/\\\/www.linkedin.com\\\/company\\\/9327780?trk=tyah&amp;amp;amp;trkInfo=clickedVertical:company,clickedEntityId:9327780,idx:2-1-2,tarId:1458824308330,tas:lasouff\",\"https:\\\/\\\/pinterest.com\\\/lasoufflerie\"]}]}<\/script>\n<!-- \/ Yoast SEO plugin. -->","yoast_head_json":{"title":"Rock Glass Framboise - La Soufflerie - Verre souffl\u00e9 \u00e0 la bouche","description":"Achetez le Rock Glass Framboise de La Soufflerie. Souffl\u00e9 \u00e0 la bouche en utilisant uniquement du verre recycl\u00e9 par nos ma\u00eetres artisans et disponible pour une exp\u00e9dition \u00e0 l'international.","robots":{"index":"index","follow":"follow","max-snippet":"max-snippet:-1","max-image-preview":"max-image-preview:large","max-video-preview":"max-video-preview:-1"},"canonical":"https:\/\/www.lasoufflerie.com\/fr\/produit\/rock-glass-framboise-verre-boire-verre-recycle-souffle-bouche\/","og_locale":"fr_FR","og_type":"article","og_title":"Rock Glass Framboise - La Soufflerie - Verre souffl\u00e9 \u00e0 la bouche","og_description":"Achetez le Rock Glass Framboise de La Soufflerie. Souffl\u00e9 \u00e0 la bouche en utilisant uniquement du verre recycl\u00e9 par nos ma\u00eetres artisans et disponible pour une exp\u00e9dition \u00e0 l'international.","og_url":"https:\/\/www.lasoufflerie.com\/fr\/produit\/rock-glass-framboise-verre-boire-verre-recycle-souffle-bouche\/","og_site_name":"La Soufflerie","article_publisher":"https:\/\/facebook.com\/lasoufflerie","article_modified_time":"2025-12-15T14:14:55+00:00","og_image":[{"width":810,"height":1080,"url":"https:\/\/www.lasoufflerie.com\/wp-content\/uploads\/2023\/12\/The-Rock-Glass-2-scaled-e1688463807482.jpg","type":"image\/jpeg"}],"twitter_card":"summary_large_image","twitter_site":"@lasoufflerie","twitter_misc":{"Dur\u00e9e de lecture estim\u00e9e":"1 minute"},"schema":{"@context":"https:\/\/schema.org","@graph":[{"@type":"WebPage","@id":"https:\/\/www.lasoufflerie.com\/fr\/produit\/rock-glass-framboise-verre-boire-verre-recycle-souffle-bouche\/","url":"https:\/\/www.lasoufflerie.com\/fr\/produit\/rock-glass-framboise-verre-boire-verre-recycle-souffle-bouche\/","name":"Rock Glass Framboise - La Soufflerie - Verre souffl\u00e9 \u00e0 la bouche","isPartOf":{"@id":"https:\/\/www.lasoufflerie.com\/fr\/#website"},"primaryImageOfPage":{"@id":"https:\/\/www.lasoufflerie.com\/fr\/produit\/rock-glass-framboise-verre-boire-verre-recycle-souffle-bouche\/#primaryimage"},"image":{"@id":"https:\/\/www.lasoufflerie.com\/fr\/produit\/rock-glass-framboise-verre-boire-verre-recycle-souffle-bouche\/#primaryimage"},"thumbnailUrl":"https:\/\/www.lasoufflerie.com\/wp-content\/uploads\/2023\/12\/The-Rock-Glass-2-scaled-e1688463807482.jpg","datePublished":"2023-08-23T20:01:27+00:00","dateModified":"2025-12-15T14:14:55+00:00","description":"Achetez le Rock Glass Framboise de La Soufflerie. Souffl\u00e9 \u00e0 la bouche en utilisant uniquement du verre recycl\u00e9 par nos ma\u00eetres artisans et disponible pour une exp\u00e9dition \u00e0 l'international.","breadcrumb":{"@id":"https:\/\/www.lasoufflerie.com\/fr\/produit\/rock-glass-framboise-verre-boire-verre-recycle-souffle-bouche\/#breadcrumb"},"inLanguage":"fr-FR","potentialAction":[{"@type":"ReadAction","target":["https:\/\/www.lasoufflerie.com\/fr\/produit\/rock-glass-framboise-verre-boire-verre-recycle-souffle-bouche\/"]}]},{"@type":"ImageObject","inLanguage":"fr-FR","@id":"https:\/\/www.lasoufflerie.com\/fr\/produit\/rock-glass-framboise-verre-boire-verre-recycle-souffle-bouche\/#primaryimage","url":"https:\/\/www.lasoufflerie.com\/wp-content\/uploads\/2023\/12\/The-Rock-Glass-2-scaled-e1688463807482.jpg","contentUrl":"https:\/\/www.lasoufflerie.com\/wp-content\/uploads\/2023\/12\/The-Rock-Glass-2-scaled-e1688463807482.jpg","width":810,"height":1080,"caption":"la-soufflerie-rock-glass-framboise-drinkware-tumbler-water-glass-mouth-blown-recycled-glass"},{"@type":"BreadcrumbList","@id":"https:\/\/www.lasoufflerie.com\/fr\/produit\/rock-glass-framboise-verre-boire-verre-recycle-souffle-bouche\/#breadcrumb","itemListElement":[{"@type":"ListItem","position":1,"name":"Home","item":"https:\/\/www.lasoufflerie.com\/fr\/"},{"@type":"ListItem","position":2,"name":"Shop all","item":"https:\/\/www.lasoufflerie.com\/fr\/boutique\/"},{"@type":"ListItem","position":3,"name":"Rock Glass Framboise"}]},{"@type":"WebSite","@id":"https:\/\/www.lasoufflerie.com\/fr\/#website","url":"https:\/\/www.lasoufflerie.com\/fr\/","name":"La Soufflerie","description":"Glass blowing craft","publisher":{"@id":"https:\/\/www.lasoufflerie.com\/fr\/#organization"},"potentialAction":[{"@type":"SearchAction","target":{"@type":"EntryPoint","urlTemplate":"https:\/\/www.lasoufflerie.com\/fr\/?s={search_term_string}"},"query-input":{"@type":"PropertyValueSpecification","valueRequired":true,"valueName":"search_term_string"}}],"inLanguage":"fr-FR"},{"@type":"Organization","@id":"https:\/\/www.lasoufflerie.com\/fr\/#organization","name":"La Soufflerie","url":"https:\/\/www.lasoufflerie.com\/fr\/","logo":{"@type":"ImageObject","inLanguage":"fr-FR","@id":"https:\/\/www.lasoufflerie.com\/fr\/#\/schema\/logo\/image\/","url":"https:\/\/www.lasoufflerie.com\/wp-content\/uploads\/2023\/11\/Logo-La-Soufflerie-black.png","contentUrl":"https:\/\/www.lasoufflerie.com\/wp-content\/uploads\/2023\/11\/Logo-La-Soufflerie-black.png","width":2362,"height":2362,"caption":"La Soufflerie"},"image":{"@id":"https:\/\/www.lasoufflerie.com\/fr\/#\/schema\/logo\/image\/"},"sameAs":["https:\/\/facebook.com\/lasoufflerie","https:\/\/x.com\/lasoufflerie","https:\/\/instagram.com\/lasoufflerie","https:\/\/www.linkedin.com\/company\/9327780?trk=tyah&amp;amp;amp;trkInfo=clickedVertical:company,clickedEntityId:9327780,idx:2-1-2,tarId:1458824308330,tas:lasouff","https:\/\/pinterest.com\/lasoufflerie"]}]}},"_links":{"self":[{"href":"https:\/\/www.lasoufflerie.com\/fr\/wp-json\/wp\/v2\/product\/17675","targetHints":{"allow":["GET"]}}],"collection":[{"href":"https:\/\/www.lasoufflerie.com\/fr\/wp-json\/wp\/v2\/product"}],"about":[{"href":"https:\/\/www.lasoufflerie.com\/fr\/wp-json\/wp\/v2\/types\/product"}],"version-history":[{"count":7,"href":"https:\/\/www.lasoufflerie.com\/fr\/wp-json\/wp\/v2\/product\/17675\/revisions"}],"predecessor-version":[{"id":58746,"href":"https:\/\/www.lasoufflerie.com\/fr\/wp-json\/wp\/v2\/product\/17675\/revisions\/58746"}],"wp:featuredmedia":[{"embeddable":true,"href":"https:\/\/www.lasoufflerie.com\/fr\/wp-json\/wp\/v2\/media\/14546"}],"wp:attachment":[{"href":"https:\/\/www.lasoufflerie.com\/fr\/wp-json\/wp\/v2\/media?parent=17675"}],"wp:term":[{"taxonomy":"product_brand","embeddable":true,"href":"https:\/\/www.lasoufflerie.com\/fr\/wp-json\/wp\/v2\/product_brand?post=17675"},{"taxonomy":"product_cat","embeddable":true,"href":"https:\/\/www.lasoufflerie.com\/fr\/wp-json\/wp\/v2\/product_cat?post=17675"},{"taxonomy":"product_tag","embeddable":true,"href":"https:\/\/www.lasoufflerie.com\/fr\/wp-json\/wp\/v2\/product_tag?post=17675"}],"curies":[{"name":"wp","href":"https:\/\/api.w.org\/{rel}","templated":true}]}}