{"id":17721,"date":"2025-08-01T09:58:36","date_gmt":"2025-08-01T07:58:36","guid":{"rendered":"https:\/\/www.lasoufflerie.com\/product\/monk-head-plaster-decorative-scultpture-handmade-molded-by-hand-artisanal-2\/"},"modified":"2025-09-19T16:20:28","modified_gmt":"2025-09-19T14:20:28","slug":"monk-head-benedict-sculpture-platre-fait-main","status":"publish","type":"product","link":"https:\/\/www.lasoufflerie.com\/fr\/produit\/monk-head-benedict-sculpture-platre-fait-main\/","title":{"rendered":"Monk Head Benedict"},"content":{"rendered":"<p><strong>Monk Head Benedict<\/strong> fait partie de notre s\u00e9rie de pi\u00e8ces d\u00e9coratives en pl\u00e2tre. Il y a plusieurs ann\u00e9es, <a href=\"https:\/\/www.moulageetpatine.com\/\" rel=\"nofollow\">S\u00e9bastien <\/a>(l\u2019un de nos fondateurs) a eu la chance de participer \u00e0 un projet de restauration de l\u2019\u00e9glise Saint Sulpice \u00e0 Paris. Il a trouv\u00e9 ces t\u00eates de moine qui avaient environ 200 ans dans le sous-sol de l\u2019\u00e9glise et a pu en garder certaines. Ils ont \u00e9t\u00e9 fabriqu\u00e9s selon une technique utilis\u00e9e \u00e0 l\u2019\u00e9poque de Rodin. Aujourd\u2019hui, nous sommes heureux de pouvoir vous proposer ces pi\u00e8ces r\u00e9alis\u00e9es \u00e0 partir de moules a leurs tours r\u00e9alis\u00e9es \u00e0 partir des sculptures originales de l\u2019\u00e9glise Saint Sulpice \u00e0 Paris. Monk Head Benedict est fait \u00e0 la main dans notre atelier \u00e0 Paris.<br \/>\nCes t\u00eates sont con\u00e7ues pour \u00eatre pos\u00e9es sur une table et ne disposent pas de crochet pour les accrocher au mur.<\/p>\n<p data-prosemirror-content-type=\"node\" data-prosemirror-node-name=\"paragraph\" data-prosemirror-node-block=\"true\" data-pm-slice=\"1 1 []\">Veuillez pr\u00e9voir 2 \u00e0 3 semaines suppl\u00e9mentaires pour la livraison, car votre pi\u00e8ce en pl\u00e2tre est fabriqu\u00e9e \u00e0 la main sur commande.<\/p>\n<p data-prosemirror-content-type=\"node\" data-prosemirror-node-name=\"paragraph\" data-prosemirror-node-block=\"true\">Ne convient pas \u00e0 une utilisation avec de l&rsquo;eau.<\/p>\n","protected":false},"excerpt":{"rendered":"<p>Monk Head Benedict fait partie de notre s\u00e9rie de pi\u00e8ces d\u00e9coratives en pl\u00e2tre. Il y a plusieurs ann\u00e9es, S\u00e9bastien (l\u2019un de nos fondateurs) a eu la chance de participer \u00e0 un projet de restauration de l\u2019\u00e9glise Saint Sulpice \u00e0 Paris. Il a trouv\u00e9 ces t\u00eates de moine qui avaient environ 200 ans dans le sous-sol [&hellip;]<\/p>\n","protected":false},"featured_media":15561,"template":"","meta":{"_acf_changed":false},"product_brand":[],"product_cat":[1636,1339,1614,1623,1334,1314,1313],"product_tag":[],"class_list":{"0":"post-17721","1":"product","2":"type-product","3":"status-publish","4":"has-post-thumbnail","6":"product_cat-cadeaux-a-plus-de-50e-idees-cadeaux","7":"product_cat-figuratif","8":"product_cat-figuratif-terre-cuite","9":"product_cat-la-boutique","10":"product_cat-pieces-decoratives","11":"product_cat-platres-terre-cuites","12":"product_cat-tetes","13":"product_shipping_class-medium-product-fr","14":"pa_a-gift-for-lui","15":"pa_a-gift-for-plus-de-50e","16":"pa_colour-blanc","17":"pa_made-of-platre","18":"pa_size-medium-fr","20":"first","21":"instock","22":"taxable","23":"shipping-taxable","24":"purchasable","25":"product-type-simple"},"acf":[],"yoast_head":"<!-- This site is optimized with the Yoast SEO plugin v27.3 - https:\/\/yoast.com\/product\/yoast-seo-wordpress\/ -->\n<title>Monk Head Benedict - La Soufflerie - Fait \u00e0 la main \u00e0 Paris<\/title>\n<meta name=\"description\" content=\"Achetez la Monk Head Benedict de La Soufflerie. Une pi\u00e8ce decorative en pl\u00e2tre fait \u00e0 la main dans notre atelier \u00e0 Paris par nos ma\u00eetres artisans et disponible pour une exp\u00e9dition \u00e0 la international.\" \/>\n<meta name=\"robots\" content=\"index, follow, max-snippet:-1, max-image-preview:large, max-video-preview:-1\" \/>\n<link rel=\"canonical\" href=\"https:\/\/www.lasoufflerie.com\/fr\/produit\/monk-head-benedict-sculpture-platre-fait-main\/\" \/>\n<meta property=\"og:locale\" content=\"fr_FR\" \/>\n<meta property=\"og:type\" content=\"article\" \/>\n<meta property=\"og:title\" content=\"Monk Head Benedict - La Soufflerie - Fait \u00e0 la main \u00e0 Paris\" \/>\n<meta property=\"og:description\" content=\"Achetez la Monk Head Benedict de La Soufflerie. Une pi\u00e8ce decorative en pl\u00e2tre fait \u00e0 la main dans notre atelier \u00e0 Paris par nos ma\u00eetres artisans et disponible pour une exp\u00e9dition \u00e0 la international.\" \/>\n<meta property=\"og:url\" content=\"https:\/\/www.lasoufflerie.com\/fr\/produit\/monk-head-benedict-sculpture-platre-fait-main\/\" \/>\n<meta property=\"og:site_name\" content=\"La Soufflerie\" \/>\n<meta property=\"article:publisher\" content=\"https:\/\/facebook.com\/lasoufflerie\" \/>\n<meta property=\"article:modified_time\" content=\"2025-09-19T14:20:28+00:00\" \/>\n<meta property=\"og:image\" content=\"https:\/\/www.lasoufflerie.com\/wp-content\/uploads\/2023\/03\/IMG_0296.jpg\" \/>\n\t<meta property=\"og:image:width\" content=\"1836\" \/>\n\t<meta property=\"og:image:height\" content=\"2448\" \/>\n\t<meta property=\"og:image:type\" content=\"image\/jpeg\" \/>\n<meta name=\"twitter:card\" content=\"summary_large_image\" \/>\n<meta name=\"twitter:site\" content=\"@lasoufflerie\" \/>\n<meta name=\"twitter:label1\" content=\"Dur\u00e9e de lecture estim\u00e9e\" \/>\n\t<meta name=\"twitter:data1\" content=\"1 minute\" \/>\n<script type=\"application\/ld+json\" class=\"yoast-schema-graph\">{\"@context\":\"https:\\\/\\\/schema.org\",\"@graph\":[{\"@type\":\"WebPage\",\"@id\":\"https:\\\/\\\/www.lasoufflerie.com\\\/fr\\\/produit\\\/monk-head-benedict-sculpture-platre-fait-main\\\/\",\"url\":\"https:\\\/\\\/www.lasoufflerie.com\\\/fr\\\/produit\\\/monk-head-benedict-sculpture-platre-fait-main\\\/\",\"name\":\"Monk Head Benedict - La Soufflerie - Fait \u00e0 la main \u00e0 Paris\",\"isPartOf\":{\"@id\":\"https:\\\/\\\/www.lasoufflerie.com\\\/fr\\\/#website\"},\"primaryImageOfPage\":{\"@id\":\"https:\\\/\\\/www.lasoufflerie.com\\\/fr\\\/produit\\\/monk-head-benedict-sculpture-platre-fait-main\\\/#primaryimage\"},\"image\":{\"@id\":\"https:\\\/\\\/www.lasoufflerie.com\\\/fr\\\/produit\\\/monk-head-benedict-sculpture-platre-fait-main\\\/#primaryimage\"},\"thumbnailUrl\":\"https:\\\/\\\/www.lasoufflerie.com\\\/wp-content\\\/uploads\\\/2023\\\/03\\\/IMG_0296.jpg\",\"datePublished\":\"2025-08-01T07:58:36+00:00\",\"dateModified\":\"2025-09-19T14:20:28+00:00\",\"description\":\"Achetez la Monk Head Benedict de La Soufflerie. Une pi\u00e8ce decorative en pl\u00e2tre fait \u00e0 la main dans notre atelier \u00e0 Paris par nos ma\u00eetres artisans et disponible pour une exp\u00e9dition \u00e0 la international.\",\"breadcrumb\":{\"@id\":\"https:\\\/\\\/www.lasoufflerie.com\\\/fr\\\/produit\\\/monk-head-benedict-sculpture-platre-fait-main\\\/#breadcrumb\"},\"inLanguage\":\"fr-FR\",\"potentialAction\":[{\"@type\":\"ReadAction\",\"target\":[\"https:\\\/\\\/www.lasoufflerie.com\\\/fr\\\/produit\\\/monk-head-benedict-sculpture-platre-fait-main\\\/\"]}]},{\"@type\":\"ImageObject\",\"inLanguage\":\"fr-FR\",\"@id\":\"https:\\\/\\\/www.lasoufflerie.com\\\/fr\\\/produit\\\/monk-head-benedict-sculpture-platre-fait-main\\\/#primaryimage\",\"url\":\"https:\\\/\\\/www.lasoufflerie.com\\\/wp-content\\\/uploads\\\/2023\\\/03\\\/IMG_0296.jpg\",\"contentUrl\":\"https:\\\/\\\/www.lasoufflerie.com\\\/wp-content\\\/uploads\\\/2023\\\/03\\\/IMG_0296.jpg\",\"width\":1836,\"height\":2448},{\"@type\":\"BreadcrumbList\",\"@id\":\"https:\\\/\\\/www.lasoufflerie.com\\\/fr\\\/produit\\\/monk-head-benedict-sculpture-platre-fait-main\\\/#breadcrumb\",\"itemListElement\":[{\"@type\":\"ListItem\",\"position\":1,\"name\":\"Home\",\"item\":\"https:\\\/\\\/www.lasoufflerie.com\\\/fr\\\/\"},{\"@type\":\"ListItem\",\"position\":2,\"name\":\"Shop all\",\"item\":\"https:\\\/\\\/www.lasoufflerie.com\\\/fr\\\/boutique\\\/\"},{\"@type\":\"ListItem\",\"position\":3,\"name\":\"Monk Head Benedict\"}]},{\"@type\":\"WebSite\",\"@id\":\"https:\\\/\\\/www.lasoufflerie.com\\\/fr\\\/#website\",\"url\":\"https:\\\/\\\/www.lasoufflerie.com\\\/fr\\\/\",\"name\":\"La Soufflerie\",\"description\":\"Glass blowing craft\",\"publisher\":{\"@id\":\"https:\\\/\\\/www.lasoufflerie.com\\\/fr\\\/#organization\"},\"potentialAction\":[{\"@type\":\"SearchAction\",\"target\":{\"@type\":\"EntryPoint\",\"urlTemplate\":\"https:\\\/\\\/www.lasoufflerie.com\\\/fr\\\/?s={search_term_string}\"},\"query-input\":{\"@type\":\"PropertyValueSpecification\",\"valueRequired\":true,\"valueName\":\"search_term_string\"}}],\"inLanguage\":\"fr-FR\"},{\"@type\":\"Organization\",\"@id\":\"https:\\\/\\\/www.lasoufflerie.com\\\/fr\\\/#organization\",\"name\":\"La Soufflerie\",\"url\":\"https:\\\/\\\/www.lasoufflerie.com\\\/fr\\\/\",\"logo\":{\"@type\":\"ImageObject\",\"inLanguage\":\"fr-FR\",\"@id\":\"https:\\\/\\\/www.lasoufflerie.com\\\/fr\\\/#\\\/schema\\\/logo\\\/image\\\/\",\"url\":\"https:\\\/\\\/www.lasoufflerie.com\\\/wp-content\\\/uploads\\\/2023\\\/11\\\/Logo-La-Soufflerie-black.png\",\"contentUrl\":\"https:\\\/\\\/www.lasoufflerie.com\\\/wp-content\\\/uploads\\\/2023\\\/11\\\/Logo-La-Soufflerie-black.png\",\"width\":2362,\"height\":2362,\"caption\":\"La Soufflerie\"},\"image\":{\"@id\":\"https:\\\/\\\/www.lasoufflerie.com\\\/fr\\\/#\\\/schema\\\/logo\\\/image\\\/\"},\"sameAs\":[\"https:\\\/\\\/facebook.com\\\/lasoufflerie\",\"https:\\\/\\\/x.com\\\/lasoufflerie\",\"https:\\\/\\\/instagram.com\\\/lasoufflerie\",\"https:\\\/\\\/www.linkedin.com\\\/company\\\/9327780?trk=tyah&amp;amp;amp;trkInfo=clickedVertical:company,clickedEntityId:9327780,idx:2-1-2,tarId:1458824308330,tas:lasouff\",\"https:\\\/\\\/pinterest.com\\\/lasoufflerie\"]}]}<\/script>\n<!-- \/ Yoast SEO plugin. -->","yoast_head_json":{"title":"Monk Head Benedict - La Soufflerie - Fait \u00e0 la main \u00e0 Paris","description":"Achetez la Monk Head Benedict de La Soufflerie. Une pi\u00e8ce decorative en pl\u00e2tre fait \u00e0 la main dans notre atelier \u00e0 Paris par nos ma\u00eetres artisans et disponible pour une exp\u00e9dition \u00e0 la international.","robots":{"index":"index","follow":"follow","max-snippet":"max-snippet:-1","max-image-preview":"max-image-preview:large","max-video-preview":"max-video-preview:-1"},"canonical":"https:\/\/www.lasoufflerie.com\/fr\/produit\/monk-head-benedict-sculpture-platre-fait-main\/","og_locale":"fr_FR","og_type":"article","og_title":"Monk Head Benedict - La Soufflerie - Fait \u00e0 la main \u00e0 Paris","og_description":"Achetez la Monk Head Benedict de La Soufflerie. Une pi\u00e8ce decorative en pl\u00e2tre fait \u00e0 la main dans notre atelier \u00e0 Paris par nos ma\u00eetres artisans et disponible pour une exp\u00e9dition \u00e0 la international.","og_url":"https:\/\/www.lasoufflerie.com\/fr\/produit\/monk-head-benedict-sculpture-platre-fait-main\/","og_site_name":"La Soufflerie","article_publisher":"https:\/\/facebook.com\/lasoufflerie","article_modified_time":"2025-09-19T14:20:28+00:00","og_image":[{"width":1836,"height":2448,"url":"https:\/\/www.lasoufflerie.com\/wp-content\/uploads\/2023\/03\/IMG_0296.jpg","type":"image\/jpeg"}],"twitter_card":"summary_large_image","twitter_site":"@lasoufflerie","twitter_misc":{"Dur\u00e9e de lecture estim\u00e9e":"1 minute"},"schema":{"@context":"https:\/\/schema.org","@graph":[{"@type":"WebPage","@id":"https:\/\/www.lasoufflerie.com\/fr\/produit\/monk-head-benedict-sculpture-platre-fait-main\/","url":"https:\/\/www.lasoufflerie.com\/fr\/produit\/monk-head-benedict-sculpture-platre-fait-main\/","name":"Monk Head Benedict - La Soufflerie - Fait \u00e0 la main \u00e0 Paris","isPartOf":{"@id":"https:\/\/www.lasoufflerie.com\/fr\/#website"},"primaryImageOfPage":{"@id":"https:\/\/www.lasoufflerie.com\/fr\/produit\/monk-head-benedict-sculpture-platre-fait-main\/#primaryimage"},"image":{"@id":"https:\/\/www.lasoufflerie.com\/fr\/produit\/monk-head-benedict-sculpture-platre-fait-main\/#primaryimage"},"thumbnailUrl":"https:\/\/www.lasoufflerie.com\/wp-content\/uploads\/2023\/03\/IMG_0296.jpg","datePublished":"2025-08-01T07:58:36+00:00","dateModified":"2025-09-19T14:20:28+00:00","description":"Achetez la Monk Head Benedict de La Soufflerie. Une pi\u00e8ce decorative en pl\u00e2tre fait \u00e0 la main dans notre atelier \u00e0 Paris par nos ma\u00eetres artisans et disponible pour une exp\u00e9dition \u00e0 la international.","breadcrumb":{"@id":"https:\/\/www.lasoufflerie.com\/fr\/produit\/monk-head-benedict-sculpture-platre-fait-main\/#breadcrumb"},"inLanguage":"fr-FR","potentialAction":[{"@type":"ReadAction","target":["https:\/\/www.lasoufflerie.com\/fr\/produit\/monk-head-benedict-sculpture-platre-fait-main\/"]}]},{"@type":"ImageObject","inLanguage":"fr-FR","@id":"https:\/\/www.lasoufflerie.com\/fr\/produit\/monk-head-benedict-sculpture-platre-fait-main\/#primaryimage","url":"https:\/\/www.lasoufflerie.com\/wp-content\/uploads\/2023\/03\/IMG_0296.jpg","contentUrl":"https:\/\/www.lasoufflerie.com\/wp-content\/uploads\/2023\/03\/IMG_0296.jpg","width":1836,"height":2448},{"@type":"BreadcrumbList","@id":"https:\/\/www.lasoufflerie.com\/fr\/produit\/monk-head-benedict-sculpture-platre-fait-main\/#breadcrumb","itemListElement":[{"@type":"ListItem","position":1,"name":"Home","item":"https:\/\/www.lasoufflerie.com\/fr\/"},{"@type":"ListItem","position":2,"name":"Shop all","item":"https:\/\/www.lasoufflerie.com\/fr\/boutique\/"},{"@type":"ListItem","position":3,"name":"Monk Head Benedict"}]},{"@type":"WebSite","@id":"https:\/\/www.lasoufflerie.com\/fr\/#website","url":"https:\/\/www.lasoufflerie.com\/fr\/","name":"La Soufflerie","description":"Glass blowing craft","publisher":{"@id":"https:\/\/www.lasoufflerie.com\/fr\/#organization"},"potentialAction":[{"@type":"SearchAction","target":{"@type":"EntryPoint","urlTemplate":"https:\/\/www.lasoufflerie.com\/fr\/?s={search_term_string}"},"query-input":{"@type":"PropertyValueSpecification","valueRequired":true,"valueName":"search_term_string"}}],"inLanguage":"fr-FR"},{"@type":"Organization","@id":"https:\/\/www.lasoufflerie.com\/fr\/#organization","name":"La Soufflerie","url":"https:\/\/www.lasoufflerie.com\/fr\/","logo":{"@type":"ImageObject","inLanguage":"fr-FR","@id":"https:\/\/www.lasoufflerie.com\/fr\/#\/schema\/logo\/image\/","url":"https:\/\/www.lasoufflerie.com\/wp-content\/uploads\/2023\/11\/Logo-La-Soufflerie-black.png","contentUrl":"https:\/\/www.lasoufflerie.com\/wp-content\/uploads\/2023\/11\/Logo-La-Soufflerie-black.png","width":2362,"height":2362,"caption":"La Soufflerie"},"image":{"@id":"https:\/\/www.lasoufflerie.com\/fr\/#\/schema\/logo\/image\/"},"sameAs":["https:\/\/facebook.com\/lasoufflerie","https:\/\/x.com\/lasoufflerie","https:\/\/instagram.com\/lasoufflerie","https:\/\/www.linkedin.com\/company\/9327780?trk=tyah&amp;amp;amp;trkInfo=clickedVertical:company,clickedEntityId:9327780,idx:2-1-2,tarId:1458824308330,tas:lasouff","https:\/\/pinterest.com\/lasoufflerie"]}]}},"_links":{"self":[{"href":"https:\/\/www.lasoufflerie.com\/fr\/wp-json\/wp\/v2\/product\/17721","targetHints":{"allow":["GET"]}}],"collection":[{"href":"https:\/\/www.lasoufflerie.com\/fr\/wp-json\/wp\/v2\/product"}],"about":[{"href":"https:\/\/www.lasoufflerie.com\/fr\/wp-json\/wp\/v2\/types\/product"}],"version-history":[{"count":15,"href":"https:\/\/www.lasoufflerie.com\/fr\/wp-json\/wp\/v2\/product\/17721\/revisions"}],"predecessor-version":[{"id":66997,"href":"https:\/\/www.lasoufflerie.com\/fr\/wp-json\/wp\/v2\/product\/17721\/revisions\/66997"}],"wp:featuredmedia":[{"embeddable":true,"href":"https:\/\/www.lasoufflerie.com\/fr\/wp-json\/wp\/v2\/media\/15561"}],"wp:attachment":[{"href":"https:\/\/www.lasoufflerie.com\/fr\/wp-json\/wp\/v2\/media?parent=17721"}],"wp:term":[{"taxonomy":"product_brand","embeddable":true,"href":"https:\/\/www.lasoufflerie.com\/fr\/wp-json\/wp\/v2\/product_brand?post=17721"},{"taxonomy":"product_cat","embeddable":true,"href":"https:\/\/www.lasoufflerie.com\/fr\/wp-json\/wp\/v2\/product_cat?post=17721"},{"taxonomy":"product_tag","embeddable":true,"href":"https:\/\/www.lasoufflerie.com\/fr\/wp-json\/wp\/v2\/product_tag?post=17721"}],"curies":[{"name":"wp","href":"https:\/\/api.w.org\/{rel}","templated":true}]}}