{"id":17780,"date":"2022-09-26T07:53:51","date_gmt":"2022-09-26T05:53:51","guid":{"rendered":"https:\/\/www.lasoufflerie.com\/product\/la-soufflerie-cotton-tote-bag-accessories\/"},"modified":"2025-09-19T16:21:31","modified_gmt":"2025-09-19T14:21:31","slug":"cotton-tote-bag-sac-fourre-tout-coton","status":"publish","type":"product","link":"https:\/\/www.lasoufflerie.com\/fr\/produit\/cotton-tote-bag-sac-fourre-tout-coton\/","title":{"rendered":"Cotton Tote Bag"},"content":{"rendered":"<p>Le <strong>Cotton Tote Bag<\/strong> est un fourre-tout l\u00e9ger et polyvalent, le compagnon id\u00e9al pour vos besoins quotidiens. Son int\u00e9rieur spacieux et sa conception robuste en font un sac id\u00e9al pour transporter vos courses, des livres ou des articles de plage. Avec ses deux longueurs de poign\u00e9es diff\u00e9rentes, vous pouvez compter sur ce cabas durable pour une utilisation prolong\u00e9e. Adoptez le d\u00e9veloppement durable avec style et ayez un impact positif sur l&rsquo;environnement gr\u00e2ce \u00e0 notre sac fourre-tout en coton &#8211; le m\u00e9lange parfait de la mode et de la conscience \u00e9cologique !<\/p>\n","protected":false},"excerpt":{"rendered":"<p>Le Cotton Tote Bag est un fourre-tout l\u00e9ger et polyvalent, le compagnon id\u00e9al pour vos besoins quotidiens. Son int\u00e9rieur spacieux et sa conception robuste en font un sac id\u00e9al pour transporter vos courses, des livres ou des articles de plage. Avec ses deux longueurs de poign\u00e9es diff\u00e9rentes, vous pouvez compter sur ce cabas durable pour [&hellip;]<\/p>\n","protected":false},"featured_media":12505,"template":"","meta":{"_acf_changed":false},"product_brand":[],"product_cat":[1274,1635,1623,1325],"product_tag":[],"class_list":{"0":"post-17780","1":"product","2":"type-product","3":"status-publish","4":"has-post-thumbnail","6":"product_cat-accessories-fr","7":"product_cat-cadeaux-a-moins-de-20e-idees-cadeaux","8":"product_cat-la-boutique","9":"product_cat-sacs","10":"pa_a-gift-for-her-fr","11":"pa_a-gift-for-moins-de-20e","12":"pa_colour-blanc","13":"pa_made-of-coton-lin","14":"pa_size-petit","16":"first","17":"instock","18":"taxable","19":"shipping-taxable","20":"purchasable","21":"product-type-simple"},"acf":[],"yoast_head":"<!-- This site is optimized with the Yoast SEO plugin v27.1.1 - https:\/\/yoast.com\/product\/yoast-seo-wordpress\/ -->\n<title>Cotton Tote Bag - La Soufflerie<\/title>\n<meta name=\"description\" content=\"Achetez le Tote Bag en coton de La Soufflerie Paris. Fabriqu\u00e9 en 100% coton avec une bandouli\u00e8re et le logo La Soufflerie.\" \/>\n<meta name=\"robots\" content=\"index, follow, max-snippet:-1, max-image-preview:large, max-video-preview:-1\" \/>\n<link rel=\"canonical\" href=\"https:\/\/www.lasoufflerie.com\/fr\/produit\/cotton-tote-bag-sac-fourre-tout-coton\/\" \/>\n<meta property=\"og:locale\" content=\"fr_FR\" \/>\n<meta property=\"og:type\" content=\"article\" \/>\n<meta property=\"og:title\" content=\"Cotton Tote Bag - La Soufflerie\" \/>\n<meta property=\"og:description\" content=\"Achetez le Tote Bag en coton de La Soufflerie Paris. Fabriqu\u00e9 en 100% coton avec une bandouli\u00e8re et le logo La Soufflerie.\" \/>\n<meta property=\"og:url\" content=\"https:\/\/www.lasoufflerie.com\/fr\/produit\/cotton-tote-bag-sac-fourre-tout-coton\/\" \/>\n<meta property=\"og:site_name\" content=\"La Soufflerie\" \/>\n<meta property=\"article:publisher\" content=\"https:\/\/facebook.com\/lasoufflerie\" \/>\n<meta property=\"article:modified_time\" content=\"2025-09-19T14:21:31+00:00\" \/>\n<meta property=\"og:image\" content=\"https:\/\/www.lasoufflerie.com\/wp-content\/uploads\/2023\/12\/Cotton-Tote-Bag-2.jpg\" \/>\n\t<meta property=\"og:image:width\" content=\"1440\" \/>\n\t<meta property=\"og:image:height\" content=\"1800\" \/>\n\t<meta property=\"og:image:type\" content=\"image\/jpeg\" \/>\n<meta name=\"twitter:card\" content=\"summary_large_image\" \/>\n<meta name=\"twitter:site\" content=\"@lasoufflerie\" \/>\n<script type=\"application\/ld+json\" class=\"yoast-schema-graph\">{\"@context\":\"https:\/\/schema.org\",\"@graph\":[{\"@type\":\"WebPage\",\"@id\":\"https:\/\/www.lasoufflerie.com\/fr\/produit\/cotton-tote-bag-sac-fourre-tout-coton\/\",\"url\":\"https:\/\/www.lasoufflerie.com\/fr\/produit\/cotton-tote-bag-sac-fourre-tout-coton\/\",\"name\":\"Cotton Tote Bag - La Soufflerie\",\"isPartOf\":{\"@id\":\"https:\/\/www.lasoufflerie.com\/fr\/#website\"},\"primaryImageOfPage\":{\"@id\":\"https:\/\/www.lasoufflerie.com\/fr\/produit\/cotton-tote-bag-sac-fourre-tout-coton\/#primaryimage\"},\"image\":{\"@id\":\"https:\/\/www.lasoufflerie.com\/fr\/produit\/cotton-tote-bag-sac-fourre-tout-coton\/#primaryimage\"},\"thumbnailUrl\":\"https:\/\/www.lasoufflerie.com\/wp-content\/uploads\/2023\/12\/Cotton-Tote-Bag-2.jpg\",\"datePublished\":\"2022-09-26T05:53:51+00:00\",\"dateModified\":\"2025-09-19T14:21:31+00:00\",\"description\":\"Achetez le Tote Bag en coton de La Soufflerie Paris. Fabriqu\u00e9 en 100% coton avec une bandouli\u00e8re et le logo La Soufflerie.\",\"breadcrumb\":{\"@id\":\"https:\/\/www.lasoufflerie.com\/fr\/produit\/cotton-tote-bag-sac-fourre-tout-coton\/#breadcrumb\"},\"inLanguage\":\"fr-FR\",\"potentialAction\":[{\"@type\":\"ReadAction\",\"target\":[\"https:\/\/www.lasoufflerie.com\/fr\/produit\/cotton-tote-bag-sac-fourre-tout-coton\/\"]}]},{\"@type\":\"ImageObject\",\"inLanguage\":\"fr-FR\",\"@id\":\"https:\/\/www.lasoufflerie.com\/fr\/produit\/cotton-tote-bag-sac-fourre-tout-coton\/#primaryimage\",\"url\":\"https:\/\/www.lasoufflerie.com\/wp-content\/uploads\/2023\/12\/Cotton-Tote-Bag-2.jpg\",\"contentUrl\":\"https:\/\/www.lasoufflerie.com\/wp-content\/uploads\/2023\/12\/Cotton-Tote-Bag-2.jpg\",\"width\":1440,\"height\":1800},{\"@type\":\"BreadcrumbList\",\"@id\":\"https:\/\/www.lasoufflerie.com\/fr\/produit\/cotton-tote-bag-sac-fourre-tout-coton\/#breadcrumb\",\"itemListElement\":[{\"@type\":\"ListItem\",\"position\":1,\"name\":\"Home\",\"item\":\"https:\/\/www.lasoufflerie.com\/fr\/\"},{\"@type\":\"ListItem\",\"position\":2,\"name\":\"Shop all\",\"item\":\"https:\/\/www.lasoufflerie.com\/fr\/boutique\/\"},{\"@type\":\"ListItem\",\"position\":3,\"name\":\"Cotton Tote Bag\"}]},{\"@type\":\"WebSite\",\"@id\":\"https:\/\/www.lasoufflerie.com\/fr\/#website\",\"url\":\"https:\/\/www.lasoufflerie.com\/fr\/\",\"name\":\"La Soufflerie\",\"description\":\"Glass blowing craft\",\"publisher\":{\"@id\":\"https:\/\/www.lasoufflerie.com\/fr\/#organization\"},\"potentialAction\":[{\"@type\":\"SearchAction\",\"target\":{\"@type\":\"EntryPoint\",\"urlTemplate\":\"https:\/\/www.lasoufflerie.com\/fr\/?s={search_term_string}\"},\"query-input\":{\"@type\":\"PropertyValueSpecification\",\"valueRequired\":true,\"valueName\":\"search_term_string\"}}],\"inLanguage\":\"fr-FR\"},{\"@type\":\"Organization\",\"@id\":\"https:\/\/www.lasoufflerie.com\/fr\/#organization\",\"name\":\"La Soufflerie\",\"url\":\"https:\/\/www.lasoufflerie.com\/fr\/\",\"logo\":{\"@type\":\"ImageObject\",\"inLanguage\":\"fr-FR\",\"@id\":\"https:\/\/www.lasoufflerie.com\/fr\/#\/schema\/logo\/image\/\",\"url\":\"https:\/\/www.lasoufflerie.com\/wp-content\/uploads\/2023\/11\/Logo-La-Soufflerie-black.png\",\"contentUrl\":\"https:\/\/www.lasoufflerie.com\/wp-content\/uploads\/2023\/11\/Logo-La-Soufflerie-black.png\",\"width\":2362,\"height\":2362,\"caption\":\"La Soufflerie\"},\"image\":{\"@id\":\"https:\/\/www.lasoufflerie.com\/fr\/#\/schema\/logo\/image\/\"},\"sameAs\":[\"https:\/\/facebook.com\/lasoufflerie\",\"https:\/\/x.com\/lasoufflerie\",\"https:\/\/instagram.com\/lasoufflerie\",\"https:\/\/www.linkedin.com\/company\/9327780?trk=tyah&amp;amp;amp;trkInfo=clickedVertical:company,clickedEntityId:9327780,idx:2-1-2,tarId:1458824308330,tas:lasouff\",\"https:\/\/pinterest.com\/lasoufflerie\"]}]}<\/script>\n<!-- \/ Yoast SEO plugin. -->","yoast_head_json":{"title":"Cotton Tote Bag - La Soufflerie","description":"Achetez le Tote Bag en coton de La Soufflerie Paris. Fabriqu\u00e9 en 100% coton avec une bandouli\u00e8re et le logo La Soufflerie.","robots":{"index":"index","follow":"follow","max-snippet":"max-snippet:-1","max-image-preview":"max-image-preview:large","max-video-preview":"max-video-preview:-1"},"canonical":"https:\/\/www.lasoufflerie.com\/fr\/produit\/cotton-tote-bag-sac-fourre-tout-coton\/","og_locale":"fr_FR","og_type":"article","og_title":"Cotton Tote Bag - La Soufflerie","og_description":"Achetez le Tote Bag en coton de La Soufflerie Paris. Fabriqu\u00e9 en 100% coton avec une bandouli\u00e8re et le logo La Soufflerie.","og_url":"https:\/\/www.lasoufflerie.com\/fr\/produit\/cotton-tote-bag-sac-fourre-tout-coton\/","og_site_name":"La Soufflerie","article_publisher":"https:\/\/facebook.com\/lasoufflerie","article_modified_time":"2025-09-19T14:21:31+00:00","og_image":[{"width":1440,"height":1800,"url":"https:\/\/www.lasoufflerie.com\/wp-content\/uploads\/2023\/12\/Cotton-Tote-Bag-2.jpg","type":"image\/jpeg"}],"twitter_card":"summary_large_image","twitter_site":"@lasoufflerie","schema":{"@context":"https:\/\/schema.org","@graph":[{"@type":"WebPage","@id":"https:\/\/www.lasoufflerie.com\/fr\/produit\/cotton-tote-bag-sac-fourre-tout-coton\/","url":"https:\/\/www.lasoufflerie.com\/fr\/produit\/cotton-tote-bag-sac-fourre-tout-coton\/","name":"Cotton Tote Bag - La Soufflerie","isPartOf":{"@id":"https:\/\/www.lasoufflerie.com\/fr\/#website"},"primaryImageOfPage":{"@id":"https:\/\/www.lasoufflerie.com\/fr\/produit\/cotton-tote-bag-sac-fourre-tout-coton\/#primaryimage"},"image":{"@id":"https:\/\/www.lasoufflerie.com\/fr\/produit\/cotton-tote-bag-sac-fourre-tout-coton\/#primaryimage"},"thumbnailUrl":"https:\/\/www.lasoufflerie.com\/wp-content\/uploads\/2023\/12\/Cotton-Tote-Bag-2.jpg","datePublished":"2022-09-26T05:53:51+00:00","dateModified":"2025-09-19T14:21:31+00:00","description":"Achetez le Tote Bag en coton de La Soufflerie Paris. Fabriqu\u00e9 en 100% coton avec une bandouli\u00e8re et le logo La Soufflerie.","breadcrumb":{"@id":"https:\/\/www.lasoufflerie.com\/fr\/produit\/cotton-tote-bag-sac-fourre-tout-coton\/#breadcrumb"},"inLanguage":"fr-FR","potentialAction":[{"@type":"ReadAction","target":["https:\/\/www.lasoufflerie.com\/fr\/produit\/cotton-tote-bag-sac-fourre-tout-coton\/"]}]},{"@type":"ImageObject","inLanguage":"fr-FR","@id":"https:\/\/www.lasoufflerie.com\/fr\/produit\/cotton-tote-bag-sac-fourre-tout-coton\/#primaryimage","url":"https:\/\/www.lasoufflerie.com\/wp-content\/uploads\/2023\/12\/Cotton-Tote-Bag-2.jpg","contentUrl":"https:\/\/www.lasoufflerie.com\/wp-content\/uploads\/2023\/12\/Cotton-Tote-Bag-2.jpg","width":1440,"height":1800},{"@type":"BreadcrumbList","@id":"https:\/\/www.lasoufflerie.com\/fr\/produit\/cotton-tote-bag-sac-fourre-tout-coton\/#breadcrumb","itemListElement":[{"@type":"ListItem","position":1,"name":"Home","item":"https:\/\/www.lasoufflerie.com\/fr\/"},{"@type":"ListItem","position":2,"name":"Shop all","item":"https:\/\/www.lasoufflerie.com\/fr\/boutique\/"},{"@type":"ListItem","position":3,"name":"Cotton Tote Bag"}]},{"@type":"WebSite","@id":"https:\/\/www.lasoufflerie.com\/fr\/#website","url":"https:\/\/www.lasoufflerie.com\/fr\/","name":"La Soufflerie","description":"Glass blowing craft","publisher":{"@id":"https:\/\/www.lasoufflerie.com\/fr\/#organization"},"potentialAction":[{"@type":"SearchAction","target":{"@type":"EntryPoint","urlTemplate":"https:\/\/www.lasoufflerie.com\/fr\/?s={search_term_string}"},"query-input":{"@type":"PropertyValueSpecification","valueRequired":true,"valueName":"search_term_string"}}],"inLanguage":"fr-FR"},{"@type":"Organization","@id":"https:\/\/www.lasoufflerie.com\/fr\/#organization","name":"La Soufflerie","url":"https:\/\/www.lasoufflerie.com\/fr\/","logo":{"@type":"ImageObject","inLanguage":"fr-FR","@id":"https:\/\/www.lasoufflerie.com\/fr\/#\/schema\/logo\/image\/","url":"https:\/\/www.lasoufflerie.com\/wp-content\/uploads\/2023\/11\/Logo-La-Soufflerie-black.png","contentUrl":"https:\/\/www.lasoufflerie.com\/wp-content\/uploads\/2023\/11\/Logo-La-Soufflerie-black.png","width":2362,"height":2362,"caption":"La Soufflerie"},"image":{"@id":"https:\/\/www.lasoufflerie.com\/fr\/#\/schema\/logo\/image\/"},"sameAs":["https:\/\/facebook.com\/lasoufflerie","https:\/\/x.com\/lasoufflerie","https:\/\/instagram.com\/lasoufflerie","https:\/\/www.linkedin.com\/company\/9327780?trk=tyah&amp;amp;amp;trkInfo=clickedVertical:company,clickedEntityId:9327780,idx:2-1-2,tarId:1458824308330,tas:lasouff","https:\/\/pinterest.com\/lasoufflerie"]}]}},"_links":{"self":[{"href":"https:\/\/www.lasoufflerie.com\/fr\/wp-json\/wp\/v2\/product\/17780","targetHints":{"allow":["GET"]}}],"collection":[{"href":"https:\/\/www.lasoufflerie.com\/fr\/wp-json\/wp\/v2\/product"}],"about":[{"href":"https:\/\/www.lasoufflerie.com\/fr\/wp-json\/wp\/v2\/types\/product"}],"version-history":[{"count":6,"href":"https:\/\/www.lasoufflerie.com\/fr\/wp-json\/wp\/v2\/product\/17780\/revisions"}],"predecessor-version":[{"id":58895,"href":"https:\/\/www.lasoufflerie.com\/fr\/wp-json\/wp\/v2\/product\/17780\/revisions\/58895"}],"wp:featuredmedia":[{"embeddable":true,"href":"https:\/\/www.lasoufflerie.com\/fr\/wp-json\/wp\/v2\/media\/12505"}],"wp:attachment":[{"href":"https:\/\/www.lasoufflerie.com\/fr\/wp-json\/wp\/v2\/media?parent=17780"}],"wp:term":[{"taxonomy":"product_brand","embeddable":true,"href":"https:\/\/www.lasoufflerie.com\/fr\/wp-json\/wp\/v2\/product_brand?post=17780"},{"taxonomy":"product_cat","embeddable":true,"href":"https:\/\/www.lasoufflerie.com\/fr\/wp-json\/wp\/v2\/product_cat?post=17780"},{"taxonomy":"product_tag","embeddable":true,"href":"https:\/\/www.lasoufflerie.com\/fr\/wp-json\/wp\/v2\/product_tag?post=17780"}],"curies":[{"name":"wp","href":"https:\/\/api.w.org\/{rel}","templated":true}]}}