{"id":17801,"date":"2022-06-27T14:12:00","date_gmt":"2022-06-27T12:12:00","guid":{"rendered":"https:\/\/www.lasoufflerie.com\/product\/broc-pitcher-carafe-with-handle-recycled-glass-handmade-mouthblown-handblown-transparent\/"},"modified":"2026-01-05T15:22:19","modified_gmt":"2026-01-05T14:22:19","slug":"broc-transparent-pichet-verre-recycle-souffle-bouche","status":"publish","type":"product","link":"https:\/\/www.lasoufflerie.com\/fr\/produit\/broc-transparent-pichet-verre-recycle-souffle-bouche\/","title":{"rendered":"Broc Transparent"},"content":{"rendered":"<p>Le <strong>Broc Transparent<\/strong> est un pichet \u00e0 eau classique, ressemblant au notre <a href=\"https:\/\/www.lasoufflerie.com\/fr\/produit\/pichet-transparent-verre-recycle-souffle-bouche\/\">Pichet Transparent<\/a> mais plus grand avec une anse et un bec verseur pour faciliter le versement. Il est d\u2019une taille parfaite pour verser vos boissons pr\u00e9f\u00e9r\u00e9es et l\u2019avoir sur la table de la cuisine pour toutes envies spontan\u00e9es. Le Broc Transparent est enti\u00e8rement souffl\u00e9 \u00e0 la bouche \u00e0 partir de verre recycl\u00e9 par nos ma\u00eetres artisans souffleurs de verre.<\/p>\n","protected":false},"excerpt":{"rendered":"<p>Le Broc Transparent est un pichet \u00e0 eau classique, ressemblant au notre Pichet Transparent mais plus grand avec une anse et un bec verseur pour faciliter le versement. Il est d\u2019une taille parfaite pour verser vos boissons pr\u00e9f\u00e9r\u00e9es et l\u2019avoir sur la table de la cuisine pour toutes envies spontan\u00e9es. Le Broc Transparent est enti\u00e8rement [&hellip;]<\/p>\n","protected":false},"featured_media":14440,"template":"","meta":{"_acf_changed":false},"product_brand":[],"product_cat":[1634,1623,1321,1310],"product_tag":[],"class_list":{"0":"post-17801","1":"product","2":"type-product","3":"status-publish","4":"has-post-thumbnail","6":"product_cat-cadeaux-a-moins-de-50e-idees-cadeaux","7":"product_cat-la-boutique","8":"product_cat-pichets-et-decanteurs","9":"product_cat-verres-carafes","10":"product_shipping_class-medium-product-fr","11":"pa_a-gift-for-under-50e-fr","12":"pa_colour-transparent-fr","13":"pa_made-of-glass-fr","14":"pa_size-medium-fr","16":"first","17":"instock","18":"taxable","19":"shipping-taxable","20":"purchasable","21":"product-type-simple"},"acf":[],"yoast_head":"<!-- This site is optimized with the Yoast SEO plugin v27.3 - https:\/\/yoast.com\/product\/yoast-seo-wordpress\/ -->\n<title>Broc Transparent - La Soufflerie - Verre recycl\u00e9 souffl\u00e9 \u00e0 la bouche<\/title>\n<meta name=\"description\" content=\"Achetez le pichet Broc Transparent. Souffl\u00e9 \u00e0 la bouche en utilisant uniquement du verre recycl\u00e9 et disponible pour une exp\u00e9dition \u00e0 la international.\" \/>\n<meta name=\"robots\" content=\"index, follow, max-snippet:-1, max-image-preview:large, max-video-preview:-1\" \/>\n<link rel=\"canonical\" href=\"https:\/\/www.lasoufflerie.com\/fr\/produit\/broc-transparent-pichet-verre-recycle-souffle-bouche\/\" \/>\n<meta property=\"og:locale\" content=\"fr_FR\" \/>\n<meta property=\"og:type\" content=\"article\" \/>\n<meta property=\"og:title\" content=\"Broc Transparent - La Soufflerie - Verre recycl\u00e9 souffl\u00e9 \u00e0 la bouche\" \/>\n<meta property=\"og:description\" content=\"Achetez le pichet Broc Transparent. Souffl\u00e9 \u00e0 la bouche en utilisant uniquement du verre recycl\u00e9 et disponible pour une exp\u00e9dition \u00e0 la international.\" \/>\n<meta property=\"og:url\" content=\"https:\/\/www.lasoufflerie.com\/fr\/produit\/broc-transparent-pichet-verre-recycle-souffle-bouche\/\" \/>\n<meta property=\"og:site_name\" content=\"La Soufflerie\" \/>\n<meta property=\"article:publisher\" content=\"https:\/\/facebook.com\/lasoufflerie\" \/>\n<meta property=\"article:modified_time\" content=\"2026-01-05T14:22:19+00:00\" \/>\n<meta property=\"og:image\" content=\"https:\/\/www.lasoufflerie.com\/wp-content\/uploads\/2023\/12\/Broc-scaled-e1684752462342.jpg\" \/>\n\t<meta property=\"og:image:width\" content=\"810\" \/>\n\t<meta property=\"og:image:height\" content=\"1080\" \/>\n\t<meta property=\"og:image:type\" content=\"image\/jpeg\" \/>\n<meta name=\"twitter:card\" content=\"summary_large_image\" \/>\n<meta name=\"twitter:site\" content=\"@lasoufflerie\" \/>\n<meta name=\"twitter:label1\" content=\"Dur\u00e9e de lecture estim\u00e9e\" \/>\n\t<meta name=\"twitter:data1\" content=\"1 minute\" \/>\n<script type=\"application\/ld+json\" class=\"yoast-schema-graph\">{\"@context\":\"https:\\\/\\\/schema.org\",\"@graph\":[{\"@type\":\"WebPage\",\"@id\":\"https:\\\/\\\/www.lasoufflerie.com\\\/fr\\\/produit\\\/broc-transparent-pichet-verre-recycle-souffle-bouche\\\/\",\"url\":\"https:\\\/\\\/www.lasoufflerie.com\\\/fr\\\/produit\\\/broc-transparent-pichet-verre-recycle-souffle-bouche\\\/\",\"name\":\"Broc Transparent - La Soufflerie - Verre recycl\u00e9 souffl\u00e9 \u00e0 la bouche\",\"isPartOf\":{\"@id\":\"https:\\\/\\\/www.lasoufflerie.com\\\/fr\\\/#website\"},\"primaryImageOfPage\":{\"@id\":\"https:\\\/\\\/www.lasoufflerie.com\\\/fr\\\/produit\\\/broc-transparent-pichet-verre-recycle-souffle-bouche\\\/#primaryimage\"},\"image\":{\"@id\":\"https:\\\/\\\/www.lasoufflerie.com\\\/fr\\\/produit\\\/broc-transparent-pichet-verre-recycle-souffle-bouche\\\/#primaryimage\"},\"thumbnailUrl\":\"https:\\\/\\\/www.lasoufflerie.com\\\/wp-content\\\/uploads\\\/2023\\\/12\\\/Broc-scaled-e1684752462342.jpg\",\"datePublished\":\"2022-06-27T12:12:00+00:00\",\"dateModified\":\"2026-01-05T14:22:19+00:00\",\"description\":\"Achetez le pichet Broc Transparent. Souffl\u00e9 \u00e0 la bouche en utilisant uniquement du verre recycl\u00e9 et disponible pour une exp\u00e9dition \u00e0 la international.\",\"breadcrumb\":{\"@id\":\"https:\\\/\\\/www.lasoufflerie.com\\\/fr\\\/produit\\\/broc-transparent-pichet-verre-recycle-souffle-bouche\\\/#breadcrumb\"},\"inLanguage\":\"fr-FR\",\"potentialAction\":[{\"@type\":\"ReadAction\",\"target\":[\"https:\\\/\\\/www.lasoufflerie.com\\\/fr\\\/produit\\\/broc-transparent-pichet-verre-recycle-souffle-bouche\\\/\"]}]},{\"@type\":\"ImageObject\",\"inLanguage\":\"fr-FR\",\"@id\":\"https:\\\/\\\/www.lasoufflerie.com\\\/fr\\\/produit\\\/broc-transparent-pichet-verre-recycle-souffle-bouche\\\/#primaryimage\",\"url\":\"https:\\\/\\\/www.lasoufflerie.com\\\/wp-content\\\/uploads\\\/2023\\\/12\\\/Broc-scaled-e1684752462342.jpg\",\"contentUrl\":\"https:\\\/\\\/www.lasoufflerie.com\\\/wp-content\\\/uploads\\\/2023\\\/12\\\/Broc-scaled-e1684752462342.jpg\",\"width\":810,\"height\":1080},{\"@type\":\"BreadcrumbList\",\"@id\":\"https:\\\/\\\/www.lasoufflerie.com\\\/fr\\\/produit\\\/broc-transparent-pichet-verre-recycle-souffle-bouche\\\/#breadcrumb\",\"itemListElement\":[{\"@type\":\"ListItem\",\"position\":1,\"name\":\"Home\",\"item\":\"https:\\\/\\\/www.lasoufflerie.com\\\/fr\\\/\"},{\"@type\":\"ListItem\",\"position\":2,\"name\":\"Shop all\",\"item\":\"https:\\\/\\\/www.lasoufflerie.com\\\/fr\\\/boutique\\\/\"},{\"@type\":\"ListItem\",\"position\":3,\"name\":\"Broc Transparent\"}]},{\"@type\":\"WebSite\",\"@id\":\"https:\\\/\\\/www.lasoufflerie.com\\\/fr\\\/#website\",\"url\":\"https:\\\/\\\/www.lasoufflerie.com\\\/fr\\\/\",\"name\":\"La Soufflerie\",\"description\":\"Glass blowing craft\",\"publisher\":{\"@id\":\"https:\\\/\\\/www.lasoufflerie.com\\\/fr\\\/#organization\"},\"potentialAction\":[{\"@type\":\"SearchAction\",\"target\":{\"@type\":\"EntryPoint\",\"urlTemplate\":\"https:\\\/\\\/www.lasoufflerie.com\\\/fr\\\/?s={search_term_string}\"},\"query-input\":{\"@type\":\"PropertyValueSpecification\",\"valueRequired\":true,\"valueName\":\"search_term_string\"}}],\"inLanguage\":\"fr-FR\"},{\"@type\":\"Organization\",\"@id\":\"https:\\\/\\\/www.lasoufflerie.com\\\/fr\\\/#organization\",\"name\":\"La Soufflerie\",\"url\":\"https:\\\/\\\/www.lasoufflerie.com\\\/fr\\\/\",\"logo\":{\"@type\":\"ImageObject\",\"inLanguage\":\"fr-FR\",\"@id\":\"https:\\\/\\\/www.lasoufflerie.com\\\/fr\\\/#\\\/schema\\\/logo\\\/image\\\/\",\"url\":\"https:\\\/\\\/www.lasoufflerie.com\\\/wp-content\\\/uploads\\\/2023\\\/11\\\/Logo-La-Soufflerie-black.png\",\"contentUrl\":\"https:\\\/\\\/www.lasoufflerie.com\\\/wp-content\\\/uploads\\\/2023\\\/11\\\/Logo-La-Soufflerie-black.png\",\"width\":2362,\"height\":2362,\"caption\":\"La Soufflerie\"},\"image\":{\"@id\":\"https:\\\/\\\/www.lasoufflerie.com\\\/fr\\\/#\\\/schema\\\/logo\\\/image\\\/\"},\"sameAs\":[\"https:\\\/\\\/facebook.com\\\/lasoufflerie\",\"https:\\\/\\\/x.com\\\/lasoufflerie\",\"https:\\\/\\\/instagram.com\\\/lasoufflerie\",\"https:\\\/\\\/www.linkedin.com\\\/company\\\/9327780?trk=tyah&amp;amp;amp;trkInfo=clickedVertical:company,clickedEntityId:9327780,idx:2-1-2,tarId:1458824308330,tas:lasouff\",\"https:\\\/\\\/pinterest.com\\\/lasoufflerie\"]}]}<\/script>\n<!-- \/ Yoast SEO plugin. -->","yoast_head_json":{"title":"Broc Transparent - La Soufflerie - Verre recycl\u00e9 souffl\u00e9 \u00e0 la bouche","description":"Achetez le pichet Broc Transparent. Souffl\u00e9 \u00e0 la bouche en utilisant uniquement du verre recycl\u00e9 et disponible pour une exp\u00e9dition \u00e0 la international.","robots":{"index":"index","follow":"follow","max-snippet":"max-snippet:-1","max-image-preview":"max-image-preview:large","max-video-preview":"max-video-preview:-1"},"canonical":"https:\/\/www.lasoufflerie.com\/fr\/produit\/broc-transparent-pichet-verre-recycle-souffle-bouche\/","og_locale":"fr_FR","og_type":"article","og_title":"Broc Transparent - La Soufflerie - Verre recycl\u00e9 souffl\u00e9 \u00e0 la bouche","og_description":"Achetez le pichet Broc Transparent. Souffl\u00e9 \u00e0 la bouche en utilisant uniquement du verre recycl\u00e9 et disponible pour une exp\u00e9dition \u00e0 la international.","og_url":"https:\/\/www.lasoufflerie.com\/fr\/produit\/broc-transparent-pichet-verre-recycle-souffle-bouche\/","og_site_name":"La Soufflerie","article_publisher":"https:\/\/facebook.com\/lasoufflerie","article_modified_time":"2026-01-05T14:22:19+00:00","og_image":[{"width":810,"height":1080,"url":"https:\/\/www.lasoufflerie.com\/wp-content\/uploads\/2023\/12\/Broc-scaled-e1684752462342.jpg","type":"image\/jpeg"}],"twitter_card":"summary_large_image","twitter_site":"@lasoufflerie","twitter_misc":{"Dur\u00e9e de lecture estim\u00e9e":"1 minute"},"schema":{"@context":"https:\/\/schema.org","@graph":[{"@type":"WebPage","@id":"https:\/\/www.lasoufflerie.com\/fr\/produit\/broc-transparent-pichet-verre-recycle-souffle-bouche\/","url":"https:\/\/www.lasoufflerie.com\/fr\/produit\/broc-transparent-pichet-verre-recycle-souffle-bouche\/","name":"Broc Transparent - La Soufflerie - Verre recycl\u00e9 souffl\u00e9 \u00e0 la bouche","isPartOf":{"@id":"https:\/\/www.lasoufflerie.com\/fr\/#website"},"primaryImageOfPage":{"@id":"https:\/\/www.lasoufflerie.com\/fr\/produit\/broc-transparent-pichet-verre-recycle-souffle-bouche\/#primaryimage"},"image":{"@id":"https:\/\/www.lasoufflerie.com\/fr\/produit\/broc-transparent-pichet-verre-recycle-souffle-bouche\/#primaryimage"},"thumbnailUrl":"https:\/\/www.lasoufflerie.com\/wp-content\/uploads\/2023\/12\/Broc-scaled-e1684752462342.jpg","datePublished":"2022-06-27T12:12:00+00:00","dateModified":"2026-01-05T14:22:19+00:00","description":"Achetez le pichet Broc Transparent. Souffl\u00e9 \u00e0 la bouche en utilisant uniquement du verre recycl\u00e9 et disponible pour une exp\u00e9dition \u00e0 la international.","breadcrumb":{"@id":"https:\/\/www.lasoufflerie.com\/fr\/produit\/broc-transparent-pichet-verre-recycle-souffle-bouche\/#breadcrumb"},"inLanguage":"fr-FR","potentialAction":[{"@type":"ReadAction","target":["https:\/\/www.lasoufflerie.com\/fr\/produit\/broc-transparent-pichet-verre-recycle-souffle-bouche\/"]}]},{"@type":"ImageObject","inLanguage":"fr-FR","@id":"https:\/\/www.lasoufflerie.com\/fr\/produit\/broc-transparent-pichet-verre-recycle-souffle-bouche\/#primaryimage","url":"https:\/\/www.lasoufflerie.com\/wp-content\/uploads\/2023\/12\/Broc-scaled-e1684752462342.jpg","contentUrl":"https:\/\/www.lasoufflerie.com\/wp-content\/uploads\/2023\/12\/Broc-scaled-e1684752462342.jpg","width":810,"height":1080},{"@type":"BreadcrumbList","@id":"https:\/\/www.lasoufflerie.com\/fr\/produit\/broc-transparent-pichet-verre-recycle-souffle-bouche\/#breadcrumb","itemListElement":[{"@type":"ListItem","position":1,"name":"Home","item":"https:\/\/www.lasoufflerie.com\/fr\/"},{"@type":"ListItem","position":2,"name":"Shop all","item":"https:\/\/www.lasoufflerie.com\/fr\/boutique\/"},{"@type":"ListItem","position":3,"name":"Broc Transparent"}]},{"@type":"WebSite","@id":"https:\/\/www.lasoufflerie.com\/fr\/#website","url":"https:\/\/www.lasoufflerie.com\/fr\/","name":"La Soufflerie","description":"Glass blowing craft","publisher":{"@id":"https:\/\/www.lasoufflerie.com\/fr\/#organization"},"potentialAction":[{"@type":"SearchAction","target":{"@type":"EntryPoint","urlTemplate":"https:\/\/www.lasoufflerie.com\/fr\/?s={search_term_string}"},"query-input":{"@type":"PropertyValueSpecification","valueRequired":true,"valueName":"search_term_string"}}],"inLanguage":"fr-FR"},{"@type":"Organization","@id":"https:\/\/www.lasoufflerie.com\/fr\/#organization","name":"La Soufflerie","url":"https:\/\/www.lasoufflerie.com\/fr\/","logo":{"@type":"ImageObject","inLanguage":"fr-FR","@id":"https:\/\/www.lasoufflerie.com\/fr\/#\/schema\/logo\/image\/","url":"https:\/\/www.lasoufflerie.com\/wp-content\/uploads\/2023\/11\/Logo-La-Soufflerie-black.png","contentUrl":"https:\/\/www.lasoufflerie.com\/wp-content\/uploads\/2023\/11\/Logo-La-Soufflerie-black.png","width":2362,"height":2362,"caption":"La Soufflerie"},"image":{"@id":"https:\/\/www.lasoufflerie.com\/fr\/#\/schema\/logo\/image\/"},"sameAs":["https:\/\/facebook.com\/lasoufflerie","https:\/\/x.com\/lasoufflerie","https:\/\/instagram.com\/lasoufflerie","https:\/\/www.linkedin.com\/company\/9327780?trk=tyah&amp;amp;amp;trkInfo=clickedVertical:company,clickedEntityId:9327780,idx:2-1-2,tarId:1458824308330,tas:lasouff","https:\/\/pinterest.com\/lasoufflerie"]}]}},"_links":{"self":[{"href":"https:\/\/www.lasoufflerie.com\/fr\/wp-json\/wp\/v2\/product\/17801","targetHints":{"allow":["GET"]}}],"collection":[{"href":"https:\/\/www.lasoufflerie.com\/fr\/wp-json\/wp\/v2\/product"}],"about":[{"href":"https:\/\/www.lasoufflerie.com\/fr\/wp-json\/wp\/v2\/types\/product"}],"version-history":[{"count":10,"href":"https:\/\/www.lasoufflerie.com\/fr\/wp-json\/wp\/v2\/product\/17801\/revisions"}],"predecessor-version":[{"id":67790,"href":"https:\/\/www.lasoufflerie.com\/fr\/wp-json\/wp\/v2\/product\/17801\/revisions\/67790"}],"wp:featuredmedia":[{"embeddable":true,"href":"https:\/\/www.lasoufflerie.com\/fr\/wp-json\/wp\/v2\/media\/14440"}],"wp:attachment":[{"href":"https:\/\/www.lasoufflerie.com\/fr\/wp-json\/wp\/v2\/media?parent=17801"}],"wp:term":[{"taxonomy":"product_brand","embeddable":true,"href":"https:\/\/www.lasoufflerie.com\/fr\/wp-json\/wp\/v2\/product_brand?post=17801"},{"taxonomy":"product_cat","embeddable":true,"href":"https:\/\/www.lasoufflerie.com\/fr\/wp-json\/wp\/v2\/product_cat?post=17801"},{"taxonomy":"product_tag","embeddable":true,"href":"https:\/\/www.lasoufflerie.com\/fr\/wp-json\/wp\/v2\/product_tag?post=17801"}],"curies":[{"name":"wp","href":"https:\/\/api.w.org\/{rel}","templated":true}]}}