{"id":17834,"date":"2022-04-21T08:42:22","date_gmt":"2022-04-21T06:42:22","guid":{"rendered":"https:\/\/www.lasoufflerie.com\/product\/murano-moyen-yellow-candle-hand-made-hand-poured-recycled-glass\/"},"modified":"2026-02-25T16:20:59","modified_gmt":"2026-02-25T15:20:59","slug":"murano-moyen-bougie-yellow-coulee-main","status":"publish","type":"product","link":"https:\/\/www.lasoufflerie.com\/fr\/produit\/murano-moyen-bougie-yellow-coulee-main\/","title":{"rendered":"Murano Moyen Bougie Miel"},"content":{"rendered":"<p>La bougie <strong>Murano Moyen Bougie Yellow<\/strong> apporte l&rsquo;\u00e9l\u00e9gance du verre Murano vintage \u00e0 votre int\u00e9rieur avec la chaleur d&rsquo;une bougie coul\u00e9e \u00e0 la main. Inspir\u00e9e par le design intemporel des ann\u00e9es 1950 de Murano, en Italie &#8211; une \u00eele c\u00e9l\u00e8bre pour ses traditions s\u00e9culaires de fabrication du verre &#8211; cette bougie est fabriqu\u00e9e dans notre verre Murano Moyen, un verre \u00e0 boire droit souffl\u00e9 \u00e0 la bouche \u00e0 partir de verre recycl\u00e9 par d&rsquo;habiles artisans. Vers\u00e9e \u00e0 la main dans notre atelier parisien avec des ingr\u00e9dients enti\u00e8rement naturels, la bougie Murano Moyen Bougie Yellow est en fait deux produits en un. Une fois la bougie consum\u00e9e, le verre Murano Moyen peut \u00eatre utilis\u00e9 pour n&rsquo;importe quelle boisson, poursuivant l&rsquo;histoire de la pi\u00e8ce avec une touche de charme italien et d&rsquo;artisanat parisien.   <\/p>\n","protected":false},"excerpt":{"rendered":"<p>La bougie Murano Moyen Bougie Yellow apporte l&rsquo;\u00e9l\u00e9gance du verre Murano vintage \u00e0 votre int\u00e9rieur avec la chaleur d&rsquo;une bougie coul\u00e9e \u00e0 la main. Inspir\u00e9e par le design intemporel des ann\u00e9es 1950 de Murano, en Italie &#8211; une \u00eele c\u00e9l\u00e8bre pour ses traditions s\u00e9culaires de fabrication du verre &#8211; cette bougie est fabriqu\u00e9e dans notre [&hellip;]<\/p>\n","protected":false},"featured_media":14325,"template":"","meta":{"_acf_changed":false},"product_brand":[],"product_cat":[1332,1634,1623,1637,1308],"product_tag":[],"class_list":{"0":"post-17834","1":"product","2":"type-product","3":"status-publish","4":"has-post-thumbnail","6":"product_cat-bougies-en-verre","7":"product_cat-cadeaux-a-moins-de-50e-idees-cadeaux","8":"product_cat-la-boutique","9":"product_cat-pour-mon-amour-idees-cadeaux","10":"product_cat-bougies-et-bougeoirs","11":"product_shipping_class-medium-heavy-fr","12":"pa_a-gift-for-under-50e-fr","13":"pa_a-gift-for-your-lover-fr","14":"pa_colour-amber-fr","15":"pa_made-of-cire","16":"pa_made-of-glass-fr","17":"pa_size-petit","19":"first","20":"instock","21":"taxable","22":"shipping-taxable","23":"purchasable","24":"product-type-simple"},"acf":[],"yoast_head":"<!-- This site is optimized with the Yoast SEO plugin v27.1.1 - https:\/\/yoast.com\/product\/yoast-seo-wordpress\/ -->\n<title>Murano Moyen Bougie Miel - La Soufflerie- Bougie coul\u00e9e \u00e0 la main<\/title>\n<meta name=\"description\" content=\"Achetez la bougie Murano Moyen Bougie de La Soufflerie. Coul\u00e9e \u00e0 la main dans notre atelier parisien et disponible pour une livraison dans le monde entier.\" \/>\n<meta name=\"robots\" content=\"index, follow, max-snippet:-1, max-image-preview:large, max-video-preview:-1\" \/>\n<link rel=\"canonical\" href=\"https:\/\/www.lasoufflerie.com\/fr\/produit\/murano-moyen-bougie-yellow-coulee-main\/\" \/>\n<meta property=\"og:locale\" content=\"fr_FR\" \/>\n<meta property=\"og:type\" content=\"article\" \/>\n<meta property=\"og:title\" content=\"Murano Moyen Bougie Miel - La Soufflerie- Bougie coul\u00e9e \u00e0 la main\" \/>\n<meta property=\"og:description\" content=\"Achetez la bougie Murano Moyen Bougie de La Soufflerie. Coul\u00e9e \u00e0 la main dans notre atelier parisien et disponible pour une livraison dans le monde entier.\" \/>\n<meta property=\"og:url\" content=\"https:\/\/www.lasoufflerie.com\/fr\/produit\/murano-moyen-bougie-yellow-coulee-main\/\" \/>\n<meta property=\"og:site_name\" content=\"La Soufflerie\" \/>\n<meta property=\"article:publisher\" content=\"https:\/\/facebook.com\/lasoufflerie\" \/>\n<meta property=\"article:modified_time\" content=\"2026-02-25T15:20:59+00:00\" \/>\n<meta property=\"og:image\" content=\"https:\/\/www.lasoufflerie.com\/wp-content\/uploads\/2023\/12\/2019-ANTICHITA-MURANO-MOYEN-BOUGIE-86D17B-YELLOW-scaled.jpeg\" \/>\n\t<meta property=\"og:image:width\" content=\"1920\" \/>\n\t<meta property=\"og:image:height\" content=\"2560\" \/>\n\t<meta property=\"og:image:type\" content=\"image\/jpeg\" \/>\n<meta name=\"twitter:card\" content=\"summary_large_image\" \/>\n<meta name=\"twitter:site\" content=\"@lasoufflerie\" \/>\n<meta name=\"twitter:label1\" content=\"Dur\u00e9e de lecture estim\u00e9e\" \/>\n\t<meta name=\"twitter:data1\" content=\"1 minute\" \/>\n<script type=\"application\/ld+json\" class=\"yoast-schema-graph\">{\"@context\":\"https:\/\/schema.org\",\"@graph\":[{\"@type\":\"WebPage\",\"@id\":\"https:\/\/www.lasoufflerie.com\/fr\/produit\/murano-moyen-bougie-yellow-coulee-main\/\",\"url\":\"https:\/\/www.lasoufflerie.com\/fr\/produit\/murano-moyen-bougie-yellow-coulee-main\/\",\"name\":\"Murano Moyen Bougie Miel - La Soufflerie- Bougie coul\u00e9e \u00e0 la main\",\"isPartOf\":{\"@id\":\"https:\/\/www.lasoufflerie.com\/fr\/#website\"},\"primaryImageOfPage\":{\"@id\":\"https:\/\/www.lasoufflerie.com\/fr\/produit\/murano-moyen-bougie-yellow-coulee-main\/#primaryimage\"},\"image\":{\"@id\":\"https:\/\/www.lasoufflerie.com\/fr\/produit\/murano-moyen-bougie-yellow-coulee-main\/#primaryimage\"},\"thumbnailUrl\":\"https:\/\/www.lasoufflerie.com\/wp-content\/uploads\/2023\/12\/2019-ANTICHITA-MURANO-MOYEN-BOUGIE-86D17B-YELLOW-scaled.jpeg\",\"datePublished\":\"2022-04-21T06:42:22+00:00\",\"dateModified\":\"2026-02-25T15:20:59+00:00\",\"description\":\"Achetez la bougie Murano Moyen Bougie de La Soufflerie. Coul\u00e9e \u00e0 la main dans notre atelier parisien et disponible pour une livraison dans le monde entier.\",\"breadcrumb\":{\"@id\":\"https:\/\/www.lasoufflerie.com\/fr\/produit\/murano-moyen-bougie-yellow-coulee-main\/#breadcrumb\"},\"inLanguage\":\"fr-FR\",\"potentialAction\":[{\"@type\":\"ReadAction\",\"target\":[\"https:\/\/www.lasoufflerie.com\/fr\/produit\/murano-moyen-bougie-yellow-coulee-main\/\"]}]},{\"@type\":\"ImageObject\",\"inLanguage\":\"fr-FR\",\"@id\":\"https:\/\/www.lasoufflerie.com\/fr\/produit\/murano-moyen-bougie-yellow-coulee-main\/#primaryimage\",\"url\":\"https:\/\/www.lasoufflerie.com\/wp-content\/uploads\/2023\/12\/2019-ANTICHITA-MURANO-MOYEN-BOUGIE-86D17B-YELLOW-scaled.jpeg\",\"contentUrl\":\"https:\/\/www.lasoufflerie.com\/wp-content\/uploads\/2023\/12\/2019-ANTICHITA-MURANO-MOYEN-BOUGIE-86D17B-YELLOW-scaled.jpeg\",\"width\":1920,\"height\":2560},{\"@type\":\"BreadcrumbList\",\"@id\":\"https:\/\/www.lasoufflerie.com\/fr\/produit\/murano-moyen-bougie-yellow-coulee-main\/#breadcrumb\",\"itemListElement\":[{\"@type\":\"ListItem\",\"position\":1,\"name\":\"Home\",\"item\":\"https:\/\/www.lasoufflerie.com\/fr\/\"},{\"@type\":\"ListItem\",\"position\":2,\"name\":\"Shop all\",\"item\":\"https:\/\/www.lasoufflerie.com\/fr\/boutique\/\"},{\"@type\":\"ListItem\",\"position\":3,\"name\":\"Murano Moyen Bougie Miel\"}]},{\"@type\":\"WebSite\",\"@id\":\"https:\/\/www.lasoufflerie.com\/fr\/#website\",\"url\":\"https:\/\/www.lasoufflerie.com\/fr\/\",\"name\":\"La Soufflerie\",\"description\":\"Glass blowing craft\",\"publisher\":{\"@id\":\"https:\/\/www.lasoufflerie.com\/fr\/#organization\"},\"potentialAction\":[{\"@type\":\"SearchAction\",\"target\":{\"@type\":\"EntryPoint\",\"urlTemplate\":\"https:\/\/www.lasoufflerie.com\/fr\/?s={search_term_string}\"},\"query-input\":{\"@type\":\"PropertyValueSpecification\",\"valueRequired\":true,\"valueName\":\"search_term_string\"}}],\"inLanguage\":\"fr-FR\"},{\"@type\":\"Organization\",\"@id\":\"https:\/\/www.lasoufflerie.com\/fr\/#organization\",\"name\":\"La Soufflerie\",\"url\":\"https:\/\/www.lasoufflerie.com\/fr\/\",\"logo\":{\"@type\":\"ImageObject\",\"inLanguage\":\"fr-FR\",\"@id\":\"https:\/\/www.lasoufflerie.com\/fr\/#\/schema\/logo\/image\/\",\"url\":\"https:\/\/www.lasoufflerie.com\/wp-content\/uploads\/2023\/11\/Logo-La-Soufflerie-black.png\",\"contentUrl\":\"https:\/\/www.lasoufflerie.com\/wp-content\/uploads\/2023\/11\/Logo-La-Soufflerie-black.png\",\"width\":2362,\"height\":2362,\"caption\":\"La Soufflerie\"},\"image\":{\"@id\":\"https:\/\/www.lasoufflerie.com\/fr\/#\/schema\/logo\/image\/\"},\"sameAs\":[\"https:\/\/facebook.com\/lasoufflerie\",\"https:\/\/x.com\/lasoufflerie\",\"https:\/\/instagram.com\/lasoufflerie\",\"https:\/\/www.linkedin.com\/company\/9327780?trk=tyah&amp;amp;amp;trkInfo=clickedVertical:company,clickedEntityId:9327780,idx:2-1-2,tarId:1458824308330,tas:lasouff\",\"https:\/\/pinterest.com\/lasoufflerie\"]}]}<\/script>\n<!-- \/ Yoast SEO plugin. -->","yoast_head_json":{"title":"Murano Moyen Bougie Miel - La Soufflerie- Bougie coul\u00e9e \u00e0 la main","description":"Achetez la bougie Murano Moyen Bougie de La Soufflerie. Coul\u00e9e \u00e0 la main dans notre atelier parisien et disponible pour une livraison dans le monde entier.","robots":{"index":"index","follow":"follow","max-snippet":"max-snippet:-1","max-image-preview":"max-image-preview:large","max-video-preview":"max-video-preview:-1"},"canonical":"https:\/\/www.lasoufflerie.com\/fr\/produit\/murano-moyen-bougie-yellow-coulee-main\/","og_locale":"fr_FR","og_type":"article","og_title":"Murano Moyen Bougie Miel - La Soufflerie- Bougie coul\u00e9e \u00e0 la main","og_description":"Achetez la bougie Murano Moyen Bougie de La Soufflerie. Coul\u00e9e \u00e0 la main dans notre atelier parisien et disponible pour une livraison dans le monde entier.","og_url":"https:\/\/www.lasoufflerie.com\/fr\/produit\/murano-moyen-bougie-yellow-coulee-main\/","og_site_name":"La Soufflerie","article_publisher":"https:\/\/facebook.com\/lasoufflerie","article_modified_time":"2026-02-25T15:20:59+00:00","og_image":[{"width":1920,"height":2560,"url":"https:\/\/www.lasoufflerie.com\/wp-content\/uploads\/2023\/12\/2019-ANTICHITA-MURANO-MOYEN-BOUGIE-86D17B-YELLOW-scaled.jpeg","type":"image\/jpeg"}],"twitter_card":"summary_large_image","twitter_site":"@lasoufflerie","twitter_misc":{"Dur\u00e9e de lecture estim\u00e9e":"1 minute"},"schema":{"@context":"https:\/\/schema.org","@graph":[{"@type":"WebPage","@id":"https:\/\/www.lasoufflerie.com\/fr\/produit\/murano-moyen-bougie-yellow-coulee-main\/","url":"https:\/\/www.lasoufflerie.com\/fr\/produit\/murano-moyen-bougie-yellow-coulee-main\/","name":"Murano Moyen Bougie Miel - La Soufflerie- Bougie coul\u00e9e \u00e0 la main","isPartOf":{"@id":"https:\/\/www.lasoufflerie.com\/fr\/#website"},"primaryImageOfPage":{"@id":"https:\/\/www.lasoufflerie.com\/fr\/produit\/murano-moyen-bougie-yellow-coulee-main\/#primaryimage"},"image":{"@id":"https:\/\/www.lasoufflerie.com\/fr\/produit\/murano-moyen-bougie-yellow-coulee-main\/#primaryimage"},"thumbnailUrl":"https:\/\/www.lasoufflerie.com\/wp-content\/uploads\/2023\/12\/2019-ANTICHITA-MURANO-MOYEN-BOUGIE-86D17B-YELLOW-scaled.jpeg","datePublished":"2022-04-21T06:42:22+00:00","dateModified":"2026-02-25T15:20:59+00:00","description":"Achetez la bougie Murano Moyen Bougie de La Soufflerie. Coul\u00e9e \u00e0 la main dans notre atelier parisien et disponible pour une livraison dans le monde entier.","breadcrumb":{"@id":"https:\/\/www.lasoufflerie.com\/fr\/produit\/murano-moyen-bougie-yellow-coulee-main\/#breadcrumb"},"inLanguage":"fr-FR","potentialAction":[{"@type":"ReadAction","target":["https:\/\/www.lasoufflerie.com\/fr\/produit\/murano-moyen-bougie-yellow-coulee-main\/"]}]},{"@type":"ImageObject","inLanguage":"fr-FR","@id":"https:\/\/www.lasoufflerie.com\/fr\/produit\/murano-moyen-bougie-yellow-coulee-main\/#primaryimage","url":"https:\/\/www.lasoufflerie.com\/wp-content\/uploads\/2023\/12\/2019-ANTICHITA-MURANO-MOYEN-BOUGIE-86D17B-YELLOW-scaled.jpeg","contentUrl":"https:\/\/www.lasoufflerie.com\/wp-content\/uploads\/2023\/12\/2019-ANTICHITA-MURANO-MOYEN-BOUGIE-86D17B-YELLOW-scaled.jpeg","width":1920,"height":2560},{"@type":"BreadcrumbList","@id":"https:\/\/www.lasoufflerie.com\/fr\/produit\/murano-moyen-bougie-yellow-coulee-main\/#breadcrumb","itemListElement":[{"@type":"ListItem","position":1,"name":"Home","item":"https:\/\/www.lasoufflerie.com\/fr\/"},{"@type":"ListItem","position":2,"name":"Shop all","item":"https:\/\/www.lasoufflerie.com\/fr\/boutique\/"},{"@type":"ListItem","position":3,"name":"Murano Moyen Bougie Miel"}]},{"@type":"WebSite","@id":"https:\/\/www.lasoufflerie.com\/fr\/#website","url":"https:\/\/www.lasoufflerie.com\/fr\/","name":"La Soufflerie","description":"Glass blowing craft","publisher":{"@id":"https:\/\/www.lasoufflerie.com\/fr\/#organization"},"potentialAction":[{"@type":"SearchAction","target":{"@type":"EntryPoint","urlTemplate":"https:\/\/www.lasoufflerie.com\/fr\/?s={search_term_string}"},"query-input":{"@type":"PropertyValueSpecification","valueRequired":true,"valueName":"search_term_string"}}],"inLanguage":"fr-FR"},{"@type":"Organization","@id":"https:\/\/www.lasoufflerie.com\/fr\/#organization","name":"La Soufflerie","url":"https:\/\/www.lasoufflerie.com\/fr\/","logo":{"@type":"ImageObject","inLanguage":"fr-FR","@id":"https:\/\/www.lasoufflerie.com\/fr\/#\/schema\/logo\/image\/","url":"https:\/\/www.lasoufflerie.com\/wp-content\/uploads\/2023\/11\/Logo-La-Soufflerie-black.png","contentUrl":"https:\/\/www.lasoufflerie.com\/wp-content\/uploads\/2023\/11\/Logo-La-Soufflerie-black.png","width":2362,"height":2362,"caption":"La Soufflerie"},"image":{"@id":"https:\/\/www.lasoufflerie.com\/fr\/#\/schema\/logo\/image\/"},"sameAs":["https:\/\/facebook.com\/lasoufflerie","https:\/\/x.com\/lasoufflerie","https:\/\/instagram.com\/lasoufflerie","https:\/\/www.linkedin.com\/company\/9327780?trk=tyah&amp;amp;amp;trkInfo=clickedVertical:company,clickedEntityId:9327780,idx:2-1-2,tarId:1458824308330,tas:lasouff","https:\/\/pinterest.com\/lasoufflerie"]}]}},"_links":{"self":[{"href":"https:\/\/www.lasoufflerie.com\/fr\/wp-json\/wp\/v2\/product\/17834","targetHints":{"allow":["GET"]}}],"collection":[{"href":"https:\/\/www.lasoufflerie.com\/fr\/wp-json\/wp\/v2\/product"}],"about":[{"href":"https:\/\/www.lasoufflerie.com\/fr\/wp-json\/wp\/v2\/types\/product"}],"version-history":[{"count":9,"href":"https:\/\/www.lasoufflerie.com\/fr\/wp-json\/wp\/v2\/product\/17834\/revisions"}],"predecessor-version":[{"id":75483,"href":"https:\/\/www.lasoufflerie.com\/fr\/wp-json\/wp\/v2\/product\/17834\/revisions\/75483"}],"wp:featuredmedia":[{"embeddable":true,"href":"https:\/\/www.lasoufflerie.com\/fr\/wp-json\/wp\/v2\/media\/14325"}],"wp:attachment":[{"href":"https:\/\/www.lasoufflerie.com\/fr\/wp-json\/wp\/v2\/media?parent=17834"}],"wp:term":[{"taxonomy":"product_brand","embeddable":true,"href":"https:\/\/www.lasoufflerie.com\/fr\/wp-json\/wp\/v2\/product_brand?post=17834"},{"taxonomy":"product_cat","embeddable":true,"href":"https:\/\/www.lasoufflerie.com\/fr\/wp-json\/wp\/v2\/product_cat?post=17834"},{"taxonomy":"product_tag","embeddable":true,"href":"https:\/\/www.lasoufflerie.com\/fr\/wp-json\/wp\/v2\/product_tag?post=17834"}],"curies":[{"name":"wp","href":"https:\/\/api.w.org\/{rel}","templated":true}]}}