{"id":17843,"date":"2022-04-19T13:14:18","date_gmt":"2022-04-19T11:14:18","guid":{"rendered":"https:\/\/www.lasoufflerie.com\/product\/votive-bougie-transparent-candle-handmade-hand-poured-artisanal-soy-wax-candle-holder-mouth-blown\/"},"modified":"2025-09-19T16:21:45","modified_gmt":"2025-09-19T14:21:45","slug":"votive-bougie-transparent-coulee-main","status":"publish","type":"product","link":"https:\/\/www.lasoufflerie.com\/fr\/produit\/votive-bougie-transparent-coulee-main\/","title":{"rendered":"Votive Bougie Transparent"},"content":{"rendered":"<p>La bougie <strong>Votive Bougie Transparent<\/strong> est plus qu&rsquo;une simple bougie, c&rsquo;est une pi\u00e8ce polyvalente magnifiquement fabriqu\u00e9e. Fabriqu\u00e9e \u00e0 partir d&rsquo;ingr\u00e9dients enti\u00e8rement naturels et coul\u00e9e \u00e0 la main dans notre atelier parisien, cette bougie non parfum\u00e9e apporte une douce lumi\u00e8re d&rsquo;ambiance \u00e0 n&rsquo;importe quel espace. Une fois la bougie consum\u00e9e, il vous reste notre charmant verre Quinquet lyonnais, un objet doux et polyvalent pr\u00eat \u00e0 \u00eatre utilis\u00e9 comme verre \u00e0 boire. Con\u00e7ue dans un souci d&rsquo;\u00e9l\u00e9gance et de durabilit\u00e9, la bougie Votive Bougie Transparent ajoute de la chaleur \u00e0 votre int\u00e9rieur et constitue un souvenir \u00e0 ch\u00e9rir longtemps apr\u00e8s la derni\u00e8re bougie.   <\/p>\n","protected":false},"excerpt":{"rendered":"<p>La bougie Votive Bougie Transparent est plus qu&rsquo;une simple bougie, c&rsquo;est une pi\u00e8ce polyvalente magnifiquement fabriqu\u00e9e. Fabriqu\u00e9e \u00e0 partir d&rsquo;ingr\u00e9dients enti\u00e8rement naturels et coul\u00e9e \u00e0 la main dans notre atelier parisien, cette bougie non parfum\u00e9e apporte une douce lumi\u00e8re d&rsquo;ambiance \u00e0 n&rsquo;importe quel espace. Une fois la bougie consum\u00e9e, il vous reste notre charmant verre [&hellip;]<\/p>\n","protected":false},"featured_media":14318,"template":"","meta":{"_acf_changed":false},"product_brand":[],"product_cat":[1223,1626,1622,1203],"product_tag":[],"class_list":{"0":"post-17843","1":"product","2":"type-product","3":"status-publish","4":"has-post-thumbnail","6":"product_cat-candle-vessels","7":"product_cat-under-50e-gift-guide","8":"product_cat-the-shop","9":"product_cat-candles","10":"product_shipping_class-small-product","11":"pa_a-gift-for-under-50e-la-soufflerie-gift-ideas","12":"pa_colour-transparent","13":"pa_made-of-wax","14":"pa_made-of-glass","15":"pa_size-small","17":"first","18":"instock","19":"taxable","20":"shipping-taxable","21":"purchasable","22":"product-type-simple"},"acf":[],"yoast_head":"<!-- This site is optimized with the Yoast SEO plugin v27.3 - https:\/\/yoast.com\/product\/yoast-seo-wordpress\/ -->\n<title>Votive Bougie Transparent - La Soufflerie Bougie coul\u00e9e \u00e0 la main<\/title>\n<meta name=\"description\" content=\"Achetez la Bougie Votive Bougie Transparente de La Soufflerie. Coul\u00e9e \u00e0 la main dans notre atelier parisien et disponible pour une livraison dans le monde entier.\" \/>\n<meta name=\"robots\" content=\"index, follow, max-snippet:-1, max-image-preview:large, max-video-preview:-1\" \/>\n<link rel=\"canonical\" href=\"https:\/\/www.lasoufflerie.com\/fr\/produit\/votive-bougie-transparent-coulee-main\/\" \/>\n<meta property=\"og:locale\" content=\"fr_FR\" \/>\n<meta property=\"og:type\" content=\"article\" \/>\n<meta property=\"og:title\" content=\"Votive Bougie Transparent - La Soufflerie Bougie coul\u00e9e \u00e0 la main\" \/>\n<meta property=\"og:description\" content=\"Achetez la Bougie Votive Bougie Transparente de La Soufflerie. Coul\u00e9e \u00e0 la main dans notre atelier parisien et disponible pour une livraison dans le monde entier.\" \/>\n<meta property=\"og:url\" content=\"https:\/\/www.lasoufflerie.com\/fr\/produit\/votive-bougie-transparent-coulee-main\/\" \/>\n<meta property=\"og:site_name\" content=\"La Soufflerie\" \/>\n<meta property=\"article:publisher\" content=\"https:\/\/facebook.com\/lasoufflerie\" \/>\n<meta property=\"article:modified_time\" content=\"2025-09-19T14:21:45+00:00\" \/>\n<meta property=\"og:image\" content=\"https:\/\/www.lasoufflerie.com\/wp-content\/uploads\/2023\/12\/2019-VOTIVE-BOUGIE-TRANSPARENT-60TB-scaled-1.jpeg\" \/>\n\t<meta property=\"og:image:width\" content=\"1920\" \/>\n\t<meta property=\"og:image:height\" content=\"2560\" \/>\n\t<meta property=\"og:image:type\" content=\"image\/jpeg\" \/>\n<meta name=\"twitter:card\" content=\"summary_large_image\" \/>\n<meta name=\"twitter:site\" content=\"@lasoufflerie\" \/>\n<meta name=\"twitter:label1\" content=\"Dur\u00e9e de lecture estim\u00e9e\" \/>\n\t<meta name=\"twitter:data1\" content=\"1 minute\" \/>\n<script type=\"application\/ld+json\" class=\"yoast-schema-graph\">{\"@context\":\"https:\\\/\\\/schema.org\",\"@graph\":[{\"@type\":\"WebPage\",\"@id\":\"https:\\\/\\\/www.lasoufflerie.com\\\/fr\\\/produit\\\/votive-bougie-transparent-coulee-main\\\/\",\"url\":\"https:\\\/\\\/www.lasoufflerie.com\\\/fr\\\/produit\\\/votive-bougie-transparent-coulee-main\\\/\",\"name\":\"Votive Bougie Transparent - La Soufflerie Bougie coul\u00e9e \u00e0 la main\",\"isPartOf\":{\"@id\":\"https:\\\/\\\/www.lasoufflerie.com\\\/fr\\\/#website\"},\"primaryImageOfPage\":{\"@id\":\"https:\\\/\\\/www.lasoufflerie.com\\\/fr\\\/produit\\\/votive-bougie-transparent-coulee-main\\\/#primaryimage\"},\"image\":{\"@id\":\"https:\\\/\\\/www.lasoufflerie.com\\\/fr\\\/produit\\\/votive-bougie-transparent-coulee-main\\\/#primaryimage\"},\"thumbnailUrl\":\"https:\\\/\\\/www.lasoufflerie.com\\\/wp-content\\\/uploads\\\/2023\\\/12\\\/2019-VOTIVE-BOUGIE-TRANSPARENT-60TB-scaled-1.jpeg\",\"datePublished\":\"2022-04-19T11:14:18+00:00\",\"dateModified\":\"2025-09-19T14:21:45+00:00\",\"description\":\"Achetez la Bougie Votive Bougie Transparente de La Soufflerie. Coul\u00e9e \u00e0 la main dans notre atelier parisien et disponible pour une livraison dans le monde entier.\",\"breadcrumb\":{\"@id\":\"https:\\\/\\\/www.lasoufflerie.com\\\/fr\\\/produit\\\/votive-bougie-transparent-coulee-main\\\/#breadcrumb\"},\"inLanguage\":\"fr-FR\",\"potentialAction\":[{\"@type\":\"ReadAction\",\"target\":[\"https:\\\/\\\/www.lasoufflerie.com\\\/fr\\\/produit\\\/votive-bougie-transparent-coulee-main\\\/\"]}]},{\"@type\":\"ImageObject\",\"inLanguage\":\"fr-FR\",\"@id\":\"https:\\\/\\\/www.lasoufflerie.com\\\/fr\\\/produit\\\/votive-bougie-transparent-coulee-main\\\/#primaryimage\",\"url\":\"https:\\\/\\\/www.lasoufflerie.com\\\/wp-content\\\/uploads\\\/2023\\\/12\\\/2019-VOTIVE-BOUGIE-TRANSPARENT-60TB-scaled-1.jpeg\",\"contentUrl\":\"https:\\\/\\\/www.lasoufflerie.com\\\/wp-content\\\/uploads\\\/2023\\\/12\\\/2019-VOTIVE-BOUGIE-TRANSPARENT-60TB-scaled-1.jpeg\",\"width\":1920,\"height\":2560},{\"@type\":\"BreadcrumbList\",\"@id\":\"https:\\\/\\\/www.lasoufflerie.com\\\/fr\\\/produit\\\/votive-bougie-transparent-coulee-main\\\/#breadcrumb\",\"itemListElement\":[{\"@type\":\"ListItem\",\"position\":1,\"name\":\"Home\",\"item\":\"https:\\\/\\\/www.lasoufflerie.com\\\/fr\\\/\"},{\"@type\":\"ListItem\",\"position\":2,\"name\":\"Shop all\",\"item\":\"https:\\\/\\\/www.lasoufflerie.com\\\/fr\\\/boutique\\\/\"},{\"@type\":\"ListItem\",\"position\":3,\"name\":\"Votive Bougie Transparent\"}]},{\"@type\":\"WebSite\",\"@id\":\"https:\\\/\\\/www.lasoufflerie.com\\\/fr\\\/#website\",\"url\":\"https:\\\/\\\/www.lasoufflerie.com\\\/fr\\\/\",\"name\":\"La Soufflerie\",\"description\":\"Glass blowing craft\",\"publisher\":{\"@id\":\"https:\\\/\\\/www.lasoufflerie.com\\\/fr\\\/#organization\"},\"potentialAction\":[{\"@type\":\"SearchAction\",\"target\":{\"@type\":\"EntryPoint\",\"urlTemplate\":\"https:\\\/\\\/www.lasoufflerie.com\\\/fr\\\/?s={search_term_string}\"},\"query-input\":{\"@type\":\"PropertyValueSpecification\",\"valueRequired\":true,\"valueName\":\"search_term_string\"}}],\"inLanguage\":\"fr-FR\"},{\"@type\":\"Organization\",\"@id\":\"https:\\\/\\\/www.lasoufflerie.com\\\/fr\\\/#organization\",\"name\":\"La Soufflerie\",\"url\":\"https:\\\/\\\/www.lasoufflerie.com\\\/fr\\\/\",\"logo\":{\"@type\":\"ImageObject\",\"inLanguage\":\"fr-FR\",\"@id\":\"https:\\\/\\\/www.lasoufflerie.com\\\/fr\\\/#\\\/schema\\\/logo\\\/image\\\/\",\"url\":\"https:\\\/\\\/www.lasoufflerie.com\\\/wp-content\\\/uploads\\\/2023\\\/11\\\/Logo-La-Soufflerie-black.png\",\"contentUrl\":\"https:\\\/\\\/www.lasoufflerie.com\\\/wp-content\\\/uploads\\\/2023\\\/11\\\/Logo-La-Soufflerie-black.png\",\"width\":2362,\"height\":2362,\"caption\":\"La Soufflerie\"},\"image\":{\"@id\":\"https:\\\/\\\/www.lasoufflerie.com\\\/fr\\\/#\\\/schema\\\/logo\\\/image\\\/\"},\"sameAs\":[\"https:\\\/\\\/facebook.com\\\/lasoufflerie\",\"https:\\\/\\\/x.com\\\/lasoufflerie\",\"https:\\\/\\\/instagram.com\\\/lasoufflerie\",\"https:\\\/\\\/www.linkedin.com\\\/company\\\/9327780?trk=tyah&amp;amp;amp;trkInfo=clickedVertical:company,clickedEntityId:9327780,idx:2-1-2,tarId:1458824308330,tas:lasouff\",\"https:\\\/\\\/pinterest.com\\\/lasoufflerie\"]}]}<\/script>\n<!-- \/ Yoast SEO plugin. -->","yoast_head_json":{"title":"Votive Bougie Transparent - La Soufflerie Bougie coul\u00e9e \u00e0 la main","description":"Achetez la Bougie Votive Bougie Transparente de La Soufflerie. Coul\u00e9e \u00e0 la main dans notre atelier parisien et disponible pour une livraison dans le monde entier.","robots":{"index":"index","follow":"follow","max-snippet":"max-snippet:-1","max-image-preview":"max-image-preview:large","max-video-preview":"max-video-preview:-1"},"canonical":"https:\/\/www.lasoufflerie.com\/fr\/produit\/votive-bougie-transparent-coulee-main\/","og_locale":"fr_FR","og_type":"article","og_title":"Votive Bougie Transparent - La Soufflerie Bougie coul\u00e9e \u00e0 la main","og_description":"Achetez la Bougie Votive Bougie Transparente de La Soufflerie. Coul\u00e9e \u00e0 la main dans notre atelier parisien et disponible pour une livraison dans le monde entier.","og_url":"https:\/\/www.lasoufflerie.com\/fr\/produit\/votive-bougie-transparent-coulee-main\/","og_site_name":"La Soufflerie","article_publisher":"https:\/\/facebook.com\/lasoufflerie","article_modified_time":"2025-09-19T14:21:45+00:00","og_image":[{"width":1920,"height":2560,"url":"https:\/\/www.lasoufflerie.com\/wp-content\/uploads\/2023\/12\/2019-VOTIVE-BOUGIE-TRANSPARENT-60TB-scaled-1.jpeg","type":"image\/jpeg"}],"twitter_card":"summary_large_image","twitter_site":"@lasoufflerie","twitter_misc":{"Dur\u00e9e de lecture estim\u00e9e":"1 minute"},"schema":{"@context":"https:\/\/schema.org","@graph":[{"@type":"WebPage","@id":"https:\/\/www.lasoufflerie.com\/fr\/produit\/votive-bougie-transparent-coulee-main\/","url":"https:\/\/www.lasoufflerie.com\/fr\/produit\/votive-bougie-transparent-coulee-main\/","name":"Votive Bougie Transparent - La Soufflerie Bougie coul\u00e9e \u00e0 la main","isPartOf":{"@id":"https:\/\/www.lasoufflerie.com\/fr\/#website"},"primaryImageOfPage":{"@id":"https:\/\/www.lasoufflerie.com\/fr\/produit\/votive-bougie-transparent-coulee-main\/#primaryimage"},"image":{"@id":"https:\/\/www.lasoufflerie.com\/fr\/produit\/votive-bougie-transparent-coulee-main\/#primaryimage"},"thumbnailUrl":"https:\/\/www.lasoufflerie.com\/wp-content\/uploads\/2023\/12\/2019-VOTIVE-BOUGIE-TRANSPARENT-60TB-scaled-1.jpeg","datePublished":"2022-04-19T11:14:18+00:00","dateModified":"2025-09-19T14:21:45+00:00","description":"Achetez la Bougie Votive Bougie Transparente de La Soufflerie. Coul\u00e9e \u00e0 la main dans notre atelier parisien et disponible pour une livraison dans le monde entier.","breadcrumb":{"@id":"https:\/\/www.lasoufflerie.com\/fr\/produit\/votive-bougie-transparent-coulee-main\/#breadcrumb"},"inLanguage":"fr-FR","potentialAction":[{"@type":"ReadAction","target":["https:\/\/www.lasoufflerie.com\/fr\/produit\/votive-bougie-transparent-coulee-main\/"]}]},{"@type":"ImageObject","inLanguage":"fr-FR","@id":"https:\/\/www.lasoufflerie.com\/fr\/produit\/votive-bougie-transparent-coulee-main\/#primaryimage","url":"https:\/\/www.lasoufflerie.com\/wp-content\/uploads\/2023\/12\/2019-VOTIVE-BOUGIE-TRANSPARENT-60TB-scaled-1.jpeg","contentUrl":"https:\/\/www.lasoufflerie.com\/wp-content\/uploads\/2023\/12\/2019-VOTIVE-BOUGIE-TRANSPARENT-60TB-scaled-1.jpeg","width":1920,"height":2560},{"@type":"BreadcrumbList","@id":"https:\/\/www.lasoufflerie.com\/fr\/produit\/votive-bougie-transparent-coulee-main\/#breadcrumb","itemListElement":[{"@type":"ListItem","position":1,"name":"Home","item":"https:\/\/www.lasoufflerie.com\/fr\/"},{"@type":"ListItem","position":2,"name":"Shop all","item":"https:\/\/www.lasoufflerie.com\/fr\/boutique\/"},{"@type":"ListItem","position":3,"name":"Votive Bougie Transparent"}]},{"@type":"WebSite","@id":"https:\/\/www.lasoufflerie.com\/fr\/#website","url":"https:\/\/www.lasoufflerie.com\/fr\/","name":"La Soufflerie","description":"Glass blowing craft","publisher":{"@id":"https:\/\/www.lasoufflerie.com\/fr\/#organization"},"potentialAction":[{"@type":"SearchAction","target":{"@type":"EntryPoint","urlTemplate":"https:\/\/www.lasoufflerie.com\/fr\/?s={search_term_string}"},"query-input":{"@type":"PropertyValueSpecification","valueRequired":true,"valueName":"search_term_string"}}],"inLanguage":"fr-FR"},{"@type":"Organization","@id":"https:\/\/www.lasoufflerie.com\/fr\/#organization","name":"La Soufflerie","url":"https:\/\/www.lasoufflerie.com\/fr\/","logo":{"@type":"ImageObject","inLanguage":"fr-FR","@id":"https:\/\/www.lasoufflerie.com\/fr\/#\/schema\/logo\/image\/","url":"https:\/\/www.lasoufflerie.com\/wp-content\/uploads\/2023\/11\/Logo-La-Soufflerie-black.png","contentUrl":"https:\/\/www.lasoufflerie.com\/wp-content\/uploads\/2023\/11\/Logo-La-Soufflerie-black.png","width":2362,"height":2362,"caption":"La Soufflerie"},"image":{"@id":"https:\/\/www.lasoufflerie.com\/fr\/#\/schema\/logo\/image\/"},"sameAs":["https:\/\/facebook.com\/lasoufflerie","https:\/\/x.com\/lasoufflerie","https:\/\/instagram.com\/lasoufflerie","https:\/\/www.linkedin.com\/company\/9327780?trk=tyah&amp;amp;amp;trkInfo=clickedVertical:company,clickedEntityId:9327780,idx:2-1-2,tarId:1458824308330,tas:lasouff","https:\/\/pinterest.com\/lasoufflerie"]}]}},"_links":{"self":[{"href":"https:\/\/www.lasoufflerie.com\/fr\/wp-json\/wp\/v2\/product\/17843","targetHints":{"allow":["GET"]}}],"collection":[{"href":"https:\/\/www.lasoufflerie.com\/fr\/wp-json\/wp\/v2\/product"}],"about":[{"href":"https:\/\/www.lasoufflerie.com\/fr\/wp-json\/wp\/v2\/types\/product"}],"version-history":[{"count":8,"href":"https:\/\/www.lasoufflerie.com\/fr\/wp-json\/wp\/v2\/product\/17843\/revisions"}],"predecessor-version":[{"id":62465,"href":"https:\/\/www.lasoufflerie.com\/fr\/wp-json\/wp\/v2\/product\/17843\/revisions\/62465"}],"wp:featuredmedia":[{"embeddable":true,"href":"https:\/\/www.lasoufflerie.com\/fr\/wp-json\/wp\/v2\/media\/14318"}],"wp:attachment":[{"href":"https:\/\/www.lasoufflerie.com\/fr\/wp-json\/wp\/v2\/media?parent=17843"}],"wp:term":[{"taxonomy":"product_brand","embeddable":true,"href":"https:\/\/www.lasoufflerie.com\/fr\/wp-json\/wp\/v2\/product_brand?post=17843"},{"taxonomy":"product_cat","embeddable":true,"href":"https:\/\/www.lasoufflerie.com\/fr\/wp-json\/wp\/v2\/product_cat?post=17843"},{"taxonomy":"product_tag","embeddable":true,"href":"https:\/\/www.lasoufflerie.com\/fr\/wp-json\/wp\/v2\/product_tag?post=17843"}],"curies":[{"name":"wp","href":"https:\/\/api.w.org\/{rel}","templated":true}]}}