{"id":17898,"date":"2022-02-16T13:16:30","date_gmt":"2022-02-16T12:16:30","guid":{"rendered":"https:\/\/www.lasoufflerie.com\/product\/bouteille-carre-petit-light-blue-square-glass-bottle-carafe-jug-pitcher-mouth-blown-glass-hand-blown-glass-hand-made-recycled-glass-artisana\/"},"modified":"2025-09-19T16:21:57","modified_gmt":"2025-09-19T14:21:57","slug":"bouteille-carre-petit-light-blue-verre-recycle-souffle-bouche","status":"publish","type":"product","link":"https:\/\/www.lasoufflerie.com\/fr\/produit\/bouteille-carre-petit-light-blue-verre-recycle-souffle-bouche\/","title":{"rendered":"Bouteille Carr\u00e9 Petit Light Blue"},"content":{"rendered":"<p>La bouteille <strong>Bouteille Carr\u00e9 Petit Light Blue<\/strong> a \u00e9t\u00e9 con\u00e7ue dans un souci d&rsquo;innovation et d&rsquo;efficacit\u00e9. Cette bouteille a une forme carr\u00e9e \u00e9l\u00e9gante qui s&rsquo;adapte \u00e0 la porte de votre r\u00e9frig\u00e9rateur, maximisant ainsi l&rsquo;espace et assurant une organisation efficace. La Bouteille Carr\u00e9 Petit Light Blue peut \u00e9galement servir de vase unique pour vos fleurs pr\u00e9f\u00e9r\u00e9es. Que vous l&rsquo;utilisiez comme carafe ou comme vase, ce r\u00e9cipient polyvalent est la fusion parfaite du style et de la fonctionnalit\u00e9. Souffl\u00e9 \u00e0 la bouche \u00e0 partir de verre recycl\u00e9 par nos artisans souffleurs de verre.<\/p>\n","protected":false},"excerpt":{"rendered":"<p>La bouteille Bouteille Carr\u00e9 Petit Light Blue a \u00e9t\u00e9 con\u00e7ue dans un souci d&rsquo;innovation et d&rsquo;efficacit\u00e9. Cette bouteille a une forme carr\u00e9e \u00e9l\u00e9gante qui s&rsquo;adapte \u00e0 la porte de votre r\u00e9frig\u00e9rateur, maximisant ainsi l&rsquo;espace et assurant une organisation efficace. La Bouteille Carr\u00e9 Petit Light Blue peut \u00e9galement servir de vase unique pour vos fleurs pr\u00e9f\u00e9r\u00e9es. [&hellip;]<\/p>\n","protected":false},"featured_media":13964,"template":"","meta":{"_acf_changed":false},"product_brand":[],"product_cat":[1634,1623,1321,1310,1309],"product_tag":[],"class_list":{"0":"post-17898","1":"product","2":"type-product","3":"status-publish","4":"has-post-thumbnail","6":"product_cat-cadeaux-a-moins-de-50e-idees-cadeaux","7":"product_cat-la-boutique","8":"product_cat-pichets-et-decanteurs","9":"product_cat-verres-carafes","10":"product_cat-a-la-maison","11":"product_shipping_class-medium-product-fr","12":"pa_a-gift-for-her-fr","13":"pa_a-gift-for-lhote","14":"pa_a-gift-for-under-50e-fr","15":"pa_colour-bleu","16":"pa_made-of-glass-fr","17":"pa_size-medium-fr","19":"first","20":"instock","21":"taxable","22":"shipping-taxable","23":"purchasable","24":"product-type-simple"},"acf":[],"yoast_head":"<!-- This site is optimized with the Yoast SEO plugin v27.1.1 - https:\/\/yoast.com\/product\/yoast-seo-wordpress\/ -->\n<title>Bouteille Carr\u00e9 Petit Light Blue - La Soufflerie - Verre recycl\u00e9 souffl\u00e9 bouche<\/title>\n<meta name=\"description\" content=\"Achetez la Bouteille Carr\u00e9 Petit Light Blue. Souffl\u00e9 \u00e0 la bouche en utilisant uniquement du verre recycl\u00e9 par nos ma\u00eetres artisans et disponible pour une exp\u00e9dition \u00e0 l&#039;international.\" \/>\n<meta name=\"robots\" content=\"index, follow, max-snippet:-1, max-image-preview:large, max-video-preview:-1\" \/>\n<link rel=\"canonical\" href=\"https:\/\/www.lasoufflerie.com\/fr\/produit\/bouteille-carre-petit-light-blue-verre-recycle-souffle-bouche\/\" \/>\n<meta property=\"og:locale\" content=\"fr_FR\" \/>\n<meta property=\"og:type\" content=\"article\" \/>\n<meta property=\"og:title\" content=\"Bouteille Carr\u00e9 Petit Light Blue - La Soufflerie - Verre recycl\u00e9 souffl\u00e9 bouche\" \/>\n<meta property=\"og:description\" content=\"Achetez la Bouteille Carr\u00e9 Petit Light Blue. Souffl\u00e9 \u00e0 la bouche en utilisant uniquement du verre recycl\u00e9 par nos ma\u00eetres artisans et disponible pour une exp\u00e9dition \u00e0 l&#039;international.\" \/>\n<meta property=\"og:url\" content=\"https:\/\/www.lasoufflerie.com\/fr\/produit\/bouteille-carre-petit-light-blue-verre-recycle-souffle-bouche\/\" \/>\n<meta property=\"og:site_name\" content=\"La Soufflerie\" \/>\n<meta property=\"article:publisher\" content=\"https:\/\/facebook.com\/lasoufflerie\" \/>\n<meta property=\"article:modified_time\" content=\"2025-09-19T14:21:57+00:00\" \/>\n<meta property=\"og:image\" content=\"https:\/\/www.lasoufflerie.com\/wp-content\/uploads\/2023\/12\/Bouteille-Carre-Petit-Light-Blue-scaled-e1684507829204.jpg\" \/>\n\t<meta property=\"og:image:width\" content=\"810\" \/>\n\t<meta property=\"og:image:height\" content=\"1080\" \/>\n\t<meta property=\"og:image:type\" content=\"image\/jpeg\" \/>\n<meta name=\"twitter:card\" content=\"summary_large_image\" \/>\n<meta name=\"twitter:site\" content=\"@lasoufflerie\" \/>\n<meta name=\"twitter:label1\" content=\"Dur\u00e9e de lecture estim\u00e9e\" \/>\n\t<meta name=\"twitter:data1\" content=\"1 minute\" \/>\n<script type=\"application\/ld+json\" class=\"yoast-schema-graph\">{\"@context\":\"https:\/\/schema.org\",\"@graph\":[{\"@type\":\"WebPage\",\"@id\":\"https:\/\/www.lasoufflerie.com\/fr\/produit\/bouteille-carre-petit-light-blue-verre-recycle-souffle-bouche\/\",\"url\":\"https:\/\/www.lasoufflerie.com\/fr\/produit\/bouteille-carre-petit-light-blue-verre-recycle-souffle-bouche\/\",\"name\":\"Bouteille Carr\u00e9 Petit Light Blue - La Soufflerie - Verre recycl\u00e9 souffl\u00e9 bouche\",\"isPartOf\":{\"@id\":\"https:\/\/www.lasoufflerie.com\/fr\/#website\"},\"primaryImageOfPage\":{\"@id\":\"https:\/\/www.lasoufflerie.com\/fr\/produit\/bouteille-carre-petit-light-blue-verre-recycle-souffle-bouche\/#primaryimage\"},\"image\":{\"@id\":\"https:\/\/www.lasoufflerie.com\/fr\/produit\/bouteille-carre-petit-light-blue-verre-recycle-souffle-bouche\/#primaryimage\"},\"thumbnailUrl\":\"https:\/\/www.lasoufflerie.com\/wp-content\/uploads\/2023\/12\/Bouteille-Carre-Petit-Light-Blue-scaled-e1684507829204.jpg\",\"datePublished\":\"2022-02-16T12:16:30+00:00\",\"dateModified\":\"2025-09-19T14:21:57+00:00\",\"description\":\"Achetez la Bouteille Carr\u00e9 Petit Light Blue. Souffl\u00e9 \u00e0 la bouche en utilisant uniquement du verre recycl\u00e9 par nos ma\u00eetres artisans et disponible pour une exp\u00e9dition \u00e0 l'international.\",\"breadcrumb\":{\"@id\":\"https:\/\/www.lasoufflerie.com\/fr\/produit\/bouteille-carre-petit-light-blue-verre-recycle-souffle-bouche\/#breadcrumb\"},\"inLanguage\":\"fr-FR\",\"potentialAction\":[{\"@type\":\"ReadAction\",\"target\":[\"https:\/\/www.lasoufflerie.com\/fr\/produit\/bouteille-carre-petit-light-blue-verre-recycle-souffle-bouche\/\"]}]},{\"@type\":\"ImageObject\",\"inLanguage\":\"fr-FR\",\"@id\":\"https:\/\/www.lasoufflerie.com\/fr\/produit\/bouteille-carre-petit-light-blue-verre-recycle-souffle-bouche\/#primaryimage\",\"url\":\"https:\/\/www.lasoufflerie.com\/wp-content\/uploads\/2023\/12\/Bouteille-Carre-Petit-Light-Blue-scaled-e1684507829204.jpg\",\"contentUrl\":\"https:\/\/www.lasoufflerie.com\/wp-content\/uploads\/2023\/12\/Bouteille-Carre-Petit-Light-Blue-scaled-e1684507829204.jpg\",\"width\":810,\"height\":1080},{\"@type\":\"BreadcrumbList\",\"@id\":\"https:\/\/www.lasoufflerie.com\/fr\/produit\/bouteille-carre-petit-light-blue-verre-recycle-souffle-bouche\/#breadcrumb\",\"itemListElement\":[{\"@type\":\"ListItem\",\"position\":1,\"name\":\"Home\",\"item\":\"https:\/\/www.lasoufflerie.com\/fr\/\"},{\"@type\":\"ListItem\",\"position\":2,\"name\":\"Shop all\",\"item\":\"https:\/\/www.lasoufflerie.com\/fr\/boutique\/\"},{\"@type\":\"ListItem\",\"position\":3,\"name\":\"Bouteille Carr\u00e9 Petit Light Blue\"}]},{\"@type\":\"WebSite\",\"@id\":\"https:\/\/www.lasoufflerie.com\/fr\/#website\",\"url\":\"https:\/\/www.lasoufflerie.com\/fr\/\",\"name\":\"La Soufflerie\",\"description\":\"Glass blowing craft\",\"publisher\":{\"@id\":\"https:\/\/www.lasoufflerie.com\/fr\/#organization\"},\"potentialAction\":[{\"@type\":\"SearchAction\",\"target\":{\"@type\":\"EntryPoint\",\"urlTemplate\":\"https:\/\/www.lasoufflerie.com\/fr\/?s={search_term_string}\"},\"query-input\":{\"@type\":\"PropertyValueSpecification\",\"valueRequired\":true,\"valueName\":\"search_term_string\"}}],\"inLanguage\":\"fr-FR\"},{\"@type\":\"Organization\",\"@id\":\"https:\/\/www.lasoufflerie.com\/fr\/#organization\",\"name\":\"La Soufflerie\",\"url\":\"https:\/\/www.lasoufflerie.com\/fr\/\",\"logo\":{\"@type\":\"ImageObject\",\"inLanguage\":\"fr-FR\",\"@id\":\"https:\/\/www.lasoufflerie.com\/fr\/#\/schema\/logo\/image\/\",\"url\":\"https:\/\/www.lasoufflerie.com\/wp-content\/uploads\/2023\/11\/Logo-La-Soufflerie-black.png\",\"contentUrl\":\"https:\/\/www.lasoufflerie.com\/wp-content\/uploads\/2023\/11\/Logo-La-Soufflerie-black.png\",\"width\":2362,\"height\":2362,\"caption\":\"La Soufflerie\"},\"image\":{\"@id\":\"https:\/\/www.lasoufflerie.com\/fr\/#\/schema\/logo\/image\/\"},\"sameAs\":[\"https:\/\/facebook.com\/lasoufflerie\",\"https:\/\/x.com\/lasoufflerie\",\"https:\/\/instagram.com\/lasoufflerie\",\"https:\/\/www.linkedin.com\/company\/9327780?trk=tyah&amp;amp;amp;trkInfo=clickedVertical:company,clickedEntityId:9327780,idx:2-1-2,tarId:1458824308330,tas:lasouff\",\"https:\/\/pinterest.com\/lasoufflerie\"]}]}<\/script>\n<!-- \/ Yoast SEO plugin. -->","yoast_head_json":{"title":"Bouteille Carr\u00e9 Petit Light Blue - La Soufflerie - Verre recycl\u00e9 souffl\u00e9 bouche","description":"Achetez la Bouteille Carr\u00e9 Petit Light Blue. Souffl\u00e9 \u00e0 la bouche en utilisant uniquement du verre recycl\u00e9 par nos ma\u00eetres artisans et disponible pour une exp\u00e9dition \u00e0 l'international.","robots":{"index":"index","follow":"follow","max-snippet":"max-snippet:-1","max-image-preview":"max-image-preview:large","max-video-preview":"max-video-preview:-1"},"canonical":"https:\/\/www.lasoufflerie.com\/fr\/produit\/bouteille-carre-petit-light-blue-verre-recycle-souffle-bouche\/","og_locale":"fr_FR","og_type":"article","og_title":"Bouteille Carr\u00e9 Petit Light Blue - La Soufflerie - Verre recycl\u00e9 souffl\u00e9 bouche","og_description":"Achetez la Bouteille Carr\u00e9 Petit Light Blue. Souffl\u00e9 \u00e0 la bouche en utilisant uniquement du verre recycl\u00e9 par nos ma\u00eetres artisans et disponible pour une exp\u00e9dition \u00e0 l'international.","og_url":"https:\/\/www.lasoufflerie.com\/fr\/produit\/bouteille-carre-petit-light-blue-verre-recycle-souffle-bouche\/","og_site_name":"La Soufflerie","article_publisher":"https:\/\/facebook.com\/lasoufflerie","article_modified_time":"2025-09-19T14:21:57+00:00","og_image":[{"width":810,"height":1080,"url":"https:\/\/www.lasoufflerie.com\/wp-content\/uploads\/2023\/12\/Bouteille-Carre-Petit-Light-Blue-scaled-e1684507829204.jpg","type":"image\/jpeg"}],"twitter_card":"summary_large_image","twitter_site":"@lasoufflerie","twitter_misc":{"Dur\u00e9e de lecture estim\u00e9e":"1 minute"},"schema":{"@context":"https:\/\/schema.org","@graph":[{"@type":"WebPage","@id":"https:\/\/www.lasoufflerie.com\/fr\/produit\/bouteille-carre-petit-light-blue-verre-recycle-souffle-bouche\/","url":"https:\/\/www.lasoufflerie.com\/fr\/produit\/bouteille-carre-petit-light-blue-verre-recycle-souffle-bouche\/","name":"Bouteille Carr\u00e9 Petit Light Blue - La Soufflerie - Verre recycl\u00e9 souffl\u00e9 bouche","isPartOf":{"@id":"https:\/\/www.lasoufflerie.com\/fr\/#website"},"primaryImageOfPage":{"@id":"https:\/\/www.lasoufflerie.com\/fr\/produit\/bouteille-carre-petit-light-blue-verre-recycle-souffle-bouche\/#primaryimage"},"image":{"@id":"https:\/\/www.lasoufflerie.com\/fr\/produit\/bouteille-carre-petit-light-blue-verre-recycle-souffle-bouche\/#primaryimage"},"thumbnailUrl":"https:\/\/www.lasoufflerie.com\/wp-content\/uploads\/2023\/12\/Bouteille-Carre-Petit-Light-Blue-scaled-e1684507829204.jpg","datePublished":"2022-02-16T12:16:30+00:00","dateModified":"2025-09-19T14:21:57+00:00","description":"Achetez la Bouteille Carr\u00e9 Petit Light Blue. Souffl\u00e9 \u00e0 la bouche en utilisant uniquement du verre recycl\u00e9 par nos ma\u00eetres artisans et disponible pour une exp\u00e9dition \u00e0 l'international.","breadcrumb":{"@id":"https:\/\/www.lasoufflerie.com\/fr\/produit\/bouteille-carre-petit-light-blue-verre-recycle-souffle-bouche\/#breadcrumb"},"inLanguage":"fr-FR","potentialAction":[{"@type":"ReadAction","target":["https:\/\/www.lasoufflerie.com\/fr\/produit\/bouteille-carre-petit-light-blue-verre-recycle-souffle-bouche\/"]}]},{"@type":"ImageObject","inLanguage":"fr-FR","@id":"https:\/\/www.lasoufflerie.com\/fr\/produit\/bouteille-carre-petit-light-blue-verre-recycle-souffle-bouche\/#primaryimage","url":"https:\/\/www.lasoufflerie.com\/wp-content\/uploads\/2023\/12\/Bouteille-Carre-Petit-Light-Blue-scaled-e1684507829204.jpg","contentUrl":"https:\/\/www.lasoufflerie.com\/wp-content\/uploads\/2023\/12\/Bouteille-Carre-Petit-Light-Blue-scaled-e1684507829204.jpg","width":810,"height":1080},{"@type":"BreadcrumbList","@id":"https:\/\/www.lasoufflerie.com\/fr\/produit\/bouteille-carre-petit-light-blue-verre-recycle-souffle-bouche\/#breadcrumb","itemListElement":[{"@type":"ListItem","position":1,"name":"Home","item":"https:\/\/www.lasoufflerie.com\/fr\/"},{"@type":"ListItem","position":2,"name":"Shop all","item":"https:\/\/www.lasoufflerie.com\/fr\/boutique\/"},{"@type":"ListItem","position":3,"name":"Bouteille Carr\u00e9 Petit Light Blue"}]},{"@type":"WebSite","@id":"https:\/\/www.lasoufflerie.com\/fr\/#website","url":"https:\/\/www.lasoufflerie.com\/fr\/","name":"La Soufflerie","description":"Glass blowing craft","publisher":{"@id":"https:\/\/www.lasoufflerie.com\/fr\/#organization"},"potentialAction":[{"@type":"SearchAction","target":{"@type":"EntryPoint","urlTemplate":"https:\/\/www.lasoufflerie.com\/fr\/?s={search_term_string}"},"query-input":{"@type":"PropertyValueSpecification","valueRequired":true,"valueName":"search_term_string"}}],"inLanguage":"fr-FR"},{"@type":"Organization","@id":"https:\/\/www.lasoufflerie.com\/fr\/#organization","name":"La Soufflerie","url":"https:\/\/www.lasoufflerie.com\/fr\/","logo":{"@type":"ImageObject","inLanguage":"fr-FR","@id":"https:\/\/www.lasoufflerie.com\/fr\/#\/schema\/logo\/image\/","url":"https:\/\/www.lasoufflerie.com\/wp-content\/uploads\/2023\/11\/Logo-La-Soufflerie-black.png","contentUrl":"https:\/\/www.lasoufflerie.com\/wp-content\/uploads\/2023\/11\/Logo-La-Soufflerie-black.png","width":2362,"height":2362,"caption":"La Soufflerie"},"image":{"@id":"https:\/\/www.lasoufflerie.com\/fr\/#\/schema\/logo\/image\/"},"sameAs":["https:\/\/facebook.com\/lasoufflerie","https:\/\/x.com\/lasoufflerie","https:\/\/instagram.com\/lasoufflerie","https:\/\/www.linkedin.com\/company\/9327780?trk=tyah&amp;amp;amp;trkInfo=clickedVertical:company,clickedEntityId:9327780,idx:2-1-2,tarId:1458824308330,tas:lasouff","https:\/\/pinterest.com\/lasoufflerie"]}]}},"_links":{"self":[{"href":"https:\/\/www.lasoufflerie.com\/fr\/wp-json\/wp\/v2\/product\/17898","targetHints":{"allow":["GET"]}}],"collection":[{"href":"https:\/\/www.lasoufflerie.com\/fr\/wp-json\/wp\/v2\/product"}],"about":[{"href":"https:\/\/www.lasoufflerie.com\/fr\/wp-json\/wp\/v2\/types\/product"}],"version-history":[{"count":6,"href":"https:\/\/www.lasoufflerie.com\/fr\/wp-json\/wp\/v2\/product\/17898\/revisions"}],"predecessor-version":[{"id":58466,"href":"https:\/\/www.lasoufflerie.com\/fr\/wp-json\/wp\/v2\/product\/17898\/revisions\/58466"}],"wp:featuredmedia":[{"embeddable":true,"href":"https:\/\/www.lasoufflerie.com\/fr\/wp-json\/wp\/v2\/media\/13964"}],"wp:attachment":[{"href":"https:\/\/www.lasoufflerie.com\/fr\/wp-json\/wp\/v2\/media?parent=17898"}],"wp:term":[{"taxonomy":"product_brand","embeddable":true,"href":"https:\/\/www.lasoufflerie.com\/fr\/wp-json\/wp\/v2\/product_brand?post=17898"},{"taxonomy":"product_cat","embeddable":true,"href":"https:\/\/www.lasoufflerie.com\/fr\/wp-json\/wp\/v2\/product_cat?post=17898"},{"taxonomy":"product_tag","embeddable":true,"href":"https:\/\/www.lasoufflerie.com\/fr\/wp-json\/wp\/v2\/product_tag?post=17898"}],"curies":[{"name":"wp","href":"https:\/\/api.w.org\/{rel}","templated":true}]}}