{"id":17982,"date":"2021-10-28T12:38:34","date_gmt":"2021-10-28T10:38:34","guid":{"rendered":"https:\/\/www.lasoufflerie.com\/product\/pot-a-cornichon-medium-light-blue-jar-container-vase-hand-blown-glass-mouth-blown-glass-hand-made-recycled-glass\/"},"modified":"2025-09-19T16:22:17","modified_gmt":"2025-09-19T14:22:17","slug":"pot-a-cornichon-medium-light-blue-bleu-clair-verre-recycle-souffle-bouche","status":"publish","type":"product","link":"https:\/\/www.lasoufflerie.com\/fr\/produit\/pot-a-cornichon-medium-light-blue-bleu-clair-verre-recycle-souffle-bouche\/","title":{"rendered":"Pot \u00e0 Cornichon Medium Light Blue"},"content":{"rendered":"<p><strong>Pot \u00e0 Cornichon Medium Light Blue<\/strong> \u00e0 \u00e9t\u00e9 inspir\u00e9 et cr\u00e9\u00e9e d&rsquo;apr\u00e8s les anciens bocaux \u00e0 cornichons fran\u00e7ais \u00e0 l\u2019\u00e9poque o\u00f9 il n&rsquo;y avait pas de plastique ! Ce sont des bocaux tr\u00e8s polyvalents. Nous les utilisons comme contenants en tout genre pour organiser notre maison mais \u00e9galement comme vases pour pr\u00e9senter les fleurs de dimanche de chez le fleuriste du quartier. Le Pot \u00e0 Cornichon Medium Light Blue est souffl\u00e9 \u00e0 la bouche \u00e0 partir de verre recycl\u00e9 par nos ma\u00eetres verriers.<\/p>\n<p>Compl\u00e9tez-le avec notre <a href=\"https:\/\/www.lasoufflerie.com\/fr\/produit\/bouchon-terracotta-11cm-terre-cuite-fait-main\/\">Bouchon Terracotta 11cm<\/a> pour en faire un r\u00e9cipient polyvalent pour ranger des produits d&rsquo;\u00e9picerie secs, produits du quotidien ou des petits tr\u00e9sors.<\/p>\n","protected":false},"excerpt":{"rendered":"<p>Pot \u00e0 Cornichon Medium Light Blue \u00e0 \u00e9t\u00e9 inspir\u00e9 et cr\u00e9\u00e9e d&rsquo;apr\u00e8s les anciens bocaux \u00e0 cornichons fran\u00e7ais \u00e0 l\u2019\u00e9poque o\u00f9 il n&rsquo;y avait pas de plastique ! Ce sont des bocaux tr\u00e8s polyvalents. Nous les utilisons comme contenants en tout genre pour organiser notre maison mais \u00e9galement comme vases pour pr\u00e9senter les fleurs de [&hellip;]<\/p>\n","protected":false},"featured_media":13625,"template":"","meta":{"_acf_changed":false},"product_brand":[],"product_cat":[1341,1634,1623,1343,1309],"product_tag":[],"class_list":{"0":"post-17982","1":"product","2":"type-product","3":"status-publish","4":"has-post-thumbnail","6":"product_cat-bocaux-recipients","7":"product_cat-cadeaux-a-moins-de-50e-idees-cadeaux","8":"product_cat-la-boutique","9":"product_cat-vases","10":"product_cat-a-la-maison","11":"product_shipping_class-medium-product-fr","12":"pa_a-gift-for-under-50e-fr","13":"pa_colour-bleu","14":"pa_made-of-glass-fr","15":"pa_size-medium-fr","17":"first","18":"instock","19":"taxable","20":"shipping-taxable","21":"purchasable","22":"product-type-simple"},"acf":[],"yoast_head":"<!-- This site is optimized with the Yoast SEO plugin v27.3 - https:\/\/yoast.com\/product\/yoast-seo-wordpress\/ -->\n<title>Pot \u00e0 Cornichon Medium Light Blue - La Soufflerie - Verre souffl\u00e9<\/title>\n<meta name=\"description\" content=\"Achetez le Pot \u00e0 Cornichon Medium Light Blue. Souffl\u00e9 \u00e0 la bouche en utilisant du verre recycl\u00e9 et disponible pour une exp\u00e9dition \u00e0 l&#039;international.\" \/>\n<meta name=\"robots\" content=\"index, follow, max-snippet:-1, max-image-preview:large, max-video-preview:-1\" \/>\n<link rel=\"canonical\" href=\"https:\/\/www.lasoufflerie.com\/fr\/produit\/pot-a-cornichon-medium-light-blue-bleu-clair-verre-recycle-souffle-bouche\/\" \/>\n<meta property=\"og:locale\" content=\"fr_FR\" \/>\n<meta property=\"og:type\" content=\"article\" \/>\n<meta property=\"og:title\" content=\"Pot \u00e0 Cornichon Medium Light Blue - La Soufflerie - Verre souffl\u00e9\" \/>\n<meta property=\"og:description\" content=\"Achetez le Pot \u00e0 Cornichon Medium Light Blue. Souffl\u00e9 \u00e0 la bouche en utilisant du verre recycl\u00e9 et disponible pour une exp\u00e9dition \u00e0 l&#039;international.\" \/>\n<meta property=\"og:url\" content=\"https:\/\/www.lasoufflerie.com\/fr\/produit\/pot-a-cornichon-medium-light-blue-bleu-clair-verre-recycle-souffle-bouche\/\" \/>\n<meta property=\"og:site_name\" content=\"La Soufflerie\" \/>\n<meta property=\"article:publisher\" content=\"https:\/\/facebook.com\/lasoufflerie\" \/>\n<meta property=\"article:modified_time\" content=\"2025-09-19T14:22:17+00:00\" \/>\n<meta property=\"og:image\" content=\"https:\/\/www.lasoufflerie.com\/wp-content\/uploads\/2023\/12\/2019_ROMANTIQUE_POT_A_CORNICHON_46T_LIGHT_BLUE.jpeg\" \/>\n\t<meta property=\"og:image:width\" content=\"810\" \/>\n\t<meta property=\"og:image:height\" content=\"1080\" \/>\n\t<meta property=\"og:image:type\" content=\"image\/jpeg\" \/>\n<meta name=\"twitter:card\" content=\"summary_large_image\" \/>\n<meta name=\"twitter:site\" content=\"@lasoufflerie\" \/>\n<meta name=\"twitter:label1\" content=\"Dur\u00e9e de lecture estim\u00e9e\" \/>\n\t<meta name=\"twitter:data1\" content=\"1 minute\" \/>\n<script type=\"application\/ld+json\" class=\"yoast-schema-graph\">{\"@context\":\"https:\\\/\\\/schema.org\",\"@graph\":[{\"@type\":\"WebPage\",\"@id\":\"https:\\\/\\\/www.lasoufflerie.com\\\/fr\\\/produit\\\/pot-a-cornichon-medium-light-blue-bleu-clair-verre-recycle-souffle-bouche\\\/\",\"url\":\"https:\\\/\\\/www.lasoufflerie.com\\\/fr\\\/produit\\\/pot-a-cornichon-medium-light-blue-bleu-clair-verre-recycle-souffle-bouche\\\/\",\"name\":\"Pot \u00e0 Cornichon Medium Light Blue - La Soufflerie - Verre souffl\u00e9\",\"isPartOf\":{\"@id\":\"https:\\\/\\\/www.lasoufflerie.com\\\/fr\\\/#website\"},\"primaryImageOfPage\":{\"@id\":\"https:\\\/\\\/www.lasoufflerie.com\\\/fr\\\/produit\\\/pot-a-cornichon-medium-light-blue-bleu-clair-verre-recycle-souffle-bouche\\\/#primaryimage\"},\"image\":{\"@id\":\"https:\\\/\\\/www.lasoufflerie.com\\\/fr\\\/produit\\\/pot-a-cornichon-medium-light-blue-bleu-clair-verre-recycle-souffle-bouche\\\/#primaryimage\"},\"thumbnailUrl\":\"https:\\\/\\\/www.lasoufflerie.com\\\/wp-content\\\/uploads\\\/2023\\\/12\\\/2019_ROMANTIQUE_POT_A_CORNICHON_46T_LIGHT_BLUE.jpeg\",\"datePublished\":\"2021-10-28T10:38:34+00:00\",\"dateModified\":\"2025-09-19T14:22:17+00:00\",\"description\":\"Achetez le Pot \u00e0 Cornichon Medium Light Blue. Souffl\u00e9 \u00e0 la bouche en utilisant du verre recycl\u00e9 et disponible pour une exp\u00e9dition \u00e0 l'international.\",\"breadcrumb\":{\"@id\":\"https:\\\/\\\/www.lasoufflerie.com\\\/fr\\\/produit\\\/pot-a-cornichon-medium-light-blue-bleu-clair-verre-recycle-souffle-bouche\\\/#breadcrumb\"},\"inLanguage\":\"fr-FR\",\"potentialAction\":[{\"@type\":\"ReadAction\",\"target\":[\"https:\\\/\\\/www.lasoufflerie.com\\\/fr\\\/produit\\\/pot-a-cornichon-medium-light-blue-bleu-clair-verre-recycle-souffle-bouche\\\/\"]}]},{\"@type\":\"ImageObject\",\"inLanguage\":\"fr-FR\",\"@id\":\"https:\\\/\\\/www.lasoufflerie.com\\\/fr\\\/produit\\\/pot-a-cornichon-medium-light-blue-bleu-clair-verre-recycle-souffle-bouche\\\/#primaryimage\",\"url\":\"https:\\\/\\\/www.lasoufflerie.com\\\/wp-content\\\/uploads\\\/2023\\\/12\\\/2019_ROMANTIQUE_POT_A_CORNICHON_46T_LIGHT_BLUE.jpeg\",\"contentUrl\":\"https:\\\/\\\/www.lasoufflerie.com\\\/wp-content\\\/uploads\\\/2023\\\/12\\\/2019_ROMANTIQUE_POT_A_CORNICHON_46T_LIGHT_BLUE.jpeg\",\"width\":810,\"height\":1080},{\"@type\":\"BreadcrumbList\",\"@id\":\"https:\\\/\\\/www.lasoufflerie.com\\\/fr\\\/produit\\\/pot-a-cornichon-medium-light-blue-bleu-clair-verre-recycle-souffle-bouche\\\/#breadcrumb\",\"itemListElement\":[{\"@type\":\"ListItem\",\"position\":1,\"name\":\"Home\",\"item\":\"https:\\\/\\\/www.lasoufflerie.com\\\/fr\\\/\"},{\"@type\":\"ListItem\",\"position\":2,\"name\":\"Shop all\",\"item\":\"https:\\\/\\\/www.lasoufflerie.com\\\/fr\\\/boutique\\\/\"},{\"@type\":\"ListItem\",\"position\":3,\"name\":\"Pot \u00e0 Cornichon Medium Light Blue\"}]},{\"@type\":\"WebSite\",\"@id\":\"https:\\\/\\\/www.lasoufflerie.com\\\/fr\\\/#website\",\"url\":\"https:\\\/\\\/www.lasoufflerie.com\\\/fr\\\/\",\"name\":\"La Soufflerie\",\"description\":\"Glass blowing craft\",\"publisher\":{\"@id\":\"https:\\\/\\\/www.lasoufflerie.com\\\/fr\\\/#organization\"},\"potentialAction\":[{\"@type\":\"SearchAction\",\"target\":{\"@type\":\"EntryPoint\",\"urlTemplate\":\"https:\\\/\\\/www.lasoufflerie.com\\\/fr\\\/?s={search_term_string}\"},\"query-input\":{\"@type\":\"PropertyValueSpecification\",\"valueRequired\":true,\"valueName\":\"search_term_string\"}}],\"inLanguage\":\"fr-FR\"},{\"@type\":\"Organization\",\"@id\":\"https:\\\/\\\/www.lasoufflerie.com\\\/fr\\\/#organization\",\"name\":\"La Soufflerie\",\"url\":\"https:\\\/\\\/www.lasoufflerie.com\\\/fr\\\/\",\"logo\":{\"@type\":\"ImageObject\",\"inLanguage\":\"fr-FR\",\"@id\":\"https:\\\/\\\/www.lasoufflerie.com\\\/fr\\\/#\\\/schema\\\/logo\\\/image\\\/\",\"url\":\"https:\\\/\\\/www.lasoufflerie.com\\\/wp-content\\\/uploads\\\/2023\\\/11\\\/Logo-La-Soufflerie-black.png\",\"contentUrl\":\"https:\\\/\\\/www.lasoufflerie.com\\\/wp-content\\\/uploads\\\/2023\\\/11\\\/Logo-La-Soufflerie-black.png\",\"width\":2362,\"height\":2362,\"caption\":\"La Soufflerie\"},\"image\":{\"@id\":\"https:\\\/\\\/www.lasoufflerie.com\\\/fr\\\/#\\\/schema\\\/logo\\\/image\\\/\"},\"sameAs\":[\"https:\\\/\\\/facebook.com\\\/lasoufflerie\",\"https:\\\/\\\/x.com\\\/lasoufflerie\",\"https:\\\/\\\/instagram.com\\\/lasoufflerie\",\"https:\\\/\\\/www.linkedin.com\\\/company\\\/9327780?trk=tyah&amp;amp;amp;trkInfo=clickedVertical:company,clickedEntityId:9327780,idx:2-1-2,tarId:1458824308330,tas:lasouff\",\"https:\\\/\\\/pinterest.com\\\/lasoufflerie\"]}]}<\/script>\n<!-- \/ Yoast SEO plugin. -->","yoast_head_json":{"title":"Pot \u00e0 Cornichon Medium Light Blue - La Soufflerie - Verre souffl\u00e9","description":"Achetez le Pot \u00e0 Cornichon Medium Light Blue. Souffl\u00e9 \u00e0 la bouche en utilisant du verre recycl\u00e9 et disponible pour une exp\u00e9dition \u00e0 l'international.","robots":{"index":"index","follow":"follow","max-snippet":"max-snippet:-1","max-image-preview":"max-image-preview:large","max-video-preview":"max-video-preview:-1"},"canonical":"https:\/\/www.lasoufflerie.com\/fr\/produit\/pot-a-cornichon-medium-light-blue-bleu-clair-verre-recycle-souffle-bouche\/","og_locale":"fr_FR","og_type":"article","og_title":"Pot \u00e0 Cornichon Medium Light Blue - La Soufflerie - Verre souffl\u00e9","og_description":"Achetez le Pot \u00e0 Cornichon Medium Light Blue. Souffl\u00e9 \u00e0 la bouche en utilisant du verre recycl\u00e9 et disponible pour une exp\u00e9dition \u00e0 l'international.","og_url":"https:\/\/www.lasoufflerie.com\/fr\/produit\/pot-a-cornichon-medium-light-blue-bleu-clair-verre-recycle-souffle-bouche\/","og_site_name":"La Soufflerie","article_publisher":"https:\/\/facebook.com\/lasoufflerie","article_modified_time":"2025-09-19T14:22:17+00:00","og_image":[{"width":810,"height":1080,"url":"https:\/\/www.lasoufflerie.com\/wp-content\/uploads\/2023\/12\/2019_ROMANTIQUE_POT_A_CORNICHON_46T_LIGHT_BLUE.jpeg","type":"image\/jpeg"}],"twitter_card":"summary_large_image","twitter_site":"@lasoufflerie","twitter_misc":{"Dur\u00e9e de lecture estim\u00e9e":"1 minute"},"schema":{"@context":"https:\/\/schema.org","@graph":[{"@type":"WebPage","@id":"https:\/\/www.lasoufflerie.com\/fr\/produit\/pot-a-cornichon-medium-light-blue-bleu-clair-verre-recycle-souffle-bouche\/","url":"https:\/\/www.lasoufflerie.com\/fr\/produit\/pot-a-cornichon-medium-light-blue-bleu-clair-verre-recycle-souffle-bouche\/","name":"Pot \u00e0 Cornichon Medium Light Blue - La Soufflerie - Verre souffl\u00e9","isPartOf":{"@id":"https:\/\/www.lasoufflerie.com\/fr\/#website"},"primaryImageOfPage":{"@id":"https:\/\/www.lasoufflerie.com\/fr\/produit\/pot-a-cornichon-medium-light-blue-bleu-clair-verre-recycle-souffle-bouche\/#primaryimage"},"image":{"@id":"https:\/\/www.lasoufflerie.com\/fr\/produit\/pot-a-cornichon-medium-light-blue-bleu-clair-verre-recycle-souffle-bouche\/#primaryimage"},"thumbnailUrl":"https:\/\/www.lasoufflerie.com\/wp-content\/uploads\/2023\/12\/2019_ROMANTIQUE_POT_A_CORNICHON_46T_LIGHT_BLUE.jpeg","datePublished":"2021-10-28T10:38:34+00:00","dateModified":"2025-09-19T14:22:17+00:00","description":"Achetez le Pot \u00e0 Cornichon Medium Light Blue. Souffl\u00e9 \u00e0 la bouche en utilisant du verre recycl\u00e9 et disponible pour une exp\u00e9dition \u00e0 l'international.","breadcrumb":{"@id":"https:\/\/www.lasoufflerie.com\/fr\/produit\/pot-a-cornichon-medium-light-blue-bleu-clair-verre-recycle-souffle-bouche\/#breadcrumb"},"inLanguage":"fr-FR","potentialAction":[{"@type":"ReadAction","target":["https:\/\/www.lasoufflerie.com\/fr\/produit\/pot-a-cornichon-medium-light-blue-bleu-clair-verre-recycle-souffle-bouche\/"]}]},{"@type":"ImageObject","inLanguage":"fr-FR","@id":"https:\/\/www.lasoufflerie.com\/fr\/produit\/pot-a-cornichon-medium-light-blue-bleu-clair-verre-recycle-souffle-bouche\/#primaryimage","url":"https:\/\/www.lasoufflerie.com\/wp-content\/uploads\/2023\/12\/2019_ROMANTIQUE_POT_A_CORNICHON_46T_LIGHT_BLUE.jpeg","contentUrl":"https:\/\/www.lasoufflerie.com\/wp-content\/uploads\/2023\/12\/2019_ROMANTIQUE_POT_A_CORNICHON_46T_LIGHT_BLUE.jpeg","width":810,"height":1080},{"@type":"BreadcrumbList","@id":"https:\/\/www.lasoufflerie.com\/fr\/produit\/pot-a-cornichon-medium-light-blue-bleu-clair-verre-recycle-souffle-bouche\/#breadcrumb","itemListElement":[{"@type":"ListItem","position":1,"name":"Home","item":"https:\/\/www.lasoufflerie.com\/fr\/"},{"@type":"ListItem","position":2,"name":"Shop all","item":"https:\/\/www.lasoufflerie.com\/fr\/boutique\/"},{"@type":"ListItem","position":3,"name":"Pot \u00e0 Cornichon Medium Light Blue"}]},{"@type":"WebSite","@id":"https:\/\/www.lasoufflerie.com\/fr\/#website","url":"https:\/\/www.lasoufflerie.com\/fr\/","name":"La Soufflerie","description":"Glass blowing craft","publisher":{"@id":"https:\/\/www.lasoufflerie.com\/fr\/#organization"},"potentialAction":[{"@type":"SearchAction","target":{"@type":"EntryPoint","urlTemplate":"https:\/\/www.lasoufflerie.com\/fr\/?s={search_term_string}"},"query-input":{"@type":"PropertyValueSpecification","valueRequired":true,"valueName":"search_term_string"}}],"inLanguage":"fr-FR"},{"@type":"Organization","@id":"https:\/\/www.lasoufflerie.com\/fr\/#organization","name":"La Soufflerie","url":"https:\/\/www.lasoufflerie.com\/fr\/","logo":{"@type":"ImageObject","inLanguage":"fr-FR","@id":"https:\/\/www.lasoufflerie.com\/fr\/#\/schema\/logo\/image\/","url":"https:\/\/www.lasoufflerie.com\/wp-content\/uploads\/2023\/11\/Logo-La-Soufflerie-black.png","contentUrl":"https:\/\/www.lasoufflerie.com\/wp-content\/uploads\/2023\/11\/Logo-La-Soufflerie-black.png","width":2362,"height":2362,"caption":"La Soufflerie"},"image":{"@id":"https:\/\/www.lasoufflerie.com\/fr\/#\/schema\/logo\/image\/"},"sameAs":["https:\/\/facebook.com\/lasoufflerie","https:\/\/x.com\/lasoufflerie","https:\/\/instagram.com\/lasoufflerie","https:\/\/www.linkedin.com\/company\/9327780?trk=tyah&amp;amp;amp;trkInfo=clickedVertical:company,clickedEntityId:9327780,idx:2-1-2,tarId:1458824308330,tas:lasouff","https:\/\/pinterest.com\/lasoufflerie"]}]}},"_links":{"self":[{"href":"https:\/\/www.lasoufflerie.com\/fr\/wp-json\/wp\/v2\/product\/17982","targetHints":{"allow":["GET"]}}],"collection":[{"href":"https:\/\/www.lasoufflerie.com\/fr\/wp-json\/wp\/v2\/product"}],"about":[{"href":"https:\/\/www.lasoufflerie.com\/fr\/wp-json\/wp\/v2\/types\/product"}],"version-history":[{"count":9,"href":"https:\/\/www.lasoufflerie.com\/fr\/wp-json\/wp\/v2\/product\/17982\/revisions"}],"predecessor-version":[{"id":66223,"href":"https:\/\/www.lasoufflerie.com\/fr\/wp-json\/wp\/v2\/product\/17982\/revisions\/66223"}],"wp:featuredmedia":[{"embeddable":true,"href":"https:\/\/www.lasoufflerie.com\/fr\/wp-json\/wp\/v2\/media\/13625"}],"wp:attachment":[{"href":"https:\/\/www.lasoufflerie.com\/fr\/wp-json\/wp\/v2\/media?parent=17982"}],"wp:term":[{"taxonomy":"product_brand","embeddable":true,"href":"https:\/\/www.lasoufflerie.com\/fr\/wp-json\/wp\/v2\/product_brand?post=17982"},{"taxonomy":"product_cat","embeddable":true,"href":"https:\/\/www.lasoufflerie.com\/fr\/wp-json\/wp\/v2\/product_cat?post=17982"},{"taxonomy":"product_tag","embeddable":true,"href":"https:\/\/www.lasoufflerie.com\/fr\/wp-json\/wp\/v2\/product_tag?post=17982"}],"curies":[{"name":"wp","href":"https:\/\/api.w.org\/{rel}","templated":true}]}}