{"id":18010,"date":"2021-10-05T11:42:24","date_gmt":"2021-10-05T09:42:24","guid":{"rendered":"https:\/\/www.lasoufflerie.com\/product\/porta-candele-with-handle-olive-glass-candle-holder-recycled-glass-handmande-hand-blown-glass-mouth-blown-glass\/"},"modified":"2025-09-19T16:22:23","modified_gmt":"2025-09-19T14:22:23","slug":"porta-candele-with-handle-olive-bougeoir-verre-recycle-souffle-bouche","status":"publish","type":"product","link":"https:\/\/www.lasoufflerie.com\/fr\/produit\/porta-candele-with-handle-olive-bougeoir-verre-recycle-souffle-bouche\/","title":{"rendered":"Porta Candele With Handle Olive"},"content":{"rendered":"<p>Le bougeoir <strong>Porta Candele With Handle Olive<\/strong> glass apporte une touche d&rsquo;\u00e9l\u00e9gance et de praticit\u00e9 \u00e0 tout d\u00e9cor. Dot\u00e9 d&rsquo;une charmante poign\u00e9e, il sert \u00e0 la fois de bougeoir et de petit vase, offrant ainsi un style polyvalent pour n&rsquo;importe quelle pi\u00e8ce. Qu&rsquo;il illumine votre espace d&rsquo;une lueur chaleureuse ou qu&rsquo;il contienne une seule fleur, sa forme intemporelle et ses courbes douces rehaussent l&rsquo;ambiance. Associez-le \u00e0 la Porta Candele et \u00e0 la Porta Candele Piccolo pour une pr\u00e9sentation \u00e9chelonn\u00e9e et soign\u00e9e. Souffl\u00e9e \u00e0 la bouche \u00e0 partir de verre recycl\u00e9 par nos artisans experts, la Porta Candele With Handle Olive allie l&rsquo;artisanat traditionnel \u00e0 l&rsquo;art durable, ajoutant une sensation de confort et d&rsquo;accueil et un soup\u00e7on de raffinement italien.    <\/p>\n","protected":false},"excerpt":{"rendered":"<p>Le bougeoir Porta Candele With Handle Olive glass apporte une touche d&rsquo;\u00e9l\u00e9gance et de praticit\u00e9 \u00e0 tout d\u00e9cor. Dot\u00e9 d&rsquo;une charmante poign\u00e9e, il sert \u00e0 la fois de bougeoir et de petit vase, offrant ainsi un style polyvalent pour n&rsquo;importe quelle pi\u00e8ce. Qu&rsquo;il illumine votre espace d&rsquo;une lueur chaleureuse ou qu&rsquo;il contienne une seule fleur, [&hellip;]<\/p>\n","protected":false},"featured_media":13526,"template":"","meta":{"_acf_changed":false},"product_brand":[],"product_cat":[1328,1634,1623,1308],"product_tag":[],"class_list":{"0":"post-18010","1":"product","2":"type-product","3":"status-publish","4":"has-post-thumbnail","6":"product_cat-bougeoirs","7":"product_cat-cadeaux-a-moins-de-50e-idees-cadeaux","8":"product_cat-la-boutique","9":"product_cat-bougies-et-bougeoirs","10":"product_shipping_class-medium-product-fr","11":"pa_a-gift-for-under-50e-fr","12":"pa_colour-vert","13":"pa_made-of-glass-fr","14":"pa_size-medium-fr","16":"first","17":"instock","18":"taxable","19":"shipping-taxable","20":"purchasable","21":"product-type-simple"},"acf":[],"yoast_head":"<!-- This site is optimized with the Yoast SEO plugin v27.1.1 - https:\/\/yoast.com\/product\/yoast-seo-wordpress\/ -->\n<title>Porta Candele With Handle Olive - La Soufflerie- Verre recycl\u00e9 souffl\u00e9 \u00e0 la bouche<\/title>\n<meta name=\"description\" content=\"Achetez le Porta Candele With Handle Olive. Souffl\u00e9 \u00e0 la bouche \u00e0 partir de verre recycl\u00e9 par nos ma\u00eetres artisans souffleurs de verre.\" \/>\n<meta name=\"robots\" content=\"index, follow, max-snippet:-1, max-image-preview:large, max-video-preview:-1\" \/>\n<link rel=\"canonical\" href=\"https:\/\/www.lasoufflerie.com\/fr\/produit\/porta-candele-with-handle-olive-bougeoir-verre-recycle-souffle-bouche\/\" \/>\n<meta property=\"og:locale\" content=\"fr_FR\" \/>\n<meta property=\"og:type\" content=\"article\" \/>\n<meta property=\"og:title\" content=\"Porta Candele With Handle Olive - La Soufflerie- Verre recycl\u00e9 souffl\u00e9 \u00e0 la bouche\" \/>\n<meta property=\"og:description\" content=\"Achetez le Porta Candele With Handle Olive. Souffl\u00e9 \u00e0 la bouche \u00e0 partir de verre recycl\u00e9 par nos ma\u00eetres artisans souffleurs de verre.\" \/>\n<meta property=\"og:url\" content=\"https:\/\/www.lasoufflerie.com\/fr\/produit\/porta-candele-with-handle-olive-bougeoir-verre-recycle-souffle-bouche\/\" \/>\n<meta property=\"og:site_name\" content=\"La Soufflerie\" \/>\n<meta property=\"article:publisher\" content=\"https:\/\/facebook.com\/lasoufflerie\" \/>\n<meta property=\"article:modified_time\" content=\"2025-09-19T14:22:23+00:00\" \/>\n<meta property=\"og:image\" content=\"https:\/\/www.lasoufflerie.com\/wp-content\/uploads\/2023\/12\/2019_ROMANTIQUE_PORTA_CANDELE_WITH_HANDLE_08T17_OLIVE-scaled-1.jpeg\" \/>\n\t<meta property=\"og:image:width\" content=\"1920\" \/>\n\t<meta property=\"og:image:height\" content=\"2560\" \/>\n\t<meta property=\"og:image:type\" content=\"image\/jpeg\" \/>\n<meta name=\"twitter:card\" content=\"summary_large_image\" \/>\n<meta name=\"twitter:site\" content=\"@lasoufflerie\" \/>\n<meta name=\"twitter:label1\" content=\"Dur\u00e9e de lecture estim\u00e9e\" \/>\n\t<meta name=\"twitter:data1\" content=\"1 minute\" \/>\n<script type=\"application\/ld+json\" class=\"yoast-schema-graph\">{\"@context\":\"https:\/\/schema.org\",\"@graph\":[{\"@type\":\"WebPage\",\"@id\":\"https:\/\/www.lasoufflerie.com\/fr\/produit\/porta-candele-with-handle-olive-bougeoir-verre-recycle-souffle-bouche\/\",\"url\":\"https:\/\/www.lasoufflerie.com\/fr\/produit\/porta-candele-with-handle-olive-bougeoir-verre-recycle-souffle-bouche\/\",\"name\":\"Porta Candele With Handle Olive - La Soufflerie- Verre recycl\u00e9 souffl\u00e9 \u00e0 la bouche\",\"isPartOf\":{\"@id\":\"https:\/\/www.lasoufflerie.com\/fr\/#website\"},\"primaryImageOfPage\":{\"@id\":\"https:\/\/www.lasoufflerie.com\/fr\/produit\/porta-candele-with-handle-olive-bougeoir-verre-recycle-souffle-bouche\/#primaryimage\"},\"image\":{\"@id\":\"https:\/\/www.lasoufflerie.com\/fr\/produit\/porta-candele-with-handle-olive-bougeoir-verre-recycle-souffle-bouche\/#primaryimage\"},\"thumbnailUrl\":\"https:\/\/www.lasoufflerie.com\/wp-content\/uploads\/2023\/12\/2019_ROMANTIQUE_PORTA_CANDELE_WITH_HANDLE_08T17_OLIVE-scaled-1.jpeg\",\"datePublished\":\"2021-10-05T09:42:24+00:00\",\"dateModified\":\"2025-09-19T14:22:23+00:00\",\"description\":\"Achetez le Porta Candele With Handle Olive. Souffl\u00e9 \u00e0 la bouche \u00e0 partir de verre recycl\u00e9 par nos ma\u00eetres artisans souffleurs de verre.\",\"breadcrumb\":{\"@id\":\"https:\/\/www.lasoufflerie.com\/fr\/produit\/porta-candele-with-handle-olive-bougeoir-verre-recycle-souffle-bouche\/#breadcrumb\"},\"inLanguage\":\"fr-FR\",\"potentialAction\":[{\"@type\":\"ReadAction\",\"target\":[\"https:\/\/www.lasoufflerie.com\/fr\/produit\/porta-candele-with-handle-olive-bougeoir-verre-recycle-souffle-bouche\/\"]}]},{\"@type\":\"ImageObject\",\"inLanguage\":\"fr-FR\",\"@id\":\"https:\/\/www.lasoufflerie.com\/fr\/produit\/porta-candele-with-handle-olive-bougeoir-verre-recycle-souffle-bouche\/#primaryimage\",\"url\":\"https:\/\/www.lasoufflerie.com\/wp-content\/uploads\/2023\/12\/2019_ROMANTIQUE_PORTA_CANDELE_WITH_HANDLE_08T17_OLIVE-scaled-1.jpeg\",\"contentUrl\":\"https:\/\/www.lasoufflerie.com\/wp-content\/uploads\/2023\/12\/2019_ROMANTIQUE_PORTA_CANDELE_WITH_HANDLE_08T17_OLIVE-scaled-1.jpeg\",\"width\":1920,\"height\":2560},{\"@type\":\"BreadcrumbList\",\"@id\":\"https:\/\/www.lasoufflerie.com\/fr\/produit\/porta-candele-with-handle-olive-bougeoir-verre-recycle-souffle-bouche\/#breadcrumb\",\"itemListElement\":[{\"@type\":\"ListItem\",\"position\":1,\"name\":\"Home\",\"item\":\"https:\/\/www.lasoufflerie.com\/fr\/\"},{\"@type\":\"ListItem\",\"position\":2,\"name\":\"Shop all\",\"item\":\"https:\/\/www.lasoufflerie.com\/fr\/boutique\/\"},{\"@type\":\"ListItem\",\"position\":3,\"name\":\"Porta Candele With Handle Olive\"}]},{\"@type\":\"WebSite\",\"@id\":\"https:\/\/www.lasoufflerie.com\/fr\/#website\",\"url\":\"https:\/\/www.lasoufflerie.com\/fr\/\",\"name\":\"La Soufflerie\",\"description\":\"Glass blowing craft\",\"publisher\":{\"@id\":\"https:\/\/www.lasoufflerie.com\/fr\/#organization\"},\"potentialAction\":[{\"@type\":\"SearchAction\",\"target\":{\"@type\":\"EntryPoint\",\"urlTemplate\":\"https:\/\/www.lasoufflerie.com\/fr\/?s={search_term_string}\"},\"query-input\":{\"@type\":\"PropertyValueSpecification\",\"valueRequired\":true,\"valueName\":\"search_term_string\"}}],\"inLanguage\":\"fr-FR\"},{\"@type\":\"Organization\",\"@id\":\"https:\/\/www.lasoufflerie.com\/fr\/#organization\",\"name\":\"La Soufflerie\",\"url\":\"https:\/\/www.lasoufflerie.com\/fr\/\",\"logo\":{\"@type\":\"ImageObject\",\"inLanguage\":\"fr-FR\",\"@id\":\"https:\/\/www.lasoufflerie.com\/fr\/#\/schema\/logo\/image\/\",\"url\":\"https:\/\/www.lasoufflerie.com\/wp-content\/uploads\/2023\/11\/Logo-La-Soufflerie-black.png\",\"contentUrl\":\"https:\/\/www.lasoufflerie.com\/wp-content\/uploads\/2023\/11\/Logo-La-Soufflerie-black.png\",\"width\":2362,\"height\":2362,\"caption\":\"La Soufflerie\"},\"image\":{\"@id\":\"https:\/\/www.lasoufflerie.com\/fr\/#\/schema\/logo\/image\/\"},\"sameAs\":[\"https:\/\/facebook.com\/lasoufflerie\",\"https:\/\/x.com\/lasoufflerie\",\"https:\/\/instagram.com\/lasoufflerie\",\"https:\/\/www.linkedin.com\/company\/9327780?trk=tyah&amp;amp;amp;trkInfo=clickedVertical:company,clickedEntityId:9327780,idx:2-1-2,tarId:1458824308330,tas:lasouff\",\"https:\/\/pinterest.com\/lasoufflerie\"]}]}<\/script>\n<!-- \/ Yoast SEO plugin. -->","yoast_head_json":{"title":"Porta Candele With Handle Olive - La Soufflerie- Verre recycl\u00e9 souffl\u00e9 \u00e0 la bouche","description":"Achetez le Porta Candele With Handle Olive. Souffl\u00e9 \u00e0 la bouche \u00e0 partir de verre recycl\u00e9 par nos ma\u00eetres artisans souffleurs de verre.","robots":{"index":"index","follow":"follow","max-snippet":"max-snippet:-1","max-image-preview":"max-image-preview:large","max-video-preview":"max-video-preview:-1"},"canonical":"https:\/\/www.lasoufflerie.com\/fr\/produit\/porta-candele-with-handle-olive-bougeoir-verre-recycle-souffle-bouche\/","og_locale":"fr_FR","og_type":"article","og_title":"Porta Candele With Handle Olive - La Soufflerie- Verre recycl\u00e9 souffl\u00e9 \u00e0 la bouche","og_description":"Achetez le Porta Candele With Handle Olive. Souffl\u00e9 \u00e0 la bouche \u00e0 partir de verre recycl\u00e9 par nos ma\u00eetres artisans souffleurs de verre.","og_url":"https:\/\/www.lasoufflerie.com\/fr\/produit\/porta-candele-with-handle-olive-bougeoir-verre-recycle-souffle-bouche\/","og_site_name":"La Soufflerie","article_publisher":"https:\/\/facebook.com\/lasoufflerie","article_modified_time":"2025-09-19T14:22:23+00:00","og_image":[{"width":1920,"height":2560,"url":"https:\/\/www.lasoufflerie.com\/wp-content\/uploads\/2023\/12\/2019_ROMANTIQUE_PORTA_CANDELE_WITH_HANDLE_08T17_OLIVE-scaled-1.jpeg","type":"image\/jpeg"}],"twitter_card":"summary_large_image","twitter_site":"@lasoufflerie","twitter_misc":{"Dur\u00e9e de lecture estim\u00e9e":"1 minute"},"schema":{"@context":"https:\/\/schema.org","@graph":[{"@type":"WebPage","@id":"https:\/\/www.lasoufflerie.com\/fr\/produit\/porta-candele-with-handle-olive-bougeoir-verre-recycle-souffle-bouche\/","url":"https:\/\/www.lasoufflerie.com\/fr\/produit\/porta-candele-with-handle-olive-bougeoir-verre-recycle-souffle-bouche\/","name":"Porta Candele With Handle Olive - La Soufflerie- Verre recycl\u00e9 souffl\u00e9 \u00e0 la bouche","isPartOf":{"@id":"https:\/\/www.lasoufflerie.com\/fr\/#website"},"primaryImageOfPage":{"@id":"https:\/\/www.lasoufflerie.com\/fr\/produit\/porta-candele-with-handle-olive-bougeoir-verre-recycle-souffle-bouche\/#primaryimage"},"image":{"@id":"https:\/\/www.lasoufflerie.com\/fr\/produit\/porta-candele-with-handle-olive-bougeoir-verre-recycle-souffle-bouche\/#primaryimage"},"thumbnailUrl":"https:\/\/www.lasoufflerie.com\/wp-content\/uploads\/2023\/12\/2019_ROMANTIQUE_PORTA_CANDELE_WITH_HANDLE_08T17_OLIVE-scaled-1.jpeg","datePublished":"2021-10-05T09:42:24+00:00","dateModified":"2025-09-19T14:22:23+00:00","description":"Achetez le Porta Candele With Handle Olive. Souffl\u00e9 \u00e0 la bouche \u00e0 partir de verre recycl\u00e9 par nos ma\u00eetres artisans souffleurs de verre.","breadcrumb":{"@id":"https:\/\/www.lasoufflerie.com\/fr\/produit\/porta-candele-with-handle-olive-bougeoir-verre-recycle-souffle-bouche\/#breadcrumb"},"inLanguage":"fr-FR","potentialAction":[{"@type":"ReadAction","target":["https:\/\/www.lasoufflerie.com\/fr\/produit\/porta-candele-with-handle-olive-bougeoir-verre-recycle-souffle-bouche\/"]}]},{"@type":"ImageObject","inLanguage":"fr-FR","@id":"https:\/\/www.lasoufflerie.com\/fr\/produit\/porta-candele-with-handle-olive-bougeoir-verre-recycle-souffle-bouche\/#primaryimage","url":"https:\/\/www.lasoufflerie.com\/wp-content\/uploads\/2023\/12\/2019_ROMANTIQUE_PORTA_CANDELE_WITH_HANDLE_08T17_OLIVE-scaled-1.jpeg","contentUrl":"https:\/\/www.lasoufflerie.com\/wp-content\/uploads\/2023\/12\/2019_ROMANTIQUE_PORTA_CANDELE_WITH_HANDLE_08T17_OLIVE-scaled-1.jpeg","width":1920,"height":2560},{"@type":"BreadcrumbList","@id":"https:\/\/www.lasoufflerie.com\/fr\/produit\/porta-candele-with-handle-olive-bougeoir-verre-recycle-souffle-bouche\/#breadcrumb","itemListElement":[{"@type":"ListItem","position":1,"name":"Home","item":"https:\/\/www.lasoufflerie.com\/fr\/"},{"@type":"ListItem","position":2,"name":"Shop all","item":"https:\/\/www.lasoufflerie.com\/fr\/boutique\/"},{"@type":"ListItem","position":3,"name":"Porta Candele With Handle Olive"}]},{"@type":"WebSite","@id":"https:\/\/www.lasoufflerie.com\/fr\/#website","url":"https:\/\/www.lasoufflerie.com\/fr\/","name":"La Soufflerie","description":"Glass blowing craft","publisher":{"@id":"https:\/\/www.lasoufflerie.com\/fr\/#organization"},"potentialAction":[{"@type":"SearchAction","target":{"@type":"EntryPoint","urlTemplate":"https:\/\/www.lasoufflerie.com\/fr\/?s={search_term_string}"},"query-input":{"@type":"PropertyValueSpecification","valueRequired":true,"valueName":"search_term_string"}}],"inLanguage":"fr-FR"},{"@type":"Organization","@id":"https:\/\/www.lasoufflerie.com\/fr\/#organization","name":"La Soufflerie","url":"https:\/\/www.lasoufflerie.com\/fr\/","logo":{"@type":"ImageObject","inLanguage":"fr-FR","@id":"https:\/\/www.lasoufflerie.com\/fr\/#\/schema\/logo\/image\/","url":"https:\/\/www.lasoufflerie.com\/wp-content\/uploads\/2023\/11\/Logo-La-Soufflerie-black.png","contentUrl":"https:\/\/www.lasoufflerie.com\/wp-content\/uploads\/2023\/11\/Logo-La-Soufflerie-black.png","width":2362,"height":2362,"caption":"La Soufflerie"},"image":{"@id":"https:\/\/www.lasoufflerie.com\/fr\/#\/schema\/logo\/image\/"},"sameAs":["https:\/\/facebook.com\/lasoufflerie","https:\/\/x.com\/lasoufflerie","https:\/\/instagram.com\/lasoufflerie","https:\/\/www.linkedin.com\/company\/9327780?trk=tyah&amp;amp;amp;trkInfo=clickedVertical:company,clickedEntityId:9327780,idx:2-1-2,tarId:1458824308330,tas:lasouff","https:\/\/pinterest.com\/lasoufflerie"]}]}},"_links":{"self":[{"href":"https:\/\/www.lasoufflerie.com\/fr\/wp-json\/wp\/v2\/product\/18010","targetHints":{"allow":["GET"]}}],"collection":[{"href":"https:\/\/www.lasoufflerie.com\/fr\/wp-json\/wp\/v2\/product"}],"about":[{"href":"https:\/\/www.lasoufflerie.com\/fr\/wp-json\/wp\/v2\/types\/product"}],"version-history":[{"count":8,"href":"https:\/\/www.lasoufflerie.com\/fr\/wp-json\/wp\/v2\/product\/18010\/revisions"}],"predecessor-version":[{"id":62448,"href":"https:\/\/www.lasoufflerie.com\/fr\/wp-json\/wp\/v2\/product\/18010\/revisions\/62448"}],"wp:featuredmedia":[{"embeddable":true,"href":"https:\/\/www.lasoufflerie.com\/fr\/wp-json\/wp\/v2\/media\/13526"}],"wp:attachment":[{"href":"https:\/\/www.lasoufflerie.com\/fr\/wp-json\/wp\/v2\/media?parent=18010"}],"wp:term":[{"taxonomy":"product_brand","embeddable":true,"href":"https:\/\/www.lasoufflerie.com\/fr\/wp-json\/wp\/v2\/product_brand?post=18010"},{"taxonomy":"product_cat","embeddable":true,"href":"https:\/\/www.lasoufflerie.com\/fr\/wp-json\/wp\/v2\/product_cat?post=18010"},{"taxonomy":"product_tag","embeddable":true,"href":"https:\/\/www.lasoufflerie.com\/fr\/wp-json\/wp\/v2\/product_tag?post=18010"}],"curies":[{"name":"wp","href":"https:\/\/api.w.org\/{rel}","templated":true}]}}