{"id":18040,"date":"2021-08-26T10:15:06","date_gmt":"2021-08-26T08:15:06","guid":{"rendered":"https:\/\/www.lasoufflerie.com\/product\/verre-tete-color-mix-smoky-hand-blown-recycled-glass-handmade-face-vase-face-glass\/"},"modified":"2026-02-01T13:22:44","modified_gmt":"2026-02-01T12:22:44","slug":"verre-tete-color-mix-smoky-verre-boire-fume-verre-recycle-souffle-bouche","status":"publish","type":"product","link":"https:\/\/www.lasoufflerie.com\/fr\/produit\/verre-tete-color-mix-smoky-verre-boire-fume-verre-recycle-souffle-bouche\/","title":{"rendered":"Verre T\u00eate Color Mix Smoky"},"content":{"rendered":"<p><span class=\"Y2IQFc\" lang=\"fr\">Le <strong>Verre T\u00eate Color Mix Smoky<\/strong>\u00a0est une fusion d&rsquo;art et de fonctionnalit\u00e9. Moul\u00e9 \u00e0 l&rsquo;effigie de l&rsquo;un de nos fondateurs, <a href=\"https:\/\/www.moulageetpatine.com\/\">S\u00e9bastien<\/a>, il capture ses caract\u00e9ristiques distinctes avec des d\u00e9tails exquis et un savoir-faire in\u00e9gal\u00e9. Qu&rsquo;il soit utilis\u00e9 comme verre \u00e0 boire pour boire vos boissons pr\u00e9f\u00e9r\u00e9es ou comme vase pour exposer des fleurs, le Verre T\u00eate Color Mix Smoky ajoute une touche de personnalit\u00e9 et de charme \u00e0 n&rsquo;importe quel espace. Souffl\u00e9 \u00e0 la bouche par nos ma\u00eetres souffleurs de verre \u00e0 partir de verre recycl\u00e9.<\/span><\/p>\n<p>Compl\u00e9tez-le avec notre <a href=\"https:\/\/www.lasoufflerie.com\/fr\/produit\/bouchon-terracotta-8cm-terre-cuite-fait-main\/\">Bouchon Terracotta 8cm<\/a> pour le transformer en un bocal unique pour les \u00e9pices, les snacks ou d&rsquo;autres petits tr\u00e9sors.<\/p>\n","protected":false},"excerpt":{"rendered":"<p>Le Verre T\u00eate Color Mix Smoky\u00a0est une fusion d&rsquo;art et de fonctionnalit\u00e9. Moul\u00e9 \u00e0 l&rsquo;effigie de l&rsquo;un de nos fondateurs, S\u00e9bastien, il capture ses caract\u00e9ristiques distinctes avec des d\u00e9tails exquis et un savoir-faire in\u00e9gal\u00e9. Qu&rsquo;il soit utilis\u00e9 comme verre \u00e0 boire pour boire vos boissons pr\u00e9f\u00e9r\u00e9es ou comme vase pour exposer des fleurs, le Verre [&hellip;]<\/p>\n","protected":false},"featured_media":13410,"template":"","meta":{"_acf_changed":false},"product_brand":[],"product_cat":[1634,1317,1623,1310,1313,1337],"product_tag":[],"class_list":{"0":"post-18040","1":"product","2":"type-product","3":"status-publish","4":"has-post-thumbnail","6":"product_cat-cadeaux-a-moins-de-50e-idees-cadeaux","7":"product_cat-gobelets-et-verres-a-eau","8":"product_cat-la-boutique","9":"product_cat-verres-carafes","10":"product_cat-tetes","11":"product_cat-verres-tete","12":"product_shipping_class-medium-product-fr","13":"pa_a-gift-for-under-50e-fr","14":"pa_colour-fume","15":"pa_made-of-glass-fr","16":"pa_size-medium-fr","18":"first","19":"instock","20":"taxable","21":"shipping-taxable","22":"purchasable","23":"product-type-simple"},"acf":[],"yoast_head":"<!-- This site is optimized with the Yoast SEO plugin v27.3 - https:\/\/yoast.com\/product\/yoast-seo-wordpress\/ -->\n<title>Verre T\u00eate Color Mix Smoky - La Soufflerie - Verre souffl\u00e9<\/title>\n<meta name=\"description\" content=\"Achetez le Verre T\u00eate Color Mix Smoky. Souffl\u00e9 bouche en utilisant du verre recycl\u00e9 par nos artisans et disponible pour une exp\u00e9dition \u00e0 l&#039;international.\" \/>\n<meta name=\"robots\" content=\"index, follow, max-snippet:-1, max-image-preview:large, max-video-preview:-1\" \/>\n<link rel=\"canonical\" href=\"https:\/\/www.lasoufflerie.com\/fr\/produit\/verre-tete-color-mix-smoky-verre-boire-fume-verre-recycle-souffle-bouche\/\" \/>\n<meta property=\"og:locale\" content=\"fr_FR\" \/>\n<meta property=\"og:type\" content=\"article\" \/>\n<meta property=\"og:title\" content=\"Verre T\u00eate Color Mix Smoky - La Soufflerie - Verre souffl\u00e9\" \/>\n<meta property=\"og:description\" content=\"Achetez le Verre T\u00eate Color Mix Smoky. Souffl\u00e9 bouche en utilisant du verre recycl\u00e9 par nos artisans et disponible pour une exp\u00e9dition \u00e0 l&#039;international.\" \/>\n<meta property=\"og:url\" content=\"https:\/\/www.lasoufflerie.com\/fr\/produit\/verre-tete-color-mix-smoky-verre-boire-fume-verre-recycle-souffle-bouche\/\" \/>\n<meta property=\"og:site_name\" content=\"La Soufflerie\" \/>\n<meta property=\"article:publisher\" content=\"https:\/\/facebook.com\/lasoufflerie\" \/>\n<meta property=\"article:modified_time\" content=\"2026-02-01T12:22:44+00:00\" \/>\n<meta property=\"og:image\" content=\"https:\/\/www.lasoufflerie.com\/wp-content\/uploads\/2023\/12\/2021-LA-SOUFFLERIE-TURNERS-TEMPEST-VERRE-TETE-SMOKY-VERRE-PALAIS-DARK-BROWN-1-scaled.jpeg\" \/>\n\t<meta property=\"og:image:width\" content=\"1920\" \/>\n\t<meta property=\"og:image:height\" content=\"2560\" \/>\n\t<meta property=\"og:image:type\" content=\"image\/jpeg\" \/>\n<meta name=\"twitter:card\" content=\"summary_large_image\" \/>\n<meta name=\"twitter:site\" content=\"@lasoufflerie\" \/>\n<meta name=\"twitter:label1\" content=\"Dur\u00e9e de lecture estim\u00e9e\" \/>\n\t<meta name=\"twitter:data1\" content=\"1 minute\" \/>\n<script type=\"application\/ld+json\" class=\"yoast-schema-graph\">{\"@context\":\"https:\\\/\\\/schema.org\",\"@graph\":[{\"@type\":\"WebPage\",\"@id\":\"https:\\\/\\\/www.lasoufflerie.com\\\/fr\\\/produit\\\/verre-tete-color-mix-smoky-verre-boire-fume-verre-recycle-souffle-bouche\\\/\",\"url\":\"https:\\\/\\\/www.lasoufflerie.com\\\/fr\\\/produit\\\/verre-tete-color-mix-smoky-verre-boire-fume-verre-recycle-souffle-bouche\\\/\",\"name\":\"Verre T\u00eate Color Mix Smoky - La Soufflerie - Verre souffl\u00e9\",\"isPartOf\":{\"@id\":\"https:\\\/\\\/www.lasoufflerie.com\\\/fr\\\/#website\"},\"primaryImageOfPage\":{\"@id\":\"https:\\\/\\\/www.lasoufflerie.com\\\/fr\\\/produit\\\/verre-tete-color-mix-smoky-verre-boire-fume-verre-recycle-souffle-bouche\\\/#primaryimage\"},\"image\":{\"@id\":\"https:\\\/\\\/www.lasoufflerie.com\\\/fr\\\/produit\\\/verre-tete-color-mix-smoky-verre-boire-fume-verre-recycle-souffle-bouche\\\/#primaryimage\"},\"thumbnailUrl\":\"https:\\\/\\\/www.lasoufflerie.com\\\/wp-content\\\/uploads\\\/2023\\\/12\\\/2021-LA-SOUFFLERIE-TURNERS-TEMPEST-VERRE-TETE-SMOKY-VERRE-PALAIS-DARK-BROWN-1-scaled.jpeg\",\"datePublished\":\"2021-08-26T08:15:06+00:00\",\"dateModified\":\"2026-02-01T12:22:44+00:00\",\"description\":\"Achetez le Verre T\u00eate Color Mix Smoky. Souffl\u00e9 bouche en utilisant du verre recycl\u00e9 par nos artisans et disponible pour une exp\u00e9dition \u00e0 l'international.\",\"breadcrumb\":{\"@id\":\"https:\\\/\\\/www.lasoufflerie.com\\\/fr\\\/produit\\\/verre-tete-color-mix-smoky-verre-boire-fume-verre-recycle-souffle-bouche\\\/#breadcrumb\"},\"inLanguage\":\"fr-FR\",\"potentialAction\":[{\"@type\":\"ReadAction\",\"target\":[\"https:\\\/\\\/www.lasoufflerie.com\\\/fr\\\/produit\\\/verre-tete-color-mix-smoky-verre-boire-fume-verre-recycle-souffle-bouche\\\/\"]}]},{\"@type\":\"ImageObject\",\"inLanguage\":\"fr-FR\",\"@id\":\"https:\\\/\\\/www.lasoufflerie.com\\\/fr\\\/produit\\\/verre-tete-color-mix-smoky-verre-boire-fume-verre-recycle-souffle-bouche\\\/#primaryimage\",\"url\":\"https:\\\/\\\/www.lasoufflerie.com\\\/wp-content\\\/uploads\\\/2023\\\/12\\\/2021-LA-SOUFFLERIE-TURNERS-TEMPEST-VERRE-TETE-SMOKY-VERRE-PALAIS-DARK-BROWN-1-scaled.jpeg\",\"contentUrl\":\"https:\\\/\\\/www.lasoufflerie.com\\\/wp-content\\\/uploads\\\/2023\\\/12\\\/2021-LA-SOUFFLERIE-TURNERS-TEMPEST-VERRE-TETE-SMOKY-VERRE-PALAIS-DARK-BROWN-1-scaled.jpeg\",\"width\":1920,\"height\":2560,\"caption\":\"Fait \u00e0 la main en verre recycl\u00e9\"},{\"@type\":\"BreadcrumbList\",\"@id\":\"https:\\\/\\\/www.lasoufflerie.com\\\/fr\\\/produit\\\/verre-tete-color-mix-smoky-verre-boire-fume-verre-recycle-souffle-bouche\\\/#breadcrumb\",\"itemListElement\":[{\"@type\":\"ListItem\",\"position\":1,\"name\":\"Home\",\"item\":\"https:\\\/\\\/www.lasoufflerie.com\\\/fr\\\/\"},{\"@type\":\"ListItem\",\"position\":2,\"name\":\"Shop all\",\"item\":\"https:\\\/\\\/www.lasoufflerie.com\\\/fr\\\/boutique\\\/\"},{\"@type\":\"ListItem\",\"position\":3,\"name\":\"Verre T\u00eate Color Mix Smoky\"}]},{\"@type\":\"WebSite\",\"@id\":\"https:\\\/\\\/www.lasoufflerie.com\\\/fr\\\/#website\",\"url\":\"https:\\\/\\\/www.lasoufflerie.com\\\/fr\\\/\",\"name\":\"La Soufflerie\",\"description\":\"Glass blowing craft\",\"publisher\":{\"@id\":\"https:\\\/\\\/www.lasoufflerie.com\\\/fr\\\/#organization\"},\"potentialAction\":[{\"@type\":\"SearchAction\",\"target\":{\"@type\":\"EntryPoint\",\"urlTemplate\":\"https:\\\/\\\/www.lasoufflerie.com\\\/fr\\\/?s={search_term_string}\"},\"query-input\":{\"@type\":\"PropertyValueSpecification\",\"valueRequired\":true,\"valueName\":\"search_term_string\"}}],\"inLanguage\":\"fr-FR\"},{\"@type\":\"Organization\",\"@id\":\"https:\\\/\\\/www.lasoufflerie.com\\\/fr\\\/#organization\",\"name\":\"La Soufflerie\",\"url\":\"https:\\\/\\\/www.lasoufflerie.com\\\/fr\\\/\",\"logo\":{\"@type\":\"ImageObject\",\"inLanguage\":\"fr-FR\",\"@id\":\"https:\\\/\\\/www.lasoufflerie.com\\\/fr\\\/#\\\/schema\\\/logo\\\/image\\\/\",\"url\":\"https:\\\/\\\/www.lasoufflerie.com\\\/wp-content\\\/uploads\\\/2023\\\/11\\\/Logo-La-Soufflerie-black.png\",\"contentUrl\":\"https:\\\/\\\/www.lasoufflerie.com\\\/wp-content\\\/uploads\\\/2023\\\/11\\\/Logo-La-Soufflerie-black.png\",\"width\":2362,\"height\":2362,\"caption\":\"La Soufflerie\"},\"image\":{\"@id\":\"https:\\\/\\\/www.lasoufflerie.com\\\/fr\\\/#\\\/schema\\\/logo\\\/image\\\/\"},\"sameAs\":[\"https:\\\/\\\/facebook.com\\\/lasoufflerie\",\"https:\\\/\\\/x.com\\\/lasoufflerie\",\"https:\\\/\\\/instagram.com\\\/lasoufflerie\",\"https:\\\/\\\/www.linkedin.com\\\/company\\\/9327780?trk=tyah&amp;amp;amp;trkInfo=clickedVertical:company,clickedEntityId:9327780,idx:2-1-2,tarId:1458824308330,tas:lasouff\",\"https:\\\/\\\/pinterest.com\\\/lasoufflerie\"]}]}<\/script>\n<!-- \/ Yoast SEO plugin. -->","yoast_head_json":{"title":"Verre T\u00eate Color Mix Smoky - La Soufflerie - Verre souffl\u00e9","description":"Achetez le Verre T\u00eate Color Mix Smoky. Souffl\u00e9 bouche en utilisant du verre recycl\u00e9 par nos artisans et disponible pour une exp\u00e9dition \u00e0 l'international.","robots":{"index":"index","follow":"follow","max-snippet":"max-snippet:-1","max-image-preview":"max-image-preview:large","max-video-preview":"max-video-preview:-1"},"canonical":"https:\/\/www.lasoufflerie.com\/fr\/produit\/verre-tete-color-mix-smoky-verre-boire-fume-verre-recycle-souffle-bouche\/","og_locale":"fr_FR","og_type":"article","og_title":"Verre T\u00eate Color Mix Smoky - La Soufflerie - Verre souffl\u00e9","og_description":"Achetez le Verre T\u00eate Color Mix Smoky. Souffl\u00e9 bouche en utilisant du verre recycl\u00e9 par nos artisans et disponible pour une exp\u00e9dition \u00e0 l'international.","og_url":"https:\/\/www.lasoufflerie.com\/fr\/produit\/verre-tete-color-mix-smoky-verre-boire-fume-verre-recycle-souffle-bouche\/","og_site_name":"La Soufflerie","article_publisher":"https:\/\/facebook.com\/lasoufflerie","article_modified_time":"2026-02-01T12:22:44+00:00","og_image":[{"width":1920,"height":2560,"url":"https:\/\/www.lasoufflerie.com\/wp-content\/uploads\/2023\/12\/2021-LA-SOUFFLERIE-TURNERS-TEMPEST-VERRE-TETE-SMOKY-VERRE-PALAIS-DARK-BROWN-1-scaled.jpeg","type":"image\/jpeg"}],"twitter_card":"summary_large_image","twitter_site":"@lasoufflerie","twitter_misc":{"Dur\u00e9e de lecture estim\u00e9e":"1 minute"},"schema":{"@context":"https:\/\/schema.org","@graph":[{"@type":"WebPage","@id":"https:\/\/www.lasoufflerie.com\/fr\/produit\/verre-tete-color-mix-smoky-verre-boire-fume-verre-recycle-souffle-bouche\/","url":"https:\/\/www.lasoufflerie.com\/fr\/produit\/verre-tete-color-mix-smoky-verre-boire-fume-verre-recycle-souffle-bouche\/","name":"Verre T\u00eate Color Mix Smoky - La Soufflerie - Verre souffl\u00e9","isPartOf":{"@id":"https:\/\/www.lasoufflerie.com\/fr\/#website"},"primaryImageOfPage":{"@id":"https:\/\/www.lasoufflerie.com\/fr\/produit\/verre-tete-color-mix-smoky-verre-boire-fume-verre-recycle-souffle-bouche\/#primaryimage"},"image":{"@id":"https:\/\/www.lasoufflerie.com\/fr\/produit\/verre-tete-color-mix-smoky-verre-boire-fume-verre-recycle-souffle-bouche\/#primaryimage"},"thumbnailUrl":"https:\/\/www.lasoufflerie.com\/wp-content\/uploads\/2023\/12\/2021-LA-SOUFFLERIE-TURNERS-TEMPEST-VERRE-TETE-SMOKY-VERRE-PALAIS-DARK-BROWN-1-scaled.jpeg","datePublished":"2021-08-26T08:15:06+00:00","dateModified":"2026-02-01T12:22:44+00:00","description":"Achetez le Verre T\u00eate Color Mix Smoky. Souffl\u00e9 bouche en utilisant du verre recycl\u00e9 par nos artisans et disponible pour une exp\u00e9dition \u00e0 l'international.","breadcrumb":{"@id":"https:\/\/www.lasoufflerie.com\/fr\/produit\/verre-tete-color-mix-smoky-verre-boire-fume-verre-recycle-souffle-bouche\/#breadcrumb"},"inLanguage":"fr-FR","potentialAction":[{"@type":"ReadAction","target":["https:\/\/www.lasoufflerie.com\/fr\/produit\/verre-tete-color-mix-smoky-verre-boire-fume-verre-recycle-souffle-bouche\/"]}]},{"@type":"ImageObject","inLanguage":"fr-FR","@id":"https:\/\/www.lasoufflerie.com\/fr\/produit\/verre-tete-color-mix-smoky-verre-boire-fume-verre-recycle-souffle-bouche\/#primaryimage","url":"https:\/\/www.lasoufflerie.com\/wp-content\/uploads\/2023\/12\/2021-LA-SOUFFLERIE-TURNERS-TEMPEST-VERRE-TETE-SMOKY-VERRE-PALAIS-DARK-BROWN-1-scaled.jpeg","contentUrl":"https:\/\/www.lasoufflerie.com\/wp-content\/uploads\/2023\/12\/2021-LA-SOUFFLERIE-TURNERS-TEMPEST-VERRE-TETE-SMOKY-VERRE-PALAIS-DARK-BROWN-1-scaled.jpeg","width":1920,"height":2560,"caption":"Fait \u00e0 la main en verre recycl\u00e9"},{"@type":"BreadcrumbList","@id":"https:\/\/www.lasoufflerie.com\/fr\/produit\/verre-tete-color-mix-smoky-verre-boire-fume-verre-recycle-souffle-bouche\/#breadcrumb","itemListElement":[{"@type":"ListItem","position":1,"name":"Home","item":"https:\/\/www.lasoufflerie.com\/fr\/"},{"@type":"ListItem","position":2,"name":"Shop all","item":"https:\/\/www.lasoufflerie.com\/fr\/boutique\/"},{"@type":"ListItem","position":3,"name":"Verre T\u00eate Color Mix Smoky"}]},{"@type":"WebSite","@id":"https:\/\/www.lasoufflerie.com\/fr\/#website","url":"https:\/\/www.lasoufflerie.com\/fr\/","name":"La Soufflerie","description":"Glass blowing craft","publisher":{"@id":"https:\/\/www.lasoufflerie.com\/fr\/#organization"},"potentialAction":[{"@type":"SearchAction","target":{"@type":"EntryPoint","urlTemplate":"https:\/\/www.lasoufflerie.com\/fr\/?s={search_term_string}"},"query-input":{"@type":"PropertyValueSpecification","valueRequired":true,"valueName":"search_term_string"}}],"inLanguage":"fr-FR"},{"@type":"Organization","@id":"https:\/\/www.lasoufflerie.com\/fr\/#organization","name":"La Soufflerie","url":"https:\/\/www.lasoufflerie.com\/fr\/","logo":{"@type":"ImageObject","inLanguage":"fr-FR","@id":"https:\/\/www.lasoufflerie.com\/fr\/#\/schema\/logo\/image\/","url":"https:\/\/www.lasoufflerie.com\/wp-content\/uploads\/2023\/11\/Logo-La-Soufflerie-black.png","contentUrl":"https:\/\/www.lasoufflerie.com\/wp-content\/uploads\/2023\/11\/Logo-La-Soufflerie-black.png","width":2362,"height":2362,"caption":"La Soufflerie"},"image":{"@id":"https:\/\/www.lasoufflerie.com\/fr\/#\/schema\/logo\/image\/"},"sameAs":["https:\/\/facebook.com\/lasoufflerie","https:\/\/x.com\/lasoufflerie","https:\/\/instagram.com\/lasoufflerie","https:\/\/www.linkedin.com\/company\/9327780?trk=tyah&amp;amp;amp;trkInfo=clickedVertical:company,clickedEntityId:9327780,idx:2-1-2,tarId:1458824308330,tas:lasouff","https:\/\/pinterest.com\/lasoufflerie"]}]}},"_links":{"self":[{"href":"https:\/\/www.lasoufflerie.com\/fr\/wp-json\/wp\/v2\/product\/18040","targetHints":{"allow":["GET"]}}],"collection":[{"href":"https:\/\/www.lasoufflerie.com\/fr\/wp-json\/wp\/v2\/product"}],"about":[{"href":"https:\/\/www.lasoufflerie.com\/fr\/wp-json\/wp\/v2\/types\/product"}],"version-history":[{"count":10,"href":"https:\/\/www.lasoufflerie.com\/fr\/wp-json\/wp\/v2\/product\/18040\/revisions"}],"predecessor-version":[{"id":67244,"href":"https:\/\/www.lasoufflerie.com\/fr\/wp-json\/wp\/v2\/product\/18040\/revisions\/67244"}],"wp:featuredmedia":[{"embeddable":true,"href":"https:\/\/www.lasoufflerie.com\/fr\/wp-json\/wp\/v2\/media\/13410"}],"wp:attachment":[{"href":"https:\/\/www.lasoufflerie.com\/fr\/wp-json\/wp\/v2\/media?parent=18040"}],"wp:term":[{"taxonomy":"product_brand","embeddable":true,"href":"https:\/\/www.lasoufflerie.com\/fr\/wp-json\/wp\/v2\/product_brand?post=18040"},{"taxonomy":"product_cat","embeddable":true,"href":"https:\/\/www.lasoufflerie.com\/fr\/wp-json\/wp\/v2\/product_cat?post=18040"},{"taxonomy":"product_tag","embeddable":true,"href":"https:\/\/www.lasoufflerie.com\/fr\/wp-json\/wp\/v2\/product_tag?post=18040"}],"curies":[{"name":"wp","href":"https:\/\/api.w.org\/{rel}","templated":true}]}}