{"id":18081,"date":"2021-01-22T10:22:40","date_gmt":"2021-01-22T09:22:40","guid":{"rendered":"https:\/\/www.lasoufflerie.com\/product\/rosine-bougie-candle-cat-sculpture-rosine-baldaccini-hand-poured-all-natural-wax-candle-sculpture-sculpted-candle\/"},"modified":"2025-09-19T16:22:40","modified_gmt":"2025-09-19T14:22:40","slug":"rosine-bougie-forme-chat-coulee-main","status":"publish","type":"product","link":"https:\/\/www.lasoufflerie.com\/fr\/produit\/rosine-bougie-forme-chat-coulee-main\/","title":{"rendered":"Rosine Bougie"},"content":{"rendered":"<p>Dites bonjour \u00e0 Rosine Bougie, une sculpture originale faite \u00e0 la main par Rosine Baldaccini, artiste et amie proche de  href=\u00a0\u00bbhttps:\/\/www.moulageetpatine.com\/\u00a0\u00bb>S\u00e9bastien. Rosine Baldaccini est une \u00e9l\u00e9gante sculptrice parisienne qui travaille depuis de nombreuses ann\u00e9es sur de animaux fantastiques qu\u2019elle cr\u00e9e d\u2019abord dans l\u2019argile, les met dans du pl\u00e2tre, puis les peint \u00e0 la main. Ses pi\u00e8ces \u00e9tonnantes sont pleines d\u2019imagination, tout comme elle. Rosine nous a donn\u00e9 la permission de recr\u00e9er ses pi\u00e8ces pour La Soufflerie. Sa sculpture en pl\u00e2tre a \u00e9t\u00e9 \u00e0 moul\u00e9e et coul\u00e9e enti\u00e8rement \u00e0 la main dans du silicone et du pl\u00e2tre de Paris pour cr\u00e9er le moule de cette bougie. Chaque bougie est ensuite coul\u00e9e avec une cire v\u00e9g\u00e9tale dans ce moule artisanal pour cr\u00e9er Rosine.<\/p>\n","protected":false},"excerpt":{"rendered":"<p>Dites bonjour \u00e0 Rosine Bougie, une sculpture originale faite \u00e0 la main par Rosine Baldaccini, artiste et amie proche de href=\u00a0\u00bbhttps:\/\/www.moulageetpatine.com\/\u00a0\u00bb>S\u00e9bastien. Rosine Baldaccini est une \u00e9l\u00e9gante sculptrice parisienne qui travaille depuis de nombreuses ann\u00e9es sur de animaux fantastiques qu\u2019elle cr\u00e9e d\u2019abord dans l\u2019argile, les met dans du pl\u00e2tre, puis les peint \u00e0 la main. Ses [&hellip;]<\/p>\n","protected":false},"featured_media":13256,"template":"","meta":{"_acf_changed":false},"product_brand":[],"product_cat":[1318,1634,1623,1637,1308],"product_tag":[],"class_list":{"0":"post-18081","1":"product","2":"type-product","3":"status-publish","4":"has-post-thumbnail","6":"product_cat-bougies-sculpturales","7":"product_cat-cadeaux-a-moins-de-50e-idees-cadeaux","8":"product_cat-la-boutique","9":"product_cat-pour-mon-amour-idees-cadeaux","10":"product_cat-bougies-et-bougeoirs","11":"pa_a-gift-for-her-fr","12":"pa_a-gift-for-under-50e-fr","13":"pa_a-gift-for-your-lover-fr","14":"pa_colour-blanc","15":"pa_made-of-cire","16":"pa_size-petit","18":"first","19":"instock","20":"taxable","21":"shipping-taxable","22":"purchasable","23":"product-type-simple"},"acf":[],"yoast_head":"<!-- This site is optimized with the Yoast SEO plugin v27.3 - https:\/\/yoast.com\/product\/yoast-seo-wordpress\/ -->\n<title>Rosine Bougie - La Soufflerie - Bougie coul\u00e9e \u00e0 la main dans nos ateliers \u00e0 Paris<\/title>\n<meta name=\"description\" content=\"Achetez la Rosine Bougie de La Soufflerie. Coul\u00e9e \u00e0 la main dans notre atelier \u00e0 Paris et disponible pour une exp\u00e9dition \u00e0 l&#039;international.\" \/>\n<meta name=\"robots\" content=\"index, follow, max-snippet:-1, max-image-preview:large, max-video-preview:-1\" \/>\n<link rel=\"canonical\" href=\"https:\/\/www.lasoufflerie.com\/fr\/produit\/rosine-bougie-forme-chat-coulee-main\/\" \/>\n<meta property=\"og:locale\" content=\"fr_FR\" \/>\n<meta property=\"og:type\" content=\"article\" \/>\n<meta property=\"og:title\" content=\"Rosine Bougie - La Soufflerie - Bougie coul\u00e9e \u00e0 la main dans nos ateliers \u00e0 Paris\" \/>\n<meta property=\"og:description\" content=\"Achetez la Rosine Bougie de La Soufflerie. Coul\u00e9e \u00e0 la main dans notre atelier \u00e0 Paris et disponible pour une exp\u00e9dition \u00e0 l&#039;international.\" \/>\n<meta property=\"og:url\" content=\"https:\/\/www.lasoufflerie.com\/fr\/produit\/rosine-bougie-forme-chat-coulee-main\/\" \/>\n<meta property=\"og:site_name\" content=\"La Soufflerie\" \/>\n<meta property=\"article:publisher\" content=\"https:\/\/facebook.com\/lasoufflerie\" \/>\n<meta property=\"article:modified_time\" content=\"2025-09-19T14:22:40+00:00\" \/>\n<meta property=\"og:image\" content=\"https:\/\/www.lasoufflerie.com\/wp-content\/uploads\/2023\/12\/2021-LA-SOUFFLERIE-ROSINE-BOUGIE-3-1-scaled.jpeg\" \/>\n\t<meta property=\"og:image:width\" content=\"1920\" \/>\n\t<meta property=\"og:image:height\" content=\"2560\" \/>\n\t<meta property=\"og:image:type\" content=\"image\/jpeg\" \/>\n<meta name=\"twitter:card\" content=\"summary_large_image\" \/>\n<meta name=\"twitter:site\" content=\"@lasoufflerie\" \/>\n<meta name=\"twitter:label1\" content=\"Dur\u00e9e de lecture estim\u00e9e\" \/>\n\t<meta name=\"twitter:data1\" content=\"1 minute\" \/>\n<script type=\"application\/ld+json\" class=\"yoast-schema-graph\">{\"@context\":\"https:\\\/\\\/schema.org\",\"@graph\":[{\"@type\":\"WebPage\",\"@id\":\"https:\\\/\\\/www.lasoufflerie.com\\\/fr\\\/produit\\\/rosine-bougie-forme-chat-coulee-main\\\/\",\"url\":\"https:\\\/\\\/www.lasoufflerie.com\\\/fr\\\/produit\\\/rosine-bougie-forme-chat-coulee-main\\\/\",\"name\":\"Rosine Bougie - La Soufflerie - Bougie coul\u00e9e \u00e0 la main dans nos ateliers \u00e0 Paris\",\"isPartOf\":{\"@id\":\"https:\\\/\\\/www.lasoufflerie.com\\\/fr\\\/#website\"},\"primaryImageOfPage\":{\"@id\":\"https:\\\/\\\/www.lasoufflerie.com\\\/fr\\\/produit\\\/rosine-bougie-forme-chat-coulee-main\\\/#primaryimage\"},\"image\":{\"@id\":\"https:\\\/\\\/www.lasoufflerie.com\\\/fr\\\/produit\\\/rosine-bougie-forme-chat-coulee-main\\\/#primaryimage\"},\"thumbnailUrl\":\"https:\\\/\\\/www.lasoufflerie.com\\\/wp-content\\\/uploads\\\/2023\\\/12\\\/2021-LA-SOUFFLERIE-ROSINE-BOUGIE-3-1-scaled.jpeg\",\"datePublished\":\"2021-01-22T09:22:40+00:00\",\"dateModified\":\"2025-09-19T14:22:40+00:00\",\"description\":\"Achetez la Rosine Bougie de La Soufflerie. Coul\u00e9e \u00e0 la main dans notre atelier \u00e0 Paris et disponible pour une exp\u00e9dition \u00e0 l'international.\",\"breadcrumb\":{\"@id\":\"https:\\\/\\\/www.lasoufflerie.com\\\/fr\\\/produit\\\/rosine-bougie-forme-chat-coulee-main\\\/#breadcrumb\"},\"inLanguage\":\"fr-FR\",\"potentialAction\":[{\"@type\":\"ReadAction\",\"target\":[\"https:\\\/\\\/www.lasoufflerie.com\\\/fr\\\/produit\\\/rosine-bougie-forme-chat-coulee-main\\\/\"]}]},{\"@type\":\"ImageObject\",\"inLanguage\":\"fr-FR\",\"@id\":\"https:\\\/\\\/www.lasoufflerie.com\\\/fr\\\/produit\\\/rosine-bougie-forme-chat-coulee-main\\\/#primaryimage\",\"url\":\"https:\\\/\\\/www.lasoufflerie.com\\\/wp-content\\\/uploads\\\/2023\\\/12\\\/2021-LA-SOUFFLERIE-ROSINE-BOUGIE-3-1-scaled.jpeg\",\"contentUrl\":\"https:\\\/\\\/www.lasoufflerie.com\\\/wp-content\\\/uploads\\\/2023\\\/12\\\/2021-LA-SOUFFLERIE-ROSINE-BOUGIE-3-1-scaled.jpeg\",\"width\":1920,\"height\":2560},{\"@type\":\"BreadcrumbList\",\"@id\":\"https:\\\/\\\/www.lasoufflerie.com\\\/fr\\\/produit\\\/rosine-bougie-forme-chat-coulee-main\\\/#breadcrumb\",\"itemListElement\":[{\"@type\":\"ListItem\",\"position\":1,\"name\":\"Home\",\"item\":\"https:\\\/\\\/www.lasoufflerie.com\\\/fr\\\/\"},{\"@type\":\"ListItem\",\"position\":2,\"name\":\"Shop all\",\"item\":\"https:\\\/\\\/www.lasoufflerie.com\\\/fr\\\/boutique\\\/\"},{\"@type\":\"ListItem\",\"position\":3,\"name\":\"Rosine Bougie\"}]},{\"@type\":\"WebSite\",\"@id\":\"https:\\\/\\\/www.lasoufflerie.com\\\/fr\\\/#website\",\"url\":\"https:\\\/\\\/www.lasoufflerie.com\\\/fr\\\/\",\"name\":\"La Soufflerie\",\"description\":\"Glass blowing craft\",\"publisher\":{\"@id\":\"https:\\\/\\\/www.lasoufflerie.com\\\/fr\\\/#organization\"},\"potentialAction\":[{\"@type\":\"SearchAction\",\"target\":{\"@type\":\"EntryPoint\",\"urlTemplate\":\"https:\\\/\\\/www.lasoufflerie.com\\\/fr\\\/?s={search_term_string}\"},\"query-input\":{\"@type\":\"PropertyValueSpecification\",\"valueRequired\":true,\"valueName\":\"search_term_string\"}}],\"inLanguage\":\"fr-FR\"},{\"@type\":\"Organization\",\"@id\":\"https:\\\/\\\/www.lasoufflerie.com\\\/fr\\\/#organization\",\"name\":\"La Soufflerie\",\"url\":\"https:\\\/\\\/www.lasoufflerie.com\\\/fr\\\/\",\"logo\":{\"@type\":\"ImageObject\",\"inLanguage\":\"fr-FR\",\"@id\":\"https:\\\/\\\/www.lasoufflerie.com\\\/fr\\\/#\\\/schema\\\/logo\\\/image\\\/\",\"url\":\"https:\\\/\\\/www.lasoufflerie.com\\\/wp-content\\\/uploads\\\/2023\\\/11\\\/Logo-La-Soufflerie-black.png\",\"contentUrl\":\"https:\\\/\\\/www.lasoufflerie.com\\\/wp-content\\\/uploads\\\/2023\\\/11\\\/Logo-La-Soufflerie-black.png\",\"width\":2362,\"height\":2362,\"caption\":\"La Soufflerie\"},\"image\":{\"@id\":\"https:\\\/\\\/www.lasoufflerie.com\\\/fr\\\/#\\\/schema\\\/logo\\\/image\\\/\"},\"sameAs\":[\"https:\\\/\\\/facebook.com\\\/lasoufflerie\",\"https:\\\/\\\/x.com\\\/lasoufflerie\",\"https:\\\/\\\/instagram.com\\\/lasoufflerie\",\"https:\\\/\\\/www.linkedin.com\\\/company\\\/9327780?trk=tyah&amp;amp;amp;trkInfo=clickedVertical:company,clickedEntityId:9327780,idx:2-1-2,tarId:1458824308330,tas:lasouff\",\"https:\\\/\\\/pinterest.com\\\/lasoufflerie\"]}]}<\/script>\n<!-- \/ Yoast SEO plugin. -->","yoast_head_json":{"title":"Rosine Bougie - La Soufflerie - Bougie coul\u00e9e \u00e0 la main dans nos ateliers \u00e0 Paris","description":"Achetez la Rosine Bougie de La Soufflerie. Coul\u00e9e \u00e0 la main dans notre atelier \u00e0 Paris et disponible pour une exp\u00e9dition \u00e0 l'international.","robots":{"index":"index","follow":"follow","max-snippet":"max-snippet:-1","max-image-preview":"max-image-preview:large","max-video-preview":"max-video-preview:-1"},"canonical":"https:\/\/www.lasoufflerie.com\/fr\/produit\/rosine-bougie-forme-chat-coulee-main\/","og_locale":"fr_FR","og_type":"article","og_title":"Rosine Bougie - La Soufflerie - Bougie coul\u00e9e \u00e0 la main dans nos ateliers \u00e0 Paris","og_description":"Achetez la Rosine Bougie de La Soufflerie. Coul\u00e9e \u00e0 la main dans notre atelier \u00e0 Paris et disponible pour une exp\u00e9dition \u00e0 l'international.","og_url":"https:\/\/www.lasoufflerie.com\/fr\/produit\/rosine-bougie-forme-chat-coulee-main\/","og_site_name":"La Soufflerie","article_publisher":"https:\/\/facebook.com\/lasoufflerie","article_modified_time":"2025-09-19T14:22:40+00:00","og_image":[{"width":1920,"height":2560,"url":"https:\/\/www.lasoufflerie.com\/wp-content\/uploads\/2023\/12\/2021-LA-SOUFFLERIE-ROSINE-BOUGIE-3-1-scaled.jpeg","type":"image\/jpeg"}],"twitter_card":"summary_large_image","twitter_site":"@lasoufflerie","twitter_misc":{"Dur\u00e9e de lecture estim\u00e9e":"1 minute"},"schema":{"@context":"https:\/\/schema.org","@graph":[{"@type":"WebPage","@id":"https:\/\/www.lasoufflerie.com\/fr\/produit\/rosine-bougie-forme-chat-coulee-main\/","url":"https:\/\/www.lasoufflerie.com\/fr\/produit\/rosine-bougie-forme-chat-coulee-main\/","name":"Rosine Bougie - La Soufflerie - Bougie coul\u00e9e \u00e0 la main dans nos ateliers \u00e0 Paris","isPartOf":{"@id":"https:\/\/www.lasoufflerie.com\/fr\/#website"},"primaryImageOfPage":{"@id":"https:\/\/www.lasoufflerie.com\/fr\/produit\/rosine-bougie-forme-chat-coulee-main\/#primaryimage"},"image":{"@id":"https:\/\/www.lasoufflerie.com\/fr\/produit\/rosine-bougie-forme-chat-coulee-main\/#primaryimage"},"thumbnailUrl":"https:\/\/www.lasoufflerie.com\/wp-content\/uploads\/2023\/12\/2021-LA-SOUFFLERIE-ROSINE-BOUGIE-3-1-scaled.jpeg","datePublished":"2021-01-22T09:22:40+00:00","dateModified":"2025-09-19T14:22:40+00:00","description":"Achetez la Rosine Bougie de La Soufflerie. Coul\u00e9e \u00e0 la main dans notre atelier \u00e0 Paris et disponible pour une exp\u00e9dition \u00e0 l'international.","breadcrumb":{"@id":"https:\/\/www.lasoufflerie.com\/fr\/produit\/rosine-bougie-forme-chat-coulee-main\/#breadcrumb"},"inLanguage":"fr-FR","potentialAction":[{"@type":"ReadAction","target":["https:\/\/www.lasoufflerie.com\/fr\/produit\/rosine-bougie-forme-chat-coulee-main\/"]}]},{"@type":"ImageObject","inLanguage":"fr-FR","@id":"https:\/\/www.lasoufflerie.com\/fr\/produit\/rosine-bougie-forme-chat-coulee-main\/#primaryimage","url":"https:\/\/www.lasoufflerie.com\/wp-content\/uploads\/2023\/12\/2021-LA-SOUFFLERIE-ROSINE-BOUGIE-3-1-scaled.jpeg","contentUrl":"https:\/\/www.lasoufflerie.com\/wp-content\/uploads\/2023\/12\/2021-LA-SOUFFLERIE-ROSINE-BOUGIE-3-1-scaled.jpeg","width":1920,"height":2560},{"@type":"BreadcrumbList","@id":"https:\/\/www.lasoufflerie.com\/fr\/produit\/rosine-bougie-forme-chat-coulee-main\/#breadcrumb","itemListElement":[{"@type":"ListItem","position":1,"name":"Home","item":"https:\/\/www.lasoufflerie.com\/fr\/"},{"@type":"ListItem","position":2,"name":"Shop all","item":"https:\/\/www.lasoufflerie.com\/fr\/boutique\/"},{"@type":"ListItem","position":3,"name":"Rosine Bougie"}]},{"@type":"WebSite","@id":"https:\/\/www.lasoufflerie.com\/fr\/#website","url":"https:\/\/www.lasoufflerie.com\/fr\/","name":"La Soufflerie","description":"Glass blowing craft","publisher":{"@id":"https:\/\/www.lasoufflerie.com\/fr\/#organization"},"potentialAction":[{"@type":"SearchAction","target":{"@type":"EntryPoint","urlTemplate":"https:\/\/www.lasoufflerie.com\/fr\/?s={search_term_string}"},"query-input":{"@type":"PropertyValueSpecification","valueRequired":true,"valueName":"search_term_string"}}],"inLanguage":"fr-FR"},{"@type":"Organization","@id":"https:\/\/www.lasoufflerie.com\/fr\/#organization","name":"La Soufflerie","url":"https:\/\/www.lasoufflerie.com\/fr\/","logo":{"@type":"ImageObject","inLanguage":"fr-FR","@id":"https:\/\/www.lasoufflerie.com\/fr\/#\/schema\/logo\/image\/","url":"https:\/\/www.lasoufflerie.com\/wp-content\/uploads\/2023\/11\/Logo-La-Soufflerie-black.png","contentUrl":"https:\/\/www.lasoufflerie.com\/wp-content\/uploads\/2023\/11\/Logo-La-Soufflerie-black.png","width":2362,"height":2362,"caption":"La Soufflerie"},"image":{"@id":"https:\/\/www.lasoufflerie.com\/fr\/#\/schema\/logo\/image\/"},"sameAs":["https:\/\/facebook.com\/lasoufflerie","https:\/\/x.com\/lasoufflerie","https:\/\/instagram.com\/lasoufflerie","https:\/\/www.linkedin.com\/company\/9327780?trk=tyah&amp;amp;amp;trkInfo=clickedVertical:company,clickedEntityId:9327780,idx:2-1-2,tarId:1458824308330,tas:lasouff","https:\/\/pinterest.com\/lasoufflerie"]}]}},"_links":{"self":[{"href":"https:\/\/www.lasoufflerie.com\/fr\/wp-json\/wp\/v2\/product\/18081","targetHints":{"allow":["GET"]}}],"collection":[{"href":"https:\/\/www.lasoufflerie.com\/fr\/wp-json\/wp\/v2\/product"}],"about":[{"href":"https:\/\/www.lasoufflerie.com\/fr\/wp-json\/wp\/v2\/types\/product"}],"version-history":[{"count":7,"href":"https:\/\/www.lasoufflerie.com\/fr\/wp-json\/wp\/v2\/product\/18081\/revisions"}],"predecessor-version":[{"id":58889,"href":"https:\/\/www.lasoufflerie.com\/fr\/wp-json\/wp\/v2\/product\/18081\/revisions\/58889"}],"wp:featuredmedia":[{"embeddable":true,"href":"https:\/\/www.lasoufflerie.com\/fr\/wp-json\/wp\/v2\/media\/13256"}],"wp:attachment":[{"href":"https:\/\/www.lasoufflerie.com\/fr\/wp-json\/wp\/v2\/media?parent=18081"}],"wp:term":[{"taxonomy":"product_brand","embeddable":true,"href":"https:\/\/www.lasoufflerie.com\/fr\/wp-json\/wp\/v2\/product_brand?post=18081"},{"taxonomy":"product_cat","embeddable":true,"href":"https:\/\/www.lasoufflerie.com\/fr\/wp-json\/wp\/v2\/product_cat?post=18081"},{"taxonomy":"product_tag","embeddable":true,"href":"https:\/\/www.lasoufflerie.com\/fr\/wp-json\/wp\/v2\/product_tag?post=18081"}],"curies":[{"name":"wp","href":"https:\/\/api.w.org\/{rel}","templated":true}]}}