{"id":18119,"date":"2020-04-06T12:53:23","date_gmt":"2020-04-06T10:53:23","guid":{"rendered":"https:\/\/www.lasoufflerie.com\/product\/josephine-candle-handmade-hand-poured-natural-wax-candle-candles-decorative-piece-decoration\/"},"modified":"2026-02-26T14:16:31","modified_gmt":"2026-02-26T13:16:31","slug":"josephine-bougie-forme-femme-coulee-main","status":"publish","type":"product","link":"https:\/\/www.lasoufflerie.com\/fr\/produit\/josephine-bougie-forme-femme-coulee-main\/","title":{"rendered":"Jos\u00e9phine"},"content":{"rendered":"<p>La bougie <strong>Jos\u00e9phine<\/strong> s&rsquo;inspire de <a href=\"https:\/\/www.mariejobourron.com\/\" rel=\"nofollow\">Marie-Jo Bourron,<\/a> artiste et amie proche de S\u00e9bastien. Sculptrice parisienne, elle a fond\u00e9 son \u0153uvre sur l&rsquo;\u00e9tude du corps f\u00e9minin. <a href=\"https:\/\/www.moulageetpatine.com\/\" rel=\"nofollow\">S\u00e9bastien<\/a> a transpos\u00e9 une de ses \u00e9tudes de nu dans cette bougie. La sculpture originale, d&rsquo;abord model\u00e9e \u00e0 la main en argile, a ensuite \u00e9t\u00e9 coul\u00e9e en pl\u00e2tre. Ce moulage a ensuite \u00e9t\u00e9 retravaill\u00e9 et coul\u00e9 enti\u00e8rement \u00e0 la main en silicone et pl\u00e2tre de Paris pour cr\u00e9er le moule de la bougie. Nous coulons ensuite \u00e0 la main une cire v\u00e9g\u00e9tale dans ce moule pour donner naissance \u00e0 la bougie Jos\u00e9phine. Allumez-la et laissez-la danser, \u00e0 l&rsquo;image de Jos\u00e9phine Baker : elle illuminera votre soir\u00e9e de romantisme et de sensualit\u00e9.     <\/p>\n","protected":false},"excerpt":{"rendered":"<p>La bougie Jos\u00e9phine s&rsquo;inspire de Marie-Jo Bourron, artiste et amie proche de S\u00e9bastien. Sculptrice parisienne, elle a fond\u00e9 son \u0153uvre sur l&rsquo;\u00e9tude du corps f\u00e9minin. S\u00e9bastien a transpos\u00e9 une de ses \u00e9tudes de nu dans cette bougie. La sculpture originale, d&rsquo;abord model\u00e9e \u00e0 la main en argile, a ensuite \u00e9t\u00e9 coul\u00e9e en pl\u00e2tre. Ce moulage [&hellip;]<\/p>\n","protected":false},"featured_media":65682,"template":"","meta":{"_acf_changed":false},"product_brand":[],"product_cat":[1318,1636,1623,1637,1644,1308],"product_tag":[],"class_list":{"0":"post-18119","1":"product","2":"type-product","3":"status-publish","4":"has-post-thumbnail","6":"product_cat-bougies-sculpturales","7":"product_cat-cadeaux-a-plus-de-50e-idees-cadeaux","8":"product_cat-la-boutique","9":"product_cat-pour-mon-amour-idees-cadeaux","10":"product_cat-outlet-corner","11":"product_cat-bougies-et-bougeoirs","12":"product_shipping_class-medium-product-fr","13":"pa_a-gift-for-her-fr","14":"pa_a-gift-for-plus-de-50e","15":"pa_a-gift-for-un-mariage","16":"pa_a-gift-for-your-lover-fr","17":"pa_colour-blanc","18":"pa_made-of-cire","19":"pa_size-medium-fr","21":"first","22":"instock","23":"taxable","24":"shipping-taxable","25":"purchasable","26":"product-type-simple"},"acf":[],"yoast_head":"<!-- This site is optimized with the Yoast SEO plugin v27.3 - https:\/\/yoast.com\/product\/yoast-seo-wordpress\/ -->\n<title>Jos\u00e9phine - La Soufflerie - Fait main \u00e0 Paris<\/title>\n<meta name=\"description\" content=\"D\u00e9couvrez la bougie Jos\u00e9phine de La Soufflerie Paris. Toutes nos bougies sont coul\u00e9es \u00e0 la main \u00e0 partir d&#039;ingr\u00e9dients naturels dans notre atelier parisien.\" \/>\n<meta name=\"robots\" content=\"index, follow, max-snippet:-1, max-image-preview:large, max-video-preview:-1\" \/>\n<link rel=\"canonical\" href=\"https:\/\/www.lasoufflerie.com\/fr\/produit\/josephine-bougie-forme-femme-coulee-main\/\" \/>\n<meta property=\"og:locale\" content=\"fr_FR\" \/>\n<meta property=\"og:type\" content=\"article\" \/>\n<meta property=\"og:title\" content=\"Jos\u00e9phine - La Soufflerie - Fait main \u00e0 Paris\" \/>\n<meta property=\"og:description\" content=\"D\u00e9couvrez la bougie Jos\u00e9phine de La Soufflerie Paris. Toutes nos bougies sont coul\u00e9es \u00e0 la main \u00e0 partir d&#039;ingr\u00e9dients naturels dans notre atelier parisien.\" \/>\n<meta property=\"og:url\" content=\"https:\/\/www.lasoufflerie.com\/fr\/produit\/josephine-bougie-forme-femme-coulee-main\/\" \/>\n<meta property=\"og:site_name\" content=\"La Soufflerie\" \/>\n<meta property=\"article:publisher\" content=\"https:\/\/facebook.com\/lasoufflerie\" \/>\n<meta property=\"article:modified_time\" content=\"2026-02-26T13:16:31+00:00\" \/>\n<meta property=\"og:image\" content=\"https:\/\/www.lasoufflerie.com\/wp-content\/uploads\/2020\/04\/Josephine-2-scaled.jpg\" \/>\n\t<meta property=\"og:image:width\" content=\"1920\" \/>\n\t<meta property=\"og:image:height\" content=\"2560\" \/>\n\t<meta property=\"og:image:type\" content=\"image\/jpeg\" \/>\n<meta name=\"twitter:card\" content=\"summary_large_image\" \/>\n<meta name=\"twitter:site\" content=\"@lasoufflerie\" \/>\n<meta name=\"twitter:label1\" content=\"Dur\u00e9e de lecture estim\u00e9e\" \/>\n\t<meta name=\"twitter:data1\" content=\"1 minute\" \/>\n<script type=\"application\/ld+json\" class=\"yoast-schema-graph\">{\"@context\":\"https:\\\/\\\/schema.org\",\"@graph\":[{\"@type\":\"WebPage\",\"@id\":\"https:\\\/\\\/www.lasoufflerie.com\\\/fr\\\/produit\\\/josephine-bougie-forme-femme-coulee-main\\\/\",\"url\":\"https:\\\/\\\/www.lasoufflerie.com\\\/fr\\\/produit\\\/josephine-bougie-forme-femme-coulee-main\\\/\",\"name\":\"Jos\u00e9phine - La Soufflerie - Fait main \u00e0 Paris\",\"isPartOf\":{\"@id\":\"https:\\\/\\\/www.lasoufflerie.com\\\/fr\\\/#website\"},\"primaryImageOfPage\":{\"@id\":\"https:\\\/\\\/www.lasoufflerie.com\\\/fr\\\/produit\\\/josephine-bougie-forme-femme-coulee-main\\\/#primaryimage\"},\"image\":{\"@id\":\"https:\\\/\\\/www.lasoufflerie.com\\\/fr\\\/produit\\\/josephine-bougie-forme-femme-coulee-main\\\/#primaryimage\"},\"thumbnailUrl\":\"https:\\\/\\\/www.lasoufflerie.com\\\/wp-content\\\/uploads\\\/2020\\\/04\\\/Josephine-2-scaled.jpg\",\"datePublished\":\"2020-04-06T10:53:23+00:00\",\"dateModified\":\"2026-02-26T13:16:31+00:00\",\"description\":\"D\u00e9couvrez la bougie Jos\u00e9phine de La Soufflerie Paris. Toutes nos bougies sont coul\u00e9es \u00e0 la main \u00e0 partir d'ingr\u00e9dients naturels dans notre atelier parisien.\",\"breadcrumb\":{\"@id\":\"https:\\\/\\\/www.lasoufflerie.com\\\/fr\\\/produit\\\/josephine-bougie-forme-femme-coulee-main\\\/#breadcrumb\"},\"inLanguage\":\"fr-FR\",\"potentialAction\":[{\"@type\":\"ReadAction\",\"target\":[\"https:\\\/\\\/www.lasoufflerie.com\\\/fr\\\/produit\\\/josephine-bougie-forme-femme-coulee-main\\\/\"]}]},{\"@type\":\"ImageObject\",\"inLanguage\":\"fr-FR\",\"@id\":\"https:\\\/\\\/www.lasoufflerie.com\\\/fr\\\/produit\\\/josephine-bougie-forme-femme-coulee-main\\\/#primaryimage\",\"url\":\"https:\\\/\\\/www.lasoufflerie.com\\\/wp-content\\\/uploads\\\/2020\\\/04\\\/Josephine-2-scaled.jpg\",\"contentUrl\":\"https:\\\/\\\/www.lasoufflerie.com\\\/wp-content\\\/uploads\\\/2020\\\/04\\\/Josephine-2-scaled.jpg\",\"width\":1920,\"height\":2560,\"caption\":\"la-soufflerie-josephine-fait-main-paris\"},{\"@type\":\"BreadcrumbList\",\"@id\":\"https:\\\/\\\/www.lasoufflerie.com\\\/fr\\\/produit\\\/josephine-bougie-forme-femme-coulee-main\\\/#breadcrumb\",\"itemListElement\":[{\"@type\":\"ListItem\",\"position\":1,\"name\":\"Home\",\"item\":\"https:\\\/\\\/www.lasoufflerie.com\\\/fr\\\/\"},{\"@type\":\"ListItem\",\"position\":2,\"name\":\"Shop all\",\"item\":\"https:\\\/\\\/www.lasoufflerie.com\\\/fr\\\/boutique\\\/\"},{\"@type\":\"ListItem\",\"position\":3,\"name\":\"Jos\u00e9phine\"}]},{\"@type\":\"WebSite\",\"@id\":\"https:\\\/\\\/www.lasoufflerie.com\\\/fr\\\/#website\",\"url\":\"https:\\\/\\\/www.lasoufflerie.com\\\/fr\\\/\",\"name\":\"La Soufflerie\",\"description\":\"Glass blowing craft\",\"publisher\":{\"@id\":\"https:\\\/\\\/www.lasoufflerie.com\\\/fr\\\/#organization\"},\"potentialAction\":[{\"@type\":\"SearchAction\",\"target\":{\"@type\":\"EntryPoint\",\"urlTemplate\":\"https:\\\/\\\/www.lasoufflerie.com\\\/fr\\\/?s={search_term_string}\"},\"query-input\":{\"@type\":\"PropertyValueSpecification\",\"valueRequired\":true,\"valueName\":\"search_term_string\"}}],\"inLanguage\":\"fr-FR\"},{\"@type\":\"Organization\",\"@id\":\"https:\\\/\\\/www.lasoufflerie.com\\\/fr\\\/#organization\",\"name\":\"La Soufflerie\",\"url\":\"https:\\\/\\\/www.lasoufflerie.com\\\/fr\\\/\",\"logo\":{\"@type\":\"ImageObject\",\"inLanguage\":\"fr-FR\",\"@id\":\"https:\\\/\\\/www.lasoufflerie.com\\\/fr\\\/#\\\/schema\\\/logo\\\/image\\\/\",\"url\":\"https:\\\/\\\/www.lasoufflerie.com\\\/wp-content\\\/uploads\\\/2023\\\/11\\\/Logo-La-Soufflerie-black.png\",\"contentUrl\":\"https:\\\/\\\/www.lasoufflerie.com\\\/wp-content\\\/uploads\\\/2023\\\/11\\\/Logo-La-Soufflerie-black.png\",\"width\":2362,\"height\":2362,\"caption\":\"La Soufflerie\"},\"image\":{\"@id\":\"https:\\\/\\\/www.lasoufflerie.com\\\/fr\\\/#\\\/schema\\\/logo\\\/image\\\/\"},\"sameAs\":[\"https:\\\/\\\/facebook.com\\\/lasoufflerie\",\"https:\\\/\\\/x.com\\\/lasoufflerie\",\"https:\\\/\\\/instagram.com\\\/lasoufflerie\",\"https:\\\/\\\/www.linkedin.com\\\/company\\\/9327780?trk=tyah&amp;amp;amp;trkInfo=clickedVertical:company,clickedEntityId:9327780,idx:2-1-2,tarId:1458824308330,tas:lasouff\",\"https:\\\/\\\/pinterest.com\\\/lasoufflerie\"]}]}<\/script>\n<!-- \/ Yoast SEO plugin. -->","yoast_head_json":{"title":"Jos\u00e9phine - La Soufflerie - Fait main \u00e0 Paris","description":"D\u00e9couvrez la bougie Jos\u00e9phine de La Soufflerie Paris. Toutes nos bougies sont coul\u00e9es \u00e0 la main \u00e0 partir d'ingr\u00e9dients naturels dans notre atelier parisien.","robots":{"index":"index","follow":"follow","max-snippet":"max-snippet:-1","max-image-preview":"max-image-preview:large","max-video-preview":"max-video-preview:-1"},"canonical":"https:\/\/www.lasoufflerie.com\/fr\/produit\/josephine-bougie-forme-femme-coulee-main\/","og_locale":"fr_FR","og_type":"article","og_title":"Jos\u00e9phine - La Soufflerie - Fait main \u00e0 Paris","og_description":"D\u00e9couvrez la bougie Jos\u00e9phine de La Soufflerie Paris. Toutes nos bougies sont coul\u00e9es \u00e0 la main \u00e0 partir d'ingr\u00e9dients naturels dans notre atelier parisien.","og_url":"https:\/\/www.lasoufflerie.com\/fr\/produit\/josephine-bougie-forme-femme-coulee-main\/","og_site_name":"La Soufflerie","article_publisher":"https:\/\/facebook.com\/lasoufflerie","article_modified_time":"2026-02-26T13:16:31+00:00","og_image":[{"width":1920,"height":2560,"url":"https:\/\/www.lasoufflerie.com\/wp-content\/uploads\/2020\/04\/Josephine-2-scaled.jpg","type":"image\/jpeg"}],"twitter_card":"summary_large_image","twitter_site":"@lasoufflerie","twitter_misc":{"Dur\u00e9e de lecture estim\u00e9e":"1 minute"},"schema":{"@context":"https:\/\/schema.org","@graph":[{"@type":"WebPage","@id":"https:\/\/www.lasoufflerie.com\/fr\/produit\/josephine-bougie-forme-femme-coulee-main\/","url":"https:\/\/www.lasoufflerie.com\/fr\/produit\/josephine-bougie-forme-femme-coulee-main\/","name":"Jos\u00e9phine - La Soufflerie - Fait main \u00e0 Paris","isPartOf":{"@id":"https:\/\/www.lasoufflerie.com\/fr\/#website"},"primaryImageOfPage":{"@id":"https:\/\/www.lasoufflerie.com\/fr\/produit\/josephine-bougie-forme-femme-coulee-main\/#primaryimage"},"image":{"@id":"https:\/\/www.lasoufflerie.com\/fr\/produit\/josephine-bougie-forme-femme-coulee-main\/#primaryimage"},"thumbnailUrl":"https:\/\/www.lasoufflerie.com\/wp-content\/uploads\/2020\/04\/Josephine-2-scaled.jpg","datePublished":"2020-04-06T10:53:23+00:00","dateModified":"2026-02-26T13:16:31+00:00","description":"D\u00e9couvrez la bougie Jos\u00e9phine de La Soufflerie Paris. Toutes nos bougies sont coul\u00e9es \u00e0 la main \u00e0 partir d'ingr\u00e9dients naturels dans notre atelier parisien.","breadcrumb":{"@id":"https:\/\/www.lasoufflerie.com\/fr\/produit\/josephine-bougie-forme-femme-coulee-main\/#breadcrumb"},"inLanguage":"fr-FR","potentialAction":[{"@type":"ReadAction","target":["https:\/\/www.lasoufflerie.com\/fr\/produit\/josephine-bougie-forme-femme-coulee-main\/"]}]},{"@type":"ImageObject","inLanguage":"fr-FR","@id":"https:\/\/www.lasoufflerie.com\/fr\/produit\/josephine-bougie-forme-femme-coulee-main\/#primaryimage","url":"https:\/\/www.lasoufflerie.com\/wp-content\/uploads\/2020\/04\/Josephine-2-scaled.jpg","contentUrl":"https:\/\/www.lasoufflerie.com\/wp-content\/uploads\/2020\/04\/Josephine-2-scaled.jpg","width":1920,"height":2560,"caption":"la-soufflerie-josephine-fait-main-paris"},{"@type":"BreadcrumbList","@id":"https:\/\/www.lasoufflerie.com\/fr\/produit\/josephine-bougie-forme-femme-coulee-main\/#breadcrumb","itemListElement":[{"@type":"ListItem","position":1,"name":"Home","item":"https:\/\/www.lasoufflerie.com\/fr\/"},{"@type":"ListItem","position":2,"name":"Shop all","item":"https:\/\/www.lasoufflerie.com\/fr\/boutique\/"},{"@type":"ListItem","position":3,"name":"Jos\u00e9phine"}]},{"@type":"WebSite","@id":"https:\/\/www.lasoufflerie.com\/fr\/#website","url":"https:\/\/www.lasoufflerie.com\/fr\/","name":"La Soufflerie","description":"Glass blowing craft","publisher":{"@id":"https:\/\/www.lasoufflerie.com\/fr\/#organization"},"potentialAction":[{"@type":"SearchAction","target":{"@type":"EntryPoint","urlTemplate":"https:\/\/www.lasoufflerie.com\/fr\/?s={search_term_string}"},"query-input":{"@type":"PropertyValueSpecification","valueRequired":true,"valueName":"search_term_string"}}],"inLanguage":"fr-FR"},{"@type":"Organization","@id":"https:\/\/www.lasoufflerie.com\/fr\/#organization","name":"La Soufflerie","url":"https:\/\/www.lasoufflerie.com\/fr\/","logo":{"@type":"ImageObject","inLanguage":"fr-FR","@id":"https:\/\/www.lasoufflerie.com\/fr\/#\/schema\/logo\/image\/","url":"https:\/\/www.lasoufflerie.com\/wp-content\/uploads\/2023\/11\/Logo-La-Soufflerie-black.png","contentUrl":"https:\/\/www.lasoufflerie.com\/wp-content\/uploads\/2023\/11\/Logo-La-Soufflerie-black.png","width":2362,"height":2362,"caption":"La Soufflerie"},"image":{"@id":"https:\/\/www.lasoufflerie.com\/fr\/#\/schema\/logo\/image\/"},"sameAs":["https:\/\/facebook.com\/lasoufflerie","https:\/\/x.com\/lasoufflerie","https:\/\/instagram.com\/lasoufflerie","https:\/\/www.linkedin.com\/company\/9327780?trk=tyah&amp;amp;amp;trkInfo=clickedVertical:company,clickedEntityId:9327780,idx:2-1-2,tarId:1458824308330,tas:lasouff","https:\/\/pinterest.com\/lasoufflerie"]}]}},"_links":{"self":[{"href":"https:\/\/www.lasoufflerie.com\/fr\/wp-json\/wp\/v2\/product\/18119","targetHints":{"allow":["GET"]}}],"collection":[{"href":"https:\/\/www.lasoufflerie.com\/fr\/wp-json\/wp\/v2\/product"}],"about":[{"href":"https:\/\/www.lasoufflerie.com\/fr\/wp-json\/wp\/v2\/types\/product"}],"version-history":[{"count":10,"href":"https:\/\/www.lasoufflerie.com\/fr\/wp-json\/wp\/v2\/product\/18119\/revisions"}],"predecessor-version":[{"id":75521,"href":"https:\/\/www.lasoufflerie.com\/fr\/wp-json\/wp\/v2\/product\/18119\/revisions\/75521"}],"wp:featuredmedia":[{"embeddable":true,"href":"https:\/\/www.lasoufflerie.com\/fr\/wp-json\/wp\/v2\/media\/65682"}],"wp:attachment":[{"href":"https:\/\/www.lasoufflerie.com\/fr\/wp-json\/wp\/v2\/media?parent=18119"}],"wp:term":[{"taxonomy":"product_brand","embeddable":true,"href":"https:\/\/www.lasoufflerie.com\/fr\/wp-json\/wp\/v2\/product_brand?post=18119"},{"taxonomy":"product_cat","embeddable":true,"href":"https:\/\/www.lasoufflerie.com\/fr\/wp-json\/wp\/v2\/product_cat?post=18119"},{"taxonomy":"product_tag","embeddable":true,"href":"https:\/\/www.lasoufflerie.com\/fr\/wp-json\/wp\/v2\/product_tag?post=18119"}],"curies":[{"name":"wp","href":"https:\/\/api.w.org\/{rel}","templated":true}]}}