{"id":18170,"date":"2018-08-31T09:31:19","date_gmt":"2018-08-31T07:31:19","guid":{"rendered":"https:\/\/www.lasoufflerie.com\/product\/bagno-carre-la-soufflerie-recycled-glass-handmade-mouthblown-square-vase-carafe-budvase-incense\/"},"modified":"2026-02-26T14:24:30","modified_gmt":"2026-02-26T13:24:30","slug":"bagno-carre-sans-anse-transparent-bouteille-verre-recycle-souffle-bouche","status":"publish","type":"product","link":"https:\/\/www.lasoufflerie.com\/fr\/produit\/bagno-carre-sans-anse-transparent-bouteille-verre-recycle-souffle-bouche\/","title":{"rendered":"Bagno Carr\u00e9 Sans Anse"},"content":{"rendered":"<p>Le <strong>Bagno Carr\u00e9 Sans Anse <\/strong>est un r\u00e9cipient carr\u00e9 disponible en deux versions : \u00ab sans anse \u00bb, sans anse, ou \u00ab avec anse \u00bb, avec anse. Son design s\u2019inspire des anciens flacons italiens de savon liquide. Ces deux mod\u00e8les sont de magnifiques objets pouvant servir de vase ou de petite carafe.  <\/p>\n","protected":false},"excerpt":{"rendered":"<p>Le Bagno Carr\u00e9 Sans Anse est un r\u00e9cipient carr\u00e9 disponible en deux versions : \u00ab sans anse \u00bb, sans anse, ou \u00ab avec anse \u00bb, avec anse. Son design s\u2019inspire des anciens flacons italiens de savon liquide. Ces deux mod\u00e8les sont de magnifiques objets pouvant servir de vase ou de petite carafe.<\/p>\n","protected":false},"featured_media":12022,"template":"","meta":{"_acf_changed":false},"product_brand":[],"product_cat":[1341,1634,1623,1329,1309],"product_tag":[],"class_list":{"0":"post-18170","1":"product","2":"type-product","3":"status-publish","4":"has-post-thumbnail","6":"product_cat-bocaux-recipients","7":"product_cat-cadeaux-a-moins-de-50e-idees-cadeaux","8":"product_cat-la-boutique","9":"product_cat-soliflores","10":"product_cat-a-la-maison","11":"product_shipping_class-small-product-fr","12":"pa_a-gift-for-her-fr","13":"pa_a-gift-for-under-50e-fr","14":"pa_colour-transparent-fr","15":"pa_made-of-glass-fr","16":"pa_size-petit","18":"first","19":"instock","20":"taxable","21":"shipping-taxable","22":"purchasable","23":"product-type-simple"},"acf":[],"yoast_head":"<!-- This site is optimized with the Yoast SEO plugin v27.3 - https:\/\/yoast.com\/product\/yoast-seo-wordpress\/ -->\n<title>Bagno Carr\u00e9 Sans Anse - La Soufflerie - Verre souffl\u00e9 \u00e0 la main<\/title>\n<meta name=\"description\" content=\"Bagno Carr\u00e9 Sans Anse de La Soufflerie Paris. Un r\u00e9cipient artisanal fabriqu\u00e9 exclusivement \u00e0 partir de verre recycl\u00e9 et souffl\u00e9 \u00e0 la main par nos ma\u00eetres verriers.\" \/>\n<meta name=\"robots\" content=\"index, follow, max-snippet:-1, max-image-preview:large, max-video-preview:-1\" \/>\n<link rel=\"canonical\" href=\"https:\/\/www.lasoufflerie.com\/fr\/produit\/bagno-carre-sans-anse-transparent-bouteille-verre-recycle-souffle-bouche\/\" \/>\n<meta property=\"og:locale\" content=\"fr_FR\" \/>\n<meta property=\"og:type\" content=\"article\" \/>\n<meta property=\"og:title\" content=\"Bagno Carr\u00e9 Sans Anse - La Soufflerie - Verre souffl\u00e9 \u00e0 la main\" \/>\n<meta property=\"og:description\" content=\"Bagno Carr\u00e9 Sans Anse de La Soufflerie Paris. Un r\u00e9cipient artisanal fabriqu\u00e9 exclusivement \u00e0 partir de verre recycl\u00e9 et souffl\u00e9 \u00e0 la main par nos ma\u00eetres verriers.\" \/>\n<meta property=\"og:url\" content=\"https:\/\/www.lasoufflerie.com\/fr\/produit\/bagno-carre-sans-anse-transparent-bouteille-verre-recycle-souffle-bouche\/\" \/>\n<meta property=\"og:site_name\" content=\"La Soufflerie\" \/>\n<meta property=\"article:publisher\" content=\"https:\/\/facebook.com\/lasoufflerie\" \/>\n<meta property=\"article:modified_time\" content=\"2026-02-26T13:24:30+00:00\" \/>\n<meta property=\"og:image\" content=\"https:\/\/www.lasoufflerie.com\/wp-content\/uploads\/2023\/12\/Bagno-Carre-Sans-Anse-scaled-e1684740850498.jpg\" \/>\n\t<meta property=\"og:image:width\" content=\"810\" \/>\n\t<meta property=\"og:image:height\" content=\"1080\" \/>\n\t<meta property=\"og:image:type\" content=\"image\/jpeg\" \/>\n<meta name=\"twitter:card\" content=\"summary_large_image\" \/>\n<meta name=\"twitter:site\" content=\"@lasoufflerie\" \/>\n<script type=\"application\/ld+json\" class=\"yoast-schema-graph\">{\"@context\":\"https:\\\/\\\/schema.org\",\"@graph\":[{\"@type\":\"WebPage\",\"@id\":\"https:\\\/\\\/www.lasoufflerie.com\\\/fr\\\/produit\\\/bagno-carre-sans-anse-transparent-bouteille-verre-recycle-souffle-bouche\\\/\",\"url\":\"https:\\\/\\\/www.lasoufflerie.com\\\/fr\\\/produit\\\/bagno-carre-sans-anse-transparent-bouteille-verre-recycle-souffle-bouche\\\/\",\"name\":\"Bagno Carr\u00e9 Sans Anse - La Soufflerie - Verre souffl\u00e9 \u00e0 la main\",\"isPartOf\":{\"@id\":\"https:\\\/\\\/www.lasoufflerie.com\\\/fr\\\/#website\"},\"primaryImageOfPage\":{\"@id\":\"https:\\\/\\\/www.lasoufflerie.com\\\/fr\\\/produit\\\/bagno-carre-sans-anse-transparent-bouteille-verre-recycle-souffle-bouche\\\/#primaryimage\"},\"image\":{\"@id\":\"https:\\\/\\\/www.lasoufflerie.com\\\/fr\\\/produit\\\/bagno-carre-sans-anse-transparent-bouteille-verre-recycle-souffle-bouche\\\/#primaryimage\"},\"thumbnailUrl\":\"https:\\\/\\\/www.lasoufflerie.com\\\/wp-content\\\/uploads\\\/2023\\\/12\\\/Bagno-Carre-Sans-Anse-scaled-e1684740850498.jpg\",\"datePublished\":\"2018-08-31T07:31:19+00:00\",\"dateModified\":\"2026-02-26T13:24:30+00:00\",\"description\":\"Bagno Carr\u00e9 Sans Anse de La Soufflerie Paris. Un r\u00e9cipient artisanal fabriqu\u00e9 exclusivement \u00e0 partir de verre recycl\u00e9 et souffl\u00e9 \u00e0 la main par nos ma\u00eetres verriers.\",\"breadcrumb\":{\"@id\":\"https:\\\/\\\/www.lasoufflerie.com\\\/fr\\\/produit\\\/bagno-carre-sans-anse-transparent-bouteille-verre-recycle-souffle-bouche\\\/#breadcrumb\"},\"inLanguage\":\"fr-FR\",\"potentialAction\":[{\"@type\":\"ReadAction\",\"target\":[\"https:\\\/\\\/www.lasoufflerie.com\\\/fr\\\/produit\\\/bagno-carre-sans-anse-transparent-bouteille-verre-recycle-souffle-bouche\\\/\"]}]},{\"@type\":\"ImageObject\",\"inLanguage\":\"fr-FR\",\"@id\":\"https:\\\/\\\/www.lasoufflerie.com\\\/fr\\\/produit\\\/bagno-carre-sans-anse-transparent-bouteille-verre-recycle-souffle-bouche\\\/#primaryimage\",\"url\":\"https:\\\/\\\/www.lasoufflerie.com\\\/wp-content\\\/uploads\\\/2023\\\/12\\\/Bagno-Carre-Sans-Anse-scaled-e1684740850498.jpg\",\"contentUrl\":\"https:\\\/\\\/www.lasoufflerie.com\\\/wp-content\\\/uploads\\\/2023\\\/12\\\/Bagno-Carre-Sans-Anse-scaled-e1684740850498.jpg\",\"width\":810,\"height\":1080},{\"@type\":\"BreadcrumbList\",\"@id\":\"https:\\\/\\\/www.lasoufflerie.com\\\/fr\\\/produit\\\/bagno-carre-sans-anse-transparent-bouteille-verre-recycle-souffle-bouche\\\/#breadcrumb\",\"itemListElement\":[{\"@type\":\"ListItem\",\"position\":1,\"name\":\"Home\",\"item\":\"https:\\\/\\\/www.lasoufflerie.com\\\/fr\\\/\"},{\"@type\":\"ListItem\",\"position\":2,\"name\":\"Shop all\",\"item\":\"https:\\\/\\\/www.lasoufflerie.com\\\/fr\\\/boutique\\\/\"},{\"@type\":\"ListItem\",\"position\":3,\"name\":\"Bagno Carr\u00e9 Sans Anse\"}]},{\"@type\":\"WebSite\",\"@id\":\"https:\\\/\\\/www.lasoufflerie.com\\\/fr\\\/#website\",\"url\":\"https:\\\/\\\/www.lasoufflerie.com\\\/fr\\\/\",\"name\":\"La Soufflerie\",\"description\":\"Glass blowing craft\",\"publisher\":{\"@id\":\"https:\\\/\\\/www.lasoufflerie.com\\\/fr\\\/#organization\"},\"potentialAction\":[{\"@type\":\"SearchAction\",\"target\":{\"@type\":\"EntryPoint\",\"urlTemplate\":\"https:\\\/\\\/www.lasoufflerie.com\\\/fr\\\/?s={search_term_string}\"},\"query-input\":{\"@type\":\"PropertyValueSpecification\",\"valueRequired\":true,\"valueName\":\"search_term_string\"}}],\"inLanguage\":\"fr-FR\"},{\"@type\":\"Organization\",\"@id\":\"https:\\\/\\\/www.lasoufflerie.com\\\/fr\\\/#organization\",\"name\":\"La Soufflerie\",\"url\":\"https:\\\/\\\/www.lasoufflerie.com\\\/fr\\\/\",\"logo\":{\"@type\":\"ImageObject\",\"inLanguage\":\"fr-FR\",\"@id\":\"https:\\\/\\\/www.lasoufflerie.com\\\/fr\\\/#\\\/schema\\\/logo\\\/image\\\/\",\"url\":\"https:\\\/\\\/www.lasoufflerie.com\\\/wp-content\\\/uploads\\\/2023\\\/11\\\/Logo-La-Soufflerie-black.png\",\"contentUrl\":\"https:\\\/\\\/www.lasoufflerie.com\\\/wp-content\\\/uploads\\\/2023\\\/11\\\/Logo-La-Soufflerie-black.png\",\"width\":2362,\"height\":2362,\"caption\":\"La Soufflerie\"},\"image\":{\"@id\":\"https:\\\/\\\/www.lasoufflerie.com\\\/fr\\\/#\\\/schema\\\/logo\\\/image\\\/\"},\"sameAs\":[\"https:\\\/\\\/facebook.com\\\/lasoufflerie\",\"https:\\\/\\\/x.com\\\/lasoufflerie\",\"https:\\\/\\\/instagram.com\\\/lasoufflerie\",\"https:\\\/\\\/www.linkedin.com\\\/company\\\/9327780?trk=tyah&amp;amp;amp;trkInfo=clickedVertical:company,clickedEntityId:9327780,idx:2-1-2,tarId:1458824308330,tas:lasouff\",\"https:\\\/\\\/pinterest.com\\\/lasoufflerie\"]}]}<\/script>\n<!-- \/ Yoast SEO plugin. -->","yoast_head_json":{"title":"Bagno Carr\u00e9 Sans Anse - La Soufflerie - Verre souffl\u00e9 \u00e0 la main","description":"Bagno Carr\u00e9 Sans Anse de La Soufflerie Paris. Un r\u00e9cipient artisanal fabriqu\u00e9 exclusivement \u00e0 partir de verre recycl\u00e9 et souffl\u00e9 \u00e0 la main par nos ma\u00eetres verriers.","robots":{"index":"index","follow":"follow","max-snippet":"max-snippet:-1","max-image-preview":"max-image-preview:large","max-video-preview":"max-video-preview:-1"},"canonical":"https:\/\/www.lasoufflerie.com\/fr\/produit\/bagno-carre-sans-anse-transparent-bouteille-verre-recycle-souffle-bouche\/","og_locale":"fr_FR","og_type":"article","og_title":"Bagno Carr\u00e9 Sans Anse - La Soufflerie - Verre souffl\u00e9 \u00e0 la main","og_description":"Bagno Carr\u00e9 Sans Anse de La Soufflerie Paris. Un r\u00e9cipient artisanal fabriqu\u00e9 exclusivement \u00e0 partir de verre recycl\u00e9 et souffl\u00e9 \u00e0 la main par nos ma\u00eetres verriers.","og_url":"https:\/\/www.lasoufflerie.com\/fr\/produit\/bagno-carre-sans-anse-transparent-bouteille-verre-recycle-souffle-bouche\/","og_site_name":"La Soufflerie","article_publisher":"https:\/\/facebook.com\/lasoufflerie","article_modified_time":"2026-02-26T13:24:30+00:00","og_image":[{"width":810,"height":1080,"url":"https:\/\/www.lasoufflerie.com\/wp-content\/uploads\/2023\/12\/Bagno-Carre-Sans-Anse-scaled-e1684740850498.jpg","type":"image\/jpeg"}],"twitter_card":"summary_large_image","twitter_site":"@lasoufflerie","schema":{"@context":"https:\/\/schema.org","@graph":[{"@type":"WebPage","@id":"https:\/\/www.lasoufflerie.com\/fr\/produit\/bagno-carre-sans-anse-transparent-bouteille-verre-recycle-souffle-bouche\/","url":"https:\/\/www.lasoufflerie.com\/fr\/produit\/bagno-carre-sans-anse-transparent-bouteille-verre-recycle-souffle-bouche\/","name":"Bagno Carr\u00e9 Sans Anse - La Soufflerie - Verre souffl\u00e9 \u00e0 la main","isPartOf":{"@id":"https:\/\/www.lasoufflerie.com\/fr\/#website"},"primaryImageOfPage":{"@id":"https:\/\/www.lasoufflerie.com\/fr\/produit\/bagno-carre-sans-anse-transparent-bouteille-verre-recycle-souffle-bouche\/#primaryimage"},"image":{"@id":"https:\/\/www.lasoufflerie.com\/fr\/produit\/bagno-carre-sans-anse-transparent-bouteille-verre-recycle-souffle-bouche\/#primaryimage"},"thumbnailUrl":"https:\/\/www.lasoufflerie.com\/wp-content\/uploads\/2023\/12\/Bagno-Carre-Sans-Anse-scaled-e1684740850498.jpg","datePublished":"2018-08-31T07:31:19+00:00","dateModified":"2026-02-26T13:24:30+00:00","description":"Bagno Carr\u00e9 Sans Anse de La Soufflerie Paris. Un r\u00e9cipient artisanal fabriqu\u00e9 exclusivement \u00e0 partir de verre recycl\u00e9 et souffl\u00e9 \u00e0 la main par nos ma\u00eetres verriers.","breadcrumb":{"@id":"https:\/\/www.lasoufflerie.com\/fr\/produit\/bagno-carre-sans-anse-transparent-bouteille-verre-recycle-souffle-bouche\/#breadcrumb"},"inLanguage":"fr-FR","potentialAction":[{"@type":"ReadAction","target":["https:\/\/www.lasoufflerie.com\/fr\/produit\/bagno-carre-sans-anse-transparent-bouteille-verre-recycle-souffle-bouche\/"]}]},{"@type":"ImageObject","inLanguage":"fr-FR","@id":"https:\/\/www.lasoufflerie.com\/fr\/produit\/bagno-carre-sans-anse-transparent-bouteille-verre-recycle-souffle-bouche\/#primaryimage","url":"https:\/\/www.lasoufflerie.com\/wp-content\/uploads\/2023\/12\/Bagno-Carre-Sans-Anse-scaled-e1684740850498.jpg","contentUrl":"https:\/\/www.lasoufflerie.com\/wp-content\/uploads\/2023\/12\/Bagno-Carre-Sans-Anse-scaled-e1684740850498.jpg","width":810,"height":1080},{"@type":"BreadcrumbList","@id":"https:\/\/www.lasoufflerie.com\/fr\/produit\/bagno-carre-sans-anse-transparent-bouteille-verre-recycle-souffle-bouche\/#breadcrumb","itemListElement":[{"@type":"ListItem","position":1,"name":"Home","item":"https:\/\/www.lasoufflerie.com\/fr\/"},{"@type":"ListItem","position":2,"name":"Shop all","item":"https:\/\/www.lasoufflerie.com\/fr\/boutique\/"},{"@type":"ListItem","position":3,"name":"Bagno Carr\u00e9 Sans Anse"}]},{"@type":"WebSite","@id":"https:\/\/www.lasoufflerie.com\/fr\/#website","url":"https:\/\/www.lasoufflerie.com\/fr\/","name":"La Soufflerie","description":"Glass blowing craft","publisher":{"@id":"https:\/\/www.lasoufflerie.com\/fr\/#organization"},"potentialAction":[{"@type":"SearchAction","target":{"@type":"EntryPoint","urlTemplate":"https:\/\/www.lasoufflerie.com\/fr\/?s={search_term_string}"},"query-input":{"@type":"PropertyValueSpecification","valueRequired":true,"valueName":"search_term_string"}}],"inLanguage":"fr-FR"},{"@type":"Organization","@id":"https:\/\/www.lasoufflerie.com\/fr\/#organization","name":"La Soufflerie","url":"https:\/\/www.lasoufflerie.com\/fr\/","logo":{"@type":"ImageObject","inLanguage":"fr-FR","@id":"https:\/\/www.lasoufflerie.com\/fr\/#\/schema\/logo\/image\/","url":"https:\/\/www.lasoufflerie.com\/wp-content\/uploads\/2023\/11\/Logo-La-Soufflerie-black.png","contentUrl":"https:\/\/www.lasoufflerie.com\/wp-content\/uploads\/2023\/11\/Logo-La-Soufflerie-black.png","width":2362,"height":2362,"caption":"La Soufflerie"},"image":{"@id":"https:\/\/www.lasoufflerie.com\/fr\/#\/schema\/logo\/image\/"},"sameAs":["https:\/\/facebook.com\/lasoufflerie","https:\/\/x.com\/lasoufflerie","https:\/\/instagram.com\/lasoufflerie","https:\/\/www.linkedin.com\/company\/9327780?trk=tyah&amp;amp;amp;trkInfo=clickedVertical:company,clickedEntityId:9327780,idx:2-1-2,tarId:1458824308330,tas:lasouff","https:\/\/pinterest.com\/lasoufflerie"]}]}},"_links":{"self":[{"href":"https:\/\/www.lasoufflerie.com\/fr\/wp-json\/wp\/v2\/product\/18170","targetHints":{"allow":["GET"]}}],"collection":[{"href":"https:\/\/www.lasoufflerie.com\/fr\/wp-json\/wp\/v2\/product"}],"about":[{"href":"https:\/\/www.lasoufflerie.com\/fr\/wp-json\/wp\/v2\/types\/product"}],"version-history":[{"count":8,"href":"https:\/\/www.lasoufflerie.com\/fr\/wp-json\/wp\/v2\/product\/18170\/revisions"}],"predecessor-version":[{"id":75524,"href":"https:\/\/www.lasoufflerie.com\/fr\/wp-json\/wp\/v2\/product\/18170\/revisions\/75524"}],"wp:featuredmedia":[{"embeddable":true,"href":"https:\/\/www.lasoufflerie.com\/fr\/wp-json\/wp\/v2\/media\/12022"}],"wp:attachment":[{"href":"https:\/\/www.lasoufflerie.com\/fr\/wp-json\/wp\/v2\/media?parent=18170"}],"wp:term":[{"taxonomy":"product_brand","embeddable":true,"href":"https:\/\/www.lasoufflerie.com\/fr\/wp-json\/wp\/v2\/product_brand?post=18170"},{"taxonomy":"product_cat","embeddable":true,"href":"https:\/\/www.lasoufflerie.com\/fr\/wp-json\/wp\/v2\/product_cat?post=18170"},{"taxonomy":"product_tag","embeddable":true,"href":"https:\/\/www.lasoufflerie.com\/fr\/wp-json\/wp\/v2\/product_tag?post=18170"}],"curies":[{"name":"wp","href":"https:\/\/api.w.org\/{rel}","templated":true}]}}