{"id":18185,"date":"2025-08-01T09:58:42","date_gmt":"2025-08-01T07:58:42","guid":{"rendered":"https:\/\/www.lasoufflerie.com\/product\/les-naiades-plaster-sculpture-handmade\/"},"modified":"2025-09-19T16:20:26","modified_gmt":"2025-09-19T14:20:26","slug":"les-naiades-small-scuplture-bas-relief-fait-main","status":"publish","type":"product","link":"https:\/\/www.lasoufflerie.com\/fr\/produit\/les-naiades-small-scuplture-bas-relief-fait-main\/","title":{"rendered":"Les Na\u00efades Small"},"content":{"rendered":"<p><strong>Les Na\u00efades Small<\/strong> fait partie de notre s\u00e9rie de pi\u00e8ces d\u00e9coratives en pl\u00e2tre. Une Na\u00efade est une nymphe qui pr\u00e9side aux rivi\u00e8res, ruisseaux, lacs, marais, fontaines et sources. La mythologie grecque les consid\u00e8re comme des d\u00e9esses qui prot\u00e9geaient les jeunes filles en supervisant leur passage en toute s\u00e9curit\u00e9 de l&rsquo;enfance \u00e0 l&rsquo;\u00e2ge adulte. Notre pi\u00e8ce en pl\u00e2tre Les Na\u00efades Small est une pi\u00e8ce \u00e9l\u00e9gante et tendance fabriqu\u00e9e \u00e0 la main par <a href=\"https:\/\/www.moulageetpatine.com\/\">S\u00e9bastien<\/a> dans notre atelier parisien.<\/p>\n<p>Veuillez pr\u00e9voir 2 \u00e0 3 semaines suppl\u00e9mentaires pour la livraison, car votre pi\u00e8ce en pl\u00e2tre est fabriqu\u00e9e \u00e0 la main sur commande.<\/p>\n<p>Ne convient pas \u00e0 une utilisation avec de l&rsquo;eau.<\/p>\n","protected":false},"excerpt":{"rendered":"<p>Les Na\u00efades Small fait partie de notre s\u00e9rie de pi\u00e8ces d\u00e9coratives en pl\u00e2tre. Une Na\u00efade est une nymphe qui pr\u00e9side aux rivi\u00e8res, ruisseaux, lacs, marais, fontaines et sources. La mythologie grecque les consid\u00e8re comme des d\u00e9esses qui prot\u00e9geaient les jeunes filles en supervisant leur passage en toute s\u00e9curit\u00e9 de l&rsquo;enfance \u00e0 l&rsquo;\u00e2ge adulte. Notre pi\u00e8ce [&hellip;]<\/p>\n","protected":false},"featured_media":60795,"template":"","meta":{"_acf_changed":false},"product_brand":[],"product_cat":[1326,1636,1623,1314],"product_tag":[],"class_list":{"0":"post-18185","1":"product","2":"type-product","3":"status-publish","4":"has-post-thumbnail","6":"product_cat-bas-relief-fr","7":"product_cat-cadeaux-a-plus-de-50e-idees-cadeaux","8":"product_cat-la-boutique","9":"product_cat-platres-terre-cuites","10":"product_shipping_class-produit-extra-large","11":"pa_a-gift-for-her-fr","12":"pa_a-gift-for-lui","13":"pa_a-gift-for-plus-de-50e","14":"pa_colour-blanc","15":"pa_made-of-platre","16":"pa_size-large-fr","18":"first","19":"instock","20":"taxable","21":"shipping-taxable","22":"purchasable","23":"product-type-simple"},"acf":[],"yoast_head":"<!-- This site is optimized with the Yoast SEO plugin v27.3 - https:\/\/yoast.com\/product\/yoast-seo-wordpress\/ -->\n<title>Les Na\u00efades Small - La Soufflerie - Fait main \u00e0 Paris<\/title>\n<meta name=\"description\" content=\"Achetez Les Na\u00efades Small. Une pi\u00e8ce decorative en pl\u00e2tre fait \u00e0 la main dans notre atelier \u00e0 Paris et disponible pour une exp\u00e9dition \u00e0 l&#039;international.\" \/>\n<meta name=\"robots\" content=\"index, follow, max-snippet:-1, max-image-preview:large, max-video-preview:-1\" \/>\n<link rel=\"canonical\" href=\"https:\/\/www.lasoufflerie.com\/fr\/produit\/les-naiades-small-scuplture-bas-relief-fait-main\/\" \/>\n<meta property=\"og:locale\" content=\"fr_FR\" \/>\n<meta property=\"og:type\" content=\"article\" \/>\n<meta property=\"og:title\" content=\"Les Na\u00efades Small - La Soufflerie - Fait main \u00e0 Paris\" \/>\n<meta property=\"og:description\" content=\"Achetez Les Na\u00efades Small. Une pi\u00e8ce decorative en pl\u00e2tre fait \u00e0 la main dans notre atelier \u00e0 Paris et disponible pour une exp\u00e9dition \u00e0 l&#039;international.\" \/>\n<meta property=\"og:url\" content=\"https:\/\/www.lasoufflerie.com\/fr\/produit\/les-naiades-small-scuplture-bas-relief-fait-main\/\" \/>\n<meta property=\"og:site_name\" content=\"La Soufflerie\" \/>\n<meta property=\"article:publisher\" content=\"https:\/\/facebook.com\/lasoufflerie\" \/>\n<meta property=\"article:modified_time\" content=\"2025-09-19T14:20:26+00:00\" \/>\n<meta property=\"og:image\" content=\"https:\/\/www.lasoufflerie.com\/wp-content\/uploads\/2018\/05\/A8D8BAFA-073B-4197-9878-873A02B98204_1_201_a-scaled.jpeg\" \/>\n\t<meta property=\"og:image:width\" content=\"1920\" \/>\n\t<meta property=\"og:image:height\" content=\"2560\" \/>\n\t<meta property=\"og:image:type\" content=\"image\/jpeg\" \/>\n<meta name=\"twitter:card\" content=\"summary_large_image\" \/>\n<meta name=\"twitter:site\" content=\"@lasoufflerie\" \/>\n<meta name=\"twitter:label1\" content=\"Dur\u00e9e de lecture estim\u00e9e\" \/>\n\t<meta name=\"twitter:data1\" content=\"1 minute\" \/>\n<script type=\"application\/ld+json\" class=\"yoast-schema-graph\">{\"@context\":\"https:\\\/\\\/schema.org\",\"@graph\":[{\"@type\":\"WebPage\",\"@id\":\"https:\\\/\\\/www.lasoufflerie.com\\\/fr\\\/produit\\\/les-naiades-small-scuplture-bas-relief-fait-main\\\/\",\"url\":\"https:\\\/\\\/www.lasoufflerie.com\\\/fr\\\/produit\\\/les-naiades-small-scuplture-bas-relief-fait-main\\\/\",\"name\":\"Les Na\u00efades Small - La Soufflerie - Fait main \u00e0 Paris\",\"isPartOf\":{\"@id\":\"https:\\\/\\\/www.lasoufflerie.com\\\/fr\\\/#website\"},\"primaryImageOfPage\":{\"@id\":\"https:\\\/\\\/www.lasoufflerie.com\\\/fr\\\/produit\\\/les-naiades-small-scuplture-bas-relief-fait-main\\\/#primaryimage\"},\"image\":{\"@id\":\"https:\\\/\\\/www.lasoufflerie.com\\\/fr\\\/produit\\\/les-naiades-small-scuplture-bas-relief-fait-main\\\/#primaryimage\"},\"thumbnailUrl\":\"https:\\\/\\\/www.lasoufflerie.com\\\/wp-content\\\/uploads\\\/2018\\\/05\\\/A8D8BAFA-073B-4197-9878-873A02B98204_1_201_a-scaled.jpeg\",\"datePublished\":\"2025-08-01T07:58:42+00:00\",\"dateModified\":\"2025-09-19T14:20:26+00:00\",\"description\":\"Achetez Les Na\u00efades Small. Une pi\u00e8ce decorative en pl\u00e2tre fait \u00e0 la main dans notre atelier \u00e0 Paris et disponible pour une exp\u00e9dition \u00e0 l'international.\",\"breadcrumb\":{\"@id\":\"https:\\\/\\\/www.lasoufflerie.com\\\/fr\\\/produit\\\/les-naiades-small-scuplture-bas-relief-fait-main\\\/#breadcrumb\"},\"inLanguage\":\"fr-FR\",\"potentialAction\":[{\"@type\":\"ReadAction\",\"target\":[\"https:\\\/\\\/www.lasoufflerie.com\\\/fr\\\/produit\\\/les-naiades-small-scuplture-bas-relief-fait-main\\\/\"]}]},{\"@type\":\"ImageObject\",\"inLanguage\":\"fr-FR\",\"@id\":\"https:\\\/\\\/www.lasoufflerie.com\\\/fr\\\/produit\\\/les-naiades-small-scuplture-bas-relief-fait-main\\\/#primaryimage\",\"url\":\"https:\\\/\\\/www.lasoufflerie.com\\\/wp-content\\\/uploads\\\/2018\\\/05\\\/A8D8BAFA-073B-4197-9878-873A02B98204_1_201_a-scaled.jpeg\",\"contentUrl\":\"https:\\\/\\\/www.lasoufflerie.com\\\/wp-content\\\/uploads\\\/2018\\\/05\\\/A8D8BAFA-073B-4197-9878-873A02B98204_1_201_a-scaled.jpeg\",\"width\":1920,\"height\":2560,\"caption\":\"na\u00efades-plaster-piece-on-wall\"},{\"@type\":\"BreadcrumbList\",\"@id\":\"https:\\\/\\\/www.lasoufflerie.com\\\/fr\\\/produit\\\/les-naiades-small-scuplture-bas-relief-fait-main\\\/#breadcrumb\",\"itemListElement\":[{\"@type\":\"ListItem\",\"position\":1,\"name\":\"Home\",\"item\":\"https:\\\/\\\/www.lasoufflerie.com\\\/fr\\\/\"},{\"@type\":\"ListItem\",\"position\":2,\"name\":\"Shop all\",\"item\":\"https:\\\/\\\/www.lasoufflerie.com\\\/fr\\\/boutique\\\/\"},{\"@type\":\"ListItem\",\"position\":3,\"name\":\"Les Na\u00efades Small\"}]},{\"@type\":\"WebSite\",\"@id\":\"https:\\\/\\\/www.lasoufflerie.com\\\/fr\\\/#website\",\"url\":\"https:\\\/\\\/www.lasoufflerie.com\\\/fr\\\/\",\"name\":\"La Soufflerie\",\"description\":\"Glass blowing craft\",\"publisher\":{\"@id\":\"https:\\\/\\\/www.lasoufflerie.com\\\/fr\\\/#organization\"},\"potentialAction\":[{\"@type\":\"SearchAction\",\"target\":{\"@type\":\"EntryPoint\",\"urlTemplate\":\"https:\\\/\\\/www.lasoufflerie.com\\\/fr\\\/?s={search_term_string}\"},\"query-input\":{\"@type\":\"PropertyValueSpecification\",\"valueRequired\":true,\"valueName\":\"search_term_string\"}}],\"inLanguage\":\"fr-FR\"},{\"@type\":\"Organization\",\"@id\":\"https:\\\/\\\/www.lasoufflerie.com\\\/fr\\\/#organization\",\"name\":\"La Soufflerie\",\"url\":\"https:\\\/\\\/www.lasoufflerie.com\\\/fr\\\/\",\"logo\":{\"@type\":\"ImageObject\",\"inLanguage\":\"fr-FR\",\"@id\":\"https:\\\/\\\/www.lasoufflerie.com\\\/fr\\\/#\\\/schema\\\/logo\\\/image\\\/\",\"url\":\"https:\\\/\\\/www.lasoufflerie.com\\\/wp-content\\\/uploads\\\/2023\\\/11\\\/Logo-La-Soufflerie-black.png\",\"contentUrl\":\"https:\\\/\\\/www.lasoufflerie.com\\\/wp-content\\\/uploads\\\/2023\\\/11\\\/Logo-La-Soufflerie-black.png\",\"width\":2362,\"height\":2362,\"caption\":\"La Soufflerie\"},\"image\":{\"@id\":\"https:\\\/\\\/www.lasoufflerie.com\\\/fr\\\/#\\\/schema\\\/logo\\\/image\\\/\"},\"sameAs\":[\"https:\\\/\\\/facebook.com\\\/lasoufflerie\",\"https:\\\/\\\/x.com\\\/lasoufflerie\",\"https:\\\/\\\/instagram.com\\\/lasoufflerie\",\"https:\\\/\\\/www.linkedin.com\\\/company\\\/9327780?trk=tyah&amp;amp;amp;trkInfo=clickedVertical:company,clickedEntityId:9327780,idx:2-1-2,tarId:1458824308330,tas:lasouff\",\"https:\\\/\\\/pinterest.com\\\/lasoufflerie\"]}]}<\/script>\n<!-- \/ Yoast SEO plugin. -->","yoast_head_json":{"title":"Les Na\u00efades Small - La Soufflerie - Fait main \u00e0 Paris","description":"Achetez Les Na\u00efades Small. Une pi\u00e8ce decorative en pl\u00e2tre fait \u00e0 la main dans notre atelier \u00e0 Paris et disponible pour une exp\u00e9dition \u00e0 l'international.","robots":{"index":"index","follow":"follow","max-snippet":"max-snippet:-1","max-image-preview":"max-image-preview:large","max-video-preview":"max-video-preview:-1"},"canonical":"https:\/\/www.lasoufflerie.com\/fr\/produit\/les-naiades-small-scuplture-bas-relief-fait-main\/","og_locale":"fr_FR","og_type":"article","og_title":"Les Na\u00efades Small - La Soufflerie - Fait main \u00e0 Paris","og_description":"Achetez Les Na\u00efades Small. Une pi\u00e8ce decorative en pl\u00e2tre fait \u00e0 la main dans notre atelier \u00e0 Paris et disponible pour une exp\u00e9dition \u00e0 l'international.","og_url":"https:\/\/www.lasoufflerie.com\/fr\/produit\/les-naiades-small-scuplture-bas-relief-fait-main\/","og_site_name":"La Soufflerie","article_publisher":"https:\/\/facebook.com\/lasoufflerie","article_modified_time":"2025-09-19T14:20:26+00:00","og_image":[{"width":1920,"height":2560,"url":"https:\/\/www.lasoufflerie.com\/wp-content\/uploads\/2018\/05\/A8D8BAFA-073B-4197-9878-873A02B98204_1_201_a-scaled.jpeg","type":"image\/jpeg"}],"twitter_card":"summary_large_image","twitter_site":"@lasoufflerie","twitter_misc":{"Dur\u00e9e de lecture estim\u00e9e":"1 minute"},"schema":{"@context":"https:\/\/schema.org","@graph":[{"@type":"WebPage","@id":"https:\/\/www.lasoufflerie.com\/fr\/produit\/les-naiades-small-scuplture-bas-relief-fait-main\/","url":"https:\/\/www.lasoufflerie.com\/fr\/produit\/les-naiades-small-scuplture-bas-relief-fait-main\/","name":"Les Na\u00efades Small - La Soufflerie - Fait main \u00e0 Paris","isPartOf":{"@id":"https:\/\/www.lasoufflerie.com\/fr\/#website"},"primaryImageOfPage":{"@id":"https:\/\/www.lasoufflerie.com\/fr\/produit\/les-naiades-small-scuplture-bas-relief-fait-main\/#primaryimage"},"image":{"@id":"https:\/\/www.lasoufflerie.com\/fr\/produit\/les-naiades-small-scuplture-bas-relief-fait-main\/#primaryimage"},"thumbnailUrl":"https:\/\/www.lasoufflerie.com\/wp-content\/uploads\/2018\/05\/A8D8BAFA-073B-4197-9878-873A02B98204_1_201_a-scaled.jpeg","datePublished":"2025-08-01T07:58:42+00:00","dateModified":"2025-09-19T14:20:26+00:00","description":"Achetez Les Na\u00efades Small. Une pi\u00e8ce decorative en pl\u00e2tre fait \u00e0 la main dans notre atelier \u00e0 Paris et disponible pour une exp\u00e9dition \u00e0 l'international.","breadcrumb":{"@id":"https:\/\/www.lasoufflerie.com\/fr\/produit\/les-naiades-small-scuplture-bas-relief-fait-main\/#breadcrumb"},"inLanguage":"fr-FR","potentialAction":[{"@type":"ReadAction","target":["https:\/\/www.lasoufflerie.com\/fr\/produit\/les-naiades-small-scuplture-bas-relief-fait-main\/"]}]},{"@type":"ImageObject","inLanguage":"fr-FR","@id":"https:\/\/www.lasoufflerie.com\/fr\/produit\/les-naiades-small-scuplture-bas-relief-fait-main\/#primaryimage","url":"https:\/\/www.lasoufflerie.com\/wp-content\/uploads\/2018\/05\/A8D8BAFA-073B-4197-9878-873A02B98204_1_201_a-scaled.jpeg","contentUrl":"https:\/\/www.lasoufflerie.com\/wp-content\/uploads\/2018\/05\/A8D8BAFA-073B-4197-9878-873A02B98204_1_201_a-scaled.jpeg","width":1920,"height":2560,"caption":"na\u00efades-plaster-piece-on-wall"},{"@type":"BreadcrumbList","@id":"https:\/\/www.lasoufflerie.com\/fr\/produit\/les-naiades-small-scuplture-bas-relief-fait-main\/#breadcrumb","itemListElement":[{"@type":"ListItem","position":1,"name":"Home","item":"https:\/\/www.lasoufflerie.com\/fr\/"},{"@type":"ListItem","position":2,"name":"Shop all","item":"https:\/\/www.lasoufflerie.com\/fr\/boutique\/"},{"@type":"ListItem","position":3,"name":"Les Na\u00efades Small"}]},{"@type":"WebSite","@id":"https:\/\/www.lasoufflerie.com\/fr\/#website","url":"https:\/\/www.lasoufflerie.com\/fr\/","name":"La Soufflerie","description":"Glass blowing craft","publisher":{"@id":"https:\/\/www.lasoufflerie.com\/fr\/#organization"},"potentialAction":[{"@type":"SearchAction","target":{"@type":"EntryPoint","urlTemplate":"https:\/\/www.lasoufflerie.com\/fr\/?s={search_term_string}"},"query-input":{"@type":"PropertyValueSpecification","valueRequired":true,"valueName":"search_term_string"}}],"inLanguage":"fr-FR"},{"@type":"Organization","@id":"https:\/\/www.lasoufflerie.com\/fr\/#organization","name":"La Soufflerie","url":"https:\/\/www.lasoufflerie.com\/fr\/","logo":{"@type":"ImageObject","inLanguage":"fr-FR","@id":"https:\/\/www.lasoufflerie.com\/fr\/#\/schema\/logo\/image\/","url":"https:\/\/www.lasoufflerie.com\/wp-content\/uploads\/2023\/11\/Logo-La-Soufflerie-black.png","contentUrl":"https:\/\/www.lasoufflerie.com\/wp-content\/uploads\/2023\/11\/Logo-La-Soufflerie-black.png","width":2362,"height":2362,"caption":"La Soufflerie"},"image":{"@id":"https:\/\/www.lasoufflerie.com\/fr\/#\/schema\/logo\/image\/"},"sameAs":["https:\/\/facebook.com\/lasoufflerie","https:\/\/x.com\/lasoufflerie","https:\/\/instagram.com\/lasoufflerie","https:\/\/www.linkedin.com\/company\/9327780?trk=tyah&amp;amp;amp;trkInfo=clickedVertical:company,clickedEntityId:9327780,idx:2-1-2,tarId:1458824308330,tas:lasouff","https:\/\/pinterest.com\/lasoufflerie"]}]}},"_links":{"self":[{"href":"https:\/\/www.lasoufflerie.com\/fr\/wp-json\/wp\/v2\/product\/18185","targetHints":{"allow":["GET"]}}],"collection":[{"href":"https:\/\/www.lasoufflerie.com\/fr\/wp-json\/wp\/v2\/product"}],"about":[{"href":"https:\/\/www.lasoufflerie.com\/fr\/wp-json\/wp\/v2\/types\/product"}],"version-history":[{"count":8,"href":"https:\/\/www.lasoufflerie.com\/fr\/wp-json\/wp\/v2\/product\/18185\/revisions"}],"predecessor-version":[{"id":66485,"href":"https:\/\/www.lasoufflerie.com\/fr\/wp-json\/wp\/v2\/product\/18185\/revisions\/66485"}],"wp:featuredmedia":[{"embeddable":true,"href":"https:\/\/www.lasoufflerie.com\/fr\/wp-json\/wp\/v2\/media\/60795"}],"wp:attachment":[{"href":"https:\/\/www.lasoufflerie.com\/fr\/wp-json\/wp\/v2\/media?parent=18185"}],"wp:term":[{"taxonomy":"product_brand","embeddable":true,"href":"https:\/\/www.lasoufflerie.com\/fr\/wp-json\/wp\/v2\/product_brand?post=18185"},{"taxonomy":"product_cat","embeddable":true,"href":"https:\/\/www.lasoufflerie.com\/fr\/wp-json\/wp\/v2\/product_cat?post=18185"},{"taxonomy":"product_tag","embeddable":true,"href":"https:\/\/www.lasoufflerie.com\/fr\/wp-json\/wp\/v2\/product_tag?post=18185"}],"curies":[{"name":"wp","href":"https:\/\/api.w.org\/{rel}","templated":true}]}}