{"id":18187,"date":"2018-05-07T15:05:28","date_gmt":"2018-05-07T13:05:28","guid":{"rendered":"https:\/\/www.lasoufflerie.com\/product\/jess-with-hat-terracotta-handmade-sculpture-statue-bust-decorative-piece\/"},"modified":"2026-02-26T14:32:50","modified_gmt":"2026-02-26T13:32:50","slug":"jess-with-hat-terracotta-terre-cuite-sculpture-fait-main","status":"publish","type":"product","link":"https:\/\/www.lasoufflerie.com\/fr\/produit\/jess-with-hat-terracotta-terre-cuite-sculpture-fait-main\/","title":{"rendered":"Jess With Hat Terracotta"},"content":{"rendered":"<p><strong>Jess With Hat Terracotta<\/strong> est une sculpture artisanale repr\u00e9sentant une femme coiff\u00e9e d&rsquo;un chapeau. Elle porte le nom de Jess, l&rsquo;ancienne assistante de Valentina. Inspir\u00e9e par l&rsquo;esth\u00e9tique classique, cette sculpture met en sc\u00e8ne un buste gracieusement sculpt\u00e9, orn\u00e9 d&rsquo;un chapeau \u00e9l\u00e9gant, apportant une touche de sophistication \u00e0 tout int\u00e9rieur. La terre cuite lui conf\u00e8re une tonalit\u00e9 chaleureuse et naturelle. Pos\u00e9e sur une chemin\u00e9e, une \u00e9tag\u00e8re ou une table, \u00ab Jess au chapeau en terre cuite \u00bb ne manquera pas d&rsquo;attirer les regards et de susciter l&rsquo;admiration.   <\/p>\n","protected":false},"excerpt":{"rendered":"<p>Jess With Hat Terracotta est une sculpture artisanale repr\u00e9sentant une femme coiff\u00e9e d&rsquo;un chapeau. Elle porte le nom de Jess, l&rsquo;ancienne assistante de Valentina. Inspir\u00e9e par l&rsquo;esth\u00e9tique classique, cette sculpture met en sc\u00e8ne un buste gracieusement sculpt\u00e9, orn\u00e9 d&rsquo;un chapeau \u00e9l\u00e9gant, apportant une touche de sophistication \u00e0 tout int\u00e9rieur. La terre cuite lui conf\u00e8re une [&hellip;]<\/p>\n","protected":false},"featured_media":13266,"template":"","meta":{"_acf_changed":false},"product_brand":[],"product_cat":[1636,1623,1334,1637,1630,1314,1313],"product_tag":[],"class_list":{"0":"post-18187","1":"product","2":"type-product","3":"status-publish","4":"has-post-thumbnail","6":"product_cat-cadeaux-a-plus-de-50e-idees-cadeaux","7":"product_cat-la-boutique","8":"product_cat-pieces-decoratives","9":"product_cat-pour-mon-amour-idees-cadeaux","10":"product_cat-terre-cuites","11":"product_cat-platres-terre-cuites","12":"product_cat-tetes","13":"product_shipping_class-medium-product-fr","14":"pa_a-gift-for-lhote","15":"pa_a-gift-for-plus-de-50e","16":"pa_a-gift-for-your-lover-fr","17":"pa_made-of-terre-cuite","18":"pa_size-medium-fr","20":"first","21":"instock","22":"taxable","23":"shipping-taxable","24":"purchasable","25":"product-type-simple"},"acf":[],"yoast_head":"<!-- This site is optimized with the Yoast SEO plugin v27.3 - https:\/\/yoast.com\/product\/yoast-seo-wordpress\/ -->\n<title>Jess With Hat Terracotta - La Soufflerie- Fabriqu\u00e9 \u00e0 la main en terre cuite<\/title>\n<meta name=\"description\" content=\"D\u00e9couvrez la sculpture en terre cuite Jess With Hat Terracotta. Fabriqu\u00e9e \u00e0 la main par nos ma\u00eetres artisans, elle est disponible pour une livraison dans le monde entier.\" \/>\n<meta name=\"robots\" content=\"index, follow, max-snippet:-1, max-image-preview:large, max-video-preview:-1\" \/>\n<link rel=\"canonical\" href=\"https:\/\/www.lasoufflerie.com\/fr\/produit\/jess-with-hat-terracotta-terre-cuite-sculpture-fait-main\/\" \/>\n<meta property=\"og:locale\" content=\"fr_FR\" \/>\n<meta property=\"og:type\" content=\"article\" \/>\n<meta property=\"og:title\" content=\"Jess With Hat Terracotta - La Soufflerie- Fabriqu\u00e9 \u00e0 la main en terre cuite\" \/>\n<meta property=\"og:description\" content=\"D\u00e9couvrez la sculpture en terre cuite Jess With Hat Terracotta. Fabriqu\u00e9e \u00e0 la main par nos ma\u00eetres artisans, elle est disponible pour une livraison dans le monde entier.\" \/>\n<meta property=\"og:url\" content=\"https:\/\/www.lasoufflerie.com\/fr\/produit\/jess-with-hat-terracotta-terre-cuite-sculpture-fait-main\/\" \/>\n<meta property=\"og:site_name\" content=\"La Soufflerie\" \/>\n<meta property=\"article:publisher\" content=\"https:\/\/facebook.com\/lasoufflerie\" \/>\n<meta property=\"article:modified_time\" content=\"2026-02-26T13:32:50+00:00\" \/>\n<meta property=\"og:image\" content=\"https:\/\/www.lasoufflerie.com\/wp-content\/uploads\/2023\/12\/jess-with-hat-terracotta-2.0-scaled-1.jpg\" \/>\n\t<meta property=\"og:image:width\" content=\"1536\" \/>\n\t<meta property=\"og:image:height\" content=\"2048\" \/>\n\t<meta property=\"og:image:type\" content=\"image\/jpeg\" \/>\n<meta name=\"twitter:card\" content=\"summary_large_image\" \/>\n<meta name=\"twitter:site\" content=\"@lasoufflerie\" \/>\n<meta name=\"twitter:label1\" content=\"Dur\u00e9e de lecture estim\u00e9e\" \/>\n\t<meta name=\"twitter:data1\" content=\"1 minute\" \/>\n<script type=\"application\/ld+json\" class=\"yoast-schema-graph\">{\"@context\":\"https:\\\/\\\/schema.org\",\"@graph\":[{\"@type\":\"WebPage\",\"@id\":\"https:\\\/\\\/www.lasoufflerie.com\\\/fr\\\/produit\\\/jess-with-hat-terracotta-terre-cuite-sculpture-fait-main\\\/\",\"url\":\"https:\\\/\\\/www.lasoufflerie.com\\\/fr\\\/produit\\\/jess-with-hat-terracotta-terre-cuite-sculpture-fait-main\\\/\",\"name\":\"Jess With Hat Terracotta - La Soufflerie- Fabriqu\u00e9 \u00e0 la main en terre cuite\",\"isPartOf\":{\"@id\":\"https:\\\/\\\/www.lasoufflerie.com\\\/fr\\\/#website\"},\"primaryImageOfPage\":{\"@id\":\"https:\\\/\\\/www.lasoufflerie.com\\\/fr\\\/produit\\\/jess-with-hat-terracotta-terre-cuite-sculpture-fait-main\\\/#primaryimage\"},\"image\":{\"@id\":\"https:\\\/\\\/www.lasoufflerie.com\\\/fr\\\/produit\\\/jess-with-hat-terracotta-terre-cuite-sculpture-fait-main\\\/#primaryimage\"},\"thumbnailUrl\":\"https:\\\/\\\/www.lasoufflerie.com\\\/wp-content\\\/uploads\\\/2023\\\/12\\\/jess-with-hat-terracotta-2.0-scaled-1.jpg\",\"datePublished\":\"2018-05-07T13:05:28+00:00\",\"dateModified\":\"2026-02-26T13:32:50+00:00\",\"description\":\"D\u00e9couvrez la sculpture en terre cuite Jess With Hat Terracotta. Fabriqu\u00e9e \u00e0 la main par nos ma\u00eetres artisans, elle est disponible pour une livraison dans le monde entier.\",\"breadcrumb\":{\"@id\":\"https:\\\/\\\/www.lasoufflerie.com\\\/fr\\\/produit\\\/jess-with-hat-terracotta-terre-cuite-sculpture-fait-main\\\/#breadcrumb\"},\"inLanguage\":\"fr-FR\",\"potentialAction\":[{\"@type\":\"ReadAction\",\"target\":[\"https:\\\/\\\/www.lasoufflerie.com\\\/fr\\\/produit\\\/jess-with-hat-terracotta-terre-cuite-sculpture-fait-main\\\/\"]}]},{\"@type\":\"ImageObject\",\"inLanguage\":\"fr-FR\",\"@id\":\"https:\\\/\\\/www.lasoufflerie.com\\\/fr\\\/produit\\\/jess-with-hat-terracotta-terre-cuite-sculpture-fait-main\\\/#primaryimage\",\"url\":\"https:\\\/\\\/www.lasoufflerie.com\\\/wp-content\\\/uploads\\\/2023\\\/12\\\/jess-with-hat-terracotta-2.0-scaled-1.jpg\",\"contentUrl\":\"https:\\\/\\\/www.lasoufflerie.com\\\/wp-content\\\/uploads\\\/2023\\\/12\\\/jess-with-hat-terracotta-2.0-scaled-1.jpg\",\"width\":1536,\"height\":2048,\"caption\":\"Pi\u00e8ce d\u00e9corative faite \u00e0 la main\"},{\"@type\":\"BreadcrumbList\",\"@id\":\"https:\\\/\\\/www.lasoufflerie.com\\\/fr\\\/produit\\\/jess-with-hat-terracotta-terre-cuite-sculpture-fait-main\\\/#breadcrumb\",\"itemListElement\":[{\"@type\":\"ListItem\",\"position\":1,\"name\":\"Home\",\"item\":\"https:\\\/\\\/www.lasoufflerie.com\\\/fr\\\/\"},{\"@type\":\"ListItem\",\"position\":2,\"name\":\"Shop all\",\"item\":\"https:\\\/\\\/www.lasoufflerie.com\\\/fr\\\/boutique\\\/\"},{\"@type\":\"ListItem\",\"position\":3,\"name\":\"Jess With Hat Terracotta\"}]},{\"@type\":\"WebSite\",\"@id\":\"https:\\\/\\\/www.lasoufflerie.com\\\/fr\\\/#website\",\"url\":\"https:\\\/\\\/www.lasoufflerie.com\\\/fr\\\/\",\"name\":\"La Soufflerie\",\"description\":\"Glass blowing craft\",\"publisher\":{\"@id\":\"https:\\\/\\\/www.lasoufflerie.com\\\/fr\\\/#organization\"},\"potentialAction\":[{\"@type\":\"SearchAction\",\"target\":{\"@type\":\"EntryPoint\",\"urlTemplate\":\"https:\\\/\\\/www.lasoufflerie.com\\\/fr\\\/?s={search_term_string}\"},\"query-input\":{\"@type\":\"PropertyValueSpecification\",\"valueRequired\":true,\"valueName\":\"search_term_string\"}}],\"inLanguage\":\"fr-FR\"},{\"@type\":\"Organization\",\"@id\":\"https:\\\/\\\/www.lasoufflerie.com\\\/fr\\\/#organization\",\"name\":\"La Soufflerie\",\"url\":\"https:\\\/\\\/www.lasoufflerie.com\\\/fr\\\/\",\"logo\":{\"@type\":\"ImageObject\",\"inLanguage\":\"fr-FR\",\"@id\":\"https:\\\/\\\/www.lasoufflerie.com\\\/fr\\\/#\\\/schema\\\/logo\\\/image\\\/\",\"url\":\"https:\\\/\\\/www.lasoufflerie.com\\\/wp-content\\\/uploads\\\/2023\\\/11\\\/Logo-La-Soufflerie-black.png\",\"contentUrl\":\"https:\\\/\\\/www.lasoufflerie.com\\\/wp-content\\\/uploads\\\/2023\\\/11\\\/Logo-La-Soufflerie-black.png\",\"width\":2362,\"height\":2362,\"caption\":\"La Soufflerie\"},\"image\":{\"@id\":\"https:\\\/\\\/www.lasoufflerie.com\\\/fr\\\/#\\\/schema\\\/logo\\\/image\\\/\"},\"sameAs\":[\"https:\\\/\\\/facebook.com\\\/lasoufflerie\",\"https:\\\/\\\/x.com\\\/lasoufflerie\",\"https:\\\/\\\/instagram.com\\\/lasoufflerie\",\"https:\\\/\\\/www.linkedin.com\\\/company\\\/9327780?trk=tyah&amp;amp;amp;trkInfo=clickedVertical:company,clickedEntityId:9327780,idx:2-1-2,tarId:1458824308330,tas:lasouff\",\"https:\\\/\\\/pinterest.com\\\/lasoufflerie\"]}]}<\/script>\n<!-- \/ Yoast SEO plugin. -->","yoast_head_json":{"title":"Jess With Hat Terracotta - La Soufflerie- Fabriqu\u00e9 \u00e0 la main en terre cuite","description":"D\u00e9couvrez la sculpture en terre cuite Jess With Hat Terracotta. Fabriqu\u00e9e \u00e0 la main par nos ma\u00eetres artisans, elle est disponible pour une livraison dans le monde entier.","robots":{"index":"index","follow":"follow","max-snippet":"max-snippet:-1","max-image-preview":"max-image-preview:large","max-video-preview":"max-video-preview:-1"},"canonical":"https:\/\/www.lasoufflerie.com\/fr\/produit\/jess-with-hat-terracotta-terre-cuite-sculpture-fait-main\/","og_locale":"fr_FR","og_type":"article","og_title":"Jess With Hat Terracotta - La Soufflerie- Fabriqu\u00e9 \u00e0 la main en terre cuite","og_description":"D\u00e9couvrez la sculpture en terre cuite Jess With Hat Terracotta. Fabriqu\u00e9e \u00e0 la main par nos ma\u00eetres artisans, elle est disponible pour une livraison dans le monde entier.","og_url":"https:\/\/www.lasoufflerie.com\/fr\/produit\/jess-with-hat-terracotta-terre-cuite-sculpture-fait-main\/","og_site_name":"La Soufflerie","article_publisher":"https:\/\/facebook.com\/lasoufflerie","article_modified_time":"2026-02-26T13:32:50+00:00","og_image":[{"width":1536,"height":2048,"url":"https:\/\/www.lasoufflerie.com\/wp-content\/uploads\/2023\/12\/jess-with-hat-terracotta-2.0-scaled-1.jpg","type":"image\/jpeg"}],"twitter_card":"summary_large_image","twitter_site":"@lasoufflerie","twitter_misc":{"Dur\u00e9e de lecture estim\u00e9e":"1 minute"},"schema":{"@context":"https:\/\/schema.org","@graph":[{"@type":"WebPage","@id":"https:\/\/www.lasoufflerie.com\/fr\/produit\/jess-with-hat-terracotta-terre-cuite-sculpture-fait-main\/","url":"https:\/\/www.lasoufflerie.com\/fr\/produit\/jess-with-hat-terracotta-terre-cuite-sculpture-fait-main\/","name":"Jess With Hat Terracotta - La Soufflerie- Fabriqu\u00e9 \u00e0 la main en terre cuite","isPartOf":{"@id":"https:\/\/www.lasoufflerie.com\/fr\/#website"},"primaryImageOfPage":{"@id":"https:\/\/www.lasoufflerie.com\/fr\/produit\/jess-with-hat-terracotta-terre-cuite-sculpture-fait-main\/#primaryimage"},"image":{"@id":"https:\/\/www.lasoufflerie.com\/fr\/produit\/jess-with-hat-terracotta-terre-cuite-sculpture-fait-main\/#primaryimage"},"thumbnailUrl":"https:\/\/www.lasoufflerie.com\/wp-content\/uploads\/2023\/12\/jess-with-hat-terracotta-2.0-scaled-1.jpg","datePublished":"2018-05-07T13:05:28+00:00","dateModified":"2026-02-26T13:32:50+00:00","description":"D\u00e9couvrez la sculpture en terre cuite Jess With Hat Terracotta. Fabriqu\u00e9e \u00e0 la main par nos ma\u00eetres artisans, elle est disponible pour une livraison dans le monde entier.","breadcrumb":{"@id":"https:\/\/www.lasoufflerie.com\/fr\/produit\/jess-with-hat-terracotta-terre-cuite-sculpture-fait-main\/#breadcrumb"},"inLanguage":"fr-FR","potentialAction":[{"@type":"ReadAction","target":["https:\/\/www.lasoufflerie.com\/fr\/produit\/jess-with-hat-terracotta-terre-cuite-sculpture-fait-main\/"]}]},{"@type":"ImageObject","inLanguage":"fr-FR","@id":"https:\/\/www.lasoufflerie.com\/fr\/produit\/jess-with-hat-terracotta-terre-cuite-sculpture-fait-main\/#primaryimage","url":"https:\/\/www.lasoufflerie.com\/wp-content\/uploads\/2023\/12\/jess-with-hat-terracotta-2.0-scaled-1.jpg","contentUrl":"https:\/\/www.lasoufflerie.com\/wp-content\/uploads\/2023\/12\/jess-with-hat-terracotta-2.0-scaled-1.jpg","width":1536,"height":2048,"caption":"Pi\u00e8ce d\u00e9corative faite \u00e0 la main"},{"@type":"BreadcrumbList","@id":"https:\/\/www.lasoufflerie.com\/fr\/produit\/jess-with-hat-terracotta-terre-cuite-sculpture-fait-main\/#breadcrumb","itemListElement":[{"@type":"ListItem","position":1,"name":"Home","item":"https:\/\/www.lasoufflerie.com\/fr\/"},{"@type":"ListItem","position":2,"name":"Shop all","item":"https:\/\/www.lasoufflerie.com\/fr\/boutique\/"},{"@type":"ListItem","position":3,"name":"Jess With Hat Terracotta"}]},{"@type":"WebSite","@id":"https:\/\/www.lasoufflerie.com\/fr\/#website","url":"https:\/\/www.lasoufflerie.com\/fr\/","name":"La Soufflerie","description":"Glass blowing craft","publisher":{"@id":"https:\/\/www.lasoufflerie.com\/fr\/#organization"},"potentialAction":[{"@type":"SearchAction","target":{"@type":"EntryPoint","urlTemplate":"https:\/\/www.lasoufflerie.com\/fr\/?s={search_term_string}"},"query-input":{"@type":"PropertyValueSpecification","valueRequired":true,"valueName":"search_term_string"}}],"inLanguage":"fr-FR"},{"@type":"Organization","@id":"https:\/\/www.lasoufflerie.com\/fr\/#organization","name":"La Soufflerie","url":"https:\/\/www.lasoufflerie.com\/fr\/","logo":{"@type":"ImageObject","inLanguage":"fr-FR","@id":"https:\/\/www.lasoufflerie.com\/fr\/#\/schema\/logo\/image\/","url":"https:\/\/www.lasoufflerie.com\/wp-content\/uploads\/2023\/11\/Logo-La-Soufflerie-black.png","contentUrl":"https:\/\/www.lasoufflerie.com\/wp-content\/uploads\/2023\/11\/Logo-La-Soufflerie-black.png","width":2362,"height":2362,"caption":"La Soufflerie"},"image":{"@id":"https:\/\/www.lasoufflerie.com\/fr\/#\/schema\/logo\/image\/"},"sameAs":["https:\/\/facebook.com\/lasoufflerie","https:\/\/x.com\/lasoufflerie","https:\/\/instagram.com\/lasoufflerie","https:\/\/www.linkedin.com\/company\/9327780?trk=tyah&amp;amp;amp;trkInfo=clickedVertical:company,clickedEntityId:9327780,idx:2-1-2,tarId:1458824308330,tas:lasouff","https:\/\/pinterest.com\/lasoufflerie"]}]}},"_links":{"self":[{"href":"https:\/\/www.lasoufflerie.com\/fr\/wp-json\/wp\/v2\/product\/18187","targetHints":{"allow":["GET"]}}],"collection":[{"href":"https:\/\/www.lasoufflerie.com\/fr\/wp-json\/wp\/v2\/product"}],"about":[{"href":"https:\/\/www.lasoufflerie.com\/fr\/wp-json\/wp\/v2\/types\/product"}],"version-history":[{"count":8,"href":"https:\/\/www.lasoufflerie.com\/fr\/wp-json\/wp\/v2\/product\/18187\/revisions"}],"predecessor-version":[{"id":75527,"href":"https:\/\/www.lasoufflerie.com\/fr\/wp-json\/wp\/v2\/product\/18187\/revisions\/75527"}],"wp:featuredmedia":[{"embeddable":true,"href":"https:\/\/www.lasoufflerie.com\/fr\/wp-json\/wp\/v2\/media\/13266"}],"wp:attachment":[{"href":"https:\/\/www.lasoufflerie.com\/fr\/wp-json\/wp\/v2\/media?parent=18187"}],"wp:term":[{"taxonomy":"product_brand","embeddable":true,"href":"https:\/\/www.lasoufflerie.com\/fr\/wp-json\/wp\/v2\/product_brand?post=18187"},{"taxonomy":"product_cat","embeddable":true,"href":"https:\/\/www.lasoufflerie.com\/fr\/wp-json\/wp\/v2\/product_cat?post=18187"},{"taxonomy":"product_tag","embeddable":true,"href":"https:\/\/www.lasoufflerie.com\/fr\/wp-json\/wp\/v2\/product_tag?post=18187"}],"curies":[{"name":"wp","href":"https:\/\/api.w.org\/{rel}","templated":true}]}}