{"id":18222,"date":"2018-03-01T15:57:10","date_gmt":"2018-03-01T14:57:10","guid":{"rendered":"https:\/\/www.lasoufflerie.com\/product\/tete-rodi-homme-handmade-terracotta-sculpture-artisanal\/"},"modified":"2025-10-23T02:43:47","modified_gmt":"2025-10-23T00:43:47","slug":"tete-rodi-homme-terre-cuite-sculpture-fait-main","status":"publish","type":"product","link":"https:\/\/www.lasoufflerie.com\/fr\/produit\/tete-rodi-homme-terre-cuite-sculpture-fait-main\/","title":{"rendered":"T\u00eate Rodi Homme"},"content":{"rendered":"<p>Moul\u00e9e en terre cuite, la <strong>T\u00eate Rodi Homme<\/strong> repr\u00e9sente la t\u00eate d&rsquo;un jeune homme. Le style gr\u00e9co-romain \u00e0 beaucoup influenc\u00e9 la conception de cette pi\u00e8ce. Cette \u00e9l\u00e9gante sculpture est \u00e0 la fois classique et avant-gardiste, ce qui donne une touche inattendue \u00e0 votre d\u00e9cor. La T\u00eate Rodi Homme est fabriqu\u00e9e \u00e0 la main par nos ma\u00eetres artisans.<\/p>\n","protected":false},"excerpt":{"rendered":"<p>Moul\u00e9e en terre cuite, la T\u00eate Rodi Homme repr\u00e9sente la t\u00eate d&rsquo;un jeune homme. Le style gr\u00e9co-romain \u00e0 beaucoup influenc\u00e9 la conception de cette pi\u00e8ce. Cette \u00e9l\u00e9gante sculpture est \u00e0 la fois classique et avant-gardiste, ce qui donne une touche inattendue \u00e0 votre d\u00e9cor. La T\u00eate Rodi Homme est fabriqu\u00e9e \u00e0 la main par nos [&hellip;]<\/p>\n","protected":false},"featured_media":13023,"template":"","meta":{"_acf_changed":false},"product_brand":[],"product_cat":[1636,1623,1334,1630,1314,1313],"product_tag":[],"class_list":{"0":"post-18222","1":"product","2":"type-product","3":"status-publish","4":"has-post-thumbnail","6":"product_cat-cadeaux-a-plus-de-50e-idees-cadeaux","7":"product_cat-la-boutique","8":"product_cat-pieces-decoratives","9":"product_cat-terre-cuites","10":"product_cat-platres-terre-cuites","11":"product_cat-tetes","12":"product_shipping_class-medium-product-fr","13":"pa_a-gift-for-plus-de-50e","14":"pa_made-of-terre-cuite","15":"pa_size-medium-fr","17":"first","18":"instock","19":"taxable","20":"shipping-taxable","21":"purchasable","22":"product-type-simple"},"acf":[],"yoast_head":"<!-- This site is optimized with the Yoast SEO plugin v27.3 - https:\/\/yoast.com\/product\/yoast-seo-wordpress\/ -->\n<title>T\u00eate Rodi Homme - La Soufflerie - Fait main en terre cuite<\/title>\n<meta name=\"description\" content=\"Achetez la sculpture T\u00eate Rodi Homme. Fait \u00e0 la main en terre cuite par nos ma\u00eetres artisans et disponible pour une exp\u00e9dition \u00e0 l&#039;international.\" \/>\n<meta name=\"robots\" content=\"index, follow, max-snippet:-1, max-image-preview:large, max-video-preview:-1\" \/>\n<link rel=\"canonical\" href=\"https:\/\/www.lasoufflerie.com\/fr\/produit\/tete-rodi-homme-terre-cuite-sculpture-fait-main\/\" \/>\n<meta property=\"og:locale\" content=\"fr_FR\" \/>\n<meta property=\"og:type\" content=\"article\" \/>\n<meta property=\"og:title\" content=\"T\u00eate Rodi Homme - La Soufflerie - Fait main en terre cuite\" \/>\n<meta property=\"og:description\" content=\"Achetez la sculpture T\u00eate Rodi Homme. Fait \u00e0 la main en terre cuite par nos ma\u00eetres artisans et disponible pour une exp\u00e9dition \u00e0 l&#039;international.\" \/>\n<meta property=\"og:url\" content=\"https:\/\/www.lasoufflerie.com\/fr\/produit\/tete-rodi-homme-terre-cuite-sculpture-fait-main\/\" \/>\n<meta property=\"og:site_name\" content=\"La Soufflerie\" \/>\n<meta property=\"article:publisher\" content=\"https:\/\/facebook.com\/lasoufflerie\" \/>\n<meta property=\"article:modified_time\" content=\"2025-10-23T00:43:47+00:00\" \/>\n<meta property=\"og:image\" content=\"https:\/\/www.lasoufflerie.com\/wp-content\/uploads\/2023\/12\/Tete-Rodi-Homme-3-e1684757569692.jpg\" \/>\n\t<meta property=\"og:image:width\" content=\"810\" \/>\n\t<meta property=\"og:image:height\" content=\"1080\" \/>\n\t<meta property=\"og:image:type\" content=\"image\/jpeg\" \/>\n<meta name=\"twitter:card\" content=\"summary_large_image\" \/>\n<meta name=\"twitter:site\" content=\"@lasoufflerie\" \/>\n<meta name=\"twitter:label1\" content=\"Dur\u00e9e de lecture estim\u00e9e\" \/>\n\t<meta name=\"twitter:data1\" content=\"1 minute\" \/>\n<script type=\"application\/ld+json\" class=\"yoast-schema-graph\">{\"@context\":\"https:\\\/\\\/schema.org\",\"@graph\":[{\"@type\":\"WebPage\",\"@id\":\"https:\\\/\\\/www.lasoufflerie.com\\\/fr\\\/produit\\\/tete-rodi-homme-terre-cuite-sculpture-fait-main\\\/\",\"url\":\"https:\\\/\\\/www.lasoufflerie.com\\\/fr\\\/produit\\\/tete-rodi-homme-terre-cuite-sculpture-fait-main\\\/\",\"name\":\"T\u00eate Rodi Homme - La Soufflerie - Fait main en terre cuite\",\"isPartOf\":{\"@id\":\"https:\\\/\\\/www.lasoufflerie.com\\\/fr\\\/#website\"},\"primaryImageOfPage\":{\"@id\":\"https:\\\/\\\/www.lasoufflerie.com\\\/fr\\\/produit\\\/tete-rodi-homme-terre-cuite-sculpture-fait-main\\\/#primaryimage\"},\"image\":{\"@id\":\"https:\\\/\\\/www.lasoufflerie.com\\\/fr\\\/produit\\\/tete-rodi-homme-terre-cuite-sculpture-fait-main\\\/#primaryimage\"},\"thumbnailUrl\":\"https:\\\/\\\/www.lasoufflerie.com\\\/wp-content\\\/uploads\\\/2023\\\/12\\\/Tete-Rodi-Homme-3-e1684757569692.jpg\",\"datePublished\":\"2018-03-01T14:57:10+00:00\",\"dateModified\":\"2025-10-23T00:43:47+00:00\",\"description\":\"Achetez la sculpture T\u00eate Rodi Homme. Fait \u00e0 la main en terre cuite par nos ma\u00eetres artisans et disponible pour une exp\u00e9dition \u00e0 l'international.\",\"breadcrumb\":{\"@id\":\"https:\\\/\\\/www.lasoufflerie.com\\\/fr\\\/produit\\\/tete-rodi-homme-terre-cuite-sculpture-fait-main\\\/#breadcrumb\"},\"inLanguage\":\"fr-FR\",\"potentialAction\":[{\"@type\":\"ReadAction\",\"target\":[\"https:\\\/\\\/www.lasoufflerie.com\\\/fr\\\/produit\\\/tete-rodi-homme-terre-cuite-sculpture-fait-main\\\/\"]}]},{\"@type\":\"ImageObject\",\"inLanguage\":\"fr-FR\",\"@id\":\"https:\\\/\\\/www.lasoufflerie.com\\\/fr\\\/produit\\\/tete-rodi-homme-terre-cuite-sculpture-fait-main\\\/#primaryimage\",\"url\":\"https:\\\/\\\/www.lasoufflerie.com\\\/wp-content\\\/uploads\\\/2023\\\/12\\\/Tete-Rodi-Homme-3-e1684757569692.jpg\",\"contentUrl\":\"https:\\\/\\\/www.lasoufflerie.com\\\/wp-content\\\/uploads\\\/2023\\\/12\\\/Tete-Rodi-Homme-3-e1684757569692.jpg\",\"width\":810,\"height\":1080},{\"@type\":\"BreadcrumbList\",\"@id\":\"https:\\\/\\\/www.lasoufflerie.com\\\/fr\\\/produit\\\/tete-rodi-homme-terre-cuite-sculpture-fait-main\\\/#breadcrumb\",\"itemListElement\":[{\"@type\":\"ListItem\",\"position\":1,\"name\":\"Home\",\"item\":\"https:\\\/\\\/www.lasoufflerie.com\\\/fr\\\/\"},{\"@type\":\"ListItem\",\"position\":2,\"name\":\"Shop all\",\"item\":\"https:\\\/\\\/www.lasoufflerie.com\\\/fr\\\/boutique\\\/\"},{\"@type\":\"ListItem\",\"position\":3,\"name\":\"T\u00eate Rodi Homme\"}]},{\"@type\":\"WebSite\",\"@id\":\"https:\\\/\\\/www.lasoufflerie.com\\\/fr\\\/#website\",\"url\":\"https:\\\/\\\/www.lasoufflerie.com\\\/fr\\\/\",\"name\":\"La Soufflerie\",\"description\":\"Glass blowing craft\",\"publisher\":{\"@id\":\"https:\\\/\\\/www.lasoufflerie.com\\\/fr\\\/#organization\"},\"potentialAction\":[{\"@type\":\"SearchAction\",\"target\":{\"@type\":\"EntryPoint\",\"urlTemplate\":\"https:\\\/\\\/www.lasoufflerie.com\\\/fr\\\/?s={search_term_string}\"},\"query-input\":{\"@type\":\"PropertyValueSpecification\",\"valueRequired\":true,\"valueName\":\"search_term_string\"}}],\"inLanguage\":\"fr-FR\"},{\"@type\":\"Organization\",\"@id\":\"https:\\\/\\\/www.lasoufflerie.com\\\/fr\\\/#organization\",\"name\":\"La Soufflerie\",\"url\":\"https:\\\/\\\/www.lasoufflerie.com\\\/fr\\\/\",\"logo\":{\"@type\":\"ImageObject\",\"inLanguage\":\"fr-FR\",\"@id\":\"https:\\\/\\\/www.lasoufflerie.com\\\/fr\\\/#\\\/schema\\\/logo\\\/image\\\/\",\"url\":\"https:\\\/\\\/www.lasoufflerie.com\\\/wp-content\\\/uploads\\\/2023\\\/11\\\/Logo-La-Soufflerie-black.png\",\"contentUrl\":\"https:\\\/\\\/www.lasoufflerie.com\\\/wp-content\\\/uploads\\\/2023\\\/11\\\/Logo-La-Soufflerie-black.png\",\"width\":2362,\"height\":2362,\"caption\":\"La Soufflerie\"},\"image\":{\"@id\":\"https:\\\/\\\/www.lasoufflerie.com\\\/fr\\\/#\\\/schema\\\/logo\\\/image\\\/\"},\"sameAs\":[\"https:\\\/\\\/facebook.com\\\/lasoufflerie\",\"https:\\\/\\\/x.com\\\/lasoufflerie\",\"https:\\\/\\\/instagram.com\\\/lasoufflerie\",\"https:\\\/\\\/www.linkedin.com\\\/company\\\/9327780?trk=tyah&amp;amp;amp;trkInfo=clickedVertical:company,clickedEntityId:9327780,idx:2-1-2,tarId:1458824308330,tas:lasouff\",\"https:\\\/\\\/pinterest.com\\\/lasoufflerie\"]}]}<\/script>\n<!-- \/ Yoast SEO plugin. -->","yoast_head_json":{"title":"T\u00eate Rodi Homme - La Soufflerie - Fait main en terre cuite","description":"Achetez la sculpture T\u00eate Rodi Homme. Fait \u00e0 la main en terre cuite par nos ma\u00eetres artisans et disponible pour une exp\u00e9dition \u00e0 l'international.","robots":{"index":"index","follow":"follow","max-snippet":"max-snippet:-1","max-image-preview":"max-image-preview:large","max-video-preview":"max-video-preview:-1"},"canonical":"https:\/\/www.lasoufflerie.com\/fr\/produit\/tete-rodi-homme-terre-cuite-sculpture-fait-main\/","og_locale":"fr_FR","og_type":"article","og_title":"T\u00eate Rodi Homme - La Soufflerie - Fait main en terre cuite","og_description":"Achetez la sculpture T\u00eate Rodi Homme. Fait \u00e0 la main en terre cuite par nos ma\u00eetres artisans et disponible pour une exp\u00e9dition \u00e0 l'international.","og_url":"https:\/\/www.lasoufflerie.com\/fr\/produit\/tete-rodi-homme-terre-cuite-sculpture-fait-main\/","og_site_name":"La Soufflerie","article_publisher":"https:\/\/facebook.com\/lasoufflerie","article_modified_time":"2025-10-23T00:43:47+00:00","og_image":[{"width":810,"height":1080,"url":"https:\/\/www.lasoufflerie.com\/wp-content\/uploads\/2023\/12\/Tete-Rodi-Homme-3-e1684757569692.jpg","type":"image\/jpeg"}],"twitter_card":"summary_large_image","twitter_site":"@lasoufflerie","twitter_misc":{"Dur\u00e9e de lecture estim\u00e9e":"1 minute"},"schema":{"@context":"https:\/\/schema.org","@graph":[{"@type":"WebPage","@id":"https:\/\/www.lasoufflerie.com\/fr\/produit\/tete-rodi-homme-terre-cuite-sculpture-fait-main\/","url":"https:\/\/www.lasoufflerie.com\/fr\/produit\/tete-rodi-homme-terre-cuite-sculpture-fait-main\/","name":"T\u00eate Rodi Homme - La Soufflerie - Fait main en terre cuite","isPartOf":{"@id":"https:\/\/www.lasoufflerie.com\/fr\/#website"},"primaryImageOfPage":{"@id":"https:\/\/www.lasoufflerie.com\/fr\/produit\/tete-rodi-homme-terre-cuite-sculpture-fait-main\/#primaryimage"},"image":{"@id":"https:\/\/www.lasoufflerie.com\/fr\/produit\/tete-rodi-homme-terre-cuite-sculpture-fait-main\/#primaryimage"},"thumbnailUrl":"https:\/\/www.lasoufflerie.com\/wp-content\/uploads\/2023\/12\/Tete-Rodi-Homme-3-e1684757569692.jpg","datePublished":"2018-03-01T14:57:10+00:00","dateModified":"2025-10-23T00:43:47+00:00","description":"Achetez la sculpture T\u00eate Rodi Homme. Fait \u00e0 la main en terre cuite par nos ma\u00eetres artisans et disponible pour une exp\u00e9dition \u00e0 l'international.","breadcrumb":{"@id":"https:\/\/www.lasoufflerie.com\/fr\/produit\/tete-rodi-homme-terre-cuite-sculpture-fait-main\/#breadcrumb"},"inLanguage":"fr-FR","potentialAction":[{"@type":"ReadAction","target":["https:\/\/www.lasoufflerie.com\/fr\/produit\/tete-rodi-homme-terre-cuite-sculpture-fait-main\/"]}]},{"@type":"ImageObject","inLanguage":"fr-FR","@id":"https:\/\/www.lasoufflerie.com\/fr\/produit\/tete-rodi-homme-terre-cuite-sculpture-fait-main\/#primaryimage","url":"https:\/\/www.lasoufflerie.com\/wp-content\/uploads\/2023\/12\/Tete-Rodi-Homme-3-e1684757569692.jpg","contentUrl":"https:\/\/www.lasoufflerie.com\/wp-content\/uploads\/2023\/12\/Tete-Rodi-Homme-3-e1684757569692.jpg","width":810,"height":1080},{"@type":"BreadcrumbList","@id":"https:\/\/www.lasoufflerie.com\/fr\/produit\/tete-rodi-homme-terre-cuite-sculpture-fait-main\/#breadcrumb","itemListElement":[{"@type":"ListItem","position":1,"name":"Home","item":"https:\/\/www.lasoufflerie.com\/fr\/"},{"@type":"ListItem","position":2,"name":"Shop all","item":"https:\/\/www.lasoufflerie.com\/fr\/boutique\/"},{"@type":"ListItem","position":3,"name":"T\u00eate Rodi Homme"}]},{"@type":"WebSite","@id":"https:\/\/www.lasoufflerie.com\/fr\/#website","url":"https:\/\/www.lasoufflerie.com\/fr\/","name":"La Soufflerie","description":"Glass blowing craft","publisher":{"@id":"https:\/\/www.lasoufflerie.com\/fr\/#organization"},"potentialAction":[{"@type":"SearchAction","target":{"@type":"EntryPoint","urlTemplate":"https:\/\/www.lasoufflerie.com\/fr\/?s={search_term_string}"},"query-input":{"@type":"PropertyValueSpecification","valueRequired":true,"valueName":"search_term_string"}}],"inLanguage":"fr-FR"},{"@type":"Organization","@id":"https:\/\/www.lasoufflerie.com\/fr\/#organization","name":"La Soufflerie","url":"https:\/\/www.lasoufflerie.com\/fr\/","logo":{"@type":"ImageObject","inLanguage":"fr-FR","@id":"https:\/\/www.lasoufflerie.com\/fr\/#\/schema\/logo\/image\/","url":"https:\/\/www.lasoufflerie.com\/wp-content\/uploads\/2023\/11\/Logo-La-Soufflerie-black.png","contentUrl":"https:\/\/www.lasoufflerie.com\/wp-content\/uploads\/2023\/11\/Logo-La-Soufflerie-black.png","width":2362,"height":2362,"caption":"La Soufflerie"},"image":{"@id":"https:\/\/www.lasoufflerie.com\/fr\/#\/schema\/logo\/image\/"},"sameAs":["https:\/\/facebook.com\/lasoufflerie","https:\/\/x.com\/lasoufflerie","https:\/\/instagram.com\/lasoufflerie","https:\/\/www.linkedin.com\/company\/9327780?trk=tyah&amp;amp;amp;trkInfo=clickedVertical:company,clickedEntityId:9327780,idx:2-1-2,tarId:1458824308330,tas:lasouff","https:\/\/pinterest.com\/lasoufflerie"]}]}},"_links":{"self":[{"href":"https:\/\/www.lasoufflerie.com\/fr\/wp-json\/wp\/v2\/product\/18222","targetHints":{"allow":["GET"]}}],"collection":[{"href":"https:\/\/www.lasoufflerie.com\/fr\/wp-json\/wp\/v2\/product"}],"about":[{"href":"https:\/\/www.lasoufflerie.com\/fr\/wp-json\/wp\/v2\/types\/product"}],"version-history":[{"count":8,"href":"https:\/\/www.lasoufflerie.com\/fr\/wp-json\/wp\/v2\/product\/18222\/revisions"}],"predecessor-version":[{"id":58334,"href":"https:\/\/www.lasoufflerie.com\/fr\/wp-json\/wp\/v2\/product\/18222\/revisions\/58334"}],"wp:featuredmedia":[{"embeddable":true,"href":"https:\/\/www.lasoufflerie.com\/fr\/wp-json\/wp\/v2\/media\/13023"}],"wp:attachment":[{"href":"https:\/\/www.lasoufflerie.com\/fr\/wp-json\/wp\/v2\/media?parent=18222"}],"wp:term":[{"taxonomy":"product_brand","embeddable":true,"href":"https:\/\/www.lasoufflerie.com\/fr\/wp-json\/wp\/v2\/product_brand?post=18222"},{"taxonomy":"product_cat","embeddable":true,"href":"https:\/\/www.lasoufflerie.com\/fr\/wp-json\/wp\/v2\/product_cat?post=18222"},{"taxonomy":"product_tag","embeddable":true,"href":"https:\/\/www.lasoufflerie.com\/fr\/wp-json\/wp\/v2\/product_tag?post=18222"}],"curies":[{"name":"wp","href":"https:\/\/api.w.org\/{rel}","templated":true}]}}