{"id":57761,"date":"2024-06-11T09:45:47","date_gmt":"2024-06-11T07:45:47","guid":{"rendered":"https:\/\/www.lasoufflerie.com\/?post_type=product&#038;p=57761"},"modified":"2025-11-12T17:55:10","modified_gmt":"2025-11-12T16:55:10","slug":"the-philosophers-glass-bougie-framboise-hand-blown-recycled-glass","status":"publish","type":"product","link":"https:\/\/www.lasoufflerie.com\/fr\/produit\/the-philosophers-glass-bougie-framboise-hand-blown-recycled-glass\/","title":{"rendered":"The Philosopher&rsquo;s Glass Bougie Framboise"},"content":{"rendered":"<p><strong>The Philosopher&rsquo;s Glass Bougie Framboise<\/strong> n\u2019est pas qu\u2019une simple bougie, c\u2019est une invitation \u00e0 m\u00e9diter sur les myst\u00e8res de la vie. Coul\u00e9e \u00e0 la main avec de la cire naturelle dans notre embl\u00e9matique <a href=\"https:\/\/www.lasoufflerie.com\/fr\/produit\/philosophers-glass-framboise-verre-tete-verre-recycle-souffle-bouche\/\">The Philosopher&rsquo;s Glass Framboise<\/a>, cette cr\u00e9ation originale est aussi r\u00e9fl\u00e9chie que pratique. Alors que la flamme vacille et s\u2019\u00e9teint, laissez-vous entrainer dans des conversations dignes de Heidegger, Confucius ou Platon. Et lorsque la cire s\u2019\u00e9teint, vous obtiendrez un charmant nouveau verre \u00e0 boire, parfait pour trinquer aux questions profondes de la vie \u2014 ou tout simplement pour savourer un bon vin. Apr\u00e8s tout, comme l\u2019a dit un sage philosophe : \u00ab Une bouteille de vin contient plus de philosophie que tous les livres du monde. \u00bb     <\/p>\n","protected":false},"excerpt":{"rendered":"<p>The Philosopher&rsquo;s Glass Bougie Framboise n\u2019est pas qu\u2019une simple bougie, c\u2019est une invitation \u00e0 m\u00e9diter sur les myst\u00e8res de la vie. Coul\u00e9e \u00e0 la main avec de la cire naturelle dans notre embl\u00e9matique The Philosopher&rsquo;s Glass Framboise, cette cr\u00e9ation originale est aussi r\u00e9fl\u00e9chie que pratique. Alors que la flamme vacille et s\u2019\u00e9teint, laissez-vous entrainer dans [&hellip;]<\/p>\n","protected":false},"featured_media":57763,"template":"","meta":{"_acf_changed":false},"product_brand":[],"product_cat":[1332,1634,1623,1308,1313],"product_tag":[],"class_list":{"0":"post-57761","1":"product","2":"type-product","3":"status-publish","4":"has-post-thumbnail","6":"product_cat-bougies-en-verre","7":"product_cat-cadeaux-a-moins-de-50e-idees-cadeaux","8":"product_cat-la-boutique","9":"product_cat-bougies-et-bougeoirs","10":"product_cat-tetes","11":"product_shipping_class-medium-heavy-fr","12":"pa_a-gift-for-lui","13":"pa_a-gift-for-under-50e-fr","14":"pa_colour-framboise","15":"pa_made-of-cire","16":"pa_made-of-glass-fr","17":"pa_size-petit","19":"first","20":"instock","21":"taxable","22":"shipping-taxable","23":"purchasable","24":"product-type-simple"},"acf":[],"yoast_head":"<!-- This site is optimized with the Yoast SEO plugin v27.3 - https:\/\/yoast.com\/product\/yoast-seo-wordpress\/ -->\n<title>The Philosopher&#039;s Glass Bougie Framboise - La Soufflerie- Bougie coul\u00e9e \u00e0 la main<\/title>\n<meta name=\"description\" content=\"Achetez The Philosopher&#039;s Glass Bougie Framboise. Souffl\u00e9 \u00e0 la bouche en utilisant uniquement du verre recycl\u00e9 par nos ma\u00eetres artisans et disponible pour une exp\u00e9dition \u00e0 la international.\" \/>\n<meta name=\"robots\" content=\"index, follow, max-snippet:-1, max-image-preview:large, max-video-preview:-1\" \/>\n<link rel=\"canonical\" href=\"https:\/\/www.lasoufflerie.com\/fr\/produit\/the-philosophers-glass-bougie-framboise-hand-blown-recycled-glass\/\" \/>\n<meta property=\"og:locale\" content=\"fr_FR\" \/>\n<meta property=\"og:type\" content=\"article\" \/>\n<meta property=\"og:title\" content=\"The Philosopher&#039;s Glass Bougie Framboise - La Soufflerie- Bougie coul\u00e9e \u00e0 la main\" \/>\n<meta property=\"og:description\" content=\"Achetez The Philosopher&#039;s Glass Bougie Framboise. Souffl\u00e9 \u00e0 la bouche en utilisant uniquement du verre recycl\u00e9 par nos ma\u00eetres artisans et disponible pour une exp\u00e9dition \u00e0 la international.\" \/>\n<meta property=\"og:url\" content=\"https:\/\/www.lasoufflerie.com\/fr\/produit\/the-philosophers-glass-bougie-framboise-hand-blown-recycled-glass\/\" \/>\n<meta property=\"og:site_name\" content=\"La Soufflerie\" \/>\n<meta property=\"article:publisher\" content=\"https:\/\/facebook.com\/lasoufflerie\" \/>\n<meta property=\"article:modified_time\" content=\"2025-11-12T16:55:10+00:00\" \/>\n<meta property=\"og:image\" content=\"https:\/\/www.lasoufflerie.com\/wp-content\/uploads\/2024\/06\/The-Philosphers-Glass-Bougie-scaled.jpg\" \/>\n\t<meta property=\"og:image:width\" content=\"1920\" \/>\n\t<meta property=\"og:image:height\" content=\"2560\" \/>\n\t<meta property=\"og:image:type\" content=\"image\/jpeg\" \/>\n<meta name=\"twitter:card\" content=\"summary_large_image\" \/>\n<meta name=\"twitter:site\" content=\"@lasoufflerie\" \/>\n<meta name=\"twitter:label1\" content=\"Dur\u00e9e de lecture estim\u00e9e\" \/>\n\t<meta name=\"twitter:data1\" content=\"1 minute\" \/>\n<script type=\"application\/ld+json\" class=\"yoast-schema-graph\">{\"@context\":\"https:\\\/\\\/schema.org\",\"@graph\":[{\"@type\":\"WebPage\",\"@id\":\"https:\\\/\\\/www.lasoufflerie.com\\\/fr\\\/produit\\\/the-philosophers-glass-bougie-framboise-hand-blown-recycled-glass\\\/\",\"url\":\"https:\\\/\\\/www.lasoufflerie.com\\\/fr\\\/produit\\\/the-philosophers-glass-bougie-framboise-hand-blown-recycled-glass\\\/\",\"name\":\"The Philosopher's Glass Bougie Framboise - La Soufflerie- Bougie coul\u00e9e \u00e0 la main\",\"isPartOf\":{\"@id\":\"https:\\\/\\\/www.lasoufflerie.com\\\/fr\\\/#website\"},\"primaryImageOfPage\":{\"@id\":\"https:\\\/\\\/www.lasoufflerie.com\\\/fr\\\/produit\\\/the-philosophers-glass-bougie-framboise-hand-blown-recycled-glass\\\/#primaryimage\"},\"image\":{\"@id\":\"https:\\\/\\\/www.lasoufflerie.com\\\/fr\\\/produit\\\/the-philosophers-glass-bougie-framboise-hand-blown-recycled-glass\\\/#primaryimage\"},\"thumbnailUrl\":\"https:\\\/\\\/www.lasoufflerie.com\\\/wp-content\\\/uploads\\\/2024\\\/06\\\/The-Philosphers-Glass-Bougie-scaled.jpg\",\"datePublished\":\"2024-06-11T07:45:47+00:00\",\"dateModified\":\"2025-11-12T16:55:10+00:00\",\"description\":\"Achetez The Philosopher's Glass Bougie Framboise. Souffl\u00e9 \u00e0 la bouche en utilisant uniquement du verre recycl\u00e9 par nos ma\u00eetres artisans et disponible pour une exp\u00e9dition \u00e0 la international.\",\"breadcrumb\":{\"@id\":\"https:\\\/\\\/www.lasoufflerie.com\\\/fr\\\/produit\\\/the-philosophers-glass-bougie-framboise-hand-blown-recycled-glass\\\/#breadcrumb\"},\"inLanguage\":\"fr-FR\",\"potentialAction\":[{\"@type\":\"ReadAction\",\"target\":[\"https:\\\/\\\/www.lasoufflerie.com\\\/fr\\\/produit\\\/the-philosophers-glass-bougie-framboise-hand-blown-recycled-glass\\\/\"]}]},{\"@type\":\"ImageObject\",\"inLanguage\":\"fr-FR\",\"@id\":\"https:\\\/\\\/www.lasoufflerie.com\\\/fr\\\/produit\\\/the-philosophers-glass-bougie-framboise-hand-blown-recycled-glass\\\/#primaryimage\",\"url\":\"https:\\\/\\\/www.lasoufflerie.com\\\/wp-content\\\/uploads\\\/2024\\\/06\\\/The-Philosphers-Glass-Bougie-scaled.jpg\",\"contentUrl\":\"https:\\\/\\\/www.lasoufflerie.com\\\/wp-content\\\/uploads\\\/2024\\\/06\\\/The-Philosphers-Glass-Bougie-scaled.jpg\",\"width\":1920,\"height\":2560,\"caption\":\"la-soufflerie-glass-candle-vessel-hand-blown-recycled-glass\"},{\"@type\":\"BreadcrumbList\",\"@id\":\"https:\\\/\\\/www.lasoufflerie.com\\\/fr\\\/produit\\\/the-philosophers-glass-bougie-framboise-hand-blown-recycled-glass\\\/#breadcrumb\",\"itemListElement\":[{\"@type\":\"ListItem\",\"position\":1,\"name\":\"Home\",\"item\":\"https:\\\/\\\/www.lasoufflerie.com\\\/fr\\\/\"},{\"@type\":\"ListItem\",\"position\":2,\"name\":\"Shop all\",\"item\":\"https:\\\/\\\/www.lasoufflerie.com\\\/fr\\\/boutique\\\/\"},{\"@type\":\"ListItem\",\"position\":3,\"name\":\"The Philosopher&#8217;s Glass Bougie Framboise\"}]},{\"@type\":\"WebSite\",\"@id\":\"https:\\\/\\\/www.lasoufflerie.com\\\/fr\\\/#website\",\"url\":\"https:\\\/\\\/www.lasoufflerie.com\\\/fr\\\/\",\"name\":\"La Soufflerie\",\"description\":\"Glass blowing craft\",\"publisher\":{\"@id\":\"https:\\\/\\\/www.lasoufflerie.com\\\/fr\\\/#organization\"},\"potentialAction\":[{\"@type\":\"SearchAction\",\"target\":{\"@type\":\"EntryPoint\",\"urlTemplate\":\"https:\\\/\\\/www.lasoufflerie.com\\\/fr\\\/?s={search_term_string}\"},\"query-input\":{\"@type\":\"PropertyValueSpecification\",\"valueRequired\":true,\"valueName\":\"search_term_string\"}}],\"inLanguage\":\"fr-FR\"},{\"@type\":\"Organization\",\"@id\":\"https:\\\/\\\/www.lasoufflerie.com\\\/fr\\\/#organization\",\"name\":\"La Soufflerie\",\"url\":\"https:\\\/\\\/www.lasoufflerie.com\\\/fr\\\/\",\"logo\":{\"@type\":\"ImageObject\",\"inLanguage\":\"fr-FR\",\"@id\":\"https:\\\/\\\/www.lasoufflerie.com\\\/fr\\\/#\\\/schema\\\/logo\\\/image\\\/\",\"url\":\"https:\\\/\\\/www.lasoufflerie.com\\\/wp-content\\\/uploads\\\/2023\\\/11\\\/Logo-La-Soufflerie-black.png\",\"contentUrl\":\"https:\\\/\\\/www.lasoufflerie.com\\\/wp-content\\\/uploads\\\/2023\\\/11\\\/Logo-La-Soufflerie-black.png\",\"width\":2362,\"height\":2362,\"caption\":\"La Soufflerie\"},\"image\":{\"@id\":\"https:\\\/\\\/www.lasoufflerie.com\\\/fr\\\/#\\\/schema\\\/logo\\\/image\\\/\"},\"sameAs\":[\"https:\\\/\\\/facebook.com\\\/lasoufflerie\",\"https:\\\/\\\/x.com\\\/lasoufflerie\",\"https:\\\/\\\/instagram.com\\\/lasoufflerie\",\"https:\\\/\\\/www.linkedin.com\\\/company\\\/9327780?trk=tyah&amp;amp;amp;trkInfo=clickedVertical:company,clickedEntityId:9327780,idx:2-1-2,tarId:1458824308330,tas:lasouff\",\"https:\\\/\\\/pinterest.com\\\/lasoufflerie\"]}]}<\/script>\n<!-- \/ Yoast SEO plugin. -->","yoast_head_json":{"title":"The Philosopher's Glass Bougie Framboise - La Soufflerie- Bougie coul\u00e9e \u00e0 la main","description":"Achetez The Philosopher's Glass Bougie Framboise. Souffl\u00e9 \u00e0 la bouche en utilisant uniquement du verre recycl\u00e9 par nos ma\u00eetres artisans et disponible pour une exp\u00e9dition \u00e0 la international.","robots":{"index":"index","follow":"follow","max-snippet":"max-snippet:-1","max-image-preview":"max-image-preview:large","max-video-preview":"max-video-preview:-1"},"canonical":"https:\/\/www.lasoufflerie.com\/fr\/produit\/the-philosophers-glass-bougie-framboise-hand-blown-recycled-glass\/","og_locale":"fr_FR","og_type":"article","og_title":"The Philosopher's Glass Bougie Framboise - La Soufflerie- Bougie coul\u00e9e \u00e0 la main","og_description":"Achetez The Philosopher's Glass Bougie Framboise. Souffl\u00e9 \u00e0 la bouche en utilisant uniquement du verre recycl\u00e9 par nos ma\u00eetres artisans et disponible pour une exp\u00e9dition \u00e0 la international.","og_url":"https:\/\/www.lasoufflerie.com\/fr\/produit\/the-philosophers-glass-bougie-framboise-hand-blown-recycled-glass\/","og_site_name":"La Soufflerie","article_publisher":"https:\/\/facebook.com\/lasoufflerie","article_modified_time":"2025-11-12T16:55:10+00:00","og_image":[{"width":1920,"height":2560,"url":"https:\/\/www.lasoufflerie.com\/wp-content\/uploads\/2024\/06\/The-Philosphers-Glass-Bougie-scaled.jpg","type":"image\/jpeg"}],"twitter_card":"summary_large_image","twitter_site":"@lasoufflerie","twitter_misc":{"Dur\u00e9e de lecture estim\u00e9e":"1 minute"},"schema":{"@context":"https:\/\/schema.org","@graph":[{"@type":"WebPage","@id":"https:\/\/www.lasoufflerie.com\/fr\/produit\/the-philosophers-glass-bougie-framboise-hand-blown-recycled-glass\/","url":"https:\/\/www.lasoufflerie.com\/fr\/produit\/the-philosophers-glass-bougie-framboise-hand-blown-recycled-glass\/","name":"The Philosopher's Glass Bougie Framboise - La Soufflerie- Bougie coul\u00e9e \u00e0 la main","isPartOf":{"@id":"https:\/\/www.lasoufflerie.com\/fr\/#website"},"primaryImageOfPage":{"@id":"https:\/\/www.lasoufflerie.com\/fr\/produit\/the-philosophers-glass-bougie-framboise-hand-blown-recycled-glass\/#primaryimage"},"image":{"@id":"https:\/\/www.lasoufflerie.com\/fr\/produit\/the-philosophers-glass-bougie-framboise-hand-blown-recycled-glass\/#primaryimage"},"thumbnailUrl":"https:\/\/www.lasoufflerie.com\/wp-content\/uploads\/2024\/06\/The-Philosphers-Glass-Bougie-scaled.jpg","datePublished":"2024-06-11T07:45:47+00:00","dateModified":"2025-11-12T16:55:10+00:00","description":"Achetez The Philosopher's Glass Bougie Framboise. Souffl\u00e9 \u00e0 la bouche en utilisant uniquement du verre recycl\u00e9 par nos ma\u00eetres artisans et disponible pour une exp\u00e9dition \u00e0 la international.","breadcrumb":{"@id":"https:\/\/www.lasoufflerie.com\/fr\/produit\/the-philosophers-glass-bougie-framboise-hand-blown-recycled-glass\/#breadcrumb"},"inLanguage":"fr-FR","potentialAction":[{"@type":"ReadAction","target":["https:\/\/www.lasoufflerie.com\/fr\/produit\/the-philosophers-glass-bougie-framboise-hand-blown-recycled-glass\/"]}]},{"@type":"ImageObject","inLanguage":"fr-FR","@id":"https:\/\/www.lasoufflerie.com\/fr\/produit\/the-philosophers-glass-bougie-framboise-hand-blown-recycled-glass\/#primaryimage","url":"https:\/\/www.lasoufflerie.com\/wp-content\/uploads\/2024\/06\/The-Philosphers-Glass-Bougie-scaled.jpg","contentUrl":"https:\/\/www.lasoufflerie.com\/wp-content\/uploads\/2024\/06\/The-Philosphers-Glass-Bougie-scaled.jpg","width":1920,"height":2560,"caption":"la-soufflerie-glass-candle-vessel-hand-blown-recycled-glass"},{"@type":"BreadcrumbList","@id":"https:\/\/www.lasoufflerie.com\/fr\/produit\/the-philosophers-glass-bougie-framboise-hand-blown-recycled-glass\/#breadcrumb","itemListElement":[{"@type":"ListItem","position":1,"name":"Home","item":"https:\/\/www.lasoufflerie.com\/fr\/"},{"@type":"ListItem","position":2,"name":"Shop all","item":"https:\/\/www.lasoufflerie.com\/fr\/boutique\/"},{"@type":"ListItem","position":3,"name":"The Philosopher&#8217;s Glass Bougie Framboise"}]},{"@type":"WebSite","@id":"https:\/\/www.lasoufflerie.com\/fr\/#website","url":"https:\/\/www.lasoufflerie.com\/fr\/","name":"La Soufflerie","description":"Glass blowing craft","publisher":{"@id":"https:\/\/www.lasoufflerie.com\/fr\/#organization"},"potentialAction":[{"@type":"SearchAction","target":{"@type":"EntryPoint","urlTemplate":"https:\/\/www.lasoufflerie.com\/fr\/?s={search_term_string}"},"query-input":{"@type":"PropertyValueSpecification","valueRequired":true,"valueName":"search_term_string"}}],"inLanguage":"fr-FR"},{"@type":"Organization","@id":"https:\/\/www.lasoufflerie.com\/fr\/#organization","name":"La Soufflerie","url":"https:\/\/www.lasoufflerie.com\/fr\/","logo":{"@type":"ImageObject","inLanguage":"fr-FR","@id":"https:\/\/www.lasoufflerie.com\/fr\/#\/schema\/logo\/image\/","url":"https:\/\/www.lasoufflerie.com\/wp-content\/uploads\/2023\/11\/Logo-La-Soufflerie-black.png","contentUrl":"https:\/\/www.lasoufflerie.com\/wp-content\/uploads\/2023\/11\/Logo-La-Soufflerie-black.png","width":2362,"height":2362,"caption":"La Soufflerie"},"image":{"@id":"https:\/\/www.lasoufflerie.com\/fr\/#\/schema\/logo\/image\/"},"sameAs":["https:\/\/facebook.com\/lasoufflerie","https:\/\/x.com\/lasoufflerie","https:\/\/instagram.com\/lasoufflerie","https:\/\/www.linkedin.com\/company\/9327780?trk=tyah&amp;amp;amp;trkInfo=clickedVertical:company,clickedEntityId:9327780,idx:2-1-2,tarId:1458824308330,tas:lasouff","https:\/\/pinterest.com\/lasoufflerie"]}]}},"_links":{"self":[{"href":"https:\/\/www.lasoufflerie.com\/fr\/wp-json\/wp\/v2\/product\/57761","targetHints":{"allow":["GET"]}}],"collection":[{"href":"https:\/\/www.lasoufflerie.com\/fr\/wp-json\/wp\/v2\/product"}],"about":[{"href":"https:\/\/www.lasoufflerie.com\/fr\/wp-json\/wp\/v2\/types\/product"}],"version-history":[{"count":6,"href":"https:\/\/www.lasoufflerie.com\/fr\/wp-json\/wp\/v2\/product\/57761\/revisions"}],"predecessor-version":[{"id":65104,"href":"https:\/\/www.lasoufflerie.com\/fr\/wp-json\/wp\/v2\/product\/57761\/revisions\/65104"}],"wp:featuredmedia":[{"embeddable":true,"href":"https:\/\/www.lasoufflerie.com\/fr\/wp-json\/wp\/v2\/media\/57763"}],"wp:attachment":[{"href":"https:\/\/www.lasoufflerie.com\/fr\/wp-json\/wp\/v2\/media?parent=57761"}],"wp:term":[{"taxonomy":"product_brand","embeddable":true,"href":"https:\/\/www.lasoufflerie.com\/fr\/wp-json\/wp\/v2\/product_brand?post=57761"},{"taxonomy":"product_cat","embeddable":true,"href":"https:\/\/www.lasoufflerie.com\/fr\/wp-json\/wp\/v2\/product_cat?post=57761"},{"taxonomy":"product_tag","embeddable":true,"href":"https:\/\/www.lasoufflerie.com\/fr\/wp-json\/wp\/v2\/product_tag?post=57761"}],"curies":[{"name":"wp","href":"https:\/\/api.w.org\/{rel}","templated":true}]}}