{"id":59498,"date":"2024-09-02T14:00:24","date_gmt":"2024-09-02T12:00:24","guid":{"rendered":"https:\/\/www.lasoufflerie.com\/?post_type=product&#038;p=59498"},"modified":"2026-01-22T17:50:41","modified_gmt":"2026-01-22T16:50:41","slug":"vase-mural-simon-transparent-verre-recycle-souffle-bouche","status":"publish","type":"product","link":"https:\/\/www.lasoufflerie.com\/fr\/produit\/vase-mural-simon-transparent-verre-recycle-souffle-bouche\/","title":{"rendered":"Simon Wall-Mounted Vase Transparent"},"content":{"rendered":"<p><span class=\"Y2IQFc\" lang=\"en\">Le\u00a0<strong>Simon Wall-Mounted Vase Transparent<\/strong> est un produit unique inspir\u00e9 de notre sculpture originale en pl\u00e2tre, <a href=\"https:\/\/www.lasoufflerie.com\/fr\/produit\/monk-head-simon-sculpture-platre-fait-main\/\">Simon<\/a>. Ce vase mural en verre aux d\u00e9tails complexes repr\u00e9sente le visage serein et paisible d&rsquo;un moine. Il est parfaitement dimensionn\u00e9 pour accueillir un petit bouquet, apportant une touche de nature et de beaut\u00e9 \u00e0 votre d\u00e9coration murale. La transformation de la t\u00eate du moine en vase de fleurs cr\u00e9e une juxtaposition frappante et inattendue des mondes spirituel et naturel. Ce produit ne manquera pas de susciter des conversations et d&rsquo;apporter une touche unique \u00e0 votre int\u00e9rieur. Pour une installation facile, vous n&rsquo;avez besoin que d&rsquo;un clou et d&rsquo;un marteau. Le Simon Wall-Mounted Vase Transparent est une \u0153uvre d&rsquo;art \u00e0 la fois belle et fonctionnelle qui ne manquera pas de vous ravir et de vous inspirer. Souffl\u00e9 \u00e0 la bouche \u00e0 partir de verre recycl\u00e9 par nos ma\u00eetres verriers.<\/span><\/p>\n","protected":false},"excerpt":{"rendered":"<p>Le\u00a0Simon Wall-Mounted Vase Transparent est un produit unique inspir\u00e9 de notre sculpture originale en pl\u00e2tre, Simon. Ce vase mural en verre aux d\u00e9tails complexes repr\u00e9sente le visage serein et paisible d&rsquo;un moine. Il est parfaitement dimensionn\u00e9 pour accueillir un petit bouquet, apportant une touche de nature et de beaut\u00e9 \u00e0 votre d\u00e9coration murale. La transformation [&hellip;]<\/p>\n","protected":false},"featured_media":59176,"template":"","meta":{"_acf_changed":false},"product_brand":[],"product_cat":[1636,1623,1637,1644,1313,1343,1338,1309],"product_tag":[],"class_list":{"0":"post-59498","1":"product","2":"type-product","3":"status-publish","4":"has-post-thumbnail","6":"product_cat-cadeaux-a-plus-de-50e-idees-cadeaux","7":"product_cat-la-boutique","8":"product_cat-pour-mon-amour-idees-cadeaux","9":"product_cat-outlet-corner","10":"product_cat-tetes","11":"product_cat-vases","12":"product_cat-vases-tete","13":"product_cat-a-la-maison","14":"product_shipping_class-large-product-fr","15":"pa_a-gift-for-her-fr","16":"pa_a-gift-for-lhote","17":"pa_a-gift-for-plus-de-50e","18":"pa_a-gift-for-your-lover-fr","19":"pa_colour-transparent-fr","20":"pa_made-of-glass-fr","21":"pa_size-large-fr","23":"first","24":"instock","25":"taxable","26":"shipping-taxable","27":"purchasable","28":"product-type-simple"},"acf":[],"yoast_head":"<!-- This site is optimized with the Yoast SEO plugin v27.3 - https:\/\/yoast.com\/product\/yoast-seo-wordpress\/ -->\n<title>Simon Wall-Mounted Vase Transparent - La Soufflerie - Verre souffl\u00e9 \u00e0 la bouche<\/title>\n<meta name=\"description\" content=\"Simon Wall-Mounted Vase Transparent par La Soufflerie. Verre recycl\u00e9 souffl\u00e9 \u00e0 la bouche par nos artisans verriers et disponible \u00e0 l&#039;international.\" \/>\n<meta name=\"robots\" content=\"index, follow, max-snippet:-1, max-image-preview:large, max-video-preview:-1\" \/>\n<link rel=\"canonical\" href=\"https:\/\/www.lasoufflerie.com\/fr\/produit\/vase-mural-simon-transparent-verre-recycle-souffle-bouche\/\" \/>\n<meta property=\"og:locale\" content=\"fr_FR\" \/>\n<meta property=\"og:type\" content=\"article\" \/>\n<meta property=\"og:title\" content=\"Simon Wall-Mounted Vase Transparent - La Soufflerie - Verre souffl\u00e9 \u00e0 la bouche\" \/>\n<meta property=\"og:description\" content=\"Simon Wall-Mounted Vase Transparent par La Soufflerie. Verre recycl\u00e9 souffl\u00e9 \u00e0 la bouche par nos artisans verriers et disponible \u00e0 l&#039;international.\" \/>\n<meta property=\"og:url\" content=\"https:\/\/www.lasoufflerie.com\/fr\/produit\/vase-mural-simon-transparent-verre-recycle-souffle-bouche\/\" \/>\n<meta property=\"og:site_name\" content=\"La Soufflerie\" \/>\n<meta property=\"article:publisher\" content=\"https:\/\/facebook.com\/lasoufflerie\" \/>\n<meta property=\"article:modified_time\" content=\"2026-01-22T16:50:41+00:00\" \/>\n<meta property=\"og:image\" content=\"https:\/\/www.lasoufflerie.com\/wp-content\/uploads\/2024\/07\/Simon-Wall-Mounted-Vase-Transparent-4-scaled.jpg\" \/>\n\t<meta property=\"og:image:width\" content=\"1920\" \/>\n\t<meta property=\"og:image:height\" content=\"2560\" \/>\n\t<meta property=\"og:image:type\" content=\"image\/jpeg\" \/>\n<meta name=\"twitter:card\" content=\"summary_large_image\" \/>\n<meta name=\"twitter:site\" content=\"@lasoufflerie\" \/>\n<meta name=\"twitter:label1\" content=\"Dur\u00e9e de lecture estim\u00e9e\" \/>\n\t<meta name=\"twitter:data1\" content=\"1 minute\" \/>\n<script type=\"application\/ld+json\" class=\"yoast-schema-graph\">{\"@context\":\"https:\\\/\\\/schema.org\",\"@graph\":[{\"@type\":\"WebPage\",\"@id\":\"https:\\\/\\\/www.lasoufflerie.com\\\/fr\\\/produit\\\/vase-mural-simon-transparent-verre-recycle-souffle-bouche\\\/\",\"url\":\"https:\\\/\\\/www.lasoufflerie.com\\\/fr\\\/produit\\\/vase-mural-simon-transparent-verre-recycle-souffle-bouche\\\/\",\"name\":\"Simon Wall-Mounted Vase Transparent - La Soufflerie - Verre souffl\u00e9 \u00e0 la bouche\",\"isPartOf\":{\"@id\":\"https:\\\/\\\/www.lasoufflerie.com\\\/fr\\\/#website\"},\"primaryImageOfPage\":{\"@id\":\"https:\\\/\\\/www.lasoufflerie.com\\\/fr\\\/produit\\\/vase-mural-simon-transparent-verre-recycle-souffle-bouche\\\/#primaryimage\"},\"image\":{\"@id\":\"https:\\\/\\\/www.lasoufflerie.com\\\/fr\\\/produit\\\/vase-mural-simon-transparent-verre-recycle-souffle-bouche\\\/#primaryimage\"},\"thumbnailUrl\":\"https:\\\/\\\/www.lasoufflerie.com\\\/wp-content\\\/uploads\\\/2024\\\/07\\\/Simon-Wall-Mounted-Vase-Transparent-4-scaled.jpg\",\"datePublished\":\"2024-09-02T12:00:24+00:00\",\"dateModified\":\"2026-01-22T16:50:41+00:00\",\"description\":\"Simon Wall-Mounted Vase Transparent par La Soufflerie. Verre recycl\u00e9 souffl\u00e9 \u00e0 la bouche par nos artisans verriers et disponible \u00e0 l'international.\",\"breadcrumb\":{\"@id\":\"https:\\\/\\\/www.lasoufflerie.com\\\/fr\\\/produit\\\/vase-mural-simon-transparent-verre-recycle-souffle-bouche\\\/#breadcrumb\"},\"inLanguage\":\"fr-FR\",\"potentialAction\":[{\"@type\":\"ReadAction\",\"target\":[\"https:\\\/\\\/www.lasoufflerie.com\\\/fr\\\/produit\\\/vase-mural-simon-transparent-verre-recycle-souffle-bouche\\\/\"]}]},{\"@type\":\"ImageObject\",\"inLanguage\":\"fr-FR\",\"@id\":\"https:\\\/\\\/www.lasoufflerie.com\\\/fr\\\/produit\\\/vase-mural-simon-transparent-verre-recycle-souffle-bouche\\\/#primaryimage\",\"url\":\"https:\\\/\\\/www.lasoufflerie.com\\\/wp-content\\\/uploads\\\/2024\\\/07\\\/Simon-Wall-Mounted-Vase-Transparent-4-scaled.jpg\",\"contentUrl\":\"https:\\\/\\\/www.lasoufflerie.com\\\/wp-content\\\/uploads\\\/2024\\\/07\\\/Simon-Wall-Mounted-Vase-Transparent-4-scaled.jpg\",\"width\":1920,\"height\":2560,\"caption\":\"simon-vase-mural-vase-transparent-vase-head\"},{\"@type\":\"BreadcrumbList\",\"@id\":\"https:\\\/\\\/www.lasoufflerie.com\\\/fr\\\/produit\\\/vase-mural-simon-transparent-verre-recycle-souffle-bouche\\\/#breadcrumb\",\"itemListElement\":[{\"@type\":\"ListItem\",\"position\":1,\"name\":\"Home\",\"item\":\"https:\\\/\\\/www.lasoufflerie.com\\\/fr\\\/\"},{\"@type\":\"ListItem\",\"position\":2,\"name\":\"Shop all\",\"item\":\"https:\\\/\\\/www.lasoufflerie.com\\\/fr\\\/boutique\\\/\"},{\"@type\":\"ListItem\",\"position\":3,\"name\":\"Simon Wall-Mounted Vase Transparent\"}]},{\"@type\":\"WebSite\",\"@id\":\"https:\\\/\\\/www.lasoufflerie.com\\\/fr\\\/#website\",\"url\":\"https:\\\/\\\/www.lasoufflerie.com\\\/fr\\\/\",\"name\":\"La Soufflerie\",\"description\":\"Glass blowing craft\",\"publisher\":{\"@id\":\"https:\\\/\\\/www.lasoufflerie.com\\\/fr\\\/#organization\"},\"potentialAction\":[{\"@type\":\"SearchAction\",\"target\":{\"@type\":\"EntryPoint\",\"urlTemplate\":\"https:\\\/\\\/www.lasoufflerie.com\\\/fr\\\/?s={search_term_string}\"},\"query-input\":{\"@type\":\"PropertyValueSpecification\",\"valueRequired\":true,\"valueName\":\"search_term_string\"}}],\"inLanguage\":\"fr-FR\"},{\"@type\":\"Organization\",\"@id\":\"https:\\\/\\\/www.lasoufflerie.com\\\/fr\\\/#organization\",\"name\":\"La Soufflerie\",\"url\":\"https:\\\/\\\/www.lasoufflerie.com\\\/fr\\\/\",\"logo\":{\"@type\":\"ImageObject\",\"inLanguage\":\"fr-FR\",\"@id\":\"https:\\\/\\\/www.lasoufflerie.com\\\/fr\\\/#\\\/schema\\\/logo\\\/image\\\/\",\"url\":\"https:\\\/\\\/www.lasoufflerie.com\\\/wp-content\\\/uploads\\\/2023\\\/11\\\/Logo-La-Soufflerie-black.png\",\"contentUrl\":\"https:\\\/\\\/www.lasoufflerie.com\\\/wp-content\\\/uploads\\\/2023\\\/11\\\/Logo-La-Soufflerie-black.png\",\"width\":2362,\"height\":2362,\"caption\":\"La Soufflerie\"},\"image\":{\"@id\":\"https:\\\/\\\/www.lasoufflerie.com\\\/fr\\\/#\\\/schema\\\/logo\\\/image\\\/\"},\"sameAs\":[\"https:\\\/\\\/facebook.com\\\/lasoufflerie\",\"https:\\\/\\\/x.com\\\/lasoufflerie\",\"https:\\\/\\\/instagram.com\\\/lasoufflerie\",\"https:\\\/\\\/www.linkedin.com\\\/company\\\/9327780?trk=tyah&amp;amp;amp;trkInfo=clickedVertical:company,clickedEntityId:9327780,idx:2-1-2,tarId:1458824308330,tas:lasouff\",\"https:\\\/\\\/pinterest.com\\\/lasoufflerie\"]}]}<\/script>\n<!-- \/ Yoast SEO plugin. -->","yoast_head_json":{"title":"Simon Wall-Mounted Vase Transparent - La Soufflerie - Verre souffl\u00e9 \u00e0 la bouche","description":"Simon Wall-Mounted Vase Transparent par La Soufflerie. Verre recycl\u00e9 souffl\u00e9 \u00e0 la bouche par nos artisans verriers et disponible \u00e0 l'international.","robots":{"index":"index","follow":"follow","max-snippet":"max-snippet:-1","max-image-preview":"max-image-preview:large","max-video-preview":"max-video-preview:-1"},"canonical":"https:\/\/www.lasoufflerie.com\/fr\/produit\/vase-mural-simon-transparent-verre-recycle-souffle-bouche\/","og_locale":"fr_FR","og_type":"article","og_title":"Simon Wall-Mounted Vase Transparent - La Soufflerie - Verre souffl\u00e9 \u00e0 la bouche","og_description":"Simon Wall-Mounted Vase Transparent par La Soufflerie. Verre recycl\u00e9 souffl\u00e9 \u00e0 la bouche par nos artisans verriers et disponible \u00e0 l'international.","og_url":"https:\/\/www.lasoufflerie.com\/fr\/produit\/vase-mural-simon-transparent-verre-recycle-souffle-bouche\/","og_site_name":"La Soufflerie","article_publisher":"https:\/\/facebook.com\/lasoufflerie","article_modified_time":"2026-01-22T16:50:41+00:00","og_image":[{"width":1920,"height":2560,"url":"https:\/\/www.lasoufflerie.com\/wp-content\/uploads\/2024\/07\/Simon-Wall-Mounted-Vase-Transparent-4-scaled.jpg","type":"image\/jpeg"}],"twitter_card":"summary_large_image","twitter_site":"@lasoufflerie","twitter_misc":{"Dur\u00e9e de lecture estim\u00e9e":"1 minute"},"schema":{"@context":"https:\/\/schema.org","@graph":[{"@type":"WebPage","@id":"https:\/\/www.lasoufflerie.com\/fr\/produit\/vase-mural-simon-transparent-verre-recycle-souffle-bouche\/","url":"https:\/\/www.lasoufflerie.com\/fr\/produit\/vase-mural-simon-transparent-verre-recycle-souffle-bouche\/","name":"Simon Wall-Mounted Vase Transparent - La Soufflerie - Verre souffl\u00e9 \u00e0 la bouche","isPartOf":{"@id":"https:\/\/www.lasoufflerie.com\/fr\/#website"},"primaryImageOfPage":{"@id":"https:\/\/www.lasoufflerie.com\/fr\/produit\/vase-mural-simon-transparent-verre-recycle-souffle-bouche\/#primaryimage"},"image":{"@id":"https:\/\/www.lasoufflerie.com\/fr\/produit\/vase-mural-simon-transparent-verre-recycle-souffle-bouche\/#primaryimage"},"thumbnailUrl":"https:\/\/www.lasoufflerie.com\/wp-content\/uploads\/2024\/07\/Simon-Wall-Mounted-Vase-Transparent-4-scaled.jpg","datePublished":"2024-09-02T12:00:24+00:00","dateModified":"2026-01-22T16:50:41+00:00","description":"Simon Wall-Mounted Vase Transparent par La Soufflerie. Verre recycl\u00e9 souffl\u00e9 \u00e0 la bouche par nos artisans verriers et disponible \u00e0 l'international.","breadcrumb":{"@id":"https:\/\/www.lasoufflerie.com\/fr\/produit\/vase-mural-simon-transparent-verre-recycle-souffle-bouche\/#breadcrumb"},"inLanguage":"fr-FR","potentialAction":[{"@type":"ReadAction","target":["https:\/\/www.lasoufflerie.com\/fr\/produit\/vase-mural-simon-transparent-verre-recycle-souffle-bouche\/"]}]},{"@type":"ImageObject","inLanguage":"fr-FR","@id":"https:\/\/www.lasoufflerie.com\/fr\/produit\/vase-mural-simon-transparent-verre-recycle-souffle-bouche\/#primaryimage","url":"https:\/\/www.lasoufflerie.com\/wp-content\/uploads\/2024\/07\/Simon-Wall-Mounted-Vase-Transparent-4-scaled.jpg","contentUrl":"https:\/\/www.lasoufflerie.com\/wp-content\/uploads\/2024\/07\/Simon-Wall-Mounted-Vase-Transparent-4-scaled.jpg","width":1920,"height":2560,"caption":"simon-vase-mural-vase-transparent-vase-head"},{"@type":"BreadcrumbList","@id":"https:\/\/www.lasoufflerie.com\/fr\/produit\/vase-mural-simon-transparent-verre-recycle-souffle-bouche\/#breadcrumb","itemListElement":[{"@type":"ListItem","position":1,"name":"Home","item":"https:\/\/www.lasoufflerie.com\/fr\/"},{"@type":"ListItem","position":2,"name":"Shop all","item":"https:\/\/www.lasoufflerie.com\/fr\/boutique\/"},{"@type":"ListItem","position":3,"name":"Simon Wall-Mounted Vase Transparent"}]},{"@type":"WebSite","@id":"https:\/\/www.lasoufflerie.com\/fr\/#website","url":"https:\/\/www.lasoufflerie.com\/fr\/","name":"La Soufflerie","description":"Glass blowing craft","publisher":{"@id":"https:\/\/www.lasoufflerie.com\/fr\/#organization"},"potentialAction":[{"@type":"SearchAction","target":{"@type":"EntryPoint","urlTemplate":"https:\/\/www.lasoufflerie.com\/fr\/?s={search_term_string}"},"query-input":{"@type":"PropertyValueSpecification","valueRequired":true,"valueName":"search_term_string"}}],"inLanguage":"fr-FR"},{"@type":"Organization","@id":"https:\/\/www.lasoufflerie.com\/fr\/#organization","name":"La Soufflerie","url":"https:\/\/www.lasoufflerie.com\/fr\/","logo":{"@type":"ImageObject","inLanguage":"fr-FR","@id":"https:\/\/www.lasoufflerie.com\/fr\/#\/schema\/logo\/image\/","url":"https:\/\/www.lasoufflerie.com\/wp-content\/uploads\/2023\/11\/Logo-La-Soufflerie-black.png","contentUrl":"https:\/\/www.lasoufflerie.com\/wp-content\/uploads\/2023\/11\/Logo-La-Soufflerie-black.png","width":2362,"height":2362,"caption":"La Soufflerie"},"image":{"@id":"https:\/\/www.lasoufflerie.com\/fr\/#\/schema\/logo\/image\/"},"sameAs":["https:\/\/facebook.com\/lasoufflerie","https:\/\/x.com\/lasoufflerie","https:\/\/instagram.com\/lasoufflerie","https:\/\/www.linkedin.com\/company\/9327780?trk=tyah&amp;amp;amp;trkInfo=clickedVertical:company,clickedEntityId:9327780,idx:2-1-2,tarId:1458824308330,tas:lasouff","https:\/\/pinterest.com\/lasoufflerie"]}]}},"_links":{"self":[{"href":"https:\/\/www.lasoufflerie.com\/fr\/wp-json\/wp\/v2\/product\/59498","targetHints":{"allow":["GET"]}}],"collection":[{"href":"https:\/\/www.lasoufflerie.com\/fr\/wp-json\/wp\/v2\/product"}],"about":[{"href":"https:\/\/www.lasoufflerie.com\/fr\/wp-json\/wp\/v2\/types\/product"}],"version-history":[{"count":4,"href":"https:\/\/www.lasoufflerie.com\/fr\/wp-json\/wp\/v2\/product\/59498\/revisions"}],"predecessor-version":[{"id":65321,"href":"https:\/\/www.lasoufflerie.com\/fr\/wp-json\/wp\/v2\/product\/59498\/revisions\/65321"}],"wp:featuredmedia":[{"embeddable":true,"href":"https:\/\/www.lasoufflerie.com\/fr\/wp-json\/wp\/v2\/media\/59176"}],"wp:attachment":[{"href":"https:\/\/www.lasoufflerie.com\/fr\/wp-json\/wp\/v2\/media?parent=59498"}],"wp:term":[{"taxonomy":"product_brand","embeddable":true,"href":"https:\/\/www.lasoufflerie.com\/fr\/wp-json\/wp\/v2\/product_brand?post=59498"},{"taxonomy":"product_cat","embeddable":true,"href":"https:\/\/www.lasoufflerie.com\/fr\/wp-json\/wp\/v2\/product_cat?post=59498"},{"taxonomy":"product_tag","embeddable":true,"href":"https:\/\/www.lasoufflerie.com\/fr\/wp-json\/wp\/v2\/product_tag?post=59498"}],"curies":[{"name":"wp","href":"https:\/\/api.w.org\/{rel}","templated":true}]}}