{"id":61587,"date":"2024-10-25T15:47:18","date_gmt":"2024-10-25T13:47:18","guid":{"rendered":"https:\/\/www.lasoufflerie.com\/?post_type=product&#038;p=61587"},"modified":"2025-09-19T16:20:52","modified_gmt":"2025-09-19T14:20:52","slug":"boule-6cm-dark-blue","status":"publish","type":"product","link":"https:\/\/www.lasoufflerie.com\/fr\/produit\/boule-6cm-dark-blue\/","title":{"rendered":"Boule 6cm Dark Blue"},"content":{"rendered":"<p>La <strong>Boule 6cm Dark Blue<\/strong> est une boule d\u00e9corative ronde en verre avec une petite boucle. Vous pouvez les placer sur des \u00e9tag\u00e8res ou les suspendre devant une fen\u00eatre, car ils captent magnifiquement la lumi\u00e8re. Pendant la p\u00e9riode de No\u00ebl, vous pouvez les utiliser pour d\u00e9corer votre sapin ! La Boule 6cm Dark Blue est souffl\u00e9e \u00e0 la bouche \u00e0 partir de verre recycl\u00e9 par nos ma\u00eetres artisans souffleurs de verre.<\/p>\n","protected":false},"excerpt":{"rendered":"<p>La Boule 6cm Dark Blue est une boule d\u00e9corative ronde en verre avec une petite boucle. Vous pouvez les placer sur des \u00e9tag\u00e8res ou les suspendre devant une fen\u00eatre, car ils captent magnifiquement la lumi\u00e8re. Pendant la p\u00e9riode de No\u00ebl, vous pouvez les utiliser pour d\u00e9corer votre sapin ! La Boule 6cm Dark Blue est [&hellip;]<\/p>\n","protected":false},"featured_media":61581,"template":"","meta":{"_acf_changed":false},"product_brand":[],"product_cat":[1323,1635,1623,1637,1309],"product_tag":[],"class_list":{"0":"post-61587","1":"product","2":"type-product","3":"status-publish","4":"has-post-thumbnail","6":"product_cat-boules-de-noel-decorations-fait-main-verre-recycle","7":"product_cat-cadeaux-a-moins-de-20e-idees-cadeaux","8":"product_cat-la-boutique","9":"product_cat-pour-mon-amour-idees-cadeaux","10":"product_cat-a-la-maison","11":"pa_a-gift-for-her-fr","12":"pa_a-gift-for-moins-de-20e","13":"pa_a-gift-for-your-lover-fr","14":"pa_colour-bleu","15":"pa_made-of-glass-fr","16":"pa_size-petit","18":"first","19":"instock","20":"taxable","21":"shipping-taxable","22":"purchasable","23":"product-type-simple"},"acf":[],"yoast_head":"<!-- This site is optimized with the Yoast SEO plugin v27.3 - https:\/\/yoast.com\/product\/yoast-seo-wordpress\/ -->\n<title>Boule 6cm Dark Blue - La Soufflerie- Verre recycl\u00e9 souffl\u00e9 \u00e0 la bouche<\/title>\n<meta name=\"description\" content=\"Achetez la Boule 6cm Dark Blue. Souffl\u00e9 \u00e0 la bouche \u00e0 partir de verre recycl\u00e9 par nos ma\u00eetres artisans souffleurs de verre.\" \/>\n<meta name=\"robots\" content=\"index, follow, max-snippet:-1, max-image-preview:large, max-video-preview:-1\" \/>\n<link rel=\"canonical\" href=\"https:\/\/www.lasoufflerie.com\/fr\/produit\/boule-6cm-dark-blue\/\" \/>\n<meta property=\"og:locale\" content=\"fr_FR\" \/>\n<meta property=\"og:type\" content=\"article\" \/>\n<meta property=\"og:title\" content=\"Boule 6cm Dark Blue - La Soufflerie- Verre recycl\u00e9 souffl\u00e9 \u00e0 la bouche\" \/>\n<meta property=\"og:description\" content=\"Achetez la Boule 6cm Dark Blue. Souffl\u00e9 \u00e0 la bouche \u00e0 partir de verre recycl\u00e9 par nos ma\u00eetres artisans souffleurs de verre.\" \/>\n<meta property=\"og:url\" content=\"https:\/\/www.lasoufflerie.com\/fr\/produit\/boule-6cm-dark-blue\/\" \/>\n<meta property=\"og:site_name\" content=\"La Soufflerie\" \/>\n<meta property=\"article:publisher\" content=\"https:\/\/facebook.com\/lasoufflerie\" \/>\n<meta property=\"article:modified_time\" content=\"2025-09-19T14:20:52+00:00\" \/>\n<meta property=\"og:image\" content=\"https:\/\/www.lasoufflerie.com\/wp-content\/uploads\/2024\/10\/Boule-6cm-Dark-Blue-scaled.jpg\" \/>\n\t<meta property=\"og:image:width\" content=\"2048\" \/>\n\t<meta property=\"og:image:height\" content=\"2560\" \/>\n\t<meta property=\"og:image:type\" content=\"image\/jpeg\" \/>\n<meta name=\"twitter:card\" content=\"summary_large_image\" \/>\n<meta name=\"twitter:site\" content=\"@lasoufflerie\" \/>\n<script type=\"application\/ld+json\" class=\"yoast-schema-graph\">{\"@context\":\"https:\\\/\\\/schema.org\",\"@graph\":[{\"@type\":\"WebPage\",\"@id\":\"https:\\\/\\\/www.lasoufflerie.com\\\/fr\\\/produit\\\/boule-6cm-dark-blue\\\/\",\"url\":\"https:\\\/\\\/www.lasoufflerie.com\\\/fr\\\/produit\\\/boule-6cm-dark-blue\\\/\",\"name\":\"Boule 6cm Dark Blue - La Soufflerie- Verre recycl\u00e9 souffl\u00e9 \u00e0 la bouche\",\"isPartOf\":{\"@id\":\"https:\\\/\\\/www.lasoufflerie.com\\\/fr\\\/#website\"},\"primaryImageOfPage\":{\"@id\":\"https:\\\/\\\/www.lasoufflerie.com\\\/fr\\\/produit\\\/boule-6cm-dark-blue\\\/#primaryimage\"},\"image\":{\"@id\":\"https:\\\/\\\/www.lasoufflerie.com\\\/fr\\\/produit\\\/boule-6cm-dark-blue\\\/#primaryimage\"},\"thumbnailUrl\":\"https:\\\/\\\/www.lasoufflerie.com\\\/wp-content\\\/uploads\\\/2024\\\/10\\\/Boule-6cm-Dark-Blue-scaled.jpg\",\"datePublished\":\"2024-10-25T13:47:18+00:00\",\"dateModified\":\"2025-09-19T14:20:52+00:00\",\"description\":\"Achetez la Boule 6cm Dark Blue. Souffl\u00e9 \u00e0 la bouche \u00e0 partir de verre recycl\u00e9 par nos ma\u00eetres artisans souffleurs de verre.\",\"breadcrumb\":{\"@id\":\"https:\\\/\\\/www.lasoufflerie.com\\\/fr\\\/produit\\\/boule-6cm-dark-blue\\\/#breadcrumb\"},\"inLanguage\":\"fr-FR\",\"potentialAction\":[{\"@type\":\"ReadAction\",\"target\":[\"https:\\\/\\\/www.lasoufflerie.com\\\/fr\\\/produit\\\/boule-6cm-dark-blue\\\/\"]}]},{\"@type\":\"ImageObject\",\"inLanguage\":\"fr-FR\",\"@id\":\"https:\\\/\\\/www.lasoufflerie.com\\\/fr\\\/produit\\\/boule-6cm-dark-blue\\\/#primaryimage\",\"url\":\"https:\\\/\\\/www.lasoufflerie.com\\\/wp-content\\\/uploads\\\/2024\\\/10\\\/Boule-6cm-Dark-Blue-scaled.jpg\",\"contentUrl\":\"https:\\\/\\\/www.lasoufflerie.com\\\/wp-content\\\/uploads\\\/2024\\\/10\\\/Boule-6cm-Dark-Blue-scaled.jpg\",\"width\":2048,\"height\":2560,\"caption\":\"la-soufflerie-boule-dark-blue-6cm-boule-de-no\u00ebl-bouche-souffl\u00e9e-verre-recycl\u00e9\"},{\"@type\":\"BreadcrumbList\",\"@id\":\"https:\\\/\\\/www.lasoufflerie.com\\\/fr\\\/produit\\\/boule-6cm-dark-blue\\\/#breadcrumb\",\"itemListElement\":[{\"@type\":\"ListItem\",\"position\":1,\"name\":\"Home\",\"item\":\"https:\\\/\\\/www.lasoufflerie.com\\\/fr\\\/\"},{\"@type\":\"ListItem\",\"position\":2,\"name\":\"Shop all\",\"item\":\"https:\\\/\\\/www.lasoufflerie.com\\\/fr\\\/boutique\\\/\"},{\"@type\":\"ListItem\",\"position\":3,\"name\":\"Boule 6cm Dark Blue\"}]},{\"@type\":\"WebSite\",\"@id\":\"https:\\\/\\\/www.lasoufflerie.com\\\/fr\\\/#website\",\"url\":\"https:\\\/\\\/www.lasoufflerie.com\\\/fr\\\/\",\"name\":\"La Soufflerie\",\"description\":\"Glass blowing craft\",\"publisher\":{\"@id\":\"https:\\\/\\\/www.lasoufflerie.com\\\/fr\\\/#organization\"},\"potentialAction\":[{\"@type\":\"SearchAction\",\"target\":{\"@type\":\"EntryPoint\",\"urlTemplate\":\"https:\\\/\\\/www.lasoufflerie.com\\\/fr\\\/?s={search_term_string}\"},\"query-input\":{\"@type\":\"PropertyValueSpecification\",\"valueRequired\":true,\"valueName\":\"search_term_string\"}}],\"inLanguage\":\"fr-FR\"},{\"@type\":\"Organization\",\"@id\":\"https:\\\/\\\/www.lasoufflerie.com\\\/fr\\\/#organization\",\"name\":\"La Soufflerie\",\"url\":\"https:\\\/\\\/www.lasoufflerie.com\\\/fr\\\/\",\"logo\":{\"@type\":\"ImageObject\",\"inLanguage\":\"fr-FR\",\"@id\":\"https:\\\/\\\/www.lasoufflerie.com\\\/fr\\\/#\\\/schema\\\/logo\\\/image\\\/\",\"url\":\"https:\\\/\\\/www.lasoufflerie.com\\\/wp-content\\\/uploads\\\/2023\\\/11\\\/Logo-La-Soufflerie-black.png\",\"contentUrl\":\"https:\\\/\\\/www.lasoufflerie.com\\\/wp-content\\\/uploads\\\/2023\\\/11\\\/Logo-La-Soufflerie-black.png\",\"width\":2362,\"height\":2362,\"caption\":\"La Soufflerie\"},\"image\":{\"@id\":\"https:\\\/\\\/www.lasoufflerie.com\\\/fr\\\/#\\\/schema\\\/logo\\\/image\\\/\"},\"sameAs\":[\"https:\\\/\\\/facebook.com\\\/lasoufflerie\",\"https:\\\/\\\/x.com\\\/lasoufflerie\",\"https:\\\/\\\/instagram.com\\\/lasoufflerie\",\"https:\\\/\\\/www.linkedin.com\\\/company\\\/9327780?trk=tyah&amp;amp;amp;trkInfo=clickedVertical:company,clickedEntityId:9327780,idx:2-1-2,tarId:1458824308330,tas:lasouff\",\"https:\\\/\\\/pinterest.com\\\/lasoufflerie\"]}]}<\/script>\n<!-- \/ Yoast SEO plugin. -->","yoast_head_json":{"title":"Boule 6cm Dark Blue - La Soufflerie- Verre recycl\u00e9 souffl\u00e9 \u00e0 la bouche","description":"Achetez la Boule 6cm Dark Blue. Souffl\u00e9 \u00e0 la bouche \u00e0 partir de verre recycl\u00e9 par nos ma\u00eetres artisans souffleurs de verre.","robots":{"index":"index","follow":"follow","max-snippet":"max-snippet:-1","max-image-preview":"max-image-preview:large","max-video-preview":"max-video-preview:-1"},"canonical":"https:\/\/www.lasoufflerie.com\/fr\/produit\/boule-6cm-dark-blue\/","og_locale":"fr_FR","og_type":"article","og_title":"Boule 6cm Dark Blue - La Soufflerie- Verre recycl\u00e9 souffl\u00e9 \u00e0 la bouche","og_description":"Achetez la Boule 6cm Dark Blue. Souffl\u00e9 \u00e0 la bouche \u00e0 partir de verre recycl\u00e9 par nos ma\u00eetres artisans souffleurs de verre.","og_url":"https:\/\/www.lasoufflerie.com\/fr\/produit\/boule-6cm-dark-blue\/","og_site_name":"La Soufflerie","article_publisher":"https:\/\/facebook.com\/lasoufflerie","article_modified_time":"2025-09-19T14:20:52+00:00","og_image":[{"width":2048,"height":2560,"url":"https:\/\/www.lasoufflerie.com\/wp-content\/uploads\/2024\/10\/Boule-6cm-Dark-Blue-scaled.jpg","type":"image\/jpeg"}],"twitter_card":"summary_large_image","twitter_site":"@lasoufflerie","schema":{"@context":"https:\/\/schema.org","@graph":[{"@type":"WebPage","@id":"https:\/\/www.lasoufflerie.com\/fr\/produit\/boule-6cm-dark-blue\/","url":"https:\/\/www.lasoufflerie.com\/fr\/produit\/boule-6cm-dark-blue\/","name":"Boule 6cm Dark Blue - La Soufflerie- Verre recycl\u00e9 souffl\u00e9 \u00e0 la bouche","isPartOf":{"@id":"https:\/\/www.lasoufflerie.com\/fr\/#website"},"primaryImageOfPage":{"@id":"https:\/\/www.lasoufflerie.com\/fr\/produit\/boule-6cm-dark-blue\/#primaryimage"},"image":{"@id":"https:\/\/www.lasoufflerie.com\/fr\/produit\/boule-6cm-dark-blue\/#primaryimage"},"thumbnailUrl":"https:\/\/www.lasoufflerie.com\/wp-content\/uploads\/2024\/10\/Boule-6cm-Dark-Blue-scaled.jpg","datePublished":"2024-10-25T13:47:18+00:00","dateModified":"2025-09-19T14:20:52+00:00","description":"Achetez la Boule 6cm Dark Blue. Souffl\u00e9 \u00e0 la bouche \u00e0 partir de verre recycl\u00e9 par nos ma\u00eetres artisans souffleurs de verre.","breadcrumb":{"@id":"https:\/\/www.lasoufflerie.com\/fr\/produit\/boule-6cm-dark-blue\/#breadcrumb"},"inLanguage":"fr-FR","potentialAction":[{"@type":"ReadAction","target":["https:\/\/www.lasoufflerie.com\/fr\/produit\/boule-6cm-dark-blue\/"]}]},{"@type":"ImageObject","inLanguage":"fr-FR","@id":"https:\/\/www.lasoufflerie.com\/fr\/produit\/boule-6cm-dark-blue\/#primaryimage","url":"https:\/\/www.lasoufflerie.com\/wp-content\/uploads\/2024\/10\/Boule-6cm-Dark-Blue-scaled.jpg","contentUrl":"https:\/\/www.lasoufflerie.com\/wp-content\/uploads\/2024\/10\/Boule-6cm-Dark-Blue-scaled.jpg","width":2048,"height":2560,"caption":"la-soufflerie-boule-dark-blue-6cm-boule-de-no\u00ebl-bouche-souffl\u00e9e-verre-recycl\u00e9"},{"@type":"BreadcrumbList","@id":"https:\/\/www.lasoufflerie.com\/fr\/produit\/boule-6cm-dark-blue\/#breadcrumb","itemListElement":[{"@type":"ListItem","position":1,"name":"Home","item":"https:\/\/www.lasoufflerie.com\/fr\/"},{"@type":"ListItem","position":2,"name":"Shop all","item":"https:\/\/www.lasoufflerie.com\/fr\/boutique\/"},{"@type":"ListItem","position":3,"name":"Boule 6cm Dark Blue"}]},{"@type":"WebSite","@id":"https:\/\/www.lasoufflerie.com\/fr\/#website","url":"https:\/\/www.lasoufflerie.com\/fr\/","name":"La Soufflerie","description":"Glass blowing craft","publisher":{"@id":"https:\/\/www.lasoufflerie.com\/fr\/#organization"},"potentialAction":[{"@type":"SearchAction","target":{"@type":"EntryPoint","urlTemplate":"https:\/\/www.lasoufflerie.com\/fr\/?s={search_term_string}"},"query-input":{"@type":"PropertyValueSpecification","valueRequired":true,"valueName":"search_term_string"}}],"inLanguage":"fr-FR"},{"@type":"Organization","@id":"https:\/\/www.lasoufflerie.com\/fr\/#organization","name":"La Soufflerie","url":"https:\/\/www.lasoufflerie.com\/fr\/","logo":{"@type":"ImageObject","inLanguage":"fr-FR","@id":"https:\/\/www.lasoufflerie.com\/fr\/#\/schema\/logo\/image\/","url":"https:\/\/www.lasoufflerie.com\/wp-content\/uploads\/2023\/11\/Logo-La-Soufflerie-black.png","contentUrl":"https:\/\/www.lasoufflerie.com\/wp-content\/uploads\/2023\/11\/Logo-La-Soufflerie-black.png","width":2362,"height":2362,"caption":"La Soufflerie"},"image":{"@id":"https:\/\/www.lasoufflerie.com\/fr\/#\/schema\/logo\/image\/"},"sameAs":["https:\/\/facebook.com\/lasoufflerie","https:\/\/x.com\/lasoufflerie","https:\/\/instagram.com\/lasoufflerie","https:\/\/www.linkedin.com\/company\/9327780?trk=tyah&amp;amp;amp;trkInfo=clickedVertical:company,clickedEntityId:9327780,idx:2-1-2,tarId:1458824308330,tas:lasouff","https:\/\/pinterest.com\/lasoufflerie"]}]}},"_links":{"self":[{"href":"https:\/\/www.lasoufflerie.com\/fr\/wp-json\/wp\/v2\/product\/61587","targetHints":{"allow":["GET"]}}],"collection":[{"href":"https:\/\/www.lasoufflerie.com\/fr\/wp-json\/wp\/v2\/product"}],"about":[{"href":"https:\/\/www.lasoufflerie.com\/fr\/wp-json\/wp\/v2\/types\/product"}],"version-history":[{"count":1,"href":"https:\/\/www.lasoufflerie.com\/fr\/wp-json\/wp\/v2\/product\/61587\/revisions"}],"predecessor-version":[{"id":61648,"href":"https:\/\/www.lasoufflerie.com\/fr\/wp-json\/wp\/v2\/product\/61587\/revisions\/61648"}],"wp:featuredmedia":[{"embeddable":true,"href":"https:\/\/www.lasoufflerie.com\/fr\/wp-json\/wp\/v2\/media\/61581"}],"wp:attachment":[{"href":"https:\/\/www.lasoufflerie.com\/fr\/wp-json\/wp\/v2\/media?parent=61587"}],"wp:term":[{"taxonomy":"product_brand","embeddable":true,"href":"https:\/\/www.lasoufflerie.com\/fr\/wp-json\/wp\/v2\/product_brand?post=61587"},{"taxonomy":"product_cat","embeddable":true,"href":"https:\/\/www.lasoufflerie.com\/fr\/wp-json\/wp\/v2\/product_cat?post=61587"},{"taxonomy":"product_tag","embeddable":true,"href":"https:\/\/www.lasoufflerie.com\/fr\/wp-json\/wp\/v2\/product_tag?post=61587"}],"curies":[{"name":"wp","href":"https:\/\/api.w.org\/{rel}","templated":true}]}}