{"id":62719,"date":"2024-12-05T12:57:40","date_gmt":"2024-12-05T11:57:40","guid":{"rendered":"https:\/\/www.lasoufflerie.com\/product\/murano-moyen-bougie-transparent\/"},"modified":"2025-09-19T16:20:51","modified_gmt":"2025-09-19T14:20:51","slug":"murano-moyen-bougie-transparent","status":"publish","type":"product","link":"https:\/\/www.lasoufflerie.com\/fr\/produit\/murano-moyen-bougie-transparent\/","title":{"rendered":"Murano Moyen Bougie Transparent"},"content":{"rendered":"<p>Le <strong>Murano Moyen Bougie Transparent<\/strong> apporte l&rsquo;\u00e9l\u00e9gance du verre de Murano vintage \u00e0 votre maison avec la chaleur d&rsquo;une bougie coul\u00e9e \u00e0 la main. Inspir\u00e9e du design intemporel des ann\u00e9es 1950 de Murano, en Italie, une \u00eele c\u00e9l\u00e8bre pour ses traditions s\u00e9culaires en mati\u00e8re de fabrication de verre, cette bougie est fabriqu\u00e9e dans notre verre Murano Moyen, un verre \u00e0 boire \u00e0 parois droites souffl\u00e9 \u00e0 la bouche \u00e0 partir de verre recycl\u00e9 par des artisans qualifi\u00e9s. Coul\u00e9 \u00e0 la main dans notre atelier parisien avec des ingr\u00e9dients enti\u00e8rement naturels, le Murano Moyen Bougie Transparent est vraiment deux produits en un. Une fois la bougie \u00e9teinte, le verre de Murano Moyen peut \u00eatre utilis\u00e9 pour n&rsquo;importe quelle boisson, poursuivant ainsi l&rsquo;histoire de la pi\u00e8ce avec une touche de charme italien et de savoir-faire parisien.<\/p>\n","protected":false},"excerpt":{"rendered":"<p>Le Murano Moyen Bougie Transparent apporte l&rsquo;\u00e9l\u00e9gance du verre de Murano vintage \u00e0 votre maison avec la chaleur d&rsquo;une bougie coul\u00e9e \u00e0 la main. Inspir\u00e9e du design intemporel des ann\u00e9es 1950 de Murano, en Italie, une \u00eele c\u00e9l\u00e8bre pour ses traditions s\u00e9culaires en mati\u00e8re de fabrication de verre, cette bougie est fabriqu\u00e9e dans notre verre [&hellip;]<\/p>\n","protected":false},"featured_media":62716,"template":"","meta":{"_acf_changed":false},"product_brand":[],"product_cat":[1332,1634,1623,1308],"product_tag":[],"class_list":{"0":"post-62719","1":"product","2":"type-product","3":"status-publish","4":"has-post-thumbnail","6":"product_cat-bougies-en-verre","7":"product_cat-cadeaux-a-moins-de-50e-idees-cadeaux","8":"product_cat-la-boutique","9":"product_cat-bougies-et-bougeoirs","10":"product_shipping_class-medium-heavy-fr","11":"pa_a-gift-for-her-fr","12":"pa_a-gift-for-lhote","13":"pa_a-gift-for-lui","14":"pa_a-gift-for-under-50e-fr","15":"pa_colour-transparent-fr","16":"pa_made-of-cire","17":"pa_made-of-glass-fr","18":"pa_size-petit","20":"first","21":"instock","22":"taxable","23":"shipping-taxable","24":"purchasable","25":"product-type-simple"},"acf":[],"yoast_head":"<!-- This site is optimized with the Yoast SEO plugin v27.3 - https:\/\/yoast.com\/product\/yoast-seo-wordpress\/ -->\n<title>Murano Moyen Bougie Transparent - La Soufflerie - Bougie coul\u00e9e \u00e0 la main<\/title>\n<meta name=\"description\" content=\"Achetez le Murano Moyen Bougie Green de La Soufflerie. Coul\u00e9s \u00e0 la main dans notre atelier parisien et disponibles pour une livraison dans le monde entier.\" \/>\n<meta name=\"robots\" content=\"index, follow, max-snippet:-1, max-image-preview:large, max-video-preview:-1\" \/>\n<link rel=\"canonical\" href=\"https:\/\/www.lasoufflerie.com\/fr\/produit\/murano-moyen-bougie-transparent\/\" \/>\n<meta property=\"og:locale\" content=\"fr_FR\" \/>\n<meta property=\"og:type\" content=\"article\" \/>\n<meta property=\"og:title\" content=\"Murano Moyen Bougie Transparent - La Soufflerie - Bougie coul\u00e9e \u00e0 la main\" \/>\n<meta property=\"og:description\" content=\"Achetez le Murano Moyen Bougie Green de La Soufflerie. Coul\u00e9s \u00e0 la main dans notre atelier parisien et disponibles pour une livraison dans le monde entier.\" \/>\n<meta property=\"og:url\" content=\"https:\/\/www.lasoufflerie.com\/fr\/produit\/murano-moyen-bougie-transparent\/\" \/>\n<meta property=\"og:site_name\" content=\"La Soufflerie\" \/>\n<meta property=\"article:publisher\" content=\"https:\/\/facebook.com\/lasoufflerie\" \/>\n<meta property=\"article:modified_time\" content=\"2025-09-19T14:20:51+00:00\" \/>\n<meta property=\"og:image\" content=\"https:\/\/www.lasoufflerie.com\/wp-content\/uploads\/2024\/12\/Murano-Bougie-Moyen-Transparent-scaled.jpg\" \/>\n\t<meta property=\"og:image:width\" content=\"1920\" \/>\n\t<meta property=\"og:image:height\" content=\"2560\" \/>\n\t<meta property=\"og:image:type\" content=\"image\/jpeg\" \/>\n<meta name=\"twitter:card\" content=\"summary_large_image\" \/>\n<meta name=\"twitter:site\" content=\"@lasoufflerie\" \/>\n<meta name=\"twitter:label1\" content=\"Dur\u00e9e de lecture estim\u00e9e\" \/>\n\t<meta name=\"twitter:data1\" content=\"1 minute\" \/>\n<script type=\"application\/ld+json\" class=\"yoast-schema-graph\">{\"@context\":\"https:\\\/\\\/schema.org\",\"@graph\":[{\"@type\":\"WebPage\",\"@id\":\"https:\\\/\\\/www.lasoufflerie.com\\\/fr\\\/produit\\\/murano-moyen-bougie-transparent\\\/\",\"url\":\"https:\\\/\\\/www.lasoufflerie.com\\\/fr\\\/produit\\\/murano-moyen-bougie-transparent\\\/\",\"name\":\"Murano Moyen Bougie Transparent - La Soufflerie - Bougie coul\u00e9e \u00e0 la main\",\"isPartOf\":{\"@id\":\"https:\\\/\\\/www.lasoufflerie.com\\\/fr\\\/#website\"},\"primaryImageOfPage\":{\"@id\":\"https:\\\/\\\/www.lasoufflerie.com\\\/fr\\\/produit\\\/murano-moyen-bougie-transparent\\\/#primaryimage\"},\"image\":{\"@id\":\"https:\\\/\\\/www.lasoufflerie.com\\\/fr\\\/produit\\\/murano-moyen-bougie-transparent\\\/#primaryimage\"},\"thumbnailUrl\":\"https:\\\/\\\/www.lasoufflerie.com\\\/wp-content\\\/uploads\\\/2024\\\/12\\\/Murano-Bougie-Moyen-Transparent-scaled.jpg\",\"datePublished\":\"2024-12-05T11:57:40+00:00\",\"dateModified\":\"2025-09-19T14:20:51+00:00\",\"description\":\"Achetez le Murano Moyen Bougie Green de La Soufflerie. Coul\u00e9s \u00e0 la main dans notre atelier parisien et disponibles pour une livraison dans le monde entier.\",\"breadcrumb\":{\"@id\":\"https:\\\/\\\/www.lasoufflerie.com\\\/fr\\\/produit\\\/murano-moyen-bougie-transparent\\\/#breadcrumb\"},\"inLanguage\":\"fr-FR\",\"potentialAction\":[{\"@type\":\"ReadAction\",\"target\":[\"https:\\\/\\\/www.lasoufflerie.com\\\/fr\\\/produit\\\/murano-moyen-bougie-transparent\\\/\"]}]},{\"@type\":\"ImageObject\",\"inLanguage\":\"fr-FR\",\"@id\":\"https:\\\/\\\/www.lasoufflerie.com\\\/fr\\\/produit\\\/murano-moyen-bougie-transparent\\\/#primaryimage\",\"url\":\"https:\\\/\\\/www.lasoufflerie.com\\\/wp-content\\\/uploads\\\/2024\\\/12\\\/Murano-Bougie-Moyen-Transparent-scaled.jpg\",\"contentUrl\":\"https:\\\/\\\/www.lasoufflerie.com\\\/wp-content\\\/uploads\\\/2024\\\/12\\\/Murano-Bougie-Moyen-Transparent-scaled.jpg\",\"width\":1920,\"height\":2560,\"caption\":\"murano-moyen-bougie-transparent-candle-vessel-hand-poured-mouth-blown-recycled-glass\"},{\"@type\":\"BreadcrumbList\",\"@id\":\"https:\\\/\\\/www.lasoufflerie.com\\\/fr\\\/produit\\\/murano-moyen-bougie-transparent\\\/#breadcrumb\",\"itemListElement\":[{\"@type\":\"ListItem\",\"position\":1,\"name\":\"Home\",\"item\":\"https:\\\/\\\/www.lasoufflerie.com\\\/fr\\\/\"},{\"@type\":\"ListItem\",\"position\":2,\"name\":\"Shop all\",\"item\":\"https:\\\/\\\/www.lasoufflerie.com\\\/fr\\\/boutique\\\/\"},{\"@type\":\"ListItem\",\"position\":3,\"name\":\"Murano Moyen Bougie Transparent\"}]},{\"@type\":\"WebSite\",\"@id\":\"https:\\\/\\\/www.lasoufflerie.com\\\/fr\\\/#website\",\"url\":\"https:\\\/\\\/www.lasoufflerie.com\\\/fr\\\/\",\"name\":\"La Soufflerie\",\"description\":\"Glass blowing craft\",\"publisher\":{\"@id\":\"https:\\\/\\\/www.lasoufflerie.com\\\/fr\\\/#organization\"},\"potentialAction\":[{\"@type\":\"SearchAction\",\"target\":{\"@type\":\"EntryPoint\",\"urlTemplate\":\"https:\\\/\\\/www.lasoufflerie.com\\\/fr\\\/?s={search_term_string}\"},\"query-input\":{\"@type\":\"PropertyValueSpecification\",\"valueRequired\":true,\"valueName\":\"search_term_string\"}}],\"inLanguage\":\"fr-FR\"},{\"@type\":\"Organization\",\"@id\":\"https:\\\/\\\/www.lasoufflerie.com\\\/fr\\\/#organization\",\"name\":\"La Soufflerie\",\"url\":\"https:\\\/\\\/www.lasoufflerie.com\\\/fr\\\/\",\"logo\":{\"@type\":\"ImageObject\",\"inLanguage\":\"fr-FR\",\"@id\":\"https:\\\/\\\/www.lasoufflerie.com\\\/fr\\\/#\\\/schema\\\/logo\\\/image\\\/\",\"url\":\"https:\\\/\\\/www.lasoufflerie.com\\\/wp-content\\\/uploads\\\/2023\\\/11\\\/Logo-La-Soufflerie-black.png\",\"contentUrl\":\"https:\\\/\\\/www.lasoufflerie.com\\\/wp-content\\\/uploads\\\/2023\\\/11\\\/Logo-La-Soufflerie-black.png\",\"width\":2362,\"height\":2362,\"caption\":\"La Soufflerie\"},\"image\":{\"@id\":\"https:\\\/\\\/www.lasoufflerie.com\\\/fr\\\/#\\\/schema\\\/logo\\\/image\\\/\"},\"sameAs\":[\"https:\\\/\\\/facebook.com\\\/lasoufflerie\",\"https:\\\/\\\/x.com\\\/lasoufflerie\",\"https:\\\/\\\/instagram.com\\\/lasoufflerie\",\"https:\\\/\\\/www.linkedin.com\\\/company\\\/9327780?trk=tyah&amp;amp;amp;trkInfo=clickedVertical:company,clickedEntityId:9327780,idx:2-1-2,tarId:1458824308330,tas:lasouff\",\"https:\\\/\\\/pinterest.com\\\/lasoufflerie\"]}]}<\/script>\n<!-- \/ Yoast SEO plugin. -->","yoast_head_json":{"title":"Murano Moyen Bougie Transparent - La Soufflerie - Bougie coul\u00e9e \u00e0 la main","description":"Achetez le Murano Moyen Bougie Green de La Soufflerie. Coul\u00e9s \u00e0 la main dans notre atelier parisien et disponibles pour une livraison dans le monde entier.","robots":{"index":"index","follow":"follow","max-snippet":"max-snippet:-1","max-image-preview":"max-image-preview:large","max-video-preview":"max-video-preview:-1"},"canonical":"https:\/\/www.lasoufflerie.com\/fr\/produit\/murano-moyen-bougie-transparent\/","og_locale":"fr_FR","og_type":"article","og_title":"Murano Moyen Bougie Transparent - La Soufflerie - Bougie coul\u00e9e \u00e0 la main","og_description":"Achetez le Murano Moyen Bougie Green de La Soufflerie. Coul\u00e9s \u00e0 la main dans notre atelier parisien et disponibles pour une livraison dans le monde entier.","og_url":"https:\/\/www.lasoufflerie.com\/fr\/produit\/murano-moyen-bougie-transparent\/","og_site_name":"La Soufflerie","article_publisher":"https:\/\/facebook.com\/lasoufflerie","article_modified_time":"2025-09-19T14:20:51+00:00","og_image":[{"width":1920,"height":2560,"url":"https:\/\/www.lasoufflerie.com\/wp-content\/uploads\/2024\/12\/Murano-Bougie-Moyen-Transparent-scaled.jpg","type":"image\/jpeg"}],"twitter_card":"summary_large_image","twitter_site":"@lasoufflerie","twitter_misc":{"Dur\u00e9e de lecture estim\u00e9e":"1 minute"},"schema":{"@context":"https:\/\/schema.org","@graph":[{"@type":"WebPage","@id":"https:\/\/www.lasoufflerie.com\/fr\/produit\/murano-moyen-bougie-transparent\/","url":"https:\/\/www.lasoufflerie.com\/fr\/produit\/murano-moyen-bougie-transparent\/","name":"Murano Moyen Bougie Transparent - La Soufflerie - Bougie coul\u00e9e \u00e0 la main","isPartOf":{"@id":"https:\/\/www.lasoufflerie.com\/fr\/#website"},"primaryImageOfPage":{"@id":"https:\/\/www.lasoufflerie.com\/fr\/produit\/murano-moyen-bougie-transparent\/#primaryimage"},"image":{"@id":"https:\/\/www.lasoufflerie.com\/fr\/produit\/murano-moyen-bougie-transparent\/#primaryimage"},"thumbnailUrl":"https:\/\/www.lasoufflerie.com\/wp-content\/uploads\/2024\/12\/Murano-Bougie-Moyen-Transparent-scaled.jpg","datePublished":"2024-12-05T11:57:40+00:00","dateModified":"2025-09-19T14:20:51+00:00","description":"Achetez le Murano Moyen Bougie Green de La Soufflerie. Coul\u00e9s \u00e0 la main dans notre atelier parisien et disponibles pour une livraison dans le monde entier.","breadcrumb":{"@id":"https:\/\/www.lasoufflerie.com\/fr\/produit\/murano-moyen-bougie-transparent\/#breadcrumb"},"inLanguage":"fr-FR","potentialAction":[{"@type":"ReadAction","target":["https:\/\/www.lasoufflerie.com\/fr\/produit\/murano-moyen-bougie-transparent\/"]}]},{"@type":"ImageObject","inLanguage":"fr-FR","@id":"https:\/\/www.lasoufflerie.com\/fr\/produit\/murano-moyen-bougie-transparent\/#primaryimage","url":"https:\/\/www.lasoufflerie.com\/wp-content\/uploads\/2024\/12\/Murano-Bougie-Moyen-Transparent-scaled.jpg","contentUrl":"https:\/\/www.lasoufflerie.com\/wp-content\/uploads\/2024\/12\/Murano-Bougie-Moyen-Transparent-scaled.jpg","width":1920,"height":2560,"caption":"murano-moyen-bougie-transparent-candle-vessel-hand-poured-mouth-blown-recycled-glass"},{"@type":"BreadcrumbList","@id":"https:\/\/www.lasoufflerie.com\/fr\/produit\/murano-moyen-bougie-transparent\/#breadcrumb","itemListElement":[{"@type":"ListItem","position":1,"name":"Home","item":"https:\/\/www.lasoufflerie.com\/fr\/"},{"@type":"ListItem","position":2,"name":"Shop all","item":"https:\/\/www.lasoufflerie.com\/fr\/boutique\/"},{"@type":"ListItem","position":3,"name":"Murano Moyen Bougie Transparent"}]},{"@type":"WebSite","@id":"https:\/\/www.lasoufflerie.com\/fr\/#website","url":"https:\/\/www.lasoufflerie.com\/fr\/","name":"La Soufflerie","description":"Glass blowing craft","publisher":{"@id":"https:\/\/www.lasoufflerie.com\/fr\/#organization"},"potentialAction":[{"@type":"SearchAction","target":{"@type":"EntryPoint","urlTemplate":"https:\/\/www.lasoufflerie.com\/fr\/?s={search_term_string}"},"query-input":{"@type":"PropertyValueSpecification","valueRequired":true,"valueName":"search_term_string"}}],"inLanguage":"fr-FR"},{"@type":"Organization","@id":"https:\/\/www.lasoufflerie.com\/fr\/#organization","name":"La Soufflerie","url":"https:\/\/www.lasoufflerie.com\/fr\/","logo":{"@type":"ImageObject","inLanguage":"fr-FR","@id":"https:\/\/www.lasoufflerie.com\/fr\/#\/schema\/logo\/image\/","url":"https:\/\/www.lasoufflerie.com\/wp-content\/uploads\/2023\/11\/Logo-La-Soufflerie-black.png","contentUrl":"https:\/\/www.lasoufflerie.com\/wp-content\/uploads\/2023\/11\/Logo-La-Soufflerie-black.png","width":2362,"height":2362,"caption":"La Soufflerie"},"image":{"@id":"https:\/\/www.lasoufflerie.com\/fr\/#\/schema\/logo\/image\/"},"sameAs":["https:\/\/facebook.com\/lasoufflerie","https:\/\/x.com\/lasoufflerie","https:\/\/instagram.com\/lasoufflerie","https:\/\/www.linkedin.com\/company\/9327780?trk=tyah&amp;amp;amp;trkInfo=clickedVertical:company,clickedEntityId:9327780,idx:2-1-2,tarId:1458824308330,tas:lasouff","https:\/\/pinterest.com\/lasoufflerie"]}]}},"_links":{"self":[{"href":"https:\/\/www.lasoufflerie.com\/fr\/wp-json\/wp\/v2\/product\/62719","targetHints":{"allow":["GET"]}}],"collection":[{"href":"https:\/\/www.lasoufflerie.com\/fr\/wp-json\/wp\/v2\/product"}],"about":[{"href":"https:\/\/www.lasoufflerie.com\/fr\/wp-json\/wp\/v2\/types\/product"}],"version-history":[{"count":1,"href":"https:\/\/www.lasoufflerie.com\/fr\/wp-json\/wp\/v2\/product\/62719\/revisions"}],"predecessor-version":[{"id":64990,"href":"https:\/\/www.lasoufflerie.com\/fr\/wp-json\/wp\/v2\/product\/62719\/revisions\/64990"}],"wp:featuredmedia":[{"embeddable":true,"href":"https:\/\/www.lasoufflerie.com\/fr\/wp-json\/wp\/v2\/media\/62716"}],"wp:attachment":[{"href":"https:\/\/www.lasoufflerie.com\/fr\/wp-json\/wp\/v2\/media?parent=62719"}],"wp:term":[{"taxonomy":"product_brand","embeddable":true,"href":"https:\/\/www.lasoufflerie.com\/fr\/wp-json\/wp\/v2\/product_brand?post=62719"},{"taxonomy":"product_cat","embeddable":true,"href":"https:\/\/www.lasoufflerie.com\/fr\/wp-json\/wp\/v2\/product_cat?post=62719"},{"taxonomy":"product_tag","embeddable":true,"href":"https:\/\/www.lasoufflerie.com\/fr\/wp-json\/wp\/v2\/product_tag?post=62719"}],"curies":[{"name":"wp","href":"https:\/\/api.w.org\/{rel}","templated":true}]}}