{"id":63113,"date":"2025-01-14T14:23:57","date_gmt":"2025-01-14T13:23:57","guid":{"rendered":"https:\/\/www.lasoufflerie.com\/?post_type=product&#038;p=63113"},"modified":"2025-09-19T16:20:42","modified_gmt":"2025-09-19T14:20:42","slug":"josephine-white-vase-soliflore-sculpture-terre-cuite-fait-main","status":"publish","type":"product","link":"https:\/\/www.lasoufflerie.com\/fr\/produit\/josephine-white-vase-soliflore-sculpture-terre-cuite-fait-main\/","title":{"rendered":"Jos\u00e9phine White"},"content":{"rendered":"<p><strong>Jos\u00e9phine White<\/strong> est un vase en terre cuite qui c\u00e9l\u00e8bre la beaut\u00e9 intemporelle de la forme f\u00e9minine. Inspir\u00e9 par le travail de la sculptrice parisienne et amie proche du couple, <a href=\"https:\/\/www.mariejobourron.com\/\">Marie-Jo Bourron<\/a>, Jos\u00e9phine capture l&rsquo;essence de son art, qui se concentre sur l&rsquo;\u00e9tude du corps f\u00e9minin. <a href=\"https:\/\/www.moulageetpatine.com\/\">S\u00e9bastien<\/a> a transform\u00e9 sa gracieuse \u00e9tude de nu en une \u00e9l\u00e9gante sculpture, r\u00e9alis\u00e9e avec soin dans notre atelier parisien. Hommage \u00e0 la f\u00e9minit\u00e9 et \u00e0 l&rsquo;artisanat fran\u00e7ais, le soliflore Jos\u00e9phine White apporte de l&rsquo;art et de l&rsquo;\u00e2me \u00e0 votre espace.<\/p>\n","protected":false},"excerpt":{"rendered":"<p>Jos\u00e9phine White est un vase en terre cuite qui c\u00e9l\u00e8bre la beaut\u00e9 intemporelle de la forme f\u00e9minine. Inspir\u00e9 par le travail de la sculptrice parisienne et amie proche du couple, Marie-Jo Bourron, Jos\u00e9phine capture l&rsquo;essence de son art, qui se concentre sur l&rsquo;\u00e9tude du corps f\u00e9minin. S\u00e9bastien a transform\u00e9 sa gracieuse \u00e9tude de nu en [&hellip;]<\/p>\n","protected":false},"featured_media":63934,"template":"","meta":{"_acf_changed":false},"product_brand":[],"product_cat":[1634,1339,1623,1644,1329,1630,1314,1309],"product_tag":[],"class_list":{"0":"post-63113","1":"product","2":"type-product","3":"status-publish","4":"has-post-thumbnail","6":"product_cat-cadeaux-a-moins-de-50e-idees-cadeaux","7":"product_cat-figuratif","8":"product_cat-la-boutique","9":"product_cat-outlet-corner","10":"product_cat-soliflores","11":"product_cat-terre-cuites","12":"product_cat-platres-terre-cuites","13":"product_cat-a-la-maison","14":"product_shipping_class-medium-product-fr","15":"pa_a-gift-for-under-50e-fr","16":"pa_colour-blanc","17":"pa_made-of-terre-cuite","18":"pa_size-medium-fr","20":"first","21":"instock","22":"taxable","23":"shipping-taxable","24":"purchasable","25":"product-type-simple"},"acf":[],"yoast_head":"<!-- This site is optimized with the Yoast SEO plugin v27.3 - https:\/\/yoast.com\/product\/yoast-seo-wordpress\/ -->\n<title>Jos\u00e9phine White - La Soufflerie - Fabriqu\u00e9 \u00e0 la main en terre cuite<\/title>\n<meta name=\"description\" content=\"Achetez le vase Josephine White de La Soufflerie. Faite main en terre cuite par nos artisans et disponible pour une exp\u00e9dition \u00e0 l&#039;international.\" \/>\n<meta name=\"robots\" content=\"index, follow, max-snippet:-1, max-image-preview:large, max-video-preview:-1\" \/>\n<link rel=\"canonical\" href=\"https:\/\/www.lasoufflerie.com\/fr\/produit\/josephine-white-vase-soliflore-sculpture-terre-cuite-fait-main\/\" \/>\n<meta property=\"og:locale\" content=\"fr_FR\" \/>\n<meta property=\"og:type\" content=\"article\" \/>\n<meta property=\"og:title\" content=\"Jos\u00e9phine White - La Soufflerie - Fabriqu\u00e9 \u00e0 la main en terre cuite\" \/>\n<meta property=\"og:description\" content=\"Achetez le vase Josephine White de La Soufflerie. Faite main en terre cuite par nos artisans et disponible pour une exp\u00e9dition \u00e0 l&#039;international.\" \/>\n<meta property=\"og:url\" content=\"https:\/\/www.lasoufflerie.com\/fr\/produit\/josephine-white-vase-soliflore-sculpture-terre-cuite-fait-main\/\" \/>\n<meta property=\"og:site_name\" content=\"La Soufflerie\" \/>\n<meta property=\"article:publisher\" content=\"https:\/\/facebook.com\/lasoufflerie\" \/>\n<meta property=\"article:modified_time\" content=\"2025-09-19T14:20:42+00:00\" \/>\n<meta property=\"og:image\" content=\"https:\/\/www.lasoufflerie.com\/wp-content\/uploads\/2024\/12\/Josephine-White-3-scaled.jpg\" \/>\n\t<meta property=\"og:image:width\" content=\"1920\" \/>\n\t<meta property=\"og:image:height\" content=\"2560\" \/>\n\t<meta property=\"og:image:type\" content=\"image\/jpeg\" \/>\n<meta name=\"twitter:card\" content=\"summary_large_image\" \/>\n<meta name=\"twitter:site\" content=\"@lasoufflerie\" \/>\n<meta name=\"twitter:label1\" content=\"Dur\u00e9e de lecture estim\u00e9e\" \/>\n\t<meta name=\"twitter:data1\" content=\"1 minute\" \/>\n<script type=\"application\/ld+json\" class=\"yoast-schema-graph\">{\"@context\":\"https:\\\/\\\/schema.org\",\"@graph\":[{\"@type\":\"WebPage\",\"@id\":\"https:\\\/\\\/www.lasoufflerie.com\\\/fr\\\/produit\\\/josephine-white-vase-soliflore-sculpture-terre-cuite-fait-main\\\/\",\"url\":\"https:\\\/\\\/www.lasoufflerie.com\\\/fr\\\/produit\\\/josephine-white-vase-soliflore-sculpture-terre-cuite-fait-main\\\/\",\"name\":\"Jos\u00e9phine White - La Soufflerie - Fabriqu\u00e9 \u00e0 la main en terre cuite\",\"isPartOf\":{\"@id\":\"https:\\\/\\\/www.lasoufflerie.com\\\/fr\\\/#website\"},\"primaryImageOfPage\":{\"@id\":\"https:\\\/\\\/www.lasoufflerie.com\\\/fr\\\/produit\\\/josephine-white-vase-soliflore-sculpture-terre-cuite-fait-main\\\/#primaryimage\"},\"image\":{\"@id\":\"https:\\\/\\\/www.lasoufflerie.com\\\/fr\\\/produit\\\/josephine-white-vase-soliflore-sculpture-terre-cuite-fait-main\\\/#primaryimage\"},\"thumbnailUrl\":\"https:\\\/\\\/www.lasoufflerie.com\\\/wp-content\\\/uploads\\\/2024\\\/12\\\/Josephine-White-3-scaled.jpg\",\"datePublished\":\"2025-01-14T13:23:57+00:00\",\"dateModified\":\"2025-09-19T14:20:42+00:00\",\"description\":\"Achetez le vase Josephine White de La Soufflerie. Faite main en terre cuite par nos artisans et disponible pour une exp\u00e9dition \u00e0 l'international.\",\"breadcrumb\":{\"@id\":\"https:\\\/\\\/www.lasoufflerie.com\\\/fr\\\/produit\\\/josephine-white-vase-soliflore-sculpture-terre-cuite-fait-main\\\/#breadcrumb\"},\"inLanguage\":\"fr-FR\",\"potentialAction\":[{\"@type\":\"ReadAction\",\"target\":[\"https:\\\/\\\/www.lasoufflerie.com\\\/fr\\\/produit\\\/josephine-white-vase-soliflore-sculpture-terre-cuite-fait-main\\\/\"]}]},{\"@type\":\"ImageObject\",\"inLanguage\":\"fr-FR\",\"@id\":\"https:\\\/\\\/www.lasoufflerie.com\\\/fr\\\/produit\\\/josephine-white-vase-soliflore-sculpture-terre-cuite-fait-main\\\/#primaryimage\",\"url\":\"https:\\\/\\\/www.lasoufflerie.com\\\/wp-content\\\/uploads\\\/2024\\\/12\\\/Josephine-White-3-scaled.jpg\",\"contentUrl\":\"https:\\\/\\\/www.lasoufflerie.com\\\/wp-content\\\/uploads\\\/2024\\\/12\\\/Josephine-White-3-scaled.jpg\",\"width\":1920,\"height\":2560,\"caption\":\"josephine-white-figurative-terracotta-handmade\"},{\"@type\":\"BreadcrumbList\",\"@id\":\"https:\\\/\\\/www.lasoufflerie.com\\\/fr\\\/produit\\\/josephine-white-vase-soliflore-sculpture-terre-cuite-fait-main\\\/#breadcrumb\",\"itemListElement\":[{\"@type\":\"ListItem\",\"position\":1,\"name\":\"Home\",\"item\":\"https:\\\/\\\/www.lasoufflerie.com\\\/fr\\\/\"},{\"@type\":\"ListItem\",\"position\":2,\"name\":\"Shop all\",\"item\":\"https:\\\/\\\/www.lasoufflerie.com\\\/fr\\\/boutique\\\/\"},{\"@type\":\"ListItem\",\"position\":3,\"name\":\"Jos\u00e9phine White\"}]},{\"@type\":\"WebSite\",\"@id\":\"https:\\\/\\\/www.lasoufflerie.com\\\/fr\\\/#website\",\"url\":\"https:\\\/\\\/www.lasoufflerie.com\\\/fr\\\/\",\"name\":\"La Soufflerie\",\"description\":\"Glass blowing craft\",\"publisher\":{\"@id\":\"https:\\\/\\\/www.lasoufflerie.com\\\/fr\\\/#organization\"},\"potentialAction\":[{\"@type\":\"SearchAction\",\"target\":{\"@type\":\"EntryPoint\",\"urlTemplate\":\"https:\\\/\\\/www.lasoufflerie.com\\\/fr\\\/?s={search_term_string}\"},\"query-input\":{\"@type\":\"PropertyValueSpecification\",\"valueRequired\":true,\"valueName\":\"search_term_string\"}}],\"inLanguage\":\"fr-FR\"},{\"@type\":\"Organization\",\"@id\":\"https:\\\/\\\/www.lasoufflerie.com\\\/fr\\\/#organization\",\"name\":\"La Soufflerie\",\"url\":\"https:\\\/\\\/www.lasoufflerie.com\\\/fr\\\/\",\"logo\":{\"@type\":\"ImageObject\",\"inLanguage\":\"fr-FR\",\"@id\":\"https:\\\/\\\/www.lasoufflerie.com\\\/fr\\\/#\\\/schema\\\/logo\\\/image\\\/\",\"url\":\"https:\\\/\\\/www.lasoufflerie.com\\\/wp-content\\\/uploads\\\/2023\\\/11\\\/Logo-La-Soufflerie-black.png\",\"contentUrl\":\"https:\\\/\\\/www.lasoufflerie.com\\\/wp-content\\\/uploads\\\/2023\\\/11\\\/Logo-La-Soufflerie-black.png\",\"width\":2362,\"height\":2362,\"caption\":\"La Soufflerie\"},\"image\":{\"@id\":\"https:\\\/\\\/www.lasoufflerie.com\\\/fr\\\/#\\\/schema\\\/logo\\\/image\\\/\"},\"sameAs\":[\"https:\\\/\\\/facebook.com\\\/lasoufflerie\",\"https:\\\/\\\/x.com\\\/lasoufflerie\",\"https:\\\/\\\/instagram.com\\\/lasoufflerie\",\"https:\\\/\\\/www.linkedin.com\\\/company\\\/9327780?trk=tyah&amp;amp;amp;trkInfo=clickedVertical:company,clickedEntityId:9327780,idx:2-1-2,tarId:1458824308330,tas:lasouff\",\"https:\\\/\\\/pinterest.com\\\/lasoufflerie\"]}]}<\/script>\n<!-- \/ Yoast SEO plugin. -->","yoast_head_json":{"title":"Jos\u00e9phine White - La Soufflerie - Fabriqu\u00e9 \u00e0 la main en terre cuite","description":"Achetez le vase Josephine White de La Soufflerie. Faite main en terre cuite par nos artisans et disponible pour une exp\u00e9dition \u00e0 l'international.","robots":{"index":"index","follow":"follow","max-snippet":"max-snippet:-1","max-image-preview":"max-image-preview:large","max-video-preview":"max-video-preview:-1"},"canonical":"https:\/\/www.lasoufflerie.com\/fr\/produit\/josephine-white-vase-soliflore-sculpture-terre-cuite-fait-main\/","og_locale":"fr_FR","og_type":"article","og_title":"Jos\u00e9phine White - La Soufflerie - Fabriqu\u00e9 \u00e0 la main en terre cuite","og_description":"Achetez le vase Josephine White de La Soufflerie. Faite main en terre cuite par nos artisans et disponible pour une exp\u00e9dition \u00e0 l'international.","og_url":"https:\/\/www.lasoufflerie.com\/fr\/produit\/josephine-white-vase-soliflore-sculpture-terre-cuite-fait-main\/","og_site_name":"La Soufflerie","article_publisher":"https:\/\/facebook.com\/lasoufflerie","article_modified_time":"2025-09-19T14:20:42+00:00","og_image":[{"width":1920,"height":2560,"url":"https:\/\/www.lasoufflerie.com\/wp-content\/uploads\/2024\/12\/Josephine-White-3-scaled.jpg","type":"image\/jpeg"}],"twitter_card":"summary_large_image","twitter_site":"@lasoufflerie","twitter_misc":{"Dur\u00e9e de lecture estim\u00e9e":"1 minute"},"schema":{"@context":"https:\/\/schema.org","@graph":[{"@type":"WebPage","@id":"https:\/\/www.lasoufflerie.com\/fr\/produit\/josephine-white-vase-soliflore-sculpture-terre-cuite-fait-main\/","url":"https:\/\/www.lasoufflerie.com\/fr\/produit\/josephine-white-vase-soliflore-sculpture-terre-cuite-fait-main\/","name":"Jos\u00e9phine White - La Soufflerie - Fabriqu\u00e9 \u00e0 la main en terre cuite","isPartOf":{"@id":"https:\/\/www.lasoufflerie.com\/fr\/#website"},"primaryImageOfPage":{"@id":"https:\/\/www.lasoufflerie.com\/fr\/produit\/josephine-white-vase-soliflore-sculpture-terre-cuite-fait-main\/#primaryimage"},"image":{"@id":"https:\/\/www.lasoufflerie.com\/fr\/produit\/josephine-white-vase-soliflore-sculpture-terre-cuite-fait-main\/#primaryimage"},"thumbnailUrl":"https:\/\/www.lasoufflerie.com\/wp-content\/uploads\/2024\/12\/Josephine-White-3-scaled.jpg","datePublished":"2025-01-14T13:23:57+00:00","dateModified":"2025-09-19T14:20:42+00:00","description":"Achetez le vase Josephine White de La Soufflerie. Faite main en terre cuite par nos artisans et disponible pour une exp\u00e9dition \u00e0 l'international.","breadcrumb":{"@id":"https:\/\/www.lasoufflerie.com\/fr\/produit\/josephine-white-vase-soliflore-sculpture-terre-cuite-fait-main\/#breadcrumb"},"inLanguage":"fr-FR","potentialAction":[{"@type":"ReadAction","target":["https:\/\/www.lasoufflerie.com\/fr\/produit\/josephine-white-vase-soliflore-sculpture-terre-cuite-fait-main\/"]}]},{"@type":"ImageObject","inLanguage":"fr-FR","@id":"https:\/\/www.lasoufflerie.com\/fr\/produit\/josephine-white-vase-soliflore-sculpture-terre-cuite-fait-main\/#primaryimage","url":"https:\/\/www.lasoufflerie.com\/wp-content\/uploads\/2024\/12\/Josephine-White-3-scaled.jpg","contentUrl":"https:\/\/www.lasoufflerie.com\/wp-content\/uploads\/2024\/12\/Josephine-White-3-scaled.jpg","width":1920,"height":2560,"caption":"josephine-white-figurative-terracotta-handmade"},{"@type":"BreadcrumbList","@id":"https:\/\/www.lasoufflerie.com\/fr\/produit\/josephine-white-vase-soliflore-sculpture-terre-cuite-fait-main\/#breadcrumb","itemListElement":[{"@type":"ListItem","position":1,"name":"Home","item":"https:\/\/www.lasoufflerie.com\/fr\/"},{"@type":"ListItem","position":2,"name":"Shop all","item":"https:\/\/www.lasoufflerie.com\/fr\/boutique\/"},{"@type":"ListItem","position":3,"name":"Jos\u00e9phine White"}]},{"@type":"WebSite","@id":"https:\/\/www.lasoufflerie.com\/fr\/#website","url":"https:\/\/www.lasoufflerie.com\/fr\/","name":"La Soufflerie","description":"Glass blowing craft","publisher":{"@id":"https:\/\/www.lasoufflerie.com\/fr\/#organization"},"potentialAction":[{"@type":"SearchAction","target":{"@type":"EntryPoint","urlTemplate":"https:\/\/www.lasoufflerie.com\/fr\/?s={search_term_string}"},"query-input":{"@type":"PropertyValueSpecification","valueRequired":true,"valueName":"search_term_string"}}],"inLanguage":"fr-FR"},{"@type":"Organization","@id":"https:\/\/www.lasoufflerie.com\/fr\/#organization","name":"La Soufflerie","url":"https:\/\/www.lasoufflerie.com\/fr\/","logo":{"@type":"ImageObject","inLanguage":"fr-FR","@id":"https:\/\/www.lasoufflerie.com\/fr\/#\/schema\/logo\/image\/","url":"https:\/\/www.lasoufflerie.com\/wp-content\/uploads\/2023\/11\/Logo-La-Soufflerie-black.png","contentUrl":"https:\/\/www.lasoufflerie.com\/wp-content\/uploads\/2023\/11\/Logo-La-Soufflerie-black.png","width":2362,"height":2362,"caption":"La Soufflerie"},"image":{"@id":"https:\/\/www.lasoufflerie.com\/fr\/#\/schema\/logo\/image\/"},"sameAs":["https:\/\/facebook.com\/lasoufflerie","https:\/\/x.com\/lasoufflerie","https:\/\/instagram.com\/lasoufflerie","https:\/\/www.linkedin.com\/company\/9327780?trk=tyah&amp;amp;amp;trkInfo=clickedVertical:company,clickedEntityId:9327780,idx:2-1-2,tarId:1458824308330,tas:lasouff","https:\/\/pinterest.com\/lasoufflerie"]}]}},"_links":{"self":[{"href":"https:\/\/www.lasoufflerie.com\/fr\/wp-json\/wp\/v2\/product\/63113","targetHints":{"allow":["GET"]}}],"collection":[{"href":"https:\/\/www.lasoufflerie.com\/fr\/wp-json\/wp\/v2\/product"}],"about":[{"href":"https:\/\/www.lasoufflerie.com\/fr\/wp-json\/wp\/v2\/types\/product"}],"version-history":[{"count":5,"href":"https:\/\/www.lasoufflerie.com\/fr\/wp-json\/wp\/v2\/product\/63113\/revisions"}],"predecessor-version":[{"id":65603,"href":"https:\/\/www.lasoufflerie.com\/fr\/wp-json\/wp\/v2\/product\/63113\/revisions\/65603"}],"wp:featuredmedia":[{"embeddable":true,"href":"https:\/\/www.lasoufflerie.com\/fr\/wp-json\/wp\/v2\/media\/63934"}],"wp:attachment":[{"href":"https:\/\/www.lasoufflerie.com\/fr\/wp-json\/wp\/v2\/media?parent=63113"}],"wp:term":[{"taxonomy":"product_brand","embeddable":true,"href":"https:\/\/www.lasoufflerie.com\/fr\/wp-json\/wp\/v2\/product_brand?post=63113"},{"taxonomy":"product_cat","embeddable":true,"href":"https:\/\/www.lasoufflerie.com\/fr\/wp-json\/wp\/v2\/product_cat?post=63113"},{"taxonomy":"product_tag","embeddable":true,"href":"https:\/\/www.lasoufflerie.com\/fr\/wp-json\/wp\/v2\/product_tag?post=63113"}],"curies":[{"name":"wp","href":"https:\/\/api.w.org\/{rel}","templated":true}]}}