{"id":63482,"date":"2025-01-14T14:22:56","date_gmt":"2025-01-14T13:22:56","guid":{"rendered":"https:\/\/www.lasoufflerie.com\/?post_type=product&#038;p=63482"},"modified":"2026-03-06T16:08:19","modified_gmt":"2026-03-06T15:08:19","slug":"poule-vert-tachete-terre-cuite-fait-main-vase-carafe","status":"publish","type":"product","link":"https:\/\/www.lasoufflerie.com\/fr\/produit\/poule-vert-tachete-terre-cuite-fait-main-vase-carafe\/","title":{"rendered":"Poule Vert Tachet\u00e9"},"content":{"rendered":"<p>Apportez une touche de charme \u00e0 votre int\u00e9rieur avec le vase <strong>Poule Vert Tachet\u00e9<\/strong> ! Fabriqu\u00e9 artisanalement en terre cuite puis peint \u00e0 la main avec un \u00e9mail c\u00e9ramique par nos talentueux artisans, ce vase fantaisiste en forme de poule insuffle une note \u00e0 la fois ludique et raffin\u00e9e \u00e0 votre espace. Peint \u00e0 la main d&rsquo;un vert \u00e9clatant, le vase Poule Vert Tachet\u00e9 est id\u00e9al pour accueillir des fleurs s\u00e9ch\u00e9es ou artificielles, ou tout simplement comme objet d\u00e9coratif original qui ne manquera pas de susciter la conversation. Ses courbes douces et son design unique en font un \u00e9l\u00e9ment de d\u00e9coration remarquable sur votre chemin\u00e9e, votre table ou une \u00e9tag\u00e8re.  <\/p>\n<p><strong>Cette pi\u00e8ce n&rsquo;est pas r\u00e9sistante \u00e0 l&rsquo;eau. <\/strong><\/p>\n","protected":false},"excerpt":{"rendered":"<p>Apportez une touche de charme \u00e0 votre int\u00e9rieur avec le vase Poule Vert Tachet\u00e9 ! Fabriqu\u00e9 artisanalement en terre cuite puis peint \u00e0 la main avec un \u00e9mail c\u00e9ramique par nos talentueux artisans, ce vase fantaisiste en forme de poule insuffle une note \u00e0 la fois ludique et raffin\u00e9e \u00e0 votre espace. Peint \u00e0 la [&hellip;]<\/p>\n","protected":false},"featured_media":63553,"template":"","meta":{"_acf_changed":false},"product_brand":[],"product_cat":[1636,1339,1623,1321,1329,1630,1314,1310,1309],"product_tag":[],"class_list":{"0":"post-63482","1":"product","2":"type-product","3":"status-publish","4":"has-post-thumbnail","6":"product_cat-cadeaux-a-plus-de-50e-idees-cadeaux","7":"product_cat-figuratif","8":"product_cat-la-boutique","9":"product_cat-pichets-et-decanteurs","10":"product_cat-soliflores","11":"product_cat-terre-cuites","12":"product_cat-platres-terre-cuites","13":"product_cat-verres-carafes","14":"product_cat-a-la-maison","15":"product_shipping_class-large-product-fr","16":"pa_a-gift-for-her-fr","17":"pa_a-gift-for-plus-de-50e","18":"pa_colour-vert","19":"pa_made-of-terre-cuite","20":"pa_size-large-fr","22":"first","23":"outofstock","24":"taxable","25":"shipping-taxable","26":"purchasable","27":"product-type-simple"},"acf":[],"yoast_head":"<!-- This site is optimized with the Yoast SEO plugin v27.3 - https:\/\/yoast.com\/product\/yoast-seo-wordpress\/ -->\n<title>Poule Vert Tachet\u00e9 - La Soufflerie- Fabriqu\u00e9 \u00e0 la main en terre cuite<\/title>\n<meta name=\"description\" content=\"Achetez le vase Poule Vert Tachet\u00e9 de La Soufflerie. Fabriqu\u00e9 \u00e0 la main en terre cuite par nos artisans experts et disponible pour une exp\u00e9dition dans le monde entier.\" \/>\n<meta name=\"robots\" content=\"index, follow, max-snippet:-1, max-image-preview:large, max-video-preview:-1\" \/>\n<link rel=\"canonical\" href=\"https:\/\/www.lasoufflerie.com\/fr\/produit\/poule-vert-tachete-terre-cuite-fait-main-vase-carafe\/\" \/>\n<meta property=\"og:locale\" content=\"fr_FR\" \/>\n<meta property=\"og:type\" content=\"article\" \/>\n<meta property=\"og:title\" content=\"Poule Vert Tachet\u00e9 - La Soufflerie- Fabriqu\u00e9 \u00e0 la main en terre cuite\" \/>\n<meta property=\"og:description\" content=\"Achetez le vase Poule Vert Tachet\u00e9 de La Soufflerie. Fabriqu\u00e9 \u00e0 la main en terre cuite par nos artisans experts et disponible pour une exp\u00e9dition dans le monde entier.\" \/>\n<meta property=\"og:url\" content=\"https:\/\/www.lasoufflerie.com\/fr\/produit\/poule-vert-tachete-terre-cuite-fait-main-vase-carafe\/\" \/>\n<meta property=\"og:site_name\" content=\"La Soufflerie\" \/>\n<meta property=\"article:publisher\" content=\"https:\/\/facebook.com\/lasoufflerie\" \/>\n<meta property=\"article:modified_time\" content=\"2026-03-06T15:08:19+00:00\" \/>\n<meta property=\"og:image\" content=\"https:\/\/www.lasoufflerie.com\/wp-content\/uploads\/2024\/12\/Poule-Vert-Tachete-3-scaled.jpg\" \/>\n\t<meta property=\"og:image:width\" content=\"1920\" \/>\n\t<meta property=\"og:image:height\" content=\"2560\" \/>\n\t<meta property=\"og:image:type\" content=\"image\/jpeg\" \/>\n<meta name=\"twitter:card\" content=\"summary_large_image\" \/>\n<meta name=\"twitter:site\" content=\"@lasoufflerie\" \/>\n<meta name=\"twitter:label1\" content=\"Dur\u00e9e de lecture estim\u00e9e\" \/>\n\t<meta name=\"twitter:data1\" content=\"1 minute\" \/>\n<script type=\"application\/ld+json\" class=\"yoast-schema-graph\">{\"@context\":\"https:\\\/\\\/schema.org\",\"@graph\":[{\"@type\":\"WebPage\",\"@id\":\"https:\\\/\\\/www.lasoufflerie.com\\\/fr\\\/produit\\\/poule-vert-tachete-terre-cuite-fait-main-vase-carafe\\\/\",\"url\":\"https:\\\/\\\/www.lasoufflerie.com\\\/fr\\\/produit\\\/poule-vert-tachete-terre-cuite-fait-main-vase-carafe\\\/\",\"name\":\"Poule Vert Tachet\u00e9 - La Soufflerie- Fabriqu\u00e9 \u00e0 la main en terre cuite\",\"isPartOf\":{\"@id\":\"https:\\\/\\\/www.lasoufflerie.com\\\/fr\\\/#website\"},\"primaryImageOfPage\":{\"@id\":\"https:\\\/\\\/www.lasoufflerie.com\\\/fr\\\/produit\\\/poule-vert-tachete-terre-cuite-fait-main-vase-carafe\\\/#primaryimage\"},\"image\":{\"@id\":\"https:\\\/\\\/www.lasoufflerie.com\\\/fr\\\/produit\\\/poule-vert-tachete-terre-cuite-fait-main-vase-carafe\\\/#primaryimage\"},\"thumbnailUrl\":\"https:\\\/\\\/www.lasoufflerie.com\\\/wp-content\\\/uploads\\\/2024\\\/12\\\/Poule-Vert-Tachete-3-scaled.jpg\",\"datePublished\":\"2025-01-14T13:22:56+00:00\",\"dateModified\":\"2026-03-06T15:08:19+00:00\",\"description\":\"Achetez le vase Poule Vert Tachet\u00e9 de La Soufflerie. Fabriqu\u00e9 \u00e0 la main en terre cuite par nos artisans experts et disponible pour une exp\u00e9dition dans le monde entier.\",\"breadcrumb\":{\"@id\":\"https:\\\/\\\/www.lasoufflerie.com\\\/fr\\\/produit\\\/poule-vert-tachete-terre-cuite-fait-main-vase-carafe\\\/#breadcrumb\"},\"inLanguage\":\"fr-FR\",\"potentialAction\":[{\"@type\":\"ReadAction\",\"target\":[\"https:\\\/\\\/www.lasoufflerie.com\\\/fr\\\/produit\\\/poule-vert-tachete-terre-cuite-fait-main-vase-carafe\\\/\"]}]},{\"@type\":\"ImageObject\",\"inLanguage\":\"fr-FR\",\"@id\":\"https:\\\/\\\/www.lasoufflerie.com\\\/fr\\\/produit\\\/poule-vert-tachete-terre-cuite-fait-main-vase-carafe\\\/#primaryimage\",\"url\":\"https:\\\/\\\/www.lasoufflerie.com\\\/wp-content\\\/uploads\\\/2024\\\/12\\\/Poule-Vert-Tachete-3-scaled.jpg\",\"contentUrl\":\"https:\\\/\\\/www.lasoufflerie.com\\\/wp-content\\\/uploads\\\/2024\\\/12\\\/Poule-Vert-Tachete-3-scaled.jpg\",\"width\":1920,\"height\":2560,\"caption\":\"poule-vert-tachet\u00e9-handmade-terracotta-vase\"},{\"@type\":\"BreadcrumbList\",\"@id\":\"https:\\\/\\\/www.lasoufflerie.com\\\/fr\\\/produit\\\/poule-vert-tachete-terre-cuite-fait-main-vase-carafe\\\/#breadcrumb\",\"itemListElement\":[{\"@type\":\"ListItem\",\"position\":1,\"name\":\"Home\",\"item\":\"https:\\\/\\\/www.lasoufflerie.com\\\/fr\\\/\"},{\"@type\":\"ListItem\",\"position\":2,\"name\":\"Shop all\",\"item\":\"https:\\\/\\\/www.lasoufflerie.com\\\/fr\\\/boutique\\\/\"},{\"@type\":\"ListItem\",\"position\":3,\"name\":\"Poule Vert Tachet\u00e9\"}]},{\"@type\":\"WebSite\",\"@id\":\"https:\\\/\\\/www.lasoufflerie.com\\\/fr\\\/#website\",\"url\":\"https:\\\/\\\/www.lasoufflerie.com\\\/fr\\\/\",\"name\":\"La Soufflerie\",\"description\":\"Glass blowing craft\",\"publisher\":{\"@id\":\"https:\\\/\\\/www.lasoufflerie.com\\\/fr\\\/#organization\"},\"potentialAction\":[{\"@type\":\"SearchAction\",\"target\":{\"@type\":\"EntryPoint\",\"urlTemplate\":\"https:\\\/\\\/www.lasoufflerie.com\\\/fr\\\/?s={search_term_string}\"},\"query-input\":{\"@type\":\"PropertyValueSpecification\",\"valueRequired\":true,\"valueName\":\"search_term_string\"}}],\"inLanguage\":\"fr-FR\"},{\"@type\":\"Organization\",\"@id\":\"https:\\\/\\\/www.lasoufflerie.com\\\/fr\\\/#organization\",\"name\":\"La Soufflerie\",\"url\":\"https:\\\/\\\/www.lasoufflerie.com\\\/fr\\\/\",\"logo\":{\"@type\":\"ImageObject\",\"inLanguage\":\"fr-FR\",\"@id\":\"https:\\\/\\\/www.lasoufflerie.com\\\/fr\\\/#\\\/schema\\\/logo\\\/image\\\/\",\"url\":\"https:\\\/\\\/www.lasoufflerie.com\\\/wp-content\\\/uploads\\\/2023\\\/11\\\/Logo-La-Soufflerie-black.png\",\"contentUrl\":\"https:\\\/\\\/www.lasoufflerie.com\\\/wp-content\\\/uploads\\\/2023\\\/11\\\/Logo-La-Soufflerie-black.png\",\"width\":2362,\"height\":2362,\"caption\":\"La Soufflerie\"},\"image\":{\"@id\":\"https:\\\/\\\/www.lasoufflerie.com\\\/fr\\\/#\\\/schema\\\/logo\\\/image\\\/\"},\"sameAs\":[\"https:\\\/\\\/facebook.com\\\/lasoufflerie\",\"https:\\\/\\\/x.com\\\/lasoufflerie\",\"https:\\\/\\\/instagram.com\\\/lasoufflerie\",\"https:\\\/\\\/www.linkedin.com\\\/company\\\/9327780?trk=tyah&amp;amp;amp;trkInfo=clickedVertical:company,clickedEntityId:9327780,idx:2-1-2,tarId:1458824308330,tas:lasouff\",\"https:\\\/\\\/pinterest.com\\\/lasoufflerie\"]}]}<\/script>\n<!-- \/ Yoast SEO plugin. -->","yoast_head_json":{"title":"Poule Vert Tachet\u00e9 - La Soufflerie- Fabriqu\u00e9 \u00e0 la main en terre cuite","description":"Achetez le vase Poule Vert Tachet\u00e9 de La Soufflerie. Fabriqu\u00e9 \u00e0 la main en terre cuite par nos artisans experts et disponible pour une exp\u00e9dition dans le monde entier.","robots":{"index":"index","follow":"follow","max-snippet":"max-snippet:-1","max-image-preview":"max-image-preview:large","max-video-preview":"max-video-preview:-1"},"canonical":"https:\/\/www.lasoufflerie.com\/fr\/produit\/poule-vert-tachete-terre-cuite-fait-main-vase-carafe\/","og_locale":"fr_FR","og_type":"article","og_title":"Poule Vert Tachet\u00e9 - La Soufflerie- Fabriqu\u00e9 \u00e0 la main en terre cuite","og_description":"Achetez le vase Poule Vert Tachet\u00e9 de La Soufflerie. Fabriqu\u00e9 \u00e0 la main en terre cuite par nos artisans experts et disponible pour une exp\u00e9dition dans le monde entier.","og_url":"https:\/\/www.lasoufflerie.com\/fr\/produit\/poule-vert-tachete-terre-cuite-fait-main-vase-carafe\/","og_site_name":"La Soufflerie","article_publisher":"https:\/\/facebook.com\/lasoufflerie","article_modified_time":"2026-03-06T15:08:19+00:00","og_image":[{"width":1920,"height":2560,"url":"https:\/\/www.lasoufflerie.com\/wp-content\/uploads\/2024\/12\/Poule-Vert-Tachete-3-scaled.jpg","type":"image\/jpeg"}],"twitter_card":"summary_large_image","twitter_site":"@lasoufflerie","twitter_misc":{"Dur\u00e9e de lecture estim\u00e9e":"1 minute"},"schema":{"@context":"https:\/\/schema.org","@graph":[{"@type":"WebPage","@id":"https:\/\/www.lasoufflerie.com\/fr\/produit\/poule-vert-tachete-terre-cuite-fait-main-vase-carafe\/","url":"https:\/\/www.lasoufflerie.com\/fr\/produit\/poule-vert-tachete-terre-cuite-fait-main-vase-carafe\/","name":"Poule Vert Tachet\u00e9 - La Soufflerie- Fabriqu\u00e9 \u00e0 la main en terre cuite","isPartOf":{"@id":"https:\/\/www.lasoufflerie.com\/fr\/#website"},"primaryImageOfPage":{"@id":"https:\/\/www.lasoufflerie.com\/fr\/produit\/poule-vert-tachete-terre-cuite-fait-main-vase-carafe\/#primaryimage"},"image":{"@id":"https:\/\/www.lasoufflerie.com\/fr\/produit\/poule-vert-tachete-terre-cuite-fait-main-vase-carafe\/#primaryimage"},"thumbnailUrl":"https:\/\/www.lasoufflerie.com\/wp-content\/uploads\/2024\/12\/Poule-Vert-Tachete-3-scaled.jpg","datePublished":"2025-01-14T13:22:56+00:00","dateModified":"2026-03-06T15:08:19+00:00","description":"Achetez le vase Poule Vert Tachet\u00e9 de La Soufflerie. Fabriqu\u00e9 \u00e0 la main en terre cuite par nos artisans experts et disponible pour une exp\u00e9dition dans le monde entier.","breadcrumb":{"@id":"https:\/\/www.lasoufflerie.com\/fr\/produit\/poule-vert-tachete-terre-cuite-fait-main-vase-carafe\/#breadcrumb"},"inLanguage":"fr-FR","potentialAction":[{"@type":"ReadAction","target":["https:\/\/www.lasoufflerie.com\/fr\/produit\/poule-vert-tachete-terre-cuite-fait-main-vase-carafe\/"]}]},{"@type":"ImageObject","inLanguage":"fr-FR","@id":"https:\/\/www.lasoufflerie.com\/fr\/produit\/poule-vert-tachete-terre-cuite-fait-main-vase-carafe\/#primaryimage","url":"https:\/\/www.lasoufflerie.com\/wp-content\/uploads\/2024\/12\/Poule-Vert-Tachete-3-scaled.jpg","contentUrl":"https:\/\/www.lasoufflerie.com\/wp-content\/uploads\/2024\/12\/Poule-Vert-Tachete-3-scaled.jpg","width":1920,"height":2560,"caption":"poule-vert-tachet\u00e9-handmade-terracotta-vase"},{"@type":"BreadcrumbList","@id":"https:\/\/www.lasoufflerie.com\/fr\/produit\/poule-vert-tachete-terre-cuite-fait-main-vase-carafe\/#breadcrumb","itemListElement":[{"@type":"ListItem","position":1,"name":"Home","item":"https:\/\/www.lasoufflerie.com\/fr\/"},{"@type":"ListItem","position":2,"name":"Shop all","item":"https:\/\/www.lasoufflerie.com\/fr\/boutique\/"},{"@type":"ListItem","position":3,"name":"Poule Vert Tachet\u00e9"}]},{"@type":"WebSite","@id":"https:\/\/www.lasoufflerie.com\/fr\/#website","url":"https:\/\/www.lasoufflerie.com\/fr\/","name":"La Soufflerie","description":"Glass blowing craft","publisher":{"@id":"https:\/\/www.lasoufflerie.com\/fr\/#organization"},"potentialAction":[{"@type":"SearchAction","target":{"@type":"EntryPoint","urlTemplate":"https:\/\/www.lasoufflerie.com\/fr\/?s={search_term_string}"},"query-input":{"@type":"PropertyValueSpecification","valueRequired":true,"valueName":"search_term_string"}}],"inLanguage":"fr-FR"},{"@type":"Organization","@id":"https:\/\/www.lasoufflerie.com\/fr\/#organization","name":"La Soufflerie","url":"https:\/\/www.lasoufflerie.com\/fr\/","logo":{"@type":"ImageObject","inLanguage":"fr-FR","@id":"https:\/\/www.lasoufflerie.com\/fr\/#\/schema\/logo\/image\/","url":"https:\/\/www.lasoufflerie.com\/wp-content\/uploads\/2023\/11\/Logo-La-Soufflerie-black.png","contentUrl":"https:\/\/www.lasoufflerie.com\/wp-content\/uploads\/2023\/11\/Logo-La-Soufflerie-black.png","width":2362,"height":2362,"caption":"La Soufflerie"},"image":{"@id":"https:\/\/www.lasoufflerie.com\/fr\/#\/schema\/logo\/image\/"},"sameAs":["https:\/\/facebook.com\/lasoufflerie","https:\/\/x.com\/lasoufflerie","https:\/\/instagram.com\/lasoufflerie","https:\/\/www.linkedin.com\/company\/9327780?trk=tyah&amp;amp;amp;trkInfo=clickedVertical:company,clickedEntityId:9327780,idx:2-1-2,tarId:1458824308330,tas:lasouff","https:\/\/pinterest.com\/lasoufflerie"]}]}},"_links":{"self":[{"href":"https:\/\/www.lasoufflerie.com\/fr\/wp-json\/wp\/v2\/product\/63482","targetHints":{"allow":["GET"]}}],"collection":[{"href":"https:\/\/www.lasoufflerie.com\/fr\/wp-json\/wp\/v2\/product"}],"about":[{"href":"https:\/\/www.lasoufflerie.com\/fr\/wp-json\/wp\/v2\/types\/product"}],"version-history":[{"count":9,"href":"https:\/\/www.lasoufflerie.com\/fr\/wp-json\/wp\/v2\/product\/63482\/revisions"}],"predecessor-version":[{"id":75594,"href":"https:\/\/www.lasoufflerie.com\/fr\/wp-json\/wp\/v2\/product\/63482\/revisions\/75594"}],"wp:featuredmedia":[{"embeddable":true,"href":"https:\/\/www.lasoufflerie.com\/fr\/wp-json\/wp\/v2\/media\/63553"}],"wp:attachment":[{"href":"https:\/\/www.lasoufflerie.com\/fr\/wp-json\/wp\/v2\/media?parent=63482"}],"wp:term":[{"taxonomy":"product_brand","embeddable":true,"href":"https:\/\/www.lasoufflerie.com\/fr\/wp-json\/wp\/v2\/product_brand?post=63482"},{"taxonomy":"product_cat","embeddable":true,"href":"https:\/\/www.lasoufflerie.com\/fr\/wp-json\/wp\/v2\/product_cat?post=63482"},{"taxonomy":"product_tag","embeddable":true,"href":"https:\/\/www.lasoufflerie.com\/fr\/wp-json\/wp\/v2\/product_tag?post=63482"}],"curies":[{"name":"wp","href":"https:\/\/api.w.org\/{rel}","templated":true}]}}