{"id":64678,"date":"2025-01-14T14:21:44","date_gmt":"2025-01-14T13:21:44","guid":{"rendered":"https:\/\/www.lasoufflerie.com\/?post_type=product&#038;p=64678"},"modified":"2025-09-19T16:20:47","modified_gmt":"2025-09-19T14:20:47","slug":"dionysos-vert-fume-vase-pichet-verre-recycle-souffle-bouche","status":"publish","type":"product","link":"https:\/\/www.lasoufflerie.com\/fr\/produit\/dionysos-vert-fume-vase-pichet-verre-recycle-souffle-bouche\/","title":{"rendered":"Dionysos Vert Fum\u00e9"},"content":{"rendered":"<p>Notre carafe <strong>Dionysos Vert Fum\u00e9<\/strong> est une pi\u00e8ce divine inspir\u00e9e par le dieu du vin, des r\u00e9jouissances et de la beaut\u00e9 luxuriante de la nature. Avec sa base \u00e0 pieds, son ventre rond et son bec verseur gracieux, vous vous retrouverez \u00e0 l&rsquo;utiliser quotidiennement. Inspir\u00e9e par le dieu grec ancien Dionysos, fils de Zeus et S\u00e9m\u00e9l\u00e9, cette pi\u00e8ce c\u00e9l\u00e8bre la joie de vivre, tout comme le dieu avec son amour pour le vin, la v\u00e9g\u00e9tation et l&rsquo;art de la g\u00e9n\u00e9ration. Souffl\u00e9e \u00e0 la bouche par nos artisans talentueux \u00e0 partir de verre 100% recycl\u00e9, ce r\u00e9cipient est disponible dans une \u00e9l\u00e9gante teinte de vert fum\u00e9e, ajoutant une sophistication chic \u00e0 votre table. Que vous versiez un verre de votre vin pr\u00e9f\u00e9r\u00e9 ou que vous ajoutiez un peu de joie de vivre \u00e0 votre maison en l&rsquo;utilisant comme vase, Dionysos Vert Fum\u00e9 est la fa\u00e7on parfaite d&rsquo;apporter l&rsquo;esprit grec ancien aux c\u00e9l\u00e9brations modernes.<\/p>\n<p>Compl\u00e9tez-le avec notre <a href=\"https:\/\/www.lasoufflerie.com\/fr\/produit\/bouchon-terracotta-8cm-terre-cuite-fait-main\/\">Bouchon Terracotta 8cm<\/a> pour le transformer en un \u00e9l\u00e9gant r\u00e9cipient pour l&rsquo;eau, du jus ou des boissons infus\u00e9es.<\/p>\n","protected":false},"excerpt":{"rendered":"<p>Notre carafe Dionysos Vert Fum\u00e9 est une pi\u00e8ce divine inspir\u00e9e par le dieu du vin, des r\u00e9jouissances et de la beaut\u00e9 luxuriante de la nature. Avec sa base \u00e0 pieds, son ventre rond et son bec verseur gracieux, vous vous retrouverez \u00e0 l&rsquo;utiliser quotidiennement. Inspir\u00e9e par le dieu grec ancien Dionysos, fils de Zeus et [&hellip;]<\/p>\n","protected":false},"featured_media":63662,"template":"","meta":{"_acf_changed":false},"product_brand":[],"product_cat":[1634,1623,1321,1310,1343,1309],"product_tag":[],"class_list":{"0":"post-64678","1":"product","2":"type-product","3":"status-publish","4":"has-post-thumbnail","6":"product_cat-cadeaux-a-moins-de-50e-idees-cadeaux","7":"product_cat-la-boutique","8":"product_cat-pichets-et-decanteurs","9":"product_cat-verres-carafes","10":"product_cat-vases","11":"product_cat-a-la-maison","12":"product_shipping_class-large-product-fr","13":"pa_a-gift-for-her-fr","14":"pa_a-gift-for-lhote","15":"pa_a-gift-for-lui","16":"pa_a-gift-for-un-mariage","17":"pa_a-gift-for-under-50e-fr","18":"pa_colour-vert","19":"pa_made-of-glass-fr","21":"first","22":"instock","23":"taxable","24":"shipping-taxable","25":"purchasable","26":"product-type-simple"},"acf":[],"yoast_head":"<!-- This site is optimized with the Yoast SEO plugin v27.3 - https:\/\/yoast.com\/product\/yoast-seo-wordpress\/ -->\n<title>Dionysos Vert Fum\u00e9 - La Soufflerie - Verre recycl\u00e9 souffl\u00e9 \u00e0 la bouche<\/title>\n<meta name=\"description\" content=\"Achetez Dionysos Vert Fum\u00e9 de La Soufflerie. Souffl\u00e9 bouche en verre recycl\u00e9 par nos souffleurs de verre et disponible pour une livraison internationale.\" \/>\n<meta name=\"robots\" content=\"index, follow, max-snippet:-1, max-image-preview:large, max-video-preview:-1\" \/>\n<link rel=\"canonical\" href=\"https:\/\/www.lasoufflerie.com\/fr\/produit\/dionysos-vert-fume-vase-pichet-verre-recycle-souffle-bouche\/\" \/>\n<meta property=\"og:locale\" content=\"fr_FR\" \/>\n<meta property=\"og:type\" content=\"article\" \/>\n<meta property=\"og:title\" content=\"Dionysos Vert Fum\u00e9 - La Soufflerie - Verre recycl\u00e9 souffl\u00e9 \u00e0 la bouche\" \/>\n<meta property=\"og:description\" content=\"Achetez Dionysos Vert Fum\u00e9 de La Soufflerie. Souffl\u00e9 bouche en verre recycl\u00e9 par nos souffleurs de verre et disponible pour une livraison internationale.\" \/>\n<meta property=\"og:url\" content=\"https:\/\/www.lasoufflerie.com\/fr\/produit\/dionysos-vert-fume-vase-pichet-verre-recycle-souffle-bouche\/\" \/>\n<meta property=\"og:site_name\" content=\"La Soufflerie\" \/>\n<meta property=\"article:publisher\" content=\"https:\/\/facebook.com\/lasoufflerie\" \/>\n<meta property=\"article:modified_time\" content=\"2025-09-19T14:20:47+00:00\" \/>\n<meta property=\"og:image\" content=\"https:\/\/www.lasoufflerie.com\/wp-content\/uploads\/2024\/12\/Dionysos-Vert-Fume-3-scaled.jpg\" \/>\n\t<meta property=\"og:image:width\" content=\"1920\" \/>\n\t<meta property=\"og:image:height\" content=\"2560\" \/>\n\t<meta property=\"og:image:type\" content=\"image\/jpeg\" \/>\n<meta name=\"twitter:card\" content=\"summary_large_image\" \/>\n<meta name=\"twitter:site\" content=\"@lasoufflerie\" \/>\n<meta name=\"twitter:label1\" content=\"Dur\u00e9e de lecture estim\u00e9e\" \/>\n\t<meta name=\"twitter:data1\" content=\"1 minute\" \/>\n<script type=\"application\/ld+json\" class=\"yoast-schema-graph\">{\"@context\":\"https:\\\/\\\/schema.org\",\"@graph\":[{\"@type\":\"WebPage\",\"@id\":\"https:\\\/\\\/www.lasoufflerie.com\\\/fr\\\/produit\\\/dionysos-vert-fume-vase-pichet-verre-recycle-souffle-bouche\\\/\",\"url\":\"https:\\\/\\\/www.lasoufflerie.com\\\/fr\\\/produit\\\/dionysos-vert-fume-vase-pichet-verre-recycle-souffle-bouche\\\/\",\"name\":\"Dionysos Vert Fum\u00e9 - La Soufflerie - Verre recycl\u00e9 souffl\u00e9 \u00e0 la bouche\",\"isPartOf\":{\"@id\":\"https:\\\/\\\/www.lasoufflerie.com\\\/fr\\\/#website\"},\"primaryImageOfPage\":{\"@id\":\"https:\\\/\\\/www.lasoufflerie.com\\\/fr\\\/produit\\\/dionysos-vert-fume-vase-pichet-verre-recycle-souffle-bouche\\\/#primaryimage\"},\"image\":{\"@id\":\"https:\\\/\\\/www.lasoufflerie.com\\\/fr\\\/produit\\\/dionysos-vert-fume-vase-pichet-verre-recycle-souffle-bouche\\\/#primaryimage\"},\"thumbnailUrl\":\"https:\\\/\\\/www.lasoufflerie.com\\\/wp-content\\\/uploads\\\/2024\\\/12\\\/Dionysos-Vert-Fume-3-scaled.jpg\",\"datePublished\":\"2025-01-14T13:21:44+00:00\",\"dateModified\":\"2025-09-19T14:20:47+00:00\",\"description\":\"Achetez Dionysos Vert Fum\u00e9 de La Soufflerie. Souffl\u00e9 bouche en verre recycl\u00e9 par nos souffleurs de verre et disponible pour une livraison internationale.\",\"breadcrumb\":{\"@id\":\"https:\\\/\\\/www.lasoufflerie.com\\\/fr\\\/produit\\\/dionysos-vert-fume-vase-pichet-verre-recycle-souffle-bouche\\\/#breadcrumb\"},\"inLanguage\":\"fr-FR\",\"potentialAction\":[{\"@type\":\"ReadAction\",\"target\":[\"https:\\\/\\\/www.lasoufflerie.com\\\/fr\\\/produit\\\/dionysos-vert-fume-vase-pichet-verre-recycle-souffle-bouche\\\/\"]}]},{\"@type\":\"ImageObject\",\"inLanguage\":\"fr-FR\",\"@id\":\"https:\\\/\\\/www.lasoufflerie.com\\\/fr\\\/produit\\\/dionysos-vert-fume-vase-pichet-verre-recycle-souffle-bouche\\\/#primaryimage\",\"url\":\"https:\\\/\\\/www.lasoufflerie.com\\\/wp-content\\\/uploads\\\/2024\\\/12\\\/Dionysos-Vert-Fume-3-scaled.jpg\",\"contentUrl\":\"https:\\\/\\\/www.lasoufflerie.com\\\/wp-content\\\/uploads\\\/2024\\\/12\\\/Dionysos-Vert-Fume-3-scaled.jpg\",\"width\":1920,\"height\":2560,\"caption\":\"dionysos-vert-fum\u00e9-vase-at-home-mouth-blown-recycled-glass\"},{\"@type\":\"BreadcrumbList\",\"@id\":\"https:\\\/\\\/www.lasoufflerie.com\\\/fr\\\/produit\\\/dionysos-vert-fume-vase-pichet-verre-recycle-souffle-bouche\\\/#breadcrumb\",\"itemListElement\":[{\"@type\":\"ListItem\",\"position\":1,\"name\":\"Home\",\"item\":\"https:\\\/\\\/www.lasoufflerie.com\\\/fr\\\/\"},{\"@type\":\"ListItem\",\"position\":2,\"name\":\"Shop all\",\"item\":\"https:\\\/\\\/www.lasoufflerie.com\\\/fr\\\/boutique\\\/\"},{\"@type\":\"ListItem\",\"position\":3,\"name\":\"Dionysos Vert Fum\u00e9\"}]},{\"@type\":\"WebSite\",\"@id\":\"https:\\\/\\\/www.lasoufflerie.com\\\/fr\\\/#website\",\"url\":\"https:\\\/\\\/www.lasoufflerie.com\\\/fr\\\/\",\"name\":\"La Soufflerie\",\"description\":\"Glass blowing craft\",\"publisher\":{\"@id\":\"https:\\\/\\\/www.lasoufflerie.com\\\/fr\\\/#organization\"},\"potentialAction\":[{\"@type\":\"SearchAction\",\"target\":{\"@type\":\"EntryPoint\",\"urlTemplate\":\"https:\\\/\\\/www.lasoufflerie.com\\\/fr\\\/?s={search_term_string}\"},\"query-input\":{\"@type\":\"PropertyValueSpecification\",\"valueRequired\":true,\"valueName\":\"search_term_string\"}}],\"inLanguage\":\"fr-FR\"},{\"@type\":\"Organization\",\"@id\":\"https:\\\/\\\/www.lasoufflerie.com\\\/fr\\\/#organization\",\"name\":\"La Soufflerie\",\"url\":\"https:\\\/\\\/www.lasoufflerie.com\\\/fr\\\/\",\"logo\":{\"@type\":\"ImageObject\",\"inLanguage\":\"fr-FR\",\"@id\":\"https:\\\/\\\/www.lasoufflerie.com\\\/fr\\\/#\\\/schema\\\/logo\\\/image\\\/\",\"url\":\"https:\\\/\\\/www.lasoufflerie.com\\\/wp-content\\\/uploads\\\/2023\\\/11\\\/Logo-La-Soufflerie-black.png\",\"contentUrl\":\"https:\\\/\\\/www.lasoufflerie.com\\\/wp-content\\\/uploads\\\/2023\\\/11\\\/Logo-La-Soufflerie-black.png\",\"width\":2362,\"height\":2362,\"caption\":\"La Soufflerie\"},\"image\":{\"@id\":\"https:\\\/\\\/www.lasoufflerie.com\\\/fr\\\/#\\\/schema\\\/logo\\\/image\\\/\"},\"sameAs\":[\"https:\\\/\\\/facebook.com\\\/lasoufflerie\",\"https:\\\/\\\/x.com\\\/lasoufflerie\",\"https:\\\/\\\/instagram.com\\\/lasoufflerie\",\"https:\\\/\\\/www.linkedin.com\\\/company\\\/9327780?trk=tyah&amp;amp;amp;trkInfo=clickedVertical:company,clickedEntityId:9327780,idx:2-1-2,tarId:1458824308330,tas:lasouff\",\"https:\\\/\\\/pinterest.com\\\/lasoufflerie\"]}]}<\/script>\n<!-- \/ Yoast SEO plugin. -->","yoast_head_json":{"title":"Dionysos Vert Fum\u00e9 - La Soufflerie - Verre recycl\u00e9 souffl\u00e9 \u00e0 la bouche","description":"Achetez Dionysos Vert Fum\u00e9 de La Soufflerie. Souffl\u00e9 bouche en verre recycl\u00e9 par nos souffleurs de verre et disponible pour une livraison internationale.","robots":{"index":"index","follow":"follow","max-snippet":"max-snippet:-1","max-image-preview":"max-image-preview:large","max-video-preview":"max-video-preview:-1"},"canonical":"https:\/\/www.lasoufflerie.com\/fr\/produit\/dionysos-vert-fume-vase-pichet-verre-recycle-souffle-bouche\/","og_locale":"fr_FR","og_type":"article","og_title":"Dionysos Vert Fum\u00e9 - La Soufflerie - Verre recycl\u00e9 souffl\u00e9 \u00e0 la bouche","og_description":"Achetez Dionysos Vert Fum\u00e9 de La Soufflerie. Souffl\u00e9 bouche en verre recycl\u00e9 par nos souffleurs de verre et disponible pour une livraison internationale.","og_url":"https:\/\/www.lasoufflerie.com\/fr\/produit\/dionysos-vert-fume-vase-pichet-verre-recycle-souffle-bouche\/","og_site_name":"La Soufflerie","article_publisher":"https:\/\/facebook.com\/lasoufflerie","article_modified_time":"2025-09-19T14:20:47+00:00","og_image":[{"width":1920,"height":2560,"url":"https:\/\/www.lasoufflerie.com\/wp-content\/uploads\/2024\/12\/Dionysos-Vert-Fume-3-scaled.jpg","type":"image\/jpeg"}],"twitter_card":"summary_large_image","twitter_site":"@lasoufflerie","twitter_misc":{"Dur\u00e9e de lecture estim\u00e9e":"1 minute"},"schema":{"@context":"https:\/\/schema.org","@graph":[{"@type":"WebPage","@id":"https:\/\/www.lasoufflerie.com\/fr\/produit\/dionysos-vert-fume-vase-pichet-verre-recycle-souffle-bouche\/","url":"https:\/\/www.lasoufflerie.com\/fr\/produit\/dionysos-vert-fume-vase-pichet-verre-recycle-souffle-bouche\/","name":"Dionysos Vert Fum\u00e9 - La Soufflerie - Verre recycl\u00e9 souffl\u00e9 \u00e0 la bouche","isPartOf":{"@id":"https:\/\/www.lasoufflerie.com\/fr\/#website"},"primaryImageOfPage":{"@id":"https:\/\/www.lasoufflerie.com\/fr\/produit\/dionysos-vert-fume-vase-pichet-verre-recycle-souffle-bouche\/#primaryimage"},"image":{"@id":"https:\/\/www.lasoufflerie.com\/fr\/produit\/dionysos-vert-fume-vase-pichet-verre-recycle-souffle-bouche\/#primaryimage"},"thumbnailUrl":"https:\/\/www.lasoufflerie.com\/wp-content\/uploads\/2024\/12\/Dionysos-Vert-Fume-3-scaled.jpg","datePublished":"2025-01-14T13:21:44+00:00","dateModified":"2025-09-19T14:20:47+00:00","description":"Achetez Dionysos Vert Fum\u00e9 de La Soufflerie. Souffl\u00e9 bouche en verre recycl\u00e9 par nos souffleurs de verre et disponible pour une livraison internationale.","breadcrumb":{"@id":"https:\/\/www.lasoufflerie.com\/fr\/produit\/dionysos-vert-fume-vase-pichet-verre-recycle-souffle-bouche\/#breadcrumb"},"inLanguage":"fr-FR","potentialAction":[{"@type":"ReadAction","target":["https:\/\/www.lasoufflerie.com\/fr\/produit\/dionysos-vert-fume-vase-pichet-verre-recycle-souffle-bouche\/"]}]},{"@type":"ImageObject","inLanguage":"fr-FR","@id":"https:\/\/www.lasoufflerie.com\/fr\/produit\/dionysos-vert-fume-vase-pichet-verre-recycle-souffle-bouche\/#primaryimage","url":"https:\/\/www.lasoufflerie.com\/wp-content\/uploads\/2024\/12\/Dionysos-Vert-Fume-3-scaled.jpg","contentUrl":"https:\/\/www.lasoufflerie.com\/wp-content\/uploads\/2024\/12\/Dionysos-Vert-Fume-3-scaled.jpg","width":1920,"height":2560,"caption":"dionysos-vert-fum\u00e9-vase-at-home-mouth-blown-recycled-glass"},{"@type":"BreadcrumbList","@id":"https:\/\/www.lasoufflerie.com\/fr\/produit\/dionysos-vert-fume-vase-pichet-verre-recycle-souffle-bouche\/#breadcrumb","itemListElement":[{"@type":"ListItem","position":1,"name":"Home","item":"https:\/\/www.lasoufflerie.com\/fr\/"},{"@type":"ListItem","position":2,"name":"Shop all","item":"https:\/\/www.lasoufflerie.com\/fr\/boutique\/"},{"@type":"ListItem","position":3,"name":"Dionysos Vert Fum\u00e9"}]},{"@type":"WebSite","@id":"https:\/\/www.lasoufflerie.com\/fr\/#website","url":"https:\/\/www.lasoufflerie.com\/fr\/","name":"La Soufflerie","description":"Glass blowing craft","publisher":{"@id":"https:\/\/www.lasoufflerie.com\/fr\/#organization"},"potentialAction":[{"@type":"SearchAction","target":{"@type":"EntryPoint","urlTemplate":"https:\/\/www.lasoufflerie.com\/fr\/?s={search_term_string}"},"query-input":{"@type":"PropertyValueSpecification","valueRequired":true,"valueName":"search_term_string"}}],"inLanguage":"fr-FR"},{"@type":"Organization","@id":"https:\/\/www.lasoufflerie.com\/fr\/#organization","name":"La Soufflerie","url":"https:\/\/www.lasoufflerie.com\/fr\/","logo":{"@type":"ImageObject","inLanguage":"fr-FR","@id":"https:\/\/www.lasoufflerie.com\/fr\/#\/schema\/logo\/image\/","url":"https:\/\/www.lasoufflerie.com\/wp-content\/uploads\/2023\/11\/Logo-La-Soufflerie-black.png","contentUrl":"https:\/\/www.lasoufflerie.com\/wp-content\/uploads\/2023\/11\/Logo-La-Soufflerie-black.png","width":2362,"height":2362,"caption":"La Soufflerie"},"image":{"@id":"https:\/\/www.lasoufflerie.com\/fr\/#\/schema\/logo\/image\/"},"sameAs":["https:\/\/facebook.com\/lasoufflerie","https:\/\/x.com\/lasoufflerie","https:\/\/instagram.com\/lasoufflerie","https:\/\/www.linkedin.com\/company\/9327780?trk=tyah&amp;amp;amp;trkInfo=clickedVertical:company,clickedEntityId:9327780,idx:2-1-2,tarId:1458824308330,tas:lasouff","https:\/\/pinterest.com\/lasoufflerie"]}]}},"_links":{"self":[{"href":"https:\/\/www.lasoufflerie.com\/fr\/wp-json\/wp\/v2\/product\/64678","targetHints":{"allow":["GET"]}}],"collection":[{"href":"https:\/\/www.lasoufflerie.com\/fr\/wp-json\/wp\/v2\/product"}],"about":[{"href":"https:\/\/www.lasoufflerie.com\/fr\/wp-json\/wp\/v2\/types\/product"}],"version-history":[{"count":6,"href":"https:\/\/www.lasoufflerie.com\/fr\/wp-json\/wp\/v2\/product\/64678\/revisions"}],"predecessor-version":[{"id":66185,"href":"https:\/\/www.lasoufflerie.com\/fr\/wp-json\/wp\/v2\/product\/64678\/revisions\/66185"}],"wp:featuredmedia":[{"embeddable":true,"href":"https:\/\/www.lasoufflerie.com\/fr\/wp-json\/wp\/v2\/media\/63662"}],"wp:attachment":[{"href":"https:\/\/www.lasoufflerie.com\/fr\/wp-json\/wp\/v2\/media?parent=64678"}],"wp:term":[{"taxonomy":"product_brand","embeddable":true,"href":"https:\/\/www.lasoufflerie.com\/fr\/wp-json\/wp\/v2\/product_brand?post=64678"},{"taxonomy":"product_cat","embeddable":true,"href":"https:\/\/www.lasoufflerie.com\/fr\/wp-json\/wp\/v2\/product_cat?post=64678"},{"taxonomy":"product_tag","embeddable":true,"href":"https:\/\/www.lasoufflerie.com\/fr\/wp-json\/wp\/v2\/product_tag?post=64678"}],"curies":[{"name":"wp","href":"https:\/\/api.w.org\/{rel}","templated":true}]}}