{"id":64727,"date":"2025-01-14T14:21:03","date_gmt":"2025-01-14T13:21:03","guid":{"rendered":"https:\/\/www.lasoufflerie.com\/?post_type=product&#038;p=64727"},"modified":"2026-02-23T14:32:51","modified_gmt":"2026-02-23T13:32:51","slug":"pocula-vert-fume-goblet-verre-recycle-souffle-bouche","status":"publish","type":"product","link":"https:\/\/www.lasoufflerie.com\/fr\/produit\/pocula-vert-fume-goblet-verre-recycle-souffle-bouche\/","title":{"rendered":"Pocula Vert Fum\u00e9"},"content":{"rendered":"<p><strong>Pocula Vert Fum\u00e9<\/strong> est un r\u00e9cipient qui apporte l&rsquo;\u00e9l\u00e9gance des temps anciens \u00e0 votre table moderne. Inspir\u00e9 par les verres \u00e0 boire utilis\u00e9s sous le r\u00e8gne de l&#8217;empereur Constantin, Pocula \u00e9tait autrefois utilis\u00e9 pour servir le vin, un peu comme une d\u00e9licate coupe ou un d\u00e9 \u00e0 coudre. \u00c0 l&rsquo;\u00e9poque, le vin coulait de jarres comme l&rsquo;urceus, et maintenant, il coule gracieusement dans ce magnifique verre souffl\u00e9 \u00e0 la bouche. L\u00e9g\u00e8rement arrondi avec une ouverture \u00e9vas\u00e9e, Pocula Vert Fum\u00e9 est le parfait \u00e9quilibre entre charme classique et style contemporain. Associez-le \u00e0 notre carafe <a href=\"https:\/\/www.lasoufflerie.com\/fr\/produit\/urceus-vert-fume\/\">Urceus Vert Fum\u00e9<\/a> pour un ensemble de boissons parfait ou utilisez-le comme un petit bol. Souffl\u00e9 \u00e0 la bouche \u00e0 partir de verre 100% recycl\u00e9 par nos talentueux souffleurs de verre, il est propos\u00e9 dans une superbe teinte de <em>vert fum\u00e9e<\/em>, ajoutant une touche de couleur et d&rsquo;<em>\u00e9l\u00e9gance<\/em> \u00e0 votre collection de verres.     <\/p>\n<p>Garnissez-le de notre <a href=\"https:\/\/www.lasoufflerie.com\/fr\/produit\/bouchon-terracotta-8cm-terre-cuite-fait-main\/\">Bouchon Terracotta 8 cm<\/a> pour le transformer en un r\u00e9cipient unique pour \u00e9pices, snacks ou autres petits tr\u00e9sors.<\/p>\n","protected":false},"excerpt":{"rendered":"<p>Pocula Vert Fum\u00e9 est un r\u00e9cipient qui apporte l&rsquo;\u00e9l\u00e9gance des temps anciens \u00e0 votre table moderne. Inspir\u00e9 par les verres \u00e0 boire utilis\u00e9s sous le r\u00e8gne de l&#8217;empereur Constantin, Pocula \u00e9tait autrefois utilis\u00e9 pour servir le vin, un peu comme une d\u00e9licate coupe ou un d\u00e9 \u00e0 coudre. \u00c0 l&rsquo;\u00e9poque, le vin coulait de jarres [&hellip;]<\/p>\n","protected":false},"featured_media":63744,"template":"","meta":{"_acf_changed":false},"product_brand":[],"product_cat":[1330,1634,1317,1623,1310,1311],"product_tag":[],"class_list":{"0":"post-64727","1":"product","2":"type-product","3":"status-publish","4":"has-post-thumbnail","6":"product_cat-bols-saladiers","7":"product_cat-cadeaux-a-moins-de-50e-idees-cadeaux","8":"product_cat-gobelets-et-verres-a-eau","9":"product_cat-la-boutique","10":"product_cat-verres-carafes","11":"product_cat-vaisselle","12":"product_shipping_class-small-product-fr","13":"pa_a-gift-for-her-fr","14":"pa_a-gift-for-lui","15":"pa_a-gift-for-under-50e-fr","16":"pa_colour-vert","17":"pa_made-of-glass-fr","18":"pa_size-petit","20":"first","21":"instock","22":"taxable","23":"shipping-taxable","24":"purchasable","25":"product-type-simple"},"acf":[],"yoast_head":"<!-- This site is optimized with the Yoast SEO plugin v27.3 - https:\/\/yoast.com\/product\/yoast-seo-wordpress\/ -->\n<title>Pocula Vert Fum\u00e9 - La Soufflerie - Verre recycl\u00e9 souffl\u00e9 \u00e0 la bouche<\/title>\n<meta name=\"description\" content=\"Achetez le verre \u00e0 boire Pocula Vert Fum\u00e9. Souffl\u00e9 \u00e0 la bouche \u00e0 partir de verre recycl\u00e9 par nos souffleurs de verre artisans experts et disponible pour une exp\u00e9dition dans le monde entier.\" \/>\n<meta name=\"robots\" content=\"index, follow, max-snippet:-1, max-image-preview:large, max-video-preview:-1\" \/>\n<link rel=\"canonical\" href=\"https:\/\/www.lasoufflerie.com\/fr\/produit\/pocula-vert-fume-goblet-verre-recycle-souffle-bouche\/\" \/>\n<meta property=\"og:locale\" content=\"fr_FR\" \/>\n<meta property=\"og:type\" content=\"article\" \/>\n<meta property=\"og:title\" content=\"Pocula Vert Fum\u00e9 - La Soufflerie - Verre recycl\u00e9 souffl\u00e9 \u00e0 la bouche\" \/>\n<meta property=\"og:description\" content=\"Achetez le verre \u00e0 boire Pocula Vert Fum\u00e9. Souffl\u00e9 \u00e0 la bouche \u00e0 partir de verre recycl\u00e9 par nos souffleurs de verre artisans experts et disponible pour une exp\u00e9dition dans le monde entier.\" \/>\n<meta property=\"og:url\" content=\"https:\/\/www.lasoufflerie.com\/fr\/produit\/pocula-vert-fume-goblet-verre-recycle-souffle-bouche\/\" \/>\n<meta property=\"og:site_name\" content=\"La Soufflerie\" \/>\n<meta property=\"article:publisher\" content=\"https:\/\/facebook.com\/lasoufflerie\" \/>\n<meta property=\"article:modified_time\" content=\"2026-02-23T13:32:51+00:00\" \/>\n<meta property=\"og:image\" content=\"https:\/\/www.lasoufflerie.com\/wp-content\/uploads\/2024\/12\/Pocula-Vert-Fume.jpg\" \/>\n\t<meta property=\"og:image:width\" content=\"1888\" \/>\n\t<meta property=\"og:image:height\" content=\"2518\" \/>\n\t<meta property=\"og:image:type\" content=\"image\/jpeg\" \/>\n<meta name=\"twitter:card\" content=\"summary_large_image\" \/>\n<meta name=\"twitter:site\" content=\"@lasoufflerie\" \/>\n<meta name=\"twitter:label1\" content=\"Dur\u00e9e de lecture estim\u00e9e\" \/>\n\t<meta name=\"twitter:data1\" content=\"1 minute\" \/>\n<script type=\"application\/ld+json\" class=\"yoast-schema-graph\">{\"@context\":\"https:\\\/\\\/schema.org\",\"@graph\":[{\"@type\":\"WebPage\",\"@id\":\"https:\\\/\\\/www.lasoufflerie.com\\\/fr\\\/produit\\\/pocula-vert-fume-goblet-verre-recycle-souffle-bouche\\\/\",\"url\":\"https:\\\/\\\/www.lasoufflerie.com\\\/fr\\\/produit\\\/pocula-vert-fume-goblet-verre-recycle-souffle-bouche\\\/\",\"name\":\"Pocula Vert Fum\u00e9 - La Soufflerie - Verre recycl\u00e9 souffl\u00e9 \u00e0 la bouche\",\"isPartOf\":{\"@id\":\"https:\\\/\\\/www.lasoufflerie.com\\\/fr\\\/#website\"},\"primaryImageOfPage\":{\"@id\":\"https:\\\/\\\/www.lasoufflerie.com\\\/fr\\\/produit\\\/pocula-vert-fume-goblet-verre-recycle-souffle-bouche\\\/#primaryimage\"},\"image\":{\"@id\":\"https:\\\/\\\/www.lasoufflerie.com\\\/fr\\\/produit\\\/pocula-vert-fume-goblet-verre-recycle-souffle-bouche\\\/#primaryimage\"},\"thumbnailUrl\":\"https:\\\/\\\/www.lasoufflerie.com\\\/wp-content\\\/uploads\\\/2024\\\/12\\\/Pocula-Vert-Fume.jpg\",\"datePublished\":\"2025-01-14T13:21:03+00:00\",\"dateModified\":\"2026-02-23T13:32:51+00:00\",\"description\":\"Achetez le verre \u00e0 boire Pocula Vert Fum\u00e9. Souffl\u00e9 \u00e0 la bouche \u00e0 partir de verre recycl\u00e9 par nos souffleurs de verre artisans experts et disponible pour une exp\u00e9dition dans le monde entier.\",\"breadcrumb\":{\"@id\":\"https:\\\/\\\/www.lasoufflerie.com\\\/fr\\\/produit\\\/pocula-vert-fume-goblet-verre-recycle-souffle-bouche\\\/#breadcrumb\"},\"inLanguage\":\"fr-FR\",\"potentialAction\":[{\"@type\":\"ReadAction\",\"target\":[\"https:\\\/\\\/www.lasoufflerie.com\\\/fr\\\/produit\\\/pocula-vert-fume-goblet-verre-recycle-souffle-bouche\\\/\"]}]},{\"@type\":\"ImageObject\",\"inLanguage\":\"fr-FR\",\"@id\":\"https:\\\/\\\/www.lasoufflerie.com\\\/fr\\\/produit\\\/pocula-vert-fume-goblet-verre-recycle-souffle-bouche\\\/#primaryimage\",\"url\":\"https:\\\/\\\/www.lasoufflerie.com\\\/wp-content\\\/uploads\\\/2024\\\/12\\\/Pocula-Vert-Fume.jpg\",\"contentUrl\":\"https:\\\/\\\/www.lasoufflerie.com\\\/wp-content\\\/uploads\\\/2024\\\/12\\\/Pocula-Vert-Fume.jpg\",\"width\":1888,\"height\":2518,\"caption\":\"pocula-vert-fume-drinkware-tumbler-water-glass-mouth-blown-recycled-glass\"},{\"@type\":\"BreadcrumbList\",\"@id\":\"https:\\\/\\\/www.lasoufflerie.com\\\/fr\\\/produit\\\/pocula-vert-fume-goblet-verre-recycle-souffle-bouche\\\/#breadcrumb\",\"itemListElement\":[{\"@type\":\"ListItem\",\"position\":1,\"name\":\"Home\",\"item\":\"https:\\\/\\\/www.lasoufflerie.com\\\/fr\\\/\"},{\"@type\":\"ListItem\",\"position\":2,\"name\":\"Shop all\",\"item\":\"https:\\\/\\\/www.lasoufflerie.com\\\/fr\\\/boutique\\\/\"},{\"@type\":\"ListItem\",\"position\":3,\"name\":\"Pocula Vert Fum\u00e9\"}]},{\"@type\":\"WebSite\",\"@id\":\"https:\\\/\\\/www.lasoufflerie.com\\\/fr\\\/#website\",\"url\":\"https:\\\/\\\/www.lasoufflerie.com\\\/fr\\\/\",\"name\":\"La Soufflerie\",\"description\":\"Glass blowing craft\",\"publisher\":{\"@id\":\"https:\\\/\\\/www.lasoufflerie.com\\\/fr\\\/#organization\"},\"potentialAction\":[{\"@type\":\"SearchAction\",\"target\":{\"@type\":\"EntryPoint\",\"urlTemplate\":\"https:\\\/\\\/www.lasoufflerie.com\\\/fr\\\/?s={search_term_string}\"},\"query-input\":{\"@type\":\"PropertyValueSpecification\",\"valueRequired\":true,\"valueName\":\"search_term_string\"}}],\"inLanguage\":\"fr-FR\"},{\"@type\":\"Organization\",\"@id\":\"https:\\\/\\\/www.lasoufflerie.com\\\/fr\\\/#organization\",\"name\":\"La Soufflerie\",\"url\":\"https:\\\/\\\/www.lasoufflerie.com\\\/fr\\\/\",\"logo\":{\"@type\":\"ImageObject\",\"inLanguage\":\"fr-FR\",\"@id\":\"https:\\\/\\\/www.lasoufflerie.com\\\/fr\\\/#\\\/schema\\\/logo\\\/image\\\/\",\"url\":\"https:\\\/\\\/www.lasoufflerie.com\\\/wp-content\\\/uploads\\\/2023\\\/11\\\/Logo-La-Soufflerie-black.png\",\"contentUrl\":\"https:\\\/\\\/www.lasoufflerie.com\\\/wp-content\\\/uploads\\\/2023\\\/11\\\/Logo-La-Soufflerie-black.png\",\"width\":2362,\"height\":2362,\"caption\":\"La Soufflerie\"},\"image\":{\"@id\":\"https:\\\/\\\/www.lasoufflerie.com\\\/fr\\\/#\\\/schema\\\/logo\\\/image\\\/\"},\"sameAs\":[\"https:\\\/\\\/facebook.com\\\/lasoufflerie\",\"https:\\\/\\\/x.com\\\/lasoufflerie\",\"https:\\\/\\\/instagram.com\\\/lasoufflerie\",\"https:\\\/\\\/www.linkedin.com\\\/company\\\/9327780?trk=tyah&amp;amp;amp;trkInfo=clickedVertical:company,clickedEntityId:9327780,idx:2-1-2,tarId:1458824308330,tas:lasouff\",\"https:\\\/\\\/pinterest.com\\\/lasoufflerie\"]}]}<\/script>\n<!-- \/ Yoast SEO plugin. -->","yoast_head_json":{"title":"Pocula Vert Fum\u00e9 - La Soufflerie - Verre recycl\u00e9 souffl\u00e9 \u00e0 la bouche","description":"Achetez le verre \u00e0 boire Pocula Vert Fum\u00e9. Souffl\u00e9 \u00e0 la bouche \u00e0 partir de verre recycl\u00e9 par nos souffleurs de verre artisans experts et disponible pour une exp\u00e9dition dans le monde entier.","robots":{"index":"index","follow":"follow","max-snippet":"max-snippet:-1","max-image-preview":"max-image-preview:large","max-video-preview":"max-video-preview:-1"},"canonical":"https:\/\/www.lasoufflerie.com\/fr\/produit\/pocula-vert-fume-goblet-verre-recycle-souffle-bouche\/","og_locale":"fr_FR","og_type":"article","og_title":"Pocula Vert Fum\u00e9 - La Soufflerie - Verre recycl\u00e9 souffl\u00e9 \u00e0 la bouche","og_description":"Achetez le verre \u00e0 boire Pocula Vert Fum\u00e9. Souffl\u00e9 \u00e0 la bouche \u00e0 partir de verre recycl\u00e9 par nos souffleurs de verre artisans experts et disponible pour une exp\u00e9dition dans le monde entier.","og_url":"https:\/\/www.lasoufflerie.com\/fr\/produit\/pocula-vert-fume-goblet-verre-recycle-souffle-bouche\/","og_site_name":"La Soufflerie","article_publisher":"https:\/\/facebook.com\/lasoufflerie","article_modified_time":"2026-02-23T13:32:51+00:00","og_image":[{"width":1888,"height":2518,"url":"https:\/\/www.lasoufflerie.com\/wp-content\/uploads\/2024\/12\/Pocula-Vert-Fume.jpg","type":"image\/jpeg"}],"twitter_card":"summary_large_image","twitter_site":"@lasoufflerie","twitter_misc":{"Dur\u00e9e de lecture estim\u00e9e":"1 minute"},"schema":{"@context":"https:\/\/schema.org","@graph":[{"@type":"WebPage","@id":"https:\/\/www.lasoufflerie.com\/fr\/produit\/pocula-vert-fume-goblet-verre-recycle-souffle-bouche\/","url":"https:\/\/www.lasoufflerie.com\/fr\/produit\/pocula-vert-fume-goblet-verre-recycle-souffle-bouche\/","name":"Pocula Vert Fum\u00e9 - La Soufflerie - Verre recycl\u00e9 souffl\u00e9 \u00e0 la bouche","isPartOf":{"@id":"https:\/\/www.lasoufflerie.com\/fr\/#website"},"primaryImageOfPage":{"@id":"https:\/\/www.lasoufflerie.com\/fr\/produit\/pocula-vert-fume-goblet-verre-recycle-souffle-bouche\/#primaryimage"},"image":{"@id":"https:\/\/www.lasoufflerie.com\/fr\/produit\/pocula-vert-fume-goblet-verre-recycle-souffle-bouche\/#primaryimage"},"thumbnailUrl":"https:\/\/www.lasoufflerie.com\/wp-content\/uploads\/2024\/12\/Pocula-Vert-Fume.jpg","datePublished":"2025-01-14T13:21:03+00:00","dateModified":"2026-02-23T13:32:51+00:00","description":"Achetez le verre \u00e0 boire Pocula Vert Fum\u00e9. Souffl\u00e9 \u00e0 la bouche \u00e0 partir de verre recycl\u00e9 par nos souffleurs de verre artisans experts et disponible pour une exp\u00e9dition dans le monde entier.","breadcrumb":{"@id":"https:\/\/www.lasoufflerie.com\/fr\/produit\/pocula-vert-fume-goblet-verre-recycle-souffle-bouche\/#breadcrumb"},"inLanguage":"fr-FR","potentialAction":[{"@type":"ReadAction","target":["https:\/\/www.lasoufflerie.com\/fr\/produit\/pocula-vert-fume-goblet-verre-recycle-souffle-bouche\/"]}]},{"@type":"ImageObject","inLanguage":"fr-FR","@id":"https:\/\/www.lasoufflerie.com\/fr\/produit\/pocula-vert-fume-goblet-verre-recycle-souffle-bouche\/#primaryimage","url":"https:\/\/www.lasoufflerie.com\/wp-content\/uploads\/2024\/12\/Pocula-Vert-Fume.jpg","contentUrl":"https:\/\/www.lasoufflerie.com\/wp-content\/uploads\/2024\/12\/Pocula-Vert-Fume.jpg","width":1888,"height":2518,"caption":"pocula-vert-fume-drinkware-tumbler-water-glass-mouth-blown-recycled-glass"},{"@type":"BreadcrumbList","@id":"https:\/\/www.lasoufflerie.com\/fr\/produit\/pocula-vert-fume-goblet-verre-recycle-souffle-bouche\/#breadcrumb","itemListElement":[{"@type":"ListItem","position":1,"name":"Home","item":"https:\/\/www.lasoufflerie.com\/fr\/"},{"@type":"ListItem","position":2,"name":"Shop all","item":"https:\/\/www.lasoufflerie.com\/fr\/boutique\/"},{"@type":"ListItem","position":3,"name":"Pocula Vert Fum\u00e9"}]},{"@type":"WebSite","@id":"https:\/\/www.lasoufflerie.com\/fr\/#website","url":"https:\/\/www.lasoufflerie.com\/fr\/","name":"La Soufflerie","description":"Glass blowing craft","publisher":{"@id":"https:\/\/www.lasoufflerie.com\/fr\/#organization"},"potentialAction":[{"@type":"SearchAction","target":{"@type":"EntryPoint","urlTemplate":"https:\/\/www.lasoufflerie.com\/fr\/?s={search_term_string}"},"query-input":{"@type":"PropertyValueSpecification","valueRequired":true,"valueName":"search_term_string"}}],"inLanguage":"fr-FR"},{"@type":"Organization","@id":"https:\/\/www.lasoufflerie.com\/fr\/#organization","name":"La Soufflerie","url":"https:\/\/www.lasoufflerie.com\/fr\/","logo":{"@type":"ImageObject","inLanguage":"fr-FR","@id":"https:\/\/www.lasoufflerie.com\/fr\/#\/schema\/logo\/image\/","url":"https:\/\/www.lasoufflerie.com\/wp-content\/uploads\/2023\/11\/Logo-La-Soufflerie-black.png","contentUrl":"https:\/\/www.lasoufflerie.com\/wp-content\/uploads\/2023\/11\/Logo-La-Soufflerie-black.png","width":2362,"height":2362,"caption":"La Soufflerie"},"image":{"@id":"https:\/\/www.lasoufflerie.com\/fr\/#\/schema\/logo\/image\/"},"sameAs":["https:\/\/facebook.com\/lasoufflerie","https:\/\/x.com\/lasoufflerie","https:\/\/instagram.com\/lasoufflerie","https:\/\/www.linkedin.com\/company\/9327780?trk=tyah&amp;amp;amp;trkInfo=clickedVertical:company,clickedEntityId:9327780,idx:2-1-2,tarId:1458824308330,tas:lasouff","https:\/\/pinterest.com\/lasoufflerie"]}]}},"_links":{"self":[{"href":"https:\/\/www.lasoufflerie.com\/fr\/wp-json\/wp\/v2\/product\/64727","targetHints":{"allow":["GET"]}}],"collection":[{"href":"https:\/\/www.lasoufflerie.com\/fr\/wp-json\/wp\/v2\/product"}],"about":[{"href":"https:\/\/www.lasoufflerie.com\/fr\/wp-json\/wp\/v2\/types\/product"}],"version-history":[{"count":7,"href":"https:\/\/www.lasoufflerie.com\/fr\/wp-json\/wp\/v2\/product\/64727\/revisions"}],"predecessor-version":[{"id":75423,"href":"https:\/\/www.lasoufflerie.com\/fr\/wp-json\/wp\/v2\/product\/64727\/revisions\/75423"}],"wp:featuredmedia":[{"embeddable":true,"href":"https:\/\/www.lasoufflerie.com\/fr\/wp-json\/wp\/v2\/media\/63744"}],"wp:attachment":[{"href":"https:\/\/www.lasoufflerie.com\/fr\/wp-json\/wp\/v2\/media?parent=64727"}],"wp:term":[{"taxonomy":"product_brand","embeddable":true,"href":"https:\/\/www.lasoufflerie.com\/fr\/wp-json\/wp\/v2\/product_brand?post=64727"},{"taxonomy":"product_cat","embeddable":true,"href":"https:\/\/www.lasoufflerie.com\/fr\/wp-json\/wp\/v2\/product_cat?post=64727"},{"taxonomy":"product_tag","embeddable":true,"href":"https:\/\/www.lasoufflerie.com\/fr\/wp-json\/wp\/v2\/product_tag?post=64727"}],"curies":[{"name":"wp","href":"https:\/\/api.w.org\/{rel}","templated":true}]}}