{"id":64738,"date":"2025-01-14T14:23:16","date_gmt":"2025-01-14T13:23:16","guid":{"rendered":"https:\/\/www.lasoufflerie.com\/?post_type=product&#038;p=64738"},"modified":"2025-10-08T16:50:56","modified_gmt":"2025-10-08T14:50:56","slug":"demi-lune-italie-maison-assiette-terre-cuite-fait-main","status":"publish","type":"product","link":"https:\/\/www.lasoufflerie.com\/fr\/produit\/demi-lune-italie-maison-assiette-terre-cuite-fait-main\/","title":{"rendered":"Demi Lune Italie Maison"},"content":{"rendered":"<p>Transportez votre table dans les collines ondulantes de la Toscane avec la <em>bellissima<\/em> <strong>Demi Lune Italie Maison<\/strong> ! Cette assiette d&rsquo;accompagnement en terre cuite, fabriqu\u00e9e avec amour par nos artisans talentueux, est en forme de quart de lune et con\u00e7ue pour s&rsquo;harmoniser avec charme avec notre <a href=\"https:\/\/www.lasoufflerie.com\/fr\/produit\/assiette-italie-maison-fait-main-terre-cuite\/\">Assiette Italie Maison<\/a>. Chaque assiette pr\u00e9sente une maison italienne peinte \u00e0 la main, avec des d\u00e9tails rustiques qui \u00e9voquent la <em>dolce vita<\/em> de la campagne italienne. Parfaite pour servir de la focaccia fra\u00eeche ou des antipasti, la Demi Lune Italie Maison apporte l&rsquo;artisanat artisanal et un design pittoresque \u00e0 votre table.<\/p>\n<p><strong>Cette pi\u00e8ce est r\u00e9sistante \u00e0 l&rsquo;eau.<\/strong><\/p>\n","protected":false},"excerpt":{"rendered":"<p>Transportez votre table dans les collines ondulantes de la Toscane avec la bellissima Demi Lune Italie Maison ! Cette assiette d&rsquo;accompagnement en terre cuite, fabriqu\u00e9e avec amour par nos artisans talentueux, est en forme de quart de lune et con\u00e7ue pour s&rsquo;harmoniser avec charme avec notre Assiette Italie Maison. Chaque assiette pr\u00e9sente une maison italienne [&hellip;]<\/p>\n","protected":false},"featured_media":63576,"template":"","meta":{"_acf_changed":false},"product_brand":[],"product_cat":[1312,1635,1623,1637,1630,1314,1311],"product_tag":[],"class_list":{"0":"post-64738","1":"product","2":"type-product","3":"status-publish","4":"has-post-thumbnail","6":"product_cat-assiettes","7":"product_cat-cadeaux-a-moins-de-20e-idees-cadeaux","8":"product_cat-la-boutique","9":"product_cat-pour-mon-amour-idees-cadeaux","10":"product_cat-terre-cuites","11":"product_cat-platres-terre-cuites","12":"product_cat-vaisselle","13":"product_shipping_class-medium-product-fr","14":"pa_a-gift-for-her-fr","15":"pa_a-gift-for-lui","16":"pa_a-gift-for-moins-de-20e","17":"pa_a-gift-for-un-mariage","18":"pa_a-gift-for-your-lover-fr","19":"pa_colour-blanc","20":"pa_made-of-terre-cuite","21":"pa_size-medium-fr","23":"first","24":"instock","25":"taxable","26":"shipping-taxable","27":"purchasable","28":"product-type-simple"},"acf":[],"yoast_head":"<!-- This site is optimized with the Yoast SEO plugin v27.3 - https:\/\/yoast.com\/product\/yoast-seo-wordpress\/ -->\n<title>Demi Lune Italie Maison - La Soufflerie - Fabriqu\u00e9 \u00e0 la main en terre cuite<\/title>\n<meta name=\"description\" content=\"Achetez l&#039;Assiette Demi Lune Italie Maison de La Soufflerie. Fait main en terre cuite par nos artisans et disponible pour une livraison internationale.\" \/>\n<meta name=\"robots\" content=\"index, follow, max-snippet:-1, max-image-preview:large, max-video-preview:-1\" \/>\n<link rel=\"canonical\" href=\"https:\/\/www.lasoufflerie.com\/fr\/produit\/demi-lune-italie-maison-assiette-terre-cuite-fait-main\/\" \/>\n<meta property=\"og:locale\" content=\"fr_FR\" \/>\n<meta property=\"og:type\" content=\"article\" \/>\n<meta property=\"og:title\" content=\"Demi Lune Italie Maison - La Soufflerie - Fabriqu\u00e9 \u00e0 la main en terre cuite\" \/>\n<meta property=\"og:description\" content=\"Achetez l&#039;Assiette Demi Lune Italie Maison de La Soufflerie. Fait main en terre cuite par nos artisans et disponible pour une livraison internationale.\" \/>\n<meta property=\"og:url\" content=\"https:\/\/www.lasoufflerie.com\/fr\/produit\/demi-lune-italie-maison-assiette-terre-cuite-fait-main\/\" \/>\n<meta property=\"og:site_name\" content=\"La Soufflerie\" \/>\n<meta property=\"article:publisher\" content=\"https:\/\/facebook.com\/lasoufflerie\" \/>\n<meta property=\"article:modified_time\" content=\"2025-10-08T14:50:56+00:00\" \/>\n<meta property=\"og:image\" content=\"https:\/\/www.lasoufflerie.com\/wp-content\/uploads\/2024\/12\/Demi-Lune-Italie-Maison.jpg\" \/>\n\t<meta property=\"og:image:width\" content=\"1417\" \/>\n\t<meta property=\"og:image:height\" content=\"1889\" \/>\n\t<meta property=\"og:image:type\" content=\"image\/jpeg\" \/>\n<meta name=\"twitter:card\" content=\"summary_large_image\" \/>\n<meta name=\"twitter:site\" content=\"@lasoufflerie\" \/>\n<meta name=\"twitter:label1\" content=\"Dur\u00e9e de lecture estim\u00e9e\" \/>\n\t<meta name=\"twitter:data1\" content=\"1 minute\" \/>\n<script type=\"application\/ld+json\" class=\"yoast-schema-graph\">{\"@context\":\"https:\\\/\\\/schema.org\",\"@graph\":[{\"@type\":\"WebPage\",\"@id\":\"https:\\\/\\\/www.lasoufflerie.com\\\/fr\\\/produit\\\/demi-lune-italie-maison-assiette-terre-cuite-fait-main\\\/\",\"url\":\"https:\\\/\\\/www.lasoufflerie.com\\\/fr\\\/produit\\\/demi-lune-italie-maison-assiette-terre-cuite-fait-main\\\/\",\"name\":\"Demi Lune Italie Maison - La Soufflerie - Fabriqu\u00e9 \u00e0 la main en terre cuite\",\"isPartOf\":{\"@id\":\"https:\\\/\\\/www.lasoufflerie.com\\\/fr\\\/#website\"},\"primaryImageOfPage\":{\"@id\":\"https:\\\/\\\/www.lasoufflerie.com\\\/fr\\\/produit\\\/demi-lune-italie-maison-assiette-terre-cuite-fait-main\\\/#primaryimage\"},\"image\":{\"@id\":\"https:\\\/\\\/www.lasoufflerie.com\\\/fr\\\/produit\\\/demi-lune-italie-maison-assiette-terre-cuite-fait-main\\\/#primaryimage\"},\"thumbnailUrl\":\"https:\\\/\\\/www.lasoufflerie.com\\\/wp-content\\\/uploads\\\/2024\\\/12\\\/Demi-Lune-Italie-Maison.jpg\",\"datePublished\":\"2025-01-14T13:23:16+00:00\",\"dateModified\":\"2025-10-08T14:50:56+00:00\",\"description\":\"Achetez l'Assiette Demi Lune Italie Maison de La Soufflerie. Fait main en terre cuite par nos artisans et disponible pour une livraison internationale.\",\"breadcrumb\":{\"@id\":\"https:\\\/\\\/www.lasoufflerie.com\\\/fr\\\/produit\\\/demi-lune-italie-maison-assiette-terre-cuite-fait-main\\\/#breadcrumb\"},\"inLanguage\":\"fr-FR\",\"potentialAction\":[{\"@type\":\"ReadAction\",\"target\":[\"https:\\\/\\\/www.lasoufflerie.com\\\/fr\\\/produit\\\/demi-lune-italie-maison-assiette-terre-cuite-fait-main\\\/\"]}]},{\"@type\":\"ImageObject\",\"inLanguage\":\"fr-FR\",\"@id\":\"https:\\\/\\\/www.lasoufflerie.com\\\/fr\\\/produit\\\/demi-lune-italie-maison-assiette-terre-cuite-fait-main\\\/#primaryimage\",\"url\":\"https:\\\/\\\/www.lasoufflerie.com\\\/wp-content\\\/uploads\\\/2024\\\/12\\\/Demi-Lune-Italie-Maison.jpg\",\"contentUrl\":\"https:\\\/\\\/www.lasoufflerie.com\\\/wp-content\\\/uploads\\\/2024\\\/12\\\/Demi-Lune-Italie-Maison.jpg\",\"width\":1417,\"height\":1889,\"caption\":\"demi-lune-italie-maison-plate-tableware-handmade-terracotta\"},{\"@type\":\"BreadcrumbList\",\"@id\":\"https:\\\/\\\/www.lasoufflerie.com\\\/fr\\\/produit\\\/demi-lune-italie-maison-assiette-terre-cuite-fait-main\\\/#breadcrumb\",\"itemListElement\":[{\"@type\":\"ListItem\",\"position\":1,\"name\":\"Home\",\"item\":\"https:\\\/\\\/www.lasoufflerie.com\\\/fr\\\/\"},{\"@type\":\"ListItem\",\"position\":2,\"name\":\"Shop all\",\"item\":\"https:\\\/\\\/www.lasoufflerie.com\\\/fr\\\/boutique\\\/\"},{\"@type\":\"ListItem\",\"position\":3,\"name\":\"Demi Lune Italie Maison\"}]},{\"@type\":\"WebSite\",\"@id\":\"https:\\\/\\\/www.lasoufflerie.com\\\/fr\\\/#website\",\"url\":\"https:\\\/\\\/www.lasoufflerie.com\\\/fr\\\/\",\"name\":\"La Soufflerie\",\"description\":\"Glass blowing craft\",\"publisher\":{\"@id\":\"https:\\\/\\\/www.lasoufflerie.com\\\/fr\\\/#organization\"},\"potentialAction\":[{\"@type\":\"SearchAction\",\"target\":{\"@type\":\"EntryPoint\",\"urlTemplate\":\"https:\\\/\\\/www.lasoufflerie.com\\\/fr\\\/?s={search_term_string}\"},\"query-input\":{\"@type\":\"PropertyValueSpecification\",\"valueRequired\":true,\"valueName\":\"search_term_string\"}}],\"inLanguage\":\"fr-FR\"},{\"@type\":\"Organization\",\"@id\":\"https:\\\/\\\/www.lasoufflerie.com\\\/fr\\\/#organization\",\"name\":\"La Soufflerie\",\"url\":\"https:\\\/\\\/www.lasoufflerie.com\\\/fr\\\/\",\"logo\":{\"@type\":\"ImageObject\",\"inLanguage\":\"fr-FR\",\"@id\":\"https:\\\/\\\/www.lasoufflerie.com\\\/fr\\\/#\\\/schema\\\/logo\\\/image\\\/\",\"url\":\"https:\\\/\\\/www.lasoufflerie.com\\\/wp-content\\\/uploads\\\/2023\\\/11\\\/Logo-La-Soufflerie-black.png\",\"contentUrl\":\"https:\\\/\\\/www.lasoufflerie.com\\\/wp-content\\\/uploads\\\/2023\\\/11\\\/Logo-La-Soufflerie-black.png\",\"width\":2362,\"height\":2362,\"caption\":\"La Soufflerie\"},\"image\":{\"@id\":\"https:\\\/\\\/www.lasoufflerie.com\\\/fr\\\/#\\\/schema\\\/logo\\\/image\\\/\"},\"sameAs\":[\"https:\\\/\\\/facebook.com\\\/lasoufflerie\",\"https:\\\/\\\/x.com\\\/lasoufflerie\",\"https:\\\/\\\/instagram.com\\\/lasoufflerie\",\"https:\\\/\\\/www.linkedin.com\\\/company\\\/9327780?trk=tyah&amp;amp;amp;trkInfo=clickedVertical:company,clickedEntityId:9327780,idx:2-1-2,tarId:1458824308330,tas:lasouff\",\"https:\\\/\\\/pinterest.com\\\/lasoufflerie\"]}]}<\/script>\n<!-- \/ Yoast SEO plugin. -->","yoast_head_json":{"title":"Demi Lune Italie Maison - La Soufflerie - Fabriqu\u00e9 \u00e0 la main en terre cuite","description":"Achetez l'Assiette Demi Lune Italie Maison de La Soufflerie. Fait main en terre cuite par nos artisans et disponible pour une livraison internationale.","robots":{"index":"index","follow":"follow","max-snippet":"max-snippet:-1","max-image-preview":"max-image-preview:large","max-video-preview":"max-video-preview:-1"},"canonical":"https:\/\/www.lasoufflerie.com\/fr\/produit\/demi-lune-italie-maison-assiette-terre-cuite-fait-main\/","og_locale":"fr_FR","og_type":"article","og_title":"Demi Lune Italie Maison - La Soufflerie - Fabriqu\u00e9 \u00e0 la main en terre cuite","og_description":"Achetez l'Assiette Demi Lune Italie Maison de La Soufflerie. Fait main en terre cuite par nos artisans et disponible pour une livraison internationale.","og_url":"https:\/\/www.lasoufflerie.com\/fr\/produit\/demi-lune-italie-maison-assiette-terre-cuite-fait-main\/","og_site_name":"La Soufflerie","article_publisher":"https:\/\/facebook.com\/lasoufflerie","article_modified_time":"2025-10-08T14:50:56+00:00","og_image":[{"width":1417,"height":1889,"url":"https:\/\/www.lasoufflerie.com\/wp-content\/uploads\/2024\/12\/Demi-Lune-Italie-Maison.jpg","type":"image\/jpeg"}],"twitter_card":"summary_large_image","twitter_site":"@lasoufflerie","twitter_misc":{"Dur\u00e9e de lecture estim\u00e9e":"1 minute"},"schema":{"@context":"https:\/\/schema.org","@graph":[{"@type":"WebPage","@id":"https:\/\/www.lasoufflerie.com\/fr\/produit\/demi-lune-italie-maison-assiette-terre-cuite-fait-main\/","url":"https:\/\/www.lasoufflerie.com\/fr\/produit\/demi-lune-italie-maison-assiette-terre-cuite-fait-main\/","name":"Demi Lune Italie Maison - La Soufflerie - Fabriqu\u00e9 \u00e0 la main en terre cuite","isPartOf":{"@id":"https:\/\/www.lasoufflerie.com\/fr\/#website"},"primaryImageOfPage":{"@id":"https:\/\/www.lasoufflerie.com\/fr\/produit\/demi-lune-italie-maison-assiette-terre-cuite-fait-main\/#primaryimage"},"image":{"@id":"https:\/\/www.lasoufflerie.com\/fr\/produit\/demi-lune-italie-maison-assiette-terre-cuite-fait-main\/#primaryimage"},"thumbnailUrl":"https:\/\/www.lasoufflerie.com\/wp-content\/uploads\/2024\/12\/Demi-Lune-Italie-Maison.jpg","datePublished":"2025-01-14T13:23:16+00:00","dateModified":"2025-10-08T14:50:56+00:00","description":"Achetez l'Assiette Demi Lune Italie Maison de La Soufflerie. Fait main en terre cuite par nos artisans et disponible pour une livraison internationale.","breadcrumb":{"@id":"https:\/\/www.lasoufflerie.com\/fr\/produit\/demi-lune-italie-maison-assiette-terre-cuite-fait-main\/#breadcrumb"},"inLanguage":"fr-FR","potentialAction":[{"@type":"ReadAction","target":["https:\/\/www.lasoufflerie.com\/fr\/produit\/demi-lune-italie-maison-assiette-terre-cuite-fait-main\/"]}]},{"@type":"ImageObject","inLanguage":"fr-FR","@id":"https:\/\/www.lasoufflerie.com\/fr\/produit\/demi-lune-italie-maison-assiette-terre-cuite-fait-main\/#primaryimage","url":"https:\/\/www.lasoufflerie.com\/wp-content\/uploads\/2024\/12\/Demi-Lune-Italie-Maison.jpg","contentUrl":"https:\/\/www.lasoufflerie.com\/wp-content\/uploads\/2024\/12\/Demi-Lune-Italie-Maison.jpg","width":1417,"height":1889,"caption":"demi-lune-italie-maison-plate-tableware-handmade-terracotta"},{"@type":"BreadcrumbList","@id":"https:\/\/www.lasoufflerie.com\/fr\/produit\/demi-lune-italie-maison-assiette-terre-cuite-fait-main\/#breadcrumb","itemListElement":[{"@type":"ListItem","position":1,"name":"Home","item":"https:\/\/www.lasoufflerie.com\/fr\/"},{"@type":"ListItem","position":2,"name":"Shop all","item":"https:\/\/www.lasoufflerie.com\/fr\/boutique\/"},{"@type":"ListItem","position":3,"name":"Demi Lune Italie Maison"}]},{"@type":"WebSite","@id":"https:\/\/www.lasoufflerie.com\/fr\/#website","url":"https:\/\/www.lasoufflerie.com\/fr\/","name":"La Soufflerie","description":"Glass blowing craft","publisher":{"@id":"https:\/\/www.lasoufflerie.com\/fr\/#organization"},"potentialAction":[{"@type":"SearchAction","target":{"@type":"EntryPoint","urlTemplate":"https:\/\/www.lasoufflerie.com\/fr\/?s={search_term_string}"},"query-input":{"@type":"PropertyValueSpecification","valueRequired":true,"valueName":"search_term_string"}}],"inLanguage":"fr-FR"},{"@type":"Organization","@id":"https:\/\/www.lasoufflerie.com\/fr\/#organization","name":"La Soufflerie","url":"https:\/\/www.lasoufflerie.com\/fr\/","logo":{"@type":"ImageObject","inLanguage":"fr-FR","@id":"https:\/\/www.lasoufflerie.com\/fr\/#\/schema\/logo\/image\/","url":"https:\/\/www.lasoufflerie.com\/wp-content\/uploads\/2023\/11\/Logo-La-Soufflerie-black.png","contentUrl":"https:\/\/www.lasoufflerie.com\/wp-content\/uploads\/2023\/11\/Logo-La-Soufflerie-black.png","width":2362,"height":2362,"caption":"La Soufflerie"},"image":{"@id":"https:\/\/www.lasoufflerie.com\/fr\/#\/schema\/logo\/image\/"},"sameAs":["https:\/\/facebook.com\/lasoufflerie","https:\/\/x.com\/lasoufflerie","https:\/\/instagram.com\/lasoufflerie","https:\/\/www.linkedin.com\/company\/9327780?trk=tyah&amp;amp;amp;trkInfo=clickedVertical:company,clickedEntityId:9327780,idx:2-1-2,tarId:1458824308330,tas:lasouff","https:\/\/pinterest.com\/lasoufflerie"]}]}},"_links":{"self":[{"href":"https:\/\/www.lasoufflerie.com\/fr\/wp-json\/wp\/v2\/product\/64738","targetHints":{"allow":["GET"]}}],"collection":[{"href":"https:\/\/www.lasoufflerie.com\/fr\/wp-json\/wp\/v2\/product"}],"about":[{"href":"https:\/\/www.lasoufflerie.com\/fr\/wp-json\/wp\/v2\/types\/product"}],"version-history":[{"count":4,"href":"https:\/\/www.lasoufflerie.com\/fr\/wp-json\/wp\/v2\/product\/64738\/revisions"}],"predecessor-version":[{"id":71386,"href":"https:\/\/www.lasoufflerie.com\/fr\/wp-json\/wp\/v2\/product\/64738\/revisions\/71386"}],"wp:featuredmedia":[{"embeddable":true,"href":"https:\/\/www.lasoufflerie.com\/fr\/wp-json\/wp\/v2\/media\/63576"}],"wp:attachment":[{"href":"https:\/\/www.lasoufflerie.com\/fr\/wp-json\/wp\/v2\/media?parent=64738"}],"wp:term":[{"taxonomy":"product_brand","embeddable":true,"href":"https:\/\/www.lasoufflerie.com\/fr\/wp-json\/wp\/v2\/product_brand?post=64738"},{"taxonomy":"product_cat","embeddable":true,"href":"https:\/\/www.lasoufflerie.com\/fr\/wp-json\/wp\/v2\/product_cat?post=64738"},{"taxonomy":"product_tag","embeddable":true,"href":"https:\/\/www.lasoufflerie.com\/fr\/wp-json\/wp\/v2\/product_tag?post=64738"}],"curies":[{"name":"wp","href":"https:\/\/api.w.org\/{rel}","templated":true}]}}