{"id":64747,"date":"2025-01-14T14:20:16","date_gmt":"2025-01-14T13:20:16","guid":{"rendered":"https:\/\/www.lasoufflerie.com\/?post_type=product&#038;p=64747"},"modified":"2026-01-09T11:24:57","modified_gmt":"2026-01-09T10:24:57","slug":"mug-tasse-cafe-terre-cuite-fait-main","status":"publish","type":"product","link":"https:\/\/www.lasoufflerie.com\/fr\/produit\/mug-tasse-cafe-terre-cuite-fait-main\/","title":{"rendered":"Mug"},"content":{"rendered":"<p><strong>Mug<\/strong> est votre compagnon parfait pour les matins cosy et cette reposante tasse de th\u00e9 en fin de journ\u00e9e. Fabriqu\u00e9 \u00e0 la main en terre cuite par nos artisans talentueux et fini avec un \u00e9mail lisse, ce mug rayonne d&rsquo;un charme artisanal. Sa poign\u00e9e distinctive, angulaire et ludique, ajoute une touche unique, rendant chaque gorg\u00e9e sp\u00e9ciale. Que vous savouriez un caf\u00e9 cr\u00e8me, une tisane apaisante, ou que vous vous adonniez \u00e0 un petit vin chaud, Mug est aussi polyvalent que styl\u00e9. Con\u00e7u pour compl\u00e9ter nos collections Assiette Terre Cuite et Demi Lune, il apporte la beaut\u00e9 chaleureuse et rustique de la campagne fran\u00e7aise \u00e0 votre table.<\/p>\n<p class=\"p1\"><strong>Cette pi\u00e8ce est r\u00e9sistante \u00e0 l&rsquo;eau.<\/strong><\/p>\n","protected":false},"excerpt":{"rendered":"<p>Mug est votre compagnon parfait pour les matins cosy et cette reposante tasse de th\u00e9 en fin de journ\u00e9e. Fabriqu\u00e9 \u00e0 la main en terre cuite par nos artisans talentueux et fini avec un \u00e9mail lisse, ce mug rayonne d&rsquo;un charme artisanal. Sa poign\u00e9e distinctive, angulaire et ludique, ajoute une touche unique, rendant chaque gorg\u00e9e [&hellip;]<\/p>\n","protected":false},"featured_media":63596,"template":"","meta":{"_acf_changed":false},"product_brand":[],"product_cat":[1635,1623,1637,1630,1314,1310],"product_tag":[],"class_list":{"0":"post-64747","1":"product","2":"type-product","3":"status-publish","4":"has-post-thumbnail","6":"product_cat-cadeaux-a-moins-de-20e-idees-cadeaux","7":"product_cat-la-boutique","8":"product_cat-pour-mon-amour-idees-cadeaux","9":"product_cat-terre-cuites","10":"product_cat-platres-terre-cuites","11":"product_cat-verres-carafes","12":"product_shipping_class-small-product-fr","13":"pa_a-gift-for-her-fr","14":"pa_a-gift-for-lui","15":"pa_a-gift-for-moins-de-20e","16":"pa_a-gift-for-your-lover-fr","17":"pa_colour-blanc","18":"pa_made-of-terre-cuite","19":"pa_size-petit","21":"first","22":"instock","23":"taxable","24":"shipping-taxable","25":"purchasable","26":"product-type-simple"},"acf":[],"yoast_head":"<!-- This site is optimized with the Yoast SEO plugin v27.3 - https:\/\/yoast.com\/product\/yoast-seo-wordpress\/ -->\n<title>elMug - La Soufflerie - Fabriqu\u00e9 \u00e0 la main en terre cuite<\/title>\n<meta name=\"description\" content=\"Achetez le Mug de La Soufflerie. Fait main en terre cuite avec un vernis c\u00e9ramique par nos artisans et disponible pour une exp\u00e9dition dans le monde entier.\" \/>\n<meta name=\"robots\" content=\"index, follow, max-snippet:-1, max-image-preview:large, max-video-preview:-1\" \/>\n<link rel=\"canonical\" href=\"https:\/\/www.lasoufflerie.com\/fr\/produit\/mug-tasse-cafe-terre-cuite-fait-main\/\" \/>\n<meta property=\"og:locale\" content=\"fr_FR\" \/>\n<meta property=\"og:type\" content=\"article\" \/>\n<meta property=\"og:title\" content=\"elMug - La Soufflerie - Fabriqu\u00e9 \u00e0 la main en terre cuite\" \/>\n<meta property=\"og:description\" content=\"Achetez le Mug de La Soufflerie. Fait main en terre cuite avec un vernis c\u00e9ramique par nos artisans et disponible pour une exp\u00e9dition dans le monde entier.\" \/>\n<meta property=\"og:url\" content=\"https:\/\/www.lasoufflerie.com\/fr\/produit\/mug-tasse-cafe-terre-cuite-fait-main\/\" \/>\n<meta property=\"og:site_name\" content=\"La Soufflerie\" \/>\n<meta property=\"article:publisher\" content=\"https:\/\/facebook.com\/lasoufflerie\" \/>\n<meta property=\"article:modified_time\" content=\"2026-01-09T10:24:57+00:00\" \/>\n<meta property=\"og:image\" content=\"https:\/\/www.lasoufflerie.com\/wp-content\/uploads\/2024\/12\/Mug-4-scaled.jpg\" \/>\n\t<meta property=\"og:image:width\" content=\"1920\" \/>\n\t<meta property=\"og:image:height\" content=\"2560\" \/>\n\t<meta property=\"og:image:type\" content=\"image\/jpeg\" \/>\n<meta name=\"twitter:card\" content=\"summary_large_image\" \/>\n<meta name=\"twitter:site\" content=\"@lasoufflerie\" \/>\n<meta name=\"twitter:label1\" content=\"Dur\u00e9e de lecture estim\u00e9e\" \/>\n\t<meta name=\"twitter:data1\" content=\"1 minute\" \/>\n<script type=\"application\/ld+json\" class=\"yoast-schema-graph\">{\"@context\":\"https:\\\/\\\/schema.org\",\"@graph\":[{\"@type\":\"WebPage\",\"@id\":\"https:\\\/\\\/www.lasoufflerie.com\\\/fr\\\/produit\\\/mug-tasse-cafe-terre-cuite-fait-main\\\/\",\"url\":\"https:\\\/\\\/www.lasoufflerie.com\\\/fr\\\/produit\\\/mug-tasse-cafe-terre-cuite-fait-main\\\/\",\"name\":\"elMug - La Soufflerie - Fabriqu\u00e9 \u00e0 la main en terre cuite\",\"isPartOf\":{\"@id\":\"https:\\\/\\\/www.lasoufflerie.com\\\/fr\\\/#website\"},\"primaryImageOfPage\":{\"@id\":\"https:\\\/\\\/www.lasoufflerie.com\\\/fr\\\/produit\\\/mug-tasse-cafe-terre-cuite-fait-main\\\/#primaryimage\"},\"image\":{\"@id\":\"https:\\\/\\\/www.lasoufflerie.com\\\/fr\\\/produit\\\/mug-tasse-cafe-terre-cuite-fait-main\\\/#primaryimage\"},\"thumbnailUrl\":\"https:\\\/\\\/www.lasoufflerie.com\\\/wp-content\\\/uploads\\\/2024\\\/12\\\/Mug-4-scaled.jpg\",\"datePublished\":\"2025-01-14T13:20:16+00:00\",\"dateModified\":\"2026-01-09T10:24:57+00:00\",\"description\":\"Achetez le Mug de La Soufflerie. Fait main en terre cuite avec un vernis c\u00e9ramique par nos artisans et disponible pour une exp\u00e9dition dans le monde entier.\",\"breadcrumb\":{\"@id\":\"https:\\\/\\\/www.lasoufflerie.com\\\/fr\\\/produit\\\/mug-tasse-cafe-terre-cuite-fait-main\\\/#breadcrumb\"},\"inLanguage\":\"fr-FR\",\"potentialAction\":[{\"@type\":\"ReadAction\",\"target\":[\"https:\\\/\\\/www.lasoufflerie.com\\\/fr\\\/produit\\\/mug-tasse-cafe-terre-cuite-fait-main\\\/\"]}]},{\"@type\":\"ImageObject\",\"inLanguage\":\"fr-FR\",\"@id\":\"https:\\\/\\\/www.lasoufflerie.com\\\/fr\\\/produit\\\/mug-tasse-cafe-terre-cuite-fait-main\\\/#primaryimage\",\"url\":\"https:\\\/\\\/www.lasoufflerie.com\\\/wp-content\\\/uploads\\\/2024\\\/12\\\/Mug-4-scaled.jpg\",\"contentUrl\":\"https:\\\/\\\/www.lasoufflerie.com\\\/wp-content\\\/uploads\\\/2024\\\/12\\\/Mug-4-scaled.jpg\",\"width\":1920,\"height\":2560,\"caption\":\"mug-handmade-terracotta\"},{\"@type\":\"BreadcrumbList\",\"@id\":\"https:\\\/\\\/www.lasoufflerie.com\\\/fr\\\/produit\\\/mug-tasse-cafe-terre-cuite-fait-main\\\/#breadcrumb\",\"itemListElement\":[{\"@type\":\"ListItem\",\"position\":1,\"name\":\"Home\",\"item\":\"https:\\\/\\\/www.lasoufflerie.com\\\/fr\\\/\"},{\"@type\":\"ListItem\",\"position\":2,\"name\":\"Shop all\",\"item\":\"https:\\\/\\\/www.lasoufflerie.com\\\/fr\\\/boutique\\\/\"},{\"@type\":\"ListItem\",\"position\":3,\"name\":\"Mug\"}]},{\"@type\":\"WebSite\",\"@id\":\"https:\\\/\\\/www.lasoufflerie.com\\\/fr\\\/#website\",\"url\":\"https:\\\/\\\/www.lasoufflerie.com\\\/fr\\\/\",\"name\":\"La Soufflerie\",\"description\":\"Glass blowing craft\",\"publisher\":{\"@id\":\"https:\\\/\\\/www.lasoufflerie.com\\\/fr\\\/#organization\"},\"potentialAction\":[{\"@type\":\"SearchAction\",\"target\":{\"@type\":\"EntryPoint\",\"urlTemplate\":\"https:\\\/\\\/www.lasoufflerie.com\\\/fr\\\/?s={search_term_string}\"},\"query-input\":{\"@type\":\"PropertyValueSpecification\",\"valueRequired\":true,\"valueName\":\"search_term_string\"}}],\"inLanguage\":\"fr-FR\"},{\"@type\":\"Organization\",\"@id\":\"https:\\\/\\\/www.lasoufflerie.com\\\/fr\\\/#organization\",\"name\":\"La Soufflerie\",\"url\":\"https:\\\/\\\/www.lasoufflerie.com\\\/fr\\\/\",\"logo\":{\"@type\":\"ImageObject\",\"inLanguage\":\"fr-FR\",\"@id\":\"https:\\\/\\\/www.lasoufflerie.com\\\/fr\\\/#\\\/schema\\\/logo\\\/image\\\/\",\"url\":\"https:\\\/\\\/www.lasoufflerie.com\\\/wp-content\\\/uploads\\\/2023\\\/11\\\/Logo-La-Soufflerie-black.png\",\"contentUrl\":\"https:\\\/\\\/www.lasoufflerie.com\\\/wp-content\\\/uploads\\\/2023\\\/11\\\/Logo-La-Soufflerie-black.png\",\"width\":2362,\"height\":2362,\"caption\":\"La Soufflerie\"},\"image\":{\"@id\":\"https:\\\/\\\/www.lasoufflerie.com\\\/fr\\\/#\\\/schema\\\/logo\\\/image\\\/\"},\"sameAs\":[\"https:\\\/\\\/facebook.com\\\/lasoufflerie\",\"https:\\\/\\\/x.com\\\/lasoufflerie\",\"https:\\\/\\\/instagram.com\\\/lasoufflerie\",\"https:\\\/\\\/www.linkedin.com\\\/company\\\/9327780?trk=tyah&amp;amp;amp;trkInfo=clickedVertical:company,clickedEntityId:9327780,idx:2-1-2,tarId:1458824308330,tas:lasouff\",\"https:\\\/\\\/pinterest.com\\\/lasoufflerie\"]}]}<\/script>\n<!-- \/ Yoast SEO plugin. -->","yoast_head_json":{"title":"elMug - La Soufflerie - Fabriqu\u00e9 \u00e0 la main en terre cuite","description":"Achetez le Mug de La Soufflerie. Fait main en terre cuite avec un vernis c\u00e9ramique par nos artisans et disponible pour une exp\u00e9dition dans le monde entier.","robots":{"index":"index","follow":"follow","max-snippet":"max-snippet:-1","max-image-preview":"max-image-preview:large","max-video-preview":"max-video-preview:-1"},"canonical":"https:\/\/www.lasoufflerie.com\/fr\/produit\/mug-tasse-cafe-terre-cuite-fait-main\/","og_locale":"fr_FR","og_type":"article","og_title":"elMug - La Soufflerie - Fabriqu\u00e9 \u00e0 la main en terre cuite","og_description":"Achetez le Mug de La Soufflerie. Fait main en terre cuite avec un vernis c\u00e9ramique par nos artisans et disponible pour une exp\u00e9dition dans le monde entier.","og_url":"https:\/\/www.lasoufflerie.com\/fr\/produit\/mug-tasse-cafe-terre-cuite-fait-main\/","og_site_name":"La Soufflerie","article_publisher":"https:\/\/facebook.com\/lasoufflerie","article_modified_time":"2026-01-09T10:24:57+00:00","og_image":[{"width":1920,"height":2560,"url":"https:\/\/www.lasoufflerie.com\/wp-content\/uploads\/2024\/12\/Mug-4-scaled.jpg","type":"image\/jpeg"}],"twitter_card":"summary_large_image","twitter_site":"@lasoufflerie","twitter_misc":{"Dur\u00e9e de lecture estim\u00e9e":"1 minute"},"schema":{"@context":"https:\/\/schema.org","@graph":[{"@type":"WebPage","@id":"https:\/\/www.lasoufflerie.com\/fr\/produit\/mug-tasse-cafe-terre-cuite-fait-main\/","url":"https:\/\/www.lasoufflerie.com\/fr\/produit\/mug-tasse-cafe-terre-cuite-fait-main\/","name":"elMug - La Soufflerie - Fabriqu\u00e9 \u00e0 la main en terre cuite","isPartOf":{"@id":"https:\/\/www.lasoufflerie.com\/fr\/#website"},"primaryImageOfPage":{"@id":"https:\/\/www.lasoufflerie.com\/fr\/produit\/mug-tasse-cafe-terre-cuite-fait-main\/#primaryimage"},"image":{"@id":"https:\/\/www.lasoufflerie.com\/fr\/produit\/mug-tasse-cafe-terre-cuite-fait-main\/#primaryimage"},"thumbnailUrl":"https:\/\/www.lasoufflerie.com\/wp-content\/uploads\/2024\/12\/Mug-4-scaled.jpg","datePublished":"2025-01-14T13:20:16+00:00","dateModified":"2026-01-09T10:24:57+00:00","description":"Achetez le Mug de La Soufflerie. Fait main en terre cuite avec un vernis c\u00e9ramique par nos artisans et disponible pour une exp\u00e9dition dans le monde entier.","breadcrumb":{"@id":"https:\/\/www.lasoufflerie.com\/fr\/produit\/mug-tasse-cafe-terre-cuite-fait-main\/#breadcrumb"},"inLanguage":"fr-FR","potentialAction":[{"@type":"ReadAction","target":["https:\/\/www.lasoufflerie.com\/fr\/produit\/mug-tasse-cafe-terre-cuite-fait-main\/"]}]},{"@type":"ImageObject","inLanguage":"fr-FR","@id":"https:\/\/www.lasoufflerie.com\/fr\/produit\/mug-tasse-cafe-terre-cuite-fait-main\/#primaryimage","url":"https:\/\/www.lasoufflerie.com\/wp-content\/uploads\/2024\/12\/Mug-4-scaled.jpg","contentUrl":"https:\/\/www.lasoufflerie.com\/wp-content\/uploads\/2024\/12\/Mug-4-scaled.jpg","width":1920,"height":2560,"caption":"mug-handmade-terracotta"},{"@type":"BreadcrumbList","@id":"https:\/\/www.lasoufflerie.com\/fr\/produit\/mug-tasse-cafe-terre-cuite-fait-main\/#breadcrumb","itemListElement":[{"@type":"ListItem","position":1,"name":"Home","item":"https:\/\/www.lasoufflerie.com\/fr\/"},{"@type":"ListItem","position":2,"name":"Shop all","item":"https:\/\/www.lasoufflerie.com\/fr\/boutique\/"},{"@type":"ListItem","position":3,"name":"Mug"}]},{"@type":"WebSite","@id":"https:\/\/www.lasoufflerie.com\/fr\/#website","url":"https:\/\/www.lasoufflerie.com\/fr\/","name":"La Soufflerie","description":"Glass blowing craft","publisher":{"@id":"https:\/\/www.lasoufflerie.com\/fr\/#organization"},"potentialAction":[{"@type":"SearchAction","target":{"@type":"EntryPoint","urlTemplate":"https:\/\/www.lasoufflerie.com\/fr\/?s={search_term_string}"},"query-input":{"@type":"PropertyValueSpecification","valueRequired":true,"valueName":"search_term_string"}}],"inLanguage":"fr-FR"},{"@type":"Organization","@id":"https:\/\/www.lasoufflerie.com\/fr\/#organization","name":"La Soufflerie","url":"https:\/\/www.lasoufflerie.com\/fr\/","logo":{"@type":"ImageObject","inLanguage":"fr-FR","@id":"https:\/\/www.lasoufflerie.com\/fr\/#\/schema\/logo\/image\/","url":"https:\/\/www.lasoufflerie.com\/wp-content\/uploads\/2023\/11\/Logo-La-Soufflerie-black.png","contentUrl":"https:\/\/www.lasoufflerie.com\/wp-content\/uploads\/2023\/11\/Logo-La-Soufflerie-black.png","width":2362,"height":2362,"caption":"La Soufflerie"},"image":{"@id":"https:\/\/www.lasoufflerie.com\/fr\/#\/schema\/logo\/image\/"},"sameAs":["https:\/\/facebook.com\/lasoufflerie","https:\/\/x.com\/lasoufflerie","https:\/\/instagram.com\/lasoufflerie","https:\/\/www.linkedin.com\/company\/9327780?trk=tyah&amp;amp;amp;trkInfo=clickedVertical:company,clickedEntityId:9327780,idx:2-1-2,tarId:1458824308330,tas:lasouff","https:\/\/pinterest.com\/lasoufflerie"]}]}},"_links":{"self":[{"href":"https:\/\/www.lasoufflerie.com\/fr\/wp-json\/wp\/v2\/product\/64747","targetHints":{"allow":["GET"]}}],"collection":[{"href":"https:\/\/www.lasoufflerie.com\/fr\/wp-json\/wp\/v2\/product"}],"about":[{"href":"https:\/\/www.lasoufflerie.com\/fr\/wp-json\/wp\/v2\/types\/product"}],"version-history":[{"count":3,"href":"https:\/\/www.lasoufflerie.com\/fr\/wp-json\/wp\/v2\/product\/64747\/revisions"}],"predecessor-version":[{"id":71424,"href":"https:\/\/www.lasoufflerie.com\/fr\/wp-json\/wp\/v2\/product\/64747\/revisions\/71424"}],"wp:featuredmedia":[{"embeddable":true,"href":"https:\/\/www.lasoufflerie.com\/fr\/wp-json\/wp\/v2\/media\/63596"}],"wp:attachment":[{"href":"https:\/\/www.lasoufflerie.com\/fr\/wp-json\/wp\/v2\/media?parent=64747"}],"wp:term":[{"taxonomy":"product_brand","embeddable":true,"href":"https:\/\/www.lasoufflerie.com\/fr\/wp-json\/wp\/v2\/product_brand?post=64747"},{"taxonomy":"product_cat","embeddable":true,"href":"https:\/\/www.lasoufflerie.com\/fr\/wp-json\/wp\/v2\/product_cat?post=64747"},{"taxonomy":"product_tag","embeddable":true,"href":"https:\/\/www.lasoufflerie.com\/fr\/wp-json\/wp\/v2\/product_tag?post=64747"}],"curies":[{"name":"wp","href":"https:\/\/api.w.org\/{rel}","templated":true}]}}