{"id":66860,"date":"2025-03-05T15:19:10","date_gmt":"2025-03-05T14:19:10","guid":{"rendered":"https:\/\/www.lasoufflerie.com\/?post_type=product&#038;p=66860"},"modified":"2026-02-23T14:18:53","modified_gmt":"2026-02-23T13:18:53","slug":"hurricane-vase-with-3-feet-fume-verre-recycle-souffle-bouche","status":"publish","type":"product","link":"https:\/\/www.lasoufflerie.com\/fr\/produit\/hurricane-vase-with-3-feet-fume-verre-recycle-souffle-bouche\/","title":{"rendered":"Hurricane Vase with 3 Feet Vert Fum\u00e9"},"content":{"rendered":"<p>Apportez une touche d&rsquo;\u00e9l\u00e9gance intemporelle et de charme pratique \u00e0 votre int\u00e9rieur avec notre <strong>Vase With 3 Feet Fum\u00e9<\/strong>. Ce vase polyvalent est dot\u00e9 d&rsquo;une haute chemin\u00e9e en verre qui prot\u00e8ge la flamme du vent, assurant ainsi une lueur constante, aussi bien \u00e0 l&rsquo;int\u00e9rieur qu&rsquo;\u00e0 l&rsquo;ext\u00e9rieur. Son socle robuste \u00e0 trois pieds lui conf\u00e8re une allure artistique et sculpturale tout en lui assurant une parfaite stabilit\u00e9. Id\u00e9al pour les soir\u00e9es romantiques, les ap\u00e9ritifs en plein air ou pour cr\u00e9er un coin cosy chez soi, le Vase Ouragan \u00e0 chemin\u00e9e fum\u00e9e de 90 cm allie fonctionnalit\u00e9 et esth\u00e9tique. Souffl\u00e9 \u00e0 la bouche \u00e0 partir de verre recycl\u00e9 et pr\u00e9sentant une teinte fum\u00e9e, chaque vase est le fruit d&rsquo;un savoir-faire artisanal et d&rsquo;une conception durable.    <\/p>\n<p><span data-sheets-root=\"1\">Compl\u00e9tez-le avec notre <a href=\"https:\/\/www.lasoufflerie.com\/product\/bouchon-terracotta-11cm-handmade-lid\/\">Bouchon Terracotta 11cm<\/a> pour le transformer en un contenant unique et \u00e9l\u00e9gant.<\/span><\/p>\n","protected":false},"excerpt":{"rendered":"<p>Apportez une touche d&rsquo;\u00e9l\u00e9gance intemporelle et de charme pratique \u00e0 votre int\u00e9rieur avec notre Vase With 3 Feet Fum\u00e9. Ce vase polyvalent est dot\u00e9 d&rsquo;une haute chemin\u00e9e en verre qui prot\u00e8ge la flamme du vent, assurant ainsi une lueur constante, aussi bien \u00e0 l&rsquo;int\u00e9rieur qu&rsquo;\u00e0 l&rsquo;ext\u00e9rieur. Son socle robuste \u00e0 trois pieds lui conf\u00e8re une [&hellip;]<\/p>\n","protected":false},"featured_media":66864,"template":"","meta":{"_acf_changed":false},"product_brand":[],"product_cat":[1634,1623,1343,1309],"product_tag":[],"class_list":{"0":"post-66860","1":"product","2":"type-product","3":"status-publish","4":"has-post-thumbnail","6":"product_cat-cadeaux-a-moins-de-50e-idees-cadeaux","7":"product_cat-la-boutique","8":"product_cat-vases","9":"product_cat-a-la-maison","10":"product_shipping_class-medium-product-fr","11":"pa_a-gift-for-her-fr","12":"pa_a-gift-for-lhote","13":"pa_a-gift-for-un-mariage","14":"pa_a-gift-for-under-50e-fr","15":"pa_colour-amber-fr","16":"pa_colour-marron","17":"pa_made-of-glass-fr","18":"pa_size-medium-fr","20":"first","21":"instock","22":"taxable","23":"shipping-taxable","24":"purchasable","25":"product-type-simple"},"acf":[],"yoast_head":"<!-- This site is optimized with the Yoast SEO plugin v27.3 - https:\/\/yoast.com\/product\/yoast-seo-wordpress\/ -->\n<title>Hurricane Vase with 3 Feet Vert Fum\u00e9 - La Soufflerie- Verre recycl\u00e9 souffl\u00e9 \u00e0 la bouche<\/title>\n<meta name=\"description\" content=\"Achetez le Hurricane Vase With 3 Feet Vert Fume. Souffl\u00e9 \u00e0 la bouche \u00e0 partir de verre recycl\u00e9 par nos souffleurs de verre et disponible pour une livraison dans le monde entier.\" \/>\n<meta name=\"robots\" content=\"index, follow, max-snippet:-1, max-image-preview:large, max-video-preview:-1\" \/>\n<link rel=\"canonical\" href=\"https:\/\/www.lasoufflerie.com\/fr\/produit\/hurricane-vase-with-3-feet-fume-verre-recycle-souffle-bouche\/\" \/>\n<meta property=\"og:locale\" content=\"fr_FR\" \/>\n<meta property=\"og:type\" content=\"article\" \/>\n<meta property=\"og:title\" content=\"Hurricane Vase with 3 Feet Vert Fum\u00e9 - La Soufflerie- Verre recycl\u00e9 souffl\u00e9 \u00e0 la bouche\" \/>\n<meta property=\"og:description\" content=\"Achetez le Hurricane Vase With 3 Feet Vert Fume. Souffl\u00e9 \u00e0 la bouche \u00e0 partir de verre recycl\u00e9 par nos souffleurs de verre et disponible pour une livraison dans le monde entier.\" \/>\n<meta property=\"og:url\" content=\"https:\/\/www.lasoufflerie.com\/fr\/produit\/hurricane-vase-with-3-feet-fume-verre-recycle-souffle-bouche\/\" \/>\n<meta property=\"og:site_name\" content=\"La Soufflerie\" \/>\n<meta property=\"article:publisher\" content=\"https:\/\/facebook.com\/lasoufflerie\" \/>\n<meta property=\"article:modified_time\" content=\"2026-02-23T13:18:53+00:00\" \/>\n<meta property=\"og:image\" content=\"https:\/\/www.lasoufflerie.com\/wp-content\/uploads\/2025\/03\/Hurricane-Vase-with-3-Feet-Fume-2-scaled.jpg\" \/>\n\t<meta property=\"og:image:width\" content=\"1920\" \/>\n\t<meta property=\"og:image:height\" content=\"2560\" \/>\n\t<meta property=\"og:image:type\" content=\"image\/jpeg\" \/>\n<meta name=\"twitter:card\" content=\"summary_large_image\" \/>\n<meta name=\"twitter:site\" content=\"@lasoufflerie\" \/>\n<meta name=\"twitter:label1\" content=\"Dur\u00e9e de lecture estim\u00e9e\" \/>\n\t<meta name=\"twitter:data1\" content=\"1 minute\" \/>\n<script type=\"application\/ld+json\" class=\"yoast-schema-graph\">{\"@context\":\"https:\\\/\\\/schema.org\",\"@graph\":[{\"@type\":\"WebPage\",\"@id\":\"https:\\\/\\\/www.lasoufflerie.com\\\/fr\\\/produit\\\/hurricane-vase-with-3-feet-fume-verre-recycle-souffle-bouche\\\/\",\"url\":\"https:\\\/\\\/www.lasoufflerie.com\\\/fr\\\/produit\\\/hurricane-vase-with-3-feet-fume-verre-recycle-souffle-bouche\\\/\",\"name\":\"Hurricane Vase with 3 Feet Vert Fum\u00e9 - La Soufflerie- Verre recycl\u00e9 souffl\u00e9 \u00e0 la bouche\",\"isPartOf\":{\"@id\":\"https:\\\/\\\/www.lasoufflerie.com\\\/fr\\\/#website\"},\"primaryImageOfPage\":{\"@id\":\"https:\\\/\\\/www.lasoufflerie.com\\\/fr\\\/produit\\\/hurricane-vase-with-3-feet-fume-verre-recycle-souffle-bouche\\\/#primaryimage\"},\"image\":{\"@id\":\"https:\\\/\\\/www.lasoufflerie.com\\\/fr\\\/produit\\\/hurricane-vase-with-3-feet-fume-verre-recycle-souffle-bouche\\\/#primaryimage\"},\"thumbnailUrl\":\"https:\\\/\\\/www.lasoufflerie.com\\\/wp-content\\\/uploads\\\/2025\\\/03\\\/Hurricane-Vase-with-3-Feet-Fume-2-scaled.jpg\",\"datePublished\":\"2025-03-05T14:19:10+00:00\",\"dateModified\":\"2026-02-23T13:18:53+00:00\",\"description\":\"Achetez le Hurricane Vase With 3 Feet Vert Fume. Souffl\u00e9 \u00e0 la bouche \u00e0 partir de verre recycl\u00e9 par nos souffleurs de verre et disponible pour une livraison dans le monde entier.\",\"breadcrumb\":{\"@id\":\"https:\\\/\\\/www.lasoufflerie.com\\\/fr\\\/produit\\\/hurricane-vase-with-3-feet-fume-verre-recycle-souffle-bouche\\\/#breadcrumb\"},\"inLanguage\":\"fr-FR\",\"potentialAction\":[{\"@type\":\"ReadAction\",\"target\":[\"https:\\\/\\\/www.lasoufflerie.com\\\/fr\\\/produit\\\/hurricane-vase-with-3-feet-fume-verre-recycle-souffle-bouche\\\/\"]}]},{\"@type\":\"ImageObject\",\"inLanguage\":\"fr-FR\",\"@id\":\"https:\\\/\\\/www.lasoufflerie.com\\\/fr\\\/produit\\\/hurricane-vase-with-3-feet-fume-verre-recycle-souffle-bouche\\\/#primaryimage\",\"url\":\"https:\\\/\\\/www.lasoufflerie.com\\\/wp-content\\\/uploads\\\/2025\\\/03\\\/Hurricane-Vase-with-3-Feet-Fume-2-scaled.jpg\",\"contentUrl\":\"https:\\\/\\\/www.lasoufflerie.com\\\/wp-content\\\/uploads\\\/2025\\\/03\\\/Hurricane-Vase-with-3-Feet-Fume-2-scaled.jpg\",\"width\":1920,\"height\":2560,\"caption\":\"hurricane-vase-with-3-feet-fum\u00e9-fait-main\"},{\"@type\":\"BreadcrumbList\",\"@id\":\"https:\\\/\\\/www.lasoufflerie.com\\\/fr\\\/produit\\\/hurricane-vase-with-3-feet-fume-verre-recycle-souffle-bouche\\\/#breadcrumb\",\"itemListElement\":[{\"@type\":\"ListItem\",\"position\":1,\"name\":\"Home\",\"item\":\"https:\\\/\\\/www.lasoufflerie.com\\\/fr\\\/\"},{\"@type\":\"ListItem\",\"position\":2,\"name\":\"Shop all\",\"item\":\"https:\\\/\\\/www.lasoufflerie.com\\\/fr\\\/boutique\\\/\"},{\"@type\":\"ListItem\",\"position\":3,\"name\":\"Hurricane Vase with 3 Feet Vert Fum\u00e9\"}]},{\"@type\":\"WebSite\",\"@id\":\"https:\\\/\\\/www.lasoufflerie.com\\\/fr\\\/#website\",\"url\":\"https:\\\/\\\/www.lasoufflerie.com\\\/fr\\\/\",\"name\":\"La Soufflerie\",\"description\":\"Glass blowing craft\",\"publisher\":{\"@id\":\"https:\\\/\\\/www.lasoufflerie.com\\\/fr\\\/#organization\"},\"potentialAction\":[{\"@type\":\"SearchAction\",\"target\":{\"@type\":\"EntryPoint\",\"urlTemplate\":\"https:\\\/\\\/www.lasoufflerie.com\\\/fr\\\/?s={search_term_string}\"},\"query-input\":{\"@type\":\"PropertyValueSpecification\",\"valueRequired\":true,\"valueName\":\"search_term_string\"}}],\"inLanguage\":\"fr-FR\"},{\"@type\":\"Organization\",\"@id\":\"https:\\\/\\\/www.lasoufflerie.com\\\/fr\\\/#organization\",\"name\":\"La Soufflerie\",\"url\":\"https:\\\/\\\/www.lasoufflerie.com\\\/fr\\\/\",\"logo\":{\"@type\":\"ImageObject\",\"inLanguage\":\"fr-FR\",\"@id\":\"https:\\\/\\\/www.lasoufflerie.com\\\/fr\\\/#\\\/schema\\\/logo\\\/image\\\/\",\"url\":\"https:\\\/\\\/www.lasoufflerie.com\\\/wp-content\\\/uploads\\\/2023\\\/11\\\/Logo-La-Soufflerie-black.png\",\"contentUrl\":\"https:\\\/\\\/www.lasoufflerie.com\\\/wp-content\\\/uploads\\\/2023\\\/11\\\/Logo-La-Soufflerie-black.png\",\"width\":2362,\"height\":2362,\"caption\":\"La Soufflerie\"},\"image\":{\"@id\":\"https:\\\/\\\/www.lasoufflerie.com\\\/fr\\\/#\\\/schema\\\/logo\\\/image\\\/\"},\"sameAs\":[\"https:\\\/\\\/facebook.com\\\/lasoufflerie\",\"https:\\\/\\\/x.com\\\/lasoufflerie\",\"https:\\\/\\\/instagram.com\\\/lasoufflerie\",\"https:\\\/\\\/www.linkedin.com\\\/company\\\/9327780?trk=tyah&amp;amp;amp;trkInfo=clickedVertical:company,clickedEntityId:9327780,idx:2-1-2,tarId:1458824308330,tas:lasouff\",\"https:\\\/\\\/pinterest.com\\\/lasoufflerie\"]}]}<\/script>\n<!-- \/ Yoast SEO plugin. -->","yoast_head_json":{"title":"Hurricane Vase with 3 Feet Vert Fum\u00e9 - La Soufflerie- Verre recycl\u00e9 souffl\u00e9 \u00e0 la bouche","description":"Achetez le Hurricane Vase With 3 Feet Vert Fume. Souffl\u00e9 \u00e0 la bouche \u00e0 partir de verre recycl\u00e9 par nos souffleurs de verre et disponible pour une livraison dans le monde entier.","robots":{"index":"index","follow":"follow","max-snippet":"max-snippet:-1","max-image-preview":"max-image-preview:large","max-video-preview":"max-video-preview:-1"},"canonical":"https:\/\/www.lasoufflerie.com\/fr\/produit\/hurricane-vase-with-3-feet-fume-verre-recycle-souffle-bouche\/","og_locale":"fr_FR","og_type":"article","og_title":"Hurricane Vase with 3 Feet Vert Fum\u00e9 - La Soufflerie- Verre recycl\u00e9 souffl\u00e9 \u00e0 la bouche","og_description":"Achetez le Hurricane Vase With 3 Feet Vert Fume. Souffl\u00e9 \u00e0 la bouche \u00e0 partir de verre recycl\u00e9 par nos souffleurs de verre et disponible pour une livraison dans le monde entier.","og_url":"https:\/\/www.lasoufflerie.com\/fr\/produit\/hurricane-vase-with-3-feet-fume-verre-recycle-souffle-bouche\/","og_site_name":"La Soufflerie","article_publisher":"https:\/\/facebook.com\/lasoufflerie","article_modified_time":"2026-02-23T13:18:53+00:00","og_image":[{"width":1920,"height":2560,"url":"https:\/\/www.lasoufflerie.com\/wp-content\/uploads\/2025\/03\/Hurricane-Vase-with-3-Feet-Fume-2-scaled.jpg","type":"image\/jpeg"}],"twitter_card":"summary_large_image","twitter_site":"@lasoufflerie","twitter_misc":{"Dur\u00e9e de lecture estim\u00e9e":"1 minute"},"schema":{"@context":"https:\/\/schema.org","@graph":[{"@type":"WebPage","@id":"https:\/\/www.lasoufflerie.com\/fr\/produit\/hurricane-vase-with-3-feet-fume-verre-recycle-souffle-bouche\/","url":"https:\/\/www.lasoufflerie.com\/fr\/produit\/hurricane-vase-with-3-feet-fume-verre-recycle-souffle-bouche\/","name":"Hurricane Vase with 3 Feet Vert Fum\u00e9 - La Soufflerie- Verre recycl\u00e9 souffl\u00e9 \u00e0 la bouche","isPartOf":{"@id":"https:\/\/www.lasoufflerie.com\/fr\/#website"},"primaryImageOfPage":{"@id":"https:\/\/www.lasoufflerie.com\/fr\/produit\/hurricane-vase-with-3-feet-fume-verre-recycle-souffle-bouche\/#primaryimage"},"image":{"@id":"https:\/\/www.lasoufflerie.com\/fr\/produit\/hurricane-vase-with-3-feet-fume-verre-recycle-souffle-bouche\/#primaryimage"},"thumbnailUrl":"https:\/\/www.lasoufflerie.com\/wp-content\/uploads\/2025\/03\/Hurricane-Vase-with-3-Feet-Fume-2-scaled.jpg","datePublished":"2025-03-05T14:19:10+00:00","dateModified":"2026-02-23T13:18:53+00:00","description":"Achetez le Hurricane Vase With 3 Feet Vert Fume. Souffl\u00e9 \u00e0 la bouche \u00e0 partir de verre recycl\u00e9 par nos souffleurs de verre et disponible pour une livraison dans le monde entier.","breadcrumb":{"@id":"https:\/\/www.lasoufflerie.com\/fr\/produit\/hurricane-vase-with-3-feet-fume-verre-recycle-souffle-bouche\/#breadcrumb"},"inLanguage":"fr-FR","potentialAction":[{"@type":"ReadAction","target":["https:\/\/www.lasoufflerie.com\/fr\/produit\/hurricane-vase-with-3-feet-fume-verre-recycle-souffle-bouche\/"]}]},{"@type":"ImageObject","inLanguage":"fr-FR","@id":"https:\/\/www.lasoufflerie.com\/fr\/produit\/hurricane-vase-with-3-feet-fume-verre-recycle-souffle-bouche\/#primaryimage","url":"https:\/\/www.lasoufflerie.com\/wp-content\/uploads\/2025\/03\/Hurricane-Vase-with-3-Feet-Fume-2-scaled.jpg","contentUrl":"https:\/\/www.lasoufflerie.com\/wp-content\/uploads\/2025\/03\/Hurricane-Vase-with-3-Feet-Fume-2-scaled.jpg","width":1920,"height":2560,"caption":"hurricane-vase-with-3-feet-fum\u00e9-fait-main"},{"@type":"BreadcrumbList","@id":"https:\/\/www.lasoufflerie.com\/fr\/produit\/hurricane-vase-with-3-feet-fume-verre-recycle-souffle-bouche\/#breadcrumb","itemListElement":[{"@type":"ListItem","position":1,"name":"Home","item":"https:\/\/www.lasoufflerie.com\/fr\/"},{"@type":"ListItem","position":2,"name":"Shop all","item":"https:\/\/www.lasoufflerie.com\/fr\/boutique\/"},{"@type":"ListItem","position":3,"name":"Hurricane Vase with 3 Feet Vert Fum\u00e9"}]},{"@type":"WebSite","@id":"https:\/\/www.lasoufflerie.com\/fr\/#website","url":"https:\/\/www.lasoufflerie.com\/fr\/","name":"La Soufflerie","description":"Glass blowing craft","publisher":{"@id":"https:\/\/www.lasoufflerie.com\/fr\/#organization"},"potentialAction":[{"@type":"SearchAction","target":{"@type":"EntryPoint","urlTemplate":"https:\/\/www.lasoufflerie.com\/fr\/?s={search_term_string}"},"query-input":{"@type":"PropertyValueSpecification","valueRequired":true,"valueName":"search_term_string"}}],"inLanguage":"fr-FR"},{"@type":"Organization","@id":"https:\/\/www.lasoufflerie.com\/fr\/#organization","name":"La Soufflerie","url":"https:\/\/www.lasoufflerie.com\/fr\/","logo":{"@type":"ImageObject","inLanguage":"fr-FR","@id":"https:\/\/www.lasoufflerie.com\/fr\/#\/schema\/logo\/image\/","url":"https:\/\/www.lasoufflerie.com\/wp-content\/uploads\/2023\/11\/Logo-La-Soufflerie-black.png","contentUrl":"https:\/\/www.lasoufflerie.com\/wp-content\/uploads\/2023\/11\/Logo-La-Soufflerie-black.png","width":2362,"height":2362,"caption":"La Soufflerie"},"image":{"@id":"https:\/\/www.lasoufflerie.com\/fr\/#\/schema\/logo\/image\/"},"sameAs":["https:\/\/facebook.com\/lasoufflerie","https:\/\/x.com\/lasoufflerie","https:\/\/instagram.com\/lasoufflerie","https:\/\/www.linkedin.com\/company\/9327780?trk=tyah&amp;amp;amp;trkInfo=clickedVertical:company,clickedEntityId:9327780,idx:2-1-2,tarId:1458824308330,tas:lasouff","https:\/\/pinterest.com\/lasoufflerie"]}]}},"_links":{"self":[{"href":"https:\/\/www.lasoufflerie.com\/fr\/wp-json\/wp\/v2\/product\/66860","targetHints":{"allow":["GET"]}}],"collection":[{"href":"https:\/\/www.lasoufflerie.com\/fr\/wp-json\/wp\/v2\/product"}],"about":[{"href":"https:\/\/www.lasoufflerie.com\/fr\/wp-json\/wp\/v2\/types\/product"}],"version-history":[{"count":3,"href":"https:\/\/www.lasoufflerie.com\/fr\/wp-json\/wp\/v2\/product\/66860\/revisions"}],"predecessor-version":[{"id":75414,"href":"https:\/\/www.lasoufflerie.com\/fr\/wp-json\/wp\/v2\/product\/66860\/revisions\/75414"}],"wp:featuredmedia":[{"embeddable":true,"href":"https:\/\/www.lasoufflerie.com\/fr\/wp-json\/wp\/v2\/media\/66864"}],"wp:attachment":[{"href":"https:\/\/www.lasoufflerie.com\/fr\/wp-json\/wp\/v2\/media?parent=66860"}],"wp:term":[{"taxonomy":"product_brand","embeddable":true,"href":"https:\/\/www.lasoufflerie.com\/fr\/wp-json\/wp\/v2\/product_brand?post=66860"},{"taxonomy":"product_cat","embeddable":true,"href":"https:\/\/www.lasoufflerie.com\/fr\/wp-json\/wp\/v2\/product_cat?post=66860"},{"taxonomy":"product_tag","embeddable":true,"href":"https:\/\/www.lasoufflerie.com\/fr\/wp-json\/wp\/v2\/product_tag?post=66860"}],"curies":[{"name":"wp","href":"https:\/\/api.w.org\/{rel}","templated":true}]}}