{"id":69459,"date":"2025-06-19T17:31:30","date_gmt":"2025-06-19T15:31:30","guid":{"rendered":"https:\/\/www.lasoufflerie.com\/?post_type=product&#038;p=69459"},"modified":"2025-10-08T16:28:09","modified_gmt":"2025-10-08T14:28:09","slug":"assiette-taureau-vaisselle-fait-main","status":"publish","type":"product","link":"https:\/\/www.lasoufflerie.com\/fr\/produit\/assiette-taureau-vaisselle-fait-main\/","title":{"rendered":"Assiette Taureau"},"content":{"rendered":"<p>L\u2019<strong>Assiette Taureau <\/strong>est une assiette en terre cuite fa\u00e7onn\u00e9e \u00e0 la main par nos artisans experts. Avec sa texture naturelle et son charme artisanal, elle \u00e9voque des tabl\u00e9es baign\u00e9es de soleil et des champs d\u2019oliviers. Parfaite pour servir des mezz\u00e9s, des salades fra\u00eeches ou une d\u00e9licieuse part de baklava, elle transforme chaque repas en v\u00e9ritable festin m\u00e9diterran\u00e9en.<br \/>\nChaque Assiette Taureau est une pi\u00e8ce unique, c\u00e9l\u00e9brant l\u2019art de la tradition artisanale \u2014 aucune n\u2019est exactement identique \u00e0 une autre. Que vous receviez des amis pour un d\u00eener anim\u00e9 ou que vous savouriez un moment de calme avec un verre de vin, ce tr\u00e9sor en terre cuite apporte une touche d\u2019\u00e9l\u00e9gance hell\u00e9nique \u00e0 votre table.<\/p>\n<p><strong>Cette pi\u00e8ce est r\u00e9sistante \u00e0 l&rsquo;eau.<\/strong><\/p>\n","protected":false},"excerpt":{"rendered":"<p>L\u2019Assiette Taureau est une assiette en terre cuite fa\u00e7onn\u00e9e \u00e0 la main par nos artisans experts. Avec sa texture naturelle et son charme artisanal, elle \u00e9voque des tabl\u00e9es baign\u00e9es de soleil et des champs d\u2019oliviers. Parfaite pour servir des mezz\u00e9s, des salades fra\u00eeches ou une d\u00e9licieuse part de baklava, elle transforme chaque repas en v\u00e9ritable [&hellip;]<\/p>\n","protected":false},"featured_media":69218,"template":"","meta":{"_acf_changed":false},"product_brand":[],"product_cat":[1312,1623,1630,1314,1311],"product_tag":[],"class_list":{"0":"post-69459","1":"product","2":"type-product","3":"status-publish","4":"has-post-thumbnail","6":"product_cat-assiettes","7":"product_cat-la-boutique","8":"product_cat-terre-cuites","9":"product_cat-platres-terre-cuites","10":"product_cat-vaisselle","11":"product_shipping_class-medium-product-fr","12":"pa_colour-blanc","13":"pa_made-of-terre-cuite","14":"pa_size-medium-fr","16":"first","17":"instock","18":"taxable","19":"shipping-taxable","20":"purchasable","21":"product-type-simple"},"acf":[],"yoast_head":"<!-- This site is optimized with the Yoast SEO plugin v27.3 - https:\/\/yoast.com\/product\/yoast-seo-wordpress\/ -->\n<title>Assiette Taureau - La Soufflerie - Fait main avec de la terre cuite<\/title>\n<meta name=\"description\" content=\"Achetez l&#039;Assiette Taureau de La Soufflerie. Fabriqu\u00e9 \u00e0 la main en terre cuite par nos artisans experts et disponible pour une exp\u00e9dition dans le monde entier.\" \/>\n<meta name=\"robots\" content=\"index, follow, max-snippet:-1, max-image-preview:large, max-video-preview:-1\" \/>\n<link rel=\"canonical\" href=\"https:\/\/www.lasoufflerie.com\/fr\/produit\/assiette-taureau-vaisselle-fait-main\/\" \/>\n<meta property=\"og:locale\" content=\"fr_FR\" \/>\n<meta property=\"og:type\" content=\"article\" \/>\n<meta property=\"og:title\" content=\"Assiette Taureau - La Soufflerie - Fait main avec de la terre cuite\" \/>\n<meta property=\"og:description\" content=\"Achetez l&#039;Assiette Taureau de La Soufflerie. Fabriqu\u00e9 \u00e0 la main en terre cuite par nos artisans experts et disponible pour une exp\u00e9dition dans le monde entier.\" \/>\n<meta property=\"og:url\" content=\"https:\/\/www.lasoufflerie.com\/fr\/produit\/assiette-taureau-vaisselle-fait-main\/\" \/>\n<meta property=\"og:site_name\" content=\"La Soufflerie\" \/>\n<meta property=\"article:publisher\" content=\"https:\/\/facebook.com\/lasoufflerie\" \/>\n<meta property=\"article:modified_time\" content=\"2025-10-08T14:28:09+00:00\" \/>\n<meta property=\"og:image\" content=\"https:\/\/www.lasoufflerie.com\/wp-content\/uploads\/2025\/06\/Assiette-Taureau-2-scaled.jpg\" \/>\n\t<meta property=\"og:image:width\" content=\"1920\" \/>\n\t<meta property=\"og:image:height\" content=\"2560\" \/>\n\t<meta property=\"og:image:type\" content=\"image\/jpeg\" \/>\n<meta name=\"twitter:card\" content=\"summary_large_image\" \/>\n<meta name=\"twitter:site\" content=\"@lasoufflerie\" \/>\n<meta name=\"twitter:label1\" content=\"Dur\u00e9e de lecture estim\u00e9e\" \/>\n\t<meta name=\"twitter:data1\" content=\"1 minute\" \/>\n<script type=\"application\/ld+json\" class=\"yoast-schema-graph\">{\"@context\":\"https:\\\/\\\/schema.org\",\"@graph\":[{\"@type\":\"WebPage\",\"@id\":\"https:\\\/\\\/www.lasoufflerie.com\\\/fr\\\/produit\\\/assiette-taureau-vaisselle-fait-main\\\/\",\"url\":\"https:\\\/\\\/www.lasoufflerie.com\\\/fr\\\/produit\\\/assiette-taureau-vaisselle-fait-main\\\/\",\"name\":\"Assiette Taureau - La Soufflerie - Fait main avec de la terre cuite\",\"isPartOf\":{\"@id\":\"https:\\\/\\\/www.lasoufflerie.com\\\/fr\\\/#website\"},\"primaryImageOfPage\":{\"@id\":\"https:\\\/\\\/www.lasoufflerie.com\\\/fr\\\/produit\\\/assiette-taureau-vaisselle-fait-main\\\/#primaryimage\"},\"image\":{\"@id\":\"https:\\\/\\\/www.lasoufflerie.com\\\/fr\\\/produit\\\/assiette-taureau-vaisselle-fait-main\\\/#primaryimage\"},\"thumbnailUrl\":\"https:\\\/\\\/www.lasoufflerie.com\\\/wp-content\\\/uploads\\\/2025\\\/06\\\/Assiette-Taureau-2-scaled.jpg\",\"datePublished\":\"2025-06-19T15:31:30+00:00\",\"dateModified\":\"2025-10-08T14:28:09+00:00\",\"description\":\"Achetez l'Assiette Taureau de La Soufflerie. Fabriqu\u00e9 \u00e0 la main en terre cuite par nos artisans experts et disponible pour une exp\u00e9dition dans le monde entier.\",\"breadcrumb\":{\"@id\":\"https:\\\/\\\/www.lasoufflerie.com\\\/fr\\\/produit\\\/assiette-taureau-vaisselle-fait-main\\\/#breadcrumb\"},\"inLanguage\":\"fr-FR\",\"potentialAction\":[{\"@type\":\"ReadAction\",\"target\":[\"https:\\\/\\\/www.lasoufflerie.com\\\/fr\\\/produit\\\/assiette-taureau-vaisselle-fait-main\\\/\"]}]},{\"@type\":\"ImageObject\",\"inLanguage\":\"fr-FR\",\"@id\":\"https:\\\/\\\/www.lasoufflerie.com\\\/fr\\\/produit\\\/assiette-taureau-vaisselle-fait-main\\\/#primaryimage\",\"url\":\"https:\\\/\\\/www.lasoufflerie.com\\\/wp-content\\\/uploads\\\/2025\\\/06\\\/Assiette-Taureau-2-scaled.jpg\",\"contentUrl\":\"https:\\\/\\\/www.lasoufflerie.com\\\/wp-content\\\/uploads\\\/2025\\\/06\\\/Assiette-Taureau-2-scaled.jpg\",\"width\":1920,\"height\":2560,\"caption\":\"assiette-taureau-assiette-vaisselle-fait-main-terre-cuite\"},{\"@type\":\"BreadcrumbList\",\"@id\":\"https:\\\/\\\/www.lasoufflerie.com\\\/fr\\\/produit\\\/assiette-taureau-vaisselle-fait-main\\\/#breadcrumb\",\"itemListElement\":[{\"@type\":\"ListItem\",\"position\":1,\"name\":\"Home\",\"item\":\"https:\\\/\\\/www.lasoufflerie.com\\\/fr\\\/\"},{\"@type\":\"ListItem\",\"position\":2,\"name\":\"Shop all\",\"item\":\"https:\\\/\\\/www.lasoufflerie.com\\\/fr\\\/boutique\\\/\"},{\"@type\":\"ListItem\",\"position\":3,\"name\":\"Assiette Taureau\"}]},{\"@type\":\"WebSite\",\"@id\":\"https:\\\/\\\/www.lasoufflerie.com\\\/fr\\\/#website\",\"url\":\"https:\\\/\\\/www.lasoufflerie.com\\\/fr\\\/\",\"name\":\"La Soufflerie\",\"description\":\"Glass blowing craft\",\"publisher\":{\"@id\":\"https:\\\/\\\/www.lasoufflerie.com\\\/fr\\\/#organization\"},\"potentialAction\":[{\"@type\":\"SearchAction\",\"target\":{\"@type\":\"EntryPoint\",\"urlTemplate\":\"https:\\\/\\\/www.lasoufflerie.com\\\/fr\\\/?s={search_term_string}\"},\"query-input\":{\"@type\":\"PropertyValueSpecification\",\"valueRequired\":true,\"valueName\":\"search_term_string\"}}],\"inLanguage\":\"fr-FR\"},{\"@type\":\"Organization\",\"@id\":\"https:\\\/\\\/www.lasoufflerie.com\\\/fr\\\/#organization\",\"name\":\"La Soufflerie\",\"url\":\"https:\\\/\\\/www.lasoufflerie.com\\\/fr\\\/\",\"logo\":{\"@type\":\"ImageObject\",\"inLanguage\":\"fr-FR\",\"@id\":\"https:\\\/\\\/www.lasoufflerie.com\\\/fr\\\/#\\\/schema\\\/logo\\\/image\\\/\",\"url\":\"https:\\\/\\\/www.lasoufflerie.com\\\/wp-content\\\/uploads\\\/2023\\\/11\\\/Logo-La-Soufflerie-black.png\",\"contentUrl\":\"https:\\\/\\\/www.lasoufflerie.com\\\/wp-content\\\/uploads\\\/2023\\\/11\\\/Logo-La-Soufflerie-black.png\",\"width\":2362,\"height\":2362,\"caption\":\"La Soufflerie\"},\"image\":{\"@id\":\"https:\\\/\\\/www.lasoufflerie.com\\\/fr\\\/#\\\/schema\\\/logo\\\/image\\\/\"},\"sameAs\":[\"https:\\\/\\\/facebook.com\\\/lasoufflerie\",\"https:\\\/\\\/x.com\\\/lasoufflerie\",\"https:\\\/\\\/instagram.com\\\/lasoufflerie\",\"https:\\\/\\\/www.linkedin.com\\\/company\\\/9327780?trk=tyah&amp;amp;amp;trkInfo=clickedVertical:company,clickedEntityId:9327780,idx:2-1-2,tarId:1458824308330,tas:lasouff\",\"https:\\\/\\\/pinterest.com\\\/lasoufflerie\"]}]}<\/script>\n<!-- \/ Yoast SEO plugin. -->","yoast_head_json":{"title":"Assiette Taureau - La Soufflerie - Fait main avec de la terre cuite","description":"Achetez l'Assiette Taureau de La Soufflerie. Fabriqu\u00e9 \u00e0 la main en terre cuite par nos artisans experts et disponible pour une exp\u00e9dition dans le monde entier.","robots":{"index":"index","follow":"follow","max-snippet":"max-snippet:-1","max-image-preview":"max-image-preview:large","max-video-preview":"max-video-preview:-1"},"canonical":"https:\/\/www.lasoufflerie.com\/fr\/produit\/assiette-taureau-vaisselle-fait-main\/","og_locale":"fr_FR","og_type":"article","og_title":"Assiette Taureau - La Soufflerie - Fait main avec de la terre cuite","og_description":"Achetez l'Assiette Taureau de La Soufflerie. Fabriqu\u00e9 \u00e0 la main en terre cuite par nos artisans experts et disponible pour une exp\u00e9dition dans le monde entier.","og_url":"https:\/\/www.lasoufflerie.com\/fr\/produit\/assiette-taureau-vaisselle-fait-main\/","og_site_name":"La Soufflerie","article_publisher":"https:\/\/facebook.com\/lasoufflerie","article_modified_time":"2025-10-08T14:28:09+00:00","og_image":[{"width":1920,"height":2560,"url":"https:\/\/www.lasoufflerie.com\/wp-content\/uploads\/2025\/06\/Assiette-Taureau-2-scaled.jpg","type":"image\/jpeg"}],"twitter_card":"summary_large_image","twitter_site":"@lasoufflerie","twitter_misc":{"Dur\u00e9e de lecture estim\u00e9e":"1 minute"},"schema":{"@context":"https:\/\/schema.org","@graph":[{"@type":"WebPage","@id":"https:\/\/www.lasoufflerie.com\/fr\/produit\/assiette-taureau-vaisselle-fait-main\/","url":"https:\/\/www.lasoufflerie.com\/fr\/produit\/assiette-taureau-vaisselle-fait-main\/","name":"Assiette Taureau - La Soufflerie - Fait main avec de la terre cuite","isPartOf":{"@id":"https:\/\/www.lasoufflerie.com\/fr\/#website"},"primaryImageOfPage":{"@id":"https:\/\/www.lasoufflerie.com\/fr\/produit\/assiette-taureau-vaisselle-fait-main\/#primaryimage"},"image":{"@id":"https:\/\/www.lasoufflerie.com\/fr\/produit\/assiette-taureau-vaisselle-fait-main\/#primaryimage"},"thumbnailUrl":"https:\/\/www.lasoufflerie.com\/wp-content\/uploads\/2025\/06\/Assiette-Taureau-2-scaled.jpg","datePublished":"2025-06-19T15:31:30+00:00","dateModified":"2025-10-08T14:28:09+00:00","description":"Achetez l'Assiette Taureau de La Soufflerie. Fabriqu\u00e9 \u00e0 la main en terre cuite par nos artisans experts et disponible pour une exp\u00e9dition dans le monde entier.","breadcrumb":{"@id":"https:\/\/www.lasoufflerie.com\/fr\/produit\/assiette-taureau-vaisselle-fait-main\/#breadcrumb"},"inLanguage":"fr-FR","potentialAction":[{"@type":"ReadAction","target":["https:\/\/www.lasoufflerie.com\/fr\/produit\/assiette-taureau-vaisselle-fait-main\/"]}]},{"@type":"ImageObject","inLanguage":"fr-FR","@id":"https:\/\/www.lasoufflerie.com\/fr\/produit\/assiette-taureau-vaisselle-fait-main\/#primaryimage","url":"https:\/\/www.lasoufflerie.com\/wp-content\/uploads\/2025\/06\/Assiette-Taureau-2-scaled.jpg","contentUrl":"https:\/\/www.lasoufflerie.com\/wp-content\/uploads\/2025\/06\/Assiette-Taureau-2-scaled.jpg","width":1920,"height":2560,"caption":"assiette-taureau-assiette-vaisselle-fait-main-terre-cuite"},{"@type":"BreadcrumbList","@id":"https:\/\/www.lasoufflerie.com\/fr\/produit\/assiette-taureau-vaisselle-fait-main\/#breadcrumb","itemListElement":[{"@type":"ListItem","position":1,"name":"Home","item":"https:\/\/www.lasoufflerie.com\/fr\/"},{"@type":"ListItem","position":2,"name":"Shop all","item":"https:\/\/www.lasoufflerie.com\/fr\/boutique\/"},{"@type":"ListItem","position":3,"name":"Assiette Taureau"}]},{"@type":"WebSite","@id":"https:\/\/www.lasoufflerie.com\/fr\/#website","url":"https:\/\/www.lasoufflerie.com\/fr\/","name":"La Soufflerie","description":"Glass blowing craft","publisher":{"@id":"https:\/\/www.lasoufflerie.com\/fr\/#organization"},"potentialAction":[{"@type":"SearchAction","target":{"@type":"EntryPoint","urlTemplate":"https:\/\/www.lasoufflerie.com\/fr\/?s={search_term_string}"},"query-input":{"@type":"PropertyValueSpecification","valueRequired":true,"valueName":"search_term_string"}}],"inLanguage":"fr-FR"},{"@type":"Organization","@id":"https:\/\/www.lasoufflerie.com\/fr\/#organization","name":"La Soufflerie","url":"https:\/\/www.lasoufflerie.com\/fr\/","logo":{"@type":"ImageObject","inLanguage":"fr-FR","@id":"https:\/\/www.lasoufflerie.com\/fr\/#\/schema\/logo\/image\/","url":"https:\/\/www.lasoufflerie.com\/wp-content\/uploads\/2023\/11\/Logo-La-Soufflerie-black.png","contentUrl":"https:\/\/www.lasoufflerie.com\/wp-content\/uploads\/2023\/11\/Logo-La-Soufflerie-black.png","width":2362,"height":2362,"caption":"La Soufflerie"},"image":{"@id":"https:\/\/www.lasoufflerie.com\/fr\/#\/schema\/logo\/image\/"},"sameAs":["https:\/\/facebook.com\/lasoufflerie","https:\/\/x.com\/lasoufflerie","https:\/\/instagram.com\/lasoufflerie","https:\/\/www.linkedin.com\/company\/9327780?trk=tyah&amp;amp;amp;trkInfo=clickedVertical:company,clickedEntityId:9327780,idx:2-1-2,tarId:1458824308330,tas:lasouff","https:\/\/pinterest.com\/lasoufflerie"]}]}},"_links":{"self":[{"href":"https:\/\/www.lasoufflerie.com\/fr\/wp-json\/wp\/v2\/product\/69459","targetHints":{"allow":["GET"]}}],"collection":[{"href":"https:\/\/www.lasoufflerie.com\/fr\/wp-json\/wp\/v2\/product"}],"about":[{"href":"https:\/\/www.lasoufflerie.com\/fr\/wp-json\/wp\/v2\/types\/product"}],"version-history":[{"count":3,"href":"https:\/\/www.lasoufflerie.com\/fr\/wp-json\/wp\/v2\/product\/69459\/revisions"}],"predecessor-version":[{"id":71376,"href":"https:\/\/www.lasoufflerie.com\/fr\/wp-json\/wp\/v2\/product\/69459\/revisions\/71376"}],"wp:featuredmedia":[{"embeddable":true,"href":"https:\/\/www.lasoufflerie.com\/fr\/wp-json\/wp\/v2\/media\/69218"}],"wp:attachment":[{"href":"https:\/\/www.lasoufflerie.com\/fr\/wp-json\/wp\/v2\/media?parent=69459"}],"wp:term":[{"taxonomy":"product_brand","embeddable":true,"href":"https:\/\/www.lasoufflerie.com\/fr\/wp-json\/wp\/v2\/product_brand?post=69459"},{"taxonomy":"product_cat","embeddable":true,"href":"https:\/\/www.lasoufflerie.com\/fr\/wp-json\/wp\/v2\/product_cat?post=69459"},{"taxonomy":"product_tag","embeddable":true,"href":"https:\/\/www.lasoufflerie.com\/fr\/wp-json\/wp\/v2\/product_tag?post=69459"}],"curies":[{"name":"wp","href":"https:\/\/api.w.org\/{rel}","templated":true}]}}