{"id":69472,"date":"2025-09-02T14:30:08","date_gmt":"2025-09-02T12:30:08","guid":{"rendered":"https:\/\/www.lasoufflerie.com\/?post_type=product&#038;p=69472"},"modified":"2026-02-23T11:18:07","modified_gmt":"2026-02-23T10:18:07","slug":"tapas-assiette-vaisselle-faite-main-verre-recycle","status":"publish","type":"product","link":"https:\/\/www.lasoufflerie.com\/fr\/produit\/tapas-assiette-vaisselle-faite-main-verre-recycle\/","title":{"rendered":"Tapas"},"content":{"rendered":"<p>Souffl\u00e9e \u00e0 la main \u00e0 partir de verre recycl\u00e9, l&rsquo;assiette <strong>Tapas<\/strong> est une pi\u00e8ce polyvalente con\u00e7ue pour une \u00e9l\u00e9gance au quotidien. Avec son pied discret et ses proportions d\u00e9licates, elle apporte une touche de raffinement \u00e0 tout d\u00e9cor. <\/p>\n<p>Servez-la pour servir des fruits frais, exposer votre savon pr\u00e9f\u00e9r\u00e9 dans la salle de bain ou poser une grande bougie sur votre table de chevet. Quelle que soit sa fonction, cette petite assiette Tapas la remplit avec charme. <\/p>\n<p>Comme toutes nos pi\u00e8ces, elle est fabriqu\u00e9e \u00e0 la main \u2014 chacune \u00e9tant unique avec les l\u00e9g\u00e8res variations qui rendent le verre souffl\u00e9 si sp\u00e9cial.<\/p>\n","protected":false},"excerpt":{"rendered":"<p>Souffl\u00e9e \u00e0 la main \u00e0 partir de verre recycl\u00e9, l&rsquo;assiette Tapas est une pi\u00e8ce polyvalente con\u00e7ue pour une \u00e9l\u00e9gance au quotidien. Avec son pied discret et ses proportions d\u00e9licates, elle apporte une touche de raffinement \u00e0 tout d\u00e9cor. Servez-la pour servir des fruits frais, exposer votre savon pr\u00e9f\u00e9r\u00e9 dans la salle de bain ou poser [&hellip;]<\/p>\n","protected":false},"featured_media":69190,"template":"","meta":{"_acf_changed":false},"product_brand":[],"product_cat":[1312,1623,1311],"product_tag":[],"class_list":{"0":"post-69472","1":"product","2":"type-product","3":"status-publish","4":"has-post-thumbnail","6":"product_cat-assiettes","7":"product_cat-la-boutique","8":"product_cat-vaisselle","9":"product_shipping_class-medium-product-fr","10":"pa_colour-transparent-fr","11":"pa_made-of-glass-fr","12":"pa_size-petit","14":"first","15":"outofstock","16":"taxable","17":"shipping-taxable","18":"purchasable","19":"product-type-simple"},"acf":[],"yoast_head":"<!-- This site is optimized with the Yoast SEO plugin v27.3 - https:\/\/yoast.com\/product\/yoast-seo-wordpress\/ -->\n<title>Tapas - La Soufflerie- Verre recycl\u00e9 souffl\u00e9 \u00e0 la bouche<\/title>\n<meta name=\"description\" content=\"D\u00e9couvrez l&#039;assiette \u00e0 tapas de La Soufflerie. Fabriqu\u00e9e en verre recycl\u00e9 souffl\u00e9 \u00e0 la bouche par nos artisans verriers, elle est disponible pour une livraison dans le monde entier.\" \/>\n<meta name=\"robots\" content=\"index, follow, max-snippet:-1, max-image-preview:large, max-video-preview:-1\" \/>\n<link rel=\"canonical\" href=\"https:\/\/www.lasoufflerie.com\/fr\/produit\/tapas-assiette-vaisselle-faite-main-verre-recycle\/\" \/>\n<meta property=\"og:locale\" content=\"fr_FR\" \/>\n<meta property=\"og:type\" content=\"article\" \/>\n<meta property=\"og:title\" content=\"Tapas - La Soufflerie- Verre recycl\u00e9 souffl\u00e9 \u00e0 la bouche\" \/>\n<meta property=\"og:description\" content=\"D\u00e9couvrez l&#039;assiette \u00e0 tapas de La Soufflerie. Fabriqu\u00e9e en verre recycl\u00e9 souffl\u00e9 \u00e0 la bouche par nos artisans verriers, elle est disponible pour une livraison dans le monde entier.\" \/>\n<meta property=\"og:url\" content=\"https:\/\/www.lasoufflerie.com\/fr\/produit\/tapas-assiette-vaisselle-faite-main-verre-recycle\/\" \/>\n<meta property=\"og:site_name\" content=\"La Soufflerie\" \/>\n<meta property=\"article:publisher\" content=\"https:\/\/facebook.com\/lasoufflerie\" \/>\n<meta property=\"article:modified_time\" content=\"2026-02-23T10:18:07+00:00\" \/>\n<meta property=\"og:image\" content=\"https:\/\/www.lasoufflerie.com\/wp-content\/uploads\/2025\/06\/Tapas-2-scaled.jpg\" \/>\n\t<meta property=\"og:image:width\" content=\"1920\" \/>\n\t<meta property=\"og:image:height\" content=\"2560\" \/>\n\t<meta property=\"og:image:type\" content=\"image\/jpeg\" \/>\n<meta name=\"twitter:card\" content=\"summary_large_image\" \/>\n<meta name=\"twitter:site\" content=\"@lasoufflerie\" \/>\n<meta name=\"twitter:label1\" content=\"Dur\u00e9e de lecture estim\u00e9e\" \/>\n\t<meta name=\"twitter:data1\" content=\"1 minute\" \/>\n<script type=\"application\/ld+json\" class=\"yoast-schema-graph\">{\"@context\":\"https:\\\/\\\/schema.org\",\"@graph\":[{\"@type\":\"WebPage\",\"@id\":\"https:\\\/\\\/www.lasoufflerie.com\\\/fr\\\/produit\\\/tapas-assiette-vaisselle-faite-main-verre-recycle\\\/\",\"url\":\"https:\\\/\\\/www.lasoufflerie.com\\\/fr\\\/produit\\\/tapas-assiette-vaisselle-faite-main-verre-recycle\\\/\",\"name\":\"Tapas - La Soufflerie- Verre recycl\u00e9 souffl\u00e9 \u00e0 la bouche\",\"isPartOf\":{\"@id\":\"https:\\\/\\\/www.lasoufflerie.com\\\/fr\\\/#website\"},\"primaryImageOfPage\":{\"@id\":\"https:\\\/\\\/www.lasoufflerie.com\\\/fr\\\/produit\\\/tapas-assiette-vaisselle-faite-main-verre-recycle\\\/#primaryimage\"},\"image\":{\"@id\":\"https:\\\/\\\/www.lasoufflerie.com\\\/fr\\\/produit\\\/tapas-assiette-vaisselle-faite-main-verre-recycle\\\/#primaryimage\"},\"thumbnailUrl\":\"https:\\\/\\\/www.lasoufflerie.com\\\/wp-content\\\/uploads\\\/2025\\\/06\\\/Tapas-2-scaled.jpg\",\"datePublished\":\"2025-09-02T12:30:08+00:00\",\"dateModified\":\"2026-02-23T10:18:07+00:00\",\"description\":\"D\u00e9couvrez l'assiette \u00e0 tapas de La Soufflerie. Fabriqu\u00e9e en verre recycl\u00e9 souffl\u00e9 \u00e0 la bouche par nos artisans verriers, elle est disponible pour une livraison dans le monde entier.\",\"breadcrumb\":{\"@id\":\"https:\\\/\\\/www.lasoufflerie.com\\\/fr\\\/produit\\\/tapas-assiette-vaisselle-faite-main-verre-recycle\\\/#breadcrumb\"},\"inLanguage\":\"fr-FR\",\"potentialAction\":[{\"@type\":\"ReadAction\",\"target\":[\"https:\\\/\\\/www.lasoufflerie.com\\\/fr\\\/produit\\\/tapas-assiette-vaisselle-faite-main-verre-recycle\\\/\"]}]},{\"@type\":\"ImageObject\",\"inLanguage\":\"fr-FR\",\"@id\":\"https:\\\/\\\/www.lasoufflerie.com\\\/fr\\\/produit\\\/tapas-assiette-vaisselle-faite-main-verre-recycle\\\/#primaryimage\",\"url\":\"https:\\\/\\\/www.lasoufflerie.com\\\/wp-content\\\/uploads\\\/2025\\\/06\\\/Tapas-2-scaled.jpg\",\"contentUrl\":\"https:\\\/\\\/www.lasoufflerie.com\\\/wp-content\\\/uploads\\\/2025\\\/06\\\/Tapas-2-scaled.jpg\",\"width\":1920,\"height\":2560,\"caption\":\"tapas-transparent-assiette-vaisselle-verre-recycle-souffle-bouche\"},{\"@type\":\"BreadcrumbList\",\"@id\":\"https:\\\/\\\/www.lasoufflerie.com\\\/fr\\\/produit\\\/tapas-assiette-vaisselle-faite-main-verre-recycle\\\/#breadcrumb\",\"itemListElement\":[{\"@type\":\"ListItem\",\"position\":1,\"name\":\"Home\",\"item\":\"https:\\\/\\\/www.lasoufflerie.com\\\/fr\\\/\"},{\"@type\":\"ListItem\",\"position\":2,\"name\":\"Shop all\",\"item\":\"https:\\\/\\\/www.lasoufflerie.com\\\/fr\\\/boutique\\\/\"},{\"@type\":\"ListItem\",\"position\":3,\"name\":\"Tapas\"}]},{\"@type\":\"WebSite\",\"@id\":\"https:\\\/\\\/www.lasoufflerie.com\\\/fr\\\/#website\",\"url\":\"https:\\\/\\\/www.lasoufflerie.com\\\/fr\\\/\",\"name\":\"La Soufflerie\",\"description\":\"Glass blowing craft\",\"publisher\":{\"@id\":\"https:\\\/\\\/www.lasoufflerie.com\\\/fr\\\/#organization\"},\"potentialAction\":[{\"@type\":\"SearchAction\",\"target\":{\"@type\":\"EntryPoint\",\"urlTemplate\":\"https:\\\/\\\/www.lasoufflerie.com\\\/fr\\\/?s={search_term_string}\"},\"query-input\":{\"@type\":\"PropertyValueSpecification\",\"valueRequired\":true,\"valueName\":\"search_term_string\"}}],\"inLanguage\":\"fr-FR\"},{\"@type\":\"Organization\",\"@id\":\"https:\\\/\\\/www.lasoufflerie.com\\\/fr\\\/#organization\",\"name\":\"La Soufflerie\",\"url\":\"https:\\\/\\\/www.lasoufflerie.com\\\/fr\\\/\",\"logo\":{\"@type\":\"ImageObject\",\"inLanguage\":\"fr-FR\",\"@id\":\"https:\\\/\\\/www.lasoufflerie.com\\\/fr\\\/#\\\/schema\\\/logo\\\/image\\\/\",\"url\":\"https:\\\/\\\/www.lasoufflerie.com\\\/wp-content\\\/uploads\\\/2023\\\/11\\\/Logo-La-Soufflerie-black.png\",\"contentUrl\":\"https:\\\/\\\/www.lasoufflerie.com\\\/wp-content\\\/uploads\\\/2023\\\/11\\\/Logo-La-Soufflerie-black.png\",\"width\":2362,\"height\":2362,\"caption\":\"La Soufflerie\"},\"image\":{\"@id\":\"https:\\\/\\\/www.lasoufflerie.com\\\/fr\\\/#\\\/schema\\\/logo\\\/image\\\/\"},\"sameAs\":[\"https:\\\/\\\/facebook.com\\\/lasoufflerie\",\"https:\\\/\\\/x.com\\\/lasoufflerie\",\"https:\\\/\\\/instagram.com\\\/lasoufflerie\",\"https:\\\/\\\/www.linkedin.com\\\/company\\\/9327780?trk=tyah&amp;amp;amp;trkInfo=clickedVertical:company,clickedEntityId:9327780,idx:2-1-2,tarId:1458824308330,tas:lasouff\",\"https:\\\/\\\/pinterest.com\\\/lasoufflerie\"]}]}<\/script>\n<!-- \/ Yoast SEO plugin. -->","yoast_head_json":{"title":"Tapas - La Soufflerie- Verre recycl\u00e9 souffl\u00e9 \u00e0 la bouche","description":"D\u00e9couvrez l'assiette \u00e0 tapas de La Soufflerie. Fabriqu\u00e9e en verre recycl\u00e9 souffl\u00e9 \u00e0 la bouche par nos artisans verriers, elle est disponible pour une livraison dans le monde entier.","robots":{"index":"index","follow":"follow","max-snippet":"max-snippet:-1","max-image-preview":"max-image-preview:large","max-video-preview":"max-video-preview:-1"},"canonical":"https:\/\/www.lasoufflerie.com\/fr\/produit\/tapas-assiette-vaisselle-faite-main-verre-recycle\/","og_locale":"fr_FR","og_type":"article","og_title":"Tapas - La Soufflerie- Verre recycl\u00e9 souffl\u00e9 \u00e0 la bouche","og_description":"D\u00e9couvrez l'assiette \u00e0 tapas de La Soufflerie. Fabriqu\u00e9e en verre recycl\u00e9 souffl\u00e9 \u00e0 la bouche par nos artisans verriers, elle est disponible pour une livraison dans le monde entier.","og_url":"https:\/\/www.lasoufflerie.com\/fr\/produit\/tapas-assiette-vaisselle-faite-main-verre-recycle\/","og_site_name":"La Soufflerie","article_publisher":"https:\/\/facebook.com\/lasoufflerie","article_modified_time":"2026-02-23T10:18:07+00:00","og_image":[{"width":1920,"height":2560,"url":"https:\/\/www.lasoufflerie.com\/wp-content\/uploads\/2025\/06\/Tapas-2-scaled.jpg","type":"image\/jpeg"}],"twitter_card":"summary_large_image","twitter_site":"@lasoufflerie","twitter_misc":{"Dur\u00e9e de lecture estim\u00e9e":"1 minute"},"schema":{"@context":"https:\/\/schema.org","@graph":[{"@type":"WebPage","@id":"https:\/\/www.lasoufflerie.com\/fr\/produit\/tapas-assiette-vaisselle-faite-main-verre-recycle\/","url":"https:\/\/www.lasoufflerie.com\/fr\/produit\/tapas-assiette-vaisselle-faite-main-verre-recycle\/","name":"Tapas - La Soufflerie- Verre recycl\u00e9 souffl\u00e9 \u00e0 la bouche","isPartOf":{"@id":"https:\/\/www.lasoufflerie.com\/fr\/#website"},"primaryImageOfPage":{"@id":"https:\/\/www.lasoufflerie.com\/fr\/produit\/tapas-assiette-vaisselle-faite-main-verre-recycle\/#primaryimage"},"image":{"@id":"https:\/\/www.lasoufflerie.com\/fr\/produit\/tapas-assiette-vaisselle-faite-main-verre-recycle\/#primaryimage"},"thumbnailUrl":"https:\/\/www.lasoufflerie.com\/wp-content\/uploads\/2025\/06\/Tapas-2-scaled.jpg","datePublished":"2025-09-02T12:30:08+00:00","dateModified":"2026-02-23T10:18:07+00:00","description":"D\u00e9couvrez l'assiette \u00e0 tapas de La Soufflerie. Fabriqu\u00e9e en verre recycl\u00e9 souffl\u00e9 \u00e0 la bouche par nos artisans verriers, elle est disponible pour une livraison dans le monde entier.","breadcrumb":{"@id":"https:\/\/www.lasoufflerie.com\/fr\/produit\/tapas-assiette-vaisselle-faite-main-verre-recycle\/#breadcrumb"},"inLanguage":"fr-FR","potentialAction":[{"@type":"ReadAction","target":["https:\/\/www.lasoufflerie.com\/fr\/produit\/tapas-assiette-vaisselle-faite-main-verre-recycle\/"]}]},{"@type":"ImageObject","inLanguage":"fr-FR","@id":"https:\/\/www.lasoufflerie.com\/fr\/produit\/tapas-assiette-vaisselle-faite-main-verre-recycle\/#primaryimage","url":"https:\/\/www.lasoufflerie.com\/wp-content\/uploads\/2025\/06\/Tapas-2-scaled.jpg","contentUrl":"https:\/\/www.lasoufflerie.com\/wp-content\/uploads\/2025\/06\/Tapas-2-scaled.jpg","width":1920,"height":2560,"caption":"tapas-transparent-assiette-vaisselle-verre-recycle-souffle-bouche"},{"@type":"BreadcrumbList","@id":"https:\/\/www.lasoufflerie.com\/fr\/produit\/tapas-assiette-vaisselle-faite-main-verre-recycle\/#breadcrumb","itemListElement":[{"@type":"ListItem","position":1,"name":"Home","item":"https:\/\/www.lasoufflerie.com\/fr\/"},{"@type":"ListItem","position":2,"name":"Shop all","item":"https:\/\/www.lasoufflerie.com\/fr\/boutique\/"},{"@type":"ListItem","position":3,"name":"Tapas"}]},{"@type":"WebSite","@id":"https:\/\/www.lasoufflerie.com\/fr\/#website","url":"https:\/\/www.lasoufflerie.com\/fr\/","name":"La Soufflerie","description":"Glass blowing craft","publisher":{"@id":"https:\/\/www.lasoufflerie.com\/fr\/#organization"},"potentialAction":[{"@type":"SearchAction","target":{"@type":"EntryPoint","urlTemplate":"https:\/\/www.lasoufflerie.com\/fr\/?s={search_term_string}"},"query-input":{"@type":"PropertyValueSpecification","valueRequired":true,"valueName":"search_term_string"}}],"inLanguage":"fr-FR"},{"@type":"Organization","@id":"https:\/\/www.lasoufflerie.com\/fr\/#organization","name":"La Soufflerie","url":"https:\/\/www.lasoufflerie.com\/fr\/","logo":{"@type":"ImageObject","inLanguage":"fr-FR","@id":"https:\/\/www.lasoufflerie.com\/fr\/#\/schema\/logo\/image\/","url":"https:\/\/www.lasoufflerie.com\/wp-content\/uploads\/2023\/11\/Logo-La-Soufflerie-black.png","contentUrl":"https:\/\/www.lasoufflerie.com\/wp-content\/uploads\/2023\/11\/Logo-La-Soufflerie-black.png","width":2362,"height":2362,"caption":"La Soufflerie"},"image":{"@id":"https:\/\/www.lasoufflerie.com\/fr\/#\/schema\/logo\/image\/"},"sameAs":["https:\/\/facebook.com\/lasoufflerie","https:\/\/x.com\/lasoufflerie","https:\/\/instagram.com\/lasoufflerie","https:\/\/www.linkedin.com\/company\/9327780?trk=tyah&amp;amp;amp;trkInfo=clickedVertical:company,clickedEntityId:9327780,idx:2-1-2,tarId:1458824308330,tas:lasouff","https:\/\/pinterest.com\/lasoufflerie"]}]}},"_links":{"self":[{"href":"https:\/\/www.lasoufflerie.com\/fr\/wp-json\/wp\/v2\/product\/69472","targetHints":{"allow":["GET"]}}],"collection":[{"href":"https:\/\/www.lasoufflerie.com\/fr\/wp-json\/wp\/v2\/product"}],"about":[{"href":"https:\/\/www.lasoufflerie.com\/fr\/wp-json\/wp\/v2\/types\/product"}],"version-history":[{"count":2,"href":"https:\/\/www.lasoufflerie.com\/fr\/wp-json\/wp\/v2\/product\/69472\/revisions"}],"predecessor-version":[{"id":75397,"href":"https:\/\/www.lasoufflerie.com\/fr\/wp-json\/wp\/v2\/product\/69472\/revisions\/75397"}],"wp:featuredmedia":[{"embeddable":true,"href":"https:\/\/www.lasoufflerie.com\/fr\/wp-json\/wp\/v2\/media\/69190"}],"wp:attachment":[{"href":"https:\/\/www.lasoufflerie.com\/fr\/wp-json\/wp\/v2\/media?parent=69472"}],"wp:term":[{"taxonomy":"product_brand","embeddable":true,"href":"https:\/\/www.lasoufflerie.com\/fr\/wp-json\/wp\/v2\/product_brand?post=69472"},{"taxonomy":"product_cat","embeddable":true,"href":"https:\/\/www.lasoufflerie.com\/fr\/wp-json\/wp\/v2\/product_cat?post=69472"},{"taxonomy":"product_tag","embeddable":true,"href":"https:\/\/www.lasoufflerie.com\/fr\/wp-json\/wp\/v2\/product_tag?post=69472"}],"curies":[{"name":"wp","href":"https:\/\/api.w.org\/{rel}","templated":true}]}}