{"id":69481,"date":"2025-09-02T14:30:34","date_gmt":"2025-09-02T12:30:34","guid":{"rendered":"https:\/\/www.lasoufflerie.com\/?post_type=product&#038;p=69481"},"modified":"2026-02-23T11:19:07","modified_gmt":"2026-02-23T10:19:07","slug":"decantador-gordo-carafe-fait-main-verre-recycle","status":"publish","type":"product","link":"https:\/\/www.lasoufflerie.com\/fr\/produit\/decantador-gordo-carafe-fait-main-verre-recycle\/","title":{"rendered":"Decantador Gordo"},"content":{"rendered":"<p data-start=\"178\" data-end=\"291\">Le <strong data-start=\"178\" data-end=\"289\">Decantador Gordo<\/strong> est une carafe en verre souffl\u00e9 \u00e0 la main de forme g\u00e9n\u00e9reuse, con\u00e7ue \u00e0 la fois pour la beaut\u00e9 et la fonction.<\/p>\n<p data-start=\"293\" data-end=\"594\">Fabriqu\u00e9 en verre 100 % recycl\u00e9, sa forme arrondie et g\u00e9n\u00e9reuse \u2013 affectueusement surnomm\u00e9e \u00ab gordo \u00bb pour sa silhouette rebondie \u2013 le rend parfait pour d\u00e9canter le vin et le laisser respirer avant de le servir. Mais sa polyvalence ne s&rsquo;arr\u00eate pas l\u00e0 : il constitue \u00e9galement un charmant r\u00e9cipient pour un bouquet de fleurs fra\u00eeches. <\/p>\n<p data-start=\"596\" data-end=\"729\">Un anneau signature autour du cou ajoute non seulement du caract\u00e8re, mais offre \u00e9galement une prise en main confortable, rendant le versement sans effort et \u00e9l\u00e9gant.<\/p>\n<p data-start=\"731\" data-end=\"897\">Que vous organisiez un d\u00eener ou que vous mettiez simplement la table pour vous-m\u00eame, le Decantador Gordo apporte chaleur, charme artisanal et design intemporel \u00e0 votre maison.<\/p>\n<p data-start=\"899\" data-end=\"1012\">Comme toujours, fabriqu\u00e9 \u00e0 la main avec soin par <strong data-start=\"932\" data-end=\"949\">La Soufflerie<\/strong>. <em data-start=\"953\" data-end=\"1012\">Chaque pi\u00e8ce est unique ; la forme et la couleur peuvent varier l\u00e9g\u00e8rement.<\/em><\/p>\n","protected":false},"excerpt":{"rendered":"<p>Le Decantador Gordo est une carafe en verre souffl\u00e9 \u00e0 la main de forme g\u00e9n\u00e9reuse, con\u00e7ue \u00e0 la fois pour la beaut\u00e9 et la fonction. Fabriqu\u00e9 en verre 100 % recycl\u00e9, sa forme arrondie et g\u00e9n\u00e9reuse \u2013 affectueusement surnomm\u00e9e \u00ab gordo \u00bb pour sa silhouette rebondie \u2013 le rend parfait pour d\u00e9canter le vin et [&hellip;]<\/p>\n","protected":false},"featured_media":69212,"template":"","meta":{"_acf_changed":false},"product_brand":[],"product_cat":[1623,1321,1310,1343,1309],"product_tag":[],"class_list":{"0":"post-69481","1":"product","2":"type-product","3":"status-publish","4":"has-post-thumbnail","6":"product_cat-la-boutique","7":"product_cat-pichets-et-decanteurs","8":"product_cat-verres-carafes","9":"product_cat-vases","10":"product_cat-a-la-maison","11":"product_shipping_class-large-product-fr","12":"pa_colour-transparent-fr","13":"pa_made-of-glass-fr","14":"pa_size-large-fr","16":"first","17":"instock","18":"taxable","19":"shipping-taxable","20":"purchasable","21":"product-type-simple"},"acf":[],"yoast_head":"<!-- This site is optimized with the Yoast SEO plugin v27.3 - https:\/\/yoast.com\/product\/yoast-seo-wordpress\/ -->\n<title>Decantador Gordo - La Soufflerie- Verre recycl\u00e9<\/title>\n<meta name=\"description\" content=\"D\u00e9couvrez la carafe Decantador Gordo de La Soufflerie. Souffl\u00e9e \u00e0 la bouche par nos souffleurs de verre, elle est disponible dans le monde entier.\" \/>\n<meta name=\"robots\" content=\"index, follow, max-snippet:-1, max-image-preview:large, max-video-preview:-1\" \/>\n<link rel=\"canonical\" href=\"https:\/\/www.lasoufflerie.com\/fr\/produit\/decantador-gordo-carafe-fait-main-verre-recycle\/\" \/>\n<meta property=\"og:locale\" content=\"fr_FR\" \/>\n<meta property=\"og:type\" content=\"article\" \/>\n<meta property=\"og:title\" content=\"Decantador Gordo - La Soufflerie- Verre recycl\u00e9\" \/>\n<meta property=\"og:description\" content=\"D\u00e9couvrez la carafe Decantador Gordo de La Soufflerie. Souffl\u00e9e \u00e0 la bouche par nos souffleurs de verre, elle est disponible dans le monde entier.\" \/>\n<meta property=\"og:url\" content=\"https:\/\/www.lasoufflerie.com\/fr\/produit\/decantador-gordo-carafe-fait-main-verre-recycle\/\" \/>\n<meta property=\"og:site_name\" content=\"La Soufflerie\" \/>\n<meta property=\"article:publisher\" content=\"https:\/\/facebook.com\/lasoufflerie\" \/>\n<meta property=\"article:modified_time\" content=\"2026-02-23T10:19:07+00:00\" \/>\n<meta property=\"og:image\" content=\"https:\/\/www.lasoufflerie.com\/wp-content\/uploads\/2025\/06\/Decantador-Gordo-2-scaled.jpg\" \/>\n\t<meta property=\"og:image:width\" content=\"1920\" \/>\n\t<meta property=\"og:image:height\" content=\"2560\" \/>\n\t<meta property=\"og:image:type\" content=\"image\/jpeg\" \/>\n<meta name=\"twitter:card\" content=\"summary_large_image\" \/>\n<meta name=\"twitter:site\" content=\"@lasoufflerie\" \/>\n<meta name=\"twitter:label1\" content=\"Dur\u00e9e de lecture estim\u00e9e\" \/>\n\t<meta name=\"twitter:data1\" content=\"1 minute\" \/>\n<script type=\"application\/ld+json\" class=\"yoast-schema-graph\">{\"@context\":\"https:\\\/\\\/schema.org\",\"@graph\":[{\"@type\":\"WebPage\",\"@id\":\"https:\\\/\\\/www.lasoufflerie.com\\\/fr\\\/produit\\\/decantador-gordo-carafe-fait-main-verre-recycle\\\/\",\"url\":\"https:\\\/\\\/www.lasoufflerie.com\\\/fr\\\/produit\\\/decantador-gordo-carafe-fait-main-verre-recycle\\\/\",\"name\":\"Decantador Gordo - La Soufflerie- Verre recycl\u00e9\",\"isPartOf\":{\"@id\":\"https:\\\/\\\/www.lasoufflerie.com\\\/fr\\\/#website\"},\"primaryImageOfPage\":{\"@id\":\"https:\\\/\\\/www.lasoufflerie.com\\\/fr\\\/produit\\\/decantador-gordo-carafe-fait-main-verre-recycle\\\/#primaryimage\"},\"image\":{\"@id\":\"https:\\\/\\\/www.lasoufflerie.com\\\/fr\\\/produit\\\/decantador-gordo-carafe-fait-main-verre-recycle\\\/#primaryimage\"},\"thumbnailUrl\":\"https:\\\/\\\/www.lasoufflerie.com\\\/wp-content\\\/uploads\\\/2025\\\/06\\\/Decantador-Gordo-2-scaled.jpg\",\"datePublished\":\"2025-09-02T12:30:34+00:00\",\"dateModified\":\"2026-02-23T10:19:07+00:00\",\"description\":\"D\u00e9couvrez la carafe Decantador Gordo de La Soufflerie. Souffl\u00e9e \u00e0 la bouche par nos souffleurs de verre, elle est disponible dans le monde entier.\",\"breadcrumb\":{\"@id\":\"https:\\\/\\\/www.lasoufflerie.com\\\/fr\\\/produit\\\/decantador-gordo-carafe-fait-main-verre-recycle\\\/#breadcrumb\"},\"inLanguage\":\"fr-FR\",\"potentialAction\":[{\"@type\":\"ReadAction\",\"target\":[\"https:\\\/\\\/www.lasoufflerie.com\\\/fr\\\/produit\\\/decantador-gordo-carafe-fait-main-verre-recycle\\\/\"]}]},{\"@type\":\"ImageObject\",\"inLanguage\":\"fr-FR\",\"@id\":\"https:\\\/\\\/www.lasoufflerie.com\\\/fr\\\/produit\\\/decantador-gordo-carafe-fait-main-verre-recycle\\\/#primaryimage\",\"url\":\"https:\\\/\\\/www.lasoufflerie.com\\\/wp-content\\\/uploads\\\/2025\\\/06\\\/Decantador-Gordo-2-scaled.jpg\",\"contentUrl\":\"https:\\\/\\\/www.lasoufflerie.com\\\/wp-content\\\/uploads\\\/2025\\\/06\\\/Decantador-Gordo-2-scaled.jpg\",\"width\":1920,\"height\":2560,\"caption\":\"decantador-gordo-transparent-carafe-fait-main-verre-recycle\"},{\"@type\":\"BreadcrumbList\",\"@id\":\"https:\\\/\\\/www.lasoufflerie.com\\\/fr\\\/produit\\\/decantador-gordo-carafe-fait-main-verre-recycle\\\/#breadcrumb\",\"itemListElement\":[{\"@type\":\"ListItem\",\"position\":1,\"name\":\"Home\",\"item\":\"https:\\\/\\\/www.lasoufflerie.com\\\/fr\\\/\"},{\"@type\":\"ListItem\",\"position\":2,\"name\":\"Shop all\",\"item\":\"https:\\\/\\\/www.lasoufflerie.com\\\/fr\\\/boutique\\\/\"},{\"@type\":\"ListItem\",\"position\":3,\"name\":\"Decantador Gordo\"}]},{\"@type\":\"WebSite\",\"@id\":\"https:\\\/\\\/www.lasoufflerie.com\\\/fr\\\/#website\",\"url\":\"https:\\\/\\\/www.lasoufflerie.com\\\/fr\\\/\",\"name\":\"La Soufflerie\",\"description\":\"Glass blowing craft\",\"publisher\":{\"@id\":\"https:\\\/\\\/www.lasoufflerie.com\\\/fr\\\/#organization\"},\"potentialAction\":[{\"@type\":\"SearchAction\",\"target\":{\"@type\":\"EntryPoint\",\"urlTemplate\":\"https:\\\/\\\/www.lasoufflerie.com\\\/fr\\\/?s={search_term_string}\"},\"query-input\":{\"@type\":\"PropertyValueSpecification\",\"valueRequired\":true,\"valueName\":\"search_term_string\"}}],\"inLanguage\":\"fr-FR\"},{\"@type\":\"Organization\",\"@id\":\"https:\\\/\\\/www.lasoufflerie.com\\\/fr\\\/#organization\",\"name\":\"La Soufflerie\",\"url\":\"https:\\\/\\\/www.lasoufflerie.com\\\/fr\\\/\",\"logo\":{\"@type\":\"ImageObject\",\"inLanguage\":\"fr-FR\",\"@id\":\"https:\\\/\\\/www.lasoufflerie.com\\\/fr\\\/#\\\/schema\\\/logo\\\/image\\\/\",\"url\":\"https:\\\/\\\/www.lasoufflerie.com\\\/wp-content\\\/uploads\\\/2023\\\/11\\\/Logo-La-Soufflerie-black.png\",\"contentUrl\":\"https:\\\/\\\/www.lasoufflerie.com\\\/wp-content\\\/uploads\\\/2023\\\/11\\\/Logo-La-Soufflerie-black.png\",\"width\":2362,\"height\":2362,\"caption\":\"La Soufflerie\"},\"image\":{\"@id\":\"https:\\\/\\\/www.lasoufflerie.com\\\/fr\\\/#\\\/schema\\\/logo\\\/image\\\/\"},\"sameAs\":[\"https:\\\/\\\/facebook.com\\\/lasoufflerie\",\"https:\\\/\\\/x.com\\\/lasoufflerie\",\"https:\\\/\\\/instagram.com\\\/lasoufflerie\",\"https:\\\/\\\/www.linkedin.com\\\/company\\\/9327780?trk=tyah&amp;amp;amp;trkInfo=clickedVertical:company,clickedEntityId:9327780,idx:2-1-2,tarId:1458824308330,tas:lasouff\",\"https:\\\/\\\/pinterest.com\\\/lasoufflerie\"]}]}<\/script>\n<!-- \/ Yoast SEO plugin. -->","yoast_head_json":{"title":"Decantador Gordo - La Soufflerie- Verre recycl\u00e9","description":"D\u00e9couvrez la carafe Decantador Gordo de La Soufflerie. Souffl\u00e9e \u00e0 la bouche par nos souffleurs de verre, elle est disponible dans le monde entier.","robots":{"index":"index","follow":"follow","max-snippet":"max-snippet:-1","max-image-preview":"max-image-preview:large","max-video-preview":"max-video-preview:-1"},"canonical":"https:\/\/www.lasoufflerie.com\/fr\/produit\/decantador-gordo-carafe-fait-main-verre-recycle\/","og_locale":"fr_FR","og_type":"article","og_title":"Decantador Gordo - La Soufflerie- Verre recycl\u00e9","og_description":"D\u00e9couvrez la carafe Decantador Gordo de La Soufflerie. Souffl\u00e9e \u00e0 la bouche par nos souffleurs de verre, elle est disponible dans le monde entier.","og_url":"https:\/\/www.lasoufflerie.com\/fr\/produit\/decantador-gordo-carafe-fait-main-verre-recycle\/","og_site_name":"La Soufflerie","article_publisher":"https:\/\/facebook.com\/lasoufflerie","article_modified_time":"2026-02-23T10:19:07+00:00","og_image":[{"width":1920,"height":2560,"url":"https:\/\/www.lasoufflerie.com\/wp-content\/uploads\/2025\/06\/Decantador-Gordo-2-scaled.jpg","type":"image\/jpeg"}],"twitter_card":"summary_large_image","twitter_site":"@lasoufflerie","twitter_misc":{"Dur\u00e9e de lecture estim\u00e9e":"1 minute"},"schema":{"@context":"https:\/\/schema.org","@graph":[{"@type":"WebPage","@id":"https:\/\/www.lasoufflerie.com\/fr\/produit\/decantador-gordo-carafe-fait-main-verre-recycle\/","url":"https:\/\/www.lasoufflerie.com\/fr\/produit\/decantador-gordo-carafe-fait-main-verre-recycle\/","name":"Decantador Gordo - La Soufflerie- Verre recycl\u00e9","isPartOf":{"@id":"https:\/\/www.lasoufflerie.com\/fr\/#website"},"primaryImageOfPage":{"@id":"https:\/\/www.lasoufflerie.com\/fr\/produit\/decantador-gordo-carafe-fait-main-verre-recycle\/#primaryimage"},"image":{"@id":"https:\/\/www.lasoufflerie.com\/fr\/produit\/decantador-gordo-carafe-fait-main-verre-recycle\/#primaryimage"},"thumbnailUrl":"https:\/\/www.lasoufflerie.com\/wp-content\/uploads\/2025\/06\/Decantador-Gordo-2-scaled.jpg","datePublished":"2025-09-02T12:30:34+00:00","dateModified":"2026-02-23T10:19:07+00:00","description":"D\u00e9couvrez la carafe Decantador Gordo de La Soufflerie. Souffl\u00e9e \u00e0 la bouche par nos souffleurs de verre, elle est disponible dans le monde entier.","breadcrumb":{"@id":"https:\/\/www.lasoufflerie.com\/fr\/produit\/decantador-gordo-carafe-fait-main-verre-recycle\/#breadcrumb"},"inLanguage":"fr-FR","potentialAction":[{"@type":"ReadAction","target":["https:\/\/www.lasoufflerie.com\/fr\/produit\/decantador-gordo-carafe-fait-main-verre-recycle\/"]}]},{"@type":"ImageObject","inLanguage":"fr-FR","@id":"https:\/\/www.lasoufflerie.com\/fr\/produit\/decantador-gordo-carafe-fait-main-verre-recycle\/#primaryimage","url":"https:\/\/www.lasoufflerie.com\/wp-content\/uploads\/2025\/06\/Decantador-Gordo-2-scaled.jpg","contentUrl":"https:\/\/www.lasoufflerie.com\/wp-content\/uploads\/2025\/06\/Decantador-Gordo-2-scaled.jpg","width":1920,"height":2560,"caption":"decantador-gordo-transparent-carafe-fait-main-verre-recycle"},{"@type":"BreadcrumbList","@id":"https:\/\/www.lasoufflerie.com\/fr\/produit\/decantador-gordo-carafe-fait-main-verre-recycle\/#breadcrumb","itemListElement":[{"@type":"ListItem","position":1,"name":"Home","item":"https:\/\/www.lasoufflerie.com\/fr\/"},{"@type":"ListItem","position":2,"name":"Shop all","item":"https:\/\/www.lasoufflerie.com\/fr\/boutique\/"},{"@type":"ListItem","position":3,"name":"Decantador Gordo"}]},{"@type":"WebSite","@id":"https:\/\/www.lasoufflerie.com\/fr\/#website","url":"https:\/\/www.lasoufflerie.com\/fr\/","name":"La Soufflerie","description":"Glass blowing craft","publisher":{"@id":"https:\/\/www.lasoufflerie.com\/fr\/#organization"},"potentialAction":[{"@type":"SearchAction","target":{"@type":"EntryPoint","urlTemplate":"https:\/\/www.lasoufflerie.com\/fr\/?s={search_term_string}"},"query-input":{"@type":"PropertyValueSpecification","valueRequired":true,"valueName":"search_term_string"}}],"inLanguage":"fr-FR"},{"@type":"Organization","@id":"https:\/\/www.lasoufflerie.com\/fr\/#organization","name":"La Soufflerie","url":"https:\/\/www.lasoufflerie.com\/fr\/","logo":{"@type":"ImageObject","inLanguage":"fr-FR","@id":"https:\/\/www.lasoufflerie.com\/fr\/#\/schema\/logo\/image\/","url":"https:\/\/www.lasoufflerie.com\/wp-content\/uploads\/2023\/11\/Logo-La-Soufflerie-black.png","contentUrl":"https:\/\/www.lasoufflerie.com\/wp-content\/uploads\/2023\/11\/Logo-La-Soufflerie-black.png","width":2362,"height":2362,"caption":"La Soufflerie"},"image":{"@id":"https:\/\/www.lasoufflerie.com\/fr\/#\/schema\/logo\/image\/"},"sameAs":["https:\/\/facebook.com\/lasoufflerie","https:\/\/x.com\/lasoufflerie","https:\/\/instagram.com\/lasoufflerie","https:\/\/www.linkedin.com\/company\/9327780?trk=tyah&amp;amp;amp;trkInfo=clickedVertical:company,clickedEntityId:9327780,idx:2-1-2,tarId:1458824308330,tas:lasouff","https:\/\/pinterest.com\/lasoufflerie"]}]}},"_links":{"self":[{"href":"https:\/\/www.lasoufflerie.com\/fr\/wp-json\/wp\/v2\/product\/69481","targetHints":{"allow":["GET"]}}],"collection":[{"href":"https:\/\/www.lasoufflerie.com\/fr\/wp-json\/wp\/v2\/product"}],"about":[{"href":"https:\/\/www.lasoufflerie.com\/fr\/wp-json\/wp\/v2\/types\/product"}],"version-history":[{"count":2,"href":"https:\/\/www.lasoufflerie.com\/fr\/wp-json\/wp\/v2\/product\/69481\/revisions"}],"predecessor-version":[{"id":70605,"href":"https:\/\/www.lasoufflerie.com\/fr\/wp-json\/wp\/v2\/product\/69481\/revisions\/70605"}],"wp:featuredmedia":[{"embeddable":true,"href":"https:\/\/www.lasoufflerie.com\/fr\/wp-json\/wp\/v2\/media\/69212"}],"wp:attachment":[{"href":"https:\/\/www.lasoufflerie.com\/fr\/wp-json\/wp\/v2\/media?parent=69481"}],"wp:term":[{"taxonomy":"product_brand","embeddable":true,"href":"https:\/\/www.lasoufflerie.com\/fr\/wp-json\/wp\/v2\/product_brand?post=69481"},{"taxonomy":"product_cat","embeddable":true,"href":"https:\/\/www.lasoufflerie.com\/fr\/wp-json\/wp\/v2\/product_cat?post=69481"},{"taxonomy":"product_tag","embeddable":true,"href":"https:\/\/www.lasoufflerie.com\/fr\/wp-json\/wp\/v2\/product_tag?post=69481"}],"curies":[{"name":"wp","href":"https:\/\/api.w.org\/{rel}","templated":true}]}}