{"id":72713,"date":"2025-11-20T12:11:36","date_gmt":"2025-11-20T11:11:36","guid":{"rendered":"https:\/\/www.lasoufflerie.com\/?post_type=product&#038;p=72713"},"modified":"2025-11-20T12:11:36","modified_gmt":"2025-11-20T11:11:36","slug":"ice-tea-venezia-transparent-small","status":"publish","type":"product","link":"https:\/\/www.lasoufflerie.com\/fr\/produit\/ice-tea-venezia-transparent-small\/","title":{"rendered":"Ice Tea Venezia Transparent Small"},"content":{"rendered":"<p>The <strong>Ice Tea Venezia Transparent Small<\/strong> Glass was inspired by the Venetian Baroque style. To create the twisted, striated pattern on the glass, a molten glass ball is poured into a mold with points. As the glass begins to cool, it is twisted to create the final design. This method is identical to that used to make the Vino Venezia and Corvina glasses! The Ice Tea Venezia Transparent Small Glass is mouth-blown from recycled glass by our master glassmakers.<\/p>\n","protected":false},"excerpt":{"rendered":"<p>The Ice Tea Venezia Transparent Small Glass was inspired by the Venetian Baroque style. To create the twisted, striated pattern on the glass, a molten glass ball is poured into a mold with points. As the glass begins to cool, it is twisted to create the final design. This method is identical to that used [&hellip;]<\/p>\n","protected":false},"featured_media":73361,"template":"","meta":{"_acf_changed":false},"product_brand":[],"product_cat":[1317,1623,1310],"product_tag":[],"class_list":{"0":"post-72713","1":"product","2":"type-product","3":"status-publish","4":"has-post-thumbnail","6":"product_cat-gobelets-et-verres-a-eau","7":"product_cat-la-boutique","8":"product_cat-verres-carafes","9":"product_shipping_class-small-product-fr","10":"pa_colour-transparent-fr","11":"pa_made-of-glass-fr","12":"pa_size-petit","14":"first","15":"instock","16":"taxable","17":"shipping-taxable","18":"purchasable","19":"product-type-simple"},"acf":[],"yoast_head":"<!-- This site is optimized with the Yoast SEO plugin v27.3 - https:\/\/yoast.com\/product\/yoast-seo-wordpress\/ -->\n<title>Ice Tea Venezia Transparent Small - La Soufflerie - Artisanal recycled glass<\/title>\n<meta name=\"description\" content=\"Souffl\u00e9 \u00e0 la main \u00e0 partir de verre 100 % recycl\u00e9, le verre Ice Tea Venezia Transparent Small est un verre \u00e0 boire artisanal fait main \u2014 \u00e9l\u00e9gant, durable et intemporel.\" \/>\n<meta name=\"robots\" content=\"index, follow, max-snippet:-1, max-image-preview:large, max-video-preview:-1\" \/>\n<link rel=\"canonical\" href=\"https:\/\/www.lasoufflerie.com\/fr\/produit\/ice-tea-venezia-transparent-small\/\" \/>\n<meta property=\"og:locale\" content=\"fr_FR\" \/>\n<meta property=\"og:type\" content=\"article\" \/>\n<meta property=\"og:title\" content=\"Ice Tea Venezia Transparent Small - La Soufflerie - Artisanal recycled glass\" \/>\n<meta property=\"og:description\" content=\"Souffl\u00e9 \u00e0 la main \u00e0 partir de verre 100 % recycl\u00e9, le verre Ice Tea Venezia Transparent Small est un verre \u00e0 boire artisanal fait main \u2014 \u00e9l\u00e9gant, durable et intemporel.\" \/>\n<meta property=\"og:url\" content=\"https:\/\/www.lasoufflerie.com\/fr\/produit\/ice-tea-venezia-transparent-small\/\" \/>\n<meta property=\"og:site_name\" content=\"La Soufflerie\" \/>\n<meta property=\"article:publisher\" content=\"https:\/\/facebook.com\/lasoufflerie\" \/>\n<meta property=\"og:image\" content=\"https:\/\/www.lasoufflerie.com\/wp-content\/uploads\/2023\/12\/2022-ICE-TEA-VENEZIA-TRANSPARENT-PETIT-2-scaled.jpeg\" \/>\n\t<meta property=\"og:image:width\" content=\"1920\" \/>\n\t<meta property=\"og:image:height\" content=\"2560\" \/>\n\t<meta property=\"og:image:type\" content=\"image\/jpeg\" \/>\n<meta name=\"twitter:card\" content=\"summary_large_image\" \/>\n<meta name=\"twitter:site\" content=\"@lasoufflerie\" \/>\n<meta name=\"twitter:label1\" content=\"Dur\u00e9e de lecture estim\u00e9e\" \/>\n\t<meta name=\"twitter:data1\" content=\"1 minute\" \/>\n<script type=\"application\/ld+json\" class=\"yoast-schema-graph\">{\"@context\":\"https:\\\/\\\/schema.org\",\"@graph\":[{\"@type\":\"WebPage\",\"@id\":\"https:\\\/\\\/www.lasoufflerie.com\\\/fr\\\/produit\\\/ice-tea-venezia-transparent-small\\\/\",\"url\":\"https:\\\/\\\/www.lasoufflerie.com\\\/fr\\\/produit\\\/ice-tea-venezia-transparent-small\\\/\",\"name\":\"Ice Tea Venezia Transparent Small - La Soufflerie - Artisanal recycled glass\",\"isPartOf\":{\"@id\":\"https:\\\/\\\/www.lasoufflerie.com\\\/fr\\\/#website\"},\"primaryImageOfPage\":{\"@id\":\"https:\\\/\\\/www.lasoufflerie.com\\\/fr\\\/produit\\\/ice-tea-venezia-transparent-small\\\/#primaryimage\"},\"image\":{\"@id\":\"https:\\\/\\\/www.lasoufflerie.com\\\/fr\\\/produit\\\/ice-tea-venezia-transparent-small\\\/#primaryimage\"},\"thumbnailUrl\":\"https:\\\/\\\/www.lasoufflerie.com\\\/wp-content\\\/uploads\\\/2025\\\/11\\\/ice-tea-venezia-recycled-glass-scaled.jpg\",\"datePublished\":\"2025-11-20T11:11:36+00:00\",\"description\":\"Souffl\u00e9 \u00e0 la main \u00e0 partir de verre 100 % recycl\u00e9, le verre Ice Tea Venezia Transparent Small est un verre \u00e0 boire artisanal fait main \u2014 \u00e9l\u00e9gant, durable et intemporel.\",\"breadcrumb\":{\"@id\":\"https:\\\/\\\/www.lasoufflerie.com\\\/fr\\\/produit\\\/ice-tea-venezia-transparent-small\\\/#breadcrumb\"},\"inLanguage\":\"fr-FR\",\"potentialAction\":[{\"@type\":\"ReadAction\",\"target\":[\"https:\\\/\\\/www.lasoufflerie.com\\\/fr\\\/produit\\\/ice-tea-venezia-transparent-small\\\/\"]}]},{\"@type\":\"ImageObject\",\"inLanguage\":\"fr-FR\",\"@id\":\"https:\\\/\\\/www.lasoufflerie.com\\\/fr\\\/produit\\\/ice-tea-venezia-transparent-small\\\/#primaryimage\",\"url\":\"https:\\\/\\\/www.lasoufflerie.com\\\/wp-content\\\/uploads\\\/2025\\\/11\\\/ice-tea-venezia-recycled-glass-scaled.jpg\",\"contentUrl\":\"https:\\\/\\\/www.lasoufflerie.com\\\/wp-content\\\/uploads\\\/2025\\\/11\\\/ice-tea-venezia-recycled-glass-scaled.jpg\",\"width\":1920,\"height\":2560,\"caption\":\"Handmade using only recycled glass - each piece is unique and artisanal\"},{\"@type\":\"BreadcrumbList\",\"@id\":\"https:\\\/\\\/www.lasoufflerie.com\\\/fr\\\/produit\\\/ice-tea-venezia-transparent-small\\\/#breadcrumb\",\"itemListElement\":[{\"@type\":\"ListItem\",\"position\":1,\"name\":\"Home\",\"item\":\"https:\\\/\\\/www.lasoufflerie.com\\\/fr\\\/\"},{\"@type\":\"ListItem\",\"position\":2,\"name\":\"Shop all\",\"item\":\"https:\\\/\\\/www.lasoufflerie.com\\\/fr\\\/boutique\\\/\"},{\"@type\":\"ListItem\",\"position\":3,\"name\":\"Ice Tea Venezia Transparent Small\"}]},{\"@type\":\"WebSite\",\"@id\":\"https:\\\/\\\/www.lasoufflerie.com\\\/fr\\\/#website\",\"url\":\"https:\\\/\\\/www.lasoufflerie.com\\\/fr\\\/\",\"name\":\"La Soufflerie\",\"description\":\"Glass blowing craft\",\"publisher\":{\"@id\":\"https:\\\/\\\/www.lasoufflerie.com\\\/fr\\\/#organization\"},\"potentialAction\":[{\"@type\":\"SearchAction\",\"target\":{\"@type\":\"EntryPoint\",\"urlTemplate\":\"https:\\\/\\\/www.lasoufflerie.com\\\/fr\\\/?s={search_term_string}\"},\"query-input\":{\"@type\":\"PropertyValueSpecification\",\"valueRequired\":true,\"valueName\":\"search_term_string\"}}],\"inLanguage\":\"fr-FR\"},{\"@type\":\"Organization\",\"@id\":\"https:\\\/\\\/www.lasoufflerie.com\\\/fr\\\/#organization\",\"name\":\"La Soufflerie\",\"url\":\"https:\\\/\\\/www.lasoufflerie.com\\\/fr\\\/\",\"logo\":{\"@type\":\"ImageObject\",\"inLanguage\":\"fr-FR\",\"@id\":\"https:\\\/\\\/www.lasoufflerie.com\\\/fr\\\/#\\\/schema\\\/logo\\\/image\\\/\",\"url\":\"https:\\\/\\\/www.lasoufflerie.com\\\/wp-content\\\/uploads\\\/2023\\\/11\\\/Logo-La-Soufflerie-black.png\",\"contentUrl\":\"https:\\\/\\\/www.lasoufflerie.com\\\/wp-content\\\/uploads\\\/2023\\\/11\\\/Logo-La-Soufflerie-black.png\",\"width\":2362,\"height\":2362,\"caption\":\"La Soufflerie\"},\"image\":{\"@id\":\"https:\\\/\\\/www.lasoufflerie.com\\\/fr\\\/#\\\/schema\\\/logo\\\/image\\\/\"},\"sameAs\":[\"https:\\\/\\\/facebook.com\\\/lasoufflerie\",\"https:\\\/\\\/x.com\\\/lasoufflerie\",\"https:\\\/\\\/instagram.com\\\/lasoufflerie\",\"https:\\\/\\\/www.linkedin.com\\\/company\\\/9327780?trk=tyah&amp;amp;amp;trkInfo=clickedVertical:company,clickedEntityId:9327780,idx:2-1-2,tarId:1458824308330,tas:lasouff\",\"https:\\\/\\\/pinterest.com\\\/lasoufflerie\"]}]}<\/script>\n<!-- \/ Yoast SEO plugin. -->","yoast_head_json":{"title":"Ice Tea Venezia Transparent Small - La Soufflerie - Artisanal recycled glass","description":"Souffl\u00e9 \u00e0 la main \u00e0 partir de verre 100 % recycl\u00e9, le verre Ice Tea Venezia Transparent Small est un verre \u00e0 boire artisanal fait main \u2014 \u00e9l\u00e9gant, durable et intemporel.","robots":{"index":"index","follow":"follow","max-snippet":"max-snippet:-1","max-image-preview":"max-image-preview:large","max-video-preview":"max-video-preview:-1"},"canonical":"https:\/\/www.lasoufflerie.com\/fr\/produit\/ice-tea-venezia-transparent-small\/","og_locale":"fr_FR","og_type":"article","og_title":"Ice Tea Venezia Transparent Small - La Soufflerie - Artisanal recycled glass","og_description":"Souffl\u00e9 \u00e0 la main \u00e0 partir de verre 100 % recycl\u00e9, le verre Ice Tea Venezia Transparent Small est un verre \u00e0 boire artisanal fait main \u2014 \u00e9l\u00e9gant, durable et intemporel.","og_url":"https:\/\/www.lasoufflerie.com\/fr\/produit\/ice-tea-venezia-transparent-small\/","og_site_name":"La Soufflerie","article_publisher":"https:\/\/facebook.com\/lasoufflerie","og_image":[{"width":1920,"height":2560,"url":"https:\/\/www.lasoufflerie.com\/wp-content\/uploads\/2023\/12\/2022-ICE-TEA-VENEZIA-TRANSPARENT-PETIT-2-scaled.jpeg","type":"image\/jpeg"}],"twitter_card":"summary_large_image","twitter_site":"@lasoufflerie","twitter_misc":{"Dur\u00e9e de lecture estim\u00e9e":"1 minute"},"schema":{"@context":"https:\/\/schema.org","@graph":[{"@type":"WebPage","@id":"https:\/\/www.lasoufflerie.com\/fr\/produit\/ice-tea-venezia-transparent-small\/","url":"https:\/\/www.lasoufflerie.com\/fr\/produit\/ice-tea-venezia-transparent-small\/","name":"Ice Tea Venezia Transparent Small - La Soufflerie - Artisanal recycled glass","isPartOf":{"@id":"https:\/\/www.lasoufflerie.com\/fr\/#website"},"primaryImageOfPage":{"@id":"https:\/\/www.lasoufflerie.com\/fr\/produit\/ice-tea-venezia-transparent-small\/#primaryimage"},"image":{"@id":"https:\/\/www.lasoufflerie.com\/fr\/produit\/ice-tea-venezia-transparent-small\/#primaryimage"},"thumbnailUrl":"https:\/\/www.lasoufflerie.com\/wp-content\/uploads\/2025\/11\/ice-tea-venezia-recycled-glass-scaled.jpg","datePublished":"2025-11-20T11:11:36+00:00","description":"Souffl\u00e9 \u00e0 la main \u00e0 partir de verre 100 % recycl\u00e9, le verre Ice Tea Venezia Transparent Small est un verre \u00e0 boire artisanal fait main \u2014 \u00e9l\u00e9gant, durable et intemporel.","breadcrumb":{"@id":"https:\/\/www.lasoufflerie.com\/fr\/produit\/ice-tea-venezia-transparent-small\/#breadcrumb"},"inLanguage":"fr-FR","potentialAction":[{"@type":"ReadAction","target":["https:\/\/www.lasoufflerie.com\/fr\/produit\/ice-tea-venezia-transparent-small\/"]}]},{"@type":"ImageObject","inLanguage":"fr-FR","@id":"https:\/\/www.lasoufflerie.com\/fr\/produit\/ice-tea-venezia-transparent-small\/#primaryimage","url":"https:\/\/www.lasoufflerie.com\/wp-content\/uploads\/2025\/11\/ice-tea-venezia-recycled-glass-scaled.jpg","contentUrl":"https:\/\/www.lasoufflerie.com\/wp-content\/uploads\/2025\/11\/ice-tea-venezia-recycled-glass-scaled.jpg","width":1920,"height":2560,"caption":"Handmade using only recycled glass - each piece is unique and artisanal"},{"@type":"BreadcrumbList","@id":"https:\/\/www.lasoufflerie.com\/fr\/produit\/ice-tea-venezia-transparent-small\/#breadcrumb","itemListElement":[{"@type":"ListItem","position":1,"name":"Home","item":"https:\/\/www.lasoufflerie.com\/fr\/"},{"@type":"ListItem","position":2,"name":"Shop all","item":"https:\/\/www.lasoufflerie.com\/fr\/boutique\/"},{"@type":"ListItem","position":3,"name":"Ice Tea Venezia Transparent Small"}]},{"@type":"WebSite","@id":"https:\/\/www.lasoufflerie.com\/fr\/#website","url":"https:\/\/www.lasoufflerie.com\/fr\/","name":"La Soufflerie","description":"Glass blowing craft","publisher":{"@id":"https:\/\/www.lasoufflerie.com\/fr\/#organization"},"potentialAction":[{"@type":"SearchAction","target":{"@type":"EntryPoint","urlTemplate":"https:\/\/www.lasoufflerie.com\/fr\/?s={search_term_string}"},"query-input":{"@type":"PropertyValueSpecification","valueRequired":true,"valueName":"search_term_string"}}],"inLanguage":"fr-FR"},{"@type":"Organization","@id":"https:\/\/www.lasoufflerie.com\/fr\/#organization","name":"La Soufflerie","url":"https:\/\/www.lasoufflerie.com\/fr\/","logo":{"@type":"ImageObject","inLanguage":"fr-FR","@id":"https:\/\/www.lasoufflerie.com\/fr\/#\/schema\/logo\/image\/","url":"https:\/\/www.lasoufflerie.com\/wp-content\/uploads\/2023\/11\/Logo-La-Soufflerie-black.png","contentUrl":"https:\/\/www.lasoufflerie.com\/wp-content\/uploads\/2023\/11\/Logo-La-Soufflerie-black.png","width":2362,"height":2362,"caption":"La Soufflerie"},"image":{"@id":"https:\/\/www.lasoufflerie.com\/fr\/#\/schema\/logo\/image\/"},"sameAs":["https:\/\/facebook.com\/lasoufflerie","https:\/\/x.com\/lasoufflerie","https:\/\/instagram.com\/lasoufflerie","https:\/\/www.linkedin.com\/company\/9327780?trk=tyah&amp;amp;amp;trkInfo=clickedVertical:company,clickedEntityId:9327780,idx:2-1-2,tarId:1458824308330,tas:lasouff","https:\/\/pinterest.com\/lasoufflerie"]}]}},"_links":{"self":[{"href":"https:\/\/www.lasoufflerie.com\/fr\/wp-json\/wp\/v2\/product\/72713","targetHints":{"allow":["GET"]}}],"collection":[{"href":"https:\/\/www.lasoufflerie.com\/fr\/wp-json\/wp\/v2\/product"}],"about":[{"href":"https:\/\/www.lasoufflerie.com\/fr\/wp-json\/wp\/v2\/types\/product"}],"version-history":[{"count":2,"href":"https:\/\/www.lasoufflerie.com\/fr\/wp-json\/wp\/v2\/product\/72713\/revisions"}],"predecessor-version":[{"id":72715,"href":"https:\/\/www.lasoufflerie.com\/fr\/wp-json\/wp\/v2\/product\/72713\/revisions\/72715"}],"wp:featuredmedia":[{"embeddable":true,"href":"https:\/\/www.lasoufflerie.com\/fr\/wp-json\/wp\/v2\/media\/73361"}],"wp:attachment":[{"href":"https:\/\/www.lasoufflerie.com\/fr\/wp-json\/wp\/v2\/media?parent=72713"}],"wp:term":[{"taxonomy":"product_brand","embeddable":true,"href":"https:\/\/www.lasoufflerie.com\/fr\/wp-json\/wp\/v2\/product_brand?post=72713"},{"taxonomy":"product_cat","embeddable":true,"href":"https:\/\/www.lasoufflerie.com\/fr\/wp-json\/wp\/v2\/product_cat?post=72713"},{"taxonomy":"product_tag","embeddable":true,"href":"https:\/\/www.lasoufflerie.com\/fr\/wp-json\/wp\/v2\/product_tag?post=72713"}],"curies":[{"name":"wp","href":"https:\/\/api.w.org\/{rel}","templated":true}]}}