{"id":73986,"date":"2026-01-08T12:58:45","date_gmt":"2026-01-08T11:58:45","guid":{"rendered":"https:\/\/www.lasoufflerie.com\/?post_type=product&#038;p=73986"},"modified":"2026-01-12T10:54:26","modified_gmt":"2026-01-12T09:54:26","slug":"alien-en-carafe","status":"publish","type":"product","link":"https:\/\/www.lasoufflerie.com\/fr\/produit\/alien-en-carafe\/","title":{"rendered":"Alien en Carafe"},"content":{"rendered":"<p class=\"p1\">L&rsquo;Alien en Carafe est le pendant \u00e9l\u00e9gant et fonctionnel de notre Alien \u00e0 Pied, dont elle partage le m\u00eame esprit de design organique et original. Cette carafe captivante apporte une touche de charme \u00e0 votre service de table.<\/p>\n<p class=\"p1\">Comme toutes nos pi\u00e8ces, elle est fabriqu\u00e9e \u00e0 partir de verre 100% recycl\u00e9 provenant de sources locales, ce qui lui conf\u00e8re sa teinte turquoise subtile caract\u00e9ristique.<\/p>\n<p class=\"p1\">Parfaite pour carafer le vin, servir de l&rsquo;eau ou comme vase \u00e9lanc\u00e9 et \u00e9l\u00e9gant, cette carafe est con\u00e7ue pour une grande polyvalence. Les subtiles irr\u00e9gularit\u00e9s du verre t\u00e9moignent de sa fabrication artisanale, faisant de la carafe Alien une pi\u00e8ce de design \u00e9thique, durable et inoubliable.<\/p>\n","protected":false},"excerpt":{"rendered":"<p>L&rsquo;Alien en Carafe est le pendant \u00e9l\u00e9gant et fonctionnel de notre Alien \u00e0 Pied, dont elle partage le m\u00eame esprit de design organique et original. Cette carafe captivante apporte une touche de charme \u00e0 votre service de table. Comme toutes nos pi\u00e8ces, elle est fabriqu\u00e9e \u00e0 partir de verre 100% recycl\u00e9 provenant de sources locales, [&hellip;]<\/p>\n","protected":false},"featured_media":73980,"template":"","meta":{"_acf_changed":false},"product_brand":[],"product_cat":[1623,1618,1321,1310,1343,1309],"product_tag":[],"class_list":{"0":"post-73986","1":"product","2":"type-product","3":"status-publish","4":"has-post-thumbnail","6":"product_cat-la-boutique","7":"product_cat-nouvelle-collection-fait-main-verre-recycle","8":"product_cat-pichets-et-decanteurs","9":"product_cat-verres-carafes","10":"product_cat-vases","11":"product_cat-a-la-maison","12":"product_shipping_class-large-product-fr","13":"pa_colour-transparent-fr","14":"pa_made-of-glass-fr","15":"pa_size-large-fr","17":"first","18":"instock","19":"taxable","20":"shipping-taxable","21":"purchasable","22":"product-type-simple"},"acf":[],"yoast_head":"<!-- This site is optimized with the Yoast SEO plugin v27.3 - https:\/\/yoast.com\/product\/yoast-seo-wordpress\/ -->\n<title>Alien en Carafe - La Soufflerie - Verre recycle souffle bouche<\/title>\n<meta name=\"description\" content=\"Alien en Carafe est une carafe souffl\u00e9e \u00e0 la main, fabriqu\u00e9e \u00e0 partir de verre 100% recycl\u00e9, qui allie savoir-faire artisanal, \u00e9l\u00e9gance et fonctionnalit\u00e9 au quotidien.\" \/>\n<meta name=\"robots\" content=\"index, follow, max-snippet:-1, max-image-preview:large, max-video-preview:-1\" \/>\n<link rel=\"canonical\" href=\"https:\/\/www.lasoufflerie.com\/fr\/produit\/alien-en-carafe\/\" \/>\n<meta property=\"og:locale\" content=\"fr_FR\" \/>\n<meta property=\"og:type\" content=\"article\" \/>\n<meta property=\"og:title\" content=\"Alien en Carafe - La Soufflerie - Verre recycle souffle bouche\" \/>\n<meta property=\"og:description\" content=\"Alien en Carafe est une carafe souffl\u00e9e \u00e0 la main, fabriqu\u00e9e \u00e0 partir de verre 100% recycl\u00e9, qui allie savoir-faire artisanal, \u00e9l\u00e9gance et fonctionnalit\u00e9 au quotidien.\" \/>\n<meta property=\"og:url\" content=\"https:\/\/www.lasoufflerie.com\/fr\/produit\/alien-en-carafe\/\" \/>\n<meta property=\"og:site_name\" content=\"La Soufflerie\" \/>\n<meta property=\"article:publisher\" content=\"https:\/\/facebook.com\/lasoufflerie\" \/>\n<meta property=\"article:modified_time\" content=\"2026-01-12T09:54:26+00:00\" \/>\n<meta property=\"og:image\" content=\"https:\/\/www.lasoufflerie.com\/wp-content\/uploads\/2026\/01\/Alien-en-Carafe-2-scaled.jpg\" \/>\n\t<meta property=\"og:image:width\" content=\"1920\" \/>\n\t<meta property=\"og:image:height\" content=\"2560\" \/>\n\t<meta property=\"og:image:type\" content=\"image\/jpeg\" \/>\n<meta name=\"twitter:card\" content=\"summary_large_image\" \/>\n<meta name=\"twitter:site\" content=\"@lasoufflerie\" \/>\n<meta name=\"twitter:label1\" content=\"Dur\u00e9e de lecture estim\u00e9e\" \/>\n\t<meta name=\"twitter:data1\" content=\"1 minute\" \/>\n<script type=\"application\/ld+json\" class=\"yoast-schema-graph\">{\"@context\":\"https:\\\/\\\/schema.org\",\"@graph\":[{\"@type\":\"WebPage\",\"@id\":\"https:\\\/\\\/www.lasoufflerie.com\\\/fr\\\/produit\\\/alien-en-carafe\\\/\",\"url\":\"https:\\\/\\\/www.lasoufflerie.com\\\/fr\\\/produit\\\/alien-en-carafe\\\/\",\"name\":\"Alien en Carafe - La Soufflerie - Verre recycle souffle bouche\",\"isPartOf\":{\"@id\":\"https:\\\/\\\/www.lasoufflerie.com\\\/fr\\\/#website\"},\"primaryImageOfPage\":{\"@id\":\"https:\\\/\\\/www.lasoufflerie.com\\\/fr\\\/produit\\\/alien-en-carafe\\\/#primaryimage\"},\"image\":{\"@id\":\"https:\\\/\\\/www.lasoufflerie.com\\\/fr\\\/produit\\\/alien-en-carafe\\\/#primaryimage\"},\"thumbnailUrl\":\"https:\\\/\\\/www.lasoufflerie.com\\\/wp-content\\\/uploads\\\/2026\\\/01\\\/Alien-en-Carafe-2-scaled.jpg\",\"datePublished\":\"2026-01-08T11:58:45+00:00\",\"dateModified\":\"2026-01-12T09:54:26+00:00\",\"description\":\"Alien en Carafe est une carafe souffl\u00e9e \u00e0 la main, fabriqu\u00e9e \u00e0 partir de verre 100% recycl\u00e9, qui allie savoir-faire artisanal, \u00e9l\u00e9gance et fonctionnalit\u00e9 au quotidien.\",\"breadcrumb\":{\"@id\":\"https:\\\/\\\/www.lasoufflerie.com\\\/fr\\\/produit\\\/alien-en-carafe\\\/#breadcrumb\"},\"inLanguage\":\"fr-FR\",\"potentialAction\":[{\"@type\":\"ReadAction\",\"target\":[\"https:\\\/\\\/www.lasoufflerie.com\\\/fr\\\/produit\\\/alien-en-carafe\\\/\"]}]},{\"@type\":\"ImageObject\",\"inLanguage\":\"fr-FR\",\"@id\":\"https:\\\/\\\/www.lasoufflerie.com\\\/fr\\\/produit\\\/alien-en-carafe\\\/#primaryimage\",\"url\":\"https:\\\/\\\/www.lasoufflerie.com\\\/wp-content\\\/uploads\\\/2026\\\/01\\\/Alien-en-Carafe-2-scaled.jpg\",\"contentUrl\":\"https:\\\/\\\/www.lasoufflerie.com\\\/wp-content\\\/uploads\\\/2026\\\/01\\\/Alien-en-Carafe-2-scaled.jpg\",\"width\":1920,\"height\":2560,\"caption\":\"Edited in Tezza with: Mood, Contrast, &amp; Grain\"},{\"@type\":\"BreadcrumbList\",\"@id\":\"https:\\\/\\\/www.lasoufflerie.com\\\/fr\\\/produit\\\/alien-en-carafe\\\/#breadcrumb\",\"itemListElement\":[{\"@type\":\"ListItem\",\"position\":1,\"name\":\"Home\",\"item\":\"https:\\\/\\\/www.lasoufflerie.com\\\/fr\\\/\"},{\"@type\":\"ListItem\",\"position\":2,\"name\":\"Shop all\",\"item\":\"https:\\\/\\\/www.lasoufflerie.com\\\/fr\\\/boutique\\\/\"},{\"@type\":\"ListItem\",\"position\":3,\"name\":\"Alien en Carafe\"}]},{\"@type\":\"WebSite\",\"@id\":\"https:\\\/\\\/www.lasoufflerie.com\\\/fr\\\/#website\",\"url\":\"https:\\\/\\\/www.lasoufflerie.com\\\/fr\\\/\",\"name\":\"La Soufflerie\",\"description\":\"Glass blowing craft\",\"publisher\":{\"@id\":\"https:\\\/\\\/www.lasoufflerie.com\\\/fr\\\/#organization\"},\"potentialAction\":[{\"@type\":\"SearchAction\",\"target\":{\"@type\":\"EntryPoint\",\"urlTemplate\":\"https:\\\/\\\/www.lasoufflerie.com\\\/fr\\\/?s={search_term_string}\"},\"query-input\":{\"@type\":\"PropertyValueSpecification\",\"valueRequired\":true,\"valueName\":\"search_term_string\"}}],\"inLanguage\":\"fr-FR\"},{\"@type\":\"Organization\",\"@id\":\"https:\\\/\\\/www.lasoufflerie.com\\\/fr\\\/#organization\",\"name\":\"La Soufflerie\",\"url\":\"https:\\\/\\\/www.lasoufflerie.com\\\/fr\\\/\",\"logo\":{\"@type\":\"ImageObject\",\"inLanguage\":\"fr-FR\",\"@id\":\"https:\\\/\\\/www.lasoufflerie.com\\\/fr\\\/#\\\/schema\\\/logo\\\/image\\\/\",\"url\":\"https:\\\/\\\/www.lasoufflerie.com\\\/wp-content\\\/uploads\\\/2023\\\/11\\\/Logo-La-Soufflerie-black.png\",\"contentUrl\":\"https:\\\/\\\/www.lasoufflerie.com\\\/wp-content\\\/uploads\\\/2023\\\/11\\\/Logo-La-Soufflerie-black.png\",\"width\":2362,\"height\":2362,\"caption\":\"La Soufflerie\"},\"image\":{\"@id\":\"https:\\\/\\\/www.lasoufflerie.com\\\/fr\\\/#\\\/schema\\\/logo\\\/image\\\/\"},\"sameAs\":[\"https:\\\/\\\/facebook.com\\\/lasoufflerie\",\"https:\\\/\\\/x.com\\\/lasoufflerie\",\"https:\\\/\\\/instagram.com\\\/lasoufflerie\",\"https:\\\/\\\/www.linkedin.com\\\/company\\\/9327780?trk=tyah&amp;amp;amp;trkInfo=clickedVertical:company,clickedEntityId:9327780,idx:2-1-2,tarId:1458824308330,tas:lasouff\",\"https:\\\/\\\/pinterest.com\\\/lasoufflerie\"]}]}<\/script>\n<!-- \/ Yoast SEO plugin. -->","yoast_head_json":{"title":"Alien en Carafe - La Soufflerie - Verre recycle souffle bouche","description":"Alien en Carafe est une carafe souffl\u00e9e \u00e0 la main, fabriqu\u00e9e \u00e0 partir de verre 100% recycl\u00e9, qui allie savoir-faire artisanal, \u00e9l\u00e9gance et fonctionnalit\u00e9 au quotidien.","robots":{"index":"index","follow":"follow","max-snippet":"max-snippet:-1","max-image-preview":"max-image-preview:large","max-video-preview":"max-video-preview:-1"},"canonical":"https:\/\/www.lasoufflerie.com\/fr\/produit\/alien-en-carafe\/","og_locale":"fr_FR","og_type":"article","og_title":"Alien en Carafe - La Soufflerie - Verre recycle souffle bouche","og_description":"Alien en Carafe est une carafe souffl\u00e9e \u00e0 la main, fabriqu\u00e9e \u00e0 partir de verre 100% recycl\u00e9, qui allie savoir-faire artisanal, \u00e9l\u00e9gance et fonctionnalit\u00e9 au quotidien.","og_url":"https:\/\/www.lasoufflerie.com\/fr\/produit\/alien-en-carafe\/","og_site_name":"La Soufflerie","article_publisher":"https:\/\/facebook.com\/lasoufflerie","article_modified_time":"2026-01-12T09:54:26+00:00","og_image":[{"width":1920,"height":2560,"url":"https:\/\/www.lasoufflerie.com\/wp-content\/uploads\/2026\/01\/Alien-en-Carafe-2-scaled.jpg","type":"image\/jpeg"}],"twitter_card":"summary_large_image","twitter_site":"@lasoufflerie","twitter_misc":{"Dur\u00e9e de lecture estim\u00e9e":"1 minute"},"schema":{"@context":"https:\/\/schema.org","@graph":[{"@type":"WebPage","@id":"https:\/\/www.lasoufflerie.com\/fr\/produit\/alien-en-carafe\/","url":"https:\/\/www.lasoufflerie.com\/fr\/produit\/alien-en-carafe\/","name":"Alien en Carafe - La Soufflerie - Verre recycle souffle bouche","isPartOf":{"@id":"https:\/\/www.lasoufflerie.com\/fr\/#website"},"primaryImageOfPage":{"@id":"https:\/\/www.lasoufflerie.com\/fr\/produit\/alien-en-carafe\/#primaryimage"},"image":{"@id":"https:\/\/www.lasoufflerie.com\/fr\/produit\/alien-en-carafe\/#primaryimage"},"thumbnailUrl":"https:\/\/www.lasoufflerie.com\/wp-content\/uploads\/2026\/01\/Alien-en-Carafe-2-scaled.jpg","datePublished":"2026-01-08T11:58:45+00:00","dateModified":"2026-01-12T09:54:26+00:00","description":"Alien en Carafe est une carafe souffl\u00e9e \u00e0 la main, fabriqu\u00e9e \u00e0 partir de verre 100% recycl\u00e9, qui allie savoir-faire artisanal, \u00e9l\u00e9gance et fonctionnalit\u00e9 au quotidien.","breadcrumb":{"@id":"https:\/\/www.lasoufflerie.com\/fr\/produit\/alien-en-carafe\/#breadcrumb"},"inLanguage":"fr-FR","potentialAction":[{"@type":"ReadAction","target":["https:\/\/www.lasoufflerie.com\/fr\/produit\/alien-en-carafe\/"]}]},{"@type":"ImageObject","inLanguage":"fr-FR","@id":"https:\/\/www.lasoufflerie.com\/fr\/produit\/alien-en-carafe\/#primaryimage","url":"https:\/\/www.lasoufflerie.com\/wp-content\/uploads\/2026\/01\/Alien-en-Carafe-2-scaled.jpg","contentUrl":"https:\/\/www.lasoufflerie.com\/wp-content\/uploads\/2026\/01\/Alien-en-Carafe-2-scaled.jpg","width":1920,"height":2560,"caption":"Edited in Tezza with: Mood, Contrast, &amp; Grain"},{"@type":"BreadcrumbList","@id":"https:\/\/www.lasoufflerie.com\/fr\/produit\/alien-en-carafe\/#breadcrumb","itemListElement":[{"@type":"ListItem","position":1,"name":"Home","item":"https:\/\/www.lasoufflerie.com\/fr\/"},{"@type":"ListItem","position":2,"name":"Shop all","item":"https:\/\/www.lasoufflerie.com\/fr\/boutique\/"},{"@type":"ListItem","position":3,"name":"Alien en Carafe"}]},{"@type":"WebSite","@id":"https:\/\/www.lasoufflerie.com\/fr\/#website","url":"https:\/\/www.lasoufflerie.com\/fr\/","name":"La Soufflerie","description":"Glass blowing craft","publisher":{"@id":"https:\/\/www.lasoufflerie.com\/fr\/#organization"},"potentialAction":[{"@type":"SearchAction","target":{"@type":"EntryPoint","urlTemplate":"https:\/\/www.lasoufflerie.com\/fr\/?s={search_term_string}"},"query-input":{"@type":"PropertyValueSpecification","valueRequired":true,"valueName":"search_term_string"}}],"inLanguage":"fr-FR"},{"@type":"Organization","@id":"https:\/\/www.lasoufflerie.com\/fr\/#organization","name":"La Soufflerie","url":"https:\/\/www.lasoufflerie.com\/fr\/","logo":{"@type":"ImageObject","inLanguage":"fr-FR","@id":"https:\/\/www.lasoufflerie.com\/fr\/#\/schema\/logo\/image\/","url":"https:\/\/www.lasoufflerie.com\/wp-content\/uploads\/2023\/11\/Logo-La-Soufflerie-black.png","contentUrl":"https:\/\/www.lasoufflerie.com\/wp-content\/uploads\/2023\/11\/Logo-La-Soufflerie-black.png","width":2362,"height":2362,"caption":"La Soufflerie"},"image":{"@id":"https:\/\/www.lasoufflerie.com\/fr\/#\/schema\/logo\/image\/"},"sameAs":["https:\/\/facebook.com\/lasoufflerie","https:\/\/x.com\/lasoufflerie","https:\/\/instagram.com\/lasoufflerie","https:\/\/www.linkedin.com\/company\/9327780?trk=tyah&amp;amp;amp;trkInfo=clickedVertical:company,clickedEntityId:9327780,idx:2-1-2,tarId:1458824308330,tas:lasouff","https:\/\/pinterest.com\/lasoufflerie"]}]}},"_links":{"self":[{"href":"https:\/\/www.lasoufflerie.com\/fr\/wp-json\/wp\/v2\/product\/73986","targetHints":{"allow":["GET"]}}],"collection":[{"href":"https:\/\/www.lasoufflerie.com\/fr\/wp-json\/wp\/v2\/product"}],"about":[{"href":"https:\/\/www.lasoufflerie.com\/fr\/wp-json\/wp\/v2\/types\/product"}],"version-history":[{"count":1,"href":"https:\/\/www.lasoufflerie.com\/fr\/wp-json\/wp\/v2\/product\/73986\/revisions"}],"predecessor-version":[{"id":73987,"href":"https:\/\/www.lasoufflerie.com\/fr\/wp-json\/wp\/v2\/product\/73986\/revisions\/73987"}],"wp:featuredmedia":[{"embeddable":true,"href":"https:\/\/www.lasoufflerie.com\/fr\/wp-json\/wp\/v2\/media\/73980"}],"wp:attachment":[{"href":"https:\/\/www.lasoufflerie.com\/fr\/wp-json\/wp\/v2\/media?parent=73986"}],"wp:term":[{"taxonomy":"product_brand","embeddable":true,"href":"https:\/\/www.lasoufflerie.com\/fr\/wp-json\/wp\/v2\/product_brand?post=73986"},{"taxonomy":"product_cat","embeddable":true,"href":"https:\/\/www.lasoufflerie.com\/fr\/wp-json\/wp\/v2\/product_cat?post=73986"},{"taxonomy":"product_tag","embeddable":true,"href":"https:\/\/www.lasoufflerie.com\/fr\/wp-json\/wp\/v2\/product_tag?post=73986"}],"curies":[{"name":"wp","href":"https:\/\/api.w.org\/{rel}","templated":true}]}}