{"id":73997,"date":"2026-01-12T10:54:35","date_gmt":"2026-01-12T09:54:35","guid":{"rendered":"https:\/\/www.lasoufflerie.com\/?post_type=product&#038;p=73997"},"modified":"2026-02-17T10:06:28","modified_gmt":"2026-02-17T09:06:28","slug":"canamelle-petit","status":"publish","type":"product","link":"https:\/\/www.lasoufflerie.com\/fr\/produit\/canamelle-petit\/","title":{"rendered":"Canamelle Petit"},"content":{"rendered":"<p class=\"p1\">La Canamelle Petit est une ravissante pi\u00e8ce de verrerie artisanale, inspir\u00e9e des coupes \u00e0 glace et \u00e0 dessert traditionnelles. D&rsquo;une taille id\u00e9ale pour servir des douceurs, des cocktails ou m\u00eame de petites bouch\u00e9es, cette coupe en verre sublimera toutes les occasions. <\/p>\n<p class=\"p1\">Sa forme \u00e9quilibr\u00e9e et \u00e9l\u00e9gante en fait un accessoire polyvalent, id\u00e9al au quotidien comme pour les occasions sp\u00e9ciales.<\/p>\n<p class=\"p1\">Bien plus qu&rsquo;un simple bol, cette tasse souffl\u00e9e \u00e0 la main est une pi\u00e8ce durable. Ses subtiles imperfections t\u00e9moignent de son authenticit\u00e9 et de son \u00e9laboration artisanale. <\/p>\n","protected":false},"excerpt":{"rendered":"<p>La Canamelle Petit est une ravissante pi\u00e8ce de verrerie artisanale, inspir\u00e9e des coupes \u00e0 glace et \u00e0 dessert traditionnelles. D&rsquo;une taille id\u00e9ale pour servir des douceurs, des cocktails ou m\u00eame de petites bouch\u00e9es, cette coupe en verre sublimera toutes les occasions. Sa forme \u00e9quilibr\u00e9e et \u00e9l\u00e9gante en fait un accessoire polyvalent, id\u00e9al au quotidien comme [&hellip;]<\/p>\n","protected":false},"featured_media":73991,"template":"","meta":{"_acf_changed":false},"product_brand":[],"product_cat":[1330,1623,1618,1310,1311,1315],"product_tag":[],"class_list":{"0":"post-73997","1":"product","2":"type-product","3":"status-publish","4":"has-post-thumbnail","6":"product_cat-bols-saladiers","7":"product_cat-la-boutique","8":"product_cat-nouvelle-collection-fait-main-verre-recycle","9":"product_cat-verres-carafes","10":"product_cat-vaisselle","11":"product_cat-verres-a-pied-verre-a-vin-champagne-verre-recycle","12":"product_shipping_class-medium-product-fr","13":"pa_colour-transparent-fr","14":"pa_made-of-glass-fr","15":"pa_size-medium-fr","17":"first","18":"instock","19":"taxable","20":"shipping-taxable","21":"purchasable","22":"product-type-simple"},"acf":[],"yoast_head":"<!-- This site is optimized with the Yoast SEO plugin v27.3 - https:\/\/yoast.com\/product\/yoast-seo-wordpress\/ -->\n<title>Canamelle Petit - La Soufflerie - Verre recycl\u00e9 artisanal<\/title>\n<meta name=\"description\" content=\"Le bol Canamelle Petit, souffl\u00e9 \u00e0 la main et fabriqu\u00e9 \u00e0 partir de verre 100% recycl\u00e9, allie savoir-faire artisanal, \u00e9l\u00e9gance et fonctionnalit\u00e9 au quotidien.\" \/>\n<meta name=\"robots\" content=\"index, follow, max-snippet:-1, max-image-preview:large, max-video-preview:-1\" \/>\n<link rel=\"canonical\" href=\"https:\/\/www.lasoufflerie.com\/fr\/produit\/canamelle-petit\/\" \/>\n<meta property=\"og:locale\" content=\"fr_FR\" \/>\n<meta property=\"og:type\" content=\"article\" \/>\n<meta property=\"og:title\" content=\"Canamelle Petit - La Soufflerie - Verre recycl\u00e9 artisanal\" \/>\n<meta property=\"og:description\" content=\"Le bol Canamelle Petit, souffl\u00e9 \u00e0 la main et fabriqu\u00e9 \u00e0 partir de verre 100% recycl\u00e9, allie savoir-faire artisanal, \u00e9l\u00e9gance et fonctionnalit\u00e9 au quotidien.\" \/>\n<meta property=\"og:url\" content=\"https:\/\/www.lasoufflerie.com\/fr\/produit\/canamelle-petit\/\" \/>\n<meta property=\"og:site_name\" content=\"La Soufflerie\" \/>\n<meta property=\"article:publisher\" content=\"https:\/\/facebook.com\/lasoufflerie\" \/>\n<meta property=\"article:modified_time\" content=\"2026-02-17T09:06:28+00:00\" \/>\n<meta property=\"og:image\" content=\"https:\/\/www.lasoufflerie.com\/wp-content\/uploads\/2026\/01\/Canamelle-Petit-5-scaled.jpg\" \/>\n\t<meta property=\"og:image:width\" content=\"1920\" \/>\n\t<meta property=\"og:image:height\" content=\"2560\" \/>\n\t<meta property=\"og:image:type\" content=\"image\/jpeg\" \/>\n<meta name=\"twitter:card\" content=\"summary_large_image\" \/>\n<meta name=\"twitter:site\" content=\"@lasoufflerie\" \/>\n<meta name=\"twitter:label1\" content=\"Dur\u00e9e de lecture estim\u00e9e\" \/>\n\t<meta name=\"twitter:data1\" content=\"1 minute\" \/>\n<script type=\"application\/ld+json\" class=\"yoast-schema-graph\">{\"@context\":\"https:\\\/\\\/schema.org\",\"@graph\":[{\"@type\":\"WebPage\",\"@id\":\"https:\\\/\\\/www.lasoufflerie.com\\\/fr\\\/produit\\\/canamelle-petit\\\/\",\"url\":\"https:\\\/\\\/www.lasoufflerie.com\\\/fr\\\/produit\\\/canamelle-petit\\\/\",\"name\":\"Canamelle Petit - La Soufflerie - Verre recycl\u00e9 artisanal\",\"isPartOf\":{\"@id\":\"https:\\\/\\\/www.lasoufflerie.com\\\/fr\\\/#website\"},\"primaryImageOfPage\":{\"@id\":\"https:\\\/\\\/www.lasoufflerie.com\\\/fr\\\/produit\\\/canamelle-petit\\\/#primaryimage\"},\"image\":{\"@id\":\"https:\\\/\\\/www.lasoufflerie.com\\\/fr\\\/produit\\\/canamelle-petit\\\/#primaryimage\"},\"thumbnailUrl\":\"https:\\\/\\\/www.lasoufflerie.com\\\/wp-content\\\/uploads\\\/2026\\\/01\\\/Canamelle-Petit-5-scaled.jpg\",\"datePublished\":\"2026-01-12T09:54:35+00:00\",\"dateModified\":\"2026-02-17T09:06:28+00:00\",\"description\":\"Le bol Canamelle Petit, souffl\u00e9 \u00e0 la main et fabriqu\u00e9 \u00e0 partir de verre 100% recycl\u00e9, allie savoir-faire artisanal, \u00e9l\u00e9gance et fonctionnalit\u00e9 au quotidien.\",\"breadcrumb\":{\"@id\":\"https:\\\/\\\/www.lasoufflerie.com\\\/fr\\\/produit\\\/canamelle-petit\\\/#breadcrumb\"},\"inLanguage\":\"fr-FR\",\"potentialAction\":[{\"@type\":\"ReadAction\",\"target\":[\"https:\\\/\\\/www.lasoufflerie.com\\\/fr\\\/produit\\\/canamelle-petit\\\/\"]}]},{\"@type\":\"ImageObject\",\"inLanguage\":\"fr-FR\",\"@id\":\"https:\\\/\\\/www.lasoufflerie.com\\\/fr\\\/produit\\\/canamelle-petit\\\/#primaryimage\",\"url\":\"https:\\\/\\\/www.lasoufflerie.com\\\/wp-content\\\/uploads\\\/2026\\\/01\\\/Canamelle-Petit-5-scaled.jpg\",\"contentUrl\":\"https:\\\/\\\/www.lasoufflerie.com\\\/wp-content\\\/uploads\\\/2026\\\/01\\\/Canamelle-Petit-5-scaled.jpg\",\"width\":1920,\"height\":2560,\"caption\":\"Handmade ice cream bowl mouth-blown with recycled glass\"},{\"@type\":\"BreadcrumbList\",\"@id\":\"https:\\\/\\\/www.lasoufflerie.com\\\/fr\\\/produit\\\/canamelle-petit\\\/#breadcrumb\",\"itemListElement\":[{\"@type\":\"ListItem\",\"position\":1,\"name\":\"Home\",\"item\":\"https:\\\/\\\/www.lasoufflerie.com\\\/fr\\\/\"},{\"@type\":\"ListItem\",\"position\":2,\"name\":\"Shop all\",\"item\":\"https:\\\/\\\/www.lasoufflerie.com\\\/fr\\\/boutique\\\/\"},{\"@type\":\"ListItem\",\"position\":3,\"name\":\"Canamelle Petit\"}]},{\"@type\":\"WebSite\",\"@id\":\"https:\\\/\\\/www.lasoufflerie.com\\\/fr\\\/#website\",\"url\":\"https:\\\/\\\/www.lasoufflerie.com\\\/fr\\\/\",\"name\":\"La Soufflerie\",\"description\":\"Glass blowing craft\",\"publisher\":{\"@id\":\"https:\\\/\\\/www.lasoufflerie.com\\\/fr\\\/#organization\"},\"potentialAction\":[{\"@type\":\"SearchAction\",\"target\":{\"@type\":\"EntryPoint\",\"urlTemplate\":\"https:\\\/\\\/www.lasoufflerie.com\\\/fr\\\/?s={search_term_string}\"},\"query-input\":{\"@type\":\"PropertyValueSpecification\",\"valueRequired\":true,\"valueName\":\"search_term_string\"}}],\"inLanguage\":\"fr-FR\"},{\"@type\":\"Organization\",\"@id\":\"https:\\\/\\\/www.lasoufflerie.com\\\/fr\\\/#organization\",\"name\":\"La Soufflerie\",\"url\":\"https:\\\/\\\/www.lasoufflerie.com\\\/fr\\\/\",\"logo\":{\"@type\":\"ImageObject\",\"inLanguage\":\"fr-FR\",\"@id\":\"https:\\\/\\\/www.lasoufflerie.com\\\/fr\\\/#\\\/schema\\\/logo\\\/image\\\/\",\"url\":\"https:\\\/\\\/www.lasoufflerie.com\\\/wp-content\\\/uploads\\\/2023\\\/11\\\/Logo-La-Soufflerie-black.png\",\"contentUrl\":\"https:\\\/\\\/www.lasoufflerie.com\\\/wp-content\\\/uploads\\\/2023\\\/11\\\/Logo-La-Soufflerie-black.png\",\"width\":2362,\"height\":2362,\"caption\":\"La Soufflerie\"},\"image\":{\"@id\":\"https:\\\/\\\/www.lasoufflerie.com\\\/fr\\\/#\\\/schema\\\/logo\\\/image\\\/\"},\"sameAs\":[\"https:\\\/\\\/facebook.com\\\/lasoufflerie\",\"https:\\\/\\\/x.com\\\/lasoufflerie\",\"https:\\\/\\\/instagram.com\\\/lasoufflerie\",\"https:\\\/\\\/www.linkedin.com\\\/company\\\/9327780?trk=tyah&amp;amp;amp;trkInfo=clickedVertical:company,clickedEntityId:9327780,idx:2-1-2,tarId:1458824308330,tas:lasouff\",\"https:\\\/\\\/pinterest.com\\\/lasoufflerie\"]}]}<\/script>\n<!-- \/ Yoast SEO plugin. -->","yoast_head_json":{"title":"Canamelle Petit - La Soufflerie - Verre recycl\u00e9 artisanal","description":"Le bol Canamelle Petit, souffl\u00e9 \u00e0 la main et fabriqu\u00e9 \u00e0 partir de verre 100% recycl\u00e9, allie savoir-faire artisanal, \u00e9l\u00e9gance et fonctionnalit\u00e9 au quotidien.","robots":{"index":"index","follow":"follow","max-snippet":"max-snippet:-1","max-image-preview":"max-image-preview:large","max-video-preview":"max-video-preview:-1"},"canonical":"https:\/\/www.lasoufflerie.com\/fr\/produit\/canamelle-petit\/","og_locale":"fr_FR","og_type":"article","og_title":"Canamelle Petit - La Soufflerie - Verre recycl\u00e9 artisanal","og_description":"Le bol Canamelle Petit, souffl\u00e9 \u00e0 la main et fabriqu\u00e9 \u00e0 partir de verre 100% recycl\u00e9, allie savoir-faire artisanal, \u00e9l\u00e9gance et fonctionnalit\u00e9 au quotidien.","og_url":"https:\/\/www.lasoufflerie.com\/fr\/produit\/canamelle-petit\/","og_site_name":"La Soufflerie","article_publisher":"https:\/\/facebook.com\/lasoufflerie","article_modified_time":"2026-02-17T09:06:28+00:00","og_image":[{"width":1920,"height":2560,"url":"https:\/\/www.lasoufflerie.com\/wp-content\/uploads\/2026\/01\/Canamelle-Petit-5-scaled.jpg","type":"image\/jpeg"}],"twitter_card":"summary_large_image","twitter_site":"@lasoufflerie","twitter_misc":{"Dur\u00e9e de lecture estim\u00e9e":"1 minute"},"schema":{"@context":"https:\/\/schema.org","@graph":[{"@type":"WebPage","@id":"https:\/\/www.lasoufflerie.com\/fr\/produit\/canamelle-petit\/","url":"https:\/\/www.lasoufflerie.com\/fr\/produit\/canamelle-petit\/","name":"Canamelle Petit - La Soufflerie - Verre recycl\u00e9 artisanal","isPartOf":{"@id":"https:\/\/www.lasoufflerie.com\/fr\/#website"},"primaryImageOfPage":{"@id":"https:\/\/www.lasoufflerie.com\/fr\/produit\/canamelle-petit\/#primaryimage"},"image":{"@id":"https:\/\/www.lasoufflerie.com\/fr\/produit\/canamelle-petit\/#primaryimage"},"thumbnailUrl":"https:\/\/www.lasoufflerie.com\/wp-content\/uploads\/2026\/01\/Canamelle-Petit-5-scaled.jpg","datePublished":"2026-01-12T09:54:35+00:00","dateModified":"2026-02-17T09:06:28+00:00","description":"Le bol Canamelle Petit, souffl\u00e9 \u00e0 la main et fabriqu\u00e9 \u00e0 partir de verre 100% recycl\u00e9, allie savoir-faire artisanal, \u00e9l\u00e9gance et fonctionnalit\u00e9 au quotidien.","breadcrumb":{"@id":"https:\/\/www.lasoufflerie.com\/fr\/produit\/canamelle-petit\/#breadcrumb"},"inLanguage":"fr-FR","potentialAction":[{"@type":"ReadAction","target":["https:\/\/www.lasoufflerie.com\/fr\/produit\/canamelle-petit\/"]}]},{"@type":"ImageObject","inLanguage":"fr-FR","@id":"https:\/\/www.lasoufflerie.com\/fr\/produit\/canamelle-petit\/#primaryimage","url":"https:\/\/www.lasoufflerie.com\/wp-content\/uploads\/2026\/01\/Canamelle-Petit-5-scaled.jpg","contentUrl":"https:\/\/www.lasoufflerie.com\/wp-content\/uploads\/2026\/01\/Canamelle-Petit-5-scaled.jpg","width":1920,"height":2560,"caption":"Handmade ice cream bowl mouth-blown with recycled glass"},{"@type":"BreadcrumbList","@id":"https:\/\/www.lasoufflerie.com\/fr\/produit\/canamelle-petit\/#breadcrumb","itemListElement":[{"@type":"ListItem","position":1,"name":"Home","item":"https:\/\/www.lasoufflerie.com\/fr\/"},{"@type":"ListItem","position":2,"name":"Shop all","item":"https:\/\/www.lasoufflerie.com\/fr\/boutique\/"},{"@type":"ListItem","position":3,"name":"Canamelle Petit"}]},{"@type":"WebSite","@id":"https:\/\/www.lasoufflerie.com\/fr\/#website","url":"https:\/\/www.lasoufflerie.com\/fr\/","name":"La Soufflerie","description":"Glass blowing craft","publisher":{"@id":"https:\/\/www.lasoufflerie.com\/fr\/#organization"},"potentialAction":[{"@type":"SearchAction","target":{"@type":"EntryPoint","urlTemplate":"https:\/\/www.lasoufflerie.com\/fr\/?s={search_term_string}"},"query-input":{"@type":"PropertyValueSpecification","valueRequired":true,"valueName":"search_term_string"}}],"inLanguage":"fr-FR"},{"@type":"Organization","@id":"https:\/\/www.lasoufflerie.com\/fr\/#organization","name":"La Soufflerie","url":"https:\/\/www.lasoufflerie.com\/fr\/","logo":{"@type":"ImageObject","inLanguage":"fr-FR","@id":"https:\/\/www.lasoufflerie.com\/fr\/#\/schema\/logo\/image\/","url":"https:\/\/www.lasoufflerie.com\/wp-content\/uploads\/2023\/11\/Logo-La-Soufflerie-black.png","contentUrl":"https:\/\/www.lasoufflerie.com\/wp-content\/uploads\/2023\/11\/Logo-La-Soufflerie-black.png","width":2362,"height":2362,"caption":"La Soufflerie"},"image":{"@id":"https:\/\/www.lasoufflerie.com\/fr\/#\/schema\/logo\/image\/"},"sameAs":["https:\/\/facebook.com\/lasoufflerie","https:\/\/x.com\/lasoufflerie","https:\/\/instagram.com\/lasoufflerie","https:\/\/www.linkedin.com\/company\/9327780?trk=tyah&amp;amp;amp;trkInfo=clickedVertical:company,clickedEntityId:9327780,idx:2-1-2,tarId:1458824308330,tas:lasouff","https:\/\/pinterest.com\/lasoufflerie"]}]}},"_links":{"self":[{"href":"https:\/\/www.lasoufflerie.com\/fr\/wp-json\/wp\/v2\/product\/73997","targetHints":{"allow":["GET"]}}],"collection":[{"href":"https:\/\/www.lasoufflerie.com\/fr\/wp-json\/wp\/v2\/product"}],"about":[{"href":"https:\/\/www.lasoufflerie.com\/fr\/wp-json\/wp\/v2\/types\/product"}],"version-history":[{"count":2,"href":"https:\/\/www.lasoufflerie.com\/fr\/wp-json\/wp\/v2\/product\/73997\/revisions"}],"predecessor-version":[{"id":75317,"href":"https:\/\/www.lasoufflerie.com\/fr\/wp-json\/wp\/v2\/product\/73997\/revisions\/75317"}],"wp:featuredmedia":[{"embeddable":true,"href":"https:\/\/www.lasoufflerie.com\/fr\/wp-json\/wp\/v2\/media\/73991"}],"wp:attachment":[{"href":"https:\/\/www.lasoufflerie.com\/fr\/wp-json\/wp\/v2\/media?parent=73997"}],"wp:term":[{"taxonomy":"product_brand","embeddable":true,"href":"https:\/\/www.lasoufflerie.com\/fr\/wp-json\/wp\/v2\/product_brand?post=73997"},{"taxonomy":"product_cat","embeddable":true,"href":"https:\/\/www.lasoufflerie.com\/fr\/wp-json\/wp\/v2\/product_cat?post=73997"},{"taxonomy":"product_tag","embeddable":true,"href":"https:\/\/www.lasoufflerie.com\/fr\/wp-json\/wp\/v2\/product_tag?post=73997"}],"curies":[{"name":"wp","href":"https:\/\/api.w.org\/{rel}","templated":true}]}}