{"id":74021,"date":"2026-01-12T10:54:51","date_gmt":"2026-01-12T09:54:51","guid":{"rendered":"https:\/\/www.lasoufflerie.com\/?post_type=product&#038;p=74021"},"modified":"2026-04-13T11:13:52","modified_gmt":"2026-04-13T09:13:52","slug":"expresso-fait-main-verre-recycle","status":"publish","type":"product","link":"https:\/\/www.lasoufflerie.com\/fr\/produit\/expresso-fait-main-verre-recycle\/","title":{"rendered":"Expresso"},"content":{"rendered":"<p class=\"p1\">Fabriqu\u00e9e artisanalement par La Soufflerie, la tasse Expresso est une pi\u00e8ce d&rsquo;exception souffl\u00e9e \u00e0 la bouche \u00e0 partir de verre 100 % recycl\u00e9. Chaque tasse est souffl\u00e9e \u00e0 la main, ce qui lui conf\u00e8re un caract\u00e8re unique, une texture subtile et une douce teinte bleu-vert, naturellement pr\u00e9sente gr\u00e2ce au verre recycl\u00e9 d&rsquo;origine locale. <\/p>\n<p class=\"p1\">Parfait pour servir expresso, macchiato ou petites boissons, ce mod\u00e8le durable et intemporel incarne l&rsquo;essence m\u00eame de la verrerie artisanale traditionnelle. L\u00e9ger et robuste, il apporte une touche d&rsquo;\u00e9l\u00e9gance au quotidien \u00e0 votre table. <\/p>\n","protected":false},"excerpt":{"rendered":"<p>Fabriqu\u00e9e artisanalement par La Soufflerie, la tasse Expresso est une pi\u00e8ce d&rsquo;exception souffl\u00e9e \u00e0 la bouche \u00e0 partir de verre 100 % recycl\u00e9. Chaque tasse est souffl\u00e9e \u00e0 la main, ce qui lui conf\u00e8re un caract\u00e8re unique, une texture subtile et une douce teinte bleu-vert, naturellement pr\u00e9sente gr\u00e2ce au verre recycl\u00e9 d&rsquo;origine locale. Parfait pour [&hellip;]<\/p>\n","protected":false},"featured_media":74015,"template":"","meta":{"_acf_changed":false},"product_brand":[],"product_cat":[1317,1623,1618,1646,1310],"product_tag":[],"class_list":{"0":"post-74021","1":"product","2":"type-product","3":"status-publish","4":"has-post-thumbnail","6":"product_cat-gobelets-et-verres-a-eau","7":"product_cat-la-boutique","8":"product_cat-nouvelle-collection-fait-main-verre-recycle","9":"product_cat-tasses-a-cafe","10":"product_cat-verres-carafes","11":"product_shipping_class-small-product-fr","12":"pa_colour-transparent-fr","13":"pa_made-of-glass-fr","14":"pa_size-petit","16":"first","17":"instock","18":"taxable","19":"shipping-taxable","20":"purchasable","21":"product-type-simple"},"acf":[],"yoast_head":"<!-- This site is optimized with the Yoast SEO plugin v27.3 - https:\/\/yoast.com\/product\/yoast-seo-wordpress\/ -->\n<title>Expresso - La Soufflerie - Verre recycl\u00e9 artisanal<\/title>\n<meta name=\"description\" content=\"L&#039;Expresso est une petite tasse \u00e0 expresso souffl\u00e9e \u00e0 la main, fabriqu\u00e9e \u00e0 partir de verre 100% recycl\u00e9, qui allie savoir-faire artisanal, \u00e9l\u00e9gance et fonctionnalit\u00e9 au quotidien.\" \/>\n<meta name=\"robots\" content=\"index, follow, max-snippet:-1, max-image-preview:large, max-video-preview:-1\" \/>\n<link rel=\"canonical\" href=\"https:\/\/www.lasoufflerie.com\/fr\/produit\/expresso-fait-main-verre-recycle\/\" \/>\n<meta property=\"og:locale\" content=\"fr_FR\" \/>\n<meta property=\"og:type\" content=\"article\" \/>\n<meta property=\"og:title\" content=\"Expresso - La Soufflerie - Verre recycl\u00e9 artisanal\" \/>\n<meta property=\"og:description\" content=\"L&#039;Expresso est une petite tasse \u00e0 expresso souffl\u00e9e \u00e0 la main, fabriqu\u00e9e \u00e0 partir de verre 100% recycl\u00e9, qui allie savoir-faire artisanal, \u00e9l\u00e9gance et fonctionnalit\u00e9 au quotidien.\" \/>\n<meta property=\"og:url\" content=\"https:\/\/www.lasoufflerie.com\/fr\/produit\/expresso-fait-main-verre-recycle\/\" \/>\n<meta property=\"og:site_name\" content=\"La Soufflerie\" \/>\n<meta property=\"article:publisher\" content=\"https:\/\/facebook.com\/lasoufflerie\" \/>\n<meta property=\"article:modified_time\" content=\"2026-04-13T09:13:52+00:00\" \/>\n<meta property=\"og:image\" content=\"https:\/\/www.lasoufflerie.com\/wp-content\/uploads\/2026\/01\/Expresso-3-scaled.jpg\" \/>\n\t<meta property=\"og:image:width\" content=\"1920\" \/>\n\t<meta property=\"og:image:height\" content=\"2560\" \/>\n\t<meta property=\"og:image:type\" content=\"image\/jpeg\" \/>\n<meta name=\"twitter:card\" content=\"summary_large_image\" \/>\n<meta name=\"twitter:site\" content=\"@lasoufflerie\" \/>\n<meta name=\"twitter:label1\" content=\"Dur\u00e9e de lecture estim\u00e9e\" \/>\n\t<meta name=\"twitter:data1\" content=\"1 minute\" \/>\n<script type=\"application\/ld+json\" class=\"yoast-schema-graph\">{\"@context\":\"https:\\\/\\\/schema.org\",\"@graph\":[{\"@type\":\"WebPage\",\"@id\":\"https:\\\/\\\/www.lasoufflerie.com\\\/fr\\\/produit\\\/expresso-fait-main-verre-recycle\\\/\",\"url\":\"https:\\\/\\\/www.lasoufflerie.com\\\/fr\\\/produit\\\/expresso-fait-main-verre-recycle\\\/\",\"name\":\"Expresso - La Soufflerie - Verre recycl\u00e9 artisanal\",\"isPartOf\":{\"@id\":\"https:\\\/\\\/www.lasoufflerie.com\\\/fr\\\/#website\"},\"primaryImageOfPage\":{\"@id\":\"https:\\\/\\\/www.lasoufflerie.com\\\/fr\\\/produit\\\/expresso-fait-main-verre-recycle\\\/#primaryimage\"},\"image\":{\"@id\":\"https:\\\/\\\/www.lasoufflerie.com\\\/fr\\\/produit\\\/expresso-fait-main-verre-recycle\\\/#primaryimage\"},\"thumbnailUrl\":\"https:\\\/\\\/www.lasoufflerie.com\\\/wp-content\\\/uploads\\\/2026\\\/01\\\/Expresso-3-scaled.jpg\",\"datePublished\":\"2026-01-12T09:54:51+00:00\",\"dateModified\":\"2026-04-13T09:13:52+00:00\",\"description\":\"L'Expresso est une petite tasse \u00e0 expresso souffl\u00e9e \u00e0 la main, fabriqu\u00e9e \u00e0 partir de verre 100% recycl\u00e9, qui allie savoir-faire artisanal, \u00e9l\u00e9gance et fonctionnalit\u00e9 au quotidien.\",\"breadcrumb\":{\"@id\":\"https:\\\/\\\/www.lasoufflerie.com\\\/fr\\\/produit\\\/expresso-fait-main-verre-recycle\\\/#breadcrumb\"},\"inLanguage\":\"fr-FR\",\"potentialAction\":[{\"@type\":\"ReadAction\",\"target\":[\"https:\\\/\\\/www.lasoufflerie.com\\\/fr\\\/produit\\\/expresso-fait-main-verre-recycle\\\/\"]}]},{\"@type\":\"ImageObject\",\"inLanguage\":\"fr-FR\",\"@id\":\"https:\\\/\\\/www.lasoufflerie.com\\\/fr\\\/produit\\\/expresso-fait-main-verre-recycle\\\/#primaryimage\",\"url\":\"https:\\\/\\\/www.lasoufflerie.com\\\/wp-content\\\/uploads\\\/2026\\\/01\\\/Expresso-3-scaled.jpg\",\"contentUrl\":\"https:\\\/\\\/www.lasoufflerie.com\\\/wp-content\\\/uploads\\\/2026\\\/01\\\/Expresso-3-scaled.jpg\",\"width\":1920,\"height\":2560,\"caption\":\"Edited in Tezza with: Mood, Contrast, &amp; Grain\"},{\"@type\":\"BreadcrumbList\",\"@id\":\"https:\\\/\\\/www.lasoufflerie.com\\\/fr\\\/produit\\\/expresso-fait-main-verre-recycle\\\/#breadcrumb\",\"itemListElement\":[{\"@type\":\"ListItem\",\"position\":1,\"name\":\"Home\",\"item\":\"https:\\\/\\\/www.lasoufflerie.com\\\/fr\\\/\"},{\"@type\":\"ListItem\",\"position\":2,\"name\":\"Shop all\",\"item\":\"https:\\\/\\\/www.lasoufflerie.com\\\/fr\\\/boutique\\\/\"},{\"@type\":\"ListItem\",\"position\":3,\"name\":\"Expresso\"}]},{\"@type\":\"WebSite\",\"@id\":\"https:\\\/\\\/www.lasoufflerie.com\\\/fr\\\/#website\",\"url\":\"https:\\\/\\\/www.lasoufflerie.com\\\/fr\\\/\",\"name\":\"La Soufflerie\",\"description\":\"Glass blowing craft\",\"publisher\":{\"@id\":\"https:\\\/\\\/www.lasoufflerie.com\\\/fr\\\/#organization\"},\"potentialAction\":[{\"@type\":\"SearchAction\",\"target\":{\"@type\":\"EntryPoint\",\"urlTemplate\":\"https:\\\/\\\/www.lasoufflerie.com\\\/fr\\\/?s={search_term_string}\"},\"query-input\":{\"@type\":\"PropertyValueSpecification\",\"valueRequired\":true,\"valueName\":\"search_term_string\"}}],\"inLanguage\":\"fr-FR\"},{\"@type\":\"Organization\",\"@id\":\"https:\\\/\\\/www.lasoufflerie.com\\\/fr\\\/#organization\",\"name\":\"La Soufflerie\",\"url\":\"https:\\\/\\\/www.lasoufflerie.com\\\/fr\\\/\",\"logo\":{\"@type\":\"ImageObject\",\"inLanguage\":\"fr-FR\",\"@id\":\"https:\\\/\\\/www.lasoufflerie.com\\\/fr\\\/#\\\/schema\\\/logo\\\/image\\\/\",\"url\":\"https:\\\/\\\/www.lasoufflerie.com\\\/wp-content\\\/uploads\\\/2023\\\/11\\\/Logo-La-Soufflerie-black.png\",\"contentUrl\":\"https:\\\/\\\/www.lasoufflerie.com\\\/wp-content\\\/uploads\\\/2023\\\/11\\\/Logo-La-Soufflerie-black.png\",\"width\":2362,\"height\":2362,\"caption\":\"La Soufflerie\"},\"image\":{\"@id\":\"https:\\\/\\\/www.lasoufflerie.com\\\/fr\\\/#\\\/schema\\\/logo\\\/image\\\/\"},\"sameAs\":[\"https:\\\/\\\/facebook.com\\\/lasoufflerie\",\"https:\\\/\\\/x.com\\\/lasoufflerie\",\"https:\\\/\\\/instagram.com\\\/lasoufflerie\",\"https:\\\/\\\/www.linkedin.com\\\/company\\\/9327780?trk=tyah&amp;amp;amp;trkInfo=clickedVertical:company,clickedEntityId:9327780,idx:2-1-2,tarId:1458824308330,tas:lasouff\",\"https:\\\/\\\/pinterest.com\\\/lasoufflerie\"]}]}<\/script>\n<!-- \/ Yoast SEO plugin. -->","yoast_head_json":{"title":"Expresso - La Soufflerie - Verre recycl\u00e9 artisanal","description":"L'Expresso est une petite tasse \u00e0 expresso souffl\u00e9e \u00e0 la main, fabriqu\u00e9e \u00e0 partir de verre 100% recycl\u00e9, qui allie savoir-faire artisanal, \u00e9l\u00e9gance et fonctionnalit\u00e9 au quotidien.","robots":{"index":"index","follow":"follow","max-snippet":"max-snippet:-1","max-image-preview":"max-image-preview:large","max-video-preview":"max-video-preview:-1"},"canonical":"https:\/\/www.lasoufflerie.com\/fr\/produit\/expresso-fait-main-verre-recycle\/","og_locale":"fr_FR","og_type":"article","og_title":"Expresso - La Soufflerie - Verre recycl\u00e9 artisanal","og_description":"L'Expresso est une petite tasse \u00e0 expresso souffl\u00e9e \u00e0 la main, fabriqu\u00e9e \u00e0 partir de verre 100% recycl\u00e9, qui allie savoir-faire artisanal, \u00e9l\u00e9gance et fonctionnalit\u00e9 au quotidien.","og_url":"https:\/\/www.lasoufflerie.com\/fr\/produit\/expresso-fait-main-verre-recycle\/","og_site_name":"La Soufflerie","article_publisher":"https:\/\/facebook.com\/lasoufflerie","article_modified_time":"2026-04-13T09:13:52+00:00","og_image":[{"width":1920,"height":2560,"url":"https:\/\/www.lasoufflerie.com\/wp-content\/uploads\/2026\/01\/Expresso-3-scaled.jpg","type":"image\/jpeg"}],"twitter_card":"summary_large_image","twitter_site":"@lasoufflerie","twitter_misc":{"Dur\u00e9e de lecture estim\u00e9e":"1 minute"},"schema":{"@context":"https:\/\/schema.org","@graph":[{"@type":"WebPage","@id":"https:\/\/www.lasoufflerie.com\/fr\/produit\/expresso-fait-main-verre-recycle\/","url":"https:\/\/www.lasoufflerie.com\/fr\/produit\/expresso-fait-main-verre-recycle\/","name":"Expresso - La Soufflerie - Verre recycl\u00e9 artisanal","isPartOf":{"@id":"https:\/\/www.lasoufflerie.com\/fr\/#website"},"primaryImageOfPage":{"@id":"https:\/\/www.lasoufflerie.com\/fr\/produit\/expresso-fait-main-verre-recycle\/#primaryimage"},"image":{"@id":"https:\/\/www.lasoufflerie.com\/fr\/produit\/expresso-fait-main-verre-recycle\/#primaryimage"},"thumbnailUrl":"https:\/\/www.lasoufflerie.com\/wp-content\/uploads\/2026\/01\/Expresso-3-scaled.jpg","datePublished":"2026-01-12T09:54:51+00:00","dateModified":"2026-04-13T09:13:52+00:00","description":"L'Expresso est une petite tasse \u00e0 expresso souffl\u00e9e \u00e0 la main, fabriqu\u00e9e \u00e0 partir de verre 100% recycl\u00e9, qui allie savoir-faire artisanal, \u00e9l\u00e9gance et fonctionnalit\u00e9 au quotidien.","breadcrumb":{"@id":"https:\/\/www.lasoufflerie.com\/fr\/produit\/expresso-fait-main-verre-recycle\/#breadcrumb"},"inLanguage":"fr-FR","potentialAction":[{"@type":"ReadAction","target":["https:\/\/www.lasoufflerie.com\/fr\/produit\/expresso-fait-main-verre-recycle\/"]}]},{"@type":"ImageObject","inLanguage":"fr-FR","@id":"https:\/\/www.lasoufflerie.com\/fr\/produit\/expresso-fait-main-verre-recycle\/#primaryimage","url":"https:\/\/www.lasoufflerie.com\/wp-content\/uploads\/2026\/01\/Expresso-3-scaled.jpg","contentUrl":"https:\/\/www.lasoufflerie.com\/wp-content\/uploads\/2026\/01\/Expresso-3-scaled.jpg","width":1920,"height":2560,"caption":"Edited in Tezza with: Mood, Contrast, &amp; Grain"},{"@type":"BreadcrumbList","@id":"https:\/\/www.lasoufflerie.com\/fr\/produit\/expresso-fait-main-verre-recycle\/#breadcrumb","itemListElement":[{"@type":"ListItem","position":1,"name":"Home","item":"https:\/\/www.lasoufflerie.com\/fr\/"},{"@type":"ListItem","position":2,"name":"Shop all","item":"https:\/\/www.lasoufflerie.com\/fr\/boutique\/"},{"@type":"ListItem","position":3,"name":"Expresso"}]},{"@type":"WebSite","@id":"https:\/\/www.lasoufflerie.com\/fr\/#website","url":"https:\/\/www.lasoufflerie.com\/fr\/","name":"La Soufflerie","description":"Glass blowing craft","publisher":{"@id":"https:\/\/www.lasoufflerie.com\/fr\/#organization"},"potentialAction":[{"@type":"SearchAction","target":{"@type":"EntryPoint","urlTemplate":"https:\/\/www.lasoufflerie.com\/fr\/?s={search_term_string}"},"query-input":{"@type":"PropertyValueSpecification","valueRequired":true,"valueName":"search_term_string"}}],"inLanguage":"fr-FR"},{"@type":"Organization","@id":"https:\/\/www.lasoufflerie.com\/fr\/#organization","name":"La Soufflerie","url":"https:\/\/www.lasoufflerie.com\/fr\/","logo":{"@type":"ImageObject","inLanguage":"fr-FR","@id":"https:\/\/www.lasoufflerie.com\/fr\/#\/schema\/logo\/image\/","url":"https:\/\/www.lasoufflerie.com\/wp-content\/uploads\/2023\/11\/Logo-La-Soufflerie-black.png","contentUrl":"https:\/\/www.lasoufflerie.com\/wp-content\/uploads\/2023\/11\/Logo-La-Soufflerie-black.png","width":2362,"height":2362,"caption":"La Soufflerie"},"image":{"@id":"https:\/\/www.lasoufflerie.com\/fr\/#\/schema\/logo\/image\/"},"sameAs":["https:\/\/facebook.com\/lasoufflerie","https:\/\/x.com\/lasoufflerie","https:\/\/instagram.com\/lasoufflerie","https:\/\/www.linkedin.com\/company\/9327780?trk=tyah&amp;amp;amp;trkInfo=clickedVertical:company,clickedEntityId:9327780,idx:2-1-2,tarId:1458824308330,tas:lasouff","https:\/\/pinterest.com\/lasoufflerie"]}]}},"_links":{"self":[{"href":"https:\/\/www.lasoufflerie.com\/fr\/wp-json\/wp\/v2\/product\/74021","targetHints":{"allow":["GET"]}}],"collection":[{"href":"https:\/\/www.lasoufflerie.com\/fr\/wp-json\/wp\/v2\/product"}],"about":[{"href":"https:\/\/www.lasoufflerie.com\/fr\/wp-json\/wp\/v2\/types\/product"}],"version-history":[{"count":2,"href":"https:\/\/www.lasoufflerie.com\/fr\/wp-json\/wp\/v2\/product\/74021\/revisions"}],"predecessor-version":[{"id":75316,"href":"https:\/\/www.lasoufflerie.com\/fr\/wp-json\/wp\/v2\/product\/74021\/revisions\/75316"}],"wp:featuredmedia":[{"embeddable":true,"href":"https:\/\/www.lasoufflerie.com\/fr\/wp-json\/wp\/v2\/media\/74015"}],"wp:attachment":[{"href":"https:\/\/www.lasoufflerie.com\/fr\/wp-json\/wp\/v2\/media?parent=74021"}],"wp:term":[{"taxonomy":"product_brand","embeddable":true,"href":"https:\/\/www.lasoufflerie.com\/fr\/wp-json\/wp\/v2\/product_brand?post=74021"},{"taxonomy":"product_cat","embeddable":true,"href":"https:\/\/www.lasoufflerie.com\/fr\/wp-json\/wp\/v2\/product_cat?post=74021"},{"taxonomy":"product_tag","embeddable":true,"href":"https:\/\/www.lasoufflerie.com\/fr\/wp-json\/wp\/v2\/product_tag?post=74021"}],"curies":[{"name":"wp","href":"https:\/\/api.w.org\/{rel}","templated":true}]}}