{"id":75269,"date":"2026-01-12T11:02:33","date_gmt":"2026-01-12T10:02:33","guid":{"rendered":"https:\/\/www.lasoufflerie.com\/product\/gorgillon\/"},"modified":"2026-02-17T10:03:08","modified_gmt":"2026-02-17T09:03:08","slug":"gorgillon","status":"publish","type":"product","link":"https:\/\/www.lasoufflerie.com\/fr\/produit\/gorgillon\/","title":{"rendered":"Gorgillon"},"content":{"rendered":"<p data-path-to-node=\"3\">D\u00e9couvrez Gorgillon, votre nouveau verre polyvalent pr\u00e9f\u00e9r\u00e9. Avec son pied conique robuste et son large calice accueillant, ce verre est con\u00e7u pour r\u00e9sister \u00e0 l&rsquo;usage intensif d&rsquo;une cuisine anim\u00e9e. Que ce soit pour votre eau du matin, un verre de ros\u00e9 frais ou un simple dessert, ce verre apporte une touche artisanale et authentique \u00e0 votre table.  <\/p>\n<p data-path-to-node=\"4\">La beaut\u00e9 de Gorgillon r\u00e9side dans sa transparence et sa simplicit\u00e9 : le verre \u00e9pais et recycl\u00e9 capte la lumi\u00e8re, r\u00e9v\u00e9lant de subtiles volutes et de minuscules bulles d\u2019air qui t\u00e9moignent de sa fabrication artisanale. V\u00e9ritable pi\u00e8ce ma\u00eetresse de la collection La Soufflerie, con\u00e7ue pour \u00eatre utilis\u00e9e, appr\u00e9ci\u00e9e et expos\u00e9e. <\/p>\n","protected":false},"excerpt":{"rendered":"<p>D\u00e9couvrez Gorgillon, votre nouveau verre polyvalent pr\u00e9f\u00e9r\u00e9. Avec son pied conique robuste et son large calice accueillant, ce verre est con\u00e7u pour r\u00e9sister \u00e0 l&rsquo;usage intensif d&rsquo;une cuisine anim\u00e9e. Que ce soit pour votre eau du matin, un verre de ros\u00e9 frais ou un simple dessert, ce verre apporte une touche artisanale et authentique \u00e0 [&hellip;]<\/p>\n","protected":false},"featured_media":73809,"template":"","meta":{"_acf_changed":false},"product_brand":[],"product_cat":[1187,1622,1617,242,246,1215],"product_tag":[],"class_list":{"0":"post-75269","1":"product","2":"type-product","3":"status-publish","4":"has-post-thumbnail","6":"product_cat-bowls","7":"product_cat-the-shop","8":"product_cat-new-collection-handmade-recycled-glass","9":"product_cat-drinkware","10":"product_cat-tableware","11":"product_cat-stem-glasses-drinkware-champagne-wine-glasses-recycled-glass","12":"product_shipping_class-medium-product","13":"pa_colour-transparent","14":"pa_made-of-glass","15":"pa_size-medium","17":"first","18":"instock","19":"taxable","20":"shipping-taxable","21":"purchasable","22":"product-type-simple"},"acf":[],"yoast_head":"<!-- This site is optimized with the Yoast SEO plugin v27.1.1 - https:\/\/yoast.com\/product\/yoast-seo-wordpress\/ -->\n<title>Gorgillon - La Soufflerie - Verre recycl\u00e9 souffl\u00e9 \u00e0 la bouche<\/title>\n<meta name=\"description\" content=\"Gorgillon est un verre \u00e0 pied fabriqu\u00e9 \u00e0 partir de verre 100% recycl\u00e9, alliant savoir-faire artisanal, \u00e9l\u00e9gance et fonctionnalit\u00e9 au quotidien.\" \/>\n<meta name=\"robots\" content=\"index, follow, max-snippet:-1, max-image-preview:large, max-video-preview:-1\" \/>\n<link rel=\"canonical\" href=\"https:\/\/www.lasoufflerie.com\/fr\/produit\/gorgillon\/\" \/>\n<meta property=\"og:locale\" content=\"fr_FR\" \/>\n<meta property=\"og:type\" content=\"article\" \/>\n<meta property=\"og:title\" content=\"Gorgillon - La Soufflerie - Verre recycl\u00e9 souffl\u00e9 \u00e0 la bouche\" \/>\n<meta property=\"og:description\" content=\"Gorgillon est un verre \u00e0 pied fabriqu\u00e9 \u00e0 partir de verre 100% recycl\u00e9, alliant savoir-faire artisanal, \u00e9l\u00e9gance et fonctionnalit\u00e9 au quotidien.\" \/>\n<meta property=\"og:url\" content=\"https:\/\/www.lasoufflerie.com\/fr\/produit\/gorgillon\/\" \/>\n<meta property=\"og:site_name\" content=\"La Soufflerie\" \/>\n<meta property=\"article:publisher\" content=\"https:\/\/facebook.com\/lasoufflerie\" \/>\n<meta property=\"article:modified_time\" content=\"2026-02-17T09:03:08+00:00\" \/>\n<meta property=\"og:image\" content=\"https:\/\/www.lasoufflerie.com\/wp-content\/uploads\/2026\/01\/Gorgillon-3-scaled.jpg\" \/>\n\t<meta property=\"og:image:width\" content=\"1920\" \/>\n\t<meta property=\"og:image:height\" content=\"2560\" \/>\n\t<meta property=\"og:image:type\" content=\"image\/jpeg\" \/>\n<meta name=\"twitter:card\" content=\"summary_large_image\" \/>\n<meta name=\"twitter:site\" content=\"@lasoufflerie\" \/>\n<meta name=\"twitter:label1\" content=\"Dur\u00e9e de lecture estim\u00e9e\" \/>\n\t<meta name=\"twitter:data1\" content=\"1 minute\" \/>\n<script type=\"application\/ld+json\" class=\"yoast-schema-graph\">{\"@context\":\"https:\/\/schema.org\",\"@graph\":[{\"@type\":\"WebPage\",\"@id\":\"https:\/\/www.lasoufflerie.com\/fr\/produit\/gorgillon\/\",\"url\":\"https:\/\/www.lasoufflerie.com\/fr\/produit\/gorgillon\/\",\"name\":\"Gorgillon - La Soufflerie - Verre recycl\u00e9 souffl\u00e9 \u00e0 la bouche\",\"isPartOf\":{\"@id\":\"https:\/\/www.lasoufflerie.com\/fr\/#website\"},\"primaryImageOfPage\":{\"@id\":\"https:\/\/www.lasoufflerie.com\/fr\/produit\/gorgillon\/#primaryimage\"},\"image\":{\"@id\":\"https:\/\/www.lasoufflerie.com\/fr\/produit\/gorgillon\/#primaryimage\"},\"thumbnailUrl\":\"https:\/\/www.lasoufflerie.com\/wp-content\/uploads\/2026\/01\/Gorgillon-3-scaled.jpg\",\"datePublished\":\"2026-01-12T10:02:33+00:00\",\"dateModified\":\"2026-02-17T09:03:08+00:00\",\"description\":\"Gorgillon est un verre \u00e0 pied fabriqu\u00e9 \u00e0 partir de verre 100% recycl\u00e9, alliant savoir-faire artisanal, \u00e9l\u00e9gance et fonctionnalit\u00e9 au quotidien.\",\"breadcrumb\":{\"@id\":\"https:\/\/www.lasoufflerie.com\/fr\/produit\/gorgillon\/#breadcrumb\"},\"inLanguage\":\"fr-FR\",\"potentialAction\":[{\"@type\":\"ReadAction\",\"target\":[\"https:\/\/www.lasoufflerie.com\/fr\/produit\/gorgillon\/\"]}]},{\"@type\":\"ImageObject\",\"inLanguage\":\"fr-FR\",\"@id\":\"https:\/\/www.lasoufflerie.com\/fr\/produit\/gorgillon\/#primaryimage\",\"url\":\"https:\/\/www.lasoufflerie.com\/wp-content\/uploads\/2026\/01\/Gorgillon-3-scaled.jpg\",\"contentUrl\":\"https:\/\/www.lasoufflerie.com\/wp-content\/uploads\/2026\/01\/Gorgillon-3-scaled.jpg\",\"width\":1920,\"height\":2560,\"caption\":\"Edited in Tezza with: Mood, Brightness, Contrast, &amp; Grain\"},{\"@type\":\"BreadcrumbList\",\"@id\":\"https:\/\/www.lasoufflerie.com\/fr\/produit\/gorgillon\/#breadcrumb\",\"itemListElement\":[{\"@type\":\"ListItem\",\"position\":1,\"name\":\"Home\",\"item\":\"https:\/\/www.lasoufflerie.com\/fr\/\"},{\"@type\":\"ListItem\",\"position\":2,\"name\":\"Shop all\",\"item\":\"https:\/\/www.lasoufflerie.com\/fr\/boutique\/\"},{\"@type\":\"ListItem\",\"position\":3,\"name\":\"Gorgillon\"}]},{\"@type\":\"WebSite\",\"@id\":\"https:\/\/www.lasoufflerie.com\/fr\/#website\",\"url\":\"https:\/\/www.lasoufflerie.com\/fr\/\",\"name\":\"La Soufflerie\",\"description\":\"Glass blowing craft\",\"publisher\":{\"@id\":\"https:\/\/www.lasoufflerie.com\/fr\/#organization\"},\"potentialAction\":[{\"@type\":\"SearchAction\",\"target\":{\"@type\":\"EntryPoint\",\"urlTemplate\":\"https:\/\/www.lasoufflerie.com\/fr\/?s={search_term_string}\"},\"query-input\":{\"@type\":\"PropertyValueSpecification\",\"valueRequired\":true,\"valueName\":\"search_term_string\"}}],\"inLanguage\":\"fr-FR\"},{\"@type\":\"Organization\",\"@id\":\"https:\/\/www.lasoufflerie.com\/fr\/#organization\",\"name\":\"La Soufflerie\",\"url\":\"https:\/\/www.lasoufflerie.com\/fr\/\",\"logo\":{\"@type\":\"ImageObject\",\"inLanguage\":\"fr-FR\",\"@id\":\"https:\/\/www.lasoufflerie.com\/fr\/#\/schema\/logo\/image\/\",\"url\":\"https:\/\/www.lasoufflerie.com\/wp-content\/uploads\/2023\/11\/Logo-La-Soufflerie-black.png\",\"contentUrl\":\"https:\/\/www.lasoufflerie.com\/wp-content\/uploads\/2023\/11\/Logo-La-Soufflerie-black.png\",\"width\":2362,\"height\":2362,\"caption\":\"La Soufflerie\"},\"image\":{\"@id\":\"https:\/\/www.lasoufflerie.com\/fr\/#\/schema\/logo\/image\/\"},\"sameAs\":[\"https:\/\/facebook.com\/lasoufflerie\",\"https:\/\/x.com\/lasoufflerie\",\"https:\/\/instagram.com\/lasoufflerie\",\"https:\/\/www.linkedin.com\/company\/9327780?trk=tyah&amp;amp;amp;trkInfo=clickedVertical:company,clickedEntityId:9327780,idx:2-1-2,tarId:1458824308330,tas:lasouff\",\"https:\/\/pinterest.com\/lasoufflerie\"]}]}<\/script>\n<!-- \/ Yoast SEO plugin. -->","yoast_head_json":{"title":"Gorgillon - La Soufflerie - Verre recycl\u00e9 souffl\u00e9 \u00e0 la bouche","description":"Gorgillon est un verre \u00e0 pied fabriqu\u00e9 \u00e0 partir de verre 100% recycl\u00e9, alliant savoir-faire artisanal, \u00e9l\u00e9gance et fonctionnalit\u00e9 au quotidien.","robots":{"index":"index","follow":"follow","max-snippet":"max-snippet:-1","max-image-preview":"max-image-preview:large","max-video-preview":"max-video-preview:-1"},"canonical":"https:\/\/www.lasoufflerie.com\/fr\/produit\/gorgillon\/","og_locale":"fr_FR","og_type":"article","og_title":"Gorgillon - La Soufflerie - Verre recycl\u00e9 souffl\u00e9 \u00e0 la bouche","og_description":"Gorgillon est un verre \u00e0 pied fabriqu\u00e9 \u00e0 partir de verre 100% recycl\u00e9, alliant savoir-faire artisanal, \u00e9l\u00e9gance et fonctionnalit\u00e9 au quotidien.","og_url":"https:\/\/www.lasoufflerie.com\/fr\/produit\/gorgillon\/","og_site_name":"La Soufflerie","article_publisher":"https:\/\/facebook.com\/lasoufflerie","article_modified_time":"2026-02-17T09:03:08+00:00","og_image":[{"width":1920,"height":2560,"url":"https:\/\/www.lasoufflerie.com\/wp-content\/uploads\/2026\/01\/Gorgillon-3-scaled.jpg","type":"image\/jpeg"}],"twitter_card":"summary_large_image","twitter_site":"@lasoufflerie","twitter_misc":{"Dur\u00e9e de lecture estim\u00e9e":"1 minute"},"schema":{"@context":"https:\/\/schema.org","@graph":[{"@type":"WebPage","@id":"https:\/\/www.lasoufflerie.com\/fr\/produit\/gorgillon\/","url":"https:\/\/www.lasoufflerie.com\/fr\/produit\/gorgillon\/","name":"Gorgillon - La Soufflerie - Verre recycl\u00e9 souffl\u00e9 \u00e0 la bouche","isPartOf":{"@id":"https:\/\/www.lasoufflerie.com\/fr\/#website"},"primaryImageOfPage":{"@id":"https:\/\/www.lasoufflerie.com\/fr\/produit\/gorgillon\/#primaryimage"},"image":{"@id":"https:\/\/www.lasoufflerie.com\/fr\/produit\/gorgillon\/#primaryimage"},"thumbnailUrl":"https:\/\/www.lasoufflerie.com\/wp-content\/uploads\/2026\/01\/Gorgillon-3-scaled.jpg","datePublished":"2026-01-12T10:02:33+00:00","dateModified":"2026-02-17T09:03:08+00:00","description":"Gorgillon est un verre \u00e0 pied fabriqu\u00e9 \u00e0 partir de verre 100% recycl\u00e9, alliant savoir-faire artisanal, \u00e9l\u00e9gance et fonctionnalit\u00e9 au quotidien.","breadcrumb":{"@id":"https:\/\/www.lasoufflerie.com\/fr\/produit\/gorgillon\/#breadcrumb"},"inLanguage":"fr-FR","potentialAction":[{"@type":"ReadAction","target":["https:\/\/www.lasoufflerie.com\/fr\/produit\/gorgillon\/"]}]},{"@type":"ImageObject","inLanguage":"fr-FR","@id":"https:\/\/www.lasoufflerie.com\/fr\/produit\/gorgillon\/#primaryimage","url":"https:\/\/www.lasoufflerie.com\/wp-content\/uploads\/2026\/01\/Gorgillon-3-scaled.jpg","contentUrl":"https:\/\/www.lasoufflerie.com\/wp-content\/uploads\/2026\/01\/Gorgillon-3-scaled.jpg","width":1920,"height":2560,"caption":"Edited in Tezza with: Mood, Brightness, Contrast, &amp; Grain"},{"@type":"BreadcrumbList","@id":"https:\/\/www.lasoufflerie.com\/fr\/produit\/gorgillon\/#breadcrumb","itemListElement":[{"@type":"ListItem","position":1,"name":"Home","item":"https:\/\/www.lasoufflerie.com\/fr\/"},{"@type":"ListItem","position":2,"name":"Shop all","item":"https:\/\/www.lasoufflerie.com\/fr\/boutique\/"},{"@type":"ListItem","position":3,"name":"Gorgillon"}]},{"@type":"WebSite","@id":"https:\/\/www.lasoufflerie.com\/fr\/#website","url":"https:\/\/www.lasoufflerie.com\/fr\/","name":"La Soufflerie","description":"Glass blowing craft","publisher":{"@id":"https:\/\/www.lasoufflerie.com\/fr\/#organization"},"potentialAction":[{"@type":"SearchAction","target":{"@type":"EntryPoint","urlTemplate":"https:\/\/www.lasoufflerie.com\/fr\/?s={search_term_string}"},"query-input":{"@type":"PropertyValueSpecification","valueRequired":true,"valueName":"search_term_string"}}],"inLanguage":"fr-FR"},{"@type":"Organization","@id":"https:\/\/www.lasoufflerie.com\/fr\/#organization","name":"La Soufflerie","url":"https:\/\/www.lasoufflerie.com\/fr\/","logo":{"@type":"ImageObject","inLanguage":"fr-FR","@id":"https:\/\/www.lasoufflerie.com\/fr\/#\/schema\/logo\/image\/","url":"https:\/\/www.lasoufflerie.com\/wp-content\/uploads\/2023\/11\/Logo-La-Soufflerie-black.png","contentUrl":"https:\/\/www.lasoufflerie.com\/wp-content\/uploads\/2023\/11\/Logo-La-Soufflerie-black.png","width":2362,"height":2362,"caption":"La Soufflerie"},"image":{"@id":"https:\/\/www.lasoufflerie.com\/fr\/#\/schema\/logo\/image\/"},"sameAs":["https:\/\/facebook.com\/lasoufflerie","https:\/\/x.com\/lasoufflerie","https:\/\/instagram.com\/lasoufflerie","https:\/\/www.linkedin.com\/company\/9327780?trk=tyah&amp;amp;amp;trkInfo=clickedVertical:company,clickedEntityId:9327780,idx:2-1-2,tarId:1458824308330,tas:lasouff","https:\/\/pinterest.com\/lasoufflerie"]}]}},"_links":{"self":[{"href":"https:\/\/www.lasoufflerie.com\/fr\/wp-json\/wp\/v2\/product\/75269","targetHints":{"allow":["GET"]}}],"collection":[{"href":"https:\/\/www.lasoufflerie.com\/fr\/wp-json\/wp\/v2\/product"}],"about":[{"href":"https:\/\/www.lasoufflerie.com\/fr\/wp-json\/wp\/v2\/types\/product"}],"version-history":[{"count":1,"href":"https:\/\/www.lasoufflerie.com\/fr\/wp-json\/wp\/v2\/product\/75269\/revisions"}],"predecessor-version":[{"id":75311,"href":"https:\/\/www.lasoufflerie.com\/fr\/wp-json\/wp\/v2\/product\/75269\/revisions\/75311"}],"wp:featuredmedia":[{"embeddable":true,"href":"https:\/\/www.lasoufflerie.com\/fr\/wp-json\/wp\/v2\/media\/73809"}],"wp:attachment":[{"href":"https:\/\/www.lasoufflerie.com\/fr\/wp-json\/wp\/v2\/media?parent=75269"}],"wp:term":[{"taxonomy":"product_brand","embeddable":true,"href":"https:\/\/www.lasoufflerie.com\/fr\/wp-json\/wp\/v2\/product_brand?post=75269"},{"taxonomy":"product_cat","embeddable":true,"href":"https:\/\/www.lasoufflerie.com\/fr\/wp-json\/wp\/v2\/product_cat?post=75269"},{"taxonomy":"product_tag","embeddable":true,"href":"https:\/\/www.lasoufflerie.com\/fr\/wp-json\/wp\/v2\/product_tag?post=75269"}],"curies":[{"name":"wp","href":"https:\/\/api.w.org\/{rel}","templated":true}]}}