{"id":75614,"date":"2026-03-09T10:41:11","date_gmt":"2026-03-09T09:41:11","guid":{"rendered":"https:\/\/www.lasoufflerie.com\/?post_type=product&#038;p=75614"},"modified":"2026-04-13T15:56:55","modified_gmt":"2026-04-13T13:56:55","slug":"egouttoir","status":"publish","type":"product","link":"https:\/\/www.lasoufflerie.com\/fr\/produit\/egouttoir\/","title":{"rendered":"\u00c9gouttoir"},"content":{"rendered":"<p>L&rsquo;<b>\u00c9gouttoir<\/b> de La Soufflerie est une r\u00e9ponse \u00e9l\u00e9gante et durable aux exigences d&rsquo;une cuisine fonctionnelle. Inspir\u00e9 d&rsquo;un ustensile simple et appr\u00e9ci\u00e9 (l&rsquo;\u00e9gouttoir en inox), cet <b>\u00e9gouttoir<\/b> r\u00e9invente le concept en une pi\u00e8ce <b>artisanale en terre cuite<\/b>, alliant qualit\u00e9 et style intemporel. <\/p>\n<p><b>L&rsquo;\u00c9gouttoir<\/b> est un parfait exemple de design fran\u00e7ais et de fonctionnalit\u00e9 durable. Ses subtiles irr\u00e9gularit\u00e9s t\u00e9moignent de sa <b>fabrication artisanale,<\/b> faisant de cette pi\u00e8ce unique et de grande qualit\u00e9 un ajout pr\u00e9cieux \u00e0 votre cuisine <b>\u00e9coresponsable<\/b>. <\/p>\n","protected":false},"excerpt":{"rendered":"<p>L&rsquo;\u00c9gouttoir de La Soufflerie est une r\u00e9ponse \u00e9l\u00e9gante et durable aux exigences d&rsquo;une cuisine fonctionnelle. Inspir\u00e9 d&rsquo;un ustensile simple et appr\u00e9ci\u00e9 (l&rsquo;\u00e9gouttoir en inox), cet \u00e9gouttoir r\u00e9invente le concept en une pi\u00e8ce artisanale en terre cuite, alliant qualit\u00e9 et style intemporel. L&rsquo;\u00c9gouttoir est un parfait exemple de design fran\u00e7ais et de fonctionnalit\u00e9 durable. Ses subtiles [&hellip;]<\/p>\n","protected":false},"featured_media":75632,"template":"","meta":{"_acf_changed":false},"product_brand":[],"product_cat":[1274,1623,1618,1630,1311],"product_tag":[],"class_list":{"0":"post-75614","1":"product","2":"type-product","3":"status-publish","4":"has-post-thumbnail","6":"product_cat-accessories-fr","7":"product_cat-la-boutique","8":"product_cat-nouvelle-collection-fait-main-verre-recycle","9":"product_cat-terre-cuites","10":"product_cat-vaisselle","11":"product_shipping_class-medium-product-fr","12":"pa_colour-vert","13":"pa_made-of-terre-cuite","14":"pa_size-medium-fr","16":"first","17":"instock","18":"taxable","19":"shipping-taxable","20":"purchasable","21":"product-type-simple"},"acf":[],"yoast_head":"<!-- This site is optimized with the Yoast SEO plugin v27.3 - https:\/\/yoast.com\/product\/yoast-seo-wordpress\/ -->\n<title>\u00c9gouttoir - La Soufflerie - Terre cuite faite \u00e0 la main<\/title>\n<meta name=\"description\" content=\"D\u00e9couvrez l&#039;\u00c9gouttoir de La Soufflerie. Fait \u00e0 la main en terre cuite par nos ma\u00eetres artisans et disponible pour une exp\u00e9dition \u00e0 la international.\" \/>\n<meta name=\"robots\" content=\"index, follow, max-snippet:-1, max-image-preview:large, max-video-preview:-1\" \/>\n<link rel=\"canonical\" href=\"https:\/\/www.lasoufflerie.com\/fr\/produit\/egouttoir\/\" \/>\n<meta property=\"og:locale\" content=\"fr_FR\" \/>\n<meta property=\"og:type\" content=\"article\" \/>\n<meta property=\"og:title\" content=\"\u00c9gouttoir - La Soufflerie - Terre cuite faite \u00e0 la main\" \/>\n<meta property=\"og:description\" content=\"D\u00e9couvrez l&#039;\u00c9gouttoir de La Soufflerie. Fait \u00e0 la main en terre cuite par nos ma\u00eetres artisans et disponible pour une exp\u00e9dition \u00e0 la international.\" \/>\n<meta property=\"og:url\" content=\"https:\/\/www.lasoufflerie.com\/fr\/produit\/egouttoir\/\" \/>\n<meta property=\"og:site_name\" content=\"La Soufflerie\" \/>\n<meta property=\"article:publisher\" content=\"https:\/\/facebook.com\/lasoufflerie\" \/>\n<meta property=\"article:modified_time\" content=\"2026-04-13T13:56:55+00:00\" \/>\n<meta property=\"og:image\" content=\"https:\/\/www.lasoufflerie.com\/wp-content\/uploads\/2025\/11\/egouttoir-terracotta-scaled.jpg\" \/>\n\t<meta property=\"og:image:width\" content=\"1920\" \/>\n\t<meta property=\"og:image:height\" content=\"2560\" \/>\n\t<meta property=\"og:image:type\" content=\"image\/jpeg\" \/>\n<meta name=\"twitter:card\" content=\"summary_large_image\" \/>\n<meta name=\"twitter:site\" content=\"@lasoufflerie\" \/>\n<script type=\"application\/ld+json\" class=\"yoast-schema-graph\">{\"@context\":\"https:\\\/\\\/schema.org\",\"@graph\":[{\"@type\":\"WebPage\",\"@id\":\"https:\\\/\\\/www.lasoufflerie.com\\\/fr\\\/produit\\\/egouttoir\\\/\",\"url\":\"https:\\\/\\\/www.lasoufflerie.com\\\/fr\\\/produit\\\/egouttoir\\\/\",\"name\":\"\u00c9gouttoir - La Soufflerie - Terre cuite faite \u00e0 la main\",\"isPartOf\":{\"@id\":\"https:\\\/\\\/www.lasoufflerie.com\\\/fr\\\/#website\"},\"primaryImageOfPage\":{\"@id\":\"https:\\\/\\\/www.lasoufflerie.com\\\/fr\\\/produit\\\/egouttoir\\\/#primaryimage\"},\"image\":{\"@id\":\"https:\\\/\\\/www.lasoufflerie.com\\\/fr\\\/produit\\\/egouttoir\\\/#primaryimage\"},\"thumbnailUrl\":\"https:\\\/\\\/www.lasoufflerie.com\\\/wp-content\\\/uploads\\\/2026\\\/03\\\/3.jpg\",\"datePublished\":\"2026-03-09T09:41:11+00:00\",\"dateModified\":\"2026-04-13T13:56:55+00:00\",\"description\":\"D\u00e9couvrez l'\u00c9gouttoir de La Soufflerie. Fait \u00e0 la main en terre cuite par nos ma\u00eetres artisans et disponible pour une exp\u00e9dition \u00e0 la international.\",\"breadcrumb\":{\"@id\":\"https:\\\/\\\/www.lasoufflerie.com\\\/fr\\\/produit\\\/egouttoir\\\/#breadcrumb\"},\"inLanguage\":\"fr-FR\",\"potentialAction\":[{\"@type\":\"ReadAction\",\"target\":[\"https:\\\/\\\/www.lasoufflerie.com\\\/fr\\\/produit\\\/egouttoir\\\/\"]}]},{\"@type\":\"ImageObject\",\"inLanguage\":\"fr-FR\",\"@id\":\"https:\\\/\\\/www.lasoufflerie.com\\\/fr\\\/produit\\\/egouttoir\\\/#primaryimage\",\"url\":\"https:\\\/\\\/www.lasoufflerie.com\\\/wp-content\\\/uploads\\\/2026\\\/03\\\/3.jpg\",\"contentUrl\":\"https:\\\/\\\/www.lasoufflerie.com\\\/wp-content\\\/uploads\\\/2026\\\/03\\\/3.jpg\",\"width\":1216,\"height\":1621},{\"@type\":\"BreadcrumbList\",\"@id\":\"https:\\\/\\\/www.lasoufflerie.com\\\/fr\\\/produit\\\/egouttoir\\\/#breadcrumb\",\"itemListElement\":[{\"@type\":\"ListItem\",\"position\":1,\"name\":\"Home\",\"item\":\"https:\\\/\\\/www.lasoufflerie.com\\\/fr\\\/\"},{\"@type\":\"ListItem\",\"position\":2,\"name\":\"Shop all\",\"item\":\"https:\\\/\\\/www.lasoufflerie.com\\\/fr\\\/boutique\\\/\"},{\"@type\":\"ListItem\",\"position\":3,\"name\":\"\u00c9gouttoir\"}]},{\"@type\":\"WebSite\",\"@id\":\"https:\\\/\\\/www.lasoufflerie.com\\\/fr\\\/#website\",\"url\":\"https:\\\/\\\/www.lasoufflerie.com\\\/fr\\\/\",\"name\":\"La Soufflerie\",\"description\":\"Glass blowing craft\",\"publisher\":{\"@id\":\"https:\\\/\\\/www.lasoufflerie.com\\\/fr\\\/#organization\"},\"potentialAction\":[{\"@type\":\"SearchAction\",\"target\":{\"@type\":\"EntryPoint\",\"urlTemplate\":\"https:\\\/\\\/www.lasoufflerie.com\\\/fr\\\/?s={search_term_string}\"},\"query-input\":{\"@type\":\"PropertyValueSpecification\",\"valueRequired\":true,\"valueName\":\"search_term_string\"}}],\"inLanguage\":\"fr-FR\"},{\"@type\":\"Organization\",\"@id\":\"https:\\\/\\\/www.lasoufflerie.com\\\/fr\\\/#organization\",\"name\":\"La Soufflerie\",\"url\":\"https:\\\/\\\/www.lasoufflerie.com\\\/fr\\\/\",\"logo\":{\"@type\":\"ImageObject\",\"inLanguage\":\"fr-FR\",\"@id\":\"https:\\\/\\\/www.lasoufflerie.com\\\/fr\\\/#\\\/schema\\\/logo\\\/image\\\/\",\"url\":\"https:\\\/\\\/www.lasoufflerie.com\\\/wp-content\\\/uploads\\\/2023\\\/11\\\/Logo-La-Soufflerie-black.png\",\"contentUrl\":\"https:\\\/\\\/www.lasoufflerie.com\\\/wp-content\\\/uploads\\\/2023\\\/11\\\/Logo-La-Soufflerie-black.png\",\"width\":2362,\"height\":2362,\"caption\":\"La Soufflerie\"},\"image\":{\"@id\":\"https:\\\/\\\/www.lasoufflerie.com\\\/fr\\\/#\\\/schema\\\/logo\\\/image\\\/\"},\"sameAs\":[\"https:\\\/\\\/facebook.com\\\/lasoufflerie\",\"https:\\\/\\\/x.com\\\/lasoufflerie\",\"https:\\\/\\\/instagram.com\\\/lasoufflerie\",\"https:\\\/\\\/www.linkedin.com\\\/company\\\/9327780?trk=tyah&amp;amp;amp;trkInfo=clickedVertical:company,clickedEntityId:9327780,idx:2-1-2,tarId:1458824308330,tas:lasouff\",\"https:\\\/\\\/pinterest.com\\\/lasoufflerie\"]}]}<\/script>\n<!-- \/ Yoast SEO plugin. -->","yoast_head_json":{"title":"\u00c9gouttoir - La Soufflerie - Terre cuite faite \u00e0 la main","description":"D\u00e9couvrez l'\u00c9gouttoir de La Soufflerie. Fait \u00e0 la main en terre cuite par nos ma\u00eetres artisans et disponible pour une exp\u00e9dition \u00e0 la international.","robots":{"index":"index","follow":"follow","max-snippet":"max-snippet:-1","max-image-preview":"max-image-preview:large","max-video-preview":"max-video-preview:-1"},"canonical":"https:\/\/www.lasoufflerie.com\/fr\/produit\/egouttoir\/","og_locale":"fr_FR","og_type":"article","og_title":"\u00c9gouttoir - La Soufflerie - Terre cuite faite \u00e0 la main","og_description":"D\u00e9couvrez l'\u00c9gouttoir de La Soufflerie. Fait \u00e0 la main en terre cuite par nos ma\u00eetres artisans et disponible pour une exp\u00e9dition \u00e0 la international.","og_url":"https:\/\/www.lasoufflerie.com\/fr\/produit\/egouttoir\/","og_site_name":"La Soufflerie","article_publisher":"https:\/\/facebook.com\/lasoufflerie","article_modified_time":"2026-04-13T13:56:55+00:00","og_image":[{"width":1920,"height":2560,"url":"https:\/\/www.lasoufflerie.com\/wp-content\/uploads\/2025\/11\/egouttoir-terracotta-scaled.jpg","type":"image\/jpeg"}],"twitter_card":"summary_large_image","twitter_site":"@lasoufflerie","schema":{"@context":"https:\/\/schema.org","@graph":[{"@type":"WebPage","@id":"https:\/\/www.lasoufflerie.com\/fr\/produit\/egouttoir\/","url":"https:\/\/www.lasoufflerie.com\/fr\/produit\/egouttoir\/","name":"\u00c9gouttoir - La Soufflerie - Terre cuite faite \u00e0 la main","isPartOf":{"@id":"https:\/\/www.lasoufflerie.com\/fr\/#website"},"primaryImageOfPage":{"@id":"https:\/\/www.lasoufflerie.com\/fr\/produit\/egouttoir\/#primaryimage"},"image":{"@id":"https:\/\/www.lasoufflerie.com\/fr\/produit\/egouttoir\/#primaryimage"},"thumbnailUrl":"https:\/\/www.lasoufflerie.com\/wp-content\/uploads\/2026\/03\/3.jpg","datePublished":"2026-03-09T09:41:11+00:00","dateModified":"2026-04-13T13:56:55+00:00","description":"D\u00e9couvrez l'\u00c9gouttoir de La Soufflerie. Fait \u00e0 la main en terre cuite par nos ma\u00eetres artisans et disponible pour une exp\u00e9dition \u00e0 la international.","breadcrumb":{"@id":"https:\/\/www.lasoufflerie.com\/fr\/produit\/egouttoir\/#breadcrumb"},"inLanguage":"fr-FR","potentialAction":[{"@type":"ReadAction","target":["https:\/\/www.lasoufflerie.com\/fr\/produit\/egouttoir\/"]}]},{"@type":"ImageObject","inLanguage":"fr-FR","@id":"https:\/\/www.lasoufflerie.com\/fr\/produit\/egouttoir\/#primaryimage","url":"https:\/\/www.lasoufflerie.com\/wp-content\/uploads\/2026\/03\/3.jpg","contentUrl":"https:\/\/www.lasoufflerie.com\/wp-content\/uploads\/2026\/03\/3.jpg","width":1216,"height":1621},{"@type":"BreadcrumbList","@id":"https:\/\/www.lasoufflerie.com\/fr\/produit\/egouttoir\/#breadcrumb","itemListElement":[{"@type":"ListItem","position":1,"name":"Home","item":"https:\/\/www.lasoufflerie.com\/fr\/"},{"@type":"ListItem","position":2,"name":"Shop all","item":"https:\/\/www.lasoufflerie.com\/fr\/boutique\/"},{"@type":"ListItem","position":3,"name":"\u00c9gouttoir"}]},{"@type":"WebSite","@id":"https:\/\/www.lasoufflerie.com\/fr\/#website","url":"https:\/\/www.lasoufflerie.com\/fr\/","name":"La Soufflerie","description":"Glass blowing craft","publisher":{"@id":"https:\/\/www.lasoufflerie.com\/fr\/#organization"},"potentialAction":[{"@type":"SearchAction","target":{"@type":"EntryPoint","urlTemplate":"https:\/\/www.lasoufflerie.com\/fr\/?s={search_term_string}"},"query-input":{"@type":"PropertyValueSpecification","valueRequired":true,"valueName":"search_term_string"}}],"inLanguage":"fr-FR"},{"@type":"Organization","@id":"https:\/\/www.lasoufflerie.com\/fr\/#organization","name":"La Soufflerie","url":"https:\/\/www.lasoufflerie.com\/fr\/","logo":{"@type":"ImageObject","inLanguage":"fr-FR","@id":"https:\/\/www.lasoufflerie.com\/fr\/#\/schema\/logo\/image\/","url":"https:\/\/www.lasoufflerie.com\/wp-content\/uploads\/2023\/11\/Logo-La-Soufflerie-black.png","contentUrl":"https:\/\/www.lasoufflerie.com\/wp-content\/uploads\/2023\/11\/Logo-La-Soufflerie-black.png","width":2362,"height":2362,"caption":"La Soufflerie"},"image":{"@id":"https:\/\/www.lasoufflerie.com\/fr\/#\/schema\/logo\/image\/"},"sameAs":["https:\/\/facebook.com\/lasoufflerie","https:\/\/x.com\/lasoufflerie","https:\/\/instagram.com\/lasoufflerie","https:\/\/www.linkedin.com\/company\/9327780?trk=tyah&amp;amp;amp;trkInfo=clickedVertical:company,clickedEntityId:9327780,idx:2-1-2,tarId:1458824308330,tas:lasouff","https:\/\/pinterest.com\/lasoufflerie"]}]}},"_links":{"self":[{"href":"https:\/\/www.lasoufflerie.com\/fr\/wp-json\/wp\/v2\/product\/75614","targetHints":{"allow":["GET"]}}],"collection":[{"href":"https:\/\/www.lasoufflerie.com\/fr\/wp-json\/wp\/v2\/product"}],"about":[{"href":"https:\/\/www.lasoufflerie.com\/fr\/wp-json\/wp\/v2\/types\/product"}],"version-history":[{"count":1,"href":"https:\/\/www.lasoufflerie.com\/fr\/wp-json\/wp\/v2\/product\/75614\/revisions"}],"predecessor-version":[{"id":75618,"href":"https:\/\/www.lasoufflerie.com\/fr\/wp-json\/wp\/v2\/product\/75614\/revisions\/75618"}],"wp:featuredmedia":[{"embeddable":true,"href":"https:\/\/www.lasoufflerie.com\/fr\/wp-json\/wp\/v2\/media\/75632"}],"wp:attachment":[{"href":"https:\/\/www.lasoufflerie.com\/fr\/wp-json\/wp\/v2\/media?parent=75614"}],"wp:term":[{"taxonomy":"product_brand","embeddable":true,"href":"https:\/\/www.lasoufflerie.com\/fr\/wp-json\/wp\/v2\/product_brand?post=75614"},{"taxonomy":"product_cat","embeddable":true,"href":"https:\/\/www.lasoufflerie.com\/fr\/wp-json\/wp\/v2\/product_cat?post=75614"},{"taxonomy":"product_tag","embeddable":true,"href":"https:\/\/www.lasoufflerie.com\/fr\/wp-json\/wp\/v2\/product_tag?post=75614"}],"curies":[{"name":"wp","href":"https:\/\/api.w.org\/{rel}","templated":true}]}}