{"id":76592,"date":"2026-05-13T14:28:02","date_gmt":"2026-05-13T12:28:02","guid":{"rendered":"https:\/\/www.lasoufflerie.com\/?post_type=product&#038;p=76592"},"modified":"2026-05-13T14:54:10","modified_gmt":"2026-05-13T12:54:10","slug":"the-philosopher-portrait-transparent","status":"publish","type":"product","link":"https:\/\/www.lasoufflerie.com\/fr\/produit\/the-philosopher-portrait-transparent\/","title":{"rendered":"The Philosopher Portrait Transparent"},"content":{"rendered":"<p>Le <strong>Philosopher Portrait Transparent <\/strong>est un buste en verre souffl\u00e9 \u00e0 la main, finement travaill\u00e9, qui peut \u00eatre pos\u00e9 sur une bouteille ou servir d&rsquo;objet d\u00e9coratif. Son design unique et complexe s&rsquo;inspire de la nature paisible et introspective d&rsquo;un moine m\u00e9lancolique.  <b><\/b><\/p>\n<p>Fabriqu\u00e9 \u00e0 partir de verre recycl\u00e9, le Portrait du Philosophe est con\u00e7u pour durer et constitue une pi\u00e8ce de verrerie unique et polyvalente. Sa construction robuste lui permet de r\u00e9sister \u00e0 un usage quotidien et \u00e0 des lavages r\u00e9guliers, tout en conservant sa beaut\u00e9.  <b><\/b><\/p>\n","protected":false},"excerpt":{"rendered":"<p>Le Philosopher Portrait Transparent est un buste en verre souffl\u00e9 \u00e0 la main, finement travaill\u00e9, qui peut \u00eatre pos\u00e9 sur une bouteille ou servir d&rsquo;objet d\u00e9coratif. Son design unique et complexe s&rsquo;inspire de la nature paisible et introspective d&rsquo;un moine m\u00e9lancolique. Fabriqu\u00e9 \u00e0 partir de verre recycl\u00e9, le Portrait du Philosophe est con\u00e7u pour durer [&hellip;]<\/p>\n","protected":false},"featured_media":76596,"template":"","meta":{"_acf_changed":false},"product_brand":[],"product_cat":[1626,1210,1622,1206,216],"product_tag":[],"class_list":{"0":"post-76592","1":"product","2":"type-product","3":"status-publish","4":"has-post-thumbnail","6":"product_cat-under-50e-gift-guide","7":"product_cat-lids-glass-terracotta-handmade","8":"product_cat-the-shop","9":"product_cat-decorative-heads","10":"product_cat-heads","11":"product_shipping_class-small-product","12":"pa_a-gift-for-him","13":"pa_a-gift-for-under-50e-la-soufflerie-gift-ideas","14":"pa_colour-transparent","15":"pa_made-of-glass","16":"pa_size-small","18":"first","19":"instock","20":"taxable","21":"shipping-taxable","22":"purchasable","23":"product-type-simple"},"acf":[],"yoast_head":"<!-- This site is optimized with the Yoast SEO plugin v27.5 - https:\/\/yoast.com\/product\/yoast-seo-wordpress\/ -->\n<title>The Philosopher Portrait Transparent - La Soufflerie- Verre recycl\u00e9 souffl\u00e9 \u00e0 la bouche<\/title>\n<meta name=\"description\" content=\"D\u00e9couvrez la sculpture transparente \u00ab Portrait du philosophe \u00bb. Fabriqu\u00e9e en verre recycl\u00e9 souffl\u00e9 \u00e0 la bouche par nos ma\u00eetres verriers, elle est disponible pour une livraison dans le monde entier.\" \/>\n<meta name=\"robots\" content=\"index, follow, max-snippet:-1, max-image-preview:large, max-video-preview:-1\" \/>\n<link rel=\"canonical\" href=\"https:\/\/www.lasoufflerie.com\/fr\/produit\/the-philosopher-portrait-transparent\/\" \/>\n<meta property=\"og:locale\" content=\"fr_FR\" \/>\n<meta property=\"og:type\" content=\"article\" \/>\n<meta property=\"og:title\" content=\"The Philosopher Portrait Transparent - La Soufflerie- Verre recycl\u00e9 souffl\u00e9 \u00e0 la bouche\" \/>\n<meta property=\"og:description\" content=\"D\u00e9couvrez la sculpture transparente \u00ab Portrait du philosophe \u00bb. Fabriqu\u00e9e en verre recycl\u00e9 souffl\u00e9 \u00e0 la bouche par nos ma\u00eetres verriers, elle est disponible pour une livraison dans le monde entier.\" \/>\n<meta property=\"og:url\" content=\"https:\/\/www.lasoufflerie.com\/fr\/produit\/the-philosopher-portrait-transparent\/\" \/>\n<meta property=\"og:site_name\" content=\"La Soufflerie\" \/>\n<meta property=\"article:publisher\" content=\"https:\/\/facebook.com\/lasoufflerie\" \/>\n<meta property=\"article:modified_time\" content=\"2026-05-13T12:54:10+00:00\" \/>\n<meta property=\"og:image\" content=\"https:\/\/www.lasoufflerie.com\/wp-content\/uploads\/2026\/05\/Philosopher-Portrait-Transparent-3-scaled.jpg\" \/>\n\t<meta property=\"og:image:width\" content=\"1707\" \/>\n\t<meta property=\"og:image:height\" content=\"2560\" \/>\n\t<meta property=\"og:image:type\" content=\"image\/jpeg\" \/>\n<meta name=\"twitter:card\" content=\"summary_large_image\" \/>\n<meta name=\"twitter:site\" content=\"@lasoufflerie\" \/>\n<meta name=\"twitter:label1\" content=\"Dur\u00e9e de lecture estim\u00e9e\" \/>\n\t<meta name=\"twitter:data1\" content=\"1 minute\" \/>\n<script type=\"application\/ld+json\" class=\"yoast-schema-graph\">{\"@context\":\"https:\\\/\\\/schema.org\",\"@graph\":[{\"@type\":\"WebPage\",\"@id\":\"https:\\\/\\\/www.lasoufflerie.com\\\/fr\\\/produit\\\/the-philosopher-portrait-transparent\\\/\",\"url\":\"https:\\\/\\\/www.lasoufflerie.com\\\/fr\\\/produit\\\/the-philosopher-portrait-transparent\\\/\",\"name\":\"The Philosopher Portrait Transparent - La Soufflerie- Verre recycl\u00e9 souffl\u00e9 \u00e0 la bouche\",\"isPartOf\":{\"@id\":\"https:\\\/\\\/www.lasoufflerie.com\\\/fr\\\/#website\"},\"primaryImageOfPage\":{\"@id\":\"https:\\\/\\\/www.lasoufflerie.com\\\/fr\\\/produit\\\/the-philosopher-portrait-transparent\\\/#primaryimage\"},\"image\":{\"@id\":\"https:\\\/\\\/www.lasoufflerie.com\\\/fr\\\/produit\\\/the-philosopher-portrait-transparent\\\/#primaryimage\"},\"thumbnailUrl\":\"https:\\\/\\\/www.lasoufflerie.com\\\/wp-content\\\/uploads\\\/2026\\\/05\\\/Philosopher-Portrait-Transparent-3-scaled.jpg\",\"datePublished\":\"2026-05-13T12:28:02+00:00\",\"dateModified\":\"2026-05-13T12:54:10+00:00\",\"description\":\"D\u00e9couvrez la sculpture transparente \u00ab Portrait du philosophe \u00bb. Fabriqu\u00e9e en verre recycl\u00e9 souffl\u00e9 \u00e0 la bouche par nos ma\u00eetres verriers, elle est disponible pour une livraison dans le monde entier.\",\"breadcrumb\":{\"@id\":\"https:\\\/\\\/www.lasoufflerie.com\\\/fr\\\/produit\\\/the-philosopher-portrait-transparent\\\/#breadcrumb\"},\"inLanguage\":\"fr-FR\",\"potentialAction\":[{\"@type\":\"ReadAction\",\"target\":[\"https:\\\/\\\/www.lasoufflerie.com\\\/fr\\\/produit\\\/the-philosopher-portrait-transparent\\\/\"]}]},{\"@type\":\"ImageObject\",\"inLanguage\":\"fr-FR\",\"@id\":\"https:\\\/\\\/www.lasoufflerie.com\\\/fr\\\/produit\\\/the-philosopher-portrait-transparent\\\/#primaryimage\",\"url\":\"https:\\\/\\\/www.lasoufflerie.com\\\/wp-content\\\/uploads\\\/2026\\\/05\\\/Philosopher-Portrait-Transparent-3-scaled.jpg\",\"contentUrl\":\"https:\\\/\\\/www.lasoufflerie.com\\\/wp-content\\\/uploads\\\/2026\\\/05\\\/Philosopher-Portrait-Transparent-3-scaled.jpg\",\"width\":1707,\"height\":2560,\"caption\":\"Edited in Tezza with: Mood, Grain, &amp; Brightness\"},{\"@type\":\"BreadcrumbList\",\"@id\":\"https:\\\/\\\/www.lasoufflerie.com\\\/fr\\\/produit\\\/the-philosopher-portrait-transparent\\\/#breadcrumb\",\"itemListElement\":[{\"@type\":\"ListItem\",\"position\":1,\"name\":\"Home\",\"item\":\"https:\\\/\\\/www.lasoufflerie.com\\\/fr\\\/\"},{\"@type\":\"ListItem\",\"position\":2,\"name\":\"Shop all\",\"item\":\"https:\\\/\\\/www.lasoufflerie.com\\\/fr\\\/boutique\\\/\"},{\"@type\":\"ListItem\",\"position\":3,\"name\":\"The Philosopher Portrait Transparent\"}]},{\"@type\":\"WebSite\",\"@id\":\"https:\\\/\\\/www.lasoufflerie.com\\\/fr\\\/#website\",\"url\":\"https:\\\/\\\/www.lasoufflerie.com\\\/fr\\\/\",\"name\":\"La Soufflerie\",\"description\":\"Glass blowing craft\",\"publisher\":{\"@id\":\"https:\\\/\\\/www.lasoufflerie.com\\\/fr\\\/#organization\"},\"potentialAction\":[{\"@type\":\"SearchAction\",\"target\":{\"@type\":\"EntryPoint\",\"urlTemplate\":\"https:\\\/\\\/www.lasoufflerie.com\\\/fr\\\/?s={search_term_string}\"},\"query-input\":{\"@type\":\"PropertyValueSpecification\",\"valueRequired\":true,\"valueName\":\"search_term_string\"}}],\"inLanguage\":\"fr-FR\"},{\"@type\":\"Organization\",\"@id\":\"https:\\\/\\\/www.lasoufflerie.com\\\/fr\\\/#organization\",\"name\":\"La Soufflerie\",\"url\":\"https:\\\/\\\/www.lasoufflerie.com\\\/fr\\\/\",\"logo\":{\"@type\":\"ImageObject\",\"inLanguage\":\"fr-FR\",\"@id\":\"https:\\\/\\\/www.lasoufflerie.com\\\/fr\\\/#\\\/schema\\\/logo\\\/image\\\/\",\"url\":\"https:\\\/\\\/www.lasoufflerie.com\\\/wp-content\\\/uploads\\\/2023\\\/11\\\/Logo-La-Soufflerie-black.png\",\"contentUrl\":\"https:\\\/\\\/www.lasoufflerie.com\\\/wp-content\\\/uploads\\\/2023\\\/11\\\/Logo-La-Soufflerie-black.png\",\"width\":2362,\"height\":2362,\"caption\":\"La Soufflerie\"},\"image\":{\"@id\":\"https:\\\/\\\/www.lasoufflerie.com\\\/fr\\\/#\\\/schema\\\/logo\\\/image\\\/\"},\"sameAs\":[\"https:\\\/\\\/facebook.com\\\/lasoufflerie\",\"https:\\\/\\\/x.com\\\/lasoufflerie\",\"https:\\\/\\\/instagram.com\\\/lasoufflerie\",\"https:\\\/\\\/www.linkedin.com\\\/company\\\/9327780?trk=tyah&amp;amp;amp;trkInfo=clickedVertical:company,clickedEntityId:9327780,idx:2-1-2,tarId:1458824308330,tas:lasouff\",\"https:\\\/\\\/pinterest.com\\\/lasoufflerie\"]}]}<\/script>\n<!-- \/ Yoast SEO plugin. -->","yoast_head_json":{"title":"The Philosopher Portrait Transparent - La Soufflerie- Verre recycl\u00e9 souffl\u00e9 \u00e0 la bouche","description":"D\u00e9couvrez la sculpture transparente \u00ab Portrait du philosophe \u00bb. Fabriqu\u00e9e en verre recycl\u00e9 souffl\u00e9 \u00e0 la bouche par nos ma\u00eetres verriers, elle est disponible pour une livraison dans le monde entier.","robots":{"index":"index","follow":"follow","max-snippet":"max-snippet:-1","max-image-preview":"max-image-preview:large","max-video-preview":"max-video-preview:-1"},"canonical":"https:\/\/www.lasoufflerie.com\/fr\/produit\/the-philosopher-portrait-transparent\/","og_locale":"fr_FR","og_type":"article","og_title":"The Philosopher Portrait Transparent - La Soufflerie- Verre recycl\u00e9 souffl\u00e9 \u00e0 la bouche","og_description":"D\u00e9couvrez la sculpture transparente \u00ab Portrait du philosophe \u00bb. Fabriqu\u00e9e en verre recycl\u00e9 souffl\u00e9 \u00e0 la bouche par nos ma\u00eetres verriers, elle est disponible pour une livraison dans le monde entier.","og_url":"https:\/\/www.lasoufflerie.com\/fr\/produit\/the-philosopher-portrait-transparent\/","og_site_name":"La Soufflerie","article_publisher":"https:\/\/facebook.com\/lasoufflerie","article_modified_time":"2026-05-13T12:54:10+00:00","og_image":[{"width":1707,"height":2560,"url":"https:\/\/www.lasoufflerie.com\/wp-content\/uploads\/2026\/05\/Philosopher-Portrait-Transparent-3-scaled.jpg","type":"image\/jpeg"}],"twitter_card":"summary_large_image","twitter_site":"@lasoufflerie","twitter_misc":{"Dur\u00e9e de lecture estim\u00e9e":"1 minute"},"schema":{"@context":"https:\/\/schema.org","@graph":[{"@type":"WebPage","@id":"https:\/\/www.lasoufflerie.com\/fr\/produit\/the-philosopher-portrait-transparent\/","url":"https:\/\/www.lasoufflerie.com\/fr\/produit\/the-philosopher-portrait-transparent\/","name":"The Philosopher Portrait Transparent - La Soufflerie- Verre recycl\u00e9 souffl\u00e9 \u00e0 la bouche","isPartOf":{"@id":"https:\/\/www.lasoufflerie.com\/fr\/#website"},"primaryImageOfPage":{"@id":"https:\/\/www.lasoufflerie.com\/fr\/produit\/the-philosopher-portrait-transparent\/#primaryimage"},"image":{"@id":"https:\/\/www.lasoufflerie.com\/fr\/produit\/the-philosopher-portrait-transparent\/#primaryimage"},"thumbnailUrl":"https:\/\/www.lasoufflerie.com\/wp-content\/uploads\/2026\/05\/Philosopher-Portrait-Transparent-3-scaled.jpg","datePublished":"2026-05-13T12:28:02+00:00","dateModified":"2026-05-13T12:54:10+00:00","description":"D\u00e9couvrez la sculpture transparente \u00ab Portrait du philosophe \u00bb. Fabriqu\u00e9e en verre recycl\u00e9 souffl\u00e9 \u00e0 la bouche par nos ma\u00eetres verriers, elle est disponible pour une livraison dans le monde entier.","breadcrumb":{"@id":"https:\/\/www.lasoufflerie.com\/fr\/produit\/the-philosopher-portrait-transparent\/#breadcrumb"},"inLanguage":"fr-FR","potentialAction":[{"@type":"ReadAction","target":["https:\/\/www.lasoufflerie.com\/fr\/produit\/the-philosopher-portrait-transparent\/"]}]},{"@type":"ImageObject","inLanguage":"fr-FR","@id":"https:\/\/www.lasoufflerie.com\/fr\/produit\/the-philosopher-portrait-transparent\/#primaryimage","url":"https:\/\/www.lasoufflerie.com\/wp-content\/uploads\/2026\/05\/Philosopher-Portrait-Transparent-3-scaled.jpg","contentUrl":"https:\/\/www.lasoufflerie.com\/wp-content\/uploads\/2026\/05\/Philosopher-Portrait-Transparent-3-scaled.jpg","width":1707,"height":2560,"caption":"Edited in Tezza with: Mood, Grain, &amp; Brightness"},{"@type":"BreadcrumbList","@id":"https:\/\/www.lasoufflerie.com\/fr\/produit\/the-philosopher-portrait-transparent\/#breadcrumb","itemListElement":[{"@type":"ListItem","position":1,"name":"Home","item":"https:\/\/www.lasoufflerie.com\/fr\/"},{"@type":"ListItem","position":2,"name":"Shop all","item":"https:\/\/www.lasoufflerie.com\/fr\/boutique\/"},{"@type":"ListItem","position":3,"name":"The Philosopher Portrait Transparent"}]},{"@type":"WebSite","@id":"https:\/\/www.lasoufflerie.com\/fr\/#website","url":"https:\/\/www.lasoufflerie.com\/fr\/","name":"La Soufflerie","description":"Glass blowing craft","publisher":{"@id":"https:\/\/www.lasoufflerie.com\/fr\/#organization"},"potentialAction":[{"@type":"SearchAction","target":{"@type":"EntryPoint","urlTemplate":"https:\/\/www.lasoufflerie.com\/fr\/?s={search_term_string}"},"query-input":{"@type":"PropertyValueSpecification","valueRequired":true,"valueName":"search_term_string"}}],"inLanguage":"fr-FR"},{"@type":"Organization","@id":"https:\/\/www.lasoufflerie.com\/fr\/#organization","name":"La Soufflerie","url":"https:\/\/www.lasoufflerie.com\/fr\/","logo":{"@type":"ImageObject","inLanguage":"fr-FR","@id":"https:\/\/www.lasoufflerie.com\/fr\/#\/schema\/logo\/image\/","url":"https:\/\/www.lasoufflerie.com\/wp-content\/uploads\/2023\/11\/Logo-La-Soufflerie-black.png","contentUrl":"https:\/\/www.lasoufflerie.com\/wp-content\/uploads\/2023\/11\/Logo-La-Soufflerie-black.png","width":2362,"height":2362,"caption":"La Soufflerie"},"image":{"@id":"https:\/\/www.lasoufflerie.com\/fr\/#\/schema\/logo\/image\/"},"sameAs":["https:\/\/facebook.com\/lasoufflerie","https:\/\/x.com\/lasoufflerie","https:\/\/instagram.com\/lasoufflerie","https:\/\/www.linkedin.com\/company\/9327780?trk=tyah&amp;amp;amp;trkInfo=clickedVertical:company,clickedEntityId:9327780,idx:2-1-2,tarId:1458824308330,tas:lasouff","https:\/\/pinterest.com\/lasoufflerie"]}]}},"_links":{"self":[{"href":"https:\/\/www.lasoufflerie.com\/fr\/wp-json\/wp\/v2\/product\/76592","targetHints":{"allow":["GET"]}}],"collection":[{"href":"https:\/\/www.lasoufflerie.com\/fr\/wp-json\/wp\/v2\/product"}],"about":[{"href":"https:\/\/www.lasoufflerie.com\/fr\/wp-json\/wp\/v2\/types\/product"}],"version-history":[{"count":2,"href":"https:\/\/www.lasoufflerie.com\/fr\/wp-json\/wp\/v2\/product\/76592\/revisions"}],"predecessor-version":[{"id":76603,"href":"https:\/\/www.lasoufflerie.com\/fr\/wp-json\/wp\/v2\/product\/76592\/revisions\/76603"}],"wp:featuredmedia":[{"embeddable":true,"href":"https:\/\/www.lasoufflerie.com\/fr\/wp-json\/wp\/v2\/media\/76596"}],"wp:attachment":[{"href":"https:\/\/www.lasoufflerie.com\/fr\/wp-json\/wp\/v2\/media?parent=76592"}],"wp:term":[{"taxonomy":"product_brand","embeddable":true,"href":"https:\/\/www.lasoufflerie.com\/fr\/wp-json\/wp\/v2\/product_brand?post=76592"},{"taxonomy":"product_cat","embeddable":true,"href":"https:\/\/www.lasoufflerie.com\/fr\/wp-json\/wp\/v2\/product_cat?post=76592"},{"taxonomy":"product_tag","embeddable":true,"href":"https:\/\/www.lasoufflerie.com\/fr\/wp-json\/wp\/v2\/product_tag?post=76592"}],"curies":[{"name":"wp","href":"https:\/\/api.w.org\/{rel}","templated":true}]}}